{"id":24750,"date":"2025-07-01T00:26:12","date_gmt":"2025-06-30T22:26:12","guid":{"rendered":"https:\/\/www.ferberpainting.com\/?post_type=product&#038;p=24750"},"modified":"2026-02-15T23:22:25","modified_gmt":"2026-02-15T22:22:25","slug":"paint-thinner","status":"publish","type":"product","link":"https:\/\/www.ferberpainting.com\/ee\/products\/paint-thinner\/","title":{"rendered":"V\u00e4rvi lahjendaja"},"content":{"rendered":"<p><strong><img decoding=\"async\" style=\"margin-right: 12px;\" src=\"https:\/\/www.ferberpainting.com\/wp-content\/uploads\/2026\/02\/Check.svg\" alt=\"\" width=\"18\" height=\"15\" \/>Optimaalne t\u00f5husus.<\/strong>\u00a0See v\u00e4rvi lahjendaja on spetsiaalselt loodud v\u00e4rvi lahjendamiseks, muutmata selle keemilist koostist v\u00f5i kattej\u00f5udu. See tagab ideaalse konsistentsi sujuvaks, triibuvabaks pealekandmiseks. Sobib ideaalselt lahustip\u00f5histe v\u00e4rvide, nagu alk\u00fc\u00fcdid, lakid, lakid ja t\u00f6\u00f6stuslikud pinnakatted, jaoks. T\u00e4nu oma kiirele toimele tagab see homogeense segu ja h\u00f5lbustab v\u00e4rvi pealekandmist pintsli, rulli v\u00f5i pihustusp\u00fcstoli abil.<\/p>\n<p><strong><img decoding=\"async\" style=\"margin-right: 12px;\" src=\"https:\/\/www.ferberpainting.com\/wp-content\/uploads\/2026\/02\/Check.svg\" alt=\"\" width=\"18\" height=\"15\" \/>Raha tagasi garantii.<\/strong>\u00a0Me usaldame t\u00e4ielikult meie v\u00e4rvilahusti t\u00f5husust. Kui p\u00e4rast kasutamist ei ole te tulemustega t\u00e4ielikult rahul, on teil \u00f5igus saada raha tagasi. Proovige meie toodet rahulikult ja nautige usaldusv\u00e4\u00e4rset ja t\u00f5husat lahendust k\u00f5igi oma v\u00e4rvimisvajaduste jaoks.<\/p>\n<p><strong><img decoding=\"async\" style=\"margin-right: 12px;\" src=\"https:\/\/www.ferberpainting.com\/wp-content\/uploads\/2026\/02\/Check.svg\" alt=\"\" width=\"18\" height=\"15\" \/>Erakordne mitmek\u00fclgsus.<\/strong>\u00a0See lahjendaja ei piirdu v\u00e4rvi lahjendamisega! See on efektiivne ka t\u00f6\u00f6vahendite, n\u00e4iteks pintslite, rullide, pihustusp\u00fcstolide ja muude seadmete puhastamiseks. Lisaks saab seda kasutada v\u00e4rviplekkide eemaldamiseks sellistelt pindadelt nagu metall, puit, PVC ja m\u00f5ned mittepoorsed kivid. See sobib ideaalselt lakkide lahjendamiseks ja nende kuivamise kiirendamiseks, tagades samal ajal veatu viimistluse.<\/p>\n<p><strong><img decoding=\"async\" style=\"margin-right: 12px;\" src=\"https:\/\/www.ferberpainting.com\/wp-content\/uploads\/2026\/02\/Check.svg\" alt=\"\" width=\"18\" height=\"15\" \/>Kuluefektiivne j\u00f5udlus.<\/strong>\u00a0T\u00e4nu oma k\u00f5rgele t\u00f5hususele aitab see lahjendaja v\u00e4hendada kasutatava v\u00e4rvi kogust, tagades samal ajal vedeliku ja \u00fchtlase pealekandmise. 5-liitrist kanistrit saab kasutada suure v\u00e4rvipinna puhul, s\u00f5ltuvalt tootja soovitatud lahjendusm\u00e4\u00e4rast. Keskmiselt piisab 100 kuni 250 ml lahjendajast \u00fche liitri v\u00e4rvi kohta, mis optimeerib kasutamist ja v\u00e4hendab tarnekulusid.<\/p>\n<p><strong><img decoding=\"async\" style=\"margin-right: 12px;\" src=\"https:\/\/www.ferberpainting.com\/wp-content\/uploads\/2026\/02\/Check.svg\" alt=\"\" width=\"18\" height=\"15\" \/>Ohutu kasutamine.<\/strong>\u00a0Erinevalt tavap\u00e4rastest lahjendajatest, mis eraldavad agressiivseid aurusid ja p\u00f5hjustavad naha\u00e4rritust, on see toode koostatud nii, et minimeerida terviseriske pealekandmise ajal. See ei sisalda s\u00f6\u00f6vitavaid aineid, mis v\u00f5ivad kahjustada v\u00e4rvitud pindu, ja vastab kehtivatele keskkonnastandarditele. Seda soovitatakse kasutada ventileeritavas ruumis, kuid see on kasutajatele ohutu, kui seda kasutatakse vastavalt juhistele.<\/p>\n<p><strong><img decoding=\"async\" style=\"margin-right: 12px;\" src=\"https:\/\/www.ferberpainting.com\/wp-content\/uploads\/2026\/02\/Check.svg\" alt=\"\" width=\"18\" height=\"15\" \/>Kasutamise lihtsus.<\/strong>\u00a0See toode on kasutusvalmis ja ei vaja erilist ettevalmistust. Lisage see lihtsalt otse v\u00e4rvile ja segage, kuni saavutate soovitud konsistentsi. Selle intuitiivne kasutamine teeb selle k\u00e4ttesaadavaks k\u00f5igile, nii professionaalidele kui ka siseruumides v\u00f5i \u00f5ues t\u00f6\u00f6tavatele heakorrat\u00f6\u00f6tajatele. Selle kiire t\u00f5husus tagab sileda ja \u00fchtlase viimistluse, ilma et see m\u00f5jutaks v\u00e4rvi katvust v\u00f5i haardumisomadusi.<\/p>\n<p><strong><img decoding=\"async\" style=\"margin-right: 12px;\" src=\"https:\/\/www.ferberpainting.com\/wp-content\/uploads\/2026\/02\/Check.svg\" alt=\"\" width=\"18\" height=\"15\" \/>Laiendatud vastupidavus.<\/strong>\u00a0Selle lahjendi lisamine aitab optimeerida v\u00e4rvi s\u00e4ilivusaega, takistades selle paksenemist ja muutes selle pikemaajalise s\u00e4ilitamise lihtsamaks. See takistab klompide tekkimist ja tagab lahustip\u00f5histe v\u00e4rvide ideaalse s\u00e4ilimise. Lisaks, parandades pealekandmist ja haardumist, pikendab see v\u00e4rvitud pindade vastupidavust v\u00e4listingimustele, nagu niiskus, UV-kiirguse ja temperatuurimuutused.<\/p>\n<p><strong><img decoding=\"async\" style=\"margin-right: 12px;\" src=\"https:\/\/www.ferberpainting.com\/wp-content\/uploads\/2026\/02\/Check.svg\" alt=\"\" width=\"18\" height=\"15\" \/>Kiire tegevus.<\/strong>\u00a0T\u00e4nu oma v\u00e4ga aktiivsele koostisele parandab see lahjendaja koheselt v\u00e4rvi voolavust ja muudab selle kergemini pealekandmiseks. See s\u00e4\u00e4stab aega, v\u00e4ltides kehvast konsistentsusest tingitud parandusi. Selle kohene toime tagab sujuvama ja \u00fchtlasema v\u00e4rvikihi, millel ei ole p\u00e4rast kuivamist n\u00e4htavaid defekte.<\/p>\n<h2><strong>Kasutamise protokoll<\/strong><\/h2>\n<ul>\n<li><strong>Ettevalmistus <\/strong>: Enne lahjendaja lisamist veenduge, et lahjendatav v\u00e4rv on h\u00e4sti segatud ja ilma t\u00fckkideta. Parima tulemuse saavutamiseks segage v\u00e4rvi enne mis tahes toimingut p\u00f5hjalikult.<\/li>\n<li><strong>Lahjendusrakendus <\/strong>: Lisage lahjendajat j\u00e4rk-j\u00e4rgult v\u00e4rvile, j\u00e4rgides tootja soovitatud vahekorda. \u00dcldiselt piisab 10% lahjendajast 1 liitri v\u00e4rvi kohta pintsli v\u00f5i rulliga pealekandmiseks, samas kui pihustamisel v\u00f5ib vaja minna 20-30%. Segage p\u00f5hjalikult, kuni v\u00e4rv on \u00fchtlase, vedeliku konsistentsiga.<\/li>\n<li><strong>T\u00f6\u00f6riistade puhastamine <\/strong>: P\u00e4rast v\u00e4rvimist leotage pintslid, rullid ja pihustusp\u00fcstolid lahjendajas, et eemaldada v\u00e4rvij\u00e4\u00e4gid ja v\u00e4ltida v\u00e4rvide k\u00f5venemist. Laske paar minutit seista, seej\u00e4rel loputage p\u00f5hjalikult puhta vee ja pehme lapiga.<\/li>\n<li><strong>Plekkide eemaldamine <\/strong>: V\u00e4rske v\u00e4rvi eemaldamiseks sellistelt pindadelt nagu metall, puit v\u00f5i PVC, leotage lappi lahjendajaga ja h\u00f5\u00f5ruge \u00f5rnalt kahjustatud piirkonda. Vajaduse korral loputage puhta veega, et eemaldada lahusti j\u00e4\u00e4gid.<\/li>\n<li><strong>Viimistlus ja kaitse <\/strong>: Haardumise ja kihi viimistluse parandamiseks j\u00e4rgige soovitatud lahjendussuhet ja segage enne pealekandmist p\u00f5hjalikult. \u00d5ige lahjendamine hoiab \u00e4ra v\u00e4rvik\u00f5ikumised ja tagab \u00fchtlase ja sileda l\u00f5ppviimistluse.<\/li>\n<li><strong>Kasutamise sagedus <\/strong>: Kasutage iga v\u00e4rvilahjenduse juures ja p\u00e4rast iga v\u00e4rvimisseanssi, et puhastada t\u00f6\u00f6riistu ja pikendada nende kasutusiga. Vedeldaja j\u00f5udluse s\u00e4ilitamiseks sulgege purk p\u00e4rast kasutamist alati uuesti, et v\u00e4ltida aurustumist.<\/li>\n<li><strong>Ladustamine <\/strong>: Hoidke kanistrit jahedas ja kuivas kohas, eemal kuumusest ja otsesest p\u00e4ikesevalgusest. P\u00e4rast iga kasutamist sulgege uuesti tihedalt, et v\u00e4ltida toote koostise muutumist.<\/li>\n<\/ul>\n<p>Meie v\u00e4rvi lahjendaja tagab \u00fchtlase segu, voolava pealekandmise ja veatu viimistluse. Ideaalne lahendus teie v\u00e4rvimisprojektide lihtsustamiseks, v\u00e4rvitud pindade vastupidavuse optimeerimiseks ja professionaalse kvaliteediga tulemuste saavutamiseks igas olukorras.<\/p>","protected":false},"excerpt":{"rendered":"<p>Optimal Efficiency.\u00a0This paint thinner is specially designed to thin paint without altering its chemical composition or covering power. It provides the ideal consistency for smooth, streak-free application. Perfectly suited for solvent-based paints such as alkyds, lacquers, varnishes, and industrial coatings. Thanks to its quick action, it ensures a homogeneous mixture and facilitates paint application by [&hellip;]<\/p>\n","protected":false},"featured_media":36071,"comment_status":"open","ping_status":"closed","template":"","meta":{"_uag_custom_page_level_css":"","site-sidebar-layout":"default","site-content-layout":"","ast-site-content-layout":"default","site-content-style":"default","site-sidebar-style":"default","ast-global-header-display":"","ast-banner-title-visibility":"","ast-main-header-display":"","ast-hfb-above-header-display":"","ast-hfb-below-header-display":"","ast-hfb-mobile-header-display":"","site-post-title":"","ast-breadcrumbs-content":"","ast-featured-img":"","footer-sml-layout":"","ast-disable-related-posts":"","theme-transparent-header-meta":"default","adv-header-id-meta":"","stick-header-meta":"","header-above-stick-meta":"","header-main-stick-meta":"","header-below-stick-meta":"","astra-migrate-meta-layouts":"set","ast-page-background-enabled":"default","ast-page-background-meta":{"desktop":{"background-color":"var(--ast-global-color-4)","background-image":"","background-repeat":"repeat","background-position":"center center","background-size":"auto","background-attachment":"scroll","background-type":"","background-media":"","overlay-type":"","overlay-color":"","overlay-opacity":"","overlay-gradient":""},"tablet":{"background-color":"","background-image":"","background-repeat":"repeat","background-position":"center center","background-size":"auto","background-attachment":"scroll","background-type":"","background-media":"","overlay-type":"","overlay-color":"","overlay-opacity":"","overlay-gradient":""},"mobile":{"background-color":"","background-image":"","background-repeat":"repeat","background-position":"center center","background-size":"auto","background-attachment":"scroll","background-type":"","background-media":"","overlay-type":"","overlay-color":"","overlay-opacity":"","overlay-gradient":""}},"ast-content-background-meta":{"desktop":{"background-color":"var(--ast-global-color-5)","background-image":"","background-repeat":"repeat","background-position":"center center","background-size":"auto","background-attachment":"scroll","background-type":"","background-media":"","overlay-type":"","overlay-color":"","overlay-opacity":"","overlay-gradient":""},"tablet":{"background-color":"var(--ast-global-color-5)","background-image":"","background-repeat":"repeat","background-position":"center center","background-size":"auto","background-attachment":"scroll","background-type":"","background-media":"","overlay-type":"","overlay-color":"","overlay-opacity":"","overlay-gradient":""},"mobile":{"background-color":"var(--ast-global-color-5)","background-image":"","background-repeat":"repeat","background-position":"center center","background-size":"auto","background-attachment":"scroll","background-type":"","background-media":"","overlay-type":"","overlay-color":"","overlay-opacity":"","overlay-gradient":""}}},"product_brand":[],"product_cat":[175],"product_tag":[],"class_list":{"0":"post-24750","1":"product","2":"type-product","3":"status-publish","4":"has-post-thumbnail","6":"product_cat-cleaning-products","7":"desktop-align-left","8":"tablet-align-left","9":"mobile-align-left","11":"first","12":"instock","13":"sale","14":"taxable","15":"shipping-taxable","16":"purchasable","17":"product-type-variable","18":"has-default-attributes"},"spectra_custom_meta":{"_visibility":["visible"],"_shopify_product_id":["9106532663541"],"_s2w_shopify_domain":["ferberpainting.myshopify.com"],"_shopify_variant_id":["46626241380597"],"_sku":[""],"_manage_stock":["no"],"total_sales":["5"],"_tax_status":["taxable"],"_tax_class":[""],"_backorders":["no"],"_sold_individually":["no"],"_virtual":["no"],"_downloadable":["no"],"_download_limit":["-1"],"_download_expiry":["-1"],"_stock":[null],"_stock_status":["instock"],"_wc_average_rating":["5.00"],"_wc_review_count":["11"],"_product_attributes":["a:1:{s:6:\"volume\";a:6:{s:4:\"name\";s:6:\"Volume\";s:5:\"value\";s:20:\"5 liters | 25 liters\";s:8:\"position\";i:1;s:10:\"is_visible\";i:0;s:12:\"is_variation\";i:1;s:11:\"is_taxonomy\";i:0;}}"],"_product_version":["10.5.1"],"wpse_downloadable_file_names":[""],"wpse_downloadable_file_urls":[""],"_edit_last":["1"],"_default_attributes":["a:1:{s:6:\"volume\";s:8:\"5 liters\";}"],"_edit_lock":["1771194007:1"],"_price":["29.90","129.90"],"merchant-center-availability":["yes"],"merchant-center-category":["503741"],"_thumbnail_id":["36071"],"_wp_page_template":["default"],"_wp_old_date":["2025-05-26"],"_product_image_gallery":["36072"],"site-sidebar-layout":["default"],"ast-site-content-layout":["default"],"site-content-style":["default"],"site-sidebar-style":["default"],"theme-transparent-header-meta":["default"],"_wc_rating_count":["a:1:{i:5;i:11;}"],"astra-migrate-meta-layouts":["set"],"_uag_css_file_name":["uag-css-24750.css"],"_elementor_page_assets":["a:0:{}"],"_uag_page_assets":["a:9:{s:3:\"css\";s:7133:\".uag-blocks-common-selector{z-index:var(--z-index-desktop) !important}@media(max-width: 976px){.uag-blocks-common-selector{z-index:var(--z-index-tablet) !important}}@media(max-width: 767px){.uag-blocks-common-selector{z-index:var(--z-index-mobile) !important}}.wp-block-uagb-image{display:flex}.wp-block-uagb-image__figure{position:relative;display:flex;flex-direction:column;max-width:100%;height:auto;margin:0}.wp-block-uagb-image__figure img{height:auto;display:flex;max-width:100%;transition:box-shadow .2s ease}.wp-block-uagb-image__figure>a{display:inline-block}.wp-block-uagb-image__figure figcaption{text-align:center;margin-top:.5em;margin-bottom:1em}.wp-block-uagb-image .components-placeholder.block-editor-media-placeholder .components-placeholder__instructions{align-self:center}.wp-block-uagb-image--align-left{text-align:left}.wp-block-uagb-image--align-right{text-align:right}.wp-block-uagb-image--align-center{text-align:center}.wp-block-uagb-image--align-full .wp-block-uagb-image__figure{margin-left:calc(50% - 50vw);margin-right:calc(50% - 50vw);max-width:100vw;width:100vw;height:auto}.wp-block-uagb-image--align-full .wp-block-uagb-image__figure img{height:auto;width:100% !important}.wp-block-uagb-image--align-wide .wp-block-uagb-image__figure img{height:auto;width:100%}.wp-block-uagb-image--layout-overlay__color-wrapper{position:absolute;left:0;top:0;right:0;bottom:0;opacity:.2;background:rgba(0,0,0,.5);transition:opacity .35s ease-in-out}.wp-block-uagb-image--layout-overlay-link{position:absolute;left:0;right:0;bottom:0;top:0}.wp-block-uagb-image--layout-overlay .wp-block-uagb-image__figure:hover .wp-block-uagb-image--layout-overlay__color-wrapper{opacity:1}.wp-block-uagb-image--layout-overlay__inner{position:absolute;left:15px;right:15px;bottom:15px;top:15px;display:flex;align-items:center;justify-content:center;flex-direction:column;border-color:#fff;transition:.35s ease-in-out}.wp-block-uagb-image--layout-overlay__inner.top-left,.wp-block-uagb-image--layout-overlay__inner.top-center,.wp-block-uagb-image--layout-overlay__inner.top-right{justify-content:flex-start}.wp-block-uagb-image--layout-overlay__inner.bottom-left,.wp-block-uagb-image--layout-overlay__inner.bottom-center,.wp-block-uagb-image--layout-overlay__inner.bottom-right{justify-content:flex-end}.wp-block-uagb-image--layout-overlay__inner.top-left,.wp-block-uagb-image--layout-overlay__inner.center-left,.wp-block-uagb-image--layout-overlay__inner.bottom-left{align-items:flex-start}.wp-block-uagb-image--layout-overlay__inner.top-right,.wp-block-uagb-image--layout-overlay__inner.center-right,.wp-block-uagb-image--layout-overlay__inner.bottom-right{align-items:flex-end}.wp-block-uagb-image--layout-overlay__inner .uagb-image-heading{color:#fff;transition:transform .35s,opacity .35s ease-in-out;transform:translate3d(0, 24px, 0);margin:0;line-height:1em}.wp-block-uagb-image--layout-overlay__inner .uagb-image-separator{width:30%;border-top-width:2px;border-top-color:#fff;border-top-style:solid;margin-bottom:10px;opacity:0;transition:transform .4s,opacity .4s ease-in-out;transform:translate3d(0, 30px, 0)}.wp-block-uagb-image--layout-overlay__inner .uagb-image-caption{opacity:0;overflow:visible;color:#fff;transition:transform .45s,opacity .45s ease-in-out;transform:translate3d(0, 35px, 0)}.wp-block-uagb-image--layout-overlay__inner:hover .uagb-image-heading,.wp-block-uagb-image--layout-overlay__inner:hover .uagb-image-separator,.wp-block-uagb-image--layout-overlay__inner:hover .uagb-image-caption{opacity:1;transform:translate3d(0, 0, 0)}.wp-block-uagb-image--effect-zoomin .wp-block-uagb-image__figure img,.wp-block-uagb-image--effect-zoomin .wp-block-uagb-image__figure .wp-block-uagb-image--layout-overlay__color-wrapper{transform:scale(1);transition:transform .35s ease-in-out}.wp-block-uagb-image--effect-zoomin .wp-block-uagb-image__figure:hover img,.wp-block-uagb-image--effect-zoomin .wp-block-uagb-image__figure:hover .wp-block-uagb-image--layout-overlay__color-wrapper{transform:scale(1.05)}.wp-block-uagb-image--effect-slide .wp-block-uagb-image__figure img,.wp-block-uagb-image--effect-slide .wp-block-uagb-image__figure .wp-block-uagb-image--layout-overlay__color-wrapper{width:calc(100% + 40px) !important;max-width:none !important;transform:translate3d(-40px, 0, 0);transition:transform .35s ease-in-out}.wp-block-uagb-image--effect-slide .wp-block-uagb-image__figure:hover img,.wp-block-uagb-image--effect-slide .wp-block-uagb-image__figure:hover .wp-block-uagb-image--layout-overlay__color-wrapper{transform:translate3d(0, 0, 0)}.wp-block-uagb-image--effect-grayscale img{filter:grayscale(0%);transition:.35s ease-in-out}.wp-block-uagb-image--effect-grayscale:hover img{filter:grayscale(100%)}.wp-block-uagb-image--effect-blur img{filter:blur(0);transition:.35s ease-in-out}.wp-block-uagb-image--effect-blur:hover img{filter:blur(3px)}.uagb-block-e6f939b3.wp-block-uagb-image--layout-default figure img{box-shadow: 0px 0px 0 #00000070;}.uagb-block-e6f939b3.wp-block-uagb-image .wp-block-uagb-image__figure figcaption{font-style: normal;align-self: center;}.uagb-block-e6f939b3.wp-block-uagb-image--layout-overlay figure img{box-shadow: 0px 0px 0 #00000070;}.uagb-block-e6f939b3.wp-block-uagb-image--layout-overlay .wp-block-uagb-image--layout-overlay__color-wrapper{opacity: 0.2;}.uagb-block-e6f939b3.wp-block-uagb-image--layout-overlay .wp-block-uagb-image--layout-overlay__inner{left: 15px;right: 15px;top: 15px;bottom: 15px;}.uagb-block-e6f939b3.wp-block-uagb-image--layout-overlay .wp-block-uagb-image--layout-overlay__inner .uagb-image-heading{font-style: normal;color: #fff;opacity: 1;}.uagb-block-e6f939b3.wp-block-uagb-image--layout-overlay .wp-block-uagb-image--layout-overlay__inner .uagb-image-heading a{color: #fff;}.uagb-block-e6f939b3.wp-block-uagb-image--layout-overlay .wp-block-uagb-image--layout-overlay__inner .uagb-image-caption{opacity: 0;}.uagb-block-e6f939b3.wp-block-uagb-image--layout-overlay .wp-block-uagb-image__figure:hover .wp-block-uagb-image--layout-overlay__color-wrapper{opacity: 1;}.uagb-block-e6f939b3.wp-block-uagb-image .wp-block-uagb-image--layout-overlay__inner .uagb-image-separator{width: 30%;border-top-width: 2px;border-top-color: #fff;opacity: 0;}.uagb-block-e6f939b3.wp-block-uagb-image .wp-block-uagb-image__figure img{width: px;height: auto;}.uagb-block-e6f939b3.wp-block-uagb-image .wp-block-uagb-image__figure:hover .wp-block-uagb-image--layout-overlay__inner .uagb-image-caption{opacity: 1;}.uagb-block-e6f939b3.wp-block-uagb-image .wp-block-uagb-image__figure:hover .wp-block-uagb-image--layout-overlay__inner .uagb-image-separator{opacity: 1;}.uagb-block-e6f939b3.wp-block-uagb-image--layout-default figure:hover img{box-shadow: 0px 0px 0 #00000070;}.uagb-block-e6f939b3.wp-block-uagb-image--layout-overlay figure:hover img{box-shadow: 0px 0px 0 #00000070;}@media only screen and (max-width: 976px) {.uagb-block-e6f939b3.wp-block-uagb-image .wp-block-uagb-image__figure img{width: px;height: auto;}}@media only screen and (max-width: 767px) {.uagb-block-e6f939b3.wp-block-uagb-image .wp-block-uagb-image__figure img{width: px;height: auto;}}\";s:2:\"js\";s:0:\"\";s:18:\"current_block_list\";a:13:{i:0;s:11:\"core\/search\";i:1;s:10:\"core\/group\";i:2;s:12:\"core\/heading\";i:3;s:17:\"core\/latest-posts\";i:4;s:20:\"core\/latest-comments\";i:5;s:13:\"core\/archives\";i:6;s:15:\"core\/categories\";i:7;s:14:\"core\/paragraph\";i:8;s:10:\"uagb\/image\";i:9;s:11:\"core\/spacer\";i:10;s:30:\"woocommerce\/product-categories\";i:11;s:10:\"core\/image\";i:12;s:14:\"core\/shortcode\";}s:8:\"uag_flag\";b:1;s:11:\"uag_version\";s:10:\"1777212270\";s:6:\"gfonts\";a:0:{}s:10:\"gfonts_url\";s:0:\"\";s:12:\"gfonts_files\";a:0:{}s:14:\"uag_faq_layout\";b:0;}"]},"uagb_featured_image_src":{"full":["https:\/\/www.ferberpainting.com\/wp-content\/uploads\/2025\/05\/Paint-Thinner-5L.png",2560,2560,false],"thumbnail":["https:\/\/www.ferberpainting.com\/wp-content\/uploads\/2025\/05\/Paint-Thinner-5L-150x150.png",150,150,true],"medium":["https:\/\/www.ferberpainting.com\/wp-content\/uploads\/2025\/05\/Paint-Thinner-5L-300x300.png",300,300,true],"medium_large":["https:\/\/www.ferberpainting.com\/wp-content\/uploads\/2025\/05\/Paint-Thinner-5L-768x768.png",768,768,true],"large":["https:\/\/www.ferberpainting.com\/wp-content\/uploads\/2025\/05\/Paint-Thinner-5L-1024x1024.png",1024,1024,true],"1536x1536":["https:\/\/www.ferberpainting.com\/wp-content\/uploads\/2025\/05\/Paint-Thinner-5L-1536x1536.png",1536,1536,true],"2048x2048":["https:\/\/www.ferberpainting.com\/wp-content\/uploads\/2025\/05\/Paint-Thinner-5L-2048x2048.png",2048,2048,true],"trp-custom-language-flag":["https:\/\/www.ferberpainting.com\/wp-content\/uploads\/2025\/05\/Paint-Thinner-5L-12x12.png",12,12,true],"woocommerce_thumbnail":["https:\/\/www.ferberpainting.com\/wp-content\/uploads\/2025\/05\/Paint-Thinner-5L-300x300.png",300,300,true],"woocommerce_single":["https:\/\/www.ferberpainting.com\/wp-content\/uploads\/2025\/05\/Paint-Thinner-5L-600x600.png",600,600,true],"woocommerce_gallery_thumbnail":["https:\/\/www.ferberpainting.com\/wp-content\/uploads\/2025\/05\/Paint-Thinner-5L-100x100.png",100,100,true]},"uagb_author_info":{"display_name":"admin","author_link":"https:\/\/www.ferberpainting.com\/ee\/author\/"},"uagb_comment_info":11,"uagb_excerpt":"Optimal Efficiency.\u00a0This paint thinner is specially designed to thin paint without altering its chemical composition or covering power. It provides the ideal consistency for smooth, streak-free application. Perfectly suited for solvent-based paints such as alkyds, lacquers, varnishes, and industrial coatings. Thanks to its quick action, it ensures a homogeneous mixture and facilitates paint application by&hellip;","_links":{"self":[{"href":"https:\/\/www.ferberpainting.com\/ee\/wp-json\/wp\/v2\/product\/24750","targetHints":{"allow":["GET"]}}],"collection":[{"href":"https:\/\/www.ferberpainting.com\/ee\/wp-json\/wp\/v2\/product"}],"about":[{"href":"https:\/\/www.ferberpainting.com\/ee\/wp-json\/wp\/v2\/types\/product"}],"replies":[{"embeddable":true,"href":"https:\/\/www.ferberpainting.com\/ee\/wp-json\/wp\/v2\/comments?post=24750"}],"version-history":[{"count":3,"href":"https:\/\/www.ferberpainting.com\/ee\/wp-json\/wp\/v2\/product\/24750\/revisions"}],"predecessor-version":[{"id":166679,"href":"https:\/\/www.ferberpainting.com\/ee\/wp-json\/wp\/v2\/product\/24750\/revisions\/166679"}],"wp:featuredmedia":[{"embeddable":true,"href":"https:\/\/www.ferberpainting.com\/ee\/wp-json\/wp\/v2\/media\/36071"}],"wp:attachment":[{"href":"https:\/\/www.ferberpainting.com\/ee\/wp-json\/wp\/v2\/media?parent=24750"}],"wp:term":[{"taxonomy":"product_brand","embeddable":true,"href":"https:\/\/www.ferberpainting.com\/ee\/wp-json\/wp\/v2\/product_brand?post=24750"},{"taxonomy":"product_cat","embeddable":true,"href":"https:\/\/www.ferberpainting.com\/ee\/wp-json\/wp\/v2\/product_cat?post=24750"},{"taxonomy":"product_tag","embeddable":true,"href":"https:\/\/www.ferberpainting.com\/ee\/wp-json\/wp\/v2\/product_tag?post=24750"}],"curies":[{"name":"wp","href":"https:\/\/api.w.org\/{rel}","templated":true}]}}