{"id":24744,"date":"2025-05-26T10:26:54","date_gmt":"2025-05-26T08:26:54","guid":{"rendered":"https:\/\/www.ferberpainting.com\/products\/paint-hardener\/"},"modified":"2026-02-15T23:16:32","modified_gmt":"2026-02-15T22:16:32","slug":"paint-hardener","status":"publish","type":"product","link":"https:\/\/www.ferberpainting.com\/ee\/products\/paint-hardener\/","title":{"rendered":"V\u00e4rvik\u00f5vendi"},"content":{"rendered":"<p><strong><img decoding=\"async\" style=\"margin-right: 12px;\" src=\"https:\/\/www.ferberpainting.com\/wp-content\/uploads\/2026\/02\/Check.svg\" alt=\"\" width=\"18\" height=\"15\" \/>Tugevdamine ja v\u00e4rvimise tulemuslikkuse parandamine.<\/strong>\u00a0See v\u00e4rvi k\u00f5vendi on spetsiaalselt loodud pinnakatete vastupidavuse ja vastupidavuse suurendamiseks. See parandab erinevatele pindadele kantavate v\u00e4rvide haarduvust, k\u00f5vadust ja pikaealisust, v\u00e4hendades seel\u00e4bi koorumise, kriimustuste ja enneaegse kulumise ohtu. See sobib \u00fchtviisi h\u00e4sti nii dekoratiivv\u00e4rvidele kui ka t\u00f6\u00f6stuslikele pinnakatetele, pakkudes optimaalset pikaajalist kaitset.<\/p>\n<p><strong><img decoding=\"async\" style=\"margin-right: 12px;\" src=\"https:\/\/www.ferberpainting.com\/wp-content\/uploads\/2026\/02\/Check.svg\" alt=\"\" width=\"18\" height=\"15\" \/>Raha tagasi garantii.<\/strong>\u00a0Me oleme t\u00e4iesti veendunud meie v\u00e4rvikahvendi t\u00f5hususes, mist\u00f5ttu pakume raha tagasi garantiid. Kui toode ei vasta teie ootustele p\u00e4rast juhiste kohast pealekandmist, v\u00f5ite taotleda tingimusteta raha tagasi, tagades turvalise ja riskivaba ostu.<\/p>\n<p><strong><img decoding=\"async\" style=\"margin-right: 12px;\" src=\"https:\/\/www.ferberpainting.com\/wp-content\/uploads\/2026\/02\/Check.svg\" alt=\"\" width=\"18\" height=\"15\" \/>Sobib paljude v\u00e4rvide ja materjalidega.<\/strong>\u00a0See k\u00f5vendi sobib akr\u00fc\u00fcl-, gl\u00fctseroftaal-, alk\u00fc\u00fcd-, epoksiid- ja pol\u00fcuretaanv\u00e4rvide jaoks. Seda saab kasutada betoon-, metalli-, puidu-, krohvi-, tsement- ja plastpindadel, pakkudes maksimaalset mitmek\u00fclgsust renoveerimis-, hooldus- ja viimistlusprojektides.<\/p>\n<p><strong><img decoding=\"async\" style=\"margin-right: 12px;\" src=\"https:\/\/www.ferberpainting.com\/wp-content\/uploads\/2026\/02\/Check.svg\" alt=\"\" width=\"18\" height=\"15\" \/>Suurep\u00e4rane majanduslik tulemuslikkus.<\/strong>\u00a0T\u00e4nu optimeeritud kontsentratsioonile saab \u00fche liitri k\u00f5vendi abil t\u00f6\u00f6delda kuni 5 liitrit v\u00e4rvi, pakkudes \u00f6konoomset ja t\u00f5husat lahendust. Selle koostis parandab m\u00e4rkimisv\u00e4\u00e4rselt v\u00e4rvi vastupidavust, v\u00e4hendades vajadust paranduste v\u00f5i uute pealekandmiste j\u00e4rele, tagades pikaajalise kulude v\u00e4henemise.<\/p>\n<p><strong><img decoding=\"async\" style=\"margin-right: 12px;\" src=\"https:\/\/www.ferberpainting.com\/wp-content\/uploads\/2026\/02\/Check.svg\" alt=\"\" width=\"18\" height=\"15\" \/>Ohutu ja ohutu toode kasutajatele.<\/strong>\u00a0See k\u00f5vendi ei sisalda m\u00fcrgiseid lahusteid ega kahjulikke aineid. See ei eralda agressiivseid aurusid ja seda saab ohutult k\u00e4sitseda ilma spetsiaalsete kaitsevahenditeta. See sobib nii sise- kui ka v\u00e4liskeskkondadesse, tagades riskivaba kasutamise t\u00f6\u00f6deldud ruumide elanikele ja kasutajatele.<\/p>\n<p><strong><img decoding=\"async\" style=\"margin-right: 12px;\" src=\"https:\/\/www.ferberpainting.com\/wp-content\/uploads\/2026\/02\/Check.svg\" alt=\"\" width=\"18\" height=\"15\" \/>Kasutamise lihtsus ja optimaalne \u00fchilduvus.<\/strong>\u00a0See k\u00f5vendi integreerub kergesti v\u00e4rviga, ilma et see n\u00f5uaks keerulisi toiminguid. See seguneb otse v\u00e4rviga enne pealekandmist, tagades \u00fchtlase dispergeerumise ja kohese pinnakatte j\u00f5udluse paranemise. Selle kasutamine ei muuda v\u00e4rvi v\u00e4rvi v\u00f5i tekstuuri, tagades originaalile sarnase viimistluse.<\/p>\n<p><strong><img decoding=\"async\" style=\"margin-right: 12px;\" src=\"https:\/\/www.ferberpainting.com\/wp-content\/uploads\/2026\/02\/Check.svg\" alt=\"\" width=\"18\" height=\"15\" \/>Suurem vastupidavus vastupidavatele pindadele.<\/strong>\u00a0Kui see k\u00f5vendi on v\u00e4rviga segatud, tugevdab see kaitsva kile struktuuri, suurendades oluliselt selle vastupidavust l\u00f6\u00f6kidele, kulumisele ja v\u00e4lisele agressioonile. See kaitseb t\u00f5husalt kriimustuste, plekkide ja niiskuse eest, pikendades v\u00e4rvitud pindade kasutusiga ja v\u00e4hendades hoolduskulusid.<\/p>\n<p><strong><img decoding=\"async\" style=\"margin-right: 12px;\" src=\"https:\/\/www.ferberpainting.com\/wp-content\/uploads\/2026\/02\/Check.svg\" alt=\"\" width=\"18\" height=\"15\" \/>Kiire kuivatamine tagab m\u00e4rkimisv\u00e4\u00e4rse aja kokkuhoiu.<\/strong>\u00a0Optimeerides v\u00e4rvi pol\u00fcmerisatsiooni, kiirendab see k\u00f5vendi kuivamisaega, tagades samas pinnakatte vastupidavuse kiire arengu. See v\u00f5imaldab pinnad olla kasutusvalmis vaid m\u00f5ne tunni jooksul, s\u00f5ltuvalt keskkonnatingimustest, v\u00e4hendades oluliselt ooteaega erinevate projektietappide vahel.<\/p>\n<h2><strong>Kasutamise protokoll<\/strong><\/h2>\n<ul>\n<li><strong>V\u00e4rvi ettevalmistamine <\/strong>: Veenduge, et v\u00e4rv, millele lisatakse k\u00f5vendi, on puhas ja h\u00e4sti segatud. Kui v\u00e4rv on settinud, segage enne k\u00f5vendi lisamist, et tagada \u00fchtlane jaotumine.<\/li>\n<li><strong>Soovitatav annus <\/strong>: Lisage 5% ja 20% k\u00f5vendi kogu v\u00e4rvimahust s\u00f5ltuvalt soovitud tugevdusastmest. Ekstreemsetes tingimustes (niiskus, sagedased l\u00f6\u00f6gid, h\u00f5\u00f5rdumine) kasutatavate v\u00e4rvide puhul valige suurem annus.<\/li>\n<li><strong>Homogeenne segamine <\/strong>: Lisage k\u00f5vendi j\u00e4rk-j\u00e4rgult v\u00e4rvile, segades samal ajal pidevalt k\u00e4sitsi v\u00f5i elektrilise segistiga. J\u00e4lgige, et segu oleks vedel ja homogeenne, et v\u00e4ltida komponentide eraldumist.<\/li>\n<li><strong>K\u00f5venenud v\u00e4rvi pealekandmine <\/strong>: Kandke v\u00e4rvi nagu tavaliselt, kasutades rulli, pintslit v\u00f5i pihustusp\u00fcstolit, s\u00f5ltuvalt katmisele kuuluvast alast. K\u00f5vendi ei muuda pealekandmismeetodit, v\u00f5imaldades \u00fchtlast ja \u00fchtlast katmist.<\/li>\n<li><strong>Kuivamisaeg <\/strong>: Laske v\u00e4rvil kuivada vastavalt v\u00e4rvipakendil m\u00e4rgitud kuivamisajale. K\u00f5vendi toime t\u00f5ttu kestab kuivamine tavaliselt <strong>kiiremini kui tavaliselt<\/strong>, v\u00e4hendades ooteaega enne teise kihi pealekandmist v\u00f5i pinna kasutusele v\u00f5tmist.<\/li>\n<li><strong>T\u00e4ielik karastamine <\/strong>: Vastupidavuse optimaalseks kujunemiseks v\u00e4ltige 24-48 tunni jooksul p\u00e4rast pealekandmist v\u00e4rvitud pinna tugevat kasutamist v\u00f5i koormamist. P\u00e4rast seda perioodi saavutab pinnakate maksimaalse k\u00f5vaduse ja peab t\u00e4ielikult vastu mehaanilistele ja klimaatilistele pingetele.<\/li>\n<li><strong>T\u00f6\u00f6riistade puhastamine <\/strong>: Kohe p\u00e4rast kasutamist puhastage pintslid, rullid ja pihustusp\u00fcstolid vastavalt kasutatud v\u00e4rvile soovitatud lahustiga (vesi akr\u00fc\u00fclv\u00e4rvide puhul, lakibensiin gl\u00fctseroftaalv\u00e4rvide puhul).<\/li>\n<\/ul>","protected":false},"excerpt":{"rendered":"<p>Strengthening and improving paint performance.\u00a0This paint hardener is specially designed to enhance the resistance and durability of coatings. It improves adhesion, hardness, and longevity of paints applied to various surfaces, thereby reducing risks of peeling, scratching, and premature wear. It is equally suitable for decorative paints and industrial coatings, providing optimal long-term protection. Money-back guarantee.\u00a0We [&hellip;]<\/p>\n","protected":false},"featured_media":26609,"comment_status":"open","ping_status":"closed","template":"","meta":{"_uag_custom_page_level_css":"","site-sidebar-layout":"default","site-content-layout":"","ast-site-content-layout":"default","site-content-style":"default","site-sidebar-style":"default","ast-global-header-display":"","ast-banner-title-visibility":"","ast-main-header-display":"","ast-hfb-above-header-display":"","ast-hfb-below-header-display":"","ast-hfb-mobile-header-display":"","site-post-title":"","ast-breadcrumbs-content":"","ast-featured-img":"","footer-sml-layout":"","ast-disable-related-posts":"","theme-transparent-header-meta":"default","adv-header-id-meta":"","stick-header-meta":"","header-above-stick-meta":"","header-main-stick-meta":"","header-below-stick-meta":"","astra-migrate-meta-layouts":"set","ast-page-background-enabled":"default","ast-page-background-meta":{"desktop":{"background-color":"var(--ast-global-color-4)","background-image":"","background-repeat":"repeat","background-position":"center center","background-size":"auto","background-attachment":"scroll","background-type":"","background-media":"","overlay-type":"","overlay-color":"","overlay-opacity":"","overlay-gradient":""},"tablet":{"background-color":"","background-image":"","background-repeat":"repeat","background-position":"center center","background-size":"auto","background-attachment":"scroll","background-type":"","background-media":"","overlay-type":"","overlay-color":"","overlay-opacity":"","overlay-gradient":""},"mobile":{"background-color":"","background-image":"","background-repeat":"repeat","background-position":"center center","background-size":"auto","background-attachment":"scroll","background-type":"","background-media":"","overlay-type":"","overlay-color":"","overlay-opacity":"","overlay-gradient":""}},"ast-content-background-meta":{"desktop":{"background-color":"var(--ast-global-color-5)","background-image":"","background-repeat":"repeat","background-position":"center center","background-size":"auto","background-attachment":"scroll","background-type":"","background-media":"","overlay-type":"","overlay-color":"","overlay-opacity":"","overlay-gradient":""},"tablet":{"background-color":"var(--ast-global-color-5)","background-image":"","background-repeat":"repeat","background-position":"center center","background-size":"auto","background-attachment":"scroll","background-type":"","background-media":"","overlay-type":"","overlay-color":"","overlay-opacity":"","overlay-gradient":""},"mobile":{"background-color":"var(--ast-global-color-5)","background-image":"","background-repeat":"repeat","background-position":"center center","background-size":"auto","background-attachment":"scroll","background-type":"","background-media":"","overlay-type":"","overlay-color":"","overlay-opacity":"","overlay-gradient":""}}},"product_brand":[],"product_cat":[175,176],"product_tag":[],"class_list":{"0":"post-24744","1":"product","2":"type-product","3":"status-publish","4":"has-post-thumbnail","6":"product_cat-cleaning-products","7":"product_cat-concrete-treatment","8":"desktop-align-left","9":"tablet-align-left","10":"mobile-align-left","12":"first","13":"instock","14":"sale","15":"shipping-taxable","16":"purchasable","17":"product-type-variable","18":"has-default-attributes"},"spectra_custom_meta":{"_visibility":["visible"],"_shopify_product_id":["9059953213685"],"_s2w_shopify_domain":["ferberpainting.myshopify.com"],"_shopify_variant_id":["46482342019317"],"_sku":[""],"_manage_stock":["no"],"total_sales":["36"],"_tax_status":["taxable"],"_tax_class":[""],"_backorders":["no"],"_sold_individually":["no"],"_virtual":["no"],"_downloadable":["no"],"_download_limit":["-1"],"_download_expiry":["-1"],"_stock":[null],"_stock_status":["instock"],"_wc_average_rating":["4.83"],"_wc_review_count":["6"],"_product_attributes":["a:1:{s:6:\"volume\";a:6:{s:4:\"name\";s:6:\"Volume\";s:5:\"value\";s:20:\"5 liters | 25 liters\";s:8:\"position\";i:1;s:10:\"is_visible\";i:0;s:12:\"is_variation\";i:1;s:11:\"is_taxonomy\";i:0;}}"],"_product_version":["10.5.1"],"_thumbnail_id":["26609"],"_product_image_gallery":["26610"],"wpse_downloadable_file_names":[""],"wpse_downloadable_file_urls":[""],"_edit_last":["1"],"_default_attributes":["a:1:{s:6:\"volume\";s:8:\"5 liters\";}"],"_edit_lock":["1771193653:1"],"_price":["29.90","129.90"],"merchant-center-availability":["yes"],"merchant-center-category":["2277"],"_wp_page_template":["default"],"site-sidebar-layout":["default"],"ast-site-content-layout":["default"],"site-content-style":["default"],"site-sidebar-style":["default"],"theme-transparent-header-meta":["default"],"_wc_rating_count":["a:2:{i:4;i:1;i:5;i:5;}"],"astra-migrate-meta-layouts":["set"],"_uag_css_file_name":["uag-css-24744.css"],"_elementor_page_assets":["a:0:{}"],"_uag_page_assets":["a:9:{s:3:\"css\";s:6873:\".wp-block-uagb-image{display:flex}.wp-block-uagb-image__figure{position:relative;display:flex;flex-direction:column;max-width:100%;height:auto;margin:0}.wp-block-uagb-image__figure img{height:auto;display:flex;max-width:100%;transition:box-shadow .2s ease}.wp-block-uagb-image__figure>a{display:inline-block}.wp-block-uagb-image__figure figcaption{text-align:center;margin-top:.5em;margin-bottom:1em}.wp-block-uagb-image .components-placeholder.block-editor-media-placeholder .components-placeholder__instructions{align-self:center}.wp-block-uagb-image--align-left{text-align:left}.wp-block-uagb-image--align-right{text-align:right}.wp-block-uagb-image--align-center{text-align:center}.wp-block-uagb-image--align-full .wp-block-uagb-image__figure{margin-left:calc(50% - 50vw);margin-right:calc(50% - 50vw);max-width:100vw;width:100vw;height:auto}.wp-block-uagb-image--align-full .wp-block-uagb-image__figure img{height:auto;width:100% !important}.wp-block-uagb-image--align-wide .wp-block-uagb-image__figure img{height:auto;width:100%}.wp-block-uagb-image--layout-overlay__color-wrapper{position:absolute;left:0;top:0;right:0;bottom:0;opacity:.2;background:rgba(0,0,0,.5);transition:opacity .35s ease-in-out}.wp-block-uagb-image--layout-overlay-link{position:absolute;left:0;right:0;bottom:0;top:0}.wp-block-uagb-image--layout-overlay .wp-block-uagb-image__figure:hover .wp-block-uagb-image--layout-overlay__color-wrapper{opacity:1}.wp-block-uagb-image--layout-overlay__inner{position:absolute;left:15px;right:15px;bottom:15px;top:15px;display:flex;align-items:center;justify-content:center;flex-direction:column;border-color:#fff;transition:.35s ease-in-out}.wp-block-uagb-image--layout-overlay__inner.top-left,.wp-block-uagb-image--layout-overlay__inner.top-center,.wp-block-uagb-image--layout-overlay__inner.top-right{justify-content:flex-start}.wp-block-uagb-image--layout-overlay__inner.bottom-left,.wp-block-uagb-image--layout-overlay__inner.bottom-center,.wp-block-uagb-image--layout-overlay__inner.bottom-right{justify-content:flex-end}.wp-block-uagb-image--layout-overlay__inner.top-left,.wp-block-uagb-image--layout-overlay__inner.center-left,.wp-block-uagb-image--layout-overlay__inner.bottom-left{align-items:flex-start}.wp-block-uagb-image--layout-overlay__inner.top-right,.wp-block-uagb-image--layout-overlay__inner.center-right,.wp-block-uagb-image--layout-overlay__inner.bottom-right{align-items:flex-end}.wp-block-uagb-image--layout-overlay__inner .uagb-image-heading{color:#fff;transition:transform .35s,opacity .35s ease-in-out;transform:translate3d(0, 24px, 0);margin:0;line-height:1em}.wp-block-uagb-image--layout-overlay__inner .uagb-image-separator{width:30%;border-top-width:2px;border-top-color:#fff;border-top-style:solid;margin-bottom:10px;opacity:0;transition:transform .4s,opacity .4s ease-in-out;transform:translate3d(0, 30px, 0)}.wp-block-uagb-image--layout-overlay__inner .uagb-image-caption{opacity:0;overflow:visible;color:#fff;transition:transform .45s,opacity .45s ease-in-out;transform:translate3d(0, 35px, 0)}.wp-block-uagb-image--layout-overlay__inner:hover .uagb-image-heading,.wp-block-uagb-image--layout-overlay__inner:hover .uagb-image-separator,.wp-block-uagb-image--layout-overlay__inner:hover .uagb-image-caption{opacity:1;transform:translate3d(0, 0, 0)}.wp-block-uagb-image--effect-zoomin .wp-block-uagb-image__figure img,.wp-block-uagb-image--effect-zoomin .wp-block-uagb-image__figure .wp-block-uagb-image--layout-overlay__color-wrapper{transform:scale(1);transition:transform .35s ease-in-out}.wp-block-uagb-image--effect-zoomin .wp-block-uagb-image__figure:hover img,.wp-block-uagb-image--effect-zoomin .wp-block-uagb-image__figure:hover .wp-block-uagb-image--layout-overlay__color-wrapper{transform:scale(1.05)}.wp-block-uagb-image--effect-slide .wp-block-uagb-image__figure img,.wp-block-uagb-image--effect-slide .wp-block-uagb-image__figure .wp-block-uagb-image--layout-overlay__color-wrapper{width:calc(100% + 40px) !important;max-width:none !important;transform:translate3d(-40px, 0, 0);transition:transform .35s ease-in-out}.wp-block-uagb-image--effect-slide .wp-block-uagb-image__figure:hover img,.wp-block-uagb-image--effect-slide .wp-block-uagb-image__figure:hover .wp-block-uagb-image--layout-overlay__color-wrapper{transform:translate3d(0, 0, 0)}.wp-block-uagb-image--effect-grayscale img{filter:grayscale(0%);transition:.35s ease-in-out}.wp-block-uagb-image--effect-grayscale:hover img{filter:grayscale(100%)}.wp-block-uagb-image--effect-blur img{filter:blur(0);transition:.35s ease-in-out}.wp-block-uagb-image--effect-blur:hover img{filter:blur(3px)}.uagb-block-e6f939b3.wp-block-uagb-image--layout-default figure img{box-shadow: 0px 0px 0 #00000070;}.uagb-block-e6f939b3.wp-block-uagb-image .wp-block-uagb-image__figure figcaption{font-style: normal;align-self: center;}.uagb-block-e6f939b3.wp-block-uagb-image--layout-overlay figure img{box-shadow: 0px 0px 0 #00000070;}.uagb-block-e6f939b3.wp-block-uagb-image--layout-overlay .wp-block-uagb-image--layout-overlay__color-wrapper{opacity: 0.2;}.uagb-block-e6f939b3.wp-block-uagb-image--layout-overlay .wp-block-uagb-image--layout-overlay__inner{left: 15px;right: 15px;top: 15px;bottom: 15px;}.uagb-block-e6f939b3.wp-block-uagb-image--layout-overlay .wp-block-uagb-image--layout-overlay__inner .uagb-image-heading{font-style: normal;color: #fff;opacity: 1;}.uagb-block-e6f939b3.wp-block-uagb-image--layout-overlay .wp-block-uagb-image--layout-overlay__inner .uagb-image-heading a{color: #fff;}.uagb-block-e6f939b3.wp-block-uagb-image--layout-overlay .wp-block-uagb-image--layout-overlay__inner .uagb-image-caption{opacity: 0;}.uagb-block-e6f939b3.wp-block-uagb-image--layout-overlay .wp-block-uagb-image__figure:hover .wp-block-uagb-image--layout-overlay__color-wrapper{opacity: 1;}.uagb-block-e6f939b3.wp-block-uagb-image .wp-block-uagb-image--layout-overlay__inner .uagb-image-separator{width: 30%;border-top-width: 2px;border-top-color: #fff;opacity: 0;}.uagb-block-e6f939b3.wp-block-uagb-image .wp-block-uagb-image__figure img{width: px;height: auto;}.uagb-block-e6f939b3.wp-block-uagb-image .wp-block-uagb-image__figure:hover .wp-block-uagb-image--layout-overlay__inner .uagb-image-caption{opacity: 1;}.uagb-block-e6f939b3.wp-block-uagb-image .wp-block-uagb-image__figure:hover .wp-block-uagb-image--layout-overlay__inner .uagb-image-separator{opacity: 1;}.uagb-block-e6f939b3.wp-block-uagb-image--layout-default figure:hover img{box-shadow: 0px 0px 0 #00000070;}.uagb-block-e6f939b3.wp-block-uagb-image--layout-overlay figure:hover img{box-shadow: 0px 0px 0 #00000070;}@media only screen and (max-width: 976px) {.uagb-block-e6f939b3.wp-block-uagb-image .wp-block-uagb-image__figure img{width: px;height: auto;}}@media only screen and (max-width: 767px) {.uagb-block-e6f939b3.wp-block-uagb-image .wp-block-uagb-image__figure img{width: px;height: auto;}}\";s:2:\"js\";s:0:\"\";s:18:\"current_block_list\";a:13:{i:0;s:11:\"core\/search\";i:1;s:10:\"core\/group\";i:2;s:12:\"core\/heading\";i:3;s:17:\"core\/latest-posts\";i:4;s:20:\"core\/latest-comments\";i:5;s:13:\"core\/archives\";i:6;s:15:\"core\/categories\";i:7;s:14:\"core\/paragraph\";i:8;s:10:\"uagb\/image\";i:9;s:11:\"core\/spacer\";i:10;s:30:\"woocommerce\/product-categories\";i:11;s:10:\"core\/image\";i:12;s:14:\"core\/shortcode\";}s:8:\"uag_flag\";b:1;s:11:\"uag_version\";s:10:\"1777101475\";s:6:\"gfonts\";a:0:{}s:10:\"gfonts_url\";s:0:\"\";s:12:\"gfonts_files\";a:0:{}s:14:\"uag_faq_layout\";b:0;}"]},"uagb_featured_image_src":{"full":["https:\/\/www.ferberpainting.com\/wp-content\/uploads\/2025\/05\/PaintHardener5L.png",2560,2560,false],"thumbnail":["https:\/\/www.ferberpainting.com\/wp-content\/uploads\/2025\/05\/PaintHardener5L-150x150.png",150,150,true],"medium":["https:\/\/www.ferberpainting.com\/wp-content\/uploads\/2025\/05\/PaintHardener5L-300x300.png",300,300,true],"medium_large":["https:\/\/www.ferberpainting.com\/wp-content\/uploads\/2025\/05\/PaintHardener5L-768x768.png",768,768,true],"large":["https:\/\/www.ferberpainting.com\/wp-content\/uploads\/2025\/05\/PaintHardener5L-1024x1024.png",1024,1024,true],"1536x1536":["https:\/\/www.ferberpainting.com\/wp-content\/uploads\/2025\/05\/PaintHardener5L-1536x1536.png",1536,1536,true],"2048x2048":["https:\/\/www.ferberpainting.com\/wp-content\/uploads\/2025\/05\/PaintHardener5L-2048x2048.png",2048,2048,true],"trp-custom-language-flag":["https:\/\/www.ferberpainting.com\/wp-content\/uploads\/2025\/05\/PaintHardener5L-12x12.png",12,12,true],"woocommerce_thumbnail":["https:\/\/www.ferberpainting.com\/wp-content\/uploads\/2025\/05\/PaintHardener5L-300x300.png",300,300,true],"woocommerce_single":["https:\/\/www.ferberpainting.com\/wp-content\/uploads\/2025\/05\/PaintHardener5L-600x600.png",600,600,true],"woocommerce_gallery_thumbnail":["https:\/\/www.ferberpainting.com\/wp-content\/uploads\/2025\/05\/PaintHardener5L-100x100.png",100,100,true]},"uagb_author_info":{"display_name":"admin","author_link":"https:\/\/www.ferberpainting.com\/ee\/author\/"},"uagb_comment_info":6,"uagb_excerpt":"Strengthening and improving paint performance.\u00a0This paint hardener is specially designed to enhance the resistance and durability of coatings. It improves adhesion, hardness, and longevity of paints applied to various surfaces, thereby reducing risks of peeling, scratching, and premature wear. It is equally suitable for decorative paints and industrial coatings, providing optimal long-term protection. Money-back guarantee.\u00a0We&hellip;","_links":{"self":[{"href":"https:\/\/www.ferberpainting.com\/ee\/wp-json\/wp\/v2\/product\/24744","targetHints":{"allow":["GET"]}}],"collection":[{"href":"https:\/\/www.ferberpainting.com\/ee\/wp-json\/wp\/v2\/product"}],"about":[{"href":"https:\/\/www.ferberpainting.com\/ee\/wp-json\/wp\/v2\/types\/product"}],"replies":[{"embeddable":true,"href":"https:\/\/www.ferberpainting.com\/ee\/wp-json\/wp\/v2\/comments?post=24744"}],"version-history":[{"count":3,"href":"https:\/\/www.ferberpainting.com\/ee\/wp-json\/wp\/v2\/product\/24744\/revisions"}],"predecessor-version":[{"id":166671,"href":"https:\/\/www.ferberpainting.com\/ee\/wp-json\/wp\/v2\/product\/24744\/revisions\/166671"}],"wp:featuredmedia":[{"embeddable":true,"href":"https:\/\/www.ferberpainting.com\/ee\/wp-json\/wp\/v2\/media\/26609"}],"wp:attachment":[{"href":"https:\/\/www.ferberpainting.com\/ee\/wp-json\/wp\/v2\/media?parent=24744"}],"wp:term":[{"taxonomy":"product_brand","embeddable":true,"href":"https:\/\/www.ferberpainting.com\/ee\/wp-json\/wp\/v2\/product_brand?post=24744"},{"taxonomy":"product_cat","embeddable":true,"href":"https:\/\/www.ferberpainting.com\/ee\/wp-json\/wp\/v2\/product_cat?post=24744"},{"taxonomy":"product_tag","embeddable":true,"href":"https:\/\/www.ferberpainting.com\/ee\/wp-json\/wp\/v2\/product_tag?post=24744"}],"curies":[{"name":"wp","href":"https:\/\/api.w.org\/{rel}","templated":true}]}}