{"id":24732,"date":"2025-05-26T10:26:50","date_gmt":"2025-05-26T08:26:50","guid":{"rendered":"https:\/\/www.ferberpainting.com\/products\/orchid-fertilizer\/"},"modified":"2026-02-15T22:45:15","modified_gmt":"2026-02-15T21:45:15","slug":"orchid-fertilizer","status":"publish","type":"product","link":"https:\/\/www.ferberpainting.com\/ee\/products\/orchid-fertilizer\/","title":{"rendered":"Orhidee v\u00e4etis"},"content":{"rendered":"<p><strong><img decoding=\"async\" style=\"margin-right: 12px;\" src=\"https:\/\/www.ferberpainting.com\/wp-content\/uploads\/2026\/02\/Check.svg\" alt=\"\" width=\"18\" height=\"15\" \/>T\u00e4ielik v\u00e4etis t\u00e4iusliku tervisega orhideede jaoks.<\/strong>\u00a0See orhideede v\u00e4etis on spetsiaalselt koostatud nii, et see annab k\u00f5ik vajalikud toitained kasvuks, \u00f5itsemiseks ja orhideede eluj\u00f5ulisuseks. T\u00e4nu l\u00e4mmastiku (N), fosfori (P) ja kaaliumi (K) t\u00e4iuslikule tasakaalule NPK 15-15-15 valemiga soodustab see juurte, lehtede ja \u00f5ite arengut, tagades rikkaliku ja kauakestva \u00f5itsemise.<\/p>\n<p><strong><img decoding=\"async\" style=\"margin-right: 12px;\" src=\"https:\/\/www.ferberpainting.com\/wp-content\/uploads\/2026\/02\/Check.svg\" alt=\"\" width=\"18\" height=\"15\" \/>Raha tagasi garantii.<\/strong>\u00a0Oleme veendunud meie orhideede v\u00e4etise t\u00f5hususes. Seep\u00e4rast pakume raha tagasi garantiid. Kui p\u00e4rast soovituste kohast kasutamist ei ole te tulemustega t\u00e4ielikult rahul, on teil v\u00f5imalus taotleda raha tagasi ilma tingimusteta, tagades turvalise ja riskivaba ostu.<\/p>\n<p><strong><img decoding=\"async\" style=\"margin-right: 12px;\" src=\"https:\/\/www.ferberpainting.com\/wp-content\/uploads\/2026\/02\/Check.svg\" alt=\"\" width=\"18\" height=\"15\" \/>Sobib k\u00f5ikidele orhideesortidele.<\/strong>\u00a0See v\u00e4etis sobib phalaenopsise, cattleya, dendrobiumi, vanda, oncidiumi ja teiste troopiliste sortide jaoks. Seda saab kasutada ka orhideede puhul siseruumides v\u00f5i kasvuhoones, tagades optimaalse kasvu s\u00f5ltumata kasvatusmeetodist.<\/p>\n<p><strong><img decoding=\"async\" style=\"margin-right: 12px;\" src=\"https:\/\/www.ferberpainting.com\/wp-content\/uploads\/2026\/02\/Check.svg\" alt=\"\" width=\"18\" height=\"15\" \/>Optimaalne majanduslik tootlus t\u00e4nu kontsentratsioonile.<\/strong>\u00a0Selle kontsentreeritud koostis v\u00f5imaldab valmistada kuni 1000 liitrit v\u00e4etislahust 5-liitrise mahutiga, tagades pikaajalise ja \u00f6konoomse kasutamise. Iga kasutuskord n\u00f5uab vaid v\u00e4ikest kogust lahjendatud v\u00e4etist, mis muudab selle kuluefektiivseks lahenduseks nii harrastajatele kui ka orhideekollektsion\u00e4\u00e4ridele.<\/p>\n<p><strong><img decoding=\"async\" style=\"margin-right: 12px;\" src=\"https:\/\/www.ferberpainting.com\/wp-content\/uploads\/2026\/02\/Check.svg\" alt=\"\" width=\"18\" height=\"15\" \/>Ohutu v\u00e4etis, mis ei ohusta taimi ega keskkonda. <\/strong>See v\u00e4etis on koostatud ilma agressiivsete keemiliste toodetena, tagades \u00f5rna v\u00e4etamise, mis austab taime loomulikku tasakaalu. See on orhideedele kahjutu ja ei p\u00f5leta juuri, kui seda kasutatakse vastavalt soovitatud annustele. Seda v\u00f5ib kasutada muretult regulaarseks v\u00e4etamiseks, ilma kodukeskkonna m\u00fcrgisuse ohuta.<\/p>\n<p><strong><img decoding=\"async\" style=\"margin-right: 12px;\" src=\"https:\/\/www.ferberpainting.com\/wp-content\/uploads\/2026\/02\/Check.svg\" alt=\"\" width=\"18\" height=\"15\" \/>Lihtne ja kiire pealekandmine n\u00e4htavate tulemuste saavutamiseks.<\/strong>\u00a0Seda v\u00e4etist on lihtne kasutada, kuna seda lihtsalt lahjendatakse enne kasutamist vees, mis tagab kiire imendumise juurte ja lehtede poolt. See sobib v\u00e4etamiseks kastmise v\u00f5i lehestiku pihustamise teel, pakkudes maksimaalset paindlikkust iga orhideesordi erivajadustega kohanemiseks.<\/p>\n<p><strong><img decoding=\"async\" style=\"margin-right: 12px;\" src=\"https:\/\/www.ferberpainting.com\/wp-content\/uploads\/2026\/02\/Check.svg\" alt=\"\" width=\"18\" height=\"15\" \/>Suurem vastupidavus ja pikem \u00f5itsemine.<\/strong>\u00a0T\u00e4nu t\u00e4iuslikult tasakaalustatud toitainetele soodustab see v\u00e4etis mitte ainult j\u00f5ulist kasvu, vaid ka pikaajalist ja korduvat \u00f5itsemist. See tugevdab orhideede vastupanuv\u00f5imet haigustele ja keskkonnastressile, pikendades seega nende eluiga ja maksimeerides nende \u00f5itsemise potentsiaali aasta-aastalt.<\/p>\n<p><strong><img decoding=\"async\" style=\"margin-right: 12px;\" src=\"https:\/\/www.ferberpainting.com\/wp-content\/uploads\/2026\/02\/Check.svg\" alt=\"\" width=\"18\" height=\"15\" \/>Kiire m\u00f5ju s\u00e4ravamatele orhideedele.<\/strong>\u00a0See v\u00e4etis stimuleerib juurte kasvu ja parandab lehtede v\u00e4rvust, andes orhideedele tervislikuma ja j\u00f5ulisema v\u00e4limuse. P\u00e4rast paarin\u00e4dalast regulaarset kasutamist tugevnevad esimesed \u00f5ied ja nende kestus pikeneb, nii et taimed on hingematvalt ilusad kogu aasta v\u00e4ltel.<\/p>\n<h2><strong>Kasutamise protokoll<\/strong><\/h2>\n<ul>\n<li><strong>V\u00e4etise lahjendamine <\/strong>: Segage 5 ml v\u00e4etist 1 liitri vee kohta. See v\u00e4etislahus tuleb enne iga kasutamist h\u00e4sti homogeenida.<\/li>\n<li><strong>Rakendusmeetod <\/strong>: Kasutage lahjendatud v\u00e4etist kas otsekastmiseks orhidee t\u00fcvele v\u00f5i lehepihustuseks, j\u00e4lgides, et v\u00e4ltida vee kogunemist taime keskele, et v\u00e4ltida m\u00e4danemisohtu.<\/li>\n<li><strong>Kasutamise sagedus <\/strong>: Aktiivse kasvuperioodi (kevad-suvi) ajal tuleb v\u00e4etist kasutada kord kahe n\u00e4dala jooksul ja puhkeperioodi (s\u00fcgis-talv) ajal kord kuus, et s\u00e4ilitada tasakaalustatud toitumine.<\/li>\n<li><strong>T\u00e4iendav kastmine <\/strong>: P\u00e4rast v\u00e4etise kasutamist oodake v\u00e4hemalt 24 tundi, enne kui kastate uuesti, et taim saaks toitaineid korralikult omastada.<\/li>\n<li><strong>Ettevaatusabin\u00f5ud kasutamisel <\/strong>: \u00c4rge \u00fcletage soovitatud annuseid, sest liigne v\u00e4etamine v\u00f5ib p\u00f5hjustada mineraalsoolade kogunemist substraati, mis v\u00f5ib kahjustada juurte tervist.<\/li>\n<li><strong>Ladustamine ja s\u00e4ilitamine <\/strong>: S\u00e4ilitage v\u00e4etist jahedas, kuivas kohas, valguse eest kaitstult ja lastele k\u00e4ttesaamatus kohas. P\u00e4rast kasutamist sulgege pudel alati tihedalt, et v\u00e4ltida aurustumist ja tagada toote pikaajaline t\u00f5husus.<\/li>\n<\/ul>\n<p>Selle orhideede v\u00e4etisega annate oma taimedele t\u00e4ieliku ja tasakaalustatud toitumise, mis soodustab suurejoonelist \u00f5itsemist ja tervislikku kasvu aastaringselt.<\/p>","protected":false},"excerpt":{"rendered":"<p>A complete fertilizer for orchids in perfect health.\u00a0This orchid fertilizer is specially formulated to provide all the essential nutrients for growth, flowering, and orchid vitality. Thanks to its perfect balance of nitrogen (N), phosphorus (P), and potassium (K) with the NPK 15-15-15 formula, it promotes the development of roots, leaves, and flowers, ensuring abundant and [&hellip;]<\/p>\n","protected":false},"featured_media":26604,"comment_status":"open","ping_status":"closed","template":"","meta":{"_uag_custom_page_level_css":"","site-sidebar-layout":"default","site-content-layout":"","ast-site-content-layout":"default","site-content-style":"default","site-sidebar-style":"default","ast-global-header-display":"","ast-banner-title-visibility":"","ast-main-header-display":"","ast-hfb-above-header-display":"","ast-hfb-below-header-display":"","ast-hfb-mobile-header-display":"","site-post-title":"","ast-breadcrumbs-content":"","ast-featured-img":"","footer-sml-layout":"","ast-disable-related-posts":"","theme-transparent-header-meta":"default","adv-header-id-meta":"","stick-header-meta":"","header-above-stick-meta":"","header-main-stick-meta":"","header-below-stick-meta":"","astra-migrate-meta-layouts":"set","ast-page-background-enabled":"default","ast-page-background-meta":{"desktop":{"background-color":"var(--ast-global-color-4)","background-image":"","background-repeat":"repeat","background-position":"center center","background-size":"auto","background-attachment":"scroll","background-type":"","background-media":"","overlay-type":"","overlay-color":"","overlay-opacity":"","overlay-gradient":""},"tablet":{"background-color":"","background-image":"","background-repeat":"repeat","background-position":"center center","background-size":"auto","background-attachment":"scroll","background-type":"","background-media":"","overlay-type":"","overlay-color":"","overlay-opacity":"","overlay-gradient":""},"mobile":{"background-color":"","background-image":"","background-repeat":"repeat","background-position":"center center","background-size":"auto","background-attachment":"scroll","background-type":"","background-media":"","overlay-type":"","overlay-color":"","overlay-opacity":"","overlay-gradient":""}},"ast-content-background-meta":{"desktop":{"background-color":"var(--ast-global-color-5)","background-image":"","background-repeat":"repeat","background-position":"center center","background-size":"auto","background-attachment":"scroll","background-type":"","background-media":"","overlay-type":"","overlay-color":"","overlay-opacity":"","overlay-gradient":""},"tablet":{"background-color":"var(--ast-global-color-5)","background-image":"","background-repeat":"repeat","background-position":"center center","background-size":"auto","background-attachment":"scroll","background-type":"","background-media":"","overlay-type":"","overlay-color":"","overlay-opacity":"","overlay-gradient":""},"mobile":{"background-color":"var(--ast-global-color-5)","background-image":"","background-repeat":"repeat","background-position":"center center","background-size":"auto","background-attachment":"scroll","background-type":"","background-media":"","overlay-type":"","overlay-color":"","overlay-opacity":"","overlay-gradient":""}}},"product_brand":[],"product_cat":[178],"product_tag":[],"class_list":{"0":"post-24732","1":"product","2":"type-product","3":"status-publish","4":"has-post-thumbnail","6":"product_cat-fertilizers","7":"desktop-align-left","8":"tablet-align-left","9":"mobile-align-left","11":"first","12":"instock","13":"sale","14":"taxable","15":"shipping-taxable","16":"purchasable","17":"product-type-variable","18":"has-default-attributes"},"spectra_custom_meta":{"_visibility":["visible"],"_shopify_product_id":["9062365069557"],"_s2w_shopify_domain":["ferberpainting.myshopify.com"],"_shopify_variant_id":["46488640422133"],"_sku":[""],"_manage_stock":["no"],"total_sales":["4"],"_tax_status":["taxable"],"_tax_class":[""],"_backorders":["no"],"_sold_individually":["no"],"_virtual":["no"],"_downloadable":["no"],"_download_limit":["-1"],"_download_expiry":["-1"],"_stock":[null],"_stock_status":["instock"],"_wc_average_rating":["4.69"],"_wc_review_count":["16"],"_product_attributes":["a:1:{s:6:\"volume\";a:6:{s:4:\"name\";s:6:\"Volume\";s:5:\"value\";s:20:\"5 liters | 25 liters\";s:8:\"position\";i:1;s:10:\"is_visible\";i:0;s:12:\"is_variation\";i:1;s:11:\"is_taxonomy\";i:0;}}"],"_product_version":["10.5.1"],"_thumbnail_id":["26604"],"_product_image_gallery":["26606"],"wpse_downloadable_file_names":[""],"wpse_downloadable_file_urls":[""],"_edit_last":["1"],"_default_attributes":["a:1:{s:6:\"volume\";s:8:\"5 liters\";}"],"_wc_rating_count":["a:2:{i:4;i:5;i:5;i:11;}"],"_edit_lock":["1771192010:1"],"_price":["29.90","129.90"],"merchant-center-availability":["yes"],"merchant-center-category":["113"],"_wp_page_template":["default"],"site-sidebar-layout":["default"],"ast-site-content-layout":["default"],"site-content-style":["default"],"site-sidebar-style":["default"],"theme-transparent-header-meta":["default"],"astra-migrate-meta-layouts":["set"],"_uag_css_file_name":["uag-css-24732.css"],"_elementor_page_assets":["a:0:{}"],"_uag_page_assets":["a:9:{s:3:\"css\";s:7133:\".uag-blocks-common-selector{z-index:var(--z-index-desktop) !important}@media(max-width: 976px){.uag-blocks-common-selector{z-index:var(--z-index-tablet) !important}}@media(max-width: 767px){.uag-blocks-common-selector{z-index:var(--z-index-mobile) !important}}.wp-block-uagb-image{display:flex}.wp-block-uagb-image__figure{position:relative;display:flex;flex-direction:column;max-width:100%;height:auto;margin:0}.wp-block-uagb-image__figure img{height:auto;display:flex;max-width:100%;transition:box-shadow .2s ease}.wp-block-uagb-image__figure>a{display:inline-block}.wp-block-uagb-image__figure figcaption{text-align:center;margin-top:.5em;margin-bottom:1em}.wp-block-uagb-image .components-placeholder.block-editor-media-placeholder .components-placeholder__instructions{align-self:center}.wp-block-uagb-image--align-left{text-align:left}.wp-block-uagb-image--align-right{text-align:right}.wp-block-uagb-image--align-center{text-align:center}.wp-block-uagb-image--align-full .wp-block-uagb-image__figure{margin-left:calc(50% - 50vw);margin-right:calc(50% - 50vw);max-width:100vw;width:100vw;height:auto}.wp-block-uagb-image--align-full .wp-block-uagb-image__figure img{height:auto;width:100% !important}.wp-block-uagb-image--align-wide .wp-block-uagb-image__figure img{height:auto;width:100%}.wp-block-uagb-image--layout-overlay__color-wrapper{position:absolute;left:0;top:0;right:0;bottom:0;opacity:.2;background:rgba(0,0,0,.5);transition:opacity .35s ease-in-out}.wp-block-uagb-image--layout-overlay-link{position:absolute;left:0;right:0;bottom:0;top:0}.wp-block-uagb-image--layout-overlay .wp-block-uagb-image__figure:hover .wp-block-uagb-image--layout-overlay__color-wrapper{opacity:1}.wp-block-uagb-image--layout-overlay__inner{position:absolute;left:15px;right:15px;bottom:15px;top:15px;display:flex;align-items:center;justify-content:center;flex-direction:column;border-color:#fff;transition:.35s ease-in-out}.wp-block-uagb-image--layout-overlay__inner.top-left,.wp-block-uagb-image--layout-overlay__inner.top-center,.wp-block-uagb-image--layout-overlay__inner.top-right{justify-content:flex-start}.wp-block-uagb-image--layout-overlay__inner.bottom-left,.wp-block-uagb-image--layout-overlay__inner.bottom-center,.wp-block-uagb-image--layout-overlay__inner.bottom-right{justify-content:flex-end}.wp-block-uagb-image--layout-overlay__inner.top-left,.wp-block-uagb-image--layout-overlay__inner.center-left,.wp-block-uagb-image--layout-overlay__inner.bottom-left{align-items:flex-start}.wp-block-uagb-image--layout-overlay__inner.top-right,.wp-block-uagb-image--layout-overlay__inner.center-right,.wp-block-uagb-image--layout-overlay__inner.bottom-right{align-items:flex-end}.wp-block-uagb-image--layout-overlay__inner .uagb-image-heading{color:#fff;transition:transform .35s,opacity .35s ease-in-out;transform:translate3d(0, 24px, 0);margin:0;line-height:1em}.wp-block-uagb-image--layout-overlay__inner .uagb-image-separator{width:30%;border-top-width:2px;border-top-color:#fff;border-top-style:solid;margin-bottom:10px;opacity:0;transition:transform .4s,opacity .4s ease-in-out;transform:translate3d(0, 30px, 0)}.wp-block-uagb-image--layout-overlay__inner .uagb-image-caption{opacity:0;overflow:visible;color:#fff;transition:transform .45s,opacity .45s ease-in-out;transform:translate3d(0, 35px, 0)}.wp-block-uagb-image--layout-overlay__inner:hover .uagb-image-heading,.wp-block-uagb-image--layout-overlay__inner:hover .uagb-image-separator,.wp-block-uagb-image--layout-overlay__inner:hover .uagb-image-caption{opacity:1;transform:translate3d(0, 0, 0)}.wp-block-uagb-image--effect-zoomin .wp-block-uagb-image__figure img,.wp-block-uagb-image--effect-zoomin .wp-block-uagb-image__figure .wp-block-uagb-image--layout-overlay__color-wrapper{transform:scale(1);transition:transform .35s ease-in-out}.wp-block-uagb-image--effect-zoomin .wp-block-uagb-image__figure:hover img,.wp-block-uagb-image--effect-zoomin .wp-block-uagb-image__figure:hover .wp-block-uagb-image--layout-overlay__color-wrapper{transform:scale(1.05)}.wp-block-uagb-image--effect-slide .wp-block-uagb-image__figure img,.wp-block-uagb-image--effect-slide .wp-block-uagb-image__figure .wp-block-uagb-image--layout-overlay__color-wrapper{width:calc(100% + 40px) !important;max-width:none !important;transform:translate3d(-40px, 0, 0);transition:transform .35s ease-in-out}.wp-block-uagb-image--effect-slide .wp-block-uagb-image__figure:hover img,.wp-block-uagb-image--effect-slide .wp-block-uagb-image__figure:hover .wp-block-uagb-image--layout-overlay__color-wrapper{transform:translate3d(0, 0, 0)}.wp-block-uagb-image--effect-grayscale img{filter:grayscale(0%);transition:.35s ease-in-out}.wp-block-uagb-image--effect-grayscale:hover img{filter:grayscale(100%)}.wp-block-uagb-image--effect-blur img{filter:blur(0);transition:.35s ease-in-out}.wp-block-uagb-image--effect-blur:hover img{filter:blur(3px)}.uagb-block-e6f939b3.wp-block-uagb-image--layout-default figure img{box-shadow: 0px 0px 0 #00000070;}.uagb-block-e6f939b3.wp-block-uagb-image .wp-block-uagb-image__figure figcaption{font-style: normal;align-self: center;}.uagb-block-e6f939b3.wp-block-uagb-image--layout-overlay figure img{box-shadow: 0px 0px 0 #00000070;}.uagb-block-e6f939b3.wp-block-uagb-image--layout-overlay .wp-block-uagb-image--layout-overlay__color-wrapper{opacity: 0.2;}.uagb-block-e6f939b3.wp-block-uagb-image--layout-overlay .wp-block-uagb-image--layout-overlay__inner{left: 15px;right: 15px;top: 15px;bottom: 15px;}.uagb-block-e6f939b3.wp-block-uagb-image--layout-overlay .wp-block-uagb-image--layout-overlay__inner .uagb-image-heading{font-style: normal;color: #fff;opacity: 1;}.uagb-block-e6f939b3.wp-block-uagb-image--layout-overlay .wp-block-uagb-image--layout-overlay__inner .uagb-image-heading a{color: #fff;}.uagb-block-e6f939b3.wp-block-uagb-image--layout-overlay .wp-block-uagb-image--layout-overlay__inner .uagb-image-caption{opacity: 0;}.uagb-block-e6f939b3.wp-block-uagb-image--layout-overlay .wp-block-uagb-image__figure:hover .wp-block-uagb-image--layout-overlay__color-wrapper{opacity: 1;}.uagb-block-e6f939b3.wp-block-uagb-image .wp-block-uagb-image--layout-overlay__inner .uagb-image-separator{width: 30%;border-top-width: 2px;border-top-color: #fff;opacity: 0;}.uagb-block-e6f939b3.wp-block-uagb-image .wp-block-uagb-image__figure img{width: px;height: auto;}.uagb-block-e6f939b3.wp-block-uagb-image .wp-block-uagb-image__figure:hover .wp-block-uagb-image--layout-overlay__inner .uagb-image-caption{opacity: 1;}.uagb-block-e6f939b3.wp-block-uagb-image .wp-block-uagb-image__figure:hover .wp-block-uagb-image--layout-overlay__inner .uagb-image-separator{opacity: 1;}.uagb-block-e6f939b3.wp-block-uagb-image--layout-default figure:hover img{box-shadow: 0px 0px 0 #00000070;}.uagb-block-e6f939b3.wp-block-uagb-image--layout-overlay figure:hover img{box-shadow: 0px 0px 0 #00000070;}@media only screen and (max-width: 976px) {.uagb-block-e6f939b3.wp-block-uagb-image .wp-block-uagb-image__figure img{width: px;height: auto;}}@media only screen and (max-width: 767px) {.uagb-block-e6f939b3.wp-block-uagb-image .wp-block-uagb-image__figure img{width: px;height: auto;}}\";s:2:\"js\";s:0:\"\";s:18:\"current_block_list\";a:13:{i:0;s:11:\"core\/search\";i:1;s:10:\"core\/group\";i:2;s:12:\"core\/heading\";i:3;s:17:\"core\/latest-posts\";i:4;s:20:\"core\/latest-comments\";i:5;s:13:\"core\/archives\";i:6;s:15:\"core\/categories\";i:7;s:14:\"core\/paragraph\";i:8;s:10:\"uagb\/image\";i:9;s:11:\"core\/spacer\";i:10;s:30:\"woocommerce\/product-categories\";i:11;s:10:\"core\/image\";i:12;s:14:\"core\/shortcode\";}s:8:\"uag_flag\";b:1;s:11:\"uag_version\";s:10:\"1777196851\";s:6:\"gfonts\";a:0:{}s:10:\"gfonts_url\";s:0:\"\";s:12:\"gfonts_files\";a:0:{}s:14:\"uag_faq_layout\";b:0;}"]},"uagb_featured_image_src":{"full":["https:\/\/www.ferberpainting.com\/wp-content\/uploads\/2025\/05\/OrchidFertilizer5L.png",2560,2560,false],"thumbnail":["https:\/\/www.ferberpainting.com\/wp-content\/uploads\/2025\/05\/OrchidFertilizer5L-150x150.png",150,150,true],"medium":["https:\/\/www.ferberpainting.com\/wp-content\/uploads\/2025\/05\/OrchidFertilizer5L-300x300.png",300,300,true],"medium_large":["https:\/\/www.ferberpainting.com\/wp-content\/uploads\/2025\/05\/OrchidFertilizer5L-768x768.png",768,768,true],"large":["https:\/\/www.ferberpainting.com\/wp-content\/uploads\/2025\/05\/OrchidFertilizer5L-1024x1024.png",1024,1024,true],"1536x1536":["https:\/\/www.ferberpainting.com\/wp-content\/uploads\/2025\/05\/OrchidFertilizer5L-1536x1536.png",1536,1536,true],"2048x2048":["https:\/\/www.ferberpainting.com\/wp-content\/uploads\/2025\/05\/OrchidFertilizer5L-2048x2048.png",2048,2048,true],"trp-custom-language-flag":["https:\/\/www.ferberpainting.com\/wp-content\/uploads\/2025\/05\/OrchidFertilizer5L-12x12.png",12,12,true],"woocommerce_thumbnail":["https:\/\/www.ferberpainting.com\/wp-content\/uploads\/2025\/05\/OrchidFertilizer5L-300x300.png",300,300,true],"woocommerce_single":["https:\/\/www.ferberpainting.com\/wp-content\/uploads\/2025\/05\/OrchidFertilizer5L-600x600.png",600,600,true],"woocommerce_gallery_thumbnail":["https:\/\/www.ferberpainting.com\/wp-content\/uploads\/2025\/05\/OrchidFertilizer5L-100x100.png",100,100,true]},"uagb_author_info":{"display_name":"admin","author_link":"https:\/\/www.ferberpainting.com\/ee\/author\/"},"uagb_comment_info":16,"uagb_excerpt":"A complete fertilizer for orchids in perfect health.\u00a0This orchid fertilizer is specially formulated to provide all the essential nutrients for growth, flowering, and orchid vitality. Thanks to its perfect balance of nitrogen (N), phosphorus (P), and potassium (K) with the NPK 15-15-15 formula, it promotes the development of roots, leaves, and flowers, ensuring abundant and&hellip;","_links":{"self":[{"href":"https:\/\/www.ferberpainting.com\/ee\/wp-json\/wp\/v2\/product\/24732","targetHints":{"allow":["GET"]}}],"collection":[{"href":"https:\/\/www.ferberpainting.com\/ee\/wp-json\/wp\/v2\/product"}],"about":[{"href":"https:\/\/www.ferberpainting.com\/ee\/wp-json\/wp\/v2\/types\/product"}],"replies":[{"embeddable":true,"href":"https:\/\/www.ferberpainting.com\/ee\/wp-json\/wp\/v2\/comments?post=24732"}],"version-history":[{"count":4,"href":"https:\/\/www.ferberpainting.com\/ee\/wp-json\/wp\/v2\/product\/24732\/revisions"}],"predecessor-version":[{"id":166639,"href":"https:\/\/www.ferberpainting.com\/ee\/wp-json\/wp\/v2\/product\/24732\/revisions\/166639"}],"wp:featuredmedia":[{"embeddable":true,"href":"https:\/\/www.ferberpainting.com\/ee\/wp-json\/wp\/v2\/media\/26604"}],"wp:attachment":[{"href":"https:\/\/www.ferberpainting.com\/ee\/wp-json\/wp\/v2\/media?parent=24732"}],"wp:term":[{"taxonomy":"product_brand","embeddable":true,"href":"https:\/\/www.ferberpainting.com\/ee\/wp-json\/wp\/v2\/product_brand?post=24732"},{"taxonomy":"product_cat","embeddable":true,"href":"https:\/\/www.ferberpainting.com\/ee\/wp-json\/wp\/v2\/product_cat?post=24732"},{"taxonomy":"product_tag","embeddable":true,"href":"https:\/\/www.ferberpainting.com\/ee\/wp-json\/wp\/v2\/product_tag?post=24732"}],"curies":[{"name":"wp","href":"https:\/\/api.w.org\/{rel}","templated":true}]}}