{"id":24727,"date":"2025-05-26T10:26:49","date_gmt":"2025-05-26T08:26:49","guid":{"rendered":"https:\/\/www.ferberpainting.com\/products\/oleander-fertilizer\/"},"modified":"2026-02-15T22:37:57","modified_gmt":"2026-02-15T21:37:57","slug":"oleander-fertilizer","status":"publish","type":"product","link":"https:\/\/www.ferberpainting.com\/ee\/products\/oleander-fertilizer\/","title":{"rendered":"Oleandri v\u00e4etis"},"content":{"rendered":"<p><strong><img decoding=\"async\" style=\"margin-right: 12px;\" src=\"https:\/\/www.ferberpainting.com\/wp-content\/uploads\/2026\/02\/Check.svg\" alt=\"\" width=\"18\" height=\"15\" \/>V\u00e4etis, mis on spetsiaalselt m\u00f5eldud rikkaliku \u00f5itsemise ja lopsaka lehestiku saavutamiseks.<\/strong>\u00a0Oleander on Vahemere piirkonna p\u00f5\u00f5sas, mida hinnatakse tema v\u00e4rviliste \u00f5ite ja igihaljast lehestiku poolest. Et s\u00e4ilitada j\u00f5ulist kasvu ja s\u00e4ravat \u00f5itsemist kogu hooaja v\u00e4ltel, vajab ta tasakaalustatud ja olulist toitainetega varustamist. See NPK 15-15-15 v\u00e4etis tagab optimaalse v\u00e4etamise, pakkudes l\u00e4mmastikku (N), mis on vajalik lopsaka ja eluj\u00f5ulise lehestiku arenguks, fosforit (P) s\u00fcgava juurdekasvu ja rikkaliku \u00f5itsemise tagamiseks ning kaaliumi (K), et suurendada haiguskindlust ja tulla toime rasketes ilmastikutingimustes. T\u00e4nu sellisele tasakaalustatud kombinatsioonile on oleandrile kasulik harmooniline kasv ja rikkalik \u00f5itsemine.<\/p>\n<p><strong><img decoding=\"async\" style=\"margin-right: 12px;\" src=\"https:\/\/www.ferberpainting.com\/wp-content\/uploads\/2026\/02\/Check.svg\" alt=\"\" width=\"18\" height=\"15\" \/>Raha tagasi garantii.<\/strong>\u00a0Oleme t\u00e4iesti veendunud meie oleandri v\u00e4etise t\u00f5hususes, mist\u00f5ttu pakume raha tagasi garantiid. Kui p\u00e4rast soovituste kohast kasutamist ei ilmne teie oleandri kasvu, \u00f5itsemise v\u00f5i haiguskindluse m\u00e4rkimisv\u00e4\u00e4rset paranemist, kohustume teile raha tagasi maksma. Seega v\u00f5ite seda toodet osta rahulikult.<\/p>\n<p><strong><img decoding=\"async\" style=\"margin-right: 12px;\" src=\"https:\/\/www.ferberpainting.com\/wp-content\/uploads\/2026\/02\/Check.svg\" alt=\"\" width=\"18\" height=\"15\" \/>Sobib k\u00f5ikide sortide ja kasvatusmeetodite jaoks.<\/strong>\u00a0See v\u00e4etis sobib k\u00f5ikidele oleandri liikidele, olenemata nende \u00f5ie v\u00e4rvusest (roosa, valge, punane, kollane, l\u00f5hepunane). See sobib ideaalselt vabas mullas, pottides, istutuskastides v\u00f5i hekkides kasvatatavatele taimedele, tagades optimaalse v\u00e4etamise, olenemata kasvatusviisist. Samuti sobib see k\u00f5ikide mullaliikidega, olgu need siis lubjarikkad, savised, liivased v\u00f5i huumoririkkad, ning parandab mulla struktuuri, h\u00f5lbustades toitainete imendumist juurte poolt.<\/p>\n<p><strong><img decoding=\"async\" style=\"margin-right: 12px;\" src=\"https:\/\/www.ferberpainting.com\/wp-content\/uploads\/2026\/02\/Check.svg\" alt=\"\" width=\"18\" height=\"15\" \/>Kulut\u00f5hus ja pikaajaline v\u00e4etamine.<\/strong>\u00a0T\u00e4nu kontsentreeritud vedelale valemile saab 5-liitrise mahutiga valmistada kuni 1000 liitrit v\u00e4etislahust, mis tagab pikaajalise ja \u00f6konoomse kasutamise. Annustamine 5 ml \u00fche liitri vee kohta tagab regulaarse ja tasakaalustatud toitainete saamise, v\u00e4ltides igasugust puudust ning optimeerides oleandri kasvu ja \u00f5itsemist ilma liigse v\u00f5i raiskamiseta.<\/p>\n<p><strong><img decoding=\"async\" style=\"margin-right: 12px;\" src=\"https:\/\/www.ferberpainting.com\/wp-content\/uploads\/2026\/02\/Check.svg\" alt=\"\" width=\"18\" height=\"15\" \/>Ohutu ja keskkonnas\u00f5bralik v\u00e4etis.<\/strong>\u00a0Ilma karmide kemikaalideta valmistatud v\u00e4etis austab mulla tasakaalu ja toetab bioloogilist mitmekesisust. See ei sisalda m\u00fcrgiseid elemente, mis v\u00f5iksid kahjustada tolmeldavaid putukaid v\u00f5i kasulikke mulla mikroorganisme. See on ohutu ka lemmikloomadele ja lastele, tagades ohutu kasutamise teie aias, terrassil v\u00f5i r\u00f5dul.<\/p>\n<p><strong><img decoding=\"async\" style=\"margin-right: 12px;\" src=\"https:\/\/www.ferberpainting.com\/wp-content\/uploads\/2026\/02\/Check.svg\" alt=\"\" width=\"18\" height=\"15\" \/>Lihtne pealekandmine ja vaevata v\u00e4etamine.<\/strong>\u00a0Erinevalt granuleeritud v\u00e4etistest, mis n\u00f5uavad hoolikat laotamist, lahjendatakse see v\u00e4etis kohe vees ja seda kantakse kastmise v\u00f5i lehestiku pihustamise teel, mis tagab kiire ja t\u00f5husa imendumise taimedesse. Selle lihtne ja kiire kasutamine meeldib nii amat\u00f6\u00f6ridele kui ka kogenud aednikele, v\u00f5imaldades optimaalset v\u00e4etamist ilma raskusteta.<\/p>\n<p><strong><img decoding=\"async\" style=\"margin-right: 12px;\" src=\"https:\/\/www.ferberpainting.com\/wp-content\/uploads\/2026\/02\/Check.svg\" alt=\"\" width=\"18\" height=\"15\" \/>Pikaajaline toime pidevaks kasvuks ja tugevaks vastupidavuseks.<\/strong>\u00a0T\u00e4nu j\u00e4rkj\u00e4rgulisele toitainete eraldumisele toidab see v\u00e4etis oleandrit mitu n\u00e4dalat, tagades j\u00f5ulise \u00f5itsemise ja tiheda, lopsaka lehestiku. Samuti aitab see tugevdada taime haiguste, kahjurite ja \u00e4\u00e4rmuslike ilmastikutingimuste, n\u00e4iteks p\u00f5ua v\u00f5i hilisk\u00fclma vastu.<\/p>\n<p><strong><img decoding=\"async\" style=\"margin-right: 12px;\" src=\"https:\/\/www.ferberpainting.com\/wp-content\/uploads\/2026\/02\/Check.svg\" alt=\"\" width=\"18\" height=\"15\" \/>N\u00e4htavad tulemused juba paari n\u00e4dala jooksul.<\/strong>\u00a0See v\u00e4etis stimuleerib uute v\u00f5rsete ilmumist, parandab lillede v\u00e4rvi ja parandab lehtede tihedust juba esimestest kasutuskordadest alates. Juba m\u00f5ne n\u00e4dalaga on teie oleander j\u00f5ulisem, \u00f5itseb rikkalikult ja tema lehed on tihedamad ja l\u00e4ikivamad, mis kaunistab teie aeda v\u00f5i r\u00f5du kogu hooaja jooksul.<\/p>\n<h2><strong>Kasutamise protokoll<\/strong><\/h2>\n<p><strong>V\u00e4etise lahjendamine <\/strong>: Segage 5 ml v\u00e4etist 1 liitri vee kohta. Enne iga kasutamist raputage lahust h\u00e4sti, et tagada toitainete \u00fchtlane jaotumine.<\/p>\n<p><strong>Rakendusmeetod <\/strong>:<\/p>\n<ul>\n<li><strong>Kastmisega <\/strong>: Valage lahjendatud lahus otse oleandri jalamile, hoolitsedes selle eest, et muld oleks h\u00e4sti niisutatud, ilma et see oleks liigne, et v\u00e4ltida toitainete \u00e4ravoolu.<\/li>\n<li><strong>Lehtpihustamise teel (vabatahtlik) <\/strong>: Pihustage lahust kergelt lehtedele ja varrastele varahommikul v\u00f5i hilis\u00f5htul, et saavutada maksimaalne imendumine ilma liigse aurustumisohuta.<\/li>\n<\/ul>\n<p><strong>Rakendamise sagedus <\/strong>:<\/p>\n<ul>\n<li><strong>Kasvu- ja \u00f5itsemisperioodil (kevad-suvi) <\/strong>: Kandke v\u00e4etist iga kahe n\u00e4dala tagant, et tagada pidev \u00f5itsemine ja optimaalne kasv.<\/li>\n<li><strong>Puhkeperioodil (s\u00fcgis-talv) <\/strong>: V\u00e4hendage sagedust kord kuus, et s\u00e4ilitada taimede eluj\u00f5ulisus ilma liigset kasvu stimuleerimata.<\/li>\n<\/ul>\n<p><strong>T\u00e4iendav kastmine <\/strong>: P\u00e4rast v\u00e4etise kasutamist oodake 48 tundi, enne kui kastate uuesti, et optimeerida toitainete imendumist juurte poolt.<\/p>\n<p><strong>Ettevaatusabin\u00f5ud kasutamisel <\/strong>: \u00c4rge \u00fcletage soovitatud annuseid, et v\u00e4ltida mineraalsoolade liigset kogunemist substraati, mis v\u00f5ib aeglustada oleandri kasvu. Kandke ainult kergelt niiskele pinnasele, et tagada optimaalne toitainete omastamine.<\/p>\n<p><strong>Ladustamine ja s\u00e4ilitamine <\/strong>: S\u00e4ilitage v\u00e4etist kuivas ja temperamentses kohas, valguse ja niiskuse eest kaitstult. Sulge purk p\u00e4rast iga kasutamist uuesti tihedalt, et s\u00e4ilitada toote t\u00f5husus ja v\u00e4ltida aurustumist.<\/p>\n<p>Selle oleandri v\u00e4etisega annate oma p\u00f5\u00f5sale t\u00e4ieliku ja tema erivajadustele kohandatud toitumise, tagades j\u00f5ulise kasvu, suurejoonelise \u00f5itsemise ja parema vastupidavuse v\u00e4listele tingimustele. See on ideaalne lahendus, et kaunistada oma aeda, terrassi v\u00f5i r\u00f5du lopsakate ja tervete oleandritega aastaringselt.<\/p>","protected":false},"excerpt":{"rendered":"<p>A fertilizer specially designed for abundant blooming and lush foliage.\u00a0Oleander is a Mediterranean shrub appreciated for its colorful flowers and evergreen foliage. To maintain vigorous growth and radiant flowering throughout the season, it needs a balanced and essential nutrient supply. This NPK 15-15-15 fertilizer ensures optimal fertilization by providing nitrogen (N) necessary for the development [&hellip;]<\/p>\n","protected":false},"featured_media":26601,"comment_status":"open","ping_status":"closed","template":"","meta":{"_uag_custom_page_level_css":"","site-sidebar-layout":"default","site-content-layout":"","ast-site-content-layout":"default","site-content-style":"default","site-sidebar-style":"default","ast-global-header-display":"","ast-banner-title-visibility":"","ast-main-header-display":"","ast-hfb-above-header-display":"","ast-hfb-below-header-display":"","ast-hfb-mobile-header-display":"","site-post-title":"","ast-breadcrumbs-content":"","ast-featured-img":"","footer-sml-layout":"","ast-disable-related-posts":"","theme-transparent-header-meta":"default","adv-header-id-meta":"","stick-header-meta":"","header-above-stick-meta":"","header-main-stick-meta":"","header-below-stick-meta":"","astra-migrate-meta-layouts":"set","ast-page-background-enabled":"default","ast-page-background-meta":{"desktop":{"background-color":"var(--ast-global-color-4)","background-image":"","background-repeat":"repeat","background-position":"center center","background-size":"auto","background-attachment":"scroll","background-type":"","background-media":"","overlay-type":"","overlay-color":"","overlay-opacity":"","overlay-gradient":""},"tablet":{"background-color":"","background-image":"","background-repeat":"repeat","background-position":"center center","background-size":"auto","background-attachment":"scroll","background-type":"","background-media":"","overlay-type":"","overlay-color":"","overlay-opacity":"","overlay-gradient":""},"mobile":{"background-color":"","background-image":"","background-repeat":"repeat","background-position":"center center","background-size":"auto","background-attachment":"scroll","background-type":"","background-media":"","overlay-type":"","overlay-color":"","overlay-opacity":"","overlay-gradient":""}},"ast-content-background-meta":{"desktop":{"background-color":"var(--ast-global-color-5)","background-image":"","background-repeat":"repeat","background-position":"center center","background-size":"auto","background-attachment":"scroll","background-type":"","background-media":"","overlay-type":"","overlay-color":"","overlay-opacity":"","overlay-gradient":""},"tablet":{"background-color":"var(--ast-global-color-5)","background-image":"","background-repeat":"repeat","background-position":"center center","background-size":"auto","background-attachment":"scroll","background-type":"","background-media":"","overlay-type":"","overlay-color":"","overlay-opacity":"","overlay-gradient":""},"mobile":{"background-color":"var(--ast-global-color-5)","background-image":"","background-repeat":"repeat","background-position":"center center","background-size":"auto","background-attachment":"scroll","background-type":"","background-media":"","overlay-type":"","overlay-color":"","overlay-opacity":"","overlay-gradient":""}}},"product_brand":[],"product_cat":[178],"product_tag":[],"class_list":{"0":"post-24727","1":"product","2":"type-product","3":"status-publish","4":"has-post-thumbnail","6":"product_cat-fertilizers","7":"desktop-align-left","8":"tablet-align-left","9":"mobile-align-left","11":"first","12":"instock","13":"sale","14":"taxable","15":"shipping-taxable","16":"purchasable","17":"product-type-variable","18":"has-default-attributes"},"spectra_custom_meta":{"_visibility":["visible"],"_shopify_product_id":["9067633639669"],"_s2w_shopify_domain":["ferberpainting.myshopify.com"],"_shopify_variant_id":["46508144427253"],"_sku":[""],"_manage_stock":["no"],"total_sales":["66"],"_tax_status":["taxable"],"_tax_class":[""],"_backorders":["no"],"_sold_individually":["no"],"_virtual":["no"],"_downloadable":["no"],"_download_limit":["-1"],"_download_expiry":["-1"],"_stock":[null],"_stock_status":["instock"],"_wc_average_rating":["4.50"],"_wc_review_count":["6"],"_product_attributes":["a:1:{s:6:\"volume\";a:6:{s:4:\"name\";s:6:\"Volume\";s:5:\"value\";s:20:\"5 liters | 25 liters\";s:8:\"position\";i:1;s:10:\"is_visible\";i:0;s:12:\"is_variation\";i:1;s:11:\"is_taxonomy\";i:0;}}"],"_product_version":["10.5.1"],"_thumbnail_id":["26601"],"_product_image_gallery":["26602"],"wpse_downloadable_file_names":[""],"wpse_downloadable_file_urls":[""],"_edit_last":["1"],"_default_attributes":["a:1:{s:6:\"volume\";s:8:\"5 liters\";}"],"_edit_lock":["1771191437:1"],"_price":["29.90","129.90"],"merchant-center-availability":["yes"],"merchant-center-category":["113"],"_wp_page_template":["default"],"site-sidebar-layout":["default"],"ast-site-content-layout":["default"],"site-content-style":["default"],"site-sidebar-style":["default"],"theme-transparent-header-meta":["default"],"_wc_rating_count":["a:2:{i:4;i:3;i:5;i:3;}"],"astra-migrate-meta-layouts":["set"],"_uag_css_file_name":["uag-css-24727.css"],"_elementor_page_assets":["a:0:{}"],"_uag_page_assets":["a:9:{s:3:\"css\";s:7133:\".uag-blocks-common-selector{z-index:var(--z-index-desktop) !important}@media(max-width: 976px){.uag-blocks-common-selector{z-index:var(--z-index-tablet) !important}}@media(max-width: 767px){.uag-blocks-common-selector{z-index:var(--z-index-mobile) !important}}.wp-block-uagb-image{display:flex}.wp-block-uagb-image__figure{position:relative;display:flex;flex-direction:column;max-width:100%;height:auto;margin:0}.wp-block-uagb-image__figure img{height:auto;display:flex;max-width:100%;transition:box-shadow .2s ease}.wp-block-uagb-image__figure>a{display:inline-block}.wp-block-uagb-image__figure figcaption{text-align:center;margin-top:.5em;margin-bottom:1em}.wp-block-uagb-image .components-placeholder.block-editor-media-placeholder .components-placeholder__instructions{align-self:center}.wp-block-uagb-image--align-left{text-align:left}.wp-block-uagb-image--align-right{text-align:right}.wp-block-uagb-image--align-center{text-align:center}.wp-block-uagb-image--align-full .wp-block-uagb-image__figure{margin-left:calc(50% - 50vw);margin-right:calc(50% - 50vw);max-width:100vw;width:100vw;height:auto}.wp-block-uagb-image--align-full .wp-block-uagb-image__figure img{height:auto;width:100% !important}.wp-block-uagb-image--align-wide .wp-block-uagb-image__figure img{height:auto;width:100%}.wp-block-uagb-image--layout-overlay__color-wrapper{position:absolute;left:0;top:0;right:0;bottom:0;opacity:.2;background:rgba(0,0,0,.5);transition:opacity .35s ease-in-out}.wp-block-uagb-image--layout-overlay-link{position:absolute;left:0;right:0;bottom:0;top:0}.wp-block-uagb-image--layout-overlay .wp-block-uagb-image__figure:hover .wp-block-uagb-image--layout-overlay__color-wrapper{opacity:1}.wp-block-uagb-image--layout-overlay__inner{position:absolute;left:15px;right:15px;bottom:15px;top:15px;display:flex;align-items:center;justify-content:center;flex-direction:column;border-color:#fff;transition:.35s ease-in-out}.wp-block-uagb-image--layout-overlay__inner.top-left,.wp-block-uagb-image--layout-overlay__inner.top-center,.wp-block-uagb-image--layout-overlay__inner.top-right{justify-content:flex-start}.wp-block-uagb-image--layout-overlay__inner.bottom-left,.wp-block-uagb-image--layout-overlay__inner.bottom-center,.wp-block-uagb-image--layout-overlay__inner.bottom-right{justify-content:flex-end}.wp-block-uagb-image--layout-overlay__inner.top-left,.wp-block-uagb-image--layout-overlay__inner.center-left,.wp-block-uagb-image--layout-overlay__inner.bottom-left{align-items:flex-start}.wp-block-uagb-image--layout-overlay__inner.top-right,.wp-block-uagb-image--layout-overlay__inner.center-right,.wp-block-uagb-image--layout-overlay__inner.bottom-right{align-items:flex-end}.wp-block-uagb-image--layout-overlay__inner .uagb-image-heading{color:#fff;transition:transform .35s,opacity .35s ease-in-out;transform:translate3d(0, 24px, 0);margin:0;line-height:1em}.wp-block-uagb-image--layout-overlay__inner .uagb-image-separator{width:30%;border-top-width:2px;border-top-color:#fff;border-top-style:solid;margin-bottom:10px;opacity:0;transition:transform .4s,opacity .4s ease-in-out;transform:translate3d(0, 30px, 0)}.wp-block-uagb-image--layout-overlay__inner .uagb-image-caption{opacity:0;overflow:visible;color:#fff;transition:transform .45s,opacity .45s ease-in-out;transform:translate3d(0, 35px, 0)}.wp-block-uagb-image--layout-overlay__inner:hover .uagb-image-heading,.wp-block-uagb-image--layout-overlay__inner:hover .uagb-image-separator,.wp-block-uagb-image--layout-overlay__inner:hover .uagb-image-caption{opacity:1;transform:translate3d(0, 0, 0)}.wp-block-uagb-image--effect-zoomin .wp-block-uagb-image__figure img,.wp-block-uagb-image--effect-zoomin .wp-block-uagb-image__figure .wp-block-uagb-image--layout-overlay__color-wrapper{transform:scale(1);transition:transform .35s ease-in-out}.wp-block-uagb-image--effect-zoomin .wp-block-uagb-image__figure:hover img,.wp-block-uagb-image--effect-zoomin .wp-block-uagb-image__figure:hover .wp-block-uagb-image--layout-overlay__color-wrapper{transform:scale(1.05)}.wp-block-uagb-image--effect-slide .wp-block-uagb-image__figure img,.wp-block-uagb-image--effect-slide .wp-block-uagb-image__figure .wp-block-uagb-image--layout-overlay__color-wrapper{width:calc(100% + 40px) !important;max-width:none !important;transform:translate3d(-40px, 0, 0);transition:transform .35s ease-in-out}.wp-block-uagb-image--effect-slide .wp-block-uagb-image__figure:hover img,.wp-block-uagb-image--effect-slide .wp-block-uagb-image__figure:hover .wp-block-uagb-image--layout-overlay__color-wrapper{transform:translate3d(0, 0, 0)}.wp-block-uagb-image--effect-grayscale img{filter:grayscale(0%);transition:.35s ease-in-out}.wp-block-uagb-image--effect-grayscale:hover img{filter:grayscale(100%)}.wp-block-uagb-image--effect-blur img{filter:blur(0);transition:.35s ease-in-out}.wp-block-uagb-image--effect-blur:hover img{filter:blur(3px)}.uagb-block-e6f939b3.wp-block-uagb-image--layout-default figure img{box-shadow: 0px 0px 0 #00000070;}.uagb-block-e6f939b3.wp-block-uagb-image .wp-block-uagb-image__figure figcaption{font-style: normal;align-self: center;}.uagb-block-e6f939b3.wp-block-uagb-image--layout-overlay figure img{box-shadow: 0px 0px 0 #00000070;}.uagb-block-e6f939b3.wp-block-uagb-image--layout-overlay .wp-block-uagb-image--layout-overlay__color-wrapper{opacity: 0.2;}.uagb-block-e6f939b3.wp-block-uagb-image--layout-overlay .wp-block-uagb-image--layout-overlay__inner{left: 15px;right: 15px;top: 15px;bottom: 15px;}.uagb-block-e6f939b3.wp-block-uagb-image--layout-overlay .wp-block-uagb-image--layout-overlay__inner .uagb-image-heading{font-style: normal;color: #fff;opacity: 1;}.uagb-block-e6f939b3.wp-block-uagb-image--layout-overlay .wp-block-uagb-image--layout-overlay__inner .uagb-image-heading a{color: #fff;}.uagb-block-e6f939b3.wp-block-uagb-image--layout-overlay .wp-block-uagb-image--layout-overlay__inner .uagb-image-caption{opacity: 0;}.uagb-block-e6f939b3.wp-block-uagb-image--layout-overlay .wp-block-uagb-image__figure:hover .wp-block-uagb-image--layout-overlay__color-wrapper{opacity: 1;}.uagb-block-e6f939b3.wp-block-uagb-image .wp-block-uagb-image--layout-overlay__inner .uagb-image-separator{width: 30%;border-top-width: 2px;border-top-color: #fff;opacity: 0;}.uagb-block-e6f939b3.wp-block-uagb-image .wp-block-uagb-image__figure img{width: px;height: auto;}.uagb-block-e6f939b3.wp-block-uagb-image .wp-block-uagb-image__figure:hover .wp-block-uagb-image--layout-overlay__inner .uagb-image-caption{opacity: 1;}.uagb-block-e6f939b3.wp-block-uagb-image .wp-block-uagb-image__figure:hover .wp-block-uagb-image--layout-overlay__inner .uagb-image-separator{opacity: 1;}.uagb-block-e6f939b3.wp-block-uagb-image--layout-default figure:hover img{box-shadow: 0px 0px 0 #00000070;}.uagb-block-e6f939b3.wp-block-uagb-image--layout-overlay figure:hover img{box-shadow: 0px 0px 0 #00000070;}@media only screen and (max-width: 976px) {.uagb-block-e6f939b3.wp-block-uagb-image .wp-block-uagb-image__figure img{width: px;height: auto;}}@media only screen and (max-width: 767px) {.uagb-block-e6f939b3.wp-block-uagb-image .wp-block-uagb-image__figure img{width: px;height: auto;}}\";s:2:\"js\";s:0:\"\";s:18:\"current_block_list\";a:13:{i:0;s:11:\"core\/search\";i:1;s:10:\"core\/group\";i:2;s:12:\"core\/heading\";i:3;s:17:\"core\/latest-posts\";i:4;s:20:\"core\/latest-comments\";i:5;s:13:\"core\/archives\";i:6;s:15:\"core\/categories\";i:7;s:14:\"core\/paragraph\";i:8;s:10:\"uagb\/image\";i:9;s:11:\"core\/spacer\";i:10;s:30:\"woocommerce\/product-categories\";i:11;s:10:\"core\/image\";i:12;s:14:\"core\/shortcode\";}s:8:\"uag_flag\";b:1;s:11:\"uag_version\";s:10:\"1777197221\";s:6:\"gfonts\";a:0:{}s:10:\"gfonts_url\";s:0:\"\";s:12:\"gfonts_files\";a:0:{}s:14:\"uag_faq_layout\";b:0;}"]},"uagb_featured_image_src":{"full":["https:\/\/www.ferberpainting.com\/wp-content\/uploads\/2025\/05\/Oleander_Fertilizer_5L.png",2560,2560,false],"thumbnail":["https:\/\/www.ferberpainting.com\/wp-content\/uploads\/2025\/05\/Oleander_Fertilizer_5L-150x150.png",150,150,true],"medium":["https:\/\/www.ferberpainting.com\/wp-content\/uploads\/2025\/05\/Oleander_Fertilizer_5L-300x300.png",300,300,true],"medium_large":["https:\/\/www.ferberpainting.com\/wp-content\/uploads\/2025\/05\/Oleander_Fertilizer_5L-768x768.png",768,768,true],"large":["https:\/\/www.ferberpainting.com\/wp-content\/uploads\/2025\/05\/Oleander_Fertilizer_5L-1024x1024.png",1024,1024,true],"1536x1536":["https:\/\/www.ferberpainting.com\/wp-content\/uploads\/2025\/05\/Oleander_Fertilizer_5L-1536x1536.png",1536,1536,true],"2048x2048":["https:\/\/www.ferberpainting.com\/wp-content\/uploads\/2025\/05\/Oleander_Fertilizer_5L-2048x2048.png",2048,2048,true],"trp-custom-language-flag":["https:\/\/www.ferberpainting.com\/wp-content\/uploads\/2025\/05\/Oleander_Fertilizer_5L-12x12.png",12,12,true],"woocommerce_thumbnail":["https:\/\/www.ferberpainting.com\/wp-content\/uploads\/2025\/05\/Oleander_Fertilizer_5L-300x300.png",300,300,true],"woocommerce_single":["https:\/\/www.ferberpainting.com\/wp-content\/uploads\/2025\/05\/Oleander_Fertilizer_5L-600x600.png",600,600,true],"woocommerce_gallery_thumbnail":["https:\/\/www.ferberpainting.com\/wp-content\/uploads\/2025\/05\/Oleander_Fertilizer_5L-100x100.png",100,100,true]},"uagb_author_info":{"display_name":"admin","author_link":"https:\/\/www.ferberpainting.com\/ee\/author\/"},"uagb_comment_info":6,"uagb_excerpt":"A fertilizer specially designed for abundant blooming and lush foliage.\u00a0Oleander is a Mediterranean shrub appreciated for its colorful flowers and evergreen foliage. To maintain vigorous growth and radiant flowering throughout the season, it needs a balanced and essential nutrient supply. This NPK 15-15-15 fertilizer ensures optimal fertilization by providing nitrogen (N) necessary for the development&hellip;","_links":{"self":[{"href":"https:\/\/www.ferberpainting.com\/ee\/wp-json\/wp\/v2\/product\/24727","targetHints":{"allow":["GET"]}}],"collection":[{"href":"https:\/\/www.ferberpainting.com\/ee\/wp-json\/wp\/v2\/product"}],"about":[{"href":"https:\/\/www.ferberpainting.com\/ee\/wp-json\/wp\/v2\/types\/product"}],"replies":[{"embeddable":true,"href":"https:\/\/www.ferberpainting.com\/ee\/wp-json\/wp\/v2\/comments?post=24727"}],"version-history":[{"count":3,"href":"https:\/\/www.ferberpainting.com\/ee\/wp-json\/wp\/v2\/product\/24727\/revisions"}],"predecessor-version":[{"id":166633,"href":"https:\/\/www.ferberpainting.com\/ee\/wp-json\/wp\/v2\/product\/24727\/revisions\/166633"}],"wp:featuredmedia":[{"embeddable":true,"href":"https:\/\/www.ferberpainting.com\/ee\/wp-json\/wp\/v2\/media\/26601"}],"wp:attachment":[{"href":"https:\/\/www.ferberpainting.com\/ee\/wp-json\/wp\/v2\/media?parent=24727"}],"wp:term":[{"taxonomy":"product_brand","embeddable":true,"href":"https:\/\/www.ferberpainting.com\/ee\/wp-json\/wp\/v2\/product_brand?post=24727"},{"taxonomy":"product_cat","embeddable":true,"href":"https:\/\/www.ferberpainting.com\/ee\/wp-json\/wp\/v2\/product_cat?post=24727"},{"taxonomy":"product_tag","embeddable":true,"href":"https:\/\/www.ferberpainting.com\/ee\/wp-json\/wp\/v2\/product_tag?post=24727"}],"curies":[{"name":"wp","href":"https:\/\/api.w.org\/{rel}","templated":true}]}}