{"id":24721,"date":"2025-07-01T00:36:03","date_gmt":"2025-06-30T22:36:03","guid":{"rendered":"https:\/\/www.ferberpainting.com\/?post_type=product&#038;p=24721"},"modified":"2026-02-20T08:47:00","modified_gmt":"2026-02-20T07:47:00","slug":"natural-stone-granite-cleaner","status":"publish","type":"product","link":"https:\/\/www.ferberpainting.com\/ee\/products\/natural-stone-granite-cleaner\/","title":{"rendered":"Loodusliku kivi ja graniidi puhastusvahend"},"content":{"rendered":"<p><strong><img decoding=\"async\" style=\"margin-right: 12px;\" src=\"https:\/\/www.ferberpainting.com\/wp-content\/uploads\/2026\/02\/Check.svg\" alt=\"\" width=\"18\" height=\"15\" \/>Optimaalne t\u00f5husus.<\/strong>\u00a0See graniidi ja loodusliku kivi puhastusvahend on spetsiaalselt loodud selleks, et k\u00f5rvaldada t\u00f5husalt plekke, lubjakivikihti, rasvaj\u00e4lgi, orgaanilisi j\u00e4\u00e4ke ja muid mineraalsete pindade l\u00e4iget h\u00e4gustavaid lisandeid. Selle v\u00f5imas koostis tungib s\u00fcgavale, et taastada kivi loomulik ilu, s\u00e4ilitades samal ajal selle struktuuri. See puhastab, muutmata v\u00f5i kahjustamata tundlikke pindu, pakkudes t\u00f5husat ja pikaajalist hooldust.<\/p>\n<p><strong><img decoding=\"async\" style=\"margin-right: 12px;\" src=\"https:\/\/www.ferberpainting.com\/wp-content\/uploads\/2026\/02\/Check.svg\" alt=\"\" width=\"18\" height=\"15\" \/>Raha tagasi garantii.<\/strong>\u00a0Oleme kindlad meie puhastusvahendi tulemuslikkuses. Kui p\u00e4rast kasutamist ei ole te tulemustega t\u00e4ielikult rahul, on teil \u00f5igus saada raha tagasi. Proovige meie toodet riskivabalt ja tooge oma looduslikele kivipindadele h\u00f5lpsasti tagasi s\u00e4ra ja elegantsus.<\/p>\n<p><strong><img decoding=\"async\" style=\"margin-right: 12px;\" src=\"https:\/\/www.ferberpainting.com\/wp-content\/uploads\/2026\/02\/Check.svg\" alt=\"\" width=\"18\" height=\"15\" \/>Erakordne mitmek\u00fclgsus.<\/strong> See puhastusvahend ei piirdu graniidiga, vaid sobib ideaalselt ka muude looduskivide, nagu marmor, kiltkivi, travertiin, lubjakivi, sinine kivi, kvartsiit ja isegi m\u00f5ned lihvitud betoonpinnad, puhastamiseks. See sobib ideaalselt t\u00f6\u00f6pindade, p\u00f5randate, seinte, treppide, pritsmete, du\u0161ipindade ja isegi hauakivide ja v\u00e4liskivide puhastamiseks. T\u00e4nu laialdasele sobivusele paljude pindadega tagab see optimaalse puhastamise, s\u00e4ilitades samal ajal looduslike kivide kvaliteedi.<\/p>\n<p><strong><img decoding=\"async\" style=\"margin-right: 12px;\" src=\"https:\/\/www.ferberpainting.com\/wp-content\/uploads\/2026\/02\/Check.svg\" alt=\"\" width=\"18\" height=\"15\" \/>Kulut\u00f5hus.<\/strong>\u00a05-liitrise kanistri ja \u00fclit\u00f5husa koostisega puhastusvahend pakub suurep\u00e4rast saagikust. V\u00e4ikesest kogusest piisab suurte pindade katmiseks ilma j\u00e4\u00e4tmeteta. Keskmiselt puhastab \u00fcks liiter toodet kuni 50 m\u00b2 looduskivi, mis teeb sellest kuluefektiivse ja usaldusv\u00e4\u00e4rse lahenduse kivipindade hooldamiseks sise- ja v\u00e4listingimustes.<\/p>\n<p><strong><img decoding=\"async\" style=\"margin-right: 12px;\" src=\"https:\/\/www.ferberpainting.com\/wp-content\/uploads\/2026\/02\/Check.svg\" alt=\"\" width=\"18\" height=\"15\" \/>Ohutu kasutamine.<\/strong>\u00a0Erinevalt happelistest v\u00f5i abrasiivsetest puhastusvahenditest, mis v\u00f5ivad kahjustada looduskivi, on see puhastusvahend spetsiaalselt ette n\u00e4htud \u00f5rnaks ja ohutuks puhastamiseks. See ei sisalda agressiivseid lahusteid, ei eralda m\u00fcrgiseid aurusid ega p\u00f5hjusta naha\u00e4rritust. See arvestab kivi poorset struktuuri ja tagab s\u00fcgavpuhastuse ilma muutusteta. Sobib ideaalselt k\u00f6\u00f6kidesse, vannitubadesse ja v\u00e4lisruumidesse ning seda saab ohutult kasutada laste ja lemmikloomade l\u00e4heduses.<\/p>\n<p><strong><img decoding=\"async\" style=\"margin-right: 12px;\" src=\"https:\/\/www.ferberpainting.com\/wp-content\/uploads\/2026\/02\/Check.svg\" alt=\"\" width=\"18\" height=\"15\" \/>Kasutamise lihtsus.<\/strong>\u00a0See toode on kasutusvalmis ja ei vaja lahjendamist ega keerulist ettevalmistamist. Seda v\u00f5ib kanda otse pinnale k\u00e4sna, lapi, mopi v\u00f5i pihusti abil. Selle kiire toime ja intuitiivne pealekandmine v\u00f5imaldavad t\u00f5husat puhastamist vaid m\u00f5ne lihtsa sammuga, vaevata ja ilma liigse loputamiseta.<\/p>\n<p><strong><img decoding=\"async\" style=\"margin-right: 12px;\" src=\"https:\/\/www.ferberpainting.com\/wp-content\/uploads\/2026\/02\/Check.svg\" alt=\"\" width=\"18\" height=\"15\" \/>Suurendatud vastupidavus.<\/strong>\u00a0Eemaldades j\u00e4\u00e4gid ja s\u00e4ilitades loodusliku kivi terviklikkuse, aitab see puhastusvahend pikendada pinna s\u00e4ra ja pikaajalist vastupidavust. See hoiab \u00e4ra pooride ummistumise ja kangekaelsete plekkide tekke, j\u00e4ttes teie pinnad puhtaks ja elegantseks. Regulaarne hooldus selle tootega s\u00e4ilitab kivi loomuliku v\u00e4limuse ilma kahjustuste ohuta.<\/p>\n<p><strong><img decoding=\"async\" style=\"margin-right: 12px;\" src=\"https:\/\/www.ferberpainting.com\/wp-content\/uploads\/2026\/02\/Check.svg\" alt=\"\" width=\"18\" height=\"15\" \/>Kiire tegevus.<\/strong>\u00a0T\u00e4nu v\u00e4ga aktiivsele koostisele toimib see puhastusvahend kohe mustuse ja kinnistunud mustuse vastu. Vaid m\u00f5ne minutiga lahustab see plekid ja aitab need eemaldada ilma intensiivse k\u00fc\u00fcrimiseta. Selle kohene toime on ideaalne looduskivipindade kiireks ja t\u00f5husaks puhastamiseks nii sise- kui ka v\u00e4listingimustes.<\/p>\n<h2><strong>Kasutusjuhised<\/strong><\/h2>\n<ul>\n<li><strong>Ettevalmistus <\/strong>: Enne toote pealekandmist veenduge, et pind on vaba tolmust ja prahist, p\u00fchkides v\u00f5i tolmuimejaga tolmuimeja.<\/li>\n<li><strong>K\u00e4sitsi rakendamine <\/strong>: Valage v\u00e4ike kogus puhastusvahendit k\u00e4snale, lapile v\u00f5i mopile, seej\u00e4rel kandke see \u00fchtlaselt \u00fcle kivi, tehes ringikujulisi liigutusi, et eemaldada mustus.<\/li>\n<li><strong>Kasutamine suurtel pindadel <\/strong>: P\u00f5randate ja laiade pindade puhul kasutage mikrokiudmoppi v\u00f5i kergelt niisket, tootega niisutatud moppi ja p\u00fchkige kogu pind \u00fcle, ilma liiga tugevalt h\u00f5\u00f5rumata.<\/li>\n<li><strong>P\u00fcsivate plekkide puhastamine <\/strong>: Laske tootel 5-10 minutit m\u00f5juda raskematel plekkidel, enne kui puhastate seda \u00f5rnalt pehme harjaga v\u00f5i mitteabrasiivse k\u00e4snaga, seej\u00e4rel p\u00fchkige puhtaks.<\/li>\n<li><strong>Loputamine <\/strong>: \u00dcldiseks puhastamiseks ei ole vaja loputada. Kuid veega kokkupuutuvate pindade, n\u00e4iteks t\u00f6\u00f6pindade v\u00f5i du\u0161\u0161ide puhul p\u00fchkige neid siiski niiske lapiga, et tagada t\u00e4iuslik viimistlus.<\/li>\n<li><strong>Kuivatamine ja viimistlemine <\/strong>: Laske \u00f5hu k\u00e4es kuivada v\u00f5i p\u00fchkige puhta ja kuiva mikrokiudlapiga, et saada l\u00e4ikivam ja triibuvaba viimistlus.<\/li>\n<li><strong>Kasutamise sagedus <\/strong>: Kandke kord n\u00e4dalas rutiinseks puhastamiseks v\u00f5i niipea, kui ilmneb n\u00e4htav mustus v\u00f5i plekid, et v\u00e4ltida nende kuhjumist. V\u00e4lispindade puhul soovitatakse igakuist puhastamist, et s\u00e4ilitada graniidi ja kivi loomulikku l\u00e4iget.<\/li>\n<li><strong>Ladustamine <\/strong>: P\u00e4rast kasutamist sulgege kanister uuesti tihedalt ja hoidke seda jahedas ja kuivas kohas, eemal valgusest ja \u00e4\u00e4rmuslikest temperatuuridest, et s\u00e4ilitada toote t\u00f5husus pikema aja jooksul.<\/li>\n<\/ul>\n<p>Meie graniidi ja loodusliku kivi puhastusvahendiga tagate optimaalse, kiire ja t\u00f5husa hoolduse, s\u00e4ilitades samal ajal teie mineraalsete pindade s\u00e4ra ja vastupidavuse. Ideaalne lahendus graniidi ja kivi loodusliku ilu kaitsmiseks ja suurendamiseks, vaevata.<\/p>","protected":false},"excerpt":{"rendered":"<p>Optimal Effectiveness.\u00a0This cleaner for granite and natural stone is specially designed to effectively eliminate stains, limescale deposits, grease marks, organic residues, and other impurities that tarnish the shine of mineral surfaces. Its powerful formula penetrates deeply to restore the natural beauty of stone while preserving its structure. It cleans without altering or damaging delicate surfaces, [&hellip;]<\/p>\n","protected":false},"featured_media":36080,"comment_status":"open","ping_status":"closed","template":"","meta":{"_uag_custom_page_level_css":"","site-sidebar-layout":"default","site-content-layout":"","ast-site-content-layout":"default","site-content-style":"default","site-sidebar-style":"default","ast-global-header-display":"","ast-banner-title-visibility":"","ast-main-header-display":"","ast-hfb-above-header-display":"","ast-hfb-below-header-display":"","ast-hfb-mobile-header-display":"","site-post-title":"","ast-breadcrumbs-content":"","ast-featured-img":"","footer-sml-layout":"","ast-disable-related-posts":"","theme-transparent-header-meta":"default","adv-header-id-meta":"","stick-header-meta":"","header-above-stick-meta":"","header-main-stick-meta":"","header-below-stick-meta":"","astra-migrate-meta-layouts":"set","ast-page-background-enabled":"default","ast-page-background-meta":{"desktop":{"background-color":"var(--ast-global-color-4)","background-image":"","background-repeat":"repeat","background-position":"center center","background-size":"auto","background-attachment":"scroll","background-type":"","background-media":"","overlay-type":"","overlay-color":"","overlay-opacity":"","overlay-gradient":""},"tablet":{"background-color":"","background-image":"","background-repeat":"repeat","background-position":"center center","background-size":"auto","background-attachment":"scroll","background-type":"","background-media":"","overlay-type":"","overlay-color":"","overlay-opacity":"","overlay-gradient":""},"mobile":{"background-color":"","background-image":"","background-repeat":"repeat","background-position":"center center","background-size":"auto","background-attachment":"scroll","background-type":"","background-media":"","overlay-type":"","overlay-color":"","overlay-opacity":"","overlay-gradient":""}},"ast-content-background-meta":{"desktop":{"background-color":"var(--ast-global-color-5)","background-image":"","background-repeat":"repeat","background-position":"center center","background-size":"auto","background-attachment":"scroll","background-type":"","background-media":"","overlay-type":"","overlay-color":"","overlay-opacity":"","overlay-gradient":""},"tablet":{"background-color":"var(--ast-global-color-5)","background-image":"","background-repeat":"repeat","background-position":"center center","background-size":"auto","background-attachment":"scroll","background-type":"","background-media":"","overlay-type":"","overlay-color":"","overlay-opacity":"","overlay-gradient":""},"mobile":{"background-color":"var(--ast-global-color-5)","background-image":"","background-repeat":"repeat","background-position":"center center","background-size":"auto","background-attachment":"scroll","background-type":"","background-media":"","overlay-type":"","overlay-color":"","overlay-opacity":"","overlay-gradient":""}}},"product_brand":[],"product_cat":[175],"product_tag":[],"class_list":{"0":"post-24721","1":"product","2":"type-product","3":"status-publish","4":"has-post-thumbnail","6":"product_cat-cleaning-products","7":"desktop-align-left","8":"tablet-align-left","9":"mobile-align-left","11":"first","12":"instock","13":"sale","14":"taxable","15":"shipping-taxable","16":"purchasable","17":"product-type-variable","18":"has-default-attributes"},"spectra_custom_meta":{"_visibility":["visible"],"_shopify_product_id":["9102428504309"],"_s2w_shopify_domain":["ferberpainting.myshopify.com"],"_shopify_variant_id":["46616245502197"],"_sku":[""],"_manage_stock":["no"],"total_sales":["127"],"_tax_status":["taxable"],"_tax_class":[""],"_backorders":["no"],"_sold_individually":["no"],"_virtual":["no"],"_downloadable":["no"],"_download_limit":["-1"],"_download_expiry":["-1"],"_stock":[null],"_stock_status":["instock"],"_wc_average_rating":["5.00"],"_wc_review_count":["1"],"_product_attributes":["a:1:{s:6:\"volume\";a:6:{s:4:\"name\";s:6:\"Volume\";s:5:\"value\";s:20:\"5 liters | 25 liters\";s:8:\"position\";i:1;s:10:\"is_visible\";i:0;s:12:\"is_variation\";i:1;s:11:\"is_taxonomy\";i:0;}}"],"_product_version":["10.5.2"],"wpse_downloadable_file_names":[""],"wpse_downloadable_file_urls":[""],"_edit_last":["1"],"_default_attributes":["a:1:{s:6:\"volume\";s:8:\"5 liters\";}"],"_edit_lock":["1772576143:3822"],"_price":["29.90","129.90"],"merchant-center-availability":["yes"],"merchant-center-category":["7504"],"_thumbnail_id":["36080"],"_wp_page_template":["default"],"_wp_old_date":["2025-05-26"],"_product_image_gallery":["36081"],"site-sidebar-layout":["default"],"ast-site-content-layout":["default"],"site-content-style":["default"],"site-sidebar-style":["default"],"theme-transparent-header-meta":["default"],"_wc_rating_count":["a:1:{i:5;i:1;}"],"astra-migrate-meta-layouts":["set"],"_uag_css_file_name":["uag-css-24721.css"],"_uag_page_assets":["a:9:{s:3:\"css\";s:7133:\".uag-blocks-common-selector{z-index:var(--z-index-desktop) !important}@media(max-width: 976px){.uag-blocks-common-selector{z-index:var(--z-index-tablet) !important}}@media(max-width: 767px){.uag-blocks-common-selector{z-index:var(--z-index-mobile) !important}}.wp-block-uagb-image{display:flex}.wp-block-uagb-image__figure{position:relative;display:flex;flex-direction:column;max-width:100%;height:auto;margin:0}.wp-block-uagb-image__figure img{height:auto;display:flex;max-width:100%;transition:box-shadow .2s ease}.wp-block-uagb-image__figure>a{display:inline-block}.wp-block-uagb-image__figure figcaption{text-align:center;margin-top:.5em;margin-bottom:1em}.wp-block-uagb-image .components-placeholder.block-editor-media-placeholder .components-placeholder__instructions{align-self:center}.wp-block-uagb-image--align-left{text-align:left}.wp-block-uagb-image--align-right{text-align:right}.wp-block-uagb-image--align-center{text-align:center}.wp-block-uagb-image--align-full .wp-block-uagb-image__figure{margin-left:calc(50% - 50vw);margin-right:calc(50% - 50vw);max-width:100vw;width:100vw;height:auto}.wp-block-uagb-image--align-full .wp-block-uagb-image__figure img{height:auto;width:100% !important}.wp-block-uagb-image--align-wide .wp-block-uagb-image__figure img{height:auto;width:100%}.wp-block-uagb-image--layout-overlay__color-wrapper{position:absolute;left:0;top:0;right:0;bottom:0;opacity:.2;background:rgba(0,0,0,.5);transition:opacity .35s ease-in-out}.wp-block-uagb-image--layout-overlay-link{position:absolute;left:0;right:0;bottom:0;top:0}.wp-block-uagb-image--layout-overlay .wp-block-uagb-image__figure:hover .wp-block-uagb-image--layout-overlay__color-wrapper{opacity:1}.wp-block-uagb-image--layout-overlay__inner{position:absolute;left:15px;right:15px;bottom:15px;top:15px;display:flex;align-items:center;justify-content:center;flex-direction:column;border-color:#fff;transition:.35s ease-in-out}.wp-block-uagb-image--layout-overlay__inner.top-left,.wp-block-uagb-image--layout-overlay__inner.top-center,.wp-block-uagb-image--layout-overlay__inner.top-right{justify-content:flex-start}.wp-block-uagb-image--layout-overlay__inner.bottom-left,.wp-block-uagb-image--layout-overlay__inner.bottom-center,.wp-block-uagb-image--layout-overlay__inner.bottom-right{justify-content:flex-end}.wp-block-uagb-image--layout-overlay__inner.top-left,.wp-block-uagb-image--layout-overlay__inner.center-left,.wp-block-uagb-image--layout-overlay__inner.bottom-left{align-items:flex-start}.wp-block-uagb-image--layout-overlay__inner.top-right,.wp-block-uagb-image--layout-overlay__inner.center-right,.wp-block-uagb-image--layout-overlay__inner.bottom-right{align-items:flex-end}.wp-block-uagb-image--layout-overlay__inner .uagb-image-heading{color:#fff;transition:transform .35s,opacity .35s ease-in-out;transform:translate3d(0, 24px, 0);margin:0;line-height:1em}.wp-block-uagb-image--layout-overlay__inner .uagb-image-separator{width:30%;border-top-width:2px;border-top-color:#fff;border-top-style:solid;margin-bottom:10px;opacity:0;transition:transform .4s,opacity .4s ease-in-out;transform:translate3d(0, 30px, 0)}.wp-block-uagb-image--layout-overlay__inner .uagb-image-caption{opacity:0;overflow:visible;color:#fff;transition:transform .45s,opacity .45s ease-in-out;transform:translate3d(0, 35px, 0)}.wp-block-uagb-image--layout-overlay__inner:hover .uagb-image-heading,.wp-block-uagb-image--layout-overlay__inner:hover .uagb-image-separator,.wp-block-uagb-image--layout-overlay__inner:hover .uagb-image-caption{opacity:1;transform:translate3d(0, 0, 0)}.wp-block-uagb-image--effect-zoomin .wp-block-uagb-image__figure img,.wp-block-uagb-image--effect-zoomin .wp-block-uagb-image__figure .wp-block-uagb-image--layout-overlay__color-wrapper{transform:scale(1);transition:transform .35s ease-in-out}.wp-block-uagb-image--effect-zoomin .wp-block-uagb-image__figure:hover img,.wp-block-uagb-image--effect-zoomin .wp-block-uagb-image__figure:hover .wp-block-uagb-image--layout-overlay__color-wrapper{transform:scale(1.05)}.wp-block-uagb-image--effect-slide .wp-block-uagb-image__figure img,.wp-block-uagb-image--effect-slide .wp-block-uagb-image__figure .wp-block-uagb-image--layout-overlay__color-wrapper{width:calc(100% + 40px) !important;max-width:none !important;transform:translate3d(-40px, 0, 0);transition:transform .35s ease-in-out}.wp-block-uagb-image--effect-slide .wp-block-uagb-image__figure:hover img,.wp-block-uagb-image--effect-slide .wp-block-uagb-image__figure:hover .wp-block-uagb-image--layout-overlay__color-wrapper{transform:translate3d(0, 0, 0)}.wp-block-uagb-image--effect-grayscale img{filter:grayscale(0%);transition:.35s ease-in-out}.wp-block-uagb-image--effect-grayscale:hover img{filter:grayscale(100%)}.wp-block-uagb-image--effect-blur img{filter:blur(0);transition:.35s ease-in-out}.wp-block-uagb-image--effect-blur:hover img{filter:blur(3px)}.uagb-block-e6f939b3.wp-block-uagb-image--layout-default figure img{box-shadow: 0px 0px 0 #00000070;}.uagb-block-e6f939b3.wp-block-uagb-image .wp-block-uagb-image__figure figcaption{font-style: normal;align-self: center;}.uagb-block-e6f939b3.wp-block-uagb-image--layout-overlay figure img{box-shadow: 0px 0px 0 #00000070;}.uagb-block-e6f939b3.wp-block-uagb-image--layout-overlay .wp-block-uagb-image--layout-overlay__color-wrapper{opacity: 0.2;}.uagb-block-e6f939b3.wp-block-uagb-image--layout-overlay .wp-block-uagb-image--layout-overlay__inner{left: 15px;right: 15px;top: 15px;bottom: 15px;}.uagb-block-e6f939b3.wp-block-uagb-image--layout-overlay .wp-block-uagb-image--layout-overlay__inner .uagb-image-heading{font-style: normal;color: #fff;opacity: 1;}.uagb-block-e6f939b3.wp-block-uagb-image--layout-overlay .wp-block-uagb-image--layout-overlay__inner .uagb-image-heading a{color: #fff;}.uagb-block-e6f939b3.wp-block-uagb-image--layout-overlay .wp-block-uagb-image--layout-overlay__inner .uagb-image-caption{opacity: 0;}.uagb-block-e6f939b3.wp-block-uagb-image--layout-overlay .wp-block-uagb-image__figure:hover .wp-block-uagb-image--layout-overlay__color-wrapper{opacity: 1;}.uagb-block-e6f939b3.wp-block-uagb-image .wp-block-uagb-image--layout-overlay__inner .uagb-image-separator{width: 30%;border-top-width: 2px;border-top-color: #fff;opacity: 0;}.uagb-block-e6f939b3.wp-block-uagb-image .wp-block-uagb-image__figure img{width: px;height: auto;}.uagb-block-e6f939b3.wp-block-uagb-image .wp-block-uagb-image__figure:hover .wp-block-uagb-image--layout-overlay__inner .uagb-image-caption{opacity: 1;}.uagb-block-e6f939b3.wp-block-uagb-image .wp-block-uagb-image__figure:hover .wp-block-uagb-image--layout-overlay__inner .uagb-image-separator{opacity: 1;}.uagb-block-e6f939b3.wp-block-uagb-image--layout-default figure:hover img{box-shadow: 0px 0px 0 #00000070;}.uagb-block-e6f939b3.wp-block-uagb-image--layout-overlay figure:hover img{box-shadow: 0px 0px 0 #00000070;}@media only screen and (max-width: 976px) {.uagb-block-e6f939b3.wp-block-uagb-image .wp-block-uagb-image__figure img{width: px;height: auto;}}@media only screen and (max-width: 767px) {.uagb-block-e6f939b3.wp-block-uagb-image .wp-block-uagb-image__figure img{width: px;height: auto;}}\";s:2:\"js\";s:0:\"\";s:18:\"current_block_list\";a:13:{i:0;s:11:\"core\/search\";i:1;s:10:\"core\/group\";i:2;s:12:\"core\/heading\";i:3;s:17:\"core\/latest-posts\";i:4;s:20:\"core\/latest-comments\";i:5;s:13:\"core\/archives\";i:6;s:15:\"core\/categories\";i:7;s:14:\"core\/paragraph\";i:8;s:10:\"uagb\/image\";i:9;s:11:\"core\/spacer\";i:10;s:30:\"woocommerce\/product-categories\";i:11;s:10:\"core\/image\";i:12;s:14:\"core\/shortcode\";}s:8:\"uag_flag\";b:1;s:11:\"uag_version\";s:10:\"1777205449\";s:6:\"gfonts\";a:0:{}s:10:\"gfonts_url\";s:0:\"\";s:12:\"gfonts_files\";a:0:{}s:14:\"uag_faq_layout\";b:0;}"],"_elementor_page_assets":["a:0:{}"]},"uagb_featured_image_src":{"full":["https:\/\/www.ferberpainting.com\/wp-content\/uploads\/2025\/05\/Natural-Stone-Granite-Cleaner-5L.png",2560,2560,false],"thumbnail":["https:\/\/www.ferberpainting.com\/wp-content\/uploads\/2025\/05\/Natural-Stone-Granite-Cleaner-5L-150x150.png",150,150,true],"medium":["https:\/\/www.ferberpainting.com\/wp-content\/uploads\/2025\/05\/Natural-Stone-Granite-Cleaner-5L-300x300.png",300,300,true],"medium_large":["https:\/\/www.ferberpainting.com\/wp-content\/uploads\/2025\/05\/Natural-Stone-Granite-Cleaner-5L-768x768.png",768,768,true],"large":["https:\/\/www.ferberpainting.com\/wp-content\/uploads\/2025\/05\/Natural-Stone-Granite-Cleaner-5L-1024x1024.png",1024,1024,true],"1536x1536":["https:\/\/www.ferberpainting.com\/wp-content\/uploads\/2025\/05\/Natural-Stone-Granite-Cleaner-5L-1536x1536.png",1536,1536,true],"2048x2048":["https:\/\/www.ferberpainting.com\/wp-content\/uploads\/2025\/05\/Natural-Stone-Granite-Cleaner-5L-2048x2048.png",2048,2048,true],"trp-custom-language-flag":["https:\/\/www.ferberpainting.com\/wp-content\/uploads\/2025\/05\/Natural-Stone-Granite-Cleaner-5L-12x12.png",12,12,true],"woocommerce_thumbnail":["https:\/\/www.ferberpainting.com\/wp-content\/uploads\/2025\/05\/Natural-Stone-Granite-Cleaner-5L-300x300.png",300,300,true],"woocommerce_single":["https:\/\/www.ferberpainting.com\/wp-content\/uploads\/2025\/05\/Natural-Stone-Granite-Cleaner-5L-600x600.png",600,600,true],"woocommerce_gallery_thumbnail":["https:\/\/www.ferberpainting.com\/wp-content\/uploads\/2025\/05\/Natural-Stone-Granite-Cleaner-5L-100x100.png",100,100,true]},"uagb_author_info":{"display_name":"admin","author_link":"https:\/\/www.ferberpainting.com\/ee\/author\/"},"uagb_comment_info":1,"uagb_excerpt":"Optimal Effectiveness.\u00a0This cleaner for granite and natural stone is specially designed to effectively eliminate stains, limescale deposits, grease marks, organic residues, and other impurities that tarnish the shine of mineral surfaces. Its powerful formula penetrates deeply to restore the natural beauty of stone while preserving its structure. It cleans without altering or damaging delicate surfaces,&hellip;","_links":{"self":[{"href":"https:\/\/www.ferberpainting.com\/ee\/wp-json\/wp\/v2\/product\/24721","targetHints":{"allow":["GET"]}}],"collection":[{"href":"https:\/\/www.ferberpainting.com\/ee\/wp-json\/wp\/v2\/product"}],"about":[{"href":"https:\/\/www.ferberpainting.com\/ee\/wp-json\/wp\/v2\/types\/product"}],"replies":[{"embeddable":true,"href":"https:\/\/www.ferberpainting.com\/ee\/wp-json\/wp\/v2\/comments?post=24721"}],"version-history":[{"count":5,"href":"https:\/\/www.ferberpainting.com\/ee\/wp-json\/wp\/v2\/product\/24721\/revisions"}],"predecessor-version":[{"id":170588,"href":"https:\/\/www.ferberpainting.com\/ee\/wp-json\/wp\/v2\/product\/24721\/revisions\/170588"}],"wp:featuredmedia":[{"embeddable":true,"href":"https:\/\/www.ferberpainting.com\/ee\/wp-json\/wp\/v2\/media\/36080"}],"wp:attachment":[{"href":"https:\/\/www.ferberpainting.com\/ee\/wp-json\/wp\/v2\/media?parent=24721"}],"wp:term":[{"taxonomy":"product_brand","embeddable":true,"href":"https:\/\/www.ferberpainting.com\/ee\/wp-json\/wp\/v2\/product_brand?post=24721"},{"taxonomy":"product_cat","embeddable":true,"href":"https:\/\/www.ferberpainting.com\/ee\/wp-json\/wp\/v2\/product_cat?post=24721"},{"taxonomy":"product_tag","embeddable":true,"href":"https:\/\/www.ferberpainting.com\/ee\/wp-json\/wp\/v2\/product_tag?post=24721"}],"curies":[{"name":"wp","href":"https:\/\/api.w.org\/{rel}","templated":true}]}}