{"id":24705,"date":"2025-07-01T00:30:02","date_gmt":"2025-06-30T22:30:02","guid":{"rendered":"https:\/\/www.ferberpainting.com\/?post_type=product&#038;p=24705"},"modified":"2026-02-15T22:00:06","modified_gmt":"2026-02-15T21:00:06","slug":"microwave-cleaner","status":"publish","type":"product","link":"https:\/\/www.ferberpainting.com\/ee\/products\/microwave-cleaner\/","title":{"rendered":"Mikrolaineahju puhastusvahend"},"content":{"rendered":"<p><strong><img decoding=\"async\" style=\"margin-right: 12px;\" src=\"https:\/\/www.ferberpainting.com\/wp-content\/uploads\/2026\/02\/Check.svg\" alt=\"\" width=\"18\" height=\"15\" \/>Optimaalne t\u00f5husus.<\/strong>\u00a0See mikrolaineahju puhastusvahend on spetsiaalselt loodud seadmesse kogunevate rasvade, toiduj\u00e4\u00e4kide, kastmepritsmete ja p\u00fcsivate l\u00f5hnade k\u00f5rvaldamiseks. Selle v\u00f5imas koostis tungib s\u00fcgavale, et eemaldada mustus ilma liigse k\u00fc\u00fcrimise vajaduseta, j\u00e4ttes teie mikrolaineahju p\u00e4rast iga kasutamist puhtaks, desinfitseerituks ja triibuvabaks. See on ideaalne igap\u00e4evaseks kasutamiseks ja tagab teie seadme laitmatu h\u00fcgieeni.<\/p>\n<p><strong><img decoding=\"async\" style=\"margin-right: 12px;\" src=\"https:\/\/www.ferberpainting.com\/wp-content\/uploads\/2026\/02\/Check.svg\" alt=\"\" width=\"18\" height=\"15\" \/>Raha tagasi garantii.<\/strong>\u00a0Me usaldame t\u00e4ielikult meie puhastusvahendi t\u00f5husust. Kui p\u00e4rast kasutamist ei ole te tulemustega t\u00e4ielikult rahul, on teil \u00f5igus saada raha tagasi. Proovige meie toodet riskivabalt ja nautige t\u00e4iesti puhast mikrolaineahju, vaevata ja ilma p\u00fcsivate j\u00e4\u00e4kideta.<\/p>\n<p><strong><img decoding=\"async\" style=\"margin-right: 12px;\" src=\"https:\/\/www.ferberpainting.com\/wp-content\/uploads\/2026\/02\/Check.svg\" alt=\"\" width=\"18\" height=\"15\" \/>Erakordne mitmek\u00fclgsus.<\/strong>\u00a0See puhastusvahend ei piirdu mikrolaineahjudega! See on t\u00f5hus ka muudel k\u00f6\u00f6gipindadel, n\u00e4iteks ahjudel, pliitidel, v\u00e4ljat\u00f5mbekoldeil ja t\u00f6\u00f6pindadel. See toimib paljude erinevate materjalide, sealhulgas roostevaba terase, plasti, klaasi ja emaili puhul. Seda saab kasutada nii mikrolaineahju sise- kui ka v\u00e4lispindadel, sealhulgas uksel ja p\u00f6\u00f6rdeplaadil, tagades t\u00e4ieliku ja \u00fchtlase puhastamise.<\/p>\n<p><strong><img decoding=\"async\" style=\"margin-right: 12px;\" src=\"https:\/\/www.ferberpainting.com\/wp-content\/uploads\/2026\/02\/Check.svg\" alt=\"\" width=\"18\" height=\"15\" \/>Kuluefektiivne j\u00f5udlus.<\/strong>\u00a0T\u00e4nu oma 5-liitrisele kanistrile ja k\u00f5rgele kontsentratsioonile pakub see puhastusvahend suurep\u00e4rase hinna ja kvaliteedi suhte. V\u00e4ikesest kogusest piisab suure pinna p\u00f5hjalikuks puhastamiseks, mis teeb sellest \u00f6konoomse ja t\u00f5husa lahenduse igap\u00e4evaseks v\u00f5i intensiivseks kasutamiseks. \u00dche liitri tootega saab keskmiselt t\u00f6\u00f6delda kuni 50 puhastusts\u00fcklit, v\u00e4hendades raiskamist ja optimeerides pikaajalist kasutamist.<\/p>\n<p><strong><img decoding=\"async\" style=\"margin-right: 12px;\" src=\"https:\/\/www.ferberpainting.com\/wp-content\/uploads\/2026\/02\/Check.svg\" alt=\"\" width=\"18\" height=\"15\" \/>Ohutu kasutamine.<\/strong>\u00a0Erinevalt karmide kemikaalidega puhastusvahenditest, mis v\u00f5ivad kahjustada tundlikke pindu ja j\u00e4tta m\u00fcrgiseid j\u00e4\u00e4ke, on see toode koostatud ilma kahjulike aineteta. See ei eralda \u00e4rritavaid aurusid, ei j\u00e4ta keemilist kile ja austab mikrolaineahju materjale. See on t\u00e4iesti ohutu, isegi sagedasel kasutamisel, tagades tervisliku keskkonna toidu valmistamiseks.<\/p>\n<p><strong><img decoding=\"async\" style=\"margin-right: 12px;\" src=\"https:\/\/www.ferberpainting.com\/wp-content\/uploads\/2026\/02\/Check.svg\" alt=\"\" width=\"18\" height=\"15\" \/>Kasutamise lihtsus.<\/strong>\u00a0Toode on kasutusvalmis ja ei vaja lahjendamist ega keerulist k\u00e4sitsemist. Seda kantakse otse pinnale k\u00e4sna v\u00f5i lapiga. Selle kiire toime eemaldab mustuse sekunditega, ilma et oleks vaja liigset loputamist v\u00f5i pingutust. Selle intuitiivne kasutamine muudab igap\u00e4evase mikrolaineahjupuhastuse lihtsaks ja annab veatu tulemuse hetkega.<\/p>\n<p><strong><img decoding=\"async\" style=\"margin-right: 12px;\" src=\"https:\/\/www.ferberpainting.com\/wp-content\/uploads\/2026\/02\/Check.svg\" alt=\"\" width=\"18\" height=\"15\" \/>Laiendatud vastupidavus.<\/strong>\u00a0See puhastusvahend eemaldab t\u00f5husalt rasva ja toiduj\u00e4\u00e4gid ning aitab pikendada mikrolaineahju kasutusiga. See hoiab \u00e4ra kogunemise, mis v\u00f5ib l\u00f5puks h\u00e4irida n\u00f5uetekohast t\u00f6\u00f6d v\u00f5i p\u00f5hjustada ebameeldivaid l\u00f5hnu. Regulaarne kasutamine aitab hoida teie mikrolaineahju ideaalset toimimist ja tagab toidu optimaalse h\u00fcgieeni.<\/p>\n<p><strong><img decoding=\"async\" style=\"margin-right: 12px;\" src=\"https:\/\/www.ferberpainting.com\/wp-content\/uploads\/2026\/02\/Check.svg\" alt=\"\" width=\"18\" height=\"15\" \/>Kiire tegevus.<\/strong>\u00a0T\u00e4nu oma v\u00e4ga aktiivsele koostisele toimib see puhastusvahend kohe mustuse ja rasvade vastu. Vaid m\u00f5ne minutiga lahustab see toiduj\u00e4\u00e4gid ja h\u00f5lbustab nende eemaldamist ilma m\u00e4rkimisv\u00e4\u00e4rse vaevata. See v\u00f5imaldab kiiret ja t\u00f5husat puhastamist - ideaalne igap\u00e4evaseks kasutamiseks k\u00f6\u00f6gis, hoides teie mikrolaineahju alati puhtana ja t\u00f6\u00f6korras.<\/p>\n<h2><strong>Kasutamise protokoll<\/strong><\/h2>\n<ul>\n<li><strong>Ettevalmistus <\/strong>: Veenduge, et mikrolaineahi on v\u00e4lja l\u00fclitatud ja pinnad on ligip\u00e4\u00e4setavad. V\u00f5tke s\u00fcvapuhastamiseks v\u00e4lja p\u00f6\u00f6rdalus ja tarvikud.<\/li>\n<li><strong>K\u00e4sitsi rakendamine <\/strong>: Valage v\u00e4ike kogus puhastusvahendit k\u00e4snale v\u00f5i pehmele lapile, seej\u00e4rel kandke see \u00fchtlaselt mikrolaineahju siseseinadele, keskendudes kohtadele, kus on kangekaelseid j\u00e4\u00e4ke.<\/li>\n<li><strong>Uste ja v\u00e4lisuste puhastamine <\/strong>: Kandke toodet pehme lapiga ja p\u00fchkige ettevaatlikult s\u00f5rmej\u00e4lgede, rasva ja n\u00e4htavate plekkide eemaldamiseks. T\u00e4pse viimistluse saavutamiseks poleerige p\u00e4rast seda kergelt kuiva mikrokiudlapiga.<\/li>\n<li><strong>Plaadim\u00e4ngija puhastamine <\/strong>: Leotage k\u00e4sna tootega ja puhastage p\u00f6\u00f6rdalust, et eemaldada toiduj\u00e4\u00e4gid. Loputage puhta veega, enne kui asetate selle tagasi mikrolaineahju.<\/li>\n<li><strong>P\u00fcsivate plekkide k\u00e4sitlemine <\/strong>: Tugevalt kinnikasvanud rasvade v\u00f5i k\u00f5rbenud toiduj\u00e4\u00e4kide puhul kandke toode otse kahjustatud kohale ja laske m\u00f5juda 3-5 minutit, enne kui puhastate seda pehme harja v\u00f5i kergelt abrasiivse k\u00e4snaga. Vajaduse korral korrake.<\/li>\n<li><strong>Loputamine ja p\u00fchkimine <\/strong>: P\u00fchkige t\u00f6\u00f6deldud pinnad puhta, niiske lapiga, et eemaldada tootej\u00e4\u00e4gid ja tagada t\u00e4pit\u00e4pne ja triipideta viimistlus. Kuivatage puhta lapiga, et v\u00e4ltida niiskust seadme sees.<\/li>\n<li><strong>Viimistlemine ja desodoreerimine <\/strong>: Et mikrolaineahi oleks t\u00e4iesti puhas ja l\u00f5hnavaba, kuumutage p\u00e4rast puhastamist \u00fche minuti jooksul kaussi vett, et eemaldada j\u00e4relej\u00e4\u00e4nud tootej\u00e4ljed ja v\u00e4rskendada sisemust.<\/li>\n<li><strong>Kasutamise sagedus <\/strong>: Kandke kord n\u00e4dalas regulaarseks hoolduseks ja toiduj\u00e4\u00e4kide kogunemise v\u00e4ltimiseks. Sagedase kasutamise v\u00f5i tugeva m\u00e4\u00e4rdumise korral puhastage iga 2-3 p\u00e4eva j\u00e4rel, et tagada optimaalne h\u00fcgieen ja ohutu toiduvalmistamine.<\/li>\n<li><strong>Ladustamine <\/strong>: Toote pikaajalise t\u00f5hususe s\u00e4ilitamiseks sulgege kanister p\u00e4rast iga kasutamist tihedalt ja hoidke seda jahedas ja kuivas kohas, eemal valgusest ja \u00e4\u00e4rmuslikest temperatuuridest.<\/li>\n<\/ul>\n<p>Meie mikrolaineahjupuhastiga tagate optimaalse ja vaevata hoolduse, s\u00e4ilitades samal ajal teie seadme puhtuse ja h\u00fcgieeni. Ideaalne lahendus mikrolaineahju jaoks, mis on alati puhas, rasvavaba ja l\u00f5hnavaba - tagades ohutu toiduvalmistamise ja veatu k\u00f6\u00f6gikeskkonna.<\/p>","protected":false},"excerpt":{"rendered":"<p>Optimal Efficiency.\u00a0This microwave cleaner is specially formulated to eliminate grease, food residues, sauce splashes, and persistent odors that build up in your appliance. Its powerful formula penetrates deep to remove grime without the need for excessive scrubbing, leaving your microwave clean, disinfected, and streak-free after each use. It is ideal for daily use and ensures [&hellip;]<\/p>\n","protected":false},"featured_media":36074,"comment_status":"open","ping_status":"closed","template":"","meta":{"_uag_custom_page_level_css":"","site-sidebar-layout":"default","site-content-layout":"","ast-site-content-layout":"default","site-content-style":"default","site-sidebar-style":"default","ast-global-header-display":"","ast-banner-title-visibility":"","ast-main-header-display":"","ast-hfb-above-header-display":"","ast-hfb-below-header-display":"","ast-hfb-mobile-header-display":"","site-post-title":"","ast-breadcrumbs-content":"","ast-featured-img":"","footer-sml-layout":"","ast-disable-related-posts":"","theme-transparent-header-meta":"default","adv-header-id-meta":"","stick-header-meta":"","header-above-stick-meta":"","header-main-stick-meta":"","header-below-stick-meta":"","astra-migrate-meta-layouts":"set","ast-page-background-enabled":"default","ast-page-background-meta":{"desktop":{"background-color":"var(--ast-global-color-4)","background-image":"","background-repeat":"repeat","background-position":"center center","background-size":"auto","background-attachment":"scroll","background-type":"","background-media":"","overlay-type":"","overlay-color":"","overlay-opacity":"","overlay-gradient":""},"tablet":{"background-color":"","background-image":"","background-repeat":"repeat","background-position":"center center","background-size":"auto","background-attachment":"scroll","background-type":"","background-media":"","overlay-type":"","overlay-color":"","overlay-opacity":"","overlay-gradient":""},"mobile":{"background-color":"","background-image":"","background-repeat":"repeat","background-position":"center center","background-size":"auto","background-attachment":"scroll","background-type":"","background-media":"","overlay-type":"","overlay-color":"","overlay-opacity":"","overlay-gradient":""}},"ast-content-background-meta":{"desktop":{"background-color":"var(--ast-global-color-5)","background-image":"","background-repeat":"repeat","background-position":"center center","background-size":"auto","background-attachment":"scroll","background-type":"","background-media":"","overlay-type":"","overlay-color":"","overlay-opacity":"","overlay-gradient":""},"tablet":{"background-color":"var(--ast-global-color-5)","background-image":"","background-repeat":"repeat","background-position":"center center","background-size":"auto","background-attachment":"scroll","background-type":"","background-media":"","overlay-type":"","overlay-color":"","overlay-opacity":"","overlay-gradient":""},"mobile":{"background-color":"var(--ast-global-color-5)","background-image":"","background-repeat":"repeat","background-position":"center center","background-size":"auto","background-attachment":"scroll","background-type":"","background-media":"","overlay-type":"","overlay-color":"","overlay-opacity":"","overlay-gradient":""}}},"product_brand":[],"product_cat":[175],"product_tag":[],"class_list":{"0":"post-24705","1":"product","2":"type-product","3":"status-publish","4":"has-post-thumbnail","6":"product_cat-cleaning-products","7":"desktop-align-left","8":"tablet-align-left","9":"mobile-align-left","11":"first","12":"instock","13":"sale","14":"taxable","15":"shipping-taxable","16":"purchasable","17":"product-type-variable","18":"has-default-attributes"},"spectra_custom_meta":{"_visibility":["visible"],"_shopify_product_id":["9106358370549"],"_s2w_shopify_domain":["ferberpainting.myshopify.com"],"_shopify_variant_id":["46625999585525"],"_sku":[""],"_manage_stock":["no"],"total_sales":["0"],"_tax_status":["taxable"],"_tax_class":[""],"_backorders":["no"],"_sold_individually":["no"],"_virtual":["no"],"_downloadable":["no"],"_download_limit":["-1"],"_download_expiry":["-1"],"_stock":[null],"_stock_status":["instock"],"_wc_average_rating":["5.00"],"_wc_review_count":["10"],"_product_attributes":["a:1:{s:6:\"volume\";a:6:{s:4:\"name\";s:6:\"Volume\";s:5:\"value\";s:20:\"5 liters | 25 liters\";s:8:\"position\";i:1;s:10:\"is_visible\";i:0;s:12:\"is_variation\";i:1;s:11:\"is_taxonomy\";i:0;}}"],"_product_version":["10.5.1"],"wpse_downloadable_file_names":[""],"wpse_downloadable_file_urls":[""],"_edit_last":["1"],"_default_attributes":["a:1:{s:6:\"volume\";s:8:\"5 liters\";}"],"_edit_lock":["1771189068:1"],"_price":["29.90","129.90"],"merchant-center-availability":["yes"],"merchant-center-category":["4978"],"_thumbnail_id":["36074"],"_wp_page_template":["default"],"_wp_old_date":["2025-05-26"],"_product_image_gallery":["36075"],"site-sidebar-layout":["default"],"ast-site-content-layout":["default"],"site-content-style":["default"],"site-sidebar-style":["default"],"theme-transparent-header-meta":["default"],"_wc_rating_count":["a:1:{i:5;i:10;}"],"astra-migrate-meta-layouts":["set"],"_uag_css_file_name":["uag-css-24705.css"],"_elementor_page_assets":["a:0:{}"],"_uag_page_assets":["a:9:{s:3:\"css\";s:6873:\".wp-block-uagb-image{display:flex}.wp-block-uagb-image__figure{position:relative;display:flex;flex-direction:column;max-width:100%;height:auto;margin:0}.wp-block-uagb-image__figure img{height:auto;display:flex;max-width:100%;transition:box-shadow .2s ease}.wp-block-uagb-image__figure>a{display:inline-block}.wp-block-uagb-image__figure figcaption{text-align:center;margin-top:.5em;margin-bottom:1em}.wp-block-uagb-image .components-placeholder.block-editor-media-placeholder .components-placeholder__instructions{align-self:center}.wp-block-uagb-image--align-left{text-align:left}.wp-block-uagb-image--align-right{text-align:right}.wp-block-uagb-image--align-center{text-align:center}.wp-block-uagb-image--align-full .wp-block-uagb-image__figure{margin-left:calc(50% - 50vw);margin-right:calc(50% - 50vw);max-width:100vw;width:100vw;height:auto}.wp-block-uagb-image--align-full .wp-block-uagb-image__figure img{height:auto;width:100% !important}.wp-block-uagb-image--align-wide .wp-block-uagb-image__figure img{height:auto;width:100%}.wp-block-uagb-image--layout-overlay__color-wrapper{position:absolute;left:0;top:0;right:0;bottom:0;opacity:.2;background:rgba(0,0,0,.5);transition:opacity .35s ease-in-out}.wp-block-uagb-image--layout-overlay-link{position:absolute;left:0;right:0;bottom:0;top:0}.wp-block-uagb-image--layout-overlay .wp-block-uagb-image__figure:hover .wp-block-uagb-image--layout-overlay__color-wrapper{opacity:1}.wp-block-uagb-image--layout-overlay__inner{position:absolute;left:15px;right:15px;bottom:15px;top:15px;display:flex;align-items:center;justify-content:center;flex-direction:column;border-color:#fff;transition:.35s ease-in-out}.wp-block-uagb-image--layout-overlay__inner.top-left,.wp-block-uagb-image--layout-overlay__inner.top-center,.wp-block-uagb-image--layout-overlay__inner.top-right{justify-content:flex-start}.wp-block-uagb-image--layout-overlay__inner.bottom-left,.wp-block-uagb-image--layout-overlay__inner.bottom-center,.wp-block-uagb-image--layout-overlay__inner.bottom-right{justify-content:flex-end}.wp-block-uagb-image--layout-overlay__inner.top-left,.wp-block-uagb-image--layout-overlay__inner.center-left,.wp-block-uagb-image--layout-overlay__inner.bottom-left{align-items:flex-start}.wp-block-uagb-image--layout-overlay__inner.top-right,.wp-block-uagb-image--layout-overlay__inner.center-right,.wp-block-uagb-image--layout-overlay__inner.bottom-right{align-items:flex-end}.wp-block-uagb-image--layout-overlay__inner .uagb-image-heading{color:#fff;transition:transform .35s,opacity .35s ease-in-out;transform:translate3d(0, 24px, 0);margin:0;line-height:1em}.wp-block-uagb-image--layout-overlay__inner .uagb-image-separator{width:30%;border-top-width:2px;border-top-color:#fff;border-top-style:solid;margin-bottom:10px;opacity:0;transition:transform .4s,opacity .4s ease-in-out;transform:translate3d(0, 30px, 0)}.wp-block-uagb-image--layout-overlay__inner .uagb-image-caption{opacity:0;overflow:visible;color:#fff;transition:transform .45s,opacity .45s ease-in-out;transform:translate3d(0, 35px, 0)}.wp-block-uagb-image--layout-overlay__inner:hover .uagb-image-heading,.wp-block-uagb-image--layout-overlay__inner:hover .uagb-image-separator,.wp-block-uagb-image--layout-overlay__inner:hover .uagb-image-caption{opacity:1;transform:translate3d(0, 0, 0)}.wp-block-uagb-image--effect-zoomin .wp-block-uagb-image__figure img,.wp-block-uagb-image--effect-zoomin .wp-block-uagb-image__figure .wp-block-uagb-image--layout-overlay__color-wrapper{transform:scale(1);transition:transform .35s ease-in-out}.wp-block-uagb-image--effect-zoomin .wp-block-uagb-image__figure:hover img,.wp-block-uagb-image--effect-zoomin .wp-block-uagb-image__figure:hover .wp-block-uagb-image--layout-overlay__color-wrapper{transform:scale(1.05)}.wp-block-uagb-image--effect-slide .wp-block-uagb-image__figure img,.wp-block-uagb-image--effect-slide .wp-block-uagb-image__figure .wp-block-uagb-image--layout-overlay__color-wrapper{width:calc(100% + 40px) !important;max-width:none !important;transform:translate3d(-40px, 0, 0);transition:transform .35s ease-in-out}.wp-block-uagb-image--effect-slide .wp-block-uagb-image__figure:hover img,.wp-block-uagb-image--effect-slide .wp-block-uagb-image__figure:hover .wp-block-uagb-image--layout-overlay__color-wrapper{transform:translate3d(0, 0, 0)}.wp-block-uagb-image--effect-grayscale img{filter:grayscale(0%);transition:.35s ease-in-out}.wp-block-uagb-image--effect-grayscale:hover img{filter:grayscale(100%)}.wp-block-uagb-image--effect-blur img{filter:blur(0);transition:.35s ease-in-out}.wp-block-uagb-image--effect-blur:hover img{filter:blur(3px)}.uagb-block-e6f939b3.wp-block-uagb-image--layout-default figure img{box-shadow: 0px 0px 0 #00000070;}.uagb-block-e6f939b3.wp-block-uagb-image .wp-block-uagb-image__figure figcaption{font-style: normal;align-self: center;}.uagb-block-e6f939b3.wp-block-uagb-image--layout-overlay figure img{box-shadow: 0px 0px 0 #00000070;}.uagb-block-e6f939b3.wp-block-uagb-image--layout-overlay .wp-block-uagb-image--layout-overlay__color-wrapper{opacity: 0.2;}.uagb-block-e6f939b3.wp-block-uagb-image--layout-overlay .wp-block-uagb-image--layout-overlay__inner{left: 15px;right: 15px;top: 15px;bottom: 15px;}.uagb-block-e6f939b3.wp-block-uagb-image--layout-overlay .wp-block-uagb-image--layout-overlay__inner .uagb-image-heading{font-style: normal;color: #fff;opacity: 1;}.uagb-block-e6f939b3.wp-block-uagb-image--layout-overlay .wp-block-uagb-image--layout-overlay__inner .uagb-image-heading a{color: #fff;}.uagb-block-e6f939b3.wp-block-uagb-image--layout-overlay .wp-block-uagb-image--layout-overlay__inner .uagb-image-caption{opacity: 0;}.uagb-block-e6f939b3.wp-block-uagb-image--layout-overlay .wp-block-uagb-image__figure:hover .wp-block-uagb-image--layout-overlay__color-wrapper{opacity: 1;}.uagb-block-e6f939b3.wp-block-uagb-image .wp-block-uagb-image--layout-overlay__inner .uagb-image-separator{width: 30%;border-top-width: 2px;border-top-color: #fff;opacity: 0;}.uagb-block-e6f939b3.wp-block-uagb-image .wp-block-uagb-image__figure img{width: px;height: auto;}.uagb-block-e6f939b3.wp-block-uagb-image .wp-block-uagb-image__figure:hover .wp-block-uagb-image--layout-overlay__inner .uagb-image-caption{opacity: 1;}.uagb-block-e6f939b3.wp-block-uagb-image .wp-block-uagb-image__figure:hover .wp-block-uagb-image--layout-overlay__inner .uagb-image-separator{opacity: 1;}.uagb-block-e6f939b3.wp-block-uagb-image--layout-default figure:hover img{box-shadow: 0px 0px 0 #00000070;}.uagb-block-e6f939b3.wp-block-uagb-image--layout-overlay figure:hover img{box-shadow: 0px 0px 0 #00000070;}@media only screen and (max-width: 976px) {.uagb-block-e6f939b3.wp-block-uagb-image .wp-block-uagb-image__figure img{width: px;height: auto;}}@media only screen and (max-width: 767px) {.uagb-block-e6f939b3.wp-block-uagb-image .wp-block-uagb-image__figure img{width: px;height: auto;}}\";s:2:\"js\";s:0:\"\";s:18:\"current_block_list\";a:13:{i:0;s:11:\"core\/search\";i:1;s:10:\"core\/group\";i:2;s:12:\"core\/heading\";i:3;s:17:\"core\/latest-posts\";i:4;s:20:\"core\/latest-comments\";i:5;s:13:\"core\/archives\";i:6;s:15:\"core\/categories\";i:7;s:14:\"core\/paragraph\";i:8;s:10:\"uagb\/image\";i:9;s:11:\"core\/spacer\";i:10;s:30:\"woocommerce\/product-categories\";i:11;s:10:\"core\/image\";i:12;s:14:\"core\/shortcode\";}s:8:\"uag_flag\";b:1;s:11:\"uag_version\";s:10:\"1777230888\";s:6:\"gfonts\";a:0:{}s:10:\"gfonts_url\";s:0:\"\";s:12:\"gfonts_files\";a:0:{}s:14:\"uag_faq_layout\";b:0;}"]},"uagb_featured_image_src":{"full":["https:\/\/www.ferberpainting.com\/wp-content\/uploads\/2025\/05\/Microwave-Cleaner-5L-.png",2560,2560,false],"thumbnail":["https:\/\/www.ferberpainting.com\/wp-content\/uploads\/2025\/05\/Microwave-Cleaner-5L--150x150.png",150,150,true],"medium":["https:\/\/www.ferberpainting.com\/wp-content\/uploads\/2025\/05\/Microwave-Cleaner-5L--300x300.png",300,300,true],"medium_large":["https:\/\/www.ferberpainting.com\/wp-content\/uploads\/2025\/05\/Microwave-Cleaner-5L--768x768.png",768,768,true],"large":["https:\/\/www.ferberpainting.com\/wp-content\/uploads\/2025\/05\/Microwave-Cleaner-5L--1024x1024.png",1024,1024,true],"1536x1536":["https:\/\/www.ferberpainting.com\/wp-content\/uploads\/2025\/05\/Microwave-Cleaner-5L--1536x1536.png",1536,1536,true],"2048x2048":["https:\/\/www.ferberpainting.com\/wp-content\/uploads\/2025\/05\/Microwave-Cleaner-5L--2048x2048.png",2048,2048,true],"trp-custom-language-flag":["https:\/\/www.ferberpainting.com\/wp-content\/uploads\/2025\/05\/Microwave-Cleaner-5L--12x12.png",12,12,true],"woocommerce_thumbnail":["https:\/\/www.ferberpainting.com\/wp-content\/uploads\/2025\/05\/Microwave-Cleaner-5L--300x300.png",300,300,true],"woocommerce_single":["https:\/\/www.ferberpainting.com\/wp-content\/uploads\/2025\/05\/Microwave-Cleaner-5L--600x600.png",600,600,true],"woocommerce_gallery_thumbnail":["https:\/\/www.ferberpainting.com\/wp-content\/uploads\/2025\/05\/Microwave-Cleaner-5L--100x100.png",100,100,true]},"uagb_author_info":{"display_name":"admin","author_link":"https:\/\/www.ferberpainting.com\/ee\/author\/"},"uagb_comment_info":10,"uagb_excerpt":"Optimal Efficiency.\u00a0This microwave cleaner is specially formulated to eliminate grease, food residues, sauce splashes, and persistent odors that build up in your appliance. Its powerful formula penetrates deep to remove grime without the need for excessive scrubbing, leaving your microwave clean, disinfected, and streak-free after each use. It is ideal for daily use and ensures&hellip;","_links":{"self":[{"href":"https:\/\/www.ferberpainting.com\/ee\/wp-json\/wp\/v2\/product\/24705","targetHints":{"allow":["GET"]}}],"collection":[{"href":"https:\/\/www.ferberpainting.com\/ee\/wp-json\/wp\/v2\/product"}],"about":[{"href":"https:\/\/www.ferberpainting.com\/ee\/wp-json\/wp\/v2\/types\/product"}],"replies":[{"embeddable":true,"href":"https:\/\/www.ferberpainting.com\/ee\/wp-json\/wp\/v2\/comments?post=24705"}],"version-history":[{"count":4,"href":"https:\/\/www.ferberpainting.com\/ee\/wp-json\/wp\/v2\/product\/24705\/revisions"}],"predecessor-version":[{"id":166597,"href":"https:\/\/www.ferberpainting.com\/ee\/wp-json\/wp\/v2\/product\/24705\/revisions\/166597"}],"wp:featuredmedia":[{"embeddable":true,"href":"https:\/\/www.ferberpainting.com\/ee\/wp-json\/wp\/v2\/media\/36074"}],"wp:attachment":[{"href":"https:\/\/www.ferberpainting.com\/ee\/wp-json\/wp\/v2\/media?parent=24705"}],"wp:term":[{"taxonomy":"product_brand","embeddable":true,"href":"https:\/\/www.ferberpainting.com\/ee\/wp-json\/wp\/v2\/product_brand?post=24705"},{"taxonomy":"product_cat","embeddable":true,"href":"https:\/\/www.ferberpainting.com\/ee\/wp-json\/wp\/v2\/product_cat?post=24705"},{"taxonomy":"product_tag","embeddable":true,"href":"https:\/\/www.ferberpainting.com\/ee\/wp-json\/wp\/v2\/product_tag?post=24705"}],"curies":[{"name":"wp","href":"https:\/\/api.w.org\/{rel}","templated":true}]}}