{"id":23814,"date":"2025-05-26T10:25:40","date_gmt":"2025-05-26T08:25:40","guid":{"rendered":"https:\/\/www.ferberpainting.com\/products\/metal-varnish\/"},"modified":"2026-02-15T21:00:52","modified_gmt":"2026-02-15T20:00:52","slug":"metal-varnish","status":"publish","type":"product","link":"https:\/\/www.ferberpainting.com\/ee\/products\/metal-varnish\/","title":{"rendered":"Metallilakk"},"content":{"rendered":"<p><strong><img decoding=\"async\" style=\"margin-right: 12px;\" src=\"https:\/\/www.ferberpainting.com\/wp-content\/uploads\/2026\/02\/Check.svg\" alt=\"\" width=\"18\" height=\"15\" \/>Professionaalne kaitse k\u00f5ikidele metallpindadele.<\/strong> Meie metalliv\u00e4rv on m\u00f5eldud pikaajaliseks kaitseks ja atraktiivseks viimistluseks paljudele metallpindadele, sealhulgas teras, raud, alumiinium, vask, messing, pronks ja muud sulamid. See parandab metalli v\u00e4limust, moodustades samal ajal vastupidava kaitse v\u00e4lism\u00f5jude eest, mist\u00f5ttu sobib see ideaalselt nii sise- kui ka v\u00e4listingimustes kasutamiseks.<\/p>\n<p><strong><img decoding=\"async\" style=\"margin-right: 12px;\" src=\"https:\/\/www.ferberpainting.com\/wp-content\/uploads\/2026\/02\/Check.svg\" alt=\"\" width=\"18\" height=\"15\" \/>K\u00f5ige t\u00f5husam metalllakk, mis on saadaval.<\/strong> Meie t\u00e4iustatud koostis tungib metallpindadesse ja tihendab neid, luues vastupidava ja vastupidava katte, mis kaitseb rooste, oks\u00fcdeerumise, niiskuse ja keskkonnast tingitud kulumise eest. See mitte ainult ei paranda visuaalset viimistlust, vaid pikendab ka oluliselt t\u00f6\u00f6deldud metallpindade kasutusiga, \u00fcletades turul olevaid standardlakke.<\/p>\n<p><strong><img decoding=\"async\" style=\"margin-right: 12px;\" src=\"https:\/\/www.ferberpainting.com\/wp-content\/uploads\/2026\/02\/Check.svg\" alt=\"\" width=\"18\" height=\"15\" \/>L\u00f6\u00f6matu hind.<\/strong> \u00dchendame esmaklassilise kvaliteedi k\u00f5ige konkurentsiv\u00f5imelisemate hindadega. Saate professionaalse taseme kaitse ja viimistluse madalama hinnaga kui v\u00f5rreldavad tooted, tagades parima hinna ruutmeetri kohta, tegemata kompromisse j\u00f5udluse osas.<\/p>\n<p><strong><img decoding=\"async\" style=\"margin-right: 12px;\" src=\"https:\/\/www.ferberpainting.com\/wp-content\/uploads\/2026\/02\/Check.svg\" alt=\"\" width=\"18\" height=\"15\" \/>Raha tagasi garantii t\u00e4ieliku usalduse tagamiseks.<\/strong> Me seisame t\u00e4ielikult oma toote taga. Kui te ei ole tulemustega rahul, pakume raha tagasi garantiid. Lihtsalt v\u00f5tke meiega \u00fchendust ja me tagastame teie ostu. Ei mingit riski, ei mingit stressi - teie rahulolu on garanteeritud.<\/p>\n<p><strong><img decoding=\"async\" style=\"margin-right: 12px;\" src=\"https:\/\/www.ferberpainting.com\/wp-content\/uploads\/2026\/02\/Check.svg\" alt=\"\" width=\"18\" height=\"15\" \/>Kiire 24-tunnine kohaletoimetamine ilma eranditeta.<\/strong> Pakume alati 24-tunnist tarnet, et saaksite oma projekti viivitamatult alustada. Olgu tegemist kiireloomulise remondi v\u00f5i plaanilise renoveerimisega, v\u00f5ite meie peale loota, et saame kiiresti ja usaldusv\u00e4\u00e4rselt tarnida.<\/p>\n<p><strong><img decoding=\"async\" style=\"margin-right: 12px;\" src=\"https:\/\/www.ferberpainting.com\/wp-content\/uploads\/2026\/02\/Check.svg\" alt=\"\" width=\"18\" height=\"15\" \/>Katvus kuni 10 m\u00b2 liitri kohta, mis v\u00f5imaldab t\u00f5husat kasutamist.<\/strong> \u00dcks liiter meie metalllakki katab kuni 10 ruutmeetrit, tagades suurep\u00e4rase pinnakatte ja \u00fchtlase kaitsva kihi. Selline optimeeritud katvus muudab teie vajaduste arvutamise ja eelarve t\u00f5husa kontrollimise lihtsaks.<\/p>\n<p><strong><img decoding=\"async\" style=\"margin-right: 12px;\" src=\"https:\/\/www.ferberpainting.com\/wp-content\/uploads\/2026\/02\/Check.svg\" alt=\"\" width=\"18\" height=\"15\" \/>Tugev rooste- ja korrosioonikindlus.<\/strong> Metallpinnad puutuvad pidevalt kokku niiskuse ja hapnikuga, mis p\u00f5hjustavad oks\u00fcdeerumist. Meie lakk moodustab kaitsekilbi, mis aitab v\u00e4ltida rooste teket ja korrosiooni, s\u00e4ilitades aja jooksul konstruktsiooni terviklikkuse ja v\u00e4limuse.<\/p>\n<p><strong><img decoding=\"async\" style=\"margin-right: 12px;\" src=\"https:\/\/www.ferberpainting.com\/wp-content\/uploads\/2026\/02\/Check.svg\" alt=\"\" width=\"18\" height=\"15\" \/>Parandab v\u00e4limust sileda ja vastupidava viimistlusega.<\/strong> Lisaks kaitsele parandab meie metallilakk pindade visuaalset atraktiivsust, andes \u00fchtlase ja puhta viimistluse, mis toob esile metalli loomuliku iseloomu. See annab elegantse, professionaalse v\u00e4limuse, mis sobib v\u00e4ravatele, piirdedele, m\u00f6\u00f6blile, masinatele ja dekoratiivsetele elementidele.<\/p>\n<p><strong><img decoding=\"async\" style=\"margin-right: 12px;\" src=\"https:\/\/www.ferberpainting.com\/wp-content\/uploads\/2026\/02\/Check.svg\" alt=\"\" width=\"18\" height=\"15\" \/>Pikaajaline vastupidavus sise- ja v\u00e4liskeskkonnas.<\/strong> Temperatuurimuutustele, niiskusele ja igap\u00e4evasele kulumisele vastupidavaks konstrueeritud kate p\u00fcsib stabiilne ja vastupidav isegi n\u00f5udlikes tingimustes. See v\u00e4hendab vajadust sagedase korduva pealekandmise ja pideva hoolduse j\u00e4rele.<\/p>\n<p><strong><img decoding=\"async\" style=\"margin-right: 12px;\" src=\"https:\/\/www.ferberpainting.com\/wp-content\/uploads\/2026\/02\/Check.svg\" alt=\"\" width=\"18\" height=\"15\" \/>Lihtne kasutada nii professionaalidele kui ka DIY-kasutajatele.<\/strong> Meie metalllakki on lihtne kasutada pintsli, rulli v\u00f5i pihustuss\u00fcsteemiga. Selle \u00fchtlane konsistents tagab \u00fchtlase jaotumise ilma liigse tilkumiseta, mist\u00f5ttu sobib see nii kogenud professionaalidele kui ka kodustele kasutajatele, kes tegelevad renoveerimis- v\u00f5i hooldusprojektidega.<\/p>\n<h2><strong>Juhised<\/strong><\/h2>\n<ul>\n<li>Veenduge, et metallpind on enne pealekandmist puhas, kuiv ja vaba tolmust, rasvast, \u00f5list v\u00f5i roostest. Eemaldage olemasolev lahtine rooste liivapaberi v\u00f5i traatharjaga.<\/li>\n<li>Vajaduse korral rasvatage pind sobiva puhastusvahendiga ja laske sellel enne laki pealekandmist t\u00e4ielikult kuivada.<\/li>\n<li>Segage toodet enne kasutamist p\u00f5hjalikult, et tagada \u00fchtlane segu.<\/li>\n<li>Kandke \u00f5huke, \u00fchtlane kiht pintsli, rulli v\u00f5i pihustusp\u00fcstoli abil. V\u00e4ltige liiga paksude kihtide pealekandmist, sest see v\u00f5ib m\u00f5jutada kuivamist ja l\u00f5ppviimistluse kvaliteeti.<\/li>\n<li>J\u00e4rgige soovituslikku annust: \u00fcks liiter katab kuni 10 m\u00b2. See vastab umbes 100 ml-le ruutmeetri kohta, et saavutada optimaalne j\u00f5udlus.<\/li>\n<li>Laske esimesel kihil t\u00e4ielikult kuivada vastavalt \u00fcmbritsevale temperatuurile ja ventilatsioonitingimustele, tavaliselt 4-6 tundi.<\/li>\n<li>Parema kaitse ja vastupidavuse saavutamiseks kandke teine kiht peale esimese kihi t\u00e4ielikku kuivamist. \u00c4rge \u00fcletage soovitatud kogupindala \u00fche kihi kohta.<\/li>\n<li>V\u00e4ltige t\u00f6\u00f6deldud pinna kokkupuudet niiskuse v\u00f5i tugeva kasutusega v\u00e4hemalt 24 tunni jooksul, et see saaks t\u00e4ielikult k\u00f5veneda.<\/li>\n<li>Puhastage t\u00f6\u00f6riistad kohe p\u00e4rast kasutamist lakip\u00f5histe toodete jaoks soovitatud sobiva lahustiga.<\/li>\n<li>S\u00e4ilitage konteinerit tihedalt suletud jahedas ja kuivas kohas, eemal otsesest p\u00e4ikesevalgusest ja \u00e4\u00e4rmuslikest temperatuuridest, et s\u00e4ilitada toote kvaliteeti.<\/li>\n<\/ul>","protected":false},"excerpt":{"rendered":"<p>Professional-grade protection for all metal surfaces. Our metal varnish is designed to provide long-lasting protection and an attractive finish for a wide range of metal surfaces, including steel, iron, aluminum, copper, brass, bronze and other alloys. It enhances the appearance of metal while forming a durable barrier against external elements, making it ideal for both [&hellip;]<\/p>\n","protected":false},"featured_media":26270,"comment_status":"open","ping_status":"closed","template":"","meta":{"_uag_custom_page_level_css":"","site-sidebar-layout":"default","site-content-layout":"","ast-site-content-layout":"default","site-content-style":"default","site-sidebar-style":"default","ast-global-header-display":"","ast-banner-title-visibility":"","ast-main-header-display":"","ast-hfb-above-header-display":"","ast-hfb-below-header-display":"","ast-hfb-mobile-header-display":"","site-post-title":"","ast-breadcrumbs-content":"","ast-featured-img":"","footer-sml-layout":"","ast-disable-related-posts":"","theme-transparent-header-meta":"default","adv-header-id-meta":"","stick-header-meta":"","header-above-stick-meta":"","header-main-stick-meta":"","header-below-stick-meta":"","astra-migrate-meta-layouts":"set","ast-page-background-enabled":"default","ast-page-background-meta":{"desktop":{"background-color":"var(--ast-global-color-4)","background-image":"","background-repeat":"repeat","background-position":"center center","background-size":"auto","background-attachment":"scroll","background-type":"","background-media":"","overlay-type":"","overlay-color":"","overlay-opacity":"","overlay-gradient":""},"tablet":{"background-color":"","background-image":"","background-repeat":"repeat","background-position":"center center","background-size":"auto","background-attachment":"scroll","background-type":"","background-media":"","overlay-type":"","overlay-color":"","overlay-opacity":"","overlay-gradient":""},"mobile":{"background-color":"","background-image":"","background-repeat":"repeat","background-position":"center center","background-size":"auto","background-attachment":"scroll","background-type":"","background-media":"","overlay-type":"","overlay-color":"","overlay-opacity":"","overlay-gradient":""}},"ast-content-background-meta":{"desktop":{"background-color":"var(--ast-global-color-5)","background-image":"","background-repeat":"repeat","background-position":"center center","background-size":"auto","background-attachment":"scroll","background-type":"","background-media":"","overlay-type":"","overlay-color":"","overlay-opacity":"","overlay-gradient":""},"tablet":{"background-color":"var(--ast-global-color-5)","background-image":"","background-repeat":"repeat","background-position":"center center","background-size":"auto","background-attachment":"scroll","background-type":"","background-media":"","overlay-type":"","overlay-color":"","overlay-opacity":"","overlay-gradient":""},"mobile":{"background-color":"var(--ast-global-color-5)","background-image":"","background-repeat":"repeat","background-position":"center center","background-size":"auto","background-attachment":"scroll","background-type":"","background-media":"","overlay-type":"","overlay-color":"","overlay-opacity":"","overlay-gradient":""}}},"product_brand":[],"product_cat":[190],"product_tag":[],"class_list":{"0":"post-23814","1":"product","2":"type-product","3":"status-publish","4":"has-post-thumbnail","6":"product_cat-varnish","7":"desktop-align-left","8":"tablet-align-left","9":"mobile-align-left","11":"first","12":"instock","13":"sale","14":"taxable","15":"shipping-taxable","16":"purchasable","17":"product-type-variable","18":"has-default-attributes"},"spectra_custom_meta":{"_visibility":["visible"],"_shopify_product_id":["1328690167878"],"_s2w_shopify_domain":["ferberpainting.myshopify.com"],"_shopify_variant_id":["12158535794758"],"_sku":[""],"_manage_stock":["no"],"total_sales":["35"],"_tax_status":["taxable"],"_tax_class":[""],"_backorders":["no"],"_sold_individually":["no"],"_virtual":["no"],"_downloadable":["no"],"_download_limit":["-1"],"_download_expiry":["-1"],"_stock":[null],"_stock_status":["instock"],"_wc_average_rating":["4.93"],"_wc_review_count":["82"],"_product_attributes":["a:1:{s:6:\"volume\";a:6:{s:4:\"name\";s:6:\"Volume\";s:5:\"value\";s:30:\"1 liter | 5 liters | 20 liters\";s:8:\"position\";i:1;s:10:\"is_visible\";i:0;s:12:\"is_variation\";i:1;s:11:\"is_taxonomy\";i:0;}}"],"_product_version":["10.5.1"],"_thumbnail_id":["26270"],"_price":["19.90","89.90","299.90"],"_product_image_gallery":["26271,26272"],"merchant-center-availability":["yes"],"merchant-center-category":["503738"],"merchant-center-id":["VM"],"wpse_downloadable_file_names":[""],"wpse_downloadable_file_urls":[""],"_edit_last":["1"],"_default_attributes":["a:1:{s:6:\"volume\";s:7:\"1 liter\";}"],"_wc_rating_count":["a:3:{i:3;i:1;i:4;i:4;i:5;i:77;}"],"_edit_lock":["1771185532:1"],"_wp_page_template":["default"],"site-sidebar-layout":["default"],"ast-site-content-layout":["default"],"site-content-style":["default"],"site-sidebar-style":["default"],"theme-transparent-header-meta":["default"],"astra-migrate-meta-layouts":["set"],"_uag_css_file_name":["uag-css-23814.css"],"_elementor_page_assets":["a:0:{}"],"_uag_page_assets":["a:9:{s:3:\"css\";s:6873:\".wp-block-uagb-image{display:flex}.wp-block-uagb-image__figure{position:relative;display:flex;flex-direction:column;max-width:100%;height:auto;margin:0}.wp-block-uagb-image__figure img{height:auto;display:flex;max-width:100%;transition:box-shadow .2s ease}.wp-block-uagb-image__figure>a{display:inline-block}.wp-block-uagb-image__figure figcaption{text-align:center;margin-top:.5em;margin-bottom:1em}.wp-block-uagb-image .components-placeholder.block-editor-media-placeholder .components-placeholder__instructions{align-self:center}.wp-block-uagb-image--align-left{text-align:left}.wp-block-uagb-image--align-right{text-align:right}.wp-block-uagb-image--align-center{text-align:center}.wp-block-uagb-image--align-full .wp-block-uagb-image__figure{margin-left:calc(50% - 50vw);margin-right:calc(50% - 50vw);max-width:100vw;width:100vw;height:auto}.wp-block-uagb-image--align-full .wp-block-uagb-image__figure img{height:auto;width:100% !important}.wp-block-uagb-image--align-wide .wp-block-uagb-image__figure img{height:auto;width:100%}.wp-block-uagb-image--layout-overlay__color-wrapper{position:absolute;left:0;top:0;right:0;bottom:0;opacity:.2;background:rgba(0,0,0,.5);transition:opacity .35s ease-in-out}.wp-block-uagb-image--layout-overlay-link{position:absolute;left:0;right:0;bottom:0;top:0}.wp-block-uagb-image--layout-overlay .wp-block-uagb-image__figure:hover .wp-block-uagb-image--layout-overlay__color-wrapper{opacity:1}.wp-block-uagb-image--layout-overlay__inner{position:absolute;left:15px;right:15px;bottom:15px;top:15px;display:flex;align-items:center;justify-content:center;flex-direction:column;border-color:#fff;transition:.35s ease-in-out}.wp-block-uagb-image--layout-overlay__inner.top-left,.wp-block-uagb-image--layout-overlay__inner.top-center,.wp-block-uagb-image--layout-overlay__inner.top-right{justify-content:flex-start}.wp-block-uagb-image--layout-overlay__inner.bottom-left,.wp-block-uagb-image--layout-overlay__inner.bottom-center,.wp-block-uagb-image--layout-overlay__inner.bottom-right{justify-content:flex-end}.wp-block-uagb-image--layout-overlay__inner.top-left,.wp-block-uagb-image--layout-overlay__inner.center-left,.wp-block-uagb-image--layout-overlay__inner.bottom-left{align-items:flex-start}.wp-block-uagb-image--layout-overlay__inner.top-right,.wp-block-uagb-image--layout-overlay__inner.center-right,.wp-block-uagb-image--layout-overlay__inner.bottom-right{align-items:flex-end}.wp-block-uagb-image--layout-overlay__inner .uagb-image-heading{color:#fff;transition:transform .35s,opacity .35s ease-in-out;transform:translate3d(0, 24px, 0);margin:0;line-height:1em}.wp-block-uagb-image--layout-overlay__inner .uagb-image-separator{width:30%;border-top-width:2px;border-top-color:#fff;border-top-style:solid;margin-bottom:10px;opacity:0;transition:transform .4s,opacity .4s ease-in-out;transform:translate3d(0, 30px, 0)}.wp-block-uagb-image--layout-overlay__inner .uagb-image-caption{opacity:0;overflow:visible;color:#fff;transition:transform .45s,opacity .45s ease-in-out;transform:translate3d(0, 35px, 0)}.wp-block-uagb-image--layout-overlay__inner:hover .uagb-image-heading,.wp-block-uagb-image--layout-overlay__inner:hover .uagb-image-separator,.wp-block-uagb-image--layout-overlay__inner:hover .uagb-image-caption{opacity:1;transform:translate3d(0, 0, 0)}.wp-block-uagb-image--effect-zoomin .wp-block-uagb-image__figure img,.wp-block-uagb-image--effect-zoomin .wp-block-uagb-image__figure .wp-block-uagb-image--layout-overlay__color-wrapper{transform:scale(1);transition:transform .35s ease-in-out}.wp-block-uagb-image--effect-zoomin .wp-block-uagb-image__figure:hover img,.wp-block-uagb-image--effect-zoomin .wp-block-uagb-image__figure:hover .wp-block-uagb-image--layout-overlay__color-wrapper{transform:scale(1.05)}.wp-block-uagb-image--effect-slide .wp-block-uagb-image__figure img,.wp-block-uagb-image--effect-slide .wp-block-uagb-image__figure .wp-block-uagb-image--layout-overlay__color-wrapper{width:calc(100% + 40px) !important;max-width:none !important;transform:translate3d(-40px, 0, 0);transition:transform .35s ease-in-out}.wp-block-uagb-image--effect-slide .wp-block-uagb-image__figure:hover img,.wp-block-uagb-image--effect-slide .wp-block-uagb-image__figure:hover .wp-block-uagb-image--layout-overlay__color-wrapper{transform:translate3d(0, 0, 0)}.wp-block-uagb-image--effect-grayscale img{filter:grayscale(0%);transition:.35s ease-in-out}.wp-block-uagb-image--effect-grayscale:hover img{filter:grayscale(100%)}.wp-block-uagb-image--effect-blur img{filter:blur(0);transition:.35s ease-in-out}.wp-block-uagb-image--effect-blur:hover img{filter:blur(3px)}.uagb-block-e6f939b3.wp-block-uagb-image--layout-default figure img{box-shadow: 0px 0px 0 #00000070;}.uagb-block-e6f939b3.wp-block-uagb-image .wp-block-uagb-image__figure figcaption{font-style: normal;align-self: center;}.uagb-block-e6f939b3.wp-block-uagb-image--layout-overlay figure img{box-shadow: 0px 0px 0 #00000070;}.uagb-block-e6f939b3.wp-block-uagb-image--layout-overlay .wp-block-uagb-image--layout-overlay__color-wrapper{opacity: 0.2;}.uagb-block-e6f939b3.wp-block-uagb-image--layout-overlay .wp-block-uagb-image--layout-overlay__inner{left: 15px;right: 15px;top: 15px;bottom: 15px;}.uagb-block-e6f939b3.wp-block-uagb-image--layout-overlay .wp-block-uagb-image--layout-overlay__inner .uagb-image-heading{font-style: normal;color: #fff;opacity: 1;}.uagb-block-e6f939b3.wp-block-uagb-image--layout-overlay .wp-block-uagb-image--layout-overlay__inner .uagb-image-heading a{color: #fff;}.uagb-block-e6f939b3.wp-block-uagb-image--layout-overlay .wp-block-uagb-image--layout-overlay__inner .uagb-image-caption{opacity: 0;}.uagb-block-e6f939b3.wp-block-uagb-image--layout-overlay .wp-block-uagb-image__figure:hover .wp-block-uagb-image--layout-overlay__color-wrapper{opacity: 1;}.uagb-block-e6f939b3.wp-block-uagb-image .wp-block-uagb-image--layout-overlay__inner .uagb-image-separator{width: 30%;border-top-width: 2px;border-top-color: #fff;opacity: 0;}.uagb-block-e6f939b3.wp-block-uagb-image .wp-block-uagb-image__figure img{width: px;height: auto;}.uagb-block-e6f939b3.wp-block-uagb-image .wp-block-uagb-image__figure:hover .wp-block-uagb-image--layout-overlay__inner .uagb-image-caption{opacity: 1;}.uagb-block-e6f939b3.wp-block-uagb-image .wp-block-uagb-image__figure:hover .wp-block-uagb-image--layout-overlay__inner .uagb-image-separator{opacity: 1;}.uagb-block-e6f939b3.wp-block-uagb-image--layout-default figure:hover img{box-shadow: 0px 0px 0 #00000070;}.uagb-block-e6f939b3.wp-block-uagb-image--layout-overlay figure:hover img{box-shadow: 0px 0px 0 #00000070;}@media only screen and (max-width: 976px) {.uagb-block-e6f939b3.wp-block-uagb-image .wp-block-uagb-image__figure img{width: px;height: auto;}}@media only screen and (max-width: 767px) {.uagb-block-e6f939b3.wp-block-uagb-image .wp-block-uagb-image__figure img{width: px;height: auto;}}\";s:2:\"js\";s:0:\"\";s:18:\"current_block_list\";a:13:{i:0;s:11:\"core\/search\";i:1;s:10:\"core\/group\";i:2;s:12:\"core\/heading\";i:3;s:17:\"core\/latest-posts\";i:4;s:20:\"core\/latest-comments\";i:5;s:13:\"core\/archives\";i:6;s:15:\"core\/categories\";i:7;s:14:\"core\/paragraph\";i:8;s:10:\"uagb\/image\";i:9;s:11:\"core\/spacer\";i:10;s:30:\"woocommerce\/product-categories\";i:11;s:10:\"core\/image\";i:12;s:14:\"core\/shortcode\";}s:8:\"uag_flag\";b:1;s:11:\"uag_version\";s:10:\"1777369934\";s:6:\"gfonts\";a:0:{}s:10:\"gfonts_url\";s:0:\"\";s:12:\"gfonts_files\";a:0:{}s:14:\"uag_faq_layout\";b:0;}"]},"uagb_featured_image_src":{"full":["https:\/\/www.ferberpainting.com\/wp-content\/uploads\/2025\/05\/1Liter_aa6d0586-c6be-43e5-af34-b651f9e10fee.png",2560,2276,false],"thumbnail":["https:\/\/www.ferberpainting.com\/wp-content\/uploads\/2025\/05\/1Liter_aa6d0586-c6be-43e5-af34-b651f9e10fee-150x150.png",150,150,true],"medium":["https:\/\/www.ferberpainting.com\/wp-content\/uploads\/2025\/05\/1Liter_aa6d0586-c6be-43e5-af34-b651f9e10fee-300x267.png",300,267,true],"medium_large":["https:\/\/www.ferberpainting.com\/wp-content\/uploads\/2025\/05\/1Liter_aa6d0586-c6be-43e5-af34-b651f9e10fee-768x683.png",768,683,true],"large":["https:\/\/www.ferberpainting.com\/wp-content\/uploads\/2025\/05\/1Liter_aa6d0586-c6be-43e5-af34-b651f9e10fee-1024x910.png",1024,910,true],"1536x1536":["https:\/\/www.ferberpainting.com\/wp-content\/uploads\/2025\/05\/1Liter_aa6d0586-c6be-43e5-af34-b651f9e10fee-1536x1366.png",1536,1366,true],"2048x2048":["https:\/\/www.ferberpainting.com\/wp-content\/uploads\/2025\/05\/1Liter_aa6d0586-c6be-43e5-af34-b651f9e10fee-2048x1821.png",2048,1821,true],"trp-custom-language-flag":["https:\/\/www.ferberpainting.com\/wp-content\/uploads\/2025\/05\/1Liter_aa6d0586-c6be-43e5-af34-b651f9e10fee-13x12.png",13,12,true],"woocommerce_thumbnail":["https:\/\/www.ferberpainting.com\/wp-content\/uploads\/2025\/05\/1Liter_aa6d0586-c6be-43e5-af34-b651f9e10fee-300x300.png",300,300,true],"woocommerce_single":["https:\/\/www.ferberpainting.com\/wp-content\/uploads\/2025\/05\/1Liter_aa6d0586-c6be-43e5-af34-b651f9e10fee-600x533.png",600,533,true],"woocommerce_gallery_thumbnail":["https:\/\/www.ferberpainting.com\/wp-content\/uploads\/2025\/05\/1Liter_aa6d0586-c6be-43e5-af34-b651f9e10fee-100x100.png",100,100,true]},"uagb_author_info":{"display_name":"admin","author_link":"https:\/\/www.ferberpainting.com\/ee\/author\/"},"uagb_comment_info":82,"uagb_excerpt":"Professional-grade protection for all metal surfaces. Our metal varnish is designed to provide long-lasting protection and an attractive finish for a wide range of metal surfaces, including steel, iron, aluminum, copper, brass, bronze and other alloys. It enhances the appearance of metal while forming a durable barrier against external elements, making it ideal for both&hellip;","_links":{"self":[{"href":"https:\/\/www.ferberpainting.com\/ee\/wp-json\/wp\/v2\/product\/23814","targetHints":{"allow":["GET"]}}],"collection":[{"href":"https:\/\/www.ferberpainting.com\/ee\/wp-json\/wp\/v2\/product"}],"about":[{"href":"https:\/\/www.ferberpainting.com\/ee\/wp-json\/wp\/v2\/types\/product"}],"replies":[{"embeddable":true,"href":"https:\/\/www.ferberpainting.com\/ee\/wp-json\/wp\/v2\/comments?post=23814"}],"version-history":[{"count":3,"href":"https:\/\/www.ferberpainting.com\/ee\/wp-json\/wp\/v2\/product\/23814\/revisions"}],"predecessor-version":[{"id":166506,"href":"https:\/\/www.ferberpainting.com\/ee\/wp-json\/wp\/v2\/product\/23814\/revisions\/166506"}],"wp:featuredmedia":[{"embeddable":true,"href":"https:\/\/www.ferberpainting.com\/ee\/wp-json\/wp\/v2\/media\/26270"}],"wp:attachment":[{"href":"https:\/\/www.ferberpainting.com\/ee\/wp-json\/wp\/v2\/media?parent=23814"}],"wp:term":[{"taxonomy":"product_brand","embeddable":true,"href":"https:\/\/www.ferberpainting.com\/ee\/wp-json\/wp\/v2\/product_brand?post=23814"},{"taxonomy":"product_cat","embeddable":true,"href":"https:\/\/www.ferberpainting.com\/ee\/wp-json\/wp\/v2\/product_cat?post=23814"},{"taxonomy":"product_tag","embeddable":true,"href":"https:\/\/www.ferberpainting.com\/ee\/wp-json\/wp\/v2\/product_tag?post=23814"}],"curies":[{"name":"wp","href":"https:\/\/api.w.org\/{rel}","templated":true}]}}