{"id":23799,"date":"2025-05-26T10:25:33","date_gmt":"2025-05-26T08:25:33","guid":{"rendered":"https:\/\/www.ferberpainting.com\/products\/live-bacteria-for-septic-tank\/"},"modified":"2026-02-15T20:46:52","modified_gmt":"2026-02-15T19:46:52","slug":"live-bacteria-for-septic-tank","status":"publish","type":"product","link":"https:\/\/www.ferberpainting.com\/ee\/products\/live-bacteria-for-septic-tank\/","title":{"rendered":"Elusbakterid septilise paagi jaoks"},"content":{"rendered":"<p><strong><img decoding=\"async\" style=\"margin-right: 12px;\" src=\"https:\/\/www.ferberpainting.com\/wp-content\/uploads\/2026\/02\/Check.svg\" alt=\"\" width=\"18\" height=\"15\" \/>Taastab ja s\u00e4ilitab septilise mahuti optimaalse toimimise looduslikult.<\/strong> Meie elusad bakterid septilise paagi puhastamiseks on spetsiaalselt koostatud, et toetada ja t\u00f5hustada teie septilise s\u00fcsteemi sees toimuvaid loomulikke bioloogilisi protsesse. Aktiivsete, kasulike mikroorganismide sissetoomisega aitab see orgaanilisi j\u00e4\u00e4tmeid t\u00f5husalt lagundada ja hoiab teie septiku t\u00f5rgeteta toimimist aastaringselt.<\/p>\n<p><strong><img decoding=\"async\" style=\"margin-right: 12px;\" src=\"https:\/\/www.ferberpainting.com\/wp-content\/uploads\/2026\/02\/Check.svg\" alt=\"\" width=\"18\" height=\"15\" \/>Sisaldab ligikaudu 100 000 elusat bakterit grammi kohta, mis tagab v\u00f5imsa bioloogilise toime.<\/strong> Selle t\u00e4iustatud koostisega iga gramm sisaldab umbes 100 000 aktiivset bakterit, mis on hoolikalt valitud nende v\u00f5ime j\u00e4rgi orgaanilist ainet seedida. Need mikroorganismid paljunevad septilise paagi sees, kiirendades j\u00e4\u00e4tmete lagundamist ja parandades s\u00fcsteemi \u00fcldist tasakaalu.<\/p>\n<p><strong><img decoding=\"async\" style=\"margin-right: 12px;\" src=\"https:\/\/www.ferberpainting.com\/wp-content\/uploads\/2026\/02\/Check.svg\" alt=\"\" width=\"18\" height=\"15\" \/>K\u00f5ige t\u00f5husam bioloogiline puhastusvahend turul olevatele septikutele.<\/strong> See toode, mis on loodud kvaliteetsete elavate bakterikultuuridega, t\u00f6\u00f6tab s\u00fcgavale paagis, et lagundada rasvu, \u00f5lisid, rasva, paberit ja muid orgaanilisi materjale. See t\u00f5hustab loomulikke seedimisprotsesse palju t\u00f5husamalt kui lihtsad keemilised lisandid, mis v\u00f5ivad h\u00e4irida bakterite tasakaalu.<\/p>\n<p><strong><img decoding=\"async\" style=\"margin-right: 12px;\" src=\"https:\/\/www.ferberpainting.com\/wp-content\/uploads\/2026\/02\/Check.svg\" alt=\"\" width=\"18\" height=\"15\" \/>Raha tagasi garantii t\u00e4ieliku meelerahu tagamiseks.<\/strong> Oleme t\u00e4iesti veendunud meie elusv\u00e4rviliste bakterite toimimises ja usaldusv\u00e4\u00e4rsuses. Kui te ei ole tulemustega t\u00e4ielikult rahul, tagastame teile raha tagasi. Meie raha-tagastamisgarantii tagab, et teie investeering on t\u00e4iesti riskivaba ja peegeldab meie p\u00fchendumust pakkuda professionaalse kvaliteediga hoolduslahendusi.<\/p>\n<p><strong><img decoding=\"async\" style=\"margin-right: 12px;\" src=\"https:\/\/www.ferberpainting.com\/wp-content\/uploads\/2026\/02\/Check.svg\" alt=\"\" width=\"18\" height=\"15\" \/>Odavaim olemasolev k\u00f5rgtehnoloogiline septiline bakterit\u00f5rje.<\/strong> Septilise s\u00fcsteemi t\u00f5hus hooldus ei n\u00f5ua kalleid hooldusk\u00fclastusi ega kulukaid pumpamisoperatsioone. Meie bioloogiline puhastus pakub esmaklassilist tulemuslikkust k\u00f5ige konkurentsiv\u00f5imelisema hinnaga turul, pakkudes koduomanikele erakordset pikaajalist v\u00e4\u00e4rtust.<\/p>\n<p><strong><img decoding=\"async\" style=\"margin-right: 12px;\" src=\"https:\/\/www.ferberpainting.com\/wp-content\/uploads\/2026\/02\/Check.svg\" alt=\"\" width=\"18\" height=\"15\" \/>Ainult \u00fcks pudel aastas, et hooldus oleks lihtne.<\/strong> Lihtsuse ja t\u00f5hususe huvides on kavandatud vaid \u00fcks pudel aastas, millest piisab tavaliste kodumajapidamiste septikute jaoks. Selline iga-aastane t\u00f6\u00f6tlus toetab pidevalt paagis olevat mikroobset \u00f6kos\u00fcsteemi, muutes hoolduse lihtsaks ja mugavaks.<\/p>\n<p><strong><img decoding=\"async\" style=\"margin-right: 12px;\" src=\"https:\/\/www.ferberpainting.com\/wp-content\/uploads\/2026\/02\/Check.svg\" alt=\"\" width=\"18\" height=\"15\" \/>V\u00e4hendab l\u00f5hnu ja ebameeldivaid l\u00f5hnu.<\/strong> Kiirendades orgaaniliste j\u00e4\u00e4tmete lagundamist, aitavad elusad bakterid v\u00e4hendada halva l\u00f5hnagaaside teket. Regulaarne kasutamine aitab kaasa v\u00e4rskema ja h\u00fcgieenilisema keskkonna loomisele septikute \u00fcmber.<\/p>\n<p><strong><img decoding=\"async\" style=\"margin-right: 12px;\" src=\"https:\/\/www.ferberpainting.com\/wp-content\/uploads\/2026\/02\/Check.svg\" alt=\"\" width=\"18\" height=\"15\" \/>Aitab v\u00e4ltida ummistusi ja mudade kogunemist.<\/strong> Aktiivsed bakterikultuurid lagundavad tahkeid j\u00e4\u00e4tmeid ja v\u00e4hendavad muda kogunemist, aidates s\u00e4ilitada n\u00f5uetekohast voolu ja v\u00e4ltides kulukaid ummistusi v\u00f5i ummistusi torudes ja kanalisatsiooniv\u00e4ljadel.<\/p>\n<p><strong><img decoding=\"async\" style=\"margin-right: 12px;\" src=\"https:\/\/www.ferberpainting.com\/wp-content\/uploads\/2026\/02\/Check.svg\" alt=\"\" width=\"18\" height=\"15\" \/>Toetab keskkonnas\u00f5bralikku j\u00e4\u00e4tmek\u00e4itlust.<\/strong> See bioloogiline lahendus t\u00f6\u00f6tab koosk\u00f5las looduslike protsessidega, v\u00e4ltides karmide kemikaalide kasutamist, mis v\u00f5ivad kahjustada kasulikke baktereid v\u00f5i reostada p\u00f5hjavett. See soodustab j\u00e4tkusuutlikku ja keskkonnateadlikku l\u00e4henemist septilise s\u00fcsteemi hooldusele.<\/p>\n<p><strong><img decoding=\"async\" style=\"margin-right: 12px;\" src=\"https:\/\/www.ferberpainting.com\/wp-content\/uploads\/2026\/02\/Check.svg\" alt=\"\" width=\"18\" height=\"15\" \/>Sobib elamute septikute ja v\u00e4ikeste reovees\u00fcsteemide jaoks.<\/strong> See toode sobib ideaalselt kodudesse, kus kasutatakse septikuid, salvkaevusid ja v\u00e4ikeseid s\u00f5ltumatuid reoveepuhastuss\u00fcsteeme. See kohandub erinevate mahutite suurustega tavalistes majapidamistingimustes.<\/p>\n<h2><strong>Juhised<\/strong><\/h2>\n<ul>\n<li>Enne kasutamist loksutage pudelit h\u00e4sti, et tagada bakterikultuuride \u00fchtlane jaotumine.<\/li>\n<li>Tavap\u00e4raste elamute septikute puhul kasutage rutiinse hoolduse raames \u00fchte t\u00e4is pudelit aastas.<\/li>\n<li>Vala sisu otse tualetti ja loputa, et bakterid j\u00f5uaksid septikus\u00fcsteemi.<\/li>\n<li>Teise v\u00f5imalusena v\u00f5ib toodet lahjendada vees ja valada kraanikaussi v\u00f5i septikasse \u00fchendatud kanalisatsiooni.<\/li>\n<li>Rakendage t\u00f6\u00f6tlusvahendit siis, kui s\u00fcsteem t\u00f6\u00f6tab normaalselt, ja v\u00e4ltige kohe p\u00e4rast seda suurte koguste keemiliste puhastusvahendite kasutamist.<\/li>\n<li>Parima tulemuse saavutamiseks viige bakterid sisse regulaarse majapidamiskoormuse ajal, et soodustada nende levikut kogu paagis.<\/li>\n<li>V\u00e4ltige kombineerimist karmide antibakteriaalsete kemikaalide v\u00f5i liigse valgendajaga, kuna need v\u00f5ivad v\u00e4hendada bakterite aktiivsust.<\/li>\n<li>Tugeva kasutuse v\u00f5i suuremate mahutite korral konsulteerige spetsialistiga, et teha kindlaks, kas on vaja lisadoseerimist.<\/li>\n<li>J\u00e4tkata rutiinset septilise s\u00fcsteemi kontrollimist ja pumpamist vastavalt kohalikele eeskirjadele.<\/li>\n<li>S\u00e4ilitage toodet jahedas ja kuivas kohas, eemal otsesest p\u00e4ikesevalgusest, et s\u00e4ilitada bakterite eluj\u00f5ulisus.<\/li>\n<\/ul>\n<p>Selle elusbakteritega reoveepuhasti t\u00f6\u00f6tlemise regulaarne kasutamine aitab s\u00e4ilitada teie reovees\u00fcsteemis tasakaalustatud mikroobikeskkonda. Toode annab ligikaudu 100 000 bakterit grammi kohta, tugevdab loomulikke lagunemisprotsesse, v\u00e4hendab muda kogunemist, v\u00e4hendab l\u00f5hna ja toetab septilise mahuti pikaajalist t\u00f5husust. Selle lihtne kord aastas toimuv kasutamine muudab hoolduse vaevata, pakkudes samal ajal usaldusv\u00e4\u00e4rset ja keskkonnas\u00f5bralikku toimimist.<\/p>","protected":false},"excerpt":{"rendered":"<p>Restore and maintain optimal septic tank performance naturally. Our live bacteria for septic tank treatment is specially formulated to support and enhance the natural biological processes inside your septic system. By introducing active, beneficial microorganisms, it helps break down organic waste efficiently and keeps your septic tank functioning smoothly throughout the year. Contains approximately 100,000 [&hellip;]<\/p>\n","protected":false},"featured_media":26257,"comment_status":"open","ping_status":"closed","template":"","meta":{"_uag_custom_page_level_css":"","site-sidebar-layout":"default","site-content-layout":"","ast-site-content-layout":"default","site-content-style":"default","site-sidebar-style":"default","ast-global-header-display":"","ast-banner-title-visibility":"","ast-main-header-display":"","ast-hfb-above-header-display":"","ast-hfb-below-header-display":"","ast-hfb-mobile-header-display":"","site-post-title":"","ast-breadcrumbs-content":"","ast-featured-img":"","footer-sml-layout":"","ast-disable-related-posts":"","theme-transparent-header-meta":"default","adv-header-id-meta":"","stick-header-meta":"","header-above-stick-meta":"","header-main-stick-meta":"","header-below-stick-meta":"","astra-migrate-meta-layouts":"set","ast-page-background-enabled":"default","ast-page-background-meta":{"desktop":{"background-color":"var(--ast-global-color-4)","background-image":"","background-repeat":"repeat","background-position":"center center","background-size":"auto","background-attachment":"scroll","background-type":"","background-media":"","overlay-type":"","overlay-color":"","overlay-opacity":"","overlay-gradient":""},"tablet":{"background-color":"","background-image":"","background-repeat":"repeat","background-position":"center center","background-size":"auto","background-attachment":"scroll","background-type":"","background-media":"","overlay-type":"","overlay-color":"","overlay-opacity":"","overlay-gradient":""},"mobile":{"background-color":"","background-image":"","background-repeat":"repeat","background-position":"center center","background-size":"auto","background-attachment":"scroll","background-type":"","background-media":"","overlay-type":"","overlay-color":"","overlay-opacity":"","overlay-gradient":""}},"ast-content-background-meta":{"desktop":{"background-color":"var(--ast-global-color-5)","background-image":"","background-repeat":"repeat","background-position":"center center","background-size":"auto","background-attachment":"scroll","background-type":"","background-media":"","overlay-type":"","overlay-color":"","overlay-opacity":"","overlay-gradient":""},"tablet":{"background-color":"var(--ast-global-color-5)","background-image":"","background-repeat":"repeat","background-position":"center center","background-size":"auto","background-attachment":"scroll","background-type":"","background-media":"","overlay-type":"","overlay-color":"","overlay-opacity":"","overlay-gradient":""},"mobile":{"background-color":"var(--ast-global-color-5)","background-image":"","background-repeat":"repeat","background-position":"center center","background-size":"auto","background-attachment":"scroll","background-type":"","background-media":"","overlay-type":"","overlay-color":"","overlay-opacity":"","overlay-gradient":""}}},"product_brand":[],"product_cat":[175],"product_tag":[],"class_list":{"0":"post-23799","1":"product","2":"type-product","3":"status-publish","4":"has-post-thumbnail","6":"product_cat-cleaning-products","7":"desktop-align-left","8":"tablet-align-left","9":"mobile-align-left","11":"first","12":"instock","13":"taxable","14":"shipping-taxable","15":"purchasable","16":"product-type-simple"},"spectra_custom_meta":{"_visibility":["visible"],"_shopify_product_id":["7954850152693"],"_s2w_shopify_domain":["ferberpainting.myshopify.com"],"_shopify_variant_id":["43513609322741"],"_sku":["FPBACTERIASEPTICTANK"],"_regular_price":["29.90"],"_price":["29.90"],"_sale_price":[""],"_weight":["1.3"],"_thumbnail_id":["26257"],"_global_unique_id":["5056773801592"],"total_sales":["243"],"_tax_status":["taxable"],"_tax_class":[""],"_manage_stock":["no"],"_backorders":["no"],"_sold_individually":["no"],"_virtual":["no"],"_downloadable":["no"],"_download_limit":["-1"],"_download_expiry":["-1"],"_stock":[null],"_stock_status":["instock"],"_wc_average_rating":["4.91"],"_wc_review_count":["70"],"_product_version":["10.5.1"],"_wc_rating_count":["a:2:{i:4;i:6;i:5;i:64;}"],"_edit_lock":["1771184694:1"],"merchant-center-availability":["yes"],"merchant-center-id":["LBFST"],"merchant-center-category":["7470"],"_edit_last":["1"],"_wp_page_template":["default"],"site-sidebar-layout":["default"],"ast-site-content-layout":["default"],"site-content-style":["default"],"site-sidebar-style":["default"],"theme-transparent-header-meta":["default"],"astra-migrate-meta-layouts":["set"],"_uag_css_file_name":["uag-css-23799.css"],"_elementor_page_assets":["a:0:{}"],"_uag_page_assets":["a:9:{s:3:\"css\";s:6873:\".wp-block-uagb-image{display:flex}.wp-block-uagb-image__figure{position:relative;display:flex;flex-direction:column;max-width:100%;height:auto;margin:0}.wp-block-uagb-image__figure img{height:auto;display:flex;max-width:100%;transition:box-shadow .2s ease}.wp-block-uagb-image__figure>a{display:inline-block}.wp-block-uagb-image__figure figcaption{text-align:center;margin-top:.5em;margin-bottom:1em}.wp-block-uagb-image .components-placeholder.block-editor-media-placeholder .components-placeholder__instructions{align-self:center}.wp-block-uagb-image--align-left{text-align:left}.wp-block-uagb-image--align-right{text-align:right}.wp-block-uagb-image--align-center{text-align:center}.wp-block-uagb-image--align-full .wp-block-uagb-image__figure{margin-left:calc(50% - 50vw);margin-right:calc(50% - 50vw);max-width:100vw;width:100vw;height:auto}.wp-block-uagb-image--align-full .wp-block-uagb-image__figure img{height:auto;width:100% !important}.wp-block-uagb-image--align-wide .wp-block-uagb-image__figure img{height:auto;width:100%}.wp-block-uagb-image--layout-overlay__color-wrapper{position:absolute;left:0;top:0;right:0;bottom:0;opacity:.2;background:rgba(0,0,0,.5);transition:opacity .35s ease-in-out}.wp-block-uagb-image--layout-overlay-link{position:absolute;left:0;right:0;bottom:0;top:0}.wp-block-uagb-image--layout-overlay .wp-block-uagb-image__figure:hover .wp-block-uagb-image--layout-overlay__color-wrapper{opacity:1}.wp-block-uagb-image--layout-overlay__inner{position:absolute;left:15px;right:15px;bottom:15px;top:15px;display:flex;align-items:center;justify-content:center;flex-direction:column;border-color:#fff;transition:.35s ease-in-out}.wp-block-uagb-image--layout-overlay__inner.top-left,.wp-block-uagb-image--layout-overlay__inner.top-center,.wp-block-uagb-image--layout-overlay__inner.top-right{justify-content:flex-start}.wp-block-uagb-image--layout-overlay__inner.bottom-left,.wp-block-uagb-image--layout-overlay__inner.bottom-center,.wp-block-uagb-image--layout-overlay__inner.bottom-right{justify-content:flex-end}.wp-block-uagb-image--layout-overlay__inner.top-left,.wp-block-uagb-image--layout-overlay__inner.center-left,.wp-block-uagb-image--layout-overlay__inner.bottom-left{align-items:flex-start}.wp-block-uagb-image--layout-overlay__inner.top-right,.wp-block-uagb-image--layout-overlay__inner.center-right,.wp-block-uagb-image--layout-overlay__inner.bottom-right{align-items:flex-end}.wp-block-uagb-image--layout-overlay__inner .uagb-image-heading{color:#fff;transition:transform .35s,opacity .35s ease-in-out;transform:translate3d(0, 24px, 0);margin:0;line-height:1em}.wp-block-uagb-image--layout-overlay__inner .uagb-image-separator{width:30%;border-top-width:2px;border-top-color:#fff;border-top-style:solid;margin-bottom:10px;opacity:0;transition:transform .4s,opacity .4s ease-in-out;transform:translate3d(0, 30px, 0)}.wp-block-uagb-image--layout-overlay__inner .uagb-image-caption{opacity:0;overflow:visible;color:#fff;transition:transform .45s,opacity .45s ease-in-out;transform:translate3d(0, 35px, 0)}.wp-block-uagb-image--layout-overlay__inner:hover .uagb-image-heading,.wp-block-uagb-image--layout-overlay__inner:hover .uagb-image-separator,.wp-block-uagb-image--layout-overlay__inner:hover .uagb-image-caption{opacity:1;transform:translate3d(0, 0, 0)}.wp-block-uagb-image--effect-zoomin .wp-block-uagb-image__figure img,.wp-block-uagb-image--effect-zoomin .wp-block-uagb-image__figure .wp-block-uagb-image--layout-overlay__color-wrapper{transform:scale(1);transition:transform .35s ease-in-out}.wp-block-uagb-image--effect-zoomin .wp-block-uagb-image__figure:hover img,.wp-block-uagb-image--effect-zoomin .wp-block-uagb-image__figure:hover .wp-block-uagb-image--layout-overlay__color-wrapper{transform:scale(1.05)}.wp-block-uagb-image--effect-slide .wp-block-uagb-image__figure img,.wp-block-uagb-image--effect-slide .wp-block-uagb-image__figure .wp-block-uagb-image--layout-overlay__color-wrapper{width:calc(100% + 40px) !important;max-width:none !important;transform:translate3d(-40px, 0, 0);transition:transform .35s ease-in-out}.wp-block-uagb-image--effect-slide .wp-block-uagb-image__figure:hover img,.wp-block-uagb-image--effect-slide .wp-block-uagb-image__figure:hover .wp-block-uagb-image--layout-overlay__color-wrapper{transform:translate3d(0, 0, 0)}.wp-block-uagb-image--effect-grayscale img{filter:grayscale(0%);transition:.35s ease-in-out}.wp-block-uagb-image--effect-grayscale:hover img{filter:grayscale(100%)}.wp-block-uagb-image--effect-blur img{filter:blur(0);transition:.35s ease-in-out}.wp-block-uagb-image--effect-blur:hover img{filter:blur(3px)}.uagb-block-e6f939b3.wp-block-uagb-image--layout-default figure img{box-shadow: 0px 0px 0 #00000070;}.uagb-block-e6f939b3.wp-block-uagb-image .wp-block-uagb-image__figure figcaption{font-style: normal;align-self: center;}.uagb-block-e6f939b3.wp-block-uagb-image--layout-overlay figure img{box-shadow: 0px 0px 0 #00000070;}.uagb-block-e6f939b3.wp-block-uagb-image--layout-overlay .wp-block-uagb-image--layout-overlay__color-wrapper{opacity: 0.2;}.uagb-block-e6f939b3.wp-block-uagb-image--layout-overlay .wp-block-uagb-image--layout-overlay__inner{left: 15px;right: 15px;top: 15px;bottom: 15px;}.uagb-block-e6f939b3.wp-block-uagb-image--layout-overlay .wp-block-uagb-image--layout-overlay__inner .uagb-image-heading{font-style: normal;color: #fff;opacity: 1;}.uagb-block-e6f939b3.wp-block-uagb-image--layout-overlay .wp-block-uagb-image--layout-overlay__inner .uagb-image-heading a{color: #fff;}.uagb-block-e6f939b3.wp-block-uagb-image--layout-overlay .wp-block-uagb-image--layout-overlay__inner .uagb-image-caption{opacity: 0;}.uagb-block-e6f939b3.wp-block-uagb-image--layout-overlay .wp-block-uagb-image__figure:hover .wp-block-uagb-image--layout-overlay__color-wrapper{opacity: 1;}.uagb-block-e6f939b3.wp-block-uagb-image .wp-block-uagb-image--layout-overlay__inner .uagb-image-separator{width: 30%;border-top-width: 2px;border-top-color: #fff;opacity: 0;}.uagb-block-e6f939b3.wp-block-uagb-image .wp-block-uagb-image__figure img{width: px;height: auto;}.uagb-block-e6f939b3.wp-block-uagb-image .wp-block-uagb-image__figure:hover .wp-block-uagb-image--layout-overlay__inner .uagb-image-caption{opacity: 1;}.uagb-block-e6f939b3.wp-block-uagb-image .wp-block-uagb-image__figure:hover .wp-block-uagb-image--layout-overlay__inner .uagb-image-separator{opacity: 1;}.uagb-block-e6f939b3.wp-block-uagb-image--layout-default figure:hover img{box-shadow: 0px 0px 0 #00000070;}.uagb-block-e6f939b3.wp-block-uagb-image--layout-overlay figure:hover img{box-shadow: 0px 0px 0 #00000070;}@media only screen and (max-width: 976px) {.uagb-block-e6f939b3.wp-block-uagb-image .wp-block-uagb-image__figure img{width: px;height: auto;}}@media only screen and (max-width: 767px) {.uagb-block-e6f939b3.wp-block-uagb-image .wp-block-uagb-image__figure img{width: px;height: auto;}}\";s:2:\"js\";s:0:\"\";s:18:\"current_block_list\";a:13:{i:0;s:11:\"core\/search\";i:1;s:10:\"core\/group\";i:2;s:12:\"core\/heading\";i:3;s:17:\"core\/latest-posts\";i:4;s:20:\"core\/latest-comments\";i:5;s:13:\"core\/archives\";i:6;s:15:\"core\/categories\";i:7;s:14:\"core\/paragraph\";i:8;s:10:\"uagb\/image\";i:9;s:11:\"core\/spacer\";i:10;s:30:\"woocommerce\/product-categories\";i:11;s:10:\"core\/image\";i:12;s:14:\"core\/shortcode\";}s:8:\"uag_flag\";b:1;s:11:\"uag_version\";s:10:\"1777350548\";s:6:\"gfonts\";a:0:{}s:10:\"gfonts_url\";s:0:\"\";s:12:\"gfonts_files\";a:0:{}s:14:\"uag_faq_layout\";b:0;}"]},"uagb_featured_image_src":{"full":["https:\/\/www.ferberpainting.com\/wp-content\/uploads\/2025\/05\/Live-Bacteria-for-Septic-Tank_4000x4000_e0a9d681-ecd6-4bc1-8a33-5e662d3a5188.png",2560,2560,false],"thumbnail":["https:\/\/www.ferberpainting.com\/wp-content\/uploads\/2025\/05\/Live-Bacteria-for-Septic-Tank_4000x4000_e0a9d681-ecd6-4bc1-8a33-5e662d3a5188-150x150.png",150,150,true],"medium":["https:\/\/www.ferberpainting.com\/wp-content\/uploads\/2025\/05\/Live-Bacteria-for-Septic-Tank_4000x4000_e0a9d681-ecd6-4bc1-8a33-5e662d3a5188-300x300.png",300,300,true],"medium_large":["https:\/\/www.ferberpainting.com\/wp-content\/uploads\/2025\/05\/Live-Bacteria-for-Septic-Tank_4000x4000_e0a9d681-ecd6-4bc1-8a33-5e662d3a5188-768x768.png",768,768,true],"large":["https:\/\/www.ferberpainting.com\/wp-content\/uploads\/2025\/05\/Live-Bacteria-for-Septic-Tank_4000x4000_e0a9d681-ecd6-4bc1-8a33-5e662d3a5188-1024x1024.png",1024,1024,true],"1536x1536":["https:\/\/www.ferberpainting.com\/wp-content\/uploads\/2025\/05\/Live-Bacteria-for-Septic-Tank_4000x4000_e0a9d681-ecd6-4bc1-8a33-5e662d3a5188-1536x1536.png",1536,1536,true],"2048x2048":["https:\/\/www.ferberpainting.com\/wp-content\/uploads\/2025\/05\/Live-Bacteria-for-Septic-Tank_4000x4000_e0a9d681-ecd6-4bc1-8a33-5e662d3a5188-2048x2048.png",2048,2048,true],"trp-custom-language-flag":["https:\/\/www.ferberpainting.com\/wp-content\/uploads\/2025\/05\/Live-Bacteria-for-Septic-Tank_4000x4000_e0a9d681-ecd6-4bc1-8a33-5e662d3a5188-12x12.png",12,12,true],"woocommerce_thumbnail":["https:\/\/www.ferberpainting.com\/wp-content\/uploads\/2025\/05\/Live-Bacteria-for-Septic-Tank_4000x4000_e0a9d681-ecd6-4bc1-8a33-5e662d3a5188-300x300.png",300,300,true],"woocommerce_single":["https:\/\/www.ferberpainting.com\/wp-content\/uploads\/2025\/05\/Live-Bacteria-for-Septic-Tank_4000x4000_e0a9d681-ecd6-4bc1-8a33-5e662d3a5188-600x600.png",600,600,true],"woocommerce_gallery_thumbnail":["https:\/\/www.ferberpainting.com\/wp-content\/uploads\/2025\/05\/Live-Bacteria-for-Septic-Tank_4000x4000_e0a9d681-ecd6-4bc1-8a33-5e662d3a5188-100x100.png",100,100,true]},"uagb_author_info":{"display_name":"admin","author_link":"https:\/\/www.ferberpainting.com\/ee\/author\/"},"uagb_comment_info":70,"uagb_excerpt":"Restore and maintain optimal septic tank performance naturally. Our live bacteria for septic tank treatment is specially formulated to support and enhance the natural biological processes inside your septic system. By introducing active, beneficial microorganisms, it helps break down organic waste efficiently and keeps your septic tank functioning smoothly throughout the year. Contains approximately 100,000&hellip;","_links":{"self":[{"href":"https:\/\/www.ferberpainting.com\/ee\/wp-json\/wp\/v2\/product\/23799","targetHints":{"allow":["GET"]}}],"collection":[{"href":"https:\/\/www.ferberpainting.com\/ee\/wp-json\/wp\/v2\/product"}],"about":[{"href":"https:\/\/www.ferberpainting.com\/ee\/wp-json\/wp\/v2\/types\/product"}],"replies":[{"embeddable":true,"href":"https:\/\/www.ferberpainting.com\/ee\/wp-json\/wp\/v2\/comments?post=23799"}],"version-history":[{"count":5,"href":"https:\/\/www.ferberpainting.com\/ee\/wp-json\/wp\/v2\/product\/23799\/revisions"}],"predecessor-version":[{"id":166486,"href":"https:\/\/www.ferberpainting.com\/ee\/wp-json\/wp\/v2\/product\/23799\/revisions\/166486"}],"wp:featuredmedia":[{"embeddable":true,"href":"https:\/\/www.ferberpainting.com\/ee\/wp-json\/wp\/v2\/media\/26257"}],"wp:attachment":[{"href":"https:\/\/www.ferberpainting.com\/ee\/wp-json\/wp\/v2\/media?parent=23799"}],"wp:term":[{"taxonomy":"product_brand","embeddable":true,"href":"https:\/\/www.ferberpainting.com\/ee\/wp-json\/wp\/v2\/product_brand?post=23799"},{"taxonomy":"product_cat","embeddable":true,"href":"https:\/\/www.ferberpainting.com\/ee\/wp-json\/wp\/v2\/product_cat?post=23799"},{"taxonomy":"product_tag","embeddable":true,"href":"https:\/\/www.ferberpainting.com\/ee\/wp-json\/wp\/v2\/product_tag?post=23799"}],"curies":[{"name":"wp","href":"https:\/\/api.w.org\/{rel}","templated":true}]}}