{"id":23544,"date":"2025-05-26T10:24:42","date_gmt":"2025-05-26T08:24:42","guid":{"rendered":"https:\/\/www.ferberpainting.com\/products\/hydroponic-fertilizer\/"},"modified":"2026-02-15T19:36:25","modified_gmt":"2026-02-15T18:36:25","slug":"hydroponic-fertilizer","status":"publish","type":"product","link":"https:\/\/www.ferberpainting.com\/ee\/products\/hydroponic-fertilizer\/","title":{"rendered":"H\u00fcdroponiline v\u00e4etis"},"content":{"rendered":"<p><strong><img decoding=\"async\" style=\"margin-right: 12px;\" src=\"https:\/\/www.ferberpainting.com\/wp-content\/uploads\/2026\/02\/Check.svg\" alt=\"\" width=\"18\" height=\"15\" \/>V\u00e4etis, mis on spetsiaalselt m\u00f5eldud mullata ja h\u00fcdropoonilise kasvatuse jaoks.<\/strong>\u00a0H\u00fcdropooniline kasvatamine p\u00f5hineb t\u00e4psel toitainetega toitmisel, mis v\u00f5imaldab taimedel kasvada ilma mullata, imendudes ainult kohandatud toitainelahust. See NPK 15-15-15 v\u00e4etis on spetsiaalselt koostatud h\u00fcdropooniliste kultuuride vajaduste rahuldamiseks, tagades tasakaalustatud l\u00e4mmastiku (N) pakkumise, et soodustada j\u00f5ulist vegetatiivset kasvu, fosfori (P) t\u00f5husa juurdumise tagamiseks ja kaaliumi (K), et parandada taimede vastupanuv\u00f5imet ja tootlikkust. T\u00e4nu t\u00e4ielikult vees lahustuvale vedelale koostisele tagab see optimaalse toitainete imendumise ja kiire, \u00fchtlase taimede arengu ilma j\u00e4\u00e4kide kogunemise ohuta.<\/p>\n<p><strong><img decoding=\"async\" style=\"margin-right: 12px;\" src=\"https:\/\/www.ferberpainting.com\/wp-content\/uploads\/2026\/02\/Check.svg\" alt=\"\" width=\"18\" height=\"15\" \/>Raha tagasi garantii.<\/strong>\u00a0Oleme meie h\u00fcdropoonilise v\u00e4etise t\u00f5hususes nii kindlad, et pakume raha tagasi garantiid. Kui p\u00e4rast soovituste kohast kasutamist ei ilmne teie h\u00fcdropooniliste kultuuride kasvu, \u00f5itsemise v\u00f5i saagikuse paranemist, lubame teile raha t\u00e4ielikult tagasi maksta. See garantii v\u00f5imaldab teil osta seda toodet t\u00e4iesti rahulikult.<\/p>\n<p><strong><img decoding=\"async\" style=\"margin-right: 12px;\" src=\"https:\/\/www.ferberpainting.com\/wp-content\/uploads\/2026\/02\/Check.svg\" alt=\"\" width=\"18\" height=\"15\" \/>Sobib k\u00f5ikide p\u00f5llukultuuride ja h\u00fcdropooniliste s\u00fcsteemide jaoks.<\/strong>\u00a0See v\u00e4etis sobib k\u00f5ikidele h\u00fcdropoonilistele kultuuridele, olgu need siis lehtk\u00f6\u00f6giviljad (salat, spinat, basiilik), puuviljad (tomatid, paprika, maasikad), lilled v\u00f5i isegi h\u00fcdropooniliselt kasvatatavad siseruumides kasvatatavad taimed. See sobib k\u00f5ikide h\u00fcdropooniliste s\u00fcsteemidega, sealhulgas pidevvoolus\u00fcsteemidega, NFT (Nutrient Film Technique), DWC (Deep Water Culture), aeropoonika ja akvakapoonikaga. See sobib ka inertsetel substraatidel (kivivill, savikillustik, kookos) kasvatatavate kultuuride puhul, tagades t\u00e4ieliku ja t\u00f5husa v\u00e4etamise.<\/p>\n<p><strong><img decoding=\"async\" style=\"margin-right: 12px;\" src=\"https:\/\/www.ferberpainting.com\/wp-content\/uploads\/2026\/02\/Check.svg\" alt=\"\" width=\"18\" height=\"15\" \/>Majanduslik saagikus ja optimeeritud v\u00e4etamine.<\/strong>\u00a0T\u00e4nu kontsentreeritud vedelale valemile saab \u00fche 5-liitrise kanistri abil toota kuni 1000 liitrit toitainelahust, pakkudes seega pikaajalist ja \u00f6konoomset v\u00e4etamist. Annustamine 5 ml \u00fche liitri vee kohta tagab t\u00e4ieliku taimede toitmise ilma liigse v\u00f5i leostumiseta, v\u00f5imaldades optimaalset ressursside haldamist ja suuremat kasumlikkust kasvatajatele.<\/p>\n<p><strong><img decoding=\"async\" style=\"margin-right: 12px;\" src=\"https:\/\/www.ferberpainting.com\/wp-content\/uploads\/2026\/02\/Check.svg\" alt=\"\" width=\"18\" height=\"15\" \/>Ohutu v\u00e4etis, mis ei ohusta p\u00f5llukultuure.<\/strong>\u00a0Erinevalt tahketest v\u00e4etistest, mis v\u00f5ivad p\u00f5hjustada ladestumist ja soovimatuid kogunemisi, on see v\u00e4etis t\u00e4ielikult vees lahustuv, tagades h\u00fcdropoonilistes s\u00fcsteemides t\u00f5rgeteta toitainete liikumise ilma pumba v\u00f5i torude ummistumise ohuta. See ei sisalda raskemetalle, m\u00fcrgiseid lisandeid ega komponente, mis v\u00f5ivad toitainelahust tasakaalust v\u00e4lja viia, tagades seega ohutu ja t\u00f5husa v\u00e4etamise.<\/p>\n<p><strong><img decoding=\"async\" style=\"margin-right: 12px;\" src=\"https:\/\/www.ferberpainting.com\/wp-content\/uploads\/2026\/02\/Check.svg\" alt=\"\" width=\"18\" height=\"15\" \/>Lihtne kasutada ja lihtne kasutada.<\/strong>\u00a0Erinevalt traditsioonilistest v\u00e4etistest, mis n\u00f5uavad keerulist segu, lahustub see v\u00e4etis kiiresti vees ja sulandub otse h\u00fcdropoonikasse, tagades toitainete \u00fchtlase leviku ilma lisapingutusteta. See on ideaalne nii algajatele kui ka kogenud kasvatajatele, pakkudes lihtsat, kiiret ja t\u00f5husat v\u00e4etamismeetodit.<\/p>\n<p><strong><img decoding=\"async\" style=\"margin-right: 12px;\" src=\"https:\/\/www.ferberpainting.com\/wp-content\/uploads\/2026\/02\/Check.svg\" alt=\"\" width=\"18\" height=\"15\" \/>Pikaajaline toime kiirendatud kasvuks ja optimeeritud tootmiseks.<\/strong>\u00a0T\u00e4nu tasakaalustatud koostisele ja t\u00e4iuslikule lahustuvusele tagab see v\u00e4etis toitainete kohese vabanemise, soodustades kiiret juurte arengut, j\u00f5ulist vegetatiivset kasvu ja rikkalikku \u00f5itsemist. Samuti parandab see taimede v\u00f5imet v\u00f5tta vett ja olulisi toitaineid, parandades seega nende vastupidavust pH muutustele ja k\u00f5ikumistele h\u00fcdropoonilises s\u00fcsteemis.<\/p>\n<p><strong><img decoding=\"async\" style=\"margin-right: 12px;\" src=\"https:\/\/www.ferberpainting.com\/wp-content\/uploads\/2026\/02\/Check.svg\" alt=\"\" width=\"18\" height=\"15\" \/>N\u00e4htavad tulemused juba paari n\u00e4dala jooksul.<\/strong>\u00a0See v\u00e4etis stimuleerib alates esimesest kasutuskorrast uute v\u00f5rsete moodustumist, parandab juurdumist ja soodustab \u00fchtlast kasvu. Juba m\u00f5ne n\u00e4dalaga on taimedel lopsakas lehestik, j\u00f5ulised varred ning suurenenud \u00f5ide- ja puuviljatoodang.<\/p>\n<h2><strong>Kasutamise protokoll<\/strong><\/h2>\n<p><strong>V\u00e4etise lahjendamine <\/strong>: Segage 5 ml v\u00e4etist 1 liitri vee kohta. Enne iga kasutamist raputage lahust h\u00e4sti, et tagada toitainete \u00fchtlane jaotumine.<strong><br \/>\nRakendusmeetod <\/strong>:<\/p>\n<ul>\n<li><strong>H\u00fcdropoonilises s\u00fcsteemis <\/strong>: Lisage lahjendatud lahus otse h\u00fcdropoonilise s\u00fcsteemi reservuaari, j\u00e4lgides, et toitainete ringlus oleks \u00fchtlane.<\/li>\n<li><strong>Lehestiku pritsimine (valikuline) <\/strong>: Pihustage lahust kergelt lehtedele, et see imenduks t\u00e4iendavalt, v\u00e4ltides suurt kuumust, et piirata aurustumist.<\/li>\n<\/ul>\n<p><strong>Rakendamise sagedus <\/strong>:<\/p>\n<ul>\n<li><strong>Taimede kasvatamiseks <\/strong>: Kandke v\u00e4etist kord n\u00e4dalas, et tagada lehtede ja juurte kiire ja tervislik areng.<\/li>\n<li><strong>\u00d5itsvate ja viljakandvate taimede puhul <\/strong>: Kasutage v\u00e4etist iga 10-15 p\u00e4eva tagant, s\u00e4ilitades hea toitainete tasakaalu, et optimeerida \u00f5ide- ja puuviljatootmist.<\/li>\n<\/ul>\n<p><strong>pH j\u00e4lgimine ja reguleerimine <\/strong>: P\u00e4rast v\u00e4etise lisamist kontrollige ja reguleerige toitelahuse pH-d, et see j\u00e4\u00e4ks h\u00fcdropoonilise kasvatamise jaoks optimaalsesse vahemikku (tavaliselt 5,5-6,5, s\u00f5ltuvalt taimedest).<\/p>\n<p><strong>Hooldus ja j\u00e4relevalve <\/strong>: Puhastage regulaarselt pumbad ja torud, et v\u00e4ltida j\u00e4\u00e4kide kogunemist ja tagada h\u00fcdropoonilise s\u00fcsteemi n\u00f5uetekohane toimimine.<\/p>\n<p><strong>Ettevaatusabin\u00f5ud kasutamisel <\/strong>: \u00c4rge doseerige v\u00e4etist \u00fcle, et v\u00e4ltida liigseid mineraalsoolasid lahuses, mis v\u00f5ivad kahjustada taimede juuri. S\u00e4ilitage toodet kuivas ja m\u00f5\u00f5dukas kohas, eemal otsese valguse ja niiskuse eest.<\/p>\n<p><strong>Ladustamine ja s\u00e4ilitamine <\/strong>: S\u00e4ilitage v\u00e4etist jahedas ja kuivas kohas, sulgedes pakendi p\u00e4rast iga kasutamist tihedalt, et s\u00e4ilitada selle kvaliteeti ja v\u00e4ltida aurustumist.<\/p>","protected":false},"excerpt":{"rendered":"<p>A fertilizer specially designed for soilless and hydroponic cultivation.\u00a0Hydroponic cultivation relies on precise nutrient feeding, allowing plants to grow without soil by exclusively absorbing a tailored nutrient solution. This NPK 15-15-15 fertilizer has been specially formulated to meet the needs of hydroponic crops by providing a balanced supply of nitrogen (N) to promote vigorous vegetative [&hellip;]<\/p>\n","protected":false},"featured_media":26034,"comment_status":"open","ping_status":"closed","template":"","meta":{"_uag_custom_page_level_css":"","site-sidebar-layout":"default","site-content-layout":"","ast-site-content-layout":"default","site-content-style":"default","site-sidebar-style":"default","ast-global-header-display":"","ast-banner-title-visibility":"","ast-main-header-display":"","ast-hfb-above-header-display":"","ast-hfb-below-header-display":"","ast-hfb-mobile-header-display":"","site-post-title":"","ast-breadcrumbs-content":"","ast-featured-img":"","footer-sml-layout":"","ast-disable-related-posts":"","theme-transparent-header-meta":"default","adv-header-id-meta":"","stick-header-meta":"","header-above-stick-meta":"","header-main-stick-meta":"","header-below-stick-meta":"","astra-migrate-meta-layouts":"set","ast-page-background-enabled":"default","ast-page-background-meta":{"desktop":{"background-color":"var(--ast-global-color-4)","background-image":"","background-repeat":"repeat","background-position":"center center","background-size":"auto","background-attachment":"scroll","background-type":"","background-media":"","overlay-type":"","overlay-color":"","overlay-opacity":"","overlay-gradient":""},"tablet":{"background-color":"","background-image":"","background-repeat":"repeat","background-position":"center center","background-size":"auto","background-attachment":"scroll","background-type":"","background-media":"","overlay-type":"","overlay-color":"","overlay-opacity":"","overlay-gradient":""},"mobile":{"background-color":"","background-image":"","background-repeat":"repeat","background-position":"center center","background-size":"auto","background-attachment":"scroll","background-type":"","background-media":"","overlay-type":"","overlay-color":"","overlay-opacity":"","overlay-gradient":""}},"ast-content-background-meta":{"desktop":{"background-color":"var(--ast-global-color-5)","background-image":"","background-repeat":"repeat","background-position":"center center","background-size":"auto","background-attachment":"scroll","background-type":"","background-media":"","overlay-type":"","overlay-color":"","overlay-opacity":"","overlay-gradient":""},"tablet":{"background-color":"var(--ast-global-color-5)","background-image":"","background-repeat":"repeat","background-position":"center center","background-size":"auto","background-attachment":"scroll","background-type":"","background-media":"","overlay-type":"","overlay-color":"","overlay-opacity":"","overlay-gradient":""},"mobile":{"background-color":"var(--ast-global-color-5)","background-image":"","background-repeat":"repeat","background-position":"center center","background-size":"auto","background-attachment":"scroll","background-type":"","background-media":"","overlay-type":"","overlay-color":"","overlay-opacity":"","overlay-gradient":""}}},"product_brand":[],"product_cat":[178],"product_tag":[],"class_list":{"0":"post-23544","1":"product","2":"type-product","3":"status-publish","4":"has-post-thumbnail","6":"product_cat-fertilizers","7":"desktop-align-left","8":"tablet-align-left","9":"mobile-align-left","11":"first","12":"instock","13":"sale","14":"taxable","15":"shipping-taxable","16":"purchasable","17":"product-type-variable","18":"has-default-attributes"},"spectra_custom_meta":{"_visibility":["visible"],"_shopify_product_id":["9067586420981"],"_s2w_shopify_domain":["ferberpainting.myshopify.com"],"_shopify_variant_id":["46507982192885"],"_sku":[""],"_manage_stock":["no"],"total_sales":["164"],"_tax_status":["taxable"],"_tax_class":[""],"_backorders":["no"],"_sold_individually":["no"],"_virtual":["no"],"_downloadable":["no"],"_download_limit":["-1"],"_download_expiry":["-1"],"_stock":[null],"_stock_status":["instock"],"_wc_average_rating":["4.57"],"_wc_review_count":["7"],"_product_attributes":["a:1:{s:6:\"volume\";a:6:{s:4:\"name\";s:6:\"Volume\";s:5:\"value\";s:20:\"5 liters | 25 liters\";s:8:\"position\";i:1;s:10:\"is_visible\";i:0;s:12:\"is_variation\";i:1;s:11:\"is_taxonomy\";i:0;}}"],"_product_version":["10.5.1"],"_thumbnail_id":["26034"],"_product_image_gallery":["26035"],"wpse_downloadable_file_names":[""],"wpse_downloadable_file_urls":[""],"_edit_last":["1"],"_default_attributes":["a:1:{s:6:\"volume\";s:8:\"5 liters\";}"],"_edit_lock":["1771180448:1"],"_price":["29.90","129.90"],"merchant-center-availability":["yes"],"merchant-center-category":["113"],"_wp_page_template":["default"],"site-sidebar-layout":["default"],"ast-site-content-layout":["default"],"site-content-style":["default"],"site-sidebar-style":["default"],"theme-transparent-header-meta":["default"],"_wc_rating_count":["a:2:{i:4;i:3;i:5;i:4;}"],"astra-migrate-meta-layouts":["set"],"_uag_css_file_name":["uag-css-23544.css"],"_elementor_page_assets":["a:0:{}"],"_uag_page_assets":["a:9:{s:3:\"css\";s:6873:\".wp-block-uagb-image{display:flex}.wp-block-uagb-image__figure{position:relative;display:flex;flex-direction:column;max-width:100%;height:auto;margin:0}.wp-block-uagb-image__figure img{height:auto;display:flex;max-width:100%;transition:box-shadow .2s ease}.wp-block-uagb-image__figure>a{display:inline-block}.wp-block-uagb-image__figure figcaption{text-align:center;margin-top:.5em;margin-bottom:1em}.wp-block-uagb-image .components-placeholder.block-editor-media-placeholder .components-placeholder__instructions{align-self:center}.wp-block-uagb-image--align-left{text-align:left}.wp-block-uagb-image--align-right{text-align:right}.wp-block-uagb-image--align-center{text-align:center}.wp-block-uagb-image--align-full .wp-block-uagb-image__figure{margin-left:calc(50% - 50vw);margin-right:calc(50% - 50vw);max-width:100vw;width:100vw;height:auto}.wp-block-uagb-image--align-full .wp-block-uagb-image__figure img{height:auto;width:100% !important}.wp-block-uagb-image--align-wide .wp-block-uagb-image__figure img{height:auto;width:100%}.wp-block-uagb-image--layout-overlay__color-wrapper{position:absolute;left:0;top:0;right:0;bottom:0;opacity:.2;background:rgba(0,0,0,.5);transition:opacity .35s ease-in-out}.wp-block-uagb-image--layout-overlay-link{position:absolute;left:0;right:0;bottom:0;top:0}.wp-block-uagb-image--layout-overlay .wp-block-uagb-image__figure:hover .wp-block-uagb-image--layout-overlay__color-wrapper{opacity:1}.wp-block-uagb-image--layout-overlay__inner{position:absolute;left:15px;right:15px;bottom:15px;top:15px;display:flex;align-items:center;justify-content:center;flex-direction:column;border-color:#fff;transition:.35s ease-in-out}.wp-block-uagb-image--layout-overlay__inner.top-left,.wp-block-uagb-image--layout-overlay__inner.top-center,.wp-block-uagb-image--layout-overlay__inner.top-right{justify-content:flex-start}.wp-block-uagb-image--layout-overlay__inner.bottom-left,.wp-block-uagb-image--layout-overlay__inner.bottom-center,.wp-block-uagb-image--layout-overlay__inner.bottom-right{justify-content:flex-end}.wp-block-uagb-image--layout-overlay__inner.top-left,.wp-block-uagb-image--layout-overlay__inner.center-left,.wp-block-uagb-image--layout-overlay__inner.bottom-left{align-items:flex-start}.wp-block-uagb-image--layout-overlay__inner.top-right,.wp-block-uagb-image--layout-overlay__inner.center-right,.wp-block-uagb-image--layout-overlay__inner.bottom-right{align-items:flex-end}.wp-block-uagb-image--layout-overlay__inner .uagb-image-heading{color:#fff;transition:transform .35s,opacity .35s ease-in-out;transform:translate3d(0, 24px, 0);margin:0;line-height:1em}.wp-block-uagb-image--layout-overlay__inner .uagb-image-separator{width:30%;border-top-width:2px;border-top-color:#fff;border-top-style:solid;margin-bottom:10px;opacity:0;transition:transform .4s,opacity .4s ease-in-out;transform:translate3d(0, 30px, 0)}.wp-block-uagb-image--layout-overlay__inner .uagb-image-caption{opacity:0;overflow:visible;color:#fff;transition:transform .45s,opacity .45s ease-in-out;transform:translate3d(0, 35px, 0)}.wp-block-uagb-image--layout-overlay__inner:hover .uagb-image-heading,.wp-block-uagb-image--layout-overlay__inner:hover .uagb-image-separator,.wp-block-uagb-image--layout-overlay__inner:hover .uagb-image-caption{opacity:1;transform:translate3d(0, 0, 0)}.wp-block-uagb-image--effect-zoomin .wp-block-uagb-image__figure img,.wp-block-uagb-image--effect-zoomin .wp-block-uagb-image__figure .wp-block-uagb-image--layout-overlay__color-wrapper{transform:scale(1);transition:transform .35s ease-in-out}.wp-block-uagb-image--effect-zoomin .wp-block-uagb-image__figure:hover img,.wp-block-uagb-image--effect-zoomin .wp-block-uagb-image__figure:hover .wp-block-uagb-image--layout-overlay__color-wrapper{transform:scale(1.05)}.wp-block-uagb-image--effect-slide .wp-block-uagb-image__figure img,.wp-block-uagb-image--effect-slide .wp-block-uagb-image__figure .wp-block-uagb-image--layout-overlay__color-wrapper{width:calc(100% + 40px) !important;max-width:none !important;transform:translate3d(-40px, 0, 0);transition:transform .35s ease-in-out}.wp-block-uagb-image--effect-slide .wp-block-uagb-image__figure:hover img,.wp-block-uagb-image--effect-slide .wp-block-uagb-image__figure:hover .wp-block-uagb-image--layout-overlay__color-wrapper{transform:translate3d(0, 0, 0)}.wp-block-uagb-image--effect-grayscale img{filter:grayscale(0%);transition:.35s ease-in-out}.wp-block-uagb-image--effect-grayscale:hover img{filter:grayscale(100%)}.wp-block-uagb-image--effect-blur img{filter:blur(0);transition:.35s ease-in-out}.wp-block-uagb-image--effect-blur:hover img{filter:blur(3px)}.uagb-block-e6f939b3.wp-block-uagb-image--layout-default figure img{box-shadow: 0px 0px 0 #00000070;}.uagb-block-e6f939b3.wp-block-uagb-image .wp-block-uagb-image__figure figcaption{font-style: normal;align-self: center;}.uagb-block-e6f939b3.wp-block-uagb-image--layout-overlay figure img{box-shadow: 0px 0px 0 #00000070;}.uagb-block-e6f939b3.wp-block-uagb-image--layout-overlay .wp-block-uagb-image--layout-overlay__color-wrapper{opacity: 0.2;}.uagb-block-e6f939b3.wp-block-uagb-image--layout-overlay .wp-block-uagb-image--layout-overlay__inner{left: 15px;right: 15px;top: 15px;bottom: 15px;}.uagb-block-e6f939b3.wp-block-uagb-image--layout-overlay .wp-block-uagb-image--layout-overlay__inner .uagb-image-heading{font-style: normal;color: #fff;opacity: 1;}.uagb-block-e6f939b3.wp-block-uagb-image--layout-overlay .wp-block-uagb-image--layout-overlay__inner .uagb-image-heading a{color: #fff;}.uagb-block-e6f939b3.wp-block-uagb-image--layout-overlay .wp-block-uagb-image--layout-overlay__inner .uagb-image-caption{opacity: 0;}.uagb-block-e6f939b3.wp-block-uagb-image--layout-overlay .wp-block-uagb-image__figure:hover .wp-block-uagb-image--layout-overlay__color-wrapper{opacity: 1;}.uagb-block-e6f939b3.wp-block-uagb-image .wp-block-uagb-image--layout-overlay__inner .uagb-image-separator{width: 30%;border-top-width: 2px;border-top-color: #fff;opacity: 0;}.uagb-block-e6f939b3.wp-block-uagb-image .wp-block-uagb-image__figure img{width: px;height: auto;}.uagb-block-e6f939b3.wp-block-uagb-image .wp-block-uagb-image__figure:hover .wp-block-uagb-image--layout-overlay__inner .uagb-image-caption{opacity: 1;}.uagb-block-e6f939b3.wp-block-uagb-image .wp-block-uagb-image__figure:hover .wp-block-uagb-image--layout-overlay__inner .uagb-image-separator{opacity: 1;}.uagb-block-e6f939b3.wp-block-uagb-image--layout-default figure:hover img{box-shadow: 0px 0px 0 #00000070;}.uagb-block-e6f939b3.wp-block-uagb-image--layout-overlay figure:hover img{box-shadow: 0px 0px 0 #00000070;}@media only screen and (max-width: 976px) {.uagb-block-e6f939b3.wp-block-uagb-image .wp-block-uagb-image__figure img{width: px;height: auto;}}@media only screen and (max-width: 767px) {.uagb-block-e6f939b3.wp-block-uagb-image .wp-block-uagb-image__figure img{width: px;height: auto;}}\";s:2:\"js\";s:0:\"\";s:18:\"current_block_list\";a:13:{i:0;s:11:\"core\/search\";i:1;s:10:\"core\/group\";i:2;s:12:\"core\/heading\";i:3;s:17:\"core\/latest-posts\";i:4;s:20:\"core\/latest-comments\";i:5;s:13:\"core\/archives\";i:6;s:15:\"core\/categories\";i:7;s:14:\"core\/paragraph\";i:8;s:10:\"uagb\/image\";i:9;s:11:\"core\/spacer\";i:10;s:30:\"woocommerce\/product-categories\";i:11;s:10:\"core\/image\";i:12;s:14:\"core\/shortcode\";}s:8:\"uag_flag\";b:1;s:11:\"uag_version\";s:10:\"1777335816\";s:6:\"gfonts\";a:0:{}s:10:\"gfonts_url\";s:0:\"\";s:12:\"gfonts_files\";a:0:{}s:14:\"uag_faq_layout\";b:0;}"]},"uagb_featured_image_src":{"full":["https:\/\/www.ferberpainting.com\/wp-content\/uploads\/2025\/05\/HydroponicFertilizer5L.png",2560,2560,false],"thumbnail":["https:\/\/www.ferberpainting.com\/wp-content\/uploads\/2025\/05\/HydroponicFertilizer5L-150x150.png",150,150,true],"medium":["https:\/\/www.ferberpainting.com\/wp-content\/uploads\/2025\/05\/HydroponicFertilizer5L-300x300.png",300,300,true],"medium_large":["https:\/\/www.ferberpainting.com\/wp-content\/uploads\/2025\/05\/HydroponicFertilizer5L-768x768.png",768,768,true],"large":["https:\/\/www.ferberpainting.com\/wp-content\/uploads\/2025\/05\/HydroponicFertilizer5L-1024x1024.png",1024,1024,true],"1536x1536":["https:\/\/www.ferberpainting.com\/wp-content\/uploads\/2025\/05\/HydroponicFertilizer5L-1536x1536.png",1536,1536,true],"2048x2048":["https:\/\/www.ferberpainting.com\/wp-content\/uploads\/2025\/05\/HydroponicFertilizer5L-2048x2048.png",2048,2048,true],"trp-custom-language-flag":["https:\/\/www.ferberpainting.com\/wp-content\/uploads\/2025\/05\/HydroponicFertilizer5L-12x12.png",12,12,true],"woocommerce_thumbnail":["https:\/\/www.ferberpainting.com\/wp-content\/uploads\/2025\/05\/HydroponicFertilizer5L-300x300.png",300,300,true],"woocommerce_single":["https:\/\/www.ferberpainting.com\/wp-content\/uploads\/2025\/05\/HydroponicFertilizer5L-600x600.png",600,600,true],"woocommerce_gallery_thumbnail":["https:\/\/www.ferberpainting.com\/wp-content\/uploads\/2025\/05\/HydroponicFertilizer5L-100x100.png",100,100,true]},"uagb_author_info":{"display_name":"admin","author_link":"https:\/\/www.ferberpainting.com\/ee\/author\/"},"uagb_comment_info":7,"uagb_excerpt":"A fertilizer specially designed for soilless and hydroponic cultivation.\u00a0Hydroponic cultivation relies on precise nutrient feeding, allowing plants to grow without soil by exclusively absorbing a tailored nutrient solution. This NPK 15-15-15 fertilizer has been specially formulated to meet the needs of hydroponic crops by providing a balanced supply of nitrogen (N) to promote vigorous vegetative&hellip;","_links":{"self":[{"href":"https:\/\/www.ferberpainting.com\/ee\/wp-json\/wp\/v2\/product\/23544","targetHints":{"allow":["GET"]}}],"collection":[{"href":"https:\/\/www.ferberpainting.com\/ee\/wp-json\/wp\/v2\/product"}],"about":[{"href":"https:\/\/www.ferberpainting.com\/ee\/wp-json\/wp\/v2\/types\/product"}],"replies":[{"embeddable":true,"href":"https:\/\/www.ferberpainting.com\/ee\/wp-json\/wp\/v2\/comments?post=23544"}],"version-history":[{"count":4,"href":"https:\/\/www.ferberpainting.com\/ee\/wp-json\/wp\/v2\/product\/23544\/revisions"}],"predecessor-version":[{"id":166371,"href":"https:\/\/www.ferberpainting.com\/ee\/wp-json\/wp\/v2\/product\/23544\/revisions\/166371"}],"wp:featuredmedia":[{"embeddable":true,"href":"https:\/\/www.ferberpainting.com\/ee\/wp-json\/wp\/v2\/media\/26034"}],"wp:attachment":[{"href":"https:\/\/www.ferberpainting.com\/ee\/wp-json\/wp\/v2\/media?parent=23544"}],"wp:term":[{"taxonomy":"product_brand","embeddable":true,"href":"https:\/\/www.ferberpainting.com\/ee\/wp-json\/wp\/v2\/product_brand?post=23544"},{"taxonomy":"product_cat","embeddable":true,"href":"https:\/\/www.ferberpainting.com\/ee\/wp-json\/wp\/v2\/product_cat?post=23544"},{"taxonomy":"product_tag","embeddable":true,"href":"https:\/\/www.ferberpainting.com\/ee\/wp-json\/wp\/v2\/product_tag?post=23544"}],"curies":[{"name":"wp","href":"https:\/\/api.w.org\/{rel}","templated":true}]}}