{"id":23523,"date":"2025-05-26T10:24:32","date_gmt":"2025-05-26T08:24:32","guid":{"rendered":"https:\/\/www.ferberpainting.com\/products\/guano-fertilizer\/"},"modified":"2026-02-15T19:15:07","modified_gmt":"2026-02-15T18:15:07","slug":"guano-fertilizer","status":"publish","type":"product","link":"https:\/\/www.ferberpainting.com\/ee\/products\/guano-fertilizer\/","title":{"rendered":"Guaano v\u00e4etis 25 kg"},"content":{"rendered":"<p><strong><img decoding=\"async\" style=\"margin-right: 12px;\" src=\"https:\/\/www.ferberpainting.com\/wp-content\/uploads\/2026\/02\/Check.svg\" alt=\"\" width=\"18\" height=\"15\" \/>Looduslik ja v\u00f5imas v\u00e4etis rikkalikuks ja tasakaalustatud v\u00e4etamiseks. <\/strong>Guanov\u00e4etis on 100% looduslik v\u00e4etis, mis on valmistatud merelindude v\u00e4ljaheidetest, mis on juba sajandeid tuntud oma toitaineterohkuse ja taimede kasvu stimuleeriva v\u00f5ime poolest. T\u00e4nu NPK 14-8-2 koostisele annab see k\u00f5rge l\u00e4mmastiku (N) sisalduse, mis soodustab tihedat ja rohelist lehestikku, fosfori (P) s\u00fcgavale ja tugevale juurte arengule ning kaaliumi (K), mis parandab vastupanuv\u00f5imet haigustele ja keskkonnastressile. Seda v\u00e4etist soovitatakse eelk\u00f5ige mullaviljakuse parandamiseks ning tervete ja tootlike p\u00f5llukultuuride saamiseks.<\/p>\n<p><strong><img decoding=\"async\" style=\"margin-right: 12px;\" src=\"https:\/\/www.ferberpainting.com\/wp-content\/uploads\/2026\/02\/Check.svg\" alt=\"\" width=\"18\" height=\"15\" \/>Raha tagasi garantii.<\/strong>\u00a0Oleme veendunud meie guanov\u00e4etise t\u00f5hususes, mist\u00f5ttu pakume raha tagasi garantiid. Kui teie taimed ei n\u00e4ita p\u00e4rast n\u00f5uetekohast kasutamist vastavalt soovitustele mingit paranemist kasvus, \u00f5itsemisel v\u00f5i viljakujunduses, kohustume teile raha tagasi maksma. V\u00f5ite kasutada seda ilma igasuguse riskita ja kindlusega, et saavutate n\u00e4htavaid tulemusi.<\/p>\n<p><strong><img decoding=\"async\" style=\"margin-right: 12px;\" src=\"https:\/\/www.ferberpainting.com\/wp-content\/uploads\/2026\/02\/Check.svg\" alt=\"\" width=\"18\" height=\"15\" \/>Sobib igat liiki taimede ja p\u00f5llukultuuride jaoks.<\/strong>\u00a0See v\u00e4etis on mitmek\u00fclgne ja sobib paljudele taimedele, olgu need siis k\u00f6\u00f6giviljaaiad, viljapuud, toataimed, p\u00f5\u00f5sad, toataimed v\u00f5i p\u00f5llumajanduskultuurid. Samuti sobib see k\u00f5ikidele mullaliikidele, sealhulgas vaestele, liivastele, savi- v\u00f5i lubjap\u00f5histele muldadele, ning sobib suurep\u00e4raselt mahep\u00f5llumajanduslike tootmisviisidega. \u00dcksk\u00f5ik, kas kasvatate taimi \u00f5ues, kasvuhoones, potis v\u00f5i aias, see v\u00e4etis annab teie taimedele k\u00f5ik vajalikud toitained nende arenguks.<\/p>\n<p><strong><img decoding=\"async\" style=\"margin-right: 12px;\" src=\"https:\/\/www.ferberpainting.com\/wp-content\/uploads\/2026\/02\/Check.svg\" alt=\"\" width=\"18\" height=\"15\" \/>\u00d6konoomne saagikus ja pikaajaline v\u00e4etamine.<\/strong>\u00a0T\u00e4nu oma koostisele vabastab see v\u00e4etis oma toitained j\u00e4rk-j\u00e4rgult mulda, tagades j\u00e4tkusuutliku v\u00e4etamise ja piirates mineraalide v\u00e4ljapestumist. \u00dche 25 kg kotiga saab v\u00e4etada m\u00e4rkimisv\u00e4\u00e4rset pindala, soovituslik kasutuskogus on 200 g ruutmeetri kohta aastas, tagades seega t\u00e4ieliku ja pikaajalise toitmise ilma sagedaste korduvate kasutuskordadeta. Selline optimeeritud saagikus v\u00f5imaldab t\u00f5husat v\u00e4etamist, v\u00e4hendades samal ajal kulusid ja v\u00e4etamise sagedust.<\/p>\n<p><strong><img decoding=\"async\" style=\"margin-right: 12px;\" src=\"https:\/\/www.ferberpainting.com\/wp-content\/uploads\/2026\/02\/Check.svg\" alt=\"\" width=\"18\" height=\"15\" \/>Ohutu ja keskkonnas\u00f5bralik v\u00e4etis.<\/strong>\u00a0Guanov\u00e4etis on valmistatud 100% looduslikust ja biolagunevast tootest ilma keemiliste lisanditeta, mis tagab mulla \u00f6kos\u00fcsteemi ja \u00fcmbritseva bioloogilise mitmekesisuse austamise. See soodustab mulla mikroobide aktiivsust ja rikastab orgaanilist ainet, mis parandab veepidavust ja toitainete k\u00e4ttesaadavust taimedele. See on ohutu lemmikloomadele ja lastele, tagades ohutu kasutamise igat t\u00fc\u00fcpi aedades ja k\u00f6\u00f6giviljaplatsidel.<\/p>\n<p><strong><img decoding=\"async\" style=\"margin-right: 12px;\" src=\"https:\/\/www.ferberpainting.com\/wp-content\/uploads\/2026\/02\/Check.svg\" alt=\"\" width=\"18\" height=\"15\" \/>Lihtne pealekandmine ja vaevata v\u00e4etamine.<\/strong>\u00a0Erinevalt keemilistest v\u00e4etistest, mis n\u00f5uavad t\u00e4pset doseerimist ja keerulist kasutamist, kantakse guaanov\u00e4etis otse pinnasesse ilma eelneva ettevalmistuseta. Levitage seda lihtsalt taimede \u00fcmber ja lisage see kergelt mulda, et v\u00f5imaldada toitainete j\u00e4rkj\u00e4rgulist vabanemist. See lihtne kasutamismeetod teeb selle k\u00f5igile, isegi amat\u00f6\u00f6ridest aednikele, k\u00e4ttesaadavaks, et saavutada erakordseid tulemusi minimaalse vaevaga.<\/p>\n<p><strong><img decoding=\"async\" style=\"margin-right: 12px;\" src=\"https:\/\/www.ferberpainting.com\/wp-content\/uploads\/2026\/02\/Check.svg\" alt=\"\" width=\"18\" height=\"15\" \/>P\u00fcsiv m\u00f5ju taimede kasvule ja parem haiguskindlus.<\/strong>\u00a0T\u00e4nu oma pikaajalisele m\u00f5jule toidab see v\u00e4etis taimi mitu n\u00e4dalat, stimuleerides nende kasvu ja tugevdades nende vastupanuv\u00f5imet haigustele ja kahjuritele. See parandab nende taluvust selliste kliimastresside suhtes nagu p\u00f5ud, k\u00fclm ja \u00e4\u00e4rmuslik kuumus, tagades harmoonilise arengu ja rikkaliku \u00f5itsemise.<\/p>\n<p><strong><img decoding=\"async\" style=\"margin-right: 12px;\" src=\"https:\/\/www.ferberpainting.com\/wp-content\/uploads\/2026\/02\/Check.svg\" alt=\"\" width=\"18\" height=\"15\" \/>N\u00e4htavad tulemused juba esimestel n\u00e4dalatel.<\/strong>\u00a0See v\u00e4etis stimuleerib uute v\u00f5rsete tekkimist, parandab lehe tugevust ja soodustab rikkalikku \u00f5itsemist juba esimestest kasutuskordadest alates. M\u00f5ne n\u00e4dalaga on teie taimedel kiirem ja p\u00fcsivam kasv, suurem tootlikkus, maitsvamad viljad, magusamad viljad ja eluj\u00f5ulisemad \u00f5ied.<\/p>\n<h2><strong>Kasutamise protokoll<\/strong><\/h2>\n<ul>\n<li><strong>Taotlusperiood <\/strong>: Kasutage kevadel (m\u00e4rtsis-aprillis), et soodustada taimestiku j\u00e4relkasvu, suvel (juunis-juulis), et soodustada \u00f5itsemist ja viljakandmist, ja s\u00fcgisel (septembris-oktoobris), et rikastada mulda enne talve.<\/li>\n<li><strong>Soovitatav annus <\/strong>: Jagage 200 g v\u00e4etist ruutmeetri v\u00f5i taime kohta, mis on umbes h\u00e4sti t\u00e4idetud peot\u00e4is, kohandades kogust vastavalt iga p\u00f5llukultuuri erivajadustele.<\/li>\n<li><strong>Rakendusmeetod <\/strong>:\n<ul>\n<li><strong>Levitamine pinnasele <\/strong>: Levitage v\u00e4etis \u00fcmber taimede, umbes 15 kuni 30 cm kaugusel t\u00fcvest, et v\u00e4ltida otsest kokkupuudet varte ja juurtega.<\/li>\n<li><strong>Valguse lisamine <\/strong>: Segage v\u00e4etis harja v\u00f5i k\u00fc\u00fcnarnuki abil mulla pinnakihi sisse (2-5 cm s\u00fcgavusele), et optimeerida toitainete imendumist ja v\u00e4ltida erosiooni.<\/li>\n<\/ul>\n<\/li>\n<li><strong>Kastmine p\u00e4rast pealekandmist <\/strong>: P\u00e4rast laialilaotamist kastke p\u00f5hjalikult, et aktiveerida toitainete vabanemist ja soodustada nende imendumist juurte poolt.<\/li>\n<li><strong>Hooldus ja j\u00e4relevalve <\/strong>: J\u00e4lgige mulla niiskust ja kohandage kastmist vastavalt taimede vajadustele. Kuumade perioodide ajal veenduge, et v\u00e4etise t\u00f5hususe optimeerimiseks ei lase mullal t\u00e4ielikult kuivada.<\/li>\n<li><strong>Ettevaatusabin\u00f5ud kasutamisel <\/strong>: \u00c4rge \u00fcletage soovitatavaid annuseid, et v\u00e4ltida liigset v\u00e4etamist, mis v\u00f5ib p\u00f5hjustada liigset l\u00e4mmastikku, mis viib liigse lehekasvu \u00f5itsemise ja viljakuse arvelt. Mitte kasutada k\u00fclmunud v\u00f5i kuivale pinnasele intensiivse p\u00f5ua ajal ilma t\u00e4iendava kastmiseta.<\/li>\n<li><strong>Ladustamine ja s\u00e4ilitamine <\/strong>: S\u00e4ilitage v\u00e4etist kuivas kohas, niiskuse ja kuumuse eest kaitstult. Sulge kott hoolikalt uuesti p\u00e4rast iga kasutamist, et v\u00e4ltida toote muutumist ja s\u00e4ilitada selle pikaajaline t\u00f5husus.<\/li>\n<\/ul>\n<p>Selle guanov\u00e4etisega pakute oma p\u00f5llukultuuridele t\u00e4ielikku, loomulikku ja j\u00e4tkusuutlikku toitainet, tagades j\u00f5ulise kasvu, rikkaliku \u00f5itsemise ja erakordse saagi. Olenemata sellest, kas olete koduaednik v\u00f5i professionaal, see v\u00e4etis on ideaalne lahendus tervete kultuuride ja kiirete, n\u00e4htavate tulemuste saavutamiseks.<\/p>","protected":false},"excerpt":{"rendered":"<p>A natural and powerful fertilizer for rich and balanced fertilization. Guano fertilizer is a 100% natural fertilizer made from seabird droppings, recognized for centuries for its richness in nutrients and its ability to stimulate plant growth. Thanks to its NPK 14-8-2 composition, it provides a high level of nitrogen (N) to promote dense and green [&hellip;]<\/p>\n","protected":false},"featured_media":26022,"comment_status":"open","ping_status":"closed","template":"","meta":{"_uag_custom_page_level_css":"","site-sidebar-layout":"default","site-content-layout":"","ast-site-content-layout":"default","site-content-style":"default","site-sidebar-style":"default","ast-global-header-display":"","ast-banner-title-visibility":"","ast-main-header-display":"","ast-hfb-above-header-display":"","ast-hfb-below-header-display":"","ast-hfb-mobile-header-display":"","site-post-title":"","ast-breadcrumbs-content":"","ast-featured-img":"","footer-sml-layout":"","ast-disable-related-posts":"","theme-transparent-header-meta":"default","adv-header-id-meta":"","stick-header-meta":"","header-above-stick-meta":"","header-main-stick-meta":"","header-below-stick-meta":"","astra-migrate-meta-layouts":"set","ast-page-background-enabled":"default","ast-page-background-meta":{"desktop":{"background-color":"var(--ast-global-color-4)","background-image":"","background-repeat":"repeat","background-position":"center center","background-size":"auto","background-attachment":"scroll","background-type":"","background-media":"","overlay-type":"","overlay-color":"","overlay-opacity":"","overlay-gradient":""},"tablet":{"background-color":"","background-image":"","background-repeat":"repeat","background-position":"center center","background-size":"auto","background-attachment":"scroll","background-type":"","background-media":"","overlay-type":"","overlay-color":"","overlay-opacity":"","overlay-gradient":""},"mobile":{"background-color":"","background-image":"","background-repeat":"repeat","background-position":"center center","background-size":"auto","background-attachment":"scroll","background-type":"","background-media":"","overlay-type":"","overlay-color":"","overlay-opacity":"","overlay-gradient":""}},"ast-content-background-meta":{"desktop":{"background-color":"var(--ast-global-color-5)","background-image":"","background-repeat":"repeat","background-position":"center center","background-size":"auto","background-attachment":"scroll","background-type":"","background-media":"","overlay-type":"","overlay-color":"","overlay-opacity":"","overlay-gradient":""},"tablet":{"background-color":"var(--ast-global-color-5)","background-image":"","background-repeat":"repeat","background-position":"center center","background-size":"auto","background-attachment":"scroll","background-type":"","background-media":"","overlay-type":"","overlay-color":"","overlay-opacity":"","overlay-gradient":""},"mobile":{"background-color":"var(--ast-global-color-5)","background-image":"","background-repeat":"repeat","background-position":"center center","background-size":"auto","background-attachment":"scroll","background-type":"","background-media":"","overlay-type":"","overlay-color":"","overlay-opacity":"","overlay-gradient":""}}},"product_brand":[],"product_cat":[178],"product_tag":[],"class_list":{"0":"post-23523","1":"product","2":"type-product","3":"status-publish","4":"has-post-thumbnail","6":"product_cat-fertilizers","7":"desktop-align-left","8":"tablet-align-left","9":"mobile-align-left","11":"first","12":"instock","13":"taxable","14":"shipping-taxable","15":"purchasable","16":"product-type-simple"},"spectra_custom_meta":{"_visibility":["visible"],"_shopify_product_id":["9066913202421"],"_s2w_shopify_domain":["ferberpainting.myshopify.com"],"_shopify_variant_id":["46505277227253"],"_sku":["FPGUANOFERTILIZER25KG"],"_regular_price":["39.90"],"_price":["39.90"],"_sale_price":[""],"_weight":["18.5"],"_thumbnail_id":["26022"],"_global_unique_id":["5056773817333"],"total_sales":["40"],"_tax_status":["taxable"],"_tax_class":[""],"_manage_stock":["no"],"_backorders":["no"],"_sold_individually":["no"],"_virtual":["no"],"_downloadable":["no"],"_download_limit":["-1"],"_download_expiry":["-1"],"_stock":[null],"_stock_status":["instock"],"_wc_average_rating":["5.00"],"_wc_review_count":["1"],"_product_version":["10.5.1"],"_wc_rating_count":["a:1:{i:5;i:1;}"],"_edit_lock":["1771179167:1"],"merchant-center-availability":["yes"],"merchant-center-category":["113"],"_edit_last":["1"],"_wp_page_template":["default"],"site-sidebar-layout":["default"],"ast-site-content-layout":["default"],"site-content-style":["default"],"site-sidebar-style":["default"],"theme-transparent-header-meta":["default"],"astra-migrate-meta-layouts":["set"],"_uag_css_file_name":["uag-css-23523.css"],"_elementor_page_assets":["a:0:{}"],"_uag_page_assets":["a:9:{s:3:\"css\";s:6873:\".wp-block-uagb-image{display:flex}.wp-block-uagb-image__figure{position:relative;display:flex;flex-direction:column;max-width:100%;height:auto;margin:0}.wp-block-uagb-image__figure img{height:auto;display:flex;max-width:100%;transition:box-shadow .2s ease}.wp-block-uagb-image__figure>a{display:inline-block}.wp-block-uagb-image__figure figcaption{text-align:center;margin-top:.5em;margin-bottom:1em}.wp-block-uagb-image .components-placeholder.block-editor-media-placeholder .components-placeholder__instructions{align-self:center}.wp-block-uagb-image--align-left{text-align:left}.wp-block-uagb-image--align-right{text-align:right}.wp-block-uagb-image--align-center{text-align:center}.wp-block-uagb-image--align-full .wp-block-uagb-image__figure{margin-left:calc(50% - 50vw);margin-right:calc(50% - 50vw);max-width:100vw;width:100vw;height:auto}.wp-block-uagb-image--align-full .wp-block-uagb-image__figure img{height:auto;width:100% !important}.wp-block-uagb-image--align-wide .wp-block-uagb-image__figure img{height:auto;width:100%}.wp-block-uagb-image--layout-overlay__color-wrapper{position:absolute;left:0;top:0;right:0;bottom:0;opacity:.2;background:rgba(0,0,0,.5);transition:opacity .35s ease-in-out}.wp-block-uagb-image--layout-overlay-link{position:absolute;left:0;right:0;bottom:0;top:0}.wp-block-uagb-image--layout-overlay .wp-block-uagb-image__figure:hover .wp-block-uagb-image--layout-overlay__color-wrapper{opacity:1}.wp-block-uagb-image--layout-overlay__inner{position:absolute;left:15px;right:15px;bottom:15px;top:15px;display:flex;align-items:center;justify-content:center;flex-direction:column;border-color:#fff;transition:.35s ease-in-out}.wp-block-uagb-image--layout-overlay__inner.top-left,.wp-block-uagb-image--layout-overlay__inner.top-center,.wp-block-uagb-image--layout-overlay__inner.top-right{justify-content:flex-start}.wp-block-uagb-image--layout-overlay__inner.bottom-left,.wp-block-uagb-image--layout-overlay__inner.bottom-center,.wp-block-uagb-image--layout-overlay__inner.bottom-right{justify-content:flex-end}.wp-block-uagb-image--layout-overlay__inner.top-left,.wp-block-uagb-image--layout-overlay__inner.center-left,.wp-block-uagb-image--layout-overlay__inner.bottom-left{align-items:flex-start}.wp-block-uagb-image--layout-overlay__inner.top-right,.wp-block-uagb-image--layout-overlay__inner.center-right,.wp-block-uagb-image--layout-overlay__inner.bottom-right{align-items:flex-end}.wp-block-uagb-image--layout-overlay__inner .uagb-image-heading{color:#fff;transition:transform .35s,opacity .35s ease-in-out;transform:translate3d(0, 24px, 0);margin:0;line-height:1em}.wp-block-uagb-image--layout-overlay__inner .uagb-image-separator{width:30%;border-top-width:2px;border-top-color:#fff;border-top-style:solid;margin-bottom:10px;opacity:0;transition:transform .4s,opacity .4s ease-in-out;transform:translate3d(0, 30px, 0)}.wp-block-uagb-image--layout-overlay__inner .uagb-image-caption{opacity:0;overflow:visible;color:#fff;transition:transform .45s,opacity .45s ease-in-out;transform:translate3d(0, 35px, 0)}.wp-block-uagb-image--layout-overlay__inner:hover .uagb-image-heading,.wp-block-uagb-image--layout-overlay__inner:hover .uagb-image-separator,.wp-block-uagb-image--layout-overlay__inner:hover .uagb-image-caption{opacity:1;transform:translate3d(0, 0, 0)}.wp-block-uagb-image--effect-zoomin .wp-block-uagb-image__figure img,.wp-block-uagb-image--effect-zoomin .wp-block-uagb-image__figure .wp-block-uagb-image--layout-overlay__color-wrapper{transform:scale(1);transition:transform .35s ease-in-out}.wp-block-uagb-image--effect-zoomin .wp-block-uagb-image__figure:hover img,.wp-block-uagb-image--effect-zoomin .wp-block-uagb-image__figure:hover .wp-block-uagb-image--layout-overlay__color-wrapper{transform:scale(1.05)}.wp-block-uagb-image--effect-slide .wp-block-uagb-image__figure img,.wp-block-uagb-image--effect-slide .wp-block-uagb-image__figure .wp-block-uagb-image--layout-overlay__color-wrapper{width:calc(100% + 40px) !important;max-width:none !important;transform:translate3d(-40px, 0, 0);transition:transform .35s ease-in-out}.wp-block-uagb-image--effect-slide .wp-block-uagb-image__figure:hover img,.wp-block-uagb-image--effect-slide .wp-block-uagb-image__figure:hover .wp-block-uagb-image--layout-overlay__color-wrapper{transform:translate3d(0, 0, 0)}.wp-block-uagb-image--effect-grayscale img{filter:grayscale(0%);transition:.35s ease-in-out}.wp-block-uagb-image--effect-grayscale:hover img{filter:grayscale(100%)}.wp-block-uagb-image--effect-blur img{filter:blur(0);transition:.35s ease-in-out}.wp-block-uagb-image--effect-blur:hover img{filter:blur(3px)}.uagb-block-e6f939b3.wp-block-uagb-image--layout-default figure img{box-shadow: 0px 0px 0 #00000070;}.uagb-block-e6f939b3.wp-block-uagb-image .wp-block-uagb-image__figure figcaption{font-style: normal;align-self: center;}.uagb-block-e6f939b3.wp-block-uagb-image--layout-overlay figure img{box-shadow: 0px 0px 0 #00000070;}.uagb-block-e6f939b3.wp-block-uagb-image--layout-overlay .wp-block-uagb-image--layout-overlay__color-wrapper{opacity: 0.2;}.uagb-block-e6f939b3.wp-block-uagb-image--layout-overlay .wp-block-uagb-image--layout-overlay__inner{left: 15px;right: 15px;top: 15px;bottom: 15px;}.uagb-block-e6f939b3.wp-block-uagb-image--layout-overlay .wp-block-uagb-image--layout-overlay__inner .uagb-image-heading{font-style: normal;color: #fff;opacity: 1;}.uagb-block-e6f939b3.wp-block-uagb-image--layout-overlay .wp-block-uagb-image--layout-overlay__inner .uagb-image-heading a{color: #fff;}.uagb-block-e6f939b3.wp-block-uagb-image--layout-overlay .wp-block-uagb-image--layout-overlay__inner .uagb-image-caption{opacity: 0;}.uagb-block-e6f939b3.wp-block-uagb-image--layout-overlay .wp-block-uagb-image__figure:hover .wp-block-uagb-image--layout-overlay__color-wrapper{opacity: 1;}.uagb-block-e6f939b3.wp-block-uagb-image .wp-block-uagb-image--layout-overlay__inner .uagb-image-separator{width: 30%;border-top-width: 2px;border-top-color: #fff;opacity: 0;}.uagb-block-e6f939b3.wp-block-uagb-image .wp-block-uagb-image__figure img{width: px;height: auto;}.uagb-block-e6f939b3.wp-block-uagb-image .wp-block-uagb-image__figure:hover .wp-block-uagb-image--layout-overlay__inner .uagb-image-caption{opacity: 1;}.uagb-block-e6f939b3.wp-block-uagb-image .wp-block-uagb-image__figure:hover .wp-block-uagb-image--layout-overlay__inner .uagb-image-separator{opacity: 1;}.uagb-block-e6f939b3.wp-block-uagb-image--layout-default figure:hover img{box-shadow: 0px 0px 0 #00000070;}.uagb-block-e6f939b3.wp-block-uagb-image--layout-overlay figure:hover img{box-shadow: 0px 0px 0 #00000070;}@media only screen and (max-width: 976px) {.uagb-block-e6f939b3.wp-block-uagb-image .wp-block-uagb-image__figure img{width: px;height: auto;}}@media only screen and (max-width: 767px) {.uagb-block-e6f939b3.wp-block-uagb-image .wp-block-uagb-image__figure img{width: px;height: auto;}}\";s:2:\"js\";s:0:\"\";s:18:\"current_block_list\";a:13:{i:0;s:11:\"core\/search\";i:1;s:10:\"core\/group\";i:2;s:12:\"core\/heading\";i:3;s:17:\"core\/latest-posts\";i:4;s:20:\"core\/latest-comments\";i:5;s:13:\"core\/archives\";i:6;s:15:\"core\/categories\";i:7;s:14:\"core\/paragraph\";i:8;s:10:\"uagb\/image\";i:9;s:11:\"core\/spacer\";i:10;s:30:\"woocommerce\/product-categories\";i:11;s:10:\"core\/image\";i:12;s:14:\"core\/shortcode\";}s:8:\"uag_flag\";b:1;s:11:\"uag_version\";s:10:\"1777307099\";s:6:\"gfonts\";a:0:{}s:10:\"gfonts_url\";s:0:\"\";s:12:\"gfonts_files\";a:0:{}s:14:\"uag_faq_layout\";b:0;}"]},"uagb_featured_image_src":{"full":["https:\/\/www.ferberpainting.com\/wp-content\/uploads\/2025\/05\/GuanoFertilizer.png",2560,2560,false],"thumbnail":["https:\/\/www.ferberpainting.com\/wp-content\/uploads\/2025\/05\/GuanoFertilizer-150x150.png",150,150,true],"medium":["https:\/\/www.ferberpainting.com\/wp-content\/uploads\/2025\/05\/GuanoFertilizer-300x300.png",300,300,true],"medium_large":["https:\/\/www.ferberpainting.com\/wp-content\/uploads\/2025\/05\/GuanoFertilizer-768x768.png",768,768,true],"large":["https:\/\/www.ferberpainting.com\/wp-content\/uploads\/2025\/05\/GuanoFertilizer-1024x1024.png",1024,1024,true],"1536x1536":["https:\/\/www.ferberpainting.com\/wp-content\/uploads\/2025\/05\/GuanoFertilizer-1536x1536.png",1536,1536,true],"2048x2048":["https:\/\/www.ferberpainting.com\/wp-content\/uploads\/2025\/05\/GuanoFertilizer-2048x2048.png",2048,2048,true],"trp-custom-language-flag":["https:\/\/www.ferberpainting.com\/wp-content\/uploads\/2025\/05\/GuanoFertilizer-12x12.png",12,12,true],"woocommerce_thumbnail":["https:\/\/www.ferberpainting.com\/wp-content\/uploads\/2025\/05\/GuanoFertilizer-300x300.png",300,300,true],"woocommerce_single":["https:\/\/www.ferberpainting.com\/wp-content\/uploads\/2025\/05\/GuanoFertilizer-600x600.png",600,600,true],"woocommerce_gallery_thumbnail":["https:\/\/www.ferberpainting.com\/wp-content\/uploads\/2025\/05\/GuanoFertilizer-100x100.png",100,100,true]},"uagb_author_info":{"display_name":"admin","author_link":"https:\/\/www.ferberpainting.com\/ee\/author\/"},"uagb_comment_info":1,"uagb_excerpt":"A natural and powerful fertilizer for rich and balanced fertilization. Guano fertilizer is a 100% natural fertilizer made from seabird droppings, recognized for centuries for its richness in nutrients and its ability to stimulate plant growth. Thanks to its NPK 14-8-2 composition, it provides a high level of nitrogen (N) to promote dense and green&hellip;","_links":{"self":[{"href":"https:\/\/www.ferberpainting.com\/ee\/wp-json\/wp\/v2\/product\/23523","targetHints":{"allow":["GET"]}}],"collection":[{"href":"https:\/\/www.ferberpainting.com\/ee\/wp-json\/wp\/v2\/product"}],"about":[{"href":"https:\/\/www.ferberpainting.com\/ee\/wp-json\/wp\/v2\/types\/product"}],"replies":[{"embeddable":true,"href":"https:\/\/www.ferberpainting.com\/ee\/wp-json\/wp\/v2\/comments?post=23523"}],"version-history":[{"count":6,"href":"https:\/\/www.ferberpainting.com\/ee\/wp-json\/wp\/v2\/product\/23523\/revisions"}],"predecessor-version":[{"id":166351,"href":"https:\/\/www.ferberpainting.com\/ee\/wp-json\/wp\/v2\/product\/23523\/revisions\/166351"}],"wp:featuredmedia":[{"embeddable":true,"href":"https:\/\/www.ferberpainting.com\/ee\/wp-json\/wp\/v2\/media\/26022"}],"wp:attachment":[{"href":"https:\/\/www.ferberpainting.com\/ee\/wp-json\/wp\/v2\/media?parent=23523"}],"wp:term":[{"taxonomy":"product_brand","embeddable":true,"href":"https:\/\/www.ferberpainting.com\/ee\/wp-json\/wp\/v2\/product_brand?post=23523"},{"taxonomy":"product_cat","embeddable":true,"href":"https:\/\/www.ferberpainting.com\/ee\/wp-json\/wp\/v2\/product_cat?post=23523"},{"taxonomy":"product_tag","embeddable":true,"href":"https:\/\/www.ferberpainting.com\/ee\/wp-json\/wp\/v2\/product_tag?post=23523"}],"curies":[{"name":"wp","href":"https:\/\/api.w.org\/{rel}","templated":true}]}}