{"id":23517,"date":"2025-07-01T11:59:28","date_gmt":"2025-07-01T09:59:28","guid":{"rendered":"https:\/\/www.ferberpainting.com\/?post_type=product&#038;p=23508"},"modified":"2026-02-15T19:12:45","modified_gmt":"2026-02-15T18:12:45","slug":"grout-water-repellent","status":"publish","type":"product","link":"https:\/\/www.ferberpainting.com\/ee\/products\/grout-water-repellent\/","title":{"rendered":"Veet\u00f5rjevahend vuukidele"},"content":{"rendered":"<p><strong><img decoding=\"async\" style=\"margin-right: 12px;\" src=\"https:\/\/www.ferberpainting.com\/wp-content\/uploads\/2026\/02\/Check.svg\" alt=\"\" width=\"18\" height=\"15\" \/>Pikaajaline kaitse niiskuse eest.<\/strong>\u00a0See vuukide h\u00fcdroisolatsioonivahend on ideaalne lahendus vuukide kaitsmiseks vee sissetungi ja niiskuse eest. See loob vuugipindadele veekindla barj\u00e4\u00e4ri, mis takistab vee sissetungimist, v\u00f5imaldades samas naabermaterjalidel hingata. Sobib ideaalselt plaatide, m\u00fc\u00fcritise, betooni v\u00f5i tellise vuukide jaoks ning pakub pikaajalist kaitset nii sise- kui ka v\u00e4listingimustes.<\/p>\n<p><strong><img decoding=\"async\" style=\"margin-right: 12px;\" src=\"https:\/\/www.ferberpainting.com\/wp-content\/uploads\/2026\/02\/Check.svg\" alt=\"\" width=\"18\" height=\"15\" \/>Rahulolu garanteeritud v\u00f5i raha tagasi.<\/strong>\u00a0Oleme veendunud meie toote t\u00f5hususes, mist\u00f5ttu pakume rahulolu- v\u00f5i raha-tagastamisgarantiid. Kui te ei ole tulemustega t\u00e4ielikult rahul, v\u00f5ite taotleda t\u00e4ielikku tagasimakset. See garantii v\u00f5imaldab teil katsetada toodet ilma riskita ja nautida muretut ostukogemust.<\/p>\n<p><strong><img decoding=\"async\" style=\"margin-right: 12px;\" src=\"https:\/\/www.ferberpainting.com\/wp-content\/uploads\/2026\/02\/Check.svg\" alt=\"\" width=\"18\" height=\"15\" \/>\u00dchildub paljude materjalidega.<\/strong>\u00a0See toode on m\u00f5eldud kasutamiseks erinevat t\u00fc\u00fcpi \u00fchenduste ja materjalide puhul. See on eriti t\u00f5hus plaatide, betooni, tsemendi ja tellise vuukide ning sarnaste materjalide puhul. Olenemata sellest, kas seda kasutatakse vannitoas, k\u00f6\u00f6gis, terrassil v\u00f5i niiskusega kokkupuutuvates v\u00e4lis\u00fchendustes, on see vuugiveematerjal mitmek\u00fclgne lahendus, mis tagab optimaalse toimivuse paljudel pindadel.<\/p>\n<p><strong><img decoding=\"async\" style=\"margin-right: 12px;\" src=\"https:\/\/www.ferberpainting.com\/wp-content\/uploads\/2026\/02\/Check.svg\" alt=\"\" width=\"18\" height=\"15\" \/>\u00d6konoomne j\u00f5udlus.<\/strong>\u00a0See \u00fchine h\u00fcdroisolatsioon pakub suurep\u00e4rast kulut\u00f5husust. \u00dche 5-liitrise mahutiga saab t\u00f6\u00f6delda k\u00fcmneid ruutmeetreid vuuke, tagades pikaajalise kaitse \u00fche kasutuskorraga. Keskmiselt saab \u00fche liitriga t\u00f6\u00f6delda umbes 10-12 m\u00b2 vuuke, s\u00f5ltuvalt nende suurusest ja poorsusest, mist\u00f5ttu on see suurep\u00e4rane v\u00e4\u00e4rtus suurte projektide puhul.<\/p>\n<p><strong><img decoding=\"async\" style=\"margin-right: 12px;\" src=\"https:\/\/www.ferberpainting.com\/wp-content\/uploads\/2026\/02\/Check.svg\" alt=\"\" width=\"18\" height=\"15\" \/>Ohutu ja materjalis\u00f5bralik.<\/strong>\u00a0See toode on koostatud spetsiaalselt valitud koostisainetega ohutuks kasutamiseks, see toode s\u00e4\u00e4stab t\u00f6\u00f6deldud materjale. See ei sisalda karmi kemikaale, mist\u00f5ttu on see ideaalne \u00f5rnade pindade, n\u00e4iteks plaatide vuukide ja poorsete materjalide jaoks. See ei muuda vuukide v\u00e4limust, tekstuuri ega v\u00e4rvi, v\u00f5imaldades loomulikku ja esteetilist viimistlust.<\/p>\n<p><strong><img decoding=\"async\" style=\"margin-right: 12px;\" src=\"https:\/\/www.ferberpainting.com\/wp-content\/uploads\/2026\/02\/Check.svg\" alt=\"\" width=\"18\" height=\"15\" \/>Kiire ja lihtne rakendamine.<\/strong>\u00a0See vuugiveematerjal on kasutusvalmis, seda ei ole vaja lahjendada. Selle lihtne pealekandmine ei n\u00f5ua mingeid erilisi oskusi. Lihtsalt pihustage seda otse vuugile ja kandke see pintsli, rulli v\u00f5i k\u00e4snaga laiali. Toode imendub kergesti ja kuivab kiiresti, pakkudes koheselt kaitset niiskuse eest.<\/p>\n<p><strong><img decoding=\"async\" style=\"margin-right: 12px;\" src=\"https:\/\/www.ferberpainting.com\/wp-content\/uploads\/2026\/02\/Check.svg\" alt=\"\" width=\"18\" height=\"15\" \/>Suurendatud vastupidavus.<\/strong>\u00a0P\u00e4rast pealekandmist moodustab toode n\u00e4htamatu barj\u00e4\u00e4ri, mis kaitseb liigeseid niiskuse ja vee eest kuude v\u00f5i isegi aastate jooksul, s\u00f5ltuvalt kokkupuutest. See on loodud taluma karmi v\u00e4litingimusi ja ei lagune kergesti, isegi p\u00e4rast mitut pesu v\u00f5i suure niiskuse perioodi. Saate kasu pikaajalisest kaitsest minimaalse hooldusega.<\/p>\n<p><strong><img decoding=\"async\" style=\"margin-right: 12px;\" src=\"https:\/\/www.ferberpainting.com\/wp-content\/uploads\/2026\/02\/Check.svg\" alt=\"\" width=\"18\" height=\"15\" \/>Kiire tegevus ja kohene t\u00f5husus.<\/strong>\u00a0See \u00fchine h\u00fcdroproofer t\u00f6\u00f6tab v\u00e4ga kiiresti. P\u00e4rast lihtsat pealekandmist kuivab toode tavaliselt v\u00e4hem kui \u00fche tunniga ja hakkab avaldama oma kaitsvat m\u00f5ju. See hakkab peaaegu kohe vett t\u00f5rjuma, v\u00f5imaldades teil juba varsti p\u00e4rast seda t\u00f6\u00f6deldud ala kasutamist j\u00e4tkata.<\/p>\n<h2><strong>Kasutamise protokoll<\/strong><\/h2>\n<ul>\n<li><strong>Pinna ettevalmistamine <\/strong>: Enne vuukide h\u00fcdroisolatsioonivahendi pealekandmist veenduge, et vuugid on puhtad, kuivad ja ilma tolmu, mustuse v\u00f5i j\u00e4\u00e4kideta. Vajaduse korral puhastage vuugid sobiva puhastusvahendiga ja laske neil t\u00e4ielikult kuivada. On oluline, et vuugid oleksid t\u00e4ielikult kuivad, et tagada toote n\u00f5uetekohane imendumine.<\/li>\n<li><strong>Toote kasutamine <\/strong>: Toode on kasutusvalmis ja ei vaja lahjendamist. Enne kasutamist loksutage mahutit kergelt. Pihustage toodet otse ja \u00fchtlaselt vuugile. V\u00f5ite kasutada ka pintslit v\u00f5i k\u00e4sna, et levitada toodet ja tagada t\u00e4ielik l\u00e4bitungimine.<\/li>\n<li><strong>Kasutatav summa <\/strong>: Keskmiselt katab \u00fcks liiter toodet umbes 10-12 m\u00b2 vuuke. Optimaalse kaitse saavutamiseks kandke pigem mitu kerget kihti kui \u00fchte paksu kihti.<\/li>\n<li><strong>Kuivamisaeg <\/strong>: P\u00e4rast pealekandmist laske tootel kuivada 30 minutit kuni 1 tund, s\u00f5ltuvalt temperatuurist ja \u00f5huniiskusest. P\u00e4rast kuivamist moodustab see veekindla barj\u00e4\u00e4ri, mis kaitseb t\u00f5husalt vee sissetungi eest. Parima tulemuse saavutamiseks v\u00e4ltige pinna kokkupuudet niiskusega esimeste tundide jooksul p\u00e4rast pealekandmist.<\/li>\n<li><strong>Hooldus ja korduvrakendamine <\/strong>: Toote t\u00f5hususe s\u00e4ilitamiseks on soovitatav seda iga 6-12 kuu j\u00e4rel uuesti kasutada, s\u00f5ltuvalt ilmastikutingimustest ja niiskusest. Liigendite lihtne kontrollimine aitab kindlaks teha, kas uus pealekandmine on vajalik. Kui ilmnevad kulumise v\u00f5i vee sissetungi m\u00e4rgid, tuleb toode uuesti peale kanda.<\/li>\n<li><strong>T\u00e4iendavad ettevaatusabin\u00f5ud <\/strong>: \u00c4rge kasutage t\u00f6\u00f6deldud vuugile karmi v\u00f5i abrasiivseid puhastusvahendeid, kuna need v\u00f5ivad kahjustada veekindlat katet. Kui on vaja puhastada, valige mahedad, mittes\u00f6\u00f6vitavad tooted, et s\u00e4ilitada veekindlus ja pikendada selle kasutusiga.<\/li>\n<\/ul>\n<p>Liigendite h\u00fcdroprofiil on lihtne, kiire ja t\u00f5hus lahendus, mis pikendab teie liigeste eluiga, kaitstes neid samal ajal niiskuse eest. Olenemata sellest, kas tegemist on plaatide, m\u00fc\u00fcritise v\u00f5i betoonliidetega, aitab see hoida teie pinnad kuivana ja vastupidavana isegi v\u00e4ga niiskes keskkonnas.<\/p>","protected":false},"excerpt":{"rendered":"<p>Long-Lasting Protection Against Moisture.\u00a0This joint waterproofer is the ideal solution to protect your joints from water infiltration and humidity. It creates a waterproof barrier on joint surfaces, preventing water from penetrating while allowing adjacent materials to breathe. Perfect for tile, masonry, concrete, or brick joints, it provides long-lasting protection, whether used indoors or outdoors. Satisfaction [&hellip;]<\/p>\n","protected":false},"featured_media":36284,"comment_status":"open","ping_status":"closed","template":"","meta":{"_uag_custom_page_level_css":"","site-sidebar-layout":"default","site-content-layout":"","ast-site-content-layout":"default","site-content-style":"default","site-sidebar-style":"default","ast-global-header-display":"","ast-banner-title-visibility":"","ast-main-header-display":"","ast-hfb-above-header-display":"","ast-hfb-below-header-display":"","ast-hfb-mobile-header-display":"","site-post-title":"","ast-breadcrumbs-content":"","ast-featured-img":"","footer-sml-layout":"","ast-disable-related-posts":"","theme-transparent-header-meta":"default","adv-header-id-meta":"","stick-header-meta":"","header-above-stick-meta":"","header-main-stick-meta":"","header-below-stick-meta":"","astra-migrate-meta-layouts":"set","ast-page-background-enabled":"default","ast-page-background-meta":{"desktop":{"background-color":"var(--ast-global-color-4)","background-image":"","background-repeat":"repeat","background-position":"center center","background-size":"auto","background-attachment":"scroll","background-type":"","background-media":"","overlay-type":"","overlay-color":"","overlay-opacity":"","overlay-gradient":""},"tablet":{"background-color":"","background-image":"","background-repeat":"repeat","background-position":"center center","background-size":"auto","background-attachment":"scroll","background-type":"","background-media":"","overlay-type":"","overlay-color":"","overlay-opacity":"","overlay-gradient":""},"mobile":{"background-color":"","background-image":"","background-repeat":"repeat","background-position":"center center","background-size":"auto","background-attachment":"scroll","background-type":"","background-media":"","overlay-type":"","overlay-color":"","overlay-opacity":"","overlay-gradient":""}},"ast-content-background-meta":{"desktop":{"background-color":"var(--ast-global-color-5)","background-image":"","background-repeat":"repeat","background-position":"center center","background-size":"auto","background-attachment":"scroll","background-type":"","background-media":"","overlay-type":"","overlay-color":"","overlay-opacity":"","overlay-gradient":""},"tablet":{"background-color":"var(--ast-global-color-5)","background-image":"","background-repeat":"repeat","background-position":"center center","background-size":"auto","background-attachment":"scroll","background-type":"","background-media":"","overlay-type":"","overlay-color":"","overlay-opacity":"","overlay-gradient":""},"mobile":{"background-color":"var(--ast-global-color-5)","background-image":"","background-repeat":"repeat","background-position":"center center","background-size":"auto","background-attachment":"scroll","background-type":"","background-media":"","overlay-type":"","overlay-color":"","overlay-opacity":"","overlay-gradient":""}}},"product_brand":[],"product_cat":[191],"product_tag":[],"class_list":{"0":"post-23517","1":"product","2":"type-product","3":"status-publish","4":"has-post-thumbnail","6":"product_cat-water-repellent","7":"desktop-align-left","8":"tablet-align-left","9":"mobile-align-left","11":"first","12":"instock","13":"sale","14":"taxable","15":"shipping-taxable","16":"purchasable","17":"product-type-variable","18":"has-default-attributes"},"spectra_custom_meta":{"_visibility":["visible"],"_shopify_product_id":["9106583847157"],"_s2w_shopify_domain":["ferberpainting.myshopify.com"],"_shopify_variant_id":["46626295415029"],"_sku":[""],"_manage_stock":["no"],"total_sales":["15"],"_tax_status":["taxable"],"_tax_class":[""],"_backorders":["no"],"_sold_individually":["no"],"_virtual":["no"],"_downloadable":["no"],"_download_limit":["-1"],"_download_expiry":["-1"],"_stock":[null],"_stock_status":["instock"],"_wc_average_rating":["5.00"],"_wc_review_count":["10"],"_product_attributes":["a:1:{s:6:\"volume\";a:6:{s:4:\"name\";s:6:\"Volume\";s:5:\"value\";s:20:\"5 liters | 25 liters\";s:8:\"position\";i:1;s:10:\"is_visible\";i:0;s:12:\"is_variation\";i:1;s:11:\"is_taxonomy\";i:0;}}"],"_product_version":["10.5.1"],"wpse_downloadable_file_names":[""],"wpse_downloadable_file_urls":[""],"_edit_last":["1"],"_default_attributes":["a:1:{s:6:\"volume\";s:8:\"5 liters\";}"],"_edit_lock":["1771179050:1"],"_price":["29.90","129.90"],"merchant-center-category":["503744"],"merchant-center-availability":["yes"],"_thumbnail_id":["36284"],"_wp_page_template":["default"],"_wp_old_date":["2025-05-26"],"_product_image_gallery":["36278"],"site-sidebar-layout":["default"],"ast-site-content-layout":["default"],"site-content-style":["default"],"site-sidebar-style":["default"],"theme-transparent-header-meta":["default"],"_wc_rating_count":["a:1:{i:5;i:10;}"],"astra-migrate-meta-layouts":["set"],"_uag_css_file_name":["uag-css-23517.css"],"_elementor_page_assets":["a:0:{}"],"_uag_page_assets":["a:9:{s:3:\"css\";s:6873:\".wp-block-uagb-image{display:flex}.wp-block-uagb-image__figure{position:relative;display:flex;flex-direction:column;max-width:100%;height:auto;margin:0}.wp-block-uagb-image__figure img{height:auto;display:flex;max-width:100%;transition:box-shadow .2s ease}.wp-block-uagb-image__figure>a{display:inline-block}.wp-block-uagb-image__figure figcaption{text-align:center;margin-top:.5em;margin-bottom:1em}.wp-block-uagb-image .components-placeholder.block-editor-media-placeholder .components-placeholder__instructions{align-self:center}.wp-block-uagb-image--align-left{text-align:left}.wp-block-uagb-image--align-right{text-align:right}.wp-block-uagb-image--align-center{text-align:center}.wp-block-uagb-image--align-full .wp-block-uagb-image__figure{margin-left:calc(50% - 50vw);margin-right:calc(50% - 50vw);max-width:100vw;width:100vw;height:auto}.wp-block-uagb-image--align-full .wp-block-uagb-image__figure img{height:auto;width:100% !important}.wp-block-uagb-image--align-wide .wp-block-uagb-image__figure img{height:auto;width:100%}.wp-block-uagb-image--layout-overlay__color-wrapper{position:absolute;left:0;top:0;right:0;bottom:0;opacity:.2;background:rgba(0,0,0,.5);transition:opacity .35s ease-in-out}.wp-block-uagb-image--layout-overlay-link{position:absolute;left:0;right:0;bottom:0;top:0}.wp-block-uagb-image--layout-overlay .wp-block-uagb-image__figure:hover .wp-block-uagb-image--layout-overlay__color-wrapper{opacity:1}.wp-block-uagb-image--layout-overlay__inner{position:absolute;left:15px;right:15px;bottom:15px;top:15px;display:flex;align-items:center;justify-content:center;flex-direction:column;border-color:#fff;transition:.35s ease-in-out}.wp-block-uagb-image--layout-overlay__inner.top-left,.wp-block-uagb-image--layout-overlay__inner.top-center,.wp-block-uagb-image--layout-overlay__inner.top-right{justify-content:flex-start}.wp-block-uagb-image--layout-overlay__inner.bottom-left,.wp-block-uagb-image--layout-overlay__inner.bottom-center,.wp-block-uagb-image--layout-overlay__inner.bottom-right{justify-content:flex-end}.wp-block-uagb-image--layout-overlay__inner.top-left,.wp-block-uagb-image--layout-overlay__inner.center-left,.wp-block-uagb-image--layout-overlay__inner.bottom-left{align-items:flex-start}.wp-block-uagb-image--layout-overlay__inner.top-right,.wp-block-uagb-image--layout-overlay__inner.center-right,.wp-block-uagb-image--layout-overlay__inner.bottom-right{align-items:flex-end}.wp-block-uagb-image--layout-overlay__inner .uagb-image-heading{color:#fff;transition:transform .35s,opacity .35s ease-in-out;transform:translate3d(0, 24px, 0);margin:0;line-height:1em}.wp-block-uagb-image--layout-overlay__inner .uagb-image-separator{width:30%;border-top-width:2px;border-top-color:#fff;border-top-style:solid;margin-bottom:10px;opacity:0;transition:transform .4s,opacity .4s ease-in-out;transform:translate3d(0, 30px, 0)}.wp-block-uagb-image--layout-overlay__inner .uagb-image-caption{opacity:0;overflow:visible;color:#fff;transition:transform .45s,opacity .45s ease-in-out;transform:translate3d(0, 35px, 0)}.wp-block-uagb-image--layout-overlay__inner:hover .uagb-image-heading,.wp-block-uagb-image--layout-overlay__inner:hover .uagb-image-separator,.wp-block-uagb-image--layout-overlay__inner:hover .uagb-image-caption{opacity:1;transform:translate3d(0, 0, 0)}.wp-block-uagb-image--effect-zoomin .wp-block-uagb-image__figure img,.wp-block-uagb-image--effect-zoomin .wp-block-uagb-image__figure .wp-block-uagb-image--layout-overlay__color-wrapper{transform:scale(1);transition:transform .35s ease-in-out}.wp-block-uagb-image--effect-zoomin .wp-block-uagb-image__figure:hover img,.wp-block-uagb-image--effect-zoomin .wp-block-uagb-image__figure:hover .wp-block-uagb-image--layout-overlay__color-wrapper{transform:scale(1.05)}.wp-block-uagb-image--effect-slide .wp-block-uagb-image__figure img,.wp-block-uagb-image--effect-slide .wp-block-uagb-image__figure .wp-block-uagb-image--layout-overlay__color-wrapper{width:calc(100% + 40px) !important;max-width:none !important;transform:translate3d(-40px, 0, 0);transition:transform .35s ease-in-out}.wp-block-uagb-image--effect-slide .wp-block-uagb-image__figure:hover img,.wp-block-uagb-image--effect-slide .wp-block-uagb-image__figure:hover .wp-block-uagb-image--layout-overlay__color-wrapper{transform:translate3d(0, 0, 0)}.wp-block-uagb-image--effect-grayscale img{filter:grayscale(0%);transition:.35s ease-in-out}.wp-block-uagb-image--effect-grayscale:hover img{filter:grayscale(100%)}.wp-block-uagb-image--effect-blur img{filter:blur(0);transition:.35s ease-in-out}.wp-block-uagb-image--effect-blur:hover img{filter:blur(3px)}.uagb-block-e6f939b3.wp-block-uagb-image--layout-default figure img{box-shadow: 0px 0px 0 #00000070;}.uagb-block-e6f939b3.wp-block-uagb-image .wp-block-uagb-image__figure figcaption{font-style: normal;align-self: center;}.uagb-block-e6f939b3.wp-block-uagb-image--layout-overlay figure img{box-shadow: 0px 0px 0 #00000070;}.uagb-block-e6f939b3.wp-block-uagb-image--layout-overlay .wp-block-uagb-image--layout-overlay__color-wrapper{opacity: 0.2;}.uagb-block-e6f939b3.wp-block-uagb-image--layout-overlay .wp-block-uagb-image--layout-overlay__inner{left: 15px;right: 15px;top: 15px;bottom: 15px;}.uagb-block-e6f939b3.wp-block-uagb-image--layout-overlay .wp-block-uagb-image--layout-overlay__inner .uagb-image-heading{font-style: normal;color: #fff;opacity: 1;}.uagb-block-e6f939b3.wp-block-uagb-image--layout-overlay .wp-block-uagb-image--layout-overlay__inner .uagb-image-heading a{color: #fff;}.uagb-block-e6f939b3.wp-block-uagb-image--layout-overlay .wp-block-uagb-image--layout-overlay__inner .uagb-image-caption{opacity: 0;}.uagb-block-e6f939b3.wp-block-uagb-image--layout-overlay .wp-block-uagb-image__figure:hover .wp-block-uagb-image--layout-overlay__color-wrapper{opacity: 1;}.uagb-block-e6f939b3.wp-block-uagb-image .wp-block-uagb-image--layout-overlay__inner .uagb-image-separator{width: 30%;border-top-width: 2px;border-top-color: #fff;opacity: 0;}.uagb-block-e6f939b3.wp-block-uagb-image .wp-block-uagb-image__figure img{width: px;height: auto;}.uagb-block-e6f939b3.wp-block-uagb-image .wp-block-uagb-image__figure:hover .wp-block-uagb-image--layout-overlay__inner .uagb-image-caption{opacity: 1;}.uagb-block-e6f939b3.wp-block-uagb-image .wp-block-uagb-image__figure:hover .wp-block-uagb-image--layout-overlay__inner .uagb-image-separator{opacity: 1;}.uagb-block-e6f939b3.wp-block-uagb-image--layout-default figure:hover img{box-shadow: 0px 0px 0 #00000070;}.uagb-block-e6f939b3.wp-block-uagb-image--layout-overlay figure:hover img{box-shadow: 0px 0px 0 #00000070;}@media only screen and (max-width: 976px) {.uagb-block-e6f939b3.wp-block-uagb-image .wp-block-uagb-image__figure img{width: px;height: auto;}}@media only screen and (max-width: 767px) {.uagb-block-e6f939b3.wp-block-uagb-image .wp-block-uagb-image__figure img{width: px;height: auto;}}\";s:2:\"js\";s:0:\"\";s:18:\"current_block_list\";a:13:{i:0;s:11:\"core\/search\";i:1;s:10:\"core\/group\";i:2;s:12:\"core\/heading\";i:3;s:17:\"core\/latest-posts\";i:4;s:20:\"core\/latest-comments\";i:5;s:13:\"core\/archives\";i:6;s:15:\"core\/categories\";i:7;s:14:\"core\/paragraph\";i:8;s:10:\"uagb\/image\";i:9;s:11:\"core\/spacer\";i:10;s:30:\"woocommerce\/product-categories\";i:11;s:10:\"core\/image\";i:12;s:14:\"core\/shortcode\";}s:8:\"uag_flag\";b:1;s:11:\"uag_version\";s:10:\"1777264736\";s:6:\"gfonts\";a:0:{}s:10:\"gfonts_url\";s:0:\"\";s:12:\"gfonts_files\";a:0:{}s:14:\"uag_faq_layout\";b:0;}"]},"uagb_featured_image_src":{"full":["https:\/\/www.ferberpainting.com\/wp-content\/uploads\/2025\/05\/Grout-Water-Repellent-5L-.png",2560,2560,false],"thumbnail":["https:\/\/www.ferberpainting.com\/wp-content\/uploads\/2025\/05\/Grout-Water-Repellent-5L--150x150.png",150,150,true],"medium":["https:\/\/www.ferberpainting.com\/wp-content\/uploads\/2025\/05\/Grout-Water-Repellent-5L--300x300.png",300,300,true],"medium_large":["https:\/\/www.ferberpainting.com\/wp-content\/uploads\/2025\/05\/Grout-Water-Repellent-5L--768x768.png",768,768,true],"large":["https:\/\/www.ferberpainting.com\/wp-content\/uploads\/2025\/05\/Grout-Water-Repellent-5L--1024x1024.png",1024,1024,true],"1536x1536":["https:\/\/www.ferberpainting.com\/wp-content\/uploads\/2025\/05\/Grout-Water-Repellent-5L--1536x1536.png",1536,1536,true],"2048x2048":["https:\/\/www.ferberpainting.com\/wp-content\/uploads\/2025\/05\/Grout-Water-Repellent-5L--2048x2048.png",2048,2048,true],"trp-custom-language-flag":["https:\/\/www.ferberpainting.com\/wp-content\/uploads\/2025\/05\/Grout-Water-Repellent-5L--12x12.png",12,12,true],"woocommerce_thumbnail":["https:\/\/www.ferberpainting.com\/wp-content\/uploads\/2025\/05\/Grout-Water-Repellent-5L--300x300.png",300,300,true],"woocommerce_single":["https:\/\/www.ferberpainting.com\/wp-content\/uploads\/2025\/05\/Grout-Water-Repellent-5L--600x600.png",600,600,true],"woocommerce_gallery_thumbnail":["https:\/\/www.ferberpainting.com\/wp-content\/uploads\/2025\/05\/Grout-Water-Repellent-5L--100x100.png",100,100,true]},"uagb_author_info":{"display_name":"admin","author_link":"https:\/\/www.ferberpainting.com\/ee\/author\/"},"uagb_comment_info":10,"uagb_excerpt":"Long-Lasting Protection Against Moisture.\u00a0This joint waterproofer is the ideal solution to protect your joints from water infiltration and humidity. It creates a waterproof barrier on joint surfaces, preventing water from penetrating while allowing adjacent materials to breathe. Perfect for tile, masonry, concrete, or brick joints, it provides long-lasting protection, whether used indoors or outdoors. Satisfaction&hellip;","_links":{"self":[{"href":"https:\/\/www.ferberpainting.com\/ee\/wp-json\/wp\/v2\/product\/23517","targetHints":{"allow":["GET"]}}],"collection":[{"href":"https:\/\/www.ferberpainting.com\/ee\/wp-json\/wp\/v2\/product"}],"about":[{"href":"https:\/\/www.ferberpainting.com\/ee\/wp-json\/wp\/v2\/types\/product"}],"replies":[{"embeddable":true,"href":"https:\/\/www.ferberpainting.com\/ee\/wp-json\/wp\/v2\/comments?post=23517"}],"version-history":[{"count":4,"href":"https:\/\/www.ferberpainting.com\/ee\/wp-json\/wp\/v2\/product\/23517\/revisions"}],"predecessor-version":[{"id":166347,"href":"https:\/\/www.ferberpainting.com\/ee\/wp-json\/wp\/v2\/product\/23517\/revisions\/166347"}],"wp:featuredmedia":[{"embeddable":true,"href":"https:\/\/www.ferberpainting.com\/ee\/wp-json\/wp\/v2\/media\/36284"}],"wp:attachment":[{"href":"https:\/\/www.ferberpainting.com\/ee\/wp-json\/wp\/v2\/media?parent=23517"}],"wp:term":[{"taxonomy":"product_brand","embeddable":true,"href":"https:\/\/www.ferberpainting.com\/ee\/wp-json\/wp\/v2\/product_brand?post=23517"},{"taxonomy":"product_cat","embeddable":true,"href":"https:\/\/www.ferberpainting.com\/ee\/wp-json\/wp\/v2\/product_cat?post=23517"},{"taxonomy":"product_tag","embeddable":true,"href":"https:\/\/www.ferberpainting.com\/ee\/wp-json\/wp\/v2\/product_tag?post=23517"}],"curies":[{"name":"wp","href":"https:\/\/api.w.org\/{rel}","templated":true}]}}