{"id":23508,"date":"2025-07-01T12:18:39","date_gmt":"2025-07-01T10:18:39","guid":{"rendered":"https:\/\/www.ferberpainting.com\/?post_type=product&#038;p=23508"},"modified":"2026-02-15T16:48:16","modified_gmt":"2026-02-15T15:48:16","slug":"grease-and-soot-cleaner","status":"publish","type":"product","link":"https:\/\/www.ferberpainting.com\/ee\/products\/grease-and-soot-cleaner\/","title":{"rendered":"Rasva ja tahma puhastusvahend"},"content":{"rendered":"<p><strong><img decoding=\"async\" style=\"margin-right: 12px;\" src=\"https:\/\/www.ferberpainting.com\/wp-content\/uploads\/2026\/02\/Check.svg\" alt=\"\" width=\"18\" height=\"15\" \/>Optimaalne t\u00f5husus.<\/strong>\u00a0See rasva- ja tahmapuhasti on spetsiaalselt loodud selleks, et eemaldada t\u00f5husalt kangekaelne rasv, p\u00f5lenud \u00f5li ja tahmastunud tahmaj\u00e4\u00e4gid erinevatelt pindadelt. T\u00e4nu oma v\u00f5imsale koostisele tungib see s\u00fcgavale, et lahustada isegi k\u00f5ige vastupidavamad kogunemised ilma liigse k\u00fc\u00fcrimiseta. See taastab m\u00e4\u00e4rdunud pindade l\u00e4ike - olgu need siis k\u00f6\u00f6gis, garaa\u017eis, t\u00f6\u00f6kojas v\u00f5i kaminas - tagades kiire ja t\u00f5husa puhastamise.<\/p>\n<p><strong><img decoding=\"async\" style=\"margin-right: 12px;\" src=\"https:\/\/www.ferberpainting.com\/wp-content\/uploads\/2026\/02\/Check.svg\" alt=\"\" width=\"18\" height=\"15\" \/>Raha tagasi garantii.<\/strong>\u00a0Me usaldame t\u00e4ielikult meie puhastusvahendi t\u00f5husust. Kui p\u00e4rast kasutamist ei ole te tulemustega t\u00e4ielikult rahul, on teil \u00f5igus saada raha tagasi. Proovige meie toodet riskivabalt ja taastage oma pindade esialgne puhtus h\u00f5lpsasti.<\/p>\n<p><strong><img decoding=\"async\" style=\"margin-right: 12px;\" src=\"https:\/\/www.ferberpainting.com\/wp-content\/uploads\/2026\/02\/Check.svg\" alt=\"\" width=\"18\" height=\"15\" \/>Erakordne mitmek\u00fclgsus.<\/strong>\u00a0See puhastusvahend ei piirdu toidu v\u00f5i t\u00f6\u00f6stusrasvaga! See on t\u00f5hus ka tahma- ja rasvakihi vastu, mis koguneb klaasile, kaminatele, grillidele, ahjudele, kapuutsidele, metallgrillidele ja isegi toiduvalmistamise plaatidele. See toimib v\u00e4ga erinevatel materjalidel, nagu roostevaba teras, klaas, betoon, plaat, plastik ja alumiinium. T\u00e4nu oma mitmek\u00fclgsusele sobib see ka koduseks kasutamiseks, samuti t\u00f6\u00f6stusk\u00f6\u00f6kides, mehaanilistes t\u00f6\u00f6kodades ja tehastes.<\/p>\n<p><strong><img decoding=\"async\" style=\"margin-right: 12px;\" src=\"https:\/\/www.ferberpainting.com\/wp-content\/uploads\/2026\/02\/Check.svg\" alt=\"\" width=\"18\" height=\"15\" \/>Kuluefektiivne j\u00f5udlus.<\/strong>\u00a0T\u00e4nu oma 5-liitrisele kanistrile ja k\u00f5rgele kontsentratsioonile pakub see puhastusvahend suurep\u00e4rase hinna ja kvaliteedi suhte. V\u00e4ikesest kogusest piisab suure pinna raiskamiseta t\u00f6\u00f6tlemiseks. \u00dche liitri tootega saab keskmiselt puhastada kuni 50 m\u00b2 m\u00e4\u00e4rdunud pinda, mis tagab \u00f6konoomse ja t\u00f5husa lahenduse regulaarseks v\u00f5i intensiivseks kasutamiseks.<\/p>\n<p><strong><img decoding=\"async\" style=\"margin-right: 12px;\" src=\"https:\/\/www.ferberpainting.com\/wp-content\/uploads\/2026\/02\/Check.svg\" alt=\"\" width=\"18\" height=\"15\" \/>Ohutu kasutamine.<\/strong>\u00a0Erinevalt agressiivseid lahusteid sisaldavatest toodetest, mis v\u00f5ivad kahjustada pindu v\u00f5i eraldada m\u00fcrgiseid aurusid, ei sisalda see puhastusvahend tervisele v\u00f5i keskkonnale kahjulikke aineid. See ei tekita \u00e4rritust, ei s\u00f6\u00f6vita tundlikke materjale ja s\u00e4\u00e4stab tundlikke pindu. See on kasutajatele ohutu, kui seda kasutatakse vastavalt juhistele, ning ei kujuta endast loputamisel ohtu keskkonnale, mist\u00f5ttu on see ideaalne valik ohutuks igap\u00e4evaseks puhastamiseks.<\/p>\n<p><strong><img decoding=\"async\" style=\"margin-right: 12px;\" src=\"https:\/\/www.ferberpainting.com\/wp-content\/uploads\/2026\/02\/Check.svg\" alt=\"\" width=\"18\" height=\"15\" \/>Kasutamise lihtsus.<\/strong>\u00a0See toode on kasutusvalmis ja ei vaja lahjendamist ega keerulist ettevalmistamist. Seda kantakse otse pinnale, kasutades lappi, k\u00e4sna v\u00f5i pihustuspudelit. Selle kiire toime eemaldab mustuse sekunditega, ilma et oleks vaja raskelt loputada v\u00f5i h\u00f5\u00f5ruda. T\u00e4nu intuitiivsele kasutamisele on see parim valik m\u00e4\u00e4rdunud pindade regulaarseks hoolduseks ja puhastamiseks.<\/p>\n<p><strong><img decoding=\"async\" style=\"margin-right: 12px;\" src=\"https:\/\/www.ferberpainting.com\/wp-content\/uploads\/2026\/02\/Check.svg\" alt=\"\" width=\"18\" height=\"15\" \/>Laiendatud vastupidavus.<\/strong>\u00a0See puhastusvahend eemaldab t\u00f5husalt rasva ja tahma ning aitab pikendada k\u00f6\u00f6giseadmete, kaminate ja muude igap\u00e4evase mustusega kokkupuutuvate pindade kasutusiga. See hoiab \u00e4ra j\u00e4\u00e4kide liigse kogunemise, mis v\u00f5ib aja jooksul p\u00f5hjustada talitlush\u00e4ireid v\u00f5i v\u00e4hendada seadmete j\u00f5udlust. Regulaarne kasutamine aitab s\u00e4ilitada puhta ja funktsionaalse keskkonna, v\u00e4ltides samal ajal t\u00f6\u00f6deldud pindade enneaegset kulumist.<\/p>\n<p><strong><img decoding=\"async\" style=\"margin-right: 12px;\" src=\"https:\/\/www.ferberpainting.com\/wp-content\/uploads\/2026\/02\/Check.svg\" alt=\"\" width=\"18\" height=\"15\" \/>Kiire tegevus.<\/strong>\u00a0T\u00e4nu oma v\u00e4ga aktiivsele koostisele toimib see puhastusvahend kohe plekkide ja sissejuurdunud j\u00e4\u00e4kide suhtes. Vaid m\u00f5ne minutiga lahustab see mustuse ja h\u00f5lbustab selle eemaldamist ilma suuremaid j\u00f5upingutusi tegemata. See v\u00f5imaldab kiiret ja t\u00f5husat puhastamist - ideaalne seadmete ja rasvaga kokkupuutuvate pindade kiireks hoolduseks.<\/p>\n<h2><strong>Kasutamise protokoll<\/strong><\/h2>\n<ul>\n<li><strong>Ettevalmistus <\/strong>: Veenduge, et puhastatav pind on enne toote pealekandmist jahtunud, eriti toiduplaatidel, ahjudel ja grillrestidel. Eemaldage paks rasv v\u00f5i tahm kuiva lapi v\u00f5i spaatliga, et h\u00f5lbustada toote pealekandmist.<\/li>\n<li><strong>K\u00e4sitsi rakendamine <\/strong>: Valage v\u00e4ike kogus puhastusvahendit puhtale lapile v\u00f5i k\u00e4snale, seej\u00e4rel kandke see \u00fchtlaselt pinnale ringjate liigutustega, et toode tungiks sisse ja lahustaks mustuse.<\/li>\n<li><strong>Suur pindade kasutamine <\/strong>: Laiemate pindade, n\u00e4iteks t\u00f6\u00f6pinna, kapuutsi v\u00f5i m\u00e4\u00e4rdunud seina puhul kasutage pihustuspudelit, et toode \u00fchtlaselt jaotada. Laske paar minutit seista, et toode lahustaks rasvased ja tahmased j\u00e4\u00e4gid.<\/li>\n<li><strong>P\u00fcsivate plekkide k\u00e4sitlemine <\/strong>: P\u00f5lenud rasva v\u00f5i kleepuvate tahmaj\u00e4\u00e4kide puhul laske tootel 5-10 minutit m\u00f5juda, seej\u00e4rel puhastage \u00f5rnalt pehme harjaga harja v\u00f5i mitteabrasiivse k\u00e4snaga. Vajaduse korral korrake pealekandmist t\u00e4ieliku puhastamise eesm\u00e4rgil.<\/li>\n<li><strong>Loputamine ja p\u00fchkimine <\/strong>: P\u00fchkige pinda niiske lapiga, et eemaldada lahustunud lisandid ja tagada laitmatu viimistlus. Loputage p\u00f5hjalikult puhta veega, kui pind puutub kokku toiduga, n\u00e4iteks k\u00f6\u00f6gilauale v\u00f5i toiduvalmistamisplaadile.<\/li>\n<li><strong>Poleerimine ja kaitse <\/strong>: Puhta ja l\u00e4ikiva efekti suurendamiseks p\u00fchkige viimast korda kuiva lapiga, et eemaldada niiskus ja pakkuda t\u00e4iendavat kaitset tulevaste kogunemiste vastu.<\/li>\n<li><strong>Kasutamise sagedus <\/strong>: Kandke peale iga toiduvalmistamisseadme kasutamist, et v\u00e4ltida j\u00e4\u00e4kainete kogunemist ja lihtsustada hooldust. Kaminate ja k\u00fcttekollete puhul soovitatakse igan\u00e4dalast puhastamist, et tagada optimaalne toimimine ja ohutu p\u00f5lemine.<\/li>\n<li><strong>Ladustamine <\/strong>: P\u00e4rast iga kasutamist sulgege kanister tihedalt ja hoidke seda jahedas ja kuivas kohas, eemal valgusest ja \u00e4\u00e4rmuslikest temperatuuridest, et s\u00e4ilitada toote pikaajaline t\u00f5husus.<\/li>\n<\/ul>\n<p>Meie rasva- ja tahmapuhastusvahendiga eemaldate rasked j\u00e4\u00e4gid kiiresti ja t\u00f5husalt, s\u00e4ilitades samal ajal teie seadmete ja pindade puhtuse ja pikaealisuse. Ideaalne lahendus veatuks ja vaevata hoolduseks.<\/p>","protected":false},"excerpt":{"rendered":"<p>Optimal Efficiency.\u00a0This grease and soot cleaner is specially designed to effectively remove stubborn grease, burnt oil, and embedded soot residues on different surfaces. Thanks to its powerful formula, it penetrates deeply to dissolve even the most resistant buildup without the need for excessive scrubbing. It restores the shine of dirty surfaces\u2014whether in a kitchen, garage, [&hellip;]<\/p>\n","protected":false},"featured_media":36312,"comment_status":"open","ping_status":"closed","template":"","meta":{"_uag_custom_page_level_css":"","site-sidebar-layout":"default","site-content-layout":"","ast-site-content-layout":"default","site-content-style":"default","site-sidebar-style":"default","ast-global-header-display":"","ast-banner-title-visibility":"","ast-main-header-display":"","ast-hfb-above-header-display":"","ast-hfb-below-header-display":"","ast-hfb-mobile-header-display":"","site-post-title":"","ast-breadcrumbs-content":"","ast-featured-img":"","footer-sml-layout":"","ast-disable-related-posts":"","theme-transparent-header-meta":"default","adv-header-id-meta":"","stick-header-meta":"","header-above-stick-meta":"","header-main-stick-meta":"","header-below-stick-meta":"","astra-migrate-meta-layouts":"set","ast-page-background-enabled":"default","ast-page-background-meta":{"desktop":{"background-color":"var(--ast-global-color-4)","background-image":"","background-repeat":"repeat","background-position":"center center","background-size":"auto","background-attachment":"scroll","background-type":"","background-media":"","overlay-type":"","overlay-color":"","overlay-opacity":"","overlay-gradient":""},"tablet":{"background-color":"","background-image":"","background-repeat":"repeat","background-position":"center center","background-size":"auto","background-attachment":"scroll","background-type":"","background-media":"","overlay-type":"","overlay-color":"","overlay-opacity":"","overlay-gradient":""},"mobile":{"background-color":"","background-image":"","background-repeat":"repeat","background-position":"center center","background-size":"auto","background-attachment":"scroll","background-type":"","background-media":"","overlay-type":"","overlay-color":"","overlay-opacity":"","overlay-gradient":""}},"ast-content-background-meta":{"desktop":{"background-color":"var(--ast-global-color-5)","background-image":"","background-repeat":"repeat","background-position":"center center","background-size":"auto","background-attachment":"scroll","background-type":"","background-media":"","overlay-type":"","overlay-color":"","overlay-opacity":"","overlay-gradient":""},"tablet":{"background-color":"var(--ast-global-color-5)","background-image":"","background-repeat":"repeat","background-position":"center center","background-size":"auto","background-attachment":"scroll","background-type":"","background-media":"","overlay-type":"","overlay-color":"","overlay-opacity":"","overlay-gradient":""},"mobile":{"background-color":"var(--ast-global-color-5)","background-image":"","background-repeat":"repeat","background-position":"center center","background-size":"auto","background-attachment":"scroll","background-type":"","background-media":"","overlay-type":"","overlay-color":"","overlay-opacity":"","overlay-gradient":""}}},"product_brand":[],"product_cat":[175],"product_tag":[],"class_list":{"0":"post-23508","1":"product","2":"type-product","3":"status-publish","4":"has-post-thumbnail","6":"product_cat-cleaning-products","7":"desktop-align-left","8":"tablet-align-left","9":"mobile-align-left","11":"first","12":"instock","13":"sale","14":"taxable","15":"shipping-taxable","16":"purchasable","17":"product-type-variable","18":"has-default-attributes"},"spectra_custom_meta":{"_visibility":["visible"],"_shopify_product_id":["9106240209141"],"_s2w_shopify_domain":["ferberpainting.myshopify.com"],"_shopify_variant_id":["46625780924661"],"_sku":[""],"_manage_stock":["no"],"total_sales":["67"],"_tax_status":["taxable"],"_tax_class":[""],"_backorders":["no"],"_sold_individually":["no"],"_virtual":["no"],"_downloadable":["no"],"_download_limit":["-1"],"_download_expiry":["-1"],"_stock":[null],"_stock_status":["instock"],"_wc_average_rating":["5.00"],"_wc_review_count":["22"],"_product_attributes":["a:1:{s:6:\"volume\";a:6:{s:4:\"name\";s:6:\"Volume\";s:5:\"value\";s:20:\"5 liters | 25 liters\";s:8:\"position\";i:1;s:10:\"is_visible\";i:0;s:12:\"is_variation\";i:1;s:11:\"is_taxonomy\";i:0;}}"],"_product_version":["10.5.1"],"wpse_downloadable_file_names":[""],"wpse_downloadable_file_urls":[""],"_edit_last":["1"],"_default_attributes":["a:1:{s:6:\"volume\";s:8:\"5 liters\";}"],"_edit_lock":["1771170357:1"],"_price":["29.90","129.90"],"merchant-center-category":["4973"],"merchant-center-availability":["yes"],"_thumbnail_id":["36312"],"_wp_page_template":["default"],"_wp_old_date":["2025-05-26"],"_product_image_gallery":["36314"],"site-sidebar-layout":["default"],"ast-site-content-layout":["default"],"site-content-style":["default"],"site-sidebar-style":["default"],"theme-transparent-header-meta":["default"],"_wc_rating_count":["a:1:{i:5;i:22;}"],"astra-migrate-meta-layouts":["set"],"_uag_css_file_name":["uag-css-23508.css"],"_elementor_page_assets":["a:0:{}"],"_uag_page_assets":["a:9:{s:3:\"css\";s:7133:\".uag-blocks-common-selector{z-index:var(--z-index-desktop) !important}@media(max-width: 976px){.uag-blocks-common-selector{z-index:var(--z-index-tablet) !important}}@media(max-width: 767px){.uag-blocks-common-selector{z-index:var(--z-index-mobile) !important}}.wp-block-uagb-image{display:flex}.wp-block-uagb-image__figure{position:relative;display:flex;flex-direction:column;max-width:100%;height:auto;margin:0}.wp-block-uagb-image__figure img{height:auto;display:flex;max-width:100%;transition:box-shadow .2s ease}.wp-block-uagb-image__figure>a{display:inline-block}.wp-block-uagb-image__figure figcaption{text-align:center;margin-top:.5em;margin-bottom:1em}.wp-block-uagb-image .components-placeholder.block-editor-media-placeholder .components-placeholder__instructions{align-self:center}.wp-block-uagb-image--align-left{text-align:left}.wp-block-uagb-image--align-right{text-align:right}.wp-block-uagb-image--align-center{text-align:center}.wp-block-uagb-image--align-full .wp-block-uagb-image__figure{margin-left:calc(50% - 50vw);margin-right:calc(50% - 50vw);max-width:100vw;width:100vw;height:auto}.wp-block-uagb-image--align-full .wp-block-uagb-image__figure img{height:auto;width:100% !important}.wp-block-uagb-image--align-wide .wp-block-uagb-image__figure img{height:auto;width:100%}.wp-block-uagb-image--layout-overlay__color-wrapper{position:absolute;left:0;top:0;right:0;bottom:0;opacity:.2;background:rgba(0,0,0,.5);transition:opacity .35s ease-in-out}.wp-block-uagb-image--layout-overlay-link{position:absolute;left:0;right:0;bottom:0;top:0}.wp-block-uagb-image--layout-overlay .wp-block-uagb-image__figure:hover .wp-block-uagb-image--layout-overlay__color-wrapper{opacity:1}.wp-block-uagb-image--layout-overlay__inner{position:absolute;left:15px;right:15px;bottom:15px;top:15px;display:flex;align-items:center;justify-content:center;flex-direction:column;border-color:#fff;transition:.35s ease-in-out}.wp-block-uagb-image--layout-overlay__inner.top-left,.wp-block-uagb-image--layout-overlay__inner.top-center,.wp-block-uagb-image--layout-overlay__inner.top-right{justify-content:flex-start}.wp-block-uagb-image--layout-overlay__inner.bottom-left,.wp-block-uagb-image--layout-overlay__inner.bottom-center,.wp-block-uagb-image--layout-overlay__inner.bottom-right{justify-content:flex-end}.wp-block-uagb-image--layout-overlay__inner.top-left,.wp-block-uagb-image--layout-overlay__inner.center-left,.wp-block-uagb-image--layout-overlay__inner.bottom-left{align-items:flex-start}.wp-block-uagb-image--layout-overlay__inner.top-right,.wp-block-uagb-image--layout-overlay__inner.center-right,.wp-block-uagb-image--layout-overlay__inner.bottom-right{align-items:flex-end}.wp-block-uagb-image--layout-overlay__inner .uagb-image-heading{color:#fff;transition:transform .35s,opacity .35s ease-in-out;transform:translate3d(0, 24px, 0);margin:0;line-height:1em}.wp-block-uagb-image--layout-overlay__inner .uagb-image-separator{width:30%;border-top-width:2px;border-top-color:#fff;border-top-style:solid;margin-bottom:10px;opacity:0;transition:transform .4s,opacity .4s ease-in-out;transform:translate3d(0, 30px, 0)}.wp-block-uagb-image--layout-overlay__inner .uagb-image-caption{opacity:0;overflow:visible;color:#fff;transition:transform .45s,opacity .45s ease-in-out;transform:translate3d(0, 35px, 0)}.wp-block-uagb-image--layout-overlay__inner:hover .uagb-image-heading,.wp-block-uagb-image--layout-overlay__inner:hover .uagb-image-separator,.wp-block-uagb-image--layout-overlay__inner:hover .uagb-image-caption{opacity:1;transform:translate3d(0, 0, 0)}.wp-block-uagb-image--effect-zoomin .wp-block-uagb-image__figure img,.wp-block-uagb-image--effect-zoomin .wp-block-uagb-image__figure .wp-block-uagb-image--layout-overlay__color-wrapper{transform:scale(1);transition:transform .35s ease-in-out}.wp-block-uagb-image--effect-zoomin .wp-block-uagb-image__figure:hover img,.wp-block-uagb-image--effect-zoomin .wp-block-uagb-image__figure:hover .wp-block-uagb-image--layout-overlay__color-wrapper{transform:scale(1.05)}.wp-block-uagb-image--effect-slide .wp-block-uagb-image__figure img,.wp-block-uagb-image--effect-slide .wp-block-uagb-image__figure .wp-block-uagb-image--layout-overlay__color-wrapper{width:calc(100% + 40px) !important;max-width:none !important;transform:translate3d(-40px, 0, 0);transition:transform .35s ease-in-out}.wp-block-uagb-image--effect-slide .wp-block-uagb-image__figure:hover img,.wp-block-uagb-image--effect-slide .wp-block-uagb-image__figure:hover .wp-block-uagb-image--layout-overlay__color-wrapper{transform:translate3d(0, 0, 0)}.wp-block-uagb-image--effect-grayscale img{filter:grayscale(0%);transition:.35s ease-in-out}.wp-block-uagb-image--effect-grayscale:hover img{filter:grayscale(100%)}.wp-block-uagb-image--effect-blur img{filter:blur(0);transition:.35s ease-in-out}.wp-block-uagb-image--effect-blur:hover img{filter:blur(3px)}.uagb-block-e6f939b3.wp-block-uagb-image--layout-default figure img{box-shadow: 0px 0px 0 #00000070;}.uagb-block-e6f939b3.wp-block-uagb-image .wp-block-uagb-image__figure figcaption{font-style: normal;align-self: center;}.uagb-block-e6f939b3.wp-block-uagb-image--layout-overlay figure img{box-shadow: 0px 0px 0 #00000070;}.uagb-block-e6f939b3.wp-block-uagb-image--layout-overlay .wp-block-uagb-image--layout-overlay__color-wrapper{opacity: 0.2;}.uagb-block-e6f939b3.wp-block-uagb-image--layout-overlay .wp-block-uagb-image--layout-overlay__inner{left: 15px;right: 15px;top: 15px;bottom: 15px;}.uagb-block-e6f939b3.wp-block-uagb-image--layout-overlay .wp-block-uagb-image--layout-overlay__inner .uagb-image-heading{font-style: normal;color: #fff;opacity: 1;}.uagb-block-e6f939b3.wp-block-uagb-image--layout-overlay .wp-block-uagb-image--layout-overlay__inner .uagb-image-heading a{color: #fff;}.uagb-block-e6f939b3.wp-block-uagb-image--layout-overlay .wp-block-uagb-image--layout-overlay__inner .uagb-image-caption{opacity: 0;}.uagb-block-e6f939b3.wp-block-uagb-image--layout-overlay .wp-block-uagb-image__figure:hover .wp-block-uagb-image--layout-overlay__color-wrapper{opacity: 1;}.uagb-block-e6f939b3.wp-block-uagb-image .wp-block-uagb-image--layout-overlay__inner .uagb-image-separator{width: 30%;border-top-width: 2px;border-top-color: #fff;opacity: 0;}.uagb-block-e6f939b3.wp-block-uagb-image .wp-block-uagb-image__figure img{width: px;height: auto;}.uagb-block-e6f939b3.wp-block-uagb-image .wp-block-uagb-image__figure:hover .wp-block-uagb-image--layout-overlay__inner .uagb-image-caption{opacity: 1;}.uagb-block-e6f939b3.wp-block-uagb-image .wp-block-uagb-image__figure:hover .wp-block-uagb-image--layout-overlay__inner .uagb-image-separator{opacity: 1;}.uagb-block-e6f939b3.wp-block-uagb-image--layout-default figure:hover img{box-shadow: 0px 0px 0 #00000070;}.uagb-block-e6f939b3.wp-block-uagb-image--layout-overlay figure:hover img{box-shadow: 0px 0px 0 #00000070;}@media only screen and (max-width: 976px) {.uagb-block-e6f939b3.wp-block-uagb-image .wp-block-uagb-image__figure img{width: px;height: auto;}}@media only screen and (max-width: 767px) {.uagb-block-e6f939b3.wp-block-uagb-image .wp-block-uagb-image__figure img{width: px;height: auto;}}\";s:2:\"js\";s:0:\"\";s:18:\"current_block_list\";a:13:{i:0;s:11:\"core\/search\";i:1;s:10:\"core\/group\";i:2;s:12:\"core\/heading\";i:3;s:17:\"core\/latest-posts\";i:4;s:20:\"core\/latest-comments\";i:5;s:13:\"core\/archives\";i:6;s:15:\"core\/categories\";i:7;s:14:\"core\/paragraph\";i:8;s:10:\"uagb\/image\";i:9;s:11:\"core\/spacer\";i:10;s:30:\"woocommerce\/product-categories\";i:11;s:10:\"core\/image\";i:12;s:14:\"core\/shortcode\";}s:8:\"uag_flag\";b:1;s:11:\"uag_version\";s:10:\"1777228479\";s:6:\"gfonts\";a:0:{}s:10:\"gfonts_url\";s:0:\"\";s:12:\"gfonts_files\";a:0:{}s:14:\"uag_faq_layout\";b:0;}"]},"uagb_featured_image_src":{"full":["https:\/\/www.ferberpainting.com\/wp-content\/uploads\/2025\/05\/Grease-and-Soot-Cleaner-5L-.png",2560,2560,false],"thumbnail":["https:\/\/www.ferberpainting.com\/wp-content\/uploads\/2025\/05\/Grease-and-Soot-Cleaner-5L--150x150.png",150,150,true],"medium":["https:\/\/www.ferberpainting.com\/wp-content\/uploads\/2025\/05\/Grease-and-Soot-Cleaner-5L--300x300.png",300,300,true],"medium_large":["https:\/\/www.ferberpainting.com\/wp-content\/uploads\/2025\/05\/Grease-and-Soot-Cleaner-5L--768x768.png",768,768,true],"large":["https:\/\/www.ferberpainting.com\/wp-content\/uploads\/2025\/05\/Grease-and-Soot-Cleaner-5L--1024x1024.png",1024,1024,true],"1536x1536":["https:\/\/www.ferberpainting.com\/wp-content\/uploads\/2025\/05\/Grease-and-Soot-Cleaner-5L--1536x1536.png",1536,1536,true],"2048x2048":["https:\/\/www.ferberpainting.com\/wp-content\/uploads\/2025\/05\/Grease-and-Soot-Cleaner-5L--2048x2048.png",2048,2048,true],"trp-custom-language-flag":["https:\/\/www.ferberpainting.com\/wp-content\/uploads\/2025\/05\/Grease-and-Soot-Cleaner-5L--12x12.png",12,12,true],"woocommerce_thumbnail":["https:\/\/www.ferberpainting.com\/wp-content\/uploads\/2025\/05\/Grease-and-Soot-Cleaner-5L--300x300.png",300,300,true],"woocommerce_single":["https:\/\/www.ferberpainting.com\/wp-content\/uploads\/2025\/05\/Grease-and-Soot-Cleaner-5L--600x600.png",600,600,true],"woocommerce_gallery_thumbnail":["https:\/\/www.ferberpainting.com\/wp-content\/uploads\/2025\/05\/Grease-and-Soot-Cleaner-5L--100x100.png",100,100,true]},"uagb_author_info":{"display_name":"admin","author_link":"https:\/\/www.ferberpainting.com\/ee\/author\/"},"uagb_comment_info":22,"uagb_excerpt":"Optimal Efficiency.\u00a0This grease and soot cleaner is specially designed to effectively remove stubborn grease, burnt oil, and embedded soot residues on different surfaces. Thanks to its powerful formula, it penetrates deeply to dissolve even the most resistant buildup without the need for excessive scrubbing. It restores the shine of dirty surfaces\u2014whether in a kitchen, garage,&hellip;","_links":{"self":[{"href":"https:\/\/www.ferberpainting.com\/ee\/wp-json\/wp\/v2\/product\/23508","targetHints":{"allow":["GET"]}}],"collection":[{"href":"https:\/\/www.ferberpainting.com\/ee\/wp-json\/wp\/v2\/product"}],"about":[{"href":"https:\/\/www.ferberpainting.com\/ee\/wp-json\/wp\/v2\/types\/product"}],"replies":[{"embeddable":true,"href":"https:\/\/www.ferberpainting.com\/ee\/wp-json\/wp\/v2\/comments?post=23508"}],"version-history":[{"count":5,"href":"https:\/\/www.ferberpainting.com\/ee\/wp-json\/wp\/v2\/product\/23508\/revisions"}],"predecessor-version":[{"id":166286,"href":"https:\/\/www.ferberpainting.com\/ee\/wp-json\/wp\/v2\/product\/23508\/revisions\/166286"}],"wp:featuredmedia":[{"embeddable":true,"href":"https:\/\/www.ferberpainting.com\/ee\/wp-json\/wp\/v2\/media\/36312"}],"wp:attachment":[{"href":"https:\/\/www.ferberpainting.com\/ee\/wp-json\/wp\/v2\/media?parent=23508"}],"wp:term":[{"taxonomy":"product_brand","embeddable":true,"href":"https:\/\/www.ferberpainting.com\/ee\/wp-json\/wp\/v2\/product_brand?post=23508"},{"taxonomy":"product_cat","embeddable":true,"href":"https:\/\/www.ferberpainting.com\/ee\/wp-json\/wp\/v2\/product_cat?post=23508"},{"taxonomy":"product_tag","embeddable":true,"href":"https:\/\/www.ferberpainting.com\/ee\/wp-json\/wp\/v2\/product_tag?post=23508"}],"curies":[{"name":"wp","href":"https:\/\/api.w.org\/{rel}","templated":true}]}}