{"id":23487,"date":"2025-07-01T13:17:36","date_gmt":"2025-07-01T11:17:36","guid":{"rendered":"https:\/\/www.ferberpainting.com\/?post_type=product&#038;p=23484"},"modified":"2026-02-15T14:20:42","modified_gmt":"2026-02-15T13:20:42","slug":"glass-water-repellent","status":"publish","type":"product","link":"https:\/\/www.ferberpainting.com\/ee\/products\/glass-water-repellent\/","title":{"rendered":"Veeh\u00fclgav klaasile"},"content":{"rendered":"<p><img decoding=\"async\" style=\"margin-right: 12px;\" src=\"https:\/\/www.ferberpainting.com\/wp-content\/uploads\/2026\/02\/Check.svg\" alt=\"\" width=\"18\" height=\"15\" \/><strong>Kaitse ja optimaalne t\u00f5husus.<\/strong>\u00a0See klaasi veekindel kaitsevahend on spetsiaalselt koostatud, et pakkuda pikaajalist kaitset vee, vihma, lume ja mustuse eest. Selle uuenduslik koostis loob klaasile n\u00e4htamatu barj\u00e4\u00e4ri, mis takistab veepiiskade kinnij\u00e4\u00e4mist ja soodustab kiiret \u00e4ravoolu. V\u00e4hendades j\u00e4\u00e4kide kogunemist, parandab see n\u00e4htavust k\u00f5ikides tingimustes ja muudab klaaspinnad kergemini hooldatavaks. Sobib ideaalselt autoakende, tuuleklaaside, akende, terrassiuste ja isegi klaasekraanide jaoks.<\/p>\n<p><img decoding=\"async\" style=\"margin-right: 12px;\" src=\"https:\/\/www.ferberpainting.com\/wp-content\/uploads\/2026\/02\/Check.svg\" alt=\"\" width=\"18\" height=\"15\" \/><strong>Raha tagasi garantii.<\/strong>\u00a0Me oleme t\u00e4iesti kindlad meie veekindluse t\u00f5hususes. Kui p\u00e4rast kasutamist ei ole te tulemustega t\u00e4ielikult rahul, on teil \u00f5igus saada raha tagasi. Proovige meie toodet rahulikult ja kasutage optimaalset kaitset k\u00f5ikidele oma klaaspindadele.<\/p>\n<p><img decoding=\"async\" style=\"margin-right: 12px;\" src=\"https:\/\/www.ferberpainting.com\/wp-content\/uploads\/2026\/02\/Check.svg\" alt=\"\" width=\"18\" height=\"15\" \/><strong>Erakordne mitmek\u00fclgsus.<\/strong>\u00a0See t\u00f5rjevahend ei piirdu tavalise klaasiga! See on t\u00f5hus ka muudele l\u00e4bipaistvatele materjalidele, n\u00e4iteks <strong>pleksiklaasist<\/strong>, pol\u00fckarbonaat ja t\u00f6\u00f6deldud klaaspinnad. Seda saab kasutada du\u0161iseinte, paadiakende, katuseakende, peeglite ja isegi kaubanduslike poefrontsioonide kaitsmiseks. Selle koostis v\u00f5imaldab kasutada v\u00e4ga erinevatel pindadel, tagades samas kohese ja p\u00fcsiva helmestusefekti.<\/p>\n<p><img decoding=\"async\" style=\"margin-right: 12px;\" src=\"https:\/\/www.ferberpainting.com\/wp-content\/uploads\/2026\/02\/Check.svg\" alt=\"\" width=\"18\" height=\"15\" \/><strong>Kuluefektiivne j\u00f5udlus.<\/strong>\u00a0T\u00e4nu kontsentreeritud koostisele ja lihtsale pealekandmisele piisab v\u00e4ikesest kogusest, et katta suur pindala. \u00dche liitri abil saab t\u00f6\u00f6delda kuni 60 m\u00b2 klaasi, mis annab suurep\u00e4rase hinna ja kvaliteedi suhte. 5-liitrise formaadiga pakub see t\u00f5rjevahend pikaajalist kaitset arvukatel pindadel ilma sagedase korduva kasutamiseta, v\u00e4hendades hoolduskulusid ja optimeerides kasutust.<\/p>\n<p><img decoding=\"async\" style=\"margin-right: 12px;\" src=\"https:\/\/www.ferberpainting.com\/wp-content\/uploads\/2026\/02\/Check.svg\" alt=\"\" width=\"18\" height=\"15\" \/><strong>Ohutu kasutamine.<\/strong>\u00a0Erinevalt traditsioonilistest t\u00f5rjevahenditest, mis sisaldavad karmi lahusteid, mis v\u00f5ivad kahjustada teatavaid klaasit\u00fc\u00fcpe v\u00f5i p\u00f5hjustada \u00e4rritust, on see toode koostatud nii, et riskid kasutamisel oleksid minimaalsed. See ei tekita m\u00fcrgiseid aurusid, ei j\u00e4ta t\u00f6\u00f6deldud pindadele rasvase kile ja on ohutu k\u00f5ikides keskkondades, nii sise- kui ka v\u00e4listingimustes.<\/p>\n<p><img decoding=\"async\" style=\"margin-right: 12px;\" src=\"https:\/\/www.ferberpainting.com\/wp-content\/uploads\/2026\/02\/Check.svg\" alt=\"\" width=\"18\" height=\"15\" \/><strong>Kasutamise lihtsus.<\/strong>\u00a0Toode on kasutusvalmis ja ei vaja lahjendamist ega keerulist k\u00e4sitsemist. Seda kantakse otse puhtale, kuivale klaasile, kasutades pehmet lappi v\u00f5i mikrokiudlapi aplikaatorit. See moodustab vaid m\u00f5ne sekundiga kaitsva kihi, mis tagab kohese t\u00f5rjuva m\u00f5ju. Selle kasutamine on lihtne ja k\u00e4ttesaadav k\u00f5igile, alates erakasutajatest kuni professionaalideni, kes soovivad optimeerida klaasi hooldust.<\/p>\n<p><img decoding=\"async\" style=\"margin-right: 12px;\" src=\"https:\/\/www.ferberpainting.com\/wp-content\/uploads\/2026\/02\/Check.svg\" alt=\"\" width=\"18\" height=\"15\" \/><strong>Laiendatud vastupidavus.<\/strong>\u00a0T\u00e4nu oma kauakestvale koostisele pakub see klaasikindel kaitsevahend t\u00f5husat kaitset mitu n\u00e4dalat v\u00f5i isegi kuud, s\u00f5ltuvalt kokkupuutest ilmastikuga. See v\u00e4hendab puhastamise sagedust, takistades tolmu, lubjakivi ja rasvaj\u00e4\u00e4kide kinnij\u00e4\u00e4mist. S\u00e4ilitades klaasi selguse, pikendab see selle s\u00e4ra ja puhtust, v\u00e4hendades samal ajal hoolduskulusid.<\/p>\n<p><img decoding=\"async\" style=\"margin-right: 12px;\" src=\"https:\/\/www.ferberpainting.com\/wp-content\/uploads\/2026\/02\/Check.svg\" alt=\"\" width=\"18\" height=\"15\" \/><strong>Kiire tegevus.<\/strong>\u00a0Selle t\u00f5husus on kohe p\u00e4rast pealekandmist. Toode moodustab vaid m\u00f5ne sekundiga h\u00fcdrofoobse barj\u00e4\u00e4ri, mis takistab vee ja mustuse kinnitumist klaaspinnale. Ei ole vaja oodata pikki tunde, et t\u00f5rjuv toime aktiveeruks - see on kohene ja n\u00e4htav kohe p\u00e4rast esimest pealekandmist.<\/p>\n<h2><strong>Kasutamise protokoll<\/strong><\/h2>\n<ul>\n<li><strong>Ettevalmistus <\/strong>: Veenduge, et klaas on puhas, kuiv ja vaba tolmust v\u00f5i j\u00e4\u00e4kidest. Optimaalse tulemuse saavutamiseks on soovitatav enne t\u00f5rjevahendi pealekandmist p\u00fchkida pind pehme lapiga ja sobiva puhastusvahendiga.<\/li>\n<li><strong>Toote kasutamine <\/strong>: Vala v\u00e4ike kogus t\u00f5rjevahendit mikrokiudlappi v\u00f5i puhtale aplikaatorile. Levitage toode \u00fchtlaselt pinnale, tehes ringikujulisi liigutusi, et tagada \u00fchtlane katvus.<\/li>\n<li><strong>Tegevuse aeg <\/strong>: Laske paar sekundit seista, et kaitsekile moodustuks. Toode hakkab kohe vett t\u00f5rjuma ja loob h\u00fcdrofoobse pinna.<\/li>\n<li><strong>P\u00fchkimine ja viimistlemine <\/strong>: Kasutage klaasi poleerimiseks ja \u00fcleliigse klaasi eemaldamiseks puhast ja kuiva lappi. See samm suurendab l\u00e4iget ja v\u00e4ldib n\u00e4htavaid triipe.<\/li>\n<li><strong>Suur pindade kasutamine <\/strong>: Suurte akende, verandade v\u00f5i tuuleklaaside puhul t\u00f6\u00f6tage osade kaupa, et tagada \u00fchtlane pealekandmine ja v\u00e4ltida toote kuhjumist.<\/li>\n<li><strong>Uuesti taotlemine <\/strong>: Kandke uus kiht peale, kui t\u00f5rjuv toime hakkab tuhmuma. Tavaliselt kestab \u00fcks pealekandmine 4 kuni 8 n\u00e4dalat, s\u00f5ltuvalt ilmastikutingimustest ja puhastamise sagedusest.<\/li>\n<li><strong>Ladustamine <\/strong>: Hoidke kanistrit jahedas ja kuivas kohas, eemal kuumusest ja otsesest p\u00e4ikesevalgusest. P\u00e4rast kasutamist sulgege alati tihedalt, et v\u00e4ltida aurustumist ja tagada toote pikaajaline t\u00f5husus.<\/li>\n<\/ul>\n<p>Meie klaasi veekindluse tagamine tagab t\u00e4iusliku n\u00e4htavuse, kestva kaitse ilmastiku eest ja lihtsustab k\u00f5igi teie klaaspindade hooldust. Ideaalne lahendus kristallselge, kaitstud klaasi jaoks igas olukorras.<\/p>","protected":false},"excerpt":{"rendered":"<p>Protection and Optimal Efficiency.\u00a0This glass water repellent is specially formulated to provide long-lasting protection against water, rain, snow, and dirt. Its innovative formula creates an invisible barrier on glass, preventing water droplets from sticking and promoting quick runoff. By reducing residue build-up, it improves visibility in all conditions and makes glass surfaces easier to maintain. [&hellip;]<\/p>\n","protected":false},"featured_media":36359,"comment_status":"open","ping_status":"closed","template":"","meta":{"_uag_custom_page_level_css":"","site-sidebar-layout":"default","site-content-layout":"","ast-site-content-layout":"default","site-content-style":"default","site-sidebar-style":"default","ast-global-header-display":"","ast-banner-title-visibility":"","ast-main-header-display":"","ast-hfb-above-header-display":"","ast-hfb-below-header-display":"","ast-hfb-mobile-header-display":"","site-post-title":"","ast-breadcrumbs-content":"","ast-featured-img":"","footer-sml-layout":"","ast-disable-related-posts":"","theme-transparent-header-meta":"default","adv-header-id-meta":"","stick-header-meta":"","header-above-stick-meta":"","header-main-stick-meta":"","header-below-stick-meta":"","astra-migrate-meta-layouts":"set","ast-page-background-enabled":"default","ast-page-background-meta":{"desktop":{"background-color":"var(--ast-global-color-4)","background-image":"","background-repeat":"repeat","background-position":"center center","background-size":"auto","background-attachment":"scroll","background-type":"","background-media":"","overlay-type":"","overlay-color":"","overlay-opacity":"","overlay-gradient":""},"tablet":{"background-color":"","background-image":"","background-repeat":"repeat","background-position":"center center","background-size":"auto","background-attachment":"scroll","background-type":"","background-media":"","overlay-type":"","overlay-color":"","overlay-opacity":"","overlay-gradient":""},"mobile":{"background-color":"","background-image":"","background-repeat":"repeat","background-position":"center center","background-size":"auto","background-attachment":"scroll","background-type":"","background-media":"","overlay-type":"","overlay-color":"","overlay-opacity":"","overlay-gradient":""}},"ast-content-background-meta":{"desktop":{"background-color":"var(--ast-global-color-5)","background-image":"","background-repeat":"repeat","background-position":"center center","background-size":"auto","background-attachment":"scroll","background-type":"","background-media":"","overlay-type":"","overlay-color":"","overlay-opacity":"","overlay-gradient":""},"tablet":{"background-color":"var(--ast-global-color-5)","background-image":"","background-repeat":"repeat","background-position":"center center","background-size":"auto","background-attachment":"scroll","background-type":"","background-media":"","overlay-type":"","overlay-color":"","overlay-opacity":"","overlay-gradient":""},"mobile":{"background-color":"var(--ast-global-color-5)","background-image":"","background-repeat":"repeat","background-position":"center center","background-size":"auto","background-attachment":"scroll","background-type":"","background-media":"","overlay-type":"","overlay-color":"","overlay-opacity":"","overlay-gradient":""}}},"product_brand":[],"product_cat":[191],"product_tag":[],"class_list":{"0":"post-23487","1":"product","2":"type-product","3":"status-publish","4":"has-post-thumbnail","6":"product_cat-water-repellent","7":"desktop-align-left","8":"tablet-align-left","9":"mobile-align-left","11":"first","12":"instock","13":"sale","14":"shipping-taxable","15":"purchasable","16":"product-type-variable","17":"has-default-attributes"},"spectra_custom_meta":{"_visibility":["visible"],"_shopify_product_id":["9106542395637"],"_s2w_shopify_domain":["ferberpainting.myshopify.com"],"_shopify_variant_id":["46626250817781"],"_sku":[""],"_manage_stock":["no"],"total_sales":["120"],"_tax_status":["taxable"],"_tax_class":[""],"_backorders":["no"],"_sold_individually":["no"],"_virtual":["no"],"_downloadable":["no"],"_download_limit":["-1"],"_download_expiry":["-1"],"_stock":[null],"_stock_status":["instock"],"_wc_average_rating":["5.00"],"_wc_review_count":["10"],"_product_attributes":["a:1:{s:6:\"volume\";a:6:{s:4:\"name\";s:6:\"Volume\";s:5:\"value\";s:20:\"5 liters | 25 liters\";s:8:\"position\";i:1;s:10:\"is_visible\";i:0;s:12:\"is_variation\";i:1;s:11:\"is_taxonomy\";i:0;}}"],"_product_version":["10.5.1"],"wpse_downloadable_file_names":[""],"wpse_downloadable_file_urls":[""],"_edit_last":["1"],"_default_attributes":["a:1:{s:6:\"volume\";s:8:\"5 liters\";}"],"_edit_lock":["1771161501:1"],"_price":["29.90","129.90"],"merchant-center-availability":["yes"],"merchant-center-category":["503738"],"_thumbnail_id":["36359"],"_wp_page_template":["default"],"_wp_old_date":["2025-05-26"],"_product_image_gallery":["36360"],"site-sidebar-layout":["default"],"ast-site-content-layout":["default"],"site-content-style":["default"],"site-sidebar-style":["default"],"theme-transparent-header-meta":["default"],"_wc_rating_count":["a:1:{i:5;i:10;}"],"astra-migrate-meta-layouts":["set"],"_uag_css_file_name":["uag-css-23487.css"],"_elementor_page_assets":["a:0:{}"],"_uag_page_assets":["a:9:{s:3:\"css\";s:6873:\".wp-block-uagb-image{display:flex}.wp-block-uagb-image__figure{position:relative;display:flex;flex-direction:column;max-width:100%;height:auto;margin:0}.wp-block-uagb-image__figure img{height:auto;display:flex;max-width:100%;transition:box-shadow .2s ease}.wp-block-uagb-image__figure>a{display:inline-block}.wp-block-uagb-image__figure figcaption{text-align:center;margin-top:.5em;margin-bottom:1em}.wp-block-uagb-image .components-placeholder.block-editor-media-placeholder .components-placeholder__instructions{align-self:center}.wp-block-uagb-image--align-left{text-align:left}.wp-block-uagb-image--align-right{text-align:right}.wp-block-uagb-image--align-center{text-align:center}.wp-block-uagb-image--align-full .wp-block-uagb-image__figure{margin-left:calc(50% - 50vw);margin-right:calc(50% - 50vw);max-width:100vw;width:100vw;height:auto}.wp-block-uagb-image--align-full .wp-block-uagb-image__figure img{height:auto;width:100% !important}.wp-block-uagb-image--align-wide .wp-block-uagb-image__figure img{height:auto;width:100%}.wp-block-uagb-image--layout-overlay__color-wrapper{position:absolute;left:0;top:0;right:0;bottom:0;opacity:.2;background:rgba(0,0,0,.5);transition:opacity .35s ease-in-out}.wp-block-uagb-image--layout-overlay-link{position:absolute;left:0;right:0;bottom:0;top:0}.wp-block-uagb-image--layout-overlay .wp-block-uagb-image__figure:hover .wp-block-uagb-image--layout-overlay__color-wrapper{opacity:1}.wp-block-uagb-image--layout-overlay__inner{position:absolute;left:15px;right:15px;bottom:15px;top:15px;display:flex;align-items:center;justify-content:center;flex-direction:column;border-color:#fff;transition:.35s ease-in-out}.wp-block-uagb-image--layout-overlay__inner.top-left,.wp-block-uagb-image--layout-overlay__inner.top-center,.wp-block-uagb-image--layout-overlay__inner.top-right{justify-content:flex-start}.wp-block-uagb-image--layout-overlay__inner.bottom-left,.wp-block-uagb-image--layout-overlay__inner.bottom-center,.wp-block-uagb-image--layout-overlay__inner.bottom-right{justify-content:flex-end}.wp-block-uagb-image--layout-overlay__inner.top-left,.wp-block-uagb-image--layout-overlay__inner.center-left,.wp-block-uagb-image--layout-overlay__inner.bottom-left{align-items:flex-start}.wp-block-uagb-image--layout-overlay__inner.top-right,.wp-block-uagb-image--layout-overlay__inner.center-right,.wp-block-uagb-image--layout-overlay__inner.bottom-right{align-items:flex-end}.wp-block-uagb-image--layout-overlay__inner .uagb-image-heading{color:#fff;transition:transform .35s,opacity .35s ease-in-out;transform:translate3d(0, 24px, 0);margin:0;line-height:1em}.wp-block-uagb-image--layout-overlay__inner .uagb-image-separator{width:30%;border-top-width:2px;border-top-color:#fff;border-top-style:solid;margin-bottom:10px;opacity:0;transition:transform .4s,opacity .4s ease-in-out;transform:translate3d(0, 30px, 0)}.wp-block-uagb-image--layout-overlay__inner .uagb-image-caption{opacity:0;overflow:visible;color:#fff;transition:transform .45s,opacity .45s ease-in-out;transform:translate3d(0, 35px, 0)}.wp-block-uagb-image--layout-overlay__inner:hover .uagb-image-heading,.wp-block-uagb-image--layout-overlay__inner:hover .uagb-image-separator,.wp-block-uagb-image--layout-overlay__inner:hover .uagb-image-caption{opacity:1;transform:translate3d(0, 0, 0)}.wp-block-uagb-image--effect-zoomin .wp-block-uagb-image__figure img,.wp-block-uagb-image--effect-zoomin .wp-block-uagb-image__figure .wp-block-uagb-image--layout-overlay__color-wrapper{transform:scale(1);transition:transform .35s ease-in-out}.wp-block-uagb-image--effect-zoomin .wp-block-uagb-image__figure:hover img,.wp-block-uagb-image--effect-zoomin .wp-block-uagb-image__figure:hover .wp-block-uagb-image--layout-overlay__color-wrapper{transform:scale(1.05)}.wp-block-uagb-image--effect-slide .wp-block-uagb-image__figure img,.wp-block-uagb-image--effect-slide .wp-block-uagb-image__figure .wp-block-uagb-image--layout-overlay__color-wrapper{width:calc(100% + 40px) !important;max-width:none !important;transform:translate3d(-40px, 0, 0);transition:transform .35s ease-in-out}.wp-block-uagb-image--effect-slide .wp-block-uagb-image__figure:hover img,.wp-block-uagb-image--effect-slide .wp-block-uagb-image__figure:hover .wp-block-uagb-image--layout-overlay__color-wrapper{transform:translate3d(0, 0, 0)}.wp-block-uagb-image--effect-grayscale img{filter:grayscale(0%);transition:.35s ease-in-out}.wp-block-uagb-image--effect-grayscale:hover img{filter:grayscale(100%)}.wp-block-uagb-image--effect-blur img{filter:blur(0);transition:.35s ease-in-out}.wp-block-uagb-image--effect-blur:hover img{filter:blur(3px)}.uagb-block-e6f939b3.wp-block-uagb-image--layout-default figure img{box-shadow: 0px 0px 0 #00000070;}.uagb-block-e6f939b3.wp-block-uagb-image .wp-block-uagb-image__figure figcaption{font-style: normal;align-self: center;}.uagb-block-e6f939b3.wp-block-uagb-image--layout-overlay figure img{box-shadow: 0px 0px 0 #00000070;}.uagb-block-e6f939b3.wp-block-uagb-image--layout-overlay .wp-block-uagb-image--layout-overlay__color-wrapper{opacity: 0.2;}.uagb-block-e6f939b3.wp-block-uagb-image--layout-overlay .wp-block-uagb-image--layout-overlay__inner{left: 15px;right: 15px;top: 15px;bottom: 15px;}.uagb-block-e6f939b3.wp-block-uagb-image--layout-overlay .wp-block-uagb-image--layout-overlay__inner .uagb-image-heading{font-style: normal;color: #fff;opacity: 1;}.uagb-block-e6f939b3.wp-block-uagb-image--layout-overlay .wp-block-uagb-image--layout-overlay__inner .uagb-image-heading a{color: #fff;}.uagb-block-e6f939b3.wp-block-uagb-image--layout-overlay .wp-block-uagb-image--layout-overlay__inner .uagb-image-caption{opacity: 0;}.uagb-block-e6f939b3.wp-block-uagb-image--layout-overlay .wp-block-uagb-image__figure:hover .wp-block-uagb-image--layout-overlay__color-wrapper{opacity: 1;}.uagb-block-e6f939b3.wp-block-uagb-image .wp-block-uagb-image--layout-overlay__inner .uagb-image-separator{width: 30%;border-top-width: 2px;border-top-color: #fff;opacity: 0;}.uagb-block-e6f939b3.wp-block-uagb-image .wp-block-uagb-image__figure img{width: px;height: auto;}.uagb-block-e6f939b3.wp-block-uagb-image .wp-block-uagb-image__figure:hover .wp-block-uagb-image--layout-overlay__inner .uagb-image-caption{opacity: 1;}.uagb-block-e6f939b3.wp-block-uagb-image .wp-block-uagb-image__figure:hover .wp-block-uagb-image--layout-overlay__inner .uagb-image-separator{opacity: 1;}.uagb-block-e6f939b3.wp-block-uagb-image--layout-default figure:hover img{box-shadow: 0px 0px 0 #00000070;}.uagb-block-e6f939b3.wp-block-uagb-image--layout-overlay figure:hover img{box-shadow: 0px 0px 0 #00000070;}@media only screen and (max-width: 976px) {.uagb-block-e6f939b3.wp-block-uagb-image .wp-block-uagb-image__figure img{width: px;height: auto;}}@media only screen and (max-width: 767px) {.uagb-block-e6f939b3.wp-block-uagb-image .wp-block-uagb-image__figure img{width: px;height: auto;}}\";s:2:\"js\";s:0:\"\";s:18:\"current_block_list\";a:13:{i:0;s:11:\"core\/search\";i:1;s:10:\"core\/group\";i:2;s:12:\"core\/heading\";i:3;s:17:\"core\/latest-posts\";i:4;s:20:\"core\/latest-comments\";i:5;s:13:\"core\/archives\";i:6;s:15:\"core\/categories\";i:7;s:14:\"core\/paragraph\";i:8;s:10:\"uagb\/image\";i:9;s:11:\"core\/spacer\";i:10;s:30:\"woocommerce\/product-categories\";i:11;s:10:\"core\/image\";i:12;s:14:\"core\/shortcode\";}s:8:\"uag_flag\";b:1;s:11:\"uag_version\";s:10:\"1777094698\";s:6:\"gfonts\";a:0:{}s:10:\"gfonts_url\";s:0:\"\";s:12:\"gfonts_files\";a:0:{}s:14:\"uag_faq_layout\";b:0;}"]},"uagb_featured_image_src":{"full":["https:\/\/www.ferberpainting.com\/wp-content\/uploads\/2025\/05\/Glass-Water-Repellent-5L.png",2560,2560,false],"thumbnail":["https:\/\/www.ferberpainting.com\/wp-content\/uploads\/2025\/05\/Glass-Water-Repellent-5L-150x150.png",150,150,true],"medium":["https:\/\/www.ferberpainting.com\/wp-content\/uploads\/2025\/05\/Glass-Water-Repellent-5L-300x300.png",300,300,true],"medium_large":["https:\/\/www.ferberpainting.com\/wp-content\/uploads\/2025\/05\/Glass-Water-Repellent-5L-768x768.png",768,768,true],"large":["https:\/\/www.ferberpainting.com\/wp-content\/uploads\/2025\/05\/Glass-Water-Repellent-5L-1024x1024.png",1024,1024,true],"1536x1536":["https:\/\/www.ferberpainting.com\/wp-content\/uploads\/2025\/05\/Glass-Water-Repellent-5L-1536x1536.png",1536,1536,true],"2048x2048":["https:\/\/www.ferberpainting.com\/wp-content\/uploads\/2025\/05\/Glass-Water-Repellent-5L-2048x2048.png",2048,2048,true],"trp-custom-language-flag":["https:\/\/www.ferberpainting.com\/wp-content\/uploads\/2025\/05\/Glass-Water-Repellent-5L-12x12.png",12,12,true],"woocommerce_thumbnail":["https:\/\/www.ferberpainting.com\/wp-content\/uploads\/2025\/05\/Glass-Water-Repellent-5L-300x300.png",300,300,true],"woocommerce_single":["https:\/\/www.ferberpainting.com\/wp-content\/uploads\/2025\/05\/Glass-Water-Repellent-5L-600x600.png",600,600,true],"woocommerce_gallery_thumbnail":["https:\/\/www.ferberpainting.com\/wp-content\/uploads\/2025\/05\/Glass-Water-Repellent-5L-100x100.png",100,100,true]},"uagb_author_info":{"display_name":"admin","author_link":"https:\/\/www.ferberpainting.com\/ee\/author\/"},"uagb_comment_info":10,"uagb_excerpt":"Protection and Optimal Efficiency.\u00a0This glass water repellent is specially formulated to provide long-lasting protection against water, rain, snow, and dirt. Its innovative formula creates an invisible barrier on glass, preventing water droplets from sticking and promoting quick runoff. By reducing residue build-up, it improves visibility in all conditions and makes glass surfaces easier to maintain.&hellip;","_links":{"self":[{"href":"https:\/\/www.ferberpainting.com\/ee\/wp-json\/wp\/v2\/product\/23487","targetHints":{"allow":["GET"]}}],"collection":[{"href":"https:\/\/www.ferberpainting.com\/ee\/wp-json\/wp\/v2\/product"}],"about":[{"href":"https:\/\/www.ferberpainting.com\/ee\/wp-json\/wp\/v2\/types\/product"}],"replies":[{"embeddable":true,"href":"https:\/\/www.ferberpainting.com\/ee\/wp-json\/wp\/v2\/comments?post=23487"}],"version-history":[{"count":4,"href":"https:\/\/www.ferberpainting.com\/ee\/wp-json\/wp\/v2\/product\/23487\/revisions"}],"predecessor-version":[{"id":166175,"href":"https:\/\/www.ferberpainting.com\/ee\/wp-json\/wp\/v2\/product\/23487\/revisions\/166175"}],"wp:featuredmedia":[{"embeddable":true,"href":"https:\/\/www.ferberpainting.com\/ee\/wp-json\/wp\/v2\/media\/36359"}],"wp:attachment":[{"href":"https:\/\/www.ferberpainting.com\/ee\/wp-json\/wp\/v2\/media?parent=23487"}],"wp:term":[{"taxonomy":"product_brand","embeddable":true,"href":"https:\/\/www.ferberpainting.com\/ee\/wp-json\/wp\/v2\/product_brand?post=23487"},{"taxonomy":"product_cat","embeddable":true,"href":"https:\/\/www.ferberpainting.com\/ee\/wp-json\/wp\/v2\/product_cat?post=23487"},{"taxonomy":"product_tag","embeddable":true,"href":"https:\/\/www.ferberpainting.com\/ee\/wp-json\/wp\/v2\/product_tag?post=23487"}],"curies":[{"name":"wp","href":"https:\/\/api.w.org\/{rel}","templated":true}]}}