{"id":23480,"date":"2025-05-26T10:24:21","date_gmt":"2025-05-26T08:24:21","guid":{"rendered":"https:\/\/www.ferberpainting.com\/products\/garden-and-vegetable-fertilizer\/"},"modified":"2026-02-15T14:18:46","modified_gmt":"2026-02-15T13:18:46","slug":"garden-and-vegetable-fertilizer","status":"publish","type":"product","link":"https:\/\/www.ferberpainting.com\/ee\/products\/garden-and-vegetable-fertilizer\/","title":{"rendered":"Aia- ja k\u00f6\u00f6giviljade v\u00e4etis 25 kg"},"content":{"rendered":"<p><img decoding=\"async\" style=\"margin-right: 12px;\" src=\"https:\/\/www.ferberpainting.com\/wp-content\/uploads\/2026\/02\/Check.svg\" alt=\"\" width=\"18\" height=\"15\" \/><strong>T\u00e4ielik v\u00e4etis tootliku k\u00f6\u00f6giviljaaia ja \u00f5itsva aia jaoks.<\/strong>\u00a0See spetsiaalselt k\u00f6\u00f6giviljade, puuviljade ja aiataimede jaoks m\u00f5eldud v\u00e4etis pakub tasakaalustatud l\u00e4mmastiku (N), fosfori (P) ja kaaliumi (K) NPK 10-10-10 valemiga. See soodustab j\u00f5ulist kasvu, rikkalikku saaki ning paremat vastupanuv\u00f5imet haigustele ja klimaatilistele ohtudele.<\/p>\n<p><img decoding=\"async\" style=\"margin-right: 12px;\" src=\"https:\/\/www.ferberpainting.com\/wp-content\/uploads\/2026\/02\/Check.svg\" alt=\"\" width=\"18\" height=\"15\" \/><strong>Raha tagasi garantii.<\/strong>\u00a0Oleme kindlad meie v\u00e4etise t\u00f5hususes ja garanteerime t\u00e4ieliku tagasimakse, kui te ei ole p\u00e4rast n\u00f5uetekohast kasutamist vastavalt soovitustele tulemustega rahul. Teie rahulolu ja teie k\u00f6\u00f6giviljaaia edu on meie peamine prioriteet.<\/p>\n<p><img decoding=\"async\" style=\"margin-right: 12px;\" src=\"https:\/\/www.ferberpainting.com\/wp-content\/uploads\/2026\/02\/Check.svg\" alt=\"\" width=\"18\" height=\"15\" \/><strong>Sobib igat liiki p\u00f5llukultuuride kasvatamiseks.<\/strong>\u00a0See v\u00e4etis sobib k\u00f5ikidele k\u00f6\u00f6giviljakultuuridele, sealhulgas tomatitele, suvik\u00f5rvitsatele, salatitele, porganditele, kapsale, kartulitele, ubadele, redistele ja maitsetaimedele nagu basiilik ja petersell. See sobib ideaalselt ka dekoratiivsete taimede, p\u00f5\u00f5saste ja aialillede jaoks, pakkudes optimaalseks arenguks vajalikke toitaineid.<\/p>\n<p><img decoding=\"async\" style=\"margin-right: 12px;\" src=\"https:\/\/www.ferberpainting.com\/wp-content\/uploads\/2026\/02\/Check.svg\" alt=\"\" width=\"18\" height=\"15\" \/><strong>Suurep\u00e4rane majanduslik tootlus.<\/strong>\u00a0\u00dcks 25 kg kott v\u00e4etist v\u00f5ib katta m\u00e4rkimisv\u00e4\u00e4rse osa teie aiast. T\u00e4nu optimaalsele doseerimisele aitab see saavutada rikkalikku saaki, piirates samal ajal sisendeid. Seda kasutatakse ilma lahjendamiseta, mis tagab kiire ja lihtsa pealekandmise, tagades samas j\u00e4tkusuutliku ja t\u00f5husa v\u00e4etamise.<\/p>\n<p><img decoding=\"async\" style=\"margin-right: 12px;\" src=\"https:\/\/www.ferberpainting.com\/wp-content\/uploads\/2026\/02\/Check.svg\" alt=\"\" width=\"18\" height=\"15\" \/><strong>Ohutu toode mullale ja taimedele.<\/strong>\u00a0See v\u00e4etis on loodud keskkonnahoidlikuks ja ei sisalda kahjulikke keemiatooteid. See soodustab mulla mikroobset elu, parandades seel\u00e4bi pikaajaliselt selle struktuuri ja viljakust. See on ohutu s\u00f6\u00f6davate kultuuride jaoks, tagades tervislikud ja maitsvad puu- ja k\u00f6\u00f6giviljad.<\/p>\n<p><img decoding=\"async\" style=\"margin-right: 12px;\" src=\"https:\/\/www.ferberpainting.com\/wp-content\/uploads\/2026\/02\/Check.svg\" alt=\"\" width=\"18\" height=\"15\" \/><strong>Lihtne ja kiire rakendus.<\/strong>\u00a0Erinevalt vedelv\u00e4etistest, mis n\u00f5uavad t\u00e4pset doseerimist ja lahjendamist, levib see v\u00e4etis otse pinnasesse, v\u00e4hendades seega ettevalmistusaega ja lihtsustades selle kasutamist. Seda saab manuaalselt v\u00f5i laoturiga kasutada, s\u00f5ltuvalt teie aia v\u00f5i k\u00f6\u00f6giviljapargi suurusest.<\/p>\n<p><img decoding=\"async\" style=\"margin-right: 12px;\" src=\"https:\/\/www.ferberpainting.com\/wp-content\/uploads\/2026\/02\/Check.svg\" alt=\"\" width=\"18\" height=\"15\" \/><strong>J\u00e4tkusuutlik tegevus rikkaliku saagi saamiseks.<\/strong>\u00a0T\u00e4nu aeglasele vabanemisele tagab see v\u00e4etis taimede pideva toitumise, v\u00e4hendades seega toitainete puuduse ohtu. See stimuleerib juurte kasvu, suurendab vastupanuv\u00f5imet haigustele ning parandab saagi kvaliteeti ja maitset.<\/p>\n<p><img decoding=\"async\" style=\"margin-right: 12px;\" src=\"https:\/\/www.ferberpainting.com\/wp-content\/uploads\/2026\/02\/Check.svg\" alt=\"\" width=\"18\" height=\"15\" \/><strong>N\u00e4htavad tulemused esimeste n\u00e4dalate jooksul.<\/strong>\u00a0P\u00e4rast paarin\u00e4dalast kasutamist m\u00e4rkate kiiremat kasvu, tihedamat lehestikku ning maitsvamaid ja v\u00e4rvilisemaid puu- ja k\u00f6\u00f6givilju. Tasakaalustatud toitainetega varustamine soodustab rikkalikku ja kvaliteetset saaki.<\/p>\n<h2><strong>Kasutamise protokoll<\/strong><\/h2>\n<p><strong>Soovitatav annus <\/strong>:<\/p>\n<ul>\n<li><strong>K\u00f6\u00f6giviljaaiad (tomatid, suvik\u00f5rvitsad, salatid, porgandid jne.) <\/strong>: Kandke 100 g m\u00b2 kohta hooaja alguses ja korrake iga 4 n\u00e4dala tagant, et tagada pidev kasvamine.<\/li>\n<li><strong>P\u00f5\u00f5sad ja viljapuud (\u00f5unapuud, pirnipuud, kirsipuud jne). <\/strong>: Kandke 200 g puu kohta, hajutades seda h\u00e4sti \u00fcmber t\u00fcve, seej\u00e4rel kastke, et soodustada toitainete sissetungi.<\/li>\n<li><strong>\u00d5itsvad ja dekoratiivsed taimed<\/strong>: Lisage 80 g m\u00b2 kohta enne istutamist v\u00f5i hooldust\u00f6\u00f6del kord kuus.<\/li>\n<\/ul>\n<p><strong>Rakendamise sagedus <\/strong>:<\/p>\n<ul>\n<li><strong>Kevadel<\/strong>: Kasutage v\u00e4etist mulla ettevalmistamisel, enne k\u00fclvi v\u00f5i istutamist, et soodustada head juurdumist ja kiiret esialgset kasvu.<\/li>\n<li><strong>Suvel<\/strong>: Korrake iga 4-6 n\u00e4dala tagant, eriti kiiresti kasvavate k\u00f6\u00f6giviljade, nagu salat ja redis, puhul.<\/li>\n<li><strong>S\u00fcgisel<\/strong>: Kasutage mulla ettevalmistamiseks taliviljade kasvatamiseks v\u00f5i mitmeaastaste taimede ja p\u00f5\u00f5saste tugevdamiseks enne k\u00fclmaperioodi.<\/li>\n<\/ul>\n<p><strong>Rakendusmeetod <\/strong>:<\/p>\n<ul>\n<li>Levitage otse pinnasele, tagades, et graanulid on \u00fchtlaselt jaotunud.<\/li>\n<li>Mulla sisse segada kergelt harja v\u00f5i kobestajaga, et soodustada juurte imendumist.<\/li>\n<li>Kastke p\u00e4rast kasutamist, et aktiveerida toitainete vabanemine ja tagada nende kiire omastamine taimede poolt.<\/li>\n<\/ul>\n<p><strong>Ettevaatusabin\u00f5ud kasutamisel <\/strong>:<\/p>\n<ul>\n<li>\u00c4rge doseerige liigset l\u00e4mmastikku, mis v\u00f5ib soodustada liigset lehtede kasvu, mis kahjustab puu- ja k\u00f6\u00f6givilju.<\/li>\n<li>V\u00e4ltige v\u00e4etiste laotamist \u00e4\u00e4rmise p\u00f5ua ajal, v\u00e4lja arvatud juhul, kui p\u00e4rast laotamist on kavas kastmist.<\/li>\n<li>S\u00e4ilitage kuivas ja h\u00e4sti suletud kohas, et s\u00e4ilitada v\u00e4etamisomadused ja v\u00e4ltida niiskust.<\/li>\n<\/ul>\n<p>T\u00e4nu sellele v\u00e4etisele k\u00f6\u00f6giviljaaedadele, koduaedadele ja p\u00f5llukultuuridele tagatakse rikkalik saak, tervislik kasv ja viljakas muld aastaringselt. Selle tasakaalustatud koostis tagab p\u00f5llukultuuride harmoonilise arengu, pakkudes k\u00f5iki vajalikke toitaineid, mida teie aed vajab.<\/p>","protected":false},"excerpt":{"rendered":"<p>A complete fertilizer for a productive vegetable garden and a flourishing garden.\u00a0This fertilizer specially designed for vegetables, fruits, and garden plants provides a balanced supply of nitrogen (N), phosphorus (P), and potassium (K) with an NPK 10-10-10 formula. It promotes vigorous growth, abundant harvests, and better resistance to diseases and climatic hazards. Money-back guarantee.\u00a0We are [&hellip;]<\/p>\n","protected":false},"featured_media":26005,"comment_status":"open","ping_status":"closed","template":"","meta":{"_uag_custom_page_level_css":"","site-sidebar-layout":"default","site-content-layout":"","ast-site-content-layout":"default","site-content-style":"default","site-sidebar-style":"default","ast-global-header-display":"","ast-banner-title-visibility":"","ast-main-header-display":"","ast-hfb-above-header-display":"","ast-hfb-below-header-display":"","ast-hfb-mobile-header-display":"","site-post-title":"","ast-breadcrumbs-content":"","ast-featured-img":"","footer-sml-layout":"","ast-disable-related-posts":"","theme-transparent-header-meta":"default","adv-header-id-meta":"","stick-header-meta":"","header-above-stick-meta":"","header-main-stick-meta":"","header-below-stick-meta":"","astra-migrate-meta-layouts":"set","ast-page-background-enabled":"default","ast-page-background-meta":{"desktop":{"background-color":"var(--ast-global-color-4)","background-image":"","background-repeat":"repeat","background-position":"center center","background-size":"auto","background-attachment":"scroll","background-type":"","background-media":"","overlay-type":"","overlay-color":"","overlay-opacity":"","overlay-gradient":""},"tablet":{"background-color":"","background-image":"","background-repeat":"repeat","background-position":"center center","background-size":"auto","background-attachment":"scroll","background-type":"","background-media":"","overlay-type":"","overlay-color":"","overlay-opacity":"","overlay-gradient":""},"mobile":{"background-color":"","background-image":"","background-repeat":"repeat","background-position":"center center","background-size":"auto","background-attachment":"scroll","background-type":"","background-media":"","overlay-type":"","overlay-color":"","overlay-opacity":"","overlay-gradient":""}},"ast-content-background-meta":{"desktop":{"background-color":"var(--ast-global-color-5)","background-image":"","background-repeat":"repeat","background-position":"center center","background-size":"auto","background-attachment":"scroll","background-type":"","background-media":"","overlay-type":"","overlay-color":"","overlay-opacity":"","overlay-gradient":""},"tablet":{"background-color":"var(--ast-global-color-5)","background-image":"","background-repeat":"repeat","background-position":"center center","background-size":"auto","background-attachment":"scroll","background-type":"","background-media":"","overlay-type":"","overlay-color":"","overlay-opacity":"","overlay-gradient":""},"mobile":{"background-color":"var(--ast-global-color-5)","background-image":"","background-repeat":"repeat","background-position":"center center","background-size":"auto","background-attachment":"scroll","background-type":"","background-media":"","overlay-type":"","overlay-color":"","overlay-opacity":"","overlay-gradient":""}}},"product_brand":[],"product_cat":[178],"product_tag":[],"class_list":{"0":"post-23480","1":"product","2":"type-product","3":"status-publish","4":"has-post-thumbnail","6":"product_cat-fertilizers","7":"desktop-align-left","8":"tablet-align-left","9":"mobile-align-left","11":"first","12":"instock","13":"taxable","14":"shipping-taxable","15":"purchasable","16":"product-type-simple"},"spectra_custom_meta":{"_visibility":["visible"],"_shopify_product_id":["9071376236789"],"_s2w_shopify_domain":["ferberpainting.myshopify.com"],"_shopify_variant_id":["46516204142837"],"_sku":["FPGARDENANDVEGETABLEFERTILIZER25KG"],"_regular_price":["39.90"],"_price":["39.90"],"_sale_price":[""],"_weight":["18.7"],"_thumbnail_id":["26005"],"_global_unique_id":["5056773817753"],"total_sales":["3"],"_tax_status":["taxable"],"_tax_class":[""],"_manage_stock":["no"],"_backorders":["no"],"_sold_individually":["no"],"_virtual":["no"],"_downloadable":["no"],"_download_limit":["-1"],"_download_expiry":["-1"],"_stock":[null],"_stock_status":["instock"],"_wc_average_rating":["5.00"],"_wc_review_count":["29"],"_product_version":["10.5.1"],"_edit_lock":["1771161388:1"],"_wc_rating_count":["a:1:{i:5;i:29;}"],"merchant-center-availability":["yes"],"merchant-center-category":["113"],"_edit_last":["1"],"_wp_page_template":["default"],"site-sidebar-layout":["default"],"ast-site-content-layout":["default"],"site-content-style":["default"],"site-sidebar-style":["default"],"theme-transparent-header-meta":["default"],"astra-migrate-meta-layouts":["set"],"_uag_css_file_name":["uag-css-23480.css"],"_elementor_page_assets":["a:0:{}"],"_uag_page_assets":["a:9:{s:3:\"css\";s:7133:\".uag-blocks-common-selector{z-index:var(--z-index-desktop) !important}@media(max-width: 976px){.uag-blocks-common-selector{z-index:var(--z-index-tablet) !important}}@media(max-width: 767px){.uag-blocks-common-selector{z-index:var(--z-index-mobile) !important}}.wp-block-uagb-image{display:flex}.wp-block-uagb-image__figure{position:relative;display:flex;flex-direction:column;max-width:100%;height:auto;margin:0}.wp-block-uagb-image__figure img{height:auto;display:flex;max-width:100%;transition:box-shadow .2s ease}.wp-block-uagb-image__figure>a{display:inline-block}.wp-block-uagb-image__figure figcaption{text-align:center;margin-top:.5em;margin-bottom:1em}.wp-block-uagb-image .components-placeholder.block-editor-media-placeholder .components-placeholder__instructions{align-self:center}.wp-block-uagb-image--align-left{text-align:left}.wp-block-uagb-image--align-right{text-align:right}.wp-block-uagb-image--align-center{text-align:center}.wp-block-uagb-image--align-full .wp-block-uagb-image__figure{margin-left:calc(50% - 50vw);margin-right:calc(50% - 50vw);max-width:100vw;width:100vw;height:auto}.wp-block-uagb-image--align-full .wp-block-uagb-image__figure img{height:auto;width:100% !important}.wp-block-uagb-image--align-wide .wp-block-uagb-image__figure img{height:auto;width:100%}.wp-block-uagb-image--layout-overlay__color-wrapper{position:absolute;left:0;top:0;right:0;bottom:0;opacity:.2;background:rgba(0,0,0,.5);transition:opacity .35s ease-in-out}.wp-block-uagb-image--layout-overlay-link{position:absolute;left:0;right:0;bottom:0;top:0}.wp-block-uagb-image--layout-overlay .wp-block-uagb-image__figure:hover .wp-block-uagb-image--layout-overlay__color-wrapper{opacity:1}.wp-block-uagb-image--layout-overlay__inner{position:absolute;left:15px;right:15px;bottom:15px;top:15px;display:flex;align-items:center;justify-content:center;flex-direction:column;border-color:#fff;transition:.35s ease-in-out}.wp-block-uagb-image--layout-overlay__inner.top-left,.wp-block-uagb-image--layout-overlay__inner.top-center,.wp-block-uagb-image--layout-overlay__inner.top-right{justify-content:flex-start}.wp-block-uagb-image--layout-overlay__inner.bottom-left,.wp-block-uagb-image--layout-overlay__inner.bottom-center,.wp-block-uagb-image--layout-overlay__inner.bottom-right{justify-content:flex-end}.wp-block-uagb-image--layout-overlay__inner.top-left,.wp-block-uagb-image--layout-overlay__inner.center-left,.wp-block-uagb-image--layout-overlay__inner.bottom-left{align-items:flex-start}.wp-block-uagb-image--layout-overlay__inner.top-right,.wp-block-uagb-image--layout-overlay__inner.center-right,.wp-block-uagb-image--layout-overlay__inner.bottom-right{align-items:flex-end}.wp-block-uagb-image--layout-overlay__inner .uagb-image-heading{color:#fff;transition:transform .35s,opacity .35s ease-in-out;transform:translate3d(0, 24px, 0);margin:0;line-height:1em}.wp-block-uagb-image--layout-overlay__inner .uagb-image-separator{width:30%;border-top-width:2px;border-top-color:#fff;border-top-style:solid;margin-bottom:10px;opacity:0;transition:transform .4s,opacity .4s ease-in-out;transform:translate3d(0, 30px, 0)}.wp-block-uagb-image--layout-overlay__inner .uagb-image-caption{opacity:0;overflow:visible;color:#fff;transition:transform .45s,opacity .45s ease-in-out;transform:translate3d(0, 35px, 0)}.wp-block-uagb-image--layout-overlay__inner:hover .uagb-image-heading,.wp-block-uagb-image--layout-overlay__inner:hover .uagb-image-separator,.wp-block-uagb-image--layout-overlay__inner:hover .uagb-image-caption{opacity:1;transform:translate3d(0, 0, 0)}.wp-block-uagb-image--effect-zoomin .wp-block-uagb-image__figure img,.wp-block-uagb-image--effect-zoomin .wp-block-uagb-image__figure .wp-block-uagb-image--layout-overlay__color-wrapper{transform:scale(1);transition:transform .35s ease-in-out}.wp-block-uagb-image--effect-zoomin .wp-block-uagb-image__figure:hover img,.wp-block-uagb-image--effect-zoomin .wp-block-uagb-image__figure:hover .wp-block-uagb-image--layout-overlay__color-wrapper{transform:scale(1.05)}.wp-block-uagb-image--effect-slide .wp-block-uagb-image__figure img,.wp-block-uagb-image--effect-slide .wp-block-uagb-image__figure .wp-block-uagb-image--layout-overlay__color-wrapper{width:calc(100% + 40px) !important;max-width:none !important;transform:translate3d(-40px, 0, 0);transition:transform .35s ease-in-out}.wp-block-uagb-image--effect-slide .wp-block-uagb-image__figure:hover img,.wp-block-uagb-image--effect-slide .wp-block-uagb-image__figure:hover .wp-block-uagb-image--layout-overlay__color-wrapper{transform:translate3d(0, 0, 0)}.wp-block-uagb-image--effect-grayscale img{filter:grayscale(0%);transition:.35s ease-in-out}.wp-block-uagb-image--effect-grayscale:hover img{filter:grayscale(100%)}.wp-block-uagb-image--effect-blur img{filter:blur(0);transition:.35s ease-in-out}.wp-block-uagb-image--effect-blur:hover img{filter:blur(3px)}.uagb-block-e6f939b3.wp-block-uagb-image--layout-default figure img{box-shadow: 0px 0px 0 #00000070;}.uagb-block-e6f939b3.wp-block-uagb-image .wp-block-uagb-image__figure figcaption{font-style: normal;align-self: center;}.uagb-block-e6f939b3.wp-block-uagb-image--layout-overlay figure img{box-shadow: 0px 0px 0 #00000070;}.uagb-block-e6f939b3.wp-block-uagb-image--layout-overlay .wp-block-uagb-image--layout-overlay__color-wrapper{opacity: 0.2;}.uagb-block-e6f939b3.wp-block-uagb-image--layout-overlay .wp-block-uagb-image--layout-overlay__inner{left: 15px;right: 15px;top: 15px;bottom: 15px;}.uagb-block-e6f939b3.wp-block-uagb-image--layout-overlay .wp-block-uagb-image--layout-overlay__inner .uagb-image-heading{font-style: normal;color: #fff;opacity: 1;}.uagb-block-e6f939b3.wp-block-uagb-image--layout-overlay .wp-block-uagb-image--layout-overlay__inner .uagb-image-heading a{color: #fff;}.uagb-block-e6f939b3.wp-block-uagb-image--layout-overlay .wp-block-uagb-image--layout-overlay__inner .uagb-image-caption{opacity: 0;}.uagb-block-e6f939b3.wp-block-uagb-image--layout-overlay .wp-block-uagb-image__figure:hover .wp-block-uagb-image--layout-overlay__color-wrapper{opacity: 1;}.uagb-block-e6f939b3.wp-block-uagb-image .wp-block-uagb-image--layout-overlay__inner .uagb-image-separator{width: 30%;border-top-width: 2px;border-top-color: #fff;opacity: 0;}.uagb-block-e6f939b3.wp-block-uagb-image .wp-block-uagb-image__figure img{width: px;height: auto;}.uagb-block-e6f939b3.wp-block-uagb-image .wp-block-uagb-image__figure:hover .wp-block-uagb-image--layout-overlay__inner .uagb-image-caption{opacity: 1;}.uagb-block-e6f939b3.wp-block-uagb-image .wp-block-uagb-image__figure:hover .wp-block-uagb-image--layout-overlay__inner .uagb-image-separator{opacity: 1;}.uagb-block-e6f939b3.wp-block-uagb-image--layout-default figure:hover img{box-shadow: 0px 0px 0 #00000070;}.uagb-block-e6f939b3.wp-block-uagb-image--layout-overlay figure:hover img{box-shadow: 0px 0px 0 #00000070;}@media only screen and (max-width: 976px) {.uagb-block-e6f939b3.wp-block-uagb-image .wp-block-uagb-image__figure img{width: px;height: auto;}}@media only screen and (max-width: 767px) {.uagb-block-e6f939b3.wp-block-uagb-image .wp-block-uagb-image__figure img{width: px;height: auto;}}\";s:2:\"js\";s:0:\"\";s:18:\"current_block_list\";a:13:{i:0;s:11:\"core\/search\";i:1;s:10:\"core\/group\";i:2;s:12:\"core\/heading\";i:3;s:17:\"core\/latest-posts\";i:4;s:20:\"core\/latest-comments\";i:5;s:13:\"core\/archives\";i:6;s:15:\"core\/categories\";i:7;s:14:\"core\/paragraph\";i:8;s:10:\"uagb\/image\";i:9;s:11:\"core\/spacer\";i:10;s:30:\"woocommerce\/product-categories\";i:11;s:10:\"core\/image\";i:12;s:14:\"core\/shortcode\";}s:8:\"uag_flag\";b:1;s:11:\"uag_version\";s:10:\"1777197173\";s:6:\"gfonts\";a:0:{}s:10:\"gfonts_url\";s:0:\"\";s:12:\"gfonts_files\";a:0:{}s:14:\"uag_faq_layout\";b:0;}"]},"uagb_featured_image_src":{"full":["https:\/\/www.ferberpainting.com\/wp-content\/uploads\/2025\/05\/GardenandVegetableFertilizer02.png",2560,2560,false],"thumbnail":["https:\/\/www.ferberpainting.com\/wp-content\/uploads\/2025\/05\/GardenandVegetableFertilizer02-150x150.png",150,150,true],"medium":["https:\/\/www.ferberpainting.com\/wp-content\/uploads\/2025\/05\/GardenandVegetableFertilizer02-300x300.png",300,300,true],"medium_large":["https:\/\/www.ferberpainting.com\/wp-content\/uploads\/2025\/05\/GardenandVegetableFertilizer02-768x768.png",768,768,true],"large":["https:\/\/www.ferberpainting.com\/wp-content\/uploads\/2025\/05\/GardenandVegetableFertilizer02-1024x1024.png",1024,1024,true],"1536x1536":["https:\/\/www.ferberpainting.com\/wp-content\/uploads\/2025\/05\/GardenandVegetableFertilizer02-1536x1536.png",1536,1536,true],"2048x2048":["https:\/\/www.ferberpainting.com\/wp-content\/uploads\/2025\/05\/GardenandVegetableFertilizer02-2048x2048.png",2048,2048,true],"trp-custom-language-flag":["https:\/\/www.ferberpainting.com\/wp-content\/uploads\/2025\/05\/GardenandVegetableFertilizer02-12x12.png",12,12,true],"woocommerce_thumbnail":["https:\/\/www.ferberpainting.com\/wp-content\/uploads\/2025\/05\/GardenandVegetableFertilizer02-300x300.png",300,300,true],"woocommerce_single":["https:\/\/www.ferberpainting.com\/wp-content\/uploads\/2025\/05\/GardenandVegetableFertilizer02-600x600.png",600,600,true],"woocommerce_gallery_thumbnail":["https:\/\/www.ferberpainting.com\/wp-content\/uploads\/2025\/05\/GardenandVegetableFertilizer02-100x100.png",100,100,true]},"uagb_author_info":{"display_name":"admin","author_link":"https:\/\/www.ferberpainting.com\/ee\/author\/"},"uagb_comment_info":29,"uagb_excerpt":"A complete fertilizer for a productive vegetable garden and a flourishing garden.\u00a0This fertilizer specially designed for vegetables, fruits, and garden plants provides a balanced supply of nitrogen (N), phosphorus (P), and potassium (K) with an NPK 10-10-10 formula. It promotes vigorous growth, abundant harvests, and better resistance to diseases and climatic hazards. Money-back guarantee.\u00a0We are&hellip;","_links":{"self":[{"href":"https:\/\/www.ferberpainting.com\/ee\/wp-json\/wp\/v2\/product\/23480","targetHints":{"allow":["GET"]}}],"collection":[{"href":"https:\/\/www.ferberpainting.com\/ee\/wp-json\/wp\/v2\/product"}],"about":[{"href":"https:\/\/www.ferberpainting.com\/ee\/wp-json\/wp\/v2\/types\/product"}],"replies":[{"embeddable":true,"href":"https:\/\/www.ferberpainting.com\/ee\/wp-json\/wp\/v2\/comments?post=23480"}],"version-history":[{"count":6,"href":"https:\/\/www.ferberpainting.com\/ee\/wp-json\/wp\/v2\/product\/23480\/revisions"}],"predecessor-version":[{"id":166171,"href":"https:\/\/www.ferberpainting.com\/ee\/wp-json\/wp\/v2\/product\/23480\/revisions\/166171"}],"wp:featuredmedia":[{"embeddable":true,"href":"https:\/\/www.ferberpainting.com\/ee\/wp-json\/wp\/v2\/media\/26005"}],"wp:attachment":[{"href":"https:\/\/www.ferberpainting.com\/ee\/wp-json\/wp\/v2\/media?parent=23480"}],"wp:term":[{"taxonomy":"product_brand","embeddable":true,"href":"https:\/\/www.ferberpainting.com\/ee\/wp-json\/wp\/v2\/product_brand?post=23480"},{"taxonomy":"product_cat","embeddable":true,"href":"https:\/\/www.ferberpainting.com\/ee\/wp-json\/wp\/v2\/product_cat?post=23480"},{"taxonomy":"product_tag","embeddable":true,"href":"https:\/\/www.ferberpainting.com\/ee\/wp-json\/wp\/v2\/product_tag?post=23480"}],"curies":[{"name":"wp","href":"https:\/\/api.w.org\/{rel}","templated":true}]}}