{"id":23459,"date":"2025-07-01T13:23:26","date_gmt":"2025-07-01T11:23:26","guid":{"rendered":"https:\/\/www.ferberpainting.com\/?post_type=product&#038;p=23456"},"modified":"2026-02-15T14:12:30","modified_gmt":"2026-02-15T13:12:30","slug":"floor-water-repellent","status":"publish","type":"product","link":"https:\/\/www.ferberpainting.com\/ee\/products\/floor-water-repellent\/","title":{"rendered":"Veeh\u00fclgav p\u00f5randatoode"},"content":{"rendered":"<p><img decoding=\"async\" style=\"margin-right: 12px;\" src=\"https:\/\/www.ferberpainting.com\/wp-content\/uploads\/2026\/02\/Check.svg\" alt=\"\" width=\"18\" height=\"15\" \/><strong>Niiskuskaitse.<\/strong>\u00a0P\u00f5randate h\u00fcdroprofiil on spetsiaalselt koostatud toode, mis kaitseb pindu vee ja niiskuse sissetungi eest. See t\u00f6\u00f6tlusvahend sobib ideaalselt nii v\u00e4lis- kui ka sisep\u00f5randatele, eriti sellistele, mis puutuvad kokku ebasoodsate ilmastikuolude v\u00f5i k\u00f5rge niiskusega, nagu terrassid, r\u00f5dud, keldrid v\u00f5i garaa\u017eid. Veet\u00f5rjevahendi pealekandmisega loote n\u00e4htamatu barj\u00e4\u00e4ri, mis takistab vee sissetungimist, s\u00e4ilitades samal ajal materjali hingavuse, tagades seega p\u00f5randate pika eluea.<\/p>\n<p><img decoding=\"async\" style=\"margin-right: 12px;\" src=\"https:\/\/www.ferberpainting.com\/wp-content\/uploads\/2026\/02\/Check.svg\" alt=\"\" width=\"18\" height=\"15\" \/><strong>Raha tagasi garantii.<\/strong>\u00a0Oleme t\u00e4iesti veendunud meie p\u00f5randate h\u00fcdroprofiili t\u00f5hususes. Seep\u00e4rast pakume rahulolu- v\u00f5i tagasimaksegarantiid. Kui te ei ole tulemustega t\u00e4ielikult rahul, v\u00f5ite taotleda t\u00e4ielikku tagasimakset. See v\u00f5imaldab teil proovida toodet ilma riskita, olles kindel, et te ei kaota oma investeeringut, kui tulemused ei vasta teie ootustele.<\/p>\n<p><img decoding=\"async\" style=\"margin-right: 12px;\" src=\"https:\/\/www.ferberpainting.com\/wp-content\/uploads\/2026\/02\/Check.svg\" alt=\"\" width=\"18\" height=\"15\" \/><strong>Sobib erinevate p\u00f5randat\u00fc\u00fcpidega.<\/strong>\u00a0P\u00f5randate h\u00fcdroprofiil on mitmek\u00fclgne toode, mis sobib mitmesugustele p\u00f5randamaterjalidele, n\u00e4iteks betoonile, tsemendile, plaatidele, sillutistele, m\u00f6rdile ja isegi looduskivip\u00f5randatele. S\u00f5ltumata p\u00f5randat\u00fc\u00fcbist tagab see toode t\u00f5husa kaitse niiskuse, vee sissetungi ja plekkide eest. Seet\u00f5ttu on see ideaalne lahendus paljudeks renoveerimis- v\u00f5i ehitusprojektideks.<\/p>\n<p><img decoding=\"async\" style=\"margin-right: 12px;\" src=\"https:\/\/www.ferberpainting.com\/wp-content\/uploads\/2026\/02\/Check.svg\" alt=\"\" width=\"18\" height=\"15\" \/><strong>\u00d6konoomne j\u00f5udlus.<\/strong>\u00a0See toode pakub suurep\u00e4rast majanduslikku v\u00e4\u00e4rtust. Keskmiselt katab \u00fcks liiter p\u00f5randavett 8-12 m\u00b2, s\u00f5ltuvalt t\u00f6\u00f6deldava pinna poorsusest. See t\u00e4hendab, et 5-liitrise mahutiga saab katta 40-60 m\u00b2, mis teeb sellest kulut\u00f5husa lahenduse suurte pindade t\u00f6\u00f6tlemiseks. Suured pindalad saab t\u00f6\u00f6delda suhteliselt v\u00e4ikese tootekogusega, mis v\u00e4hendab pikaajalisi kulusid.<\/p>\n<p><img decoding=\"async\" style=\"margin-right: 12px;\" src=\"https:\/\/www.ferberpainting.com\/wp-content\/uploads\/2026\/02\/Check.svg\" alt=\"\" width=\"18\" height=\"15\" \/><strong>Mittetoksiline.<\/strong>\u00a0P\u00f5randakattematerjal on kavandatud nii, et see oleks ohutu keskkonnale ja tervisele. See ei sisalda m\u00fcrgiseid aineid ega ohtlikke kemikaale, mist\u00f5ttu sobib see eriti h\u00e4sti nii sise- kui ka v\u00e4litingimustes kasutamiseks. V\u00f5ite toodet kindlalt ja ohutult kasutada, muretsemata kahjulike aurude p\u00e4rast oma elu- v\u00f5i t\u00f6\u00f6ruumides.<\/p>\n<p><img decoding=\"async\" style=\"margin-right: 12px;\" src=\"https:\/\/www.ferberpainting.com\/wp-content\/uploads\/2026\/02\/Check.svg\" alt=\"\" width=\"18\" height=\"15\" \/><strong>Lihtne kasutada.<\/strong>\u00a0See toode on kasutusvalmis ja ei vaja lahjendamist. Selle kasutamine on lihtne ja kiire. Lihtsalt pihustage seda v\u00f5i kandke see pintsli v\u00f5i rulli abil \u00fchtlaselt pinnale. Selle vedel tekstuur v\u00f5imaldab tungida s\u00fcgavale materjalide pooridesse, tagades t\u00f5husa kaitse vaevata. Selle toote kasutamiseks ei pea olema professionaal, mis teeb selle toote k\u00f5igile k\u00e4ttesaadavaks.<\/p>\n<p><img decoding=\"async\" style=\"margin-right: 12px;\" src=\"https:\/\/www.ferberpainting.com\/wp-content\/uploads\/2026\/02\/Check.svg\" alt=\"\" width=\"18\" height=\"15\" \/><strong>Vastupidav kaitse.<\/strong>\u00a0P\u00e4rast pealekandmist loob p\u00f5randakattematerjal kaitsva barj\u00e4\u00e4ri, mis takistab vee sissetungimist, plekke ja mustust aja jooksul. See kaitse v\u00f5ib kesta mitu aastat, s\u00f5ltuvalt kasutamisest ja pinna kokkupuutest. Seda p\u00f5randatele kandes pikendate nende kasutusiga ja v\u00e4hendate niiskusest p\u00f5hjustatud lagunemise ohtu. Veekihi kaitseb ka k\u00fclmumis-\/sulamists\u00fcklite kahjuliku m\u00f5ju eest.<\/p>\n<p><img decoding=\"async\" style=\"margin-right: 12px;\" src=\"https:\/\/www.ferberpainting.com\/wp-content\/uploads\/2026\/02\/Check.svg\" alt=\"\" width=\"18\" height=\"15\" \/><strong>Kiiresti kuivav.<\/strong>\u00a0P\u00f5randakattematerjal paistab silma kiire pealekandmise ja kuivamisaja poolest. Toode kuivab k\u00f5igest 1-2 tunniga, mis v\u00f5imaldab teil oma tegevust kiiresti j\u00e4tkata. Optimaalse kaitse tagamiseks on soovitatav lasta tootel t\u00e4ielikult kuivada 24 tundi, enne kui p\u00f5randat niiskuse v\u00f5i ilmastikuga kokku puutub. Selline kiire toimimine on ideaalne kiireloomuliste projektide v\u00f5i minimaalset seisakuaega n\u00f5udvate t\u00f6\u00f6de puhul.<\/p>\n<h2><strong>Kasutamise protokoll<\/strong><\/h2>\n<ul>\n<li><strong>Pinna ettevalmistamine <\/strong>: Enne p\u00f5randa h\u00fcdroprofiili pealekandmist veenduge, et pind on puhas, kuiv ja vaba mustusest, tolmust, hallitusest v\u00f5i v\u00e4rvij\u00e4\u00e4kidest. Kui pind on v\u00e4ga m\u00e4\u00e4rdunud, puhastage see pehme pesuvahendi ja veega ning laske enne toote pealekandmist t\u00e4ielikult kuivada. Kui p\u00f5randal on praod v\u00f5i augud, on soovitatav need enne pealekandmise alustamist parandada.<\/li>\n<li><strong>Toote taotlus <\/strong>: P\u00f5randakattematerjal on kasutusvalmis ja ei vaja lahjendamist. Seda saab kanda pihusti, pintsli v\u00f5i rulliga, s\u00f5ltuvalt pindala suurusest. Veenduge, et katate kogu pinna \u00fchtlaselt, et v\u00e4ltida kaitsmata alasid. Kandke kerge esimene kiht, laske sellel kuivada ja seej\u00e4rel kandke teine kiht maksimaalse kaitse saavutamiseks.<\/li>\n<li><strong>Kasutatav summa <\/strong>: Keskmiselt katab \u00fcks liiter toodet 8-12 m\u00b2, s\u00f5ltuvalt p\u00f5randa poorsusest. Kui te kannate \u00fche kihi ja teise kihi samale pinnale, kahekordistage kogu vajamineva toote kogus. 5-liitrine mahuti katab 40-60 m\u00b2, s\u00f5ltuvalt pealekandmise paksusest ja materjali tekstuurist.<\/li>\n<li><strong>Kuivamisaeg <\/strong>: P\u00e4rast pealekandmist kuivab p\u00f5randakattematerjal 1 kuni 2 tunni jooksul. T\u00e4ieliku kaitse tagamiseks on siiski soovitatav oodata 24 tundi, enne kui p\u00f5randat niiskusega kokku puutub v\u00f5i seda tavap\u00e4raselt kasutada. See ooteaeg v\u00f5imaldab tootel korralikult k\u00f5veneda ja moodustada p\u00fcsiva veekindla barj\u00e4\u00e4ri.<\/li>\n<li><strong>Uuesti taotlemine <\/strong>: S\u00f5ltuvalt ilmastikutingimustest ja t\u00f6\u00f6deldud pindade kulumisest v\u00f5ib olla vajalik p\u00f5randakattematerjali korduvkasutamine iga 3-5 aasta j\u00e4rel, et s\u00e4ilitada selle t\u00f5husus. Kui pind m\u00e4\u00e4rdub v\u00f5i hakkab kaitset kaotama, saab uue kihi h\u00f5lpsasti peale kanda ilma t\u00e4iendava ettevalmistuseta, tingimusel et p\u00f5rand on puhas ja kuiv.<\/li>\n<li><strong>Hooldus <\/strong>: P\u00e4rast h\u00fcdroprofiili pealekandmist on soovitatav t\u00f6\u00f6deldud p\u00f5randad regulaarselt puhastada puhta vee ja pehme luuda v\u00f5i mopiga. V\u00e4ltige abrasiivseid puhastusvahendeid v\u00f5i lahusteid, mis v\u00f5ivad kaitsekihti kahjustada. Lihtne ja regulaarne hooldus aitab pikendada toote t\u00f5husust ja tagada, et teie p\u00f5randad j\u00e4\u00e4vad suurep\u00e4rasesse seisukorda.<\/li>\n<\/ul>","protected":false},"excerpt":{"rendered":"<p>Humidity protection.\u00a0The floor waterproofer is a specially formulated product to protect surfaces against water and moisture infiltration. This treatment is ideal for both exterior and interior floors, especially those exposed to harsh weather or high humidity, such as terraces, balconies, basements or garages. By applying the waterproofer, you create an invisible barrier that prevents water [&hellip;]<\/p>\n","protected":false},"featured_media":36367,"comment_status":"open","ping_status":"closed","template":"","meta":{"_uag_custom_page_level_css":"","site-sidebar-layout":"default","site-content-layout":"","ast-site-content-layout":"default","site-content-style":"default","site-sidebar-style":"default","ast-global-header-display":"","ast-banner-title-visibility":"","ast-main-header-display":"","ast-hfb-above-header-display":"","ast-hfb-below-header-display":"","ast-hfb-mobile-header-display":"","site-post-title":"","ast-breadcrumbs-content":"","ast-featured-img":"","footer-sml-layout":"","ast-disable-related-posts":"","theme-transparent-header-meta":"default","adv-header-id-meta":"","stick-header-meta":"","header-above-stick-meta":"","header-main-stick-meta":"","header-below-stick-meta":"","astra-migrate-meta-layouts":"set","ast-page-background-enabled":"default","ast-page-background-meta":{"desktop":{"background-color":"var(--ast-global-color-4)","background-image":"","background-repeat":"repeat","background-position":"center center","background-size":"auto","background-attachment":"scroll","background-type":"","background-media":"","overlay-type":"","overlay-color":"","overlay-opacity":"","overlay-gradient":""},"tablet":{"background-color":"","background-image":"","background-repeat":"repeat","background-position":"center center","background-size":"auto","background-attachment":"scroll","background-type":"","background-media":"","overlay-type":"","overlay-color":"","overlay-opacity":"","overlay-gradient":""},"mobile":{"background-color":"","background-image":"","background-repeat":"repeat","background-position":"center center","background-size":"auto","background-attachment":"scroll","background-type":"","background-media":"","overlay-type":"","overlay-color":"","overlay-opacity":"","overlay-gradient":""}},"ast-content-background-meta":{"desktop":{"background-color":"var(--ast-global-color-5)","background-image":"","background-repeat":"repeat","background-position":"center center","background-size":"auto","background-attachment":"scroll","background-type":"","background-media":"","overlay-type":"","overlay-color":"","overlay-opacity":"","overlay-gradient":""},"tablet":{"background-color":"var(--ast-global-color-5)","background-image":"","background-repeat":"repeat","background-position":"center center","background-size":"auto","background-attachment":"scroll","background-type":"","background-media":"","overlay-type":"","overlay-color":"","overlay-opacity":"","overlay-gradient":""},"mobile":{"background-color":"var(--ast-global-color-5)","background-image":"","background-repeat":"repeat","background-position":"center center","background-size":"auto","background-attachment":"scroll","background-type":"","background-media":"","overlay-type":"","overlay-color":"","overlay-opacity":"","overlay-gradient":""}}},"product_brand":[],"product_cat":[191],"product_tag":[],"class_list":{"0":"post-23459","1":"product","2":"type-product","3":"status-publish","4":"has-post-thumbnail","6":"product_cat-water-repellent","7":"desktop-align-left","8":"tablet-align-left","9":"mobile-align-left","11":"first","12":"instock","13":"sale","14":"taxable","15":"shipping-taxable","16":"purchasable","17":"product-type-variable","18":"has-default-attributes"},"spectra_custom_meta":{"_visibility":["visible"],"_shopify_product_id":["9106661114101"],"_s2w_shopify_domain":["ferberpainting.myshopify.com"],"_shopify_variant_id":["46626423603445"],"_sku":[""],"_manage_stock":["no"],"total_sales":["22"],"_tax_status":["taxable"],"_tax_class":[""],"_backorders":["no"],"_sold_individually":["no"],"_virtual":["no"],"_downloadable":["no"],"_download_limit":["-1"],"_download_expiry":["-1"],"_stock":[null],"_stock_status":["instock"],"_wc_average_rating":["5.00"],"_wc_review_count":["40"],"_product_attributes":["a:1:{s:6:\"volume\";a:6:{s:4:\"name\";s:6:\"Volume\";s:5:\"value\";s:20:\"5 liters | 25 liters\";s:8:\"position\";i:1;s:10:\"is_visible\";i:0;s:12:\"is_variation\";i:1;s:11:\"is_taxonomy\";i:0;}}"],"_product_version":["10.5.1"],"wpse_downloadable_file_names":[""],"wpse_downloadable_file_urls":[""],"_edit_last":["1"],"_default_attributes":["a:1:{s:6:\"volume\";s:8:\"5 liters\";}"],"_edit_lock":["1771161013:1"],"merchant-center-availability":["yes"],"merchant-center-category":["503738"],"_price":["29.90","129.90"],"_thumbnail_id":["36367"],"_wp_page_template":["default"],"_wp_old_date":["2025-05-26"],"_product_image_gallery":["36366"],"site-sidebar-layout":["default"],"ast-site-content-layout":["default"],"site-content-style":["default"],"site-sidebar-style":["default"],"theme-transparent-header-meta":["default"],"_wc_rating_count":["a:1:{i:5;i:40;}"],"astra-migrate-meta-layouts":["set"],"_uag_css_file_name":["uag-css-23459.css"],"_elementor_page_assets":["a:0:{}"],"_uag_page_assets":["a:9:{s:3:\"css\";s:6873:\".wp-block-uagb-image{display:flex}.wp-block-uagb-image__figure{position:relative;display:flex;flex-direction:column;max-width:100%;height:auto;margin:0}.wp-block-uagb-image__figure img{height:auto;display:flex;max-width:100%;transition:box-shadow .2s ease}.wp-block-uagb-image__figure>a{display:inline-block}.wp-block-uagb-image__figure figcaption{text-align:center;margin-top:.5em;margin-bottom:1em}.wp-block-uagb-image .components-placeholder.block-editor-media-placeholder .components-placeholder__instructions{align-self:center}.wp-block-uagb-image--align-left{text-align:left}.wp-block-uagb-image--align-right{text-align:right}.wp-block-uagb-image--align-center{text-align:center}.wp-block-uagb-image--align-full .wp-block-uagb-image__figure{margin-left:calc(50% - 50vw);margin-right:calc(50% - 50vw);max-width:100vw;width:100vw;height:auto}.wp-block-uagb-image--align-full .wp-block-uagb-image__figure img{height:auto;width:100% !important}.wp-block-uagb-image--align-wide .wp-block-uagb-image__figure img{height:auto;width:100%}.wp-block-uagb-image--layout-overlay__color-wrapper{position:absolute;left:0;top:0;right:0;bottom:0;opacity:.2;background:rgba(0,0,0,.5);transition:opacity .35s ease-in-out}.wp-block-uagb-image--layout-overlay-link{position:absolute;left:0;right:0;bottom:0;top:0}.wp-block-uagb-image--layout-overlay .wp-block-uagb-image__figure:hover .wp-block-uagb-image--layout-overlay__color-wrapper{opacity:1}.wp-block-uagb-image--layout-overlay__inner{position:absolute;left:15px;right:15px;bottom:15px;top:15px;display:flex;align-items:center;justify-content:center;flex-direction:column;border-color:#fff;transition:.35s ease-in-out}.wp-block-uagb-image--layout-overlay__inner.top-left,.wp-block-uagb-image--layout-overlay__inner.top-center,.wp-block-uagb-image--layout-overlay__inner.top-right{justify-content:flex-start}.wp-block-uagb-image--layout-overlay__inner.bottom-left,.wp-block-uagb-image--layout-overlay__inner.bottom-center,.wp-block-uagb-image--layout-overlay__inner.bottom-right{justify-content:flex-end}.wp-block-uagb-image--layout-overlay__inner.top-left,.wp-block-uagb-image--layout-overlay__inner.center-left,.wp-block-uagb-image--layout-overlay__inner.bottom-left{align-items:flex-start}.wp-block-uagb-image--layout-overlay__inner.top-right,.wp-block-uagb-image--layout-overlay__inner.center-right,.wp-block-uagb-image--layout-overlay__inner.bottom-right{align-items:flex-end}.wp-block-uagb-image--layout-overlay__inner .uagb-image-heading{color:#fff;transition:transform .35s,opacity .35s ease-in-out;transform:translate3d(0, 24px, 0);margin:0;line-height:1em}.wp-block-uagb-image--layout-overlay__inner .uagb-image-separator{width:30%;border-top-width:2px;border-top-color:#fff;border-top-style:solid;margin-bottom:10px;opacity:0;transition:transform .4s,opacity .4s ease-in-out;transform:translate3d(0, 30px, 0)}.wp-block-uagb-image--layout-overlay__inner .uagb-image-caption{opacity:0;overflow:visible;color:#fff;transition:transform .45s,opacity .45s ease-in-out;transform:translate3d(0, 35px, 0)}.wp-block-uagb-image--layout-overlay__inner:hover .uagb-image-heading,.wp-block-uagb-image--layout-overlay__inner:hover .uagb-image-separator,.wp-block-uagb-image--layout-overlay__inner:hover .uagb-image-caption{opacity:1;transform:translate3d(0, 0, 0)}.wp-block-uagb-image--effect-zoomin .wp-block-uagb-image__figure img,.wp-block-uagb-image--effect-zoomin .wp-block-uagb-image__figure .wp-block-uagb-image--layout-overlay__color-wrapper{transform:scale(1);transition:transform .35s ease-in-out}.wp-block-uagb-image--effect-zoomin .wp-block-uagb-image__figure:hover img,.wp-block-uagb-image--effect-zoomin .wp-block-uagb-image__figure:hover .wp-block-uagb-image--layout-overlay__color-wrapper{transform:scale(1.05)}.wp-block-uagb-image--effect-slide .wp-block-uagb-image__figure img,.wp-block-uagb-image--effect-slide .wp-block-uagb-image__figure .wp-block-uagb-image--layout-overlay__color-wrapper{width:calc(100% + 40px) !important;max-width:none !important;transform:translate3d(-40px, 0, 0);transition:transform .35s ease-in-out}.wp-block-uagb-image--effect-slide .wp-block-uagb-image__figure:hover img,.wp-block-uagb-image--effect-slide .wp-block-uagb-image__figure:hover .wp-block-uagb-image--layout-overlay__color-wrapper{transform:translate3d(0, 0, 0)}.wp-block-uagb-image--effect-grayscale img{filter:grayscale(0%);transition:.35s ease-in-out}.wp-block-uagb-image--effect-grayscale:hover img{filter:grayscale(100%)}.wp-block-uagb-image--effect-blur img{filter:blur(0);transition:.35s ease-in-out}.wp-block-uagb-image--effect-blur:hover img{filter:blur(3px)}.uagb-block-e6f939b3.wp-block-uagb-image--layout-default figure img{box-shadow: 0px 0px 0 #00000070;}.uagb-block-e6f939b3.wp-block-uagb-image .wp-block-uagb-image__figure figcaption{font-style: normal;align-self: center;}.uagb-block-e6f939b3.wp-block-uagb-image--layout-overlay figure img{box-shadow: 0px 0px 0 #00000070;}.uagb-block-e6f939b3.wp-block-uagb-image--layout-overlay .wp-block-uagb-image--layout-overlay__color-wrapper{opacity: 0.2;}.uagb-block-e6f939b3.wp-block-uagb-image--layout-overlay .wp-block-uagb-image--layout-overlay__inner{left: 15px;right: 15px;top: 15px;bottom: 15px;}.uagb-block-e6f939b3.wp-block-uagb-image--layout-overlay .wp-block-uagb-image--layout-overlay__inner .uagb-image-heading{font-style: normal;color: #fff;opacity: 1;}.uagb-block-e6f939b3.wp-block-uagb-image--layout-overlay .wp-block-uagb-image--layout-overlay__inner .uagb-image-heading a{color: #fff;}.uagb-block-e6f939b3.wp-block-uagb-image--layout-overlay .wp-block-uagb-image--layout-overlay__inner .uagb-image-caption{opacity: 0;}.uagb-block-e6f939b3.wp-block-uagb-image--layout-overlay .wp-block-uagb-image__figure:hover .wp-block-uagb-image--layout-overlay__color-wrapper{opacity: 1;}.uagb-block-e6f939b3.wp-block-uagb-image .wp-block-uagb-image--layout-overlay__inner .uagb-image-separator{width: 30%;border-top-width: 2px;border-top-color: #fff;opacity: 0;}.uagb-block-e6f939b3.wp-block-uagb-image .wp-block-uagb-image__figure img{width: px;height: auto;}.uagb-block-e6f939b3.wp-block-uagb-image .wp-block-uagb-image__figure:hover .wp-block-uagb-image--layout-overlay__inner .uagb-image-caption{opacity: 1;}.uagb-block-e6f939b3.wp-block-uagb-image .wp-block-uagb-image__figure:hover .wp-block-uagb-image--layout-overlay__inner .uagb-image-separator{opacity: 1;}.uagb-block-e6f939b3.wp-block-uagb-image--layout-default figure:hover img{box-shadow: 0px 0px 0 #00000070;}.uagb-block-e6f939b3.wp-block-uagb-image--layout-overlay figure:hover img{box-shadow: 0px 0px 0 #00000070;}@media only screen and (max-width: 976px) {.uagb-block-e6f939b3.wp-block-uagb-image .wp-block-uagb-image__figure img{width: px;height: auto;}}@media only screen and (max-width: 767px) {.uagb-block-e6f939b3.wp-block-uagb-image .wp-block-uagb-image__figure img{width: px;height: auto;}}\";s:2:\"js\";s:0:\"\";s:18:\"current_block_list\";a:13:{i:0;s:11:\"core\/search\";i:1;s:10:\"core\/group\";i:2;s:12:\"core\/heading\";i:3;s:17:\"core\/latest-posts\";i:4;s:20:\"core\/latest-comments\";i:5;s:13:\"core\/archives\";i:6;s:15:\"core\/categories\";i:7;s:14:\"core\/paragraph\";i:8;s:10:\"uagb\/image\";i:9;s:11:\"core\/spacer\";i:10;s:30:\"woocommerce\/product-categories\";i:11;s:10:\"core\/image\";i:12;s:14:\"core\/shortcode\";}s:8:\"uag_flag\";b:1;s:11:\"uag_version\";s:10:\"1777266507\";s:6:\"gfonts\";a:0:{}s:10:\"gfonts_url\";s:0:\"\";s:12:\"gfonts_files\";a:0:{}s:14:\"uag_faq_layout\";b:0;}"]},"uagb_featured_image_src":{"full":["https:\/\/www.ferberpainting.com\/wp-content\/uploads\/2025\/05\/Floor-Water-Repellent-5L-.png",2560,2560,false],"thumbnail":["https:\/\/www.ferberpainting.com\/wp-content\/uploads\/2025\/05\/Floor-Water-Repellent-5L--150x150.png",150,150,true],"medium":["https:\/\/www.ferberpainting.com\/wp-content\/uploads\/2025\/05\/Floor-Water-Repellent-5L--300x300.png",300,300,true],"medium_large":["https:\/\/www.ferberpainting.com\/wp-content\/uploads\/2025\/05\/Floor-Water-Repellent-5L--768x768.png",768,768,true],"large":["https:\/\/www.ferberpainting.com\/wp-content\/uploads\/2025\/05\/Floor-Water-Repellent-5L--1024x1024.png",1024,1024,true],"1536x1536":["https:\/\/www.ferberpainting.com\/wp-content\/uploads\/2025\/05\/Floor-Water-Repellent-5L--1536x1536.png",1536,1536,true],"2048x2048":["https:\/\/www.ferberpainting.com\/wp-content\/uploads\/2025\/05\/Floor-Water-Repellent-5L--2048x2048.png",2048,2048,true],"trp-custom-language-flag":["https:\/\/www.ferberpainting.com\/wp-content\/uploads\/2025\/05\/Floor-Water-Repellent-5L--12x12.png",12,12,true],"woocommerce_thumbnail":["https:\/\/www.ferberpainting.com\/wp-content\/uploads\/2025\/05\/Floor-Water-Repellent-5L--300x300.png",300,300,true],"woocommerce_single":["https:\/\/www.ferberpainting.com\/wp-content\/uploads\/2025\/05\/Floor-Water-Repellent-5L--600x600.png",600,600,true],"woocommerce_gallery_thumbnail":["https:\/\/www.ferberpainting.com\/wp-content\/uploads\/2025\/05\/Floor-Water-Repellent-5L--100x100.png",100,100,true]},"uagb_author_info":{"display_name":"admin","author_link":"https:\/\/www.ferberpainting.com\/ee\/author\/"},"uagb_comment_info":40,"uagb_excerpt":"Humidity protection.\u00a0The floor waterproofer is a specially formulated product to protect surfaces against water and moisture infiltration. This treatment is ideal for both exterior and interior floors, especially those exposed to harsh weather or high humidity, such as terraces, balconies, basements or garages. By applying the waterproofer, you create an invisible barrier that prevents water&hellip;","_links":{"self":[{"href":"https:\/\/www.ferberpainting.com\/ee\/wp-json\/wp\/v2\/product\/23459","targetHints":{"allow":["GET"]}}],"collection":[{"href":"https:\/\/www.ferberpainting.com\/ee\/wp-json\/wp\/v2\/product"}],"about":[{"href":"https:\/\/www.ferberpainting.com\/ee\/wp-json\/wp\/v2\/types\/product"}],"replies":[{"embeddable":true,"href":"https:\/\/www.ferberpainting.com\/ee\/wp-json\/wp\/v2\/comments?post=23459"}],"version-history":[{"count":5,"href":"https:\/\/www.ferberpainting.com\/ee\/wp-json\/wp\/v2\/product\/23459\/revisions"}],"predecessor-version":[{"id":166162,"href":"https:\/\/www.ferberpainting.com\/ee\/wp-json\/wp\/v2\/product\/23459\/revisions\/166162"}],"wp:featuredmedia":[{"embeddable":true,"href":"https:\/\/www.ferberpainting.com\/ee\/wp-json\/wp\/v2\/media\/36367"}],"wp:attachment":[{"href":"https:\/\/www.ferberpainting.com\/ee\/wp-json\/wp\/v2\/media?parent=23459"}],"wp:term":[{"taxonomy":"product_brand","embeddable":true,"href":"https:\/\/www.ferberpainting.com\/ee\/wp-json\/wp\/v2\/product_brand?post=23459"},{"taxonomy":"product_cat","embeddable":true,"href":"https:\/\/www.ferberpainting.com\/ee\/wp-json\/wp\/v2\/product_cat?post=23459"},{"taxonomy":"product_tag","embeddable":true,"href":"https:\/\/www.ferberpainting.com\/ee\/wp-json\/wp\/v2\/product_tag?post=23459"}],"curies":[{"name":"wp","href":"https:\/\/api.w.org\/{rel}","templated":true}]}}