{"id":23434,"date":"2025-05-26T10:24:05","date_gmt":"2025-05-26T08:24:05","guid":{"rendered":"https:\/\/www.ferberpainting.com\/products\/facade-stripper\/"},"modified":"2026-02-15T14:00:28","modified_gmt":"2026-02-15T13:00:28","slug":"facade-stripper","status":"publish","type":"product","link":"https:\/\/www.ferberpainting.com\/ee\/products\/facade-stripper\/","title":{"rendered":"Fassaadi- ja v\u00e4lisseinte eemaldaja"},"content":{"rendered":"<p><img decoding=\"async\" style=\"margin-right: 12px;\" src=\"https:\/\/www.ferberpainting.com\/wp-content\/uploads\/2026\/02\/Check.svg\" alt=\"\" width=\"18\" height=\"15\" \/><strong>Eemaldage v\u00e4lisseintelt kiiresti ja t\u00f5husalt vanad v\u00e4rvid ja pinnakatted.<\/strong> Meie fassaadi- ja v\u00e4lisseinte eemaldaja on spetsiaalselt koostatud mitme v\u00e4rvi-, laki- ja pinnakatte kihi lahustamiseks ja eemaldamiseks m\u00fc\u00fcritise ja v\u00e4liskattematerjalide pinnalt. See tungib s\u00fcgavale vanadesse viimistlustesse, pehmendades neid, et neid oleks lihtne eemaldada ilma liigse kraapimise v\u00f5i agressiivsete mehaaniliste meetoditeta. See muudab renoveerimis- ja restaureerimisprojektid oluliselt kiiremaks ja t\u00f5husamaks.<\/p>\n<p><strong><img decoding=\"async\" style=\"margin-right: 12px;\" src=\"https:\/\/www.ferberpainting.com\/wp-content\/uploads\/2026\/02\/Check.svg\" alt=\"\" width=\"18\" height=\"15\" \/>K\u00f5ige t\u00f5husam v\u00e4lisv\u00e4rvi eemaldaja turul.<\/strong> See v\u00f5imsate, kuid kontrollitavate toimeainetega valmistatud eemaldaja l\u00f5hub kangekaelseid katteid, mis peavad vastu tavap\u00e4rastele puhastusmeetoditele. See toimib vananenud fassaadiv\u00e4rvide, elastomeersete pinnakatete, plekkide ja kaitsvate pinnakatete puhul, pakkudes tavap\u00e4raste majapidamisvahenditega v\u00f5rreldes parimat tulemuslikkust.<\/p>\n<p><strong><img decoding=\"async\" style=\"margin-right: 12px;\" src=\"https:\/\/www.ferberpainting.com\/wp-content\/uploads\/2026\/02\/Check.svg\" alt=\"\" width=\"18\" height=\"15\" \/>Raha tagasi garantii t\u00e4ieliku meelerahu tagamiseks.<\/strong> Oleme t\u00e4iesti veendunud meie fassaadi- ja v\u00e4lisseina eemaldaja tugevuses ja usaldusv\u00e4\u00e4rsuses. Kui te ei ole tulemustega t\u00e4ielikult rahul, tagastame teile ostu eest raha. Meie raha-tagastamisgarantii tagab, et teie investeering on t\u00e4iesti riskivaba ja n\u00e4itab meie p\u00fchendumust professionaalse kvaliteedi saavutamisele.<\/p>\n<p><strong><img decoding=\"async\" style=\"margin-right: 12px;\" src=\"https:\/\/www.ferberpainting.com\/wp-content\/uploads\/2026\/02\/Check.svg\" alt=\"\" width=\"18\" height=\"15\" \/>Odavaim olemasolev suure j\u00f5udlusega fassaadieemaldaja.<\/strong> V\u00e4lisv\u00e4rvi eemaldamine n\u00f5uab sageli kallist t\u00f6\u00f6j\u00f5udu v\u00f5i spetsiaalseid masinaid. Meie toode pakub professionaalsel tasemel eemaldamise tulemuslikkust turu k\u00f5ige konkurentsiv\u00f5imelisema hinnaga, pakkudes t\u00f6\u00f6v\u00f5tjatele ja kinnisvaraomanikele erakordset v\u00e4\u00e4rtust.<\/p>\n<p><strong><img decoding=\"async\" style=\"margin-right: 12px;\" src=\"https:\/\/www.ferberpainting.com\/wp-content\/uploads\/2026\/02\/Check.svg\" alt=\"\" width=\"18\" height=\"15\" \/>Kiire 24-tunnine tarne kiireloomuliste renoveerimisprojektide jaoks.<\/strong> V\u00e4lispinna restaureerimise ajakava v\u00f5ib olla tihe ja s\u00f5ltuda ilmastikutingimustest. Seep\u00e4rast pakume usaldusv\u00e4\u00e4rset 24-tunnist tarnet, mis tagab, et teie eemaldaja j\u00f5uab kiiresti kohale, nii et saate viivitamatult j\u00e4tkata pinna ettevalmistamist.<\/p>\n<p><strong><img decoding=\"async\" style=\"margin-right: 12px;\" src=\"https:\/\/www.ferberpainting.com\/wp-content\/uploads\/2026\/02\/Check.svg\" alt=\"\" width=\"18\" height=\"15\" \/>Katvus kuni 10 m\u00b2 liitri kohta t\u00e4pse projekti planeerimiseks.<\/strong> \u00dche liitri abil saab t\u00f6\u00f6delda kuni 10 ruutmeetrit, mis v\u00f5imaldab t\u00e4pset kulude hindamist ja t\u00f5husat kasutamist. Selline m\u00e4\u00e4ratletud katte m\u00e4\u00e4r tagab piisava tootepaksuse optimaalse katte jaotumise, v\u00e4hendades samal ajal j\u00e4\u00e4tmeid.<\/p>\n<p><strong><img decoding=\"async\" style=\"margin-right: 12px;\" src=\"https:\/\/www.ferberpainting.com\/wp-content\/uploads\/2026\/02\/Check.svg\" alt=\"\" width=\"18\" height=\"15\" \/>Sobib mitmetele v\u00e4listele aluspindadele.<\/strong> Stripper sobib betooni, tellise, kivi, tsementkrohvi, krohvi ja muude tavaliste fassaadimaterjalidega. T\u00e4nu mitmek\u00fclgsusele sobib see ideaalselt elamute, \u00e4ritegevuse ja t\u00f6\u00f6stuse renoveerimisprojektide jaoks.<\/p>\n<p><strong><img decoding=\"async\" style=\"margin-right: 12px;\" src=\"https:\/\/www.ferberpainting.com\/wp-content\/uploads\/2026\/02\/Check.svg\" alt=\"\" width=\"18\" height=\"15\" \/>V\u00e4hendab vajadust agressiivse mehaanilise eemaldamise j\u00e4rele.<\/strong> Kuna see toode pehmendab ja lahutab vanu katteid keemiliselt, v\u00e4hendab see liivatamist, lihvimist ja abrasiivpuhastamist. See v\u00e4hendab tolmu tekkimist ja v\u00f5imalikku pinnakahjustust eemaldamise k\u00e4igus.<\/p>\n<p><strong><img decoding=\"async\" style=\"margin-right: 12px;\" src=\"https:\/\/www.ferberpainting.com\/wp-content\/uploads\/2026\/02\/Check.svg\" alt=\"\" width=\"18\" height=\"15\" \/>Valmistab pinnad ette \u00fcmberv\u00e4rvimiseks v\u00f5i restaureerimiseks.<\/strong> Vana pinnakatte n\u00f5uetekohane eemaldamine tagab uue v\u00e4rvis\u00fcsteemi parema haardumise. Selle eemaldaja kasutamine loob puhta ja stabiilse aluspinna, mis parandab j\u00e4rgnevate viimistluste vastupidavust ja v\u00e4limust.<\/p>\n<p><strong><img decoding=\"async\" style=\"margin-right: 12px;\" src=\"https:\/\/www.ferberpainting.com\/wp-content\/uploads\/2026\/02\/Check.svg\" alt=\"\" width=\"18\" height=\"15\" \/>Professionaalsete omaduste ja lihtsa kasutamisega.<\/strong> Toode on m\u00f5eldud lihtsaks kasutamiseks, seda saab kasutada pintsli, rulli v\u00f5i pihustusseadmega. Selle kontrollitud konsistents v\u00f5imaldab \u00fchtlast levikut ja t\u00f5husat tungimist kihiliste katete sisse.<\/p>\n<h2><strong>Juhised<\/strong><\/h2>\n<ul>\n<li>Kontrollige fassaadi, et teha kindlaks eemaldatava katte t\u00fc\u00fcp ja paksus.<\/li>\n<li>Enne pealekandmist veenduge, et pind on kuiv ja vaba lahtisest prahist.<\/li>\n<li>Kaitske \u00fcmbritsevaid alasid, aknaid, taimi ja k\u00f5rvalolevaid materjale juhusliku kokkupuute eest.<\/li>\n<li>Segage toodet enne kasutamist p\u00f5hjalikult, et tagada \u00fchtlane konsistentsus.<\/li>\n<li>Kandke pintsli, rulli v\u00f5i sobiva pihustusseadme abil suur ja \u00fchtlane kiht.<\/li>\n<li>J\u00e4rgige soovituslikku katvust kuni 10 m\u00b2 liitri kohta. See vastab umbes 100 ml-le ruutmeetri kohta, s\u00f5ltuvalt pinnakatte paksusest.<\/li>\n<li>Laske eemaldamisvahendil m\u00f5juda soovitatud aja jooksul, s\u00f5ltuvalt keskkonnatingimustest ja pinnakatte t\u00fc\u00fcbist. Pind v\u00f5ib toote t\u00f6\u00f6tamise ajal mullida v\u00f5i pehmeneda.<\/li>\n<li>Kui kate on pehmenenud, eemaldage see vastavalt aluspinnale sobiva kaabitsaga, spaatliga v\u00f5i survepesuriga.<\/li>\n<li>Paksude v\u00f5i mitme kihi puhul v\u00f5ib t\u00e4ielikuks eemaldamiseks olla vajalik teine pealekandmine.<\/li>\n<li>P\u00e4rast eemaldamist loputage pinda p\u00f5hjalikult puhta veega, et eemaldada j\u00e4\u00e4gid. Enne uuesti v\u00e4rvimist v\u00f5i viimistlemist laske pinnal t\u00e4ielikult kuivada.<\/li>\n<li>V\u00e4ltige kasutamist tugeva vihma, \u00e4\u00e4rmuslike temperatuuride v\u00f5i tugeva tuule ajal, et tagada optimaalne j\u00f5udlus.<\/li>\n<li>Kandke pealekandmise ja eemaldamise ajal sobivaid kaitsekindaid ja silmakaitset.<\/li>\n<li>Puhastage t\u00f6\u00f6riistad kohe p\u00e4rast kasutamist sobivate puhastusvahenditega ja hoidke mahutit tihedalt suletuna jahedas ja kuivas kohas, eemal otsese p\u00e4ikesevalguse ja k\u00fclma eest.<\/li>\n<\/ul>","protected":false},"excerpt":{"rendered":"<p>Remove old paint and coatings from exterior walls quickly and effectively. Our facade and exterior wall stripper is specially formulated to dissolve and lift multiple layers of paint, varnish, and surface coatings from masonry and exterior substrates. It penetrates deeply into old finishes, softening them for easy removal without excessive scraping or aggressive mechanical methods. [&hellip;]<\/p>\n","protected":false},"featured_media":25970,"comment_status":"open","ping_status":"closed","template":"","meta":{"_uag_custom_page_level_css":"","site-sidebar-layout":"default","site-content-layout":"","ast-site-content-layout":"default","site-content-style":"default","site-sidebar-style":"default","ast-global-header-display":"","ast-banner-title-visibility":"","ast-main-header-display":"","ast-hfb-above-header-display":"","ast-hfb-below-header-display":"","ast-hfb-mobile-header-display":"","site-post-title":"","ast-breadcrumbs-content":"","ast-featured-img":"","footer-sml-layout":"","ast-disable-related-posts":"","theme-transparent-header-meta":"default","adv-header-id-meta":"","stick-header-meta":"","header-above-stick-meta":"","header-main-stick-meta":"","header-below-stick-meta":"","astra-migrate-meta-layouts":"set","ast-page-background-enabled":"default","ast-page-background-meta":{"desktop":{"background-color":"var(--ast-global-color-4)","background-image":"","background-repeat":"repeat","background-position":"center center","background-size":"auto","background-attachment":"scroll","background-type":"","background-media":"","overlay-type":"","overlay-color":"","overlay-opacity":"","overlay-gradient":""},"tablet":{"background-color":"","background-image":"","background-repeat":"repeat","background-position":"center center","background-size":"auto","background-attachment":"scroll","background-type":"","background-media":"","overlay-type":"","overlay-color":"","overlay-opacity":"","overlay-gradient":""},"mobile":{"background-color":"","background-image":"","background-repeat":"repeat","background-position":"center center","background-size":"auto","background-attachment":"scroll","background-type":"","background-media":"","overlay-type":"","overlay-color":"","overlay-opacity":"","overlay-gradient":""}},"ast-content-background-meta":{"desktop":{"background-color":"var(--ast-global-color-5)","background-image":"","background-repeat":"repeat","background-position":"center center","background-size":"auto","background-attachment":"scroll","background-type":"","background-media":"","overlay-type":"","overlay-color":"","overlay-opacity":"","overlay-gradient":""},"tablet":{"background-color":"var(--ast-global-color-5)","background-image":"","background-repeat":"repeat","background-position":"center center","background-size":"auto","background-attachment":"scroll","background-type":"","background-media":"","overlay-type":"","overlay-color":"","overlay-opacity":"","overlay-gradient":""},"mobile":{"background-color":"var(--ast-global-color-5)","background-image":"","background-repeat":"repeat","background-position":"center center","background-size":"auto","background-attachment":"scroll","background-type":"","background-media":"","overlay-type":"","overlay-color":"","overlay-opacity":"","overlay-gradient":""}}},"product_brand":[],"product_cat":[175],"product_tag":[],"class_list":{"0":"post-23434","1":"product","2":"type-product","3":"status-publish","4":"has-post-thumbnail","6":"product_cat-cleaning-products","7":"desktop-align-left","8":"tablet-align-left","9":"mobile-align-left","11":"first","12":"instock","13":"sale","14":"taxable","15":"shipping-taxable","16":"purchasable","17":"product-type-variable","18":"has-default-attributes"},"spectra_custom_meta":{"_visibility":["visible"],"_shopify_product_id":["7950279114997"],"_s2w_shopify_domain":["ferberpainting.myshopify.com"],"_shopify_variant_id":["43502155661557"],"_sku":[""],"_manage_stock":["no"],"total_sales":["167"],"_tax_status":["taxable"],"_tax_class":[""],"_backorders":["no"],"_sold_individually":["no"],"_virtual":["no"],"_downloadable":["no"],"_download_limit":["-1"],"_download_expiry":["-1"],"_stock":[null],"_stock_status":["instock"],"_wc_average_rating":["4.94"],"_wc_review_count":["50"],"_product_attributes":["a:1:{s:6:\"volume\";a:6:{s:4:\"name\";s:6:\"Volume\";s:5:\"value\";s:20:\"5 liters | 25 liters\";s:8:\"position\";i:1;s:10:\"is_visible\";i:0;s:12:\"is_variation\";i:1;s:11:\"is_taxonomy\";i:0;}}"],"_product_version":["10.5.1"],"_thumbnail_id":["25970"],"_price":["29.90","99.90"],"_product_image_gallery":["25971"],"merchant-center-availability":["yes"],"merchant-center-category":["503741"],"merchant-center-id":["FS"],"wpse_downloadable_file_names":[""],"wpse_downloadable_file_urls":[""],"_edit_last":["1"],"_default_attributes":["a:1:{s:6:\"volume\";s:8:\"5 liters\";}"],"_wc_rating_count":["a:2:{i:4;i:3;i:5;i:47;}"],"_edit_lock":["1771160293:1"],"_wp_page_template":["default"],"site-sidebar-layout":["default"],"ast-site-content-layout":["default"],"site-content-style":["default"],"site-sidebar-style":["default"],"theme-transparent-header-meta":["default"],"astra-migrate-meta-layouts":["set"],"_uag_css_file_name":["uag-css-23434.css"],"_elementor_page_assets":["a:0:{}"],"_uag_page_assets":["a:9:{s:3:\"css\";s:7133:\".uag-blocks-common-selector{z-index:var(--z-index-desktop) !important}@media(max-width: 976px){.uag-blocks-common-selector{z-index:var(--z-index-tablet) !important}}@media(max-width: 767px){.uag-blocks-common-selector{z-index:var(--z-index-mobile) !important}}.wp-block-uagb-image{display:flex}.wp-block-uagb-image__figure{position:relative;display:flex;flex-direction:column;max-width:100%;height:auto;margin:0}.wp-block-uagb-image__figure img{height:auto;display:flex;max-width:100%;transition:box-shadow .2s ease}.wp-block-uagb-image__figure>a{display:inline-block}.wp-block-uagb-image__figure figcaption{text-align:center;margin-top:.5em;margin-bottom:1em}.wp-block-uagb-image .components-placeholder.block-editor-media-placeholder .components-placeholder__instructions{align-self:center}.wp-block-uagb-image--align-left{text-align:left}.wp-block-uagb-image--align-right{text-align:right}.wp-block-uagb-image--align-center{text-align:center}.wp-block-uagb-image--align-full .wp-block-uagb-image__figure{margin-left:calc(50% - 50vw);margin-right:calc(50% - 50vw);max-width:100vw;width:100vw;height:auto}.wp-block-uagb-image--align-full .wp-block-uagb-image__figure img{height:auto;width:100% !important}.wp-block-uagb-image--align-wide .wp-block-uagb-image__figure img{height:auto;width:100%}.wp-block-uagb-image--layout-overlay__color-wrapper{position:absolute;left:0;top:0;right:0;bottom:0;opacity:.2;background:rgba(0,0,0,.5);transition:opacity .35s ease-in-out}.wp-block-uagb-image--layout-overlay-link{position:absolute;left:0;right:0;bottom:0;top:0}.wp-block-uagb-image--layout-overlay .wp-block-uagb-image__figure:hover .wp-block-uagb-image--layout-overlay__color-wrapper{opacity:1}.wp-block-uagb-image--layout-overlay__inner{position:absolute;left:15px;right:15px;bottom:15px;top:15px;display:flex;align-items:center;justify-content:center;flex-direction:column;border-color:#fff;transition:.35s ease-in-out}.wp-block-uagb-image--layout-overlay__inner.top-left,.wp-block-uagb-image--layout-overlay__inner.top-center,.wp-block-uagb-image--layout-overlay__inner.top-right{justify-content:flex-start}.wp-block-uagb-image--layout-overlay__inner.bottom-left,.wp-block-uagb-image--layout-overlay__inner.bottom-center,.wp-block-uagb-image--layout-overlay__inner.bottom-right{justify-content:flex-end}.wp-block-uagb-image--layout-overlay__inner.top-left,.wp-block-uagb-image--layout-overlay__inner.center-left,.wp-block-uagb-image--layout-overlay__inner.bottom-left{align-items:flex-start}.wp-block-uagb-image--layout-overlay__inner.top-right,.wp-block-uagb-image--layout-overlay__inner.center-right,.wp-block-uagb-image--layout-overlay__inner.bottom-right{align-items:flex-end}.wp-block-uagb-image--layout-overlay__inner .uagb-image-heading{color:#fff;transition:transform .35s,opacity .35s ease-in-out;transform:translate3d(0, 24px, 0);margin:0;line-height:1em}.wp-block-uagb-image--layout-overlay__inner .uagb-image-separator{width:30%;border-top-width:2px;border-top-color:#fff;border-top-style:solid;margin-bottom:10px;opacity:0;transition:transform .4s,opacity .4s ease-in-out;transform:translate3d(0, 30px, 0)}.wp-block-uagb-image--layout-overlay__inner .uagb-image-caption{opacity:0;overflow:visible;color:#fff;transition:transform .45s,opacity .45s ease-in-out;transform:translate3d(0, 35px, 0)}.wp-block-uagb-image--layout-overlay__inner:hover .uagb-image-heading,.wp-block-uagb-image--layout-overlay__inner:hover .uagb-image-separator,.wp-block-uagb-image--layout-overlay__inner:hover .uagb-image-caption{opacity:1;transform:translate3d(0, 0, 0)}.wp-block-uagb-image--effect-zoomin .wp-block-uagb-image__figure img,.wp-block-uagb-image--effect-zoomin .wp-block-uagb-image__figure .wp-block-uagb-image--layout-overlay__color-wrapper{transform:scale(1);transition:transform .35s ease-in-out}.wp-block-uagb-image--effect-zoomin .wp-block-uagb-image__figure:hover img,.wp-block-uagb-image--effect-zoomin .wp-block-uagb-image__figure:hover .wp-block-uagb-image--layout-overlay__color-wrapper{transform:scale(1.05)}.wp-block-uagb-image--effect-slide .wp-block-uagb-image__figure img,.wp-block-uagb-image--effect-slide .wp-block-uagb-image__figure .wp-block-uagb-image--layout-overlay__color-wrapper{width:calc(100% + 40px) !important;max-width:none !important;transform:translate3d(-40px, 0, 0);transition:transform .35s ease-in-out}.wp-block-uagb-image--effect-slide .wp-block-uagb-image__figure:hover img,.wp-block-uagb-image--effect-slide .wp-block-uagb-image__figure:hover .wp-block-uagb-image--layout-overlay__color-wrapper{transform:translate3d(0, 0, 0)}.wp-block-uagb-image--effect-grayscale img{filter:grayscale(0%);transition:.35s ease-in-out}.wp-block-uagb-image--effect-grayscale:hover img{filter:grayscale(100%)}.wp-block-uagb-image--effect-blur img{filter:blur(0);transition:.35s ease-in-out}.wp-block-uagb-image--effect-blur:hover img{filter:blur(3px)}.uagb-block-e6f939b3.wp-block-uagb-image--layout-default figure img{box-shadow: 0px 0px 0 #00000070;}.uagb-block-e6f939b3.wp-block-uagb-image .wp-block-uagb-image__figure figcaption{font-style: normal;align-self: center;}.uagb-block-e6f939b3.wp-block-uagb-image--layout-overlay figure img{box-shadow: 0px 0px 0 #00000070;}.uagb-block-e6f939b3.wp-block-uagb-image--layout-overlay .wp-block-uagb-image--layout-overlay__color-wrapper{opacity: 0.2;}.uagb-block-e6f939b3.wp-block-uagb-image--layout-overlay .wp-block-uagb-image--layout-overlay__inner{left: 15px;right: 15px;top: 15px;bottom: 15px;}.uagb-block-e6f939b3.wp-block-uagb-image--layout-overlay .wp-block-uagb-image--layout-overlay__inner .uagb-image-heading{font-style: normal;color: #fff;opacity: 1;}.uagb-block-e6f939b3.wp-block-uagb-image--layout-overlay .wp-block-uagb-image--layout-overlay__inner .uagb-image-heading a{color: #fff;}.uagb-block-e6f939b3.wp-block-uagb-image--layout-overlay .wp-block-uagb-image--layout-overlay__inner .uagb-image-caption{opacity: 0;}.uagb-block-e6f939b3.wp-block-uagb-image--layout-overlay .wp-block-uagb-image__figure:hover .wp-block-uagb-image--layout-overlay__color-wrapper{opacity: 1;}.uagb-block-e6f939b3.wp-block-uagb-image .wp-block-uagb-image--layout-overlay__inner .uagb-image-separator{width: 30%;border-top-width: 2px;border-top-color: #fff;opacity: 0;}.uagb-block-e6f939b3.wp-block-uagb-image .wp-block-uagb-image__figure img{width: px;height: auto;}.uagb-block-e6f939b3.wp-block-uagb-image .wp-block-uagb-image__figure:hover .wp-block-uagb-image--layout-overlay__inner .uagb-image-caption{opacity: 1;}.uagb-block-e6f939b3.wp-block-uagb-image .wp-block-uagb-image__figure:hover .wp-block-uagb-image--layout-overlay__inner .uagb-image-separator{opacity: 1;}.uagb-block-e6f939b3.wp-block-uagb-image--layout-default figure:hover img{box-shadow: 0px 0px 0 #00000070;}.uagb-block-e6f939b3.wp-block-uagb-image--layout-overlay figure:hover img{box-shadow: 0px 0px 0 #00000070;}@media only screen and (max-width: 976px) {.uagb-block-e6f939b3.wp-block-uagb-image .wp-block-uagb-image__figure img{width: px;height: auto;}}@media only screen and (max-width: 767px) {.uagb-block-e6f939b3.wp-block-uagb-image .wp-block-uagb-image__figure img{width: px;height: auto;}}\";s:2:\"js\";s:0:\"\";s:18:\"current_block_list\";a:13:{i:0;s:11:\"core\/search\";i:1;s:10:\"core\/group\";i:2;s:12:\"core\/heading\";i:3;s:17:\"core\/latest-posts\";i:4;s:20:\"core\/latest-comments\";i:5;s:13:\"core\/archives\";i:6;s:15:\"core\/categories\";i:7;s:14:\"core\/paragraph\";i:8;s:10:\"uagb\/image\";i:9;s:11:\"core\/spacer\";i:10;s:30:\"woocommerce\/product-categories\";i:11;s:10:\"core\/image\";i:12;s:14:\"core\/shortcode\";}s:8:\"uag_flag\";b:1;s:11:\"uag_version\";s:10:\"1777348700\";s:6:\"gfonts\";a:0:{}s:10:\"gfonts_url\";s:0:\"\";s:12:\"gfonts_files\";a:0:{}s:14:\"uag_faq_layout\";b:0;}"]},"uagb_featured_image_src":{"full":["https:\/\/www.ferberpainting.com\/wp-content\/uploads\/2025\/05\/Decapantfacade5L.jpg",2560,2560,false],"thumbnail":["https:\/\/www.ferberpainting.com\/wp-content\/uploads\/2025\/05\/Decapantfacade5L-150x150.jpg",150,150,true],"medium":["https:\/\/www.ferberpainting.com\/wp-content\/uploads\/2025\/05\/Decapantfacade5L-300x300.jpg",300,300,true],"medium_large":["https:\/\/www.ferberpainting.com\/wp-content\/uploads\/2025\/05\/Decapantfacade5L-768x768.jpg",768,768,true],"large":["https:\/\/www.ferberpainting.com\/wp-content\/uploads\/2025\/05\/Decapantfacade5L-1024x1024.jpg",1024,1024,true],"1536x1536":["https:\/\/www.ferberpainting.com\/wp-content\/uploads\/2025\/05\/Decapantfacade5L-1536x1536.jpg",1536,1536,true],"2048x2048":["https:\/\/www.ferberpainting.com\/wp-content\/uploads\/2025\/05\/Decapantfacade5L-2048x2048.jpg",2048,2048,true],"trp-custom-language-flag":["https:\/\/www.ferberpainting.com\/wp-content\/uploads\/2025\/05\/Decapantfacade5L-12x12.jpg",12,12,true],"woocommerce_thumbnail":["https:\/\/www.ferberpainting.com\/wp-content\/uploads\/2025\/05\/Decapantfacade5L-300x300.jpg",300,300,true],"woocommerce_single":["https:\/\/www.ferberpainting.com\/wp-content\/uploads\/2025\/05\/Decapantfacade5L-600x600.jpg",600,600,true],"woocommerce_gallery_thumbnail":["https:\/\/www.ferberpainting.com\/wp-content\/uploads\/2025\/05\/Decapantfacade5L-100x100.jpg",100,100,true]},"uagb_author_info":{"display_name":"admin","author_link":"https:\/\/www.ferberpainting.com\/ee\/author\/"},"uagb_comment_info":50,"uagb_excerpt":"Remove old paint and coatings from exterior walls quickly and effectively. Our facade and exterior wall stripper is specially formulated to dissolve and lift multiple layers of paint, varnish, and surface coatings from masonry and exterior substrates. It penetrates deeply into old finishes, softening them for easy removal without excessive scraping or aggressive mechanical methods.&hellip;","_links":{"self":[{"href":"https:\/\/www.ferberpainting.com\/ee\/wp-json\/wp\/v2\/product\/23434","targetHints":{"allow":["GET"]}}],"collection":[{"href":"https:\/\/www.ferberpainting.com\/ee\/wp-json\/wp\/v2\/product"}],"about":[{"href":"https:\/\/www.ferberpainting.com\/ee\/wp-json\/wp\/v2\/types\/product"}],"replies":[{"embeddable":true,"href":"https:\/\/www.ferberpainting.com\/ee\/wp-json\/wp\/v2\/comments?post=23434"}],"version-history":[{"count":3,"href":"https:\/\/www.ferberpainting.com\/ee\/wp-json\/wp\/v2\/product\/23434\/revisions"}],"predecessor-version":[{"id":166114,"href":"https:\/\/www.ferberpainting.com\/ee\/wp-json\/wp\/v2\/product\/23434\/revisions\/166114"}],"wp:featuredmedia":[{"embeddable":true,"href":"https:\/\/www.ferberpainting.com\/ee\/wp-json\/wp\/v2\/media\/25970"}],"wp:attachment":[{"href":"https:\/\/www.ferberpainting.com\/ee\/wp-json\/wp\/v2\/media?parent=23434"}],"wp:term":[{"taxonomy":"product_brand","embeddable":true,"href":"https:\/\/www.ferberpainting.com\/ee\/wp-json\/wp\/v2\/product_brand?post=23434"},{"taxonomy":"product_cat","embeddable":true,"href":"https:\/\/www.ferberpainting.com\/ee\/wp-json\/wp\/v2\/product_cat?post=23434"},{"taxonomy":"product_tag","embeddable":true,"href":"https:\/\/www.ferberpainting.com\/ee\/wp-json\/wp\/v2\/product_tag?post=23434"}],"curies":[{"name":"wp","href":"https:\/\/api.w.org\/{rel}","templated":true}]}}