{"id":23214,"date":"2025-05-26T10:23:21","date_gmt":"2025-05-26T08:23:21","guid":{"rendered":"https:\/\/www.ferberpainting.com\/products\/eucalyptus-fertilizer\/"},"modified":"2026-02-15T13:55:42","modified_gmt":"2026-02-15T12:55:42","slug":"eucalyptus-fertilizer","status":"publish","type":"product","link":"https:\/\/www.ferberpainting.com\/ee\/products\/eucalyptus-fertilizer\/","title":{"rendered":"Eukal\u00fcpti v\u00e4etis"},"content":{"rendered":"<p><img decoding=\"async\" style=\"margin-right: 12px;\" src=\"https:\/\/www.ferberpainting.com\/wp-content\/uploads\/2026\/02\/Check.svg\" alt=\"\" width=\"18\" height=\"15\" \/><strong>T\u00e4ielik v\u00e4etis kiireks kasvuks ja tihedaks lehestikuks.<\/strong>\u00a0See eukal\u00fcpti v\u00e4etis on spetsiaalselt koostatud selle kiiresti kasvava puu erivajaduste rahuldamiseks. T\u00e4nu NPK 15-15-15 koostisele pakub see t\u00e4iuslikku tasakaalu l\u00e4mmastiku (N), mis soodustab lopsaka rohelise lehestiku teket, fosfori (P), mis stimuleerib s\u00fcgavat ja tugevat juurdumist, ja kaaliumi (K) vahel, mis parandab vastupanuv\u00f5imet haigustele ja \u00e4\u00e4rmuslikele ilmastikutingimustele. T\u00f5husalt toidab see v\u00e4etis eukal\u00fcpti, tagades harmoonilise arengu, tugeva t\u00fcve ja t\u00e4iustatud aromaatsete omadustega lehed.<\/p>\n<p><img decoding=\"async\" style=\"margin-right: 12px;\" src=\"https:\/\/www.ferberpainting.com\/wp-content\/uploads\/2026\/02\/Check.svg\" alt=\"\" width=\"18\" height=\"15\" \/><strong>Raha tagasi garantii.<\/strong>\u00a0Oleme t\u00e4iesti veendunud meie eukal\u00fcpti v\u00e4etise t\u00f5hususes, mist\u00f5ttu pakume teile raha tagasi garantiid. Kui teie eukal\u00fcptil ei ilmne p\u00e4rast soovituste kohast kasutamist kiiremat kasvu v\u00f5i tihedamat lehestikku, kohustume teile raha t\u00e4ielikult tagasi maksma. See garantii annab teile meelerahu ostmisel.<\/p>\n<p><img decoding=\"async\" style=\"margin-right: 12px;\" src=\"https:\/\/www.ferberpainting.com\/wp-content\/uploads\/2026\/02\/Check.svg\" alt=\"\" width=\"18\" height=\"15\" \/><strong>Sobib k\u00f5ikide eukal\u00fcptisortide ja k\u00f5ikide kasvutingimuste jaoks.<\/strong>\u00a0See v\u00e4etis sobib k\u00f5ikidele eukal\u00fcptiliikidele, nii Eucalyptus gunnii, Eucalyptus globulus kui ka Eucalyptus citriodora, mida kasvatatakse potis, avamaal v\u00f5i kasvuhoones. See toimib h\u00e4sti nii noorte taimede kui ka k\u00fcpsete puude puhul ning toimib t\u00f5husalt k\u00f5ikidel mullaliikidel, sealhulgas vaestel, liivastel v\u00f5i kergelt happelistel muldadel.<\/p>\n<p><img decoding=\"async\" style=\"margin-right: 12px;\" src=\"https:\/\/www.ferberpainting.com\/wp-content\/uploads\/2026\/02\/Check.svg\" alt=\"\" width=\"18\" height=\"15\" \/><strong>Kulut\u00f5hus lahendus ja pikaajaline v\u00e4etamine.<\/strong>\u00a0T\u00e4nu kontsentreeritud vedelale koostisele v\u00f5imaldab 5-liitrine kanister valmistada kuni 1000 liitrit v\u00e4etislahust, tagades pikaajalise ja kulut\u00f5husa v\u00e4etamise. Selle v\u00e4etise annuse 5 ml \u00fche liitri vee kohta on piisav, et tagada regulaarne ja j\u00f5uline kasv, v\u00e4hendades samal ajal raiskamist ja pakkudes suurep\u00e4rast hinna ja kvaliteedi suhet.<\/p>\n<p><img decoding=\"async\" style=\"margin-right: 12px;\" src=\"https:\/\/www.ferberpainting.com\/wp-content\/uploads\/2026\/02\/Check.svg\" alt=\"\" width=\"18\" height=\"15\" \/><strong>Ohutu ja keskkonnas\u00f5bralik v\u00e4etis.<\/strong>\u00a0See v\u00e4etis on koostatud ilma agressiivsete keemiliste toodetena ja austab mulla loomulikku tasakaalu ja bioloogilist mitmekesisust. See soodustab toitainete kiiret imendumist ilma keskkonda negatiivselt m\u00f5jutamata. See on ohutu loomastiku, taimestiku ja koduloomade jaoks, tagades \u00f5rna ja t\u00f5husa v\u00e4etamise, ilma et see kahjustaks teie mulla kvaliteeti.<\/p>\n<p><img decoding=\"async\" style=\"margin-right: 12px;\" src=\"https:\/\/www.ferberpainting.com\/wp-content\/uploads\/2026\/02\/Check.svg\" alt=\"\" width=\"18\" height=\"15\" \/><strong>Lihtne pealekandmine vaevata v\u00e4etamiseks.<\/strong>\u00a0Erinevalt tahketest v\u00e4etistest, mis n\u00f5uavad t\u00e4pset laotamist ja matmist, lahjendatakse see vedelv\u00e4etis otse kastmisveega, tagades kiire ja optimaalse toitainete omastamise. Seda saab kasutada kastmise teel puu juurest v\u00f5i lehest pihustades, pakkudes suurt paindlikkust kasutamisel ja toitainete paremat imendumist.<\/p>\n<p><img decoding=\"async\" style=\"margin-right: 12px;\" src=\"https:\/\/www.ferberpainting.com\/wp-content\/uploads\/2026\/02\/Check.svg\" alt=\"\" width=\"18\" height=\"15\" \/><strong>J\u00e4tkusuutlik meede kiirendatud kasvu ja parema vastupanuv\u00f5ime saavutamiseks.<\/strong>\u00a0T\u00e4nu toitainete j\u00e4rkj\u00e4rgulisele vabanemisele stimuleerib see v\u00e4etis v\u00f5rsete ja lehtede kiiret kasvu, tugevdades samal ajal puu struktuuri ja vastupidavust v\u00e4listele agressioonidele. Samuti parandab see puu vastupidavust p\u00f5uale, tuulele ja kliimamuutustele, tagades parema pikaealisuse ja optimaalse kohanemise keskkonnaga.<\/p>\n<p><img decoding=\"async\" style=\"margin-right: 12px;\" src=\"https:\/\/www.ferberpainting.com\/wp-content\/uploads\/2026\/02\/Check.svg\" alt=\"\" width=\"18\" height=\"15\" \/><strong>N\u00e4htavad tulemused juba esimestel n\u00e4dalatel.<\/strong>\u00a0See v\u00e4etis kiirendab alates esimestest kasutuskordadest noorte v\u00f5rsete arengut, parandab lehtede tihedust ja soodustab s\u00fcgavamat juurdumist. Samuti aitab see eukal\u00fcptile rohkemaid, tihedamaid ja aromaatsemaid lehti, millel on paremad t\u00f5rjuvad omadused kahjurite vastu.<\/p>\n<h2><strong>Kasutamise protokoll<\/strong><\/h2>\n<ul>\n<li><strong>V\u00e4etise lahjendamine <\/strong>: Segage 5 ml v\u00e4etist 1 liitri vee kohta. Enne iga kasutamist raputage lahust h\u00e4sti, et tagada toitainete \u00fchtlane jaotumine.<\/li>\n<li><strong>Rakendusmeetod <\/strong>:\n<ul>\n<li><strong>Kastmisega <\/strong>: Valage lahjendatud lahus otse puu t\u00fcvele, tagades, et muld on h\u00e4sti l\u00e4bi imbunud, kuid mitte liigselt, et v\u00e4ltida asjatut \u00e4ravoolu.<\/li>\n<li><strong>Lehtpihustamise teel<\/strong> : Pihustage lahust kergelt lehtedele, eelistatavalt varahommikul v\u00f5i hilis\u00f5htul, et v\u00e4ltida kiiret aurustumist ja tagada optimaalne imendumine.<\/li>\n<\/ul>\n<\/li>\n<li><strong>Kasutamise sagedus <\/strong>: Kandke v\u00e4etist iga 15 p\u00e4eva j\u00e4rel aktiivse kasvuperioodi (kevad-suvi) ja \u00fcks kord kuus puhkeperioodi (s\u00fcgis-talv) jooksul, et s\u00e4ilitada puude n\u00f5uetekohane areng kogu aasta jooksul.<\/li>\n<li><strong>T\u00e4iendav kastmine <\/strong>: P\u00e4rast v\u00e4etise kasutamist oodake 48 tundi, enne kui kastate uuesti, et optimeerida toitainete imendumist juurte poolt.<\/li>\n<li><strong>Ettevaatusabin\u00f5ud kasutamisel <\/strong>: \u00c4rge \u00fcletage soovitatud annuseid, et v\u00e4ltida liigset toitainete hulka, mis v\u00f5ib p\u00f5hjustada liiga kiiret ja tasakaalustamata kasvu. Kandke ainult kergelt niiskele pinnasele, et tagada toitainete optimaalne omastamine.<\/li>\n<li><strong>Ladustamine ja s\u00e4ilitamine <\/strong>: S\u00e4ilitage v\u00e4etist kuivas ja temperamentses kohas, valguse ja niiskuse eest kaitstult. P\u00e4rast iga kasutamist sulgege mahuti uuesti tihedalt, et s\u00e4ilitada toote t\u00f5husus ja v\u00e4ltida aurustumist.<\/li>\n<\/ul>\n<p>Selle eukal\u00fcpti v\u00e4etisega annate oma puudele t\u00e4ieliku ja tasakaalustatud toitumise, soodustades j\u00f5ulist kasvu, tihedat lehestikku ja paremat vastupidavust keskkonnatingimustele. See on ideaalne lahendus eukal\u00fcptipuude t\u00e4iusliku tervise s\u00e4ilitamiseks, mis kaunistab teie aeda nende elegantse kuju ja aromaatse lehestikuga aastaringselt.<\/p>","protected":false},"excerpt":{"rendered":"<p>A complete fertilizer for fast growth and dense foliage.\u00a0This fertilizer for eucalyptus is specially formulated to meet the specific needs of this fast-growing tree. Thanks to its NPK 15-15-15 composition, it offers a perfect balance between nitrogen (N), which promotes lush green foliage, phosphorus (P), which stimulates deep and strong rooting, and potassium (K), which [&hellip;]<\/p>\n","protected":false},"featured_media":25762,"comment_status":"open","ping_status":"closed","template":"","meta":{"_uag_custom_page_level_css":"","site-sidebar-layout":"default","site-content-layout":"","ast-site-content-layout":"default","site-content-style":"default","site-sidebar-style":"default","ast-global-header-display":"","ast-banner-title-visibility":"","ast-main-header-display":"","ast-hfb-above-header-display":"","ast-hfb-below-header-display":"","ast-hfb-mobile-header-display":"","site-post-title":"","ast-breadcrumbs-content":"","ast-featured-img":"","footer-sml-layout":"","ast-disable-related-posts":"","theme-transparent-header-meta":"default","adv-header-id-meta":"","stick-header-meta":"","header-above-stick-meta":"","header-main-stick-meta":"","header-below-stick-meta":"","astra-migrate-meta-layouts":"set","ast-page-background-enabled":"default","ast-page-background-meta":{"desktop":{"background-color":"var(--ast-global-color-4)","background-image":"","background-repeat":"repeat","background-position":"center center","background-size":"auto","background-attachment":"scroll","background-type":"","background-media":"","overlay-type":"","overlay-color":"","overlay-opacity":"","overlay-gradient":""},"tablet":{"background-color":"","background-image":"","background-repeat":"repeat","background-position":"center center","background-size":"auto","background-attachment":"scroll","background-type":"","background-media":"","overlay-type":"","overlay-color":"","overlay-opacity":"","overlay-gradient":""},"mobile":{"background-color":"","background-image":"","background-repeat":"repeat","background-position":"center center","background-size":"auto","background-attachment":"scroll","background-type":"","background-media":"","overlay-type":"","overlay-color":"","overlay-opacity":"","overlay-gradient":""}},"ast-content-background-meta":{"desktop":{"background-color":"var(--ast-global-color-5)","background-image":"","background-repeat":"repeat","background-position":"center center","background-size":"auto","background-attachment":"scroll","background-type":"","background-media":"","overlay-type":"","overlay-color":"","overlay-opacity":"","overlay-gradient":""},"tablet":{"background-color":"var(--ast-global-color-5)","background-image":"","background-repeat":"repeat","background-position":"center center","background-size":"auto","background-attachment":"scroll","background-type":"","background-media":"","overlay-type":"","overlay-color":"","overlay-opacity":"","overlay-gradient":""},"mobile":{"background-color":"var(--ast-global-color-5)","background-image":"","background-repeat":"repeat","background-position":"center center","background-size":"auto","background-attachment":"scroll","background-type":"","background-media":"","overlay-type":"","overlay-color":"","overlay-opacity":"","overlay-gradient":""}}},"product_brand":[],"product_cat":[178],"product_tag":[],"class_list":{"0":"post-23214","1":"product","2":"type-product","3":"status-publish","4":"has-post-thumbnail","6":"product_cat-fertilizers","7":"desktop-align-left","8":"tablet-align-left","9":"mobile-align-left","11":"first","12":"instock","13":"sale","14":"shipping-taxable","15":"purchasable","16":"product-type-variable","17":"has-default-attributes"},"spectra_custom_meta":{"_visibility":["visible"],"_shopify_product_id":["9066410082549"],"_s2w_shopify_domain":["ferberpainting.myshopify.com"],"_shopify_variant_id":["46503388381429"],"_sku":[""],"_manage_stock":["no"],"total_sales":["15"],"_tax_status":["taxable"],"_tax_class":[""],"_backorders":["no"],"_sold_individually":["no"],"_virtual":["no"],"_downloadable":["no"],"_download_limit":["-1"],"_download_expiry":["-1"],"_stock":[null],"_stock_status":["instock"],"_wc_average_rating":["5.00"],"_wc_review_count":["6"],"_product_attributes":["a:1:{s:6:\"volume\";a:6:{s:4:\"name\";s:6:\"Volume\";s:5:\"value\";s:20:\"5 liters | 25 liters\";s:8:\"position\";i:1;s:10:\"is_visible\";i:0;s:12:\"is_variation\";i:1;s:11:\"is_taxonomy\";i:0;}}"],"_product_version":["10.5.1"],"_thumbnail_id":["25762"],"_product_image_gallery":["25763"],"wpse_downloadable_file_names":[""],"wpse_downloadable_file_urls":[""],"_edit_last":["1"],"_default_attributes":["a:1:{s:6:\"volume\";s:8:\"5 liters\";}"],"_wc_rating_count":["a:1:{i:5;i:6;}"],"_edit_lock":["1771160003:1"],"_price":["29.90","129.90"],"merchant-center-availability":["yes"],"merchant-center-category":["113"],"_wp_page_template":["default"],"site-sidebar-layout":["default"],"ast-site-content-layout":["default"],"site-content-style":["default"],"site-sidebar-style":["default"],"theme-transparent-header-meta":["default"],"astra-migrate-meta-layouts":["set"],"_uag_css_file_name":["uag-css-23214.css"],"_elementor_page_assets":["a:0:{}"],"_uag_page_assets":["a:9:{s:3:\"css\";s:7133:\".uag-blocks-common-selector{z-index:var(--z-index-desktop) !important}@media(max-width: 976px){.uag-blocks-common-selector{z-index:var(--z-index-tablet) !important}}@media(max-width: 767px){.uag-blocks-common-selector{z-index:var(--z-index-mobile) !important}}.wp-block-uagb-image{display:flex}.wp-block-uagb-image__figure{position:relative;display:flex;flex-direction:column;max-width:100%;height:auto;margin:0}.wp-block-uagb-image__figure img{height:auto;display:flex;max-width:100%;transition:box-shadow .2s ease}.wp-block-uagb-image__figure>a{display:inline-block}.wp-block-uagb-image__figure figcaption{text-align:center;margin-top:.5em;margin-bottom:1em}.wp-block-uagb-image .components-placeholder.block-editor-media-placeholder .components-placeholder__instructions{align-self:center}.wp-block-uagb-image--align-left{text-align:left}.wp-block-uagb-image--align-right{text-align:right}.wp-block-uagb-image--align-center{text-align:center}.wp-block-uagb-image--align-full .wp-block-uagb-image__figure{margin-left:calc(50% - 50vw);margin-right:calc(50% - 50vw);max-width:100vw;width:100vw;height:auto}.wp-block-uagb-image--align-full .wp-block-uagb-image__figure img{height:auto;width:100% !important}.wp-block-uagb-image--align-wide .wp-block-uagb-image__figure img{height:auto;width:100%}.wp-block-uagb-image--layout-overlay__color-wrapper{position:absolute;left:0;top:0;right:0;bottom:0;opacity:.2;background:rgba(0,0,0,.5);transition:opacity .35s ease-in-out}.wp-block-uagb-image--layout-overlay-link{position:absolute;left:0;right:0;bottom:0;top:0}.wp-block-uagb-image--layout-overlay .wp-block-uagb-image__figure:hover .wp-block-uagb-image--layout-overlay__color-wrapper{opacity:1}.wp-block-uagb-image--layout-overlay__inner{position:absolute;left:15px;right:15px;bottom:15px;top:15px;display:flex;align-items:center;justify-content:center;flex-direction:column;border-color:#fff;transition:.35s ease-in-out}.wp-block-uagb-image--layout-overlay__inner.top-left,.wp-block-uagb-image--layout-overlay__inner.top-center,.wp-block-uagb-image--layout-overlay__inner.top-right{justify-content:flex-start}.wp-block-uagb-image--layout-overlay__inner.bottom-left,.wp-block-uagb-image--layout-overlay__inner.bottom-center,.wp-block-uagb-image--layout-overlay__inner.bottom-right{justify-content:flex-end}.wp-block-uagb-image--layout-overlay__inner.top-left,.wp-block-uagb-image--layout-overlay__inner.center-left,.wp-block-uagb-image--layout-overlay__inner.bottom-left{align-items:flex-start}.wp-block-uagb-image--layout-overlay__inner.top-right,.wp-block-uagb-image--layout-overlay__inner.center-right,.wp-block-uagb-image--layout-overlay__inner.bottom-right{align-items:flex-end}.wp-block-uagb-image--layout-overlay__inner .uagb-image-heading{color:#fff;transition:transform .35s,opacity .35s ease-in-out;transform:translate3d(0, 24px, 0);margin:0;line-height:1em}.wp-block-uagb-image--layout-overlay__inner .uagb-image-separator{width:30%;border-top-width:2px;border-top-color:#fff;border-top-style:solid;margin-bottom:10px;opacity:0;transition:transform .4s,opacity .4s ease-in-out;transform:translate3d(0, 30px, 0)}.wp-block-uagb-image--layout-overlay__inner .uagb-image-caption{opacity:0;overflow:visible;color:#fff;transition:transform .45s,opacity .45s ease-in-out;transform:translate3d(0, 35px, 0)}.wp-block-uagb-image--layout-overlay__inner:hover .uagb-image-heading,.wp-block-uagb-image--layout-overlay__inner:hover .uagb-image-separator,.wp-block-uagb-image--layout-overlay__inner:hover .uagb-image-caption{opacity:1;transform:translate3d(0, 0, 0)}.wp-block-uagb-image--effect-zoomin .wp-block-uagb-image__figure img,.wp-block-uagb-image--effect-zoomin .wp-block-uagb-image__figure .wp-block-uagb-image--layout-overlay__color-wrapper{transform:scale(1);transition:transform .35s ease-in-out}.wp-block-uagb-image--effect-zoomin .wp-block-uagb-image__figure:hover img,.wp-block-uagb-image--effect-zoomin .wp-block-uagb-image__figure:hover .wp-block-uagb-image--layout-overlay__color-wrapper{transform:scale(1.05)}.wp-block-uagb-image--effect-slide .wp-block-uagb-image__figure img,.wp-block-uagb-image--effect-slide .wp-block-uagb-image__figure .wp-block-uagb-image--layout-overlay__color-wrapper{width:calc(100% + 40px) !important;max-width:none !important;transform:translate3d(-40px, 0, 0);transition:transform .35s ease-in-out}.wp-block-uagb-image--effect-slide .wp-block-uagb-image__figure:hover img,.wp-block-uagb-image--effect-slide .wp-block-uagb-image__figure:hover .wp-block-uagb-image--layout-overlay__color-wrapper{transform:translate3d(0, 0, 0)}.wp-block-uagb-image--effect-grayscale img{filter:grayscale(0%);transition:.35s ease-in-out}.wp-block-uagb-image--effect-grayscale:hover img{filter:grayscale(100%)}.wp-block-uagb-image--effect-blur img{filter:blur(0);transition:.35s ease-in-out}.wp-block-uagb-image--effect-blur:hover img{filter:blur(3px)}.uagb-block-e6f939b3.wp-block-uagb-image--layout-default figure img{box-shadow: 0px 0px 0 #00000070;}.uagb-block-e6f939b3.wp-block-uagb-image .wp-block-uagb-image__figure figcaption{font-style: normal;align-self: center;}.uagb-block-e6f939b3.wp-block-uagb-image--layout-overlay figure img{box-shadow: 0px 0px 0 #00000070;}.uagb-block-e6f939b3.wp-block-uagb-image--layout-overlay .wp-block-uagb-image--layout-overlay__color-wrapper{opacity: 0.2;}.uagb-block-e6f939b3.wp-block-uagb-image--layout-overlay .wp-block-uagb-image--layout-overlay__inner{left: 15px;right: 15px;top: 15px;bottom: 15px;}.uagb-block-e6f939b3.wp-block-uagb-image--layout-overlay .wp-block-uagb-image--layout-overlay__inner .uagb-image-heading{font-style: normal;color: #fff;opacity: 1;}.uagb-block-e6f939b3.wp-block-uagb-image--layout-overlay .wp-block-uagb-image--layout-overlay__inner .uagb-image-heading a{color: #fff;}.uagb-block-e6f939b3.wp-block-uagb-image--layout-overlay .wp-block-uagb-image--layout-overlay__inner .uagb-image-caption{opacity: 0;}.uagb-block-e6f939b3.wp-block-uagb-image--layout-overlay .wp-block-uagb-image__figure:hover .wp-block-uagb-image--layout-overlay__color-wrapper{opacity: 1;}.uagb-block-e6f939b3.wp-block-uagb-image .wp-block-uagb-image--layout-overlay__inner .uagb-image-separator{width: 30%;border-top-width: 2px;border-top-color: #fff;opacity: 0;}.uagb-block-e6f939b3.wp-block-uagb-image .wp-block-uagb-image__figure img{width: px;height: auto;}.uagb-block-e6f939b3.wp-block-uagb-image .wp-block-uagb-image__figure:hover .wp-block-uagb-image--layout-overlay__inner .uagb-image-caption{opacity: 1;}.uagb-block-e6f939b3.wp-block-uagb-image .wp-block-uagb-image__figure:hover .wp-block-uagb-image--layout-overlay__inner .uagb-image-separator{opacity: 1;}.uagb-block-e6f939b3.wp-block-uagb-image--layout-default figure:hover img{box-shadow: 0px 0px 0 #00000070;}.uagb-block-e6f939b3.wp-block-uagb-image--layout-overlay figure:hover img{box-shadow: 0px 0px 0 #00000070;}@media only screen and (max-width: 976px) {.uagb-block-e6f939b3.wp-block-uagb-image .wp-block-uagb-image__figure img{width: px;height: auto;}}@media only screen and (max-width: 767px) {.uagb-block-e6f939b3.wp-block-uagb-image .wp-block-uagb-image__figure img{width: px;height: auto;}}\";s:2:\"js\";s:0:\"\";s:18:\"current_block_list\";a:13:{i:0;s:11:\"core\/search\";i:1;s:10:\"core\/group\";i:2;s:12:\"core\/heading\";i:3;s:17:\"core\/latest-posts\";i:4;s:20:\"core\/latest-comments\";i:5;s:13:\"core\/archives\";i:6;s:15:\"core\/categories\";i:7;s:14:\"core\/paragraph\";i:8;s:10:\"uagb\/image\";i:9;s:11:\"core\/spacer\";i:10;s:30:\"woocommerce\/product-categories\";i:11;s:10:\"core\/image\";i:12;s:14:\"core\/shortcode\";}s:8:\"uag_flag\";b:1;s:11:\"uag_version\";s:10:\"1777095036\";s:6:\"gfonts\";a:0:{}s:10:\"gfonts_url\";s:0:\"\";s:12:\"gfonts_files\";a:0:{}s:14:\"uag_faq_layout\";b:0;}"]},"uagb_featured_image_src":{"full":["https:\/\/www.ferberpainting.com\/wp-content\/uploads\/2025\/05\/EucalyptusFertilizer5L.png",2560,2560,false],"thumbnail":["https:\/\/www.ferberpainting.com\/wp-content\/uploads\/2025\/05\/EucalyptusFertilizer5L-150x150.png",150,150,true],"medium":["https:\/\/www.ferberpainting.com\/wp-content\/uploads\/2025\/05\/EucalyptusFertilizer5L-300x300.png",300,300,true],"medium_large":["https:\/\/www.ferberpainting.com\/wp-content\/uploads\/2025\/05\/EucalyptusFertilizer5L-768x768.png",768,768,true],"large":["https:\/\/www.ferberpainting.com\/wp-content\/uploads\/2025\/05\/EucalyptusFertilizer5L-1024x1024.png",1024,1024,true],"1536x1536":["https:\/\/www.ferberpainting.com\/wp-content\/uploads\/2025\/05\/EucalyptusFertilizer5L-1536x1536.png",1536,1536,true],"2048x2048":["https:\/\/www.ferberpainting.com\/wp-content\/uploads\/2025\/05\/EucalyptusFertilizer5L-2048x2048.png",2048,2048,true],"trp-custom-language-flag":["https:\/\/www.ferberpainting.com\/wp-content\/uploads\/2025\/05\/EucalyptusFertilizer5L-12x12.png",12,12,true],"woocommerce_thumbnail":["https:\/\/www.ferberpainting.com\/wp-content\/uploads\/2025\/05\/EucalyptusFertilizer5L-300x300.png",300,300,true],"woocommerce_single":["https:\/\/www.ferberpainting.com\/wp-content\/uploads\/2025\/05\/EucalyptusFertilizer5L-600x600.png",600,600,true],"woocommerce_gallery_thumbnail":["https:\/\/www.ferberpainting.com\/wp-content\/uploads\/2025\/05\/EucalyptusFertilizer5L-100x100.png",100,100,true]},"uagb_author_info":{"display_name":"admin","author_link":"https:\/\/www.ferberpainting.com\/ee\/author\/"},"uagb_comment_info":6,"uagb_excerpt":"A complete fertilizer for fast growth and dense foliage.\u00a0This fertilizer for eucalyptus is specially formulated to meet the specific needs of this fast-growing tree. Thanks to its NPK 15-15-15 composition, it offers a perfect balance between nitrogen (N), which promotes lush green foliage, phosphorus (P), which stimulates deep and strong rooting, and potassium (K), which&hellip;","_links":{"self":[{"href":"https:\/\/www.ferberpainting.com\/ee\/wp-json\/wp\/v2\/product\/23214","targetHints":{"allow":["GET"]}}],"collection":[{"href":"https:\/\/www.ferberpainting.com\/ee\/wp-json\/wp\/v2\/product"}],"about":[{"href":"https:\/\/www.ferberpainting.com\/ee\/wp-json\/wp\/v2\/types\/product"}],"replies":[{"embeddable":true,"href":"https:\/\/www.ferberpainting.com\/ee\/wp-json\/wp\/v2\/comments?post=23214"}],"version-history":[{"count":5,"href":"https:\/\/www.ferberpainting.com\/ee\/wp-json\/wp\/v2\/product\/23214\/revisions"}],"predecessor-version":[{"id":164771,"href":"https:\/\/www.ferberpainting.com\/ee\/wp-json\/wp\/v2\/product\/23214\/revisions\/164771"}],"wp:featuredmedia":[{"embeddable":true,"href":"https:\/\/www.ferberpainting.com\/ee\/wp-json\/wp\/v2\/media\/25762"}],"wp:attachment":[{"href":"https:\/\/www.ferberpainting.com\/ee\/wp-json\/wp\/v2\/media?parent=23214"}],"wp:term":[{"taxonomy":"product_brand","embeddable":true,"href":"https:\/\/www.ferberpainting.com\/ee\/wp-json\/wp\/v2\/product_brand?post=23214"},{"taxonomy":"product_cat","embeddable":true,"href":"https:\/\/www.ferberpainting.com\/ee\/wp-json\/wp\/v2\/product_cat?post=23214"},{"taxonomy":"product_tag","embeddable":true,"href":"https:\/\/www.ferberpainting.com\/ee\/wp-json\/wp\/v2\/product_tag?post=23214"}],"curies":[{"name":"wp","href":"https:\/\/api.w.org\/{rel}","templated":true}]}}