{"id":23195,"date":"2025-07-01T16:17:12","date_gmt":"2025-07-01T14:17:12","guid":{"rendered":"https:\/\/www.ferberpainting.com\/?post_type=product&#038;p=23195"},"modified":"2026-02-15T13:48:05","modified_gmt":"2026-02-15T12:48:05","slug":"descaler-for-macerator-toilet","status":"publish","type":"product","link":"https:\/\/www.ferberpainting.com\/ee\/products\/descaler-for-macerator-toilet\/","title":{"rendered":"Katlakivieemaldi \u2013 sanibroyeur"},"content":{"rendered":"<p><img decoding=\"async\" style=\"margin-right: 12px;\" src=\"https:\/\/www.ferberpainting.com\/wp-content\/uploads\/2026\/02\/Check.svg\" alt=\"\" width=\"18\" height=\"15\" \/><strong>T\u00f5hus lubjakivi ja kaltsiumikihi vastu.<\/strong>\u00a0Masinap\u00fc\u00fcdja on spetsiaalselt loodud selleks, et k\u00f5rvaldada t\u00f5husalt lubjakivi ja kaltsiumikihid, mis v\u00f5ivad koguneda sanitaartehniliste seadmete, nagu n\u00e4iteks masinguvees olevate tualettruumide sisse. Need j\u00e4\u00e4gid v\u00f5ivad blokeerida sisemisi mehhanisme ja v\u00e4hendada s\u00fcsteemi t\u00f5husust. T\u00e4nu oma v\u00f5imsale koostisele aitab see toode s\u00e4ilitada teie makeraatori n\u00f5uetekohast toimimist, pakkudes samal ajal s\u00fcgavpuhastust.<\/p>\n<p><img decoding=\"async\" style=\"margin-right: 12px;\" src=\"https:\/\/www.ferberpainting.com\/wp-content\/uploads\/2026\/02\/Check.svg\" alt=\"\" width=\"18\" height=\"15\" \/><strong>Raha tagasi garantii.<\/strong>\u00a0Me oleme veendunud meie makeraatorite lupjamisvahendi t\u00f5hususes, mist\u00f5ttu pakume rahulolu- v\u00f5i tagasimaksegarantiid. Kui te ei ole tootega rahul v\u00f5i see ei vasta teie ootustele, v\u00f5ite taotleda t\u00e4ielikku tagasimakset. See v\u00f5imaldab teil toodet t\u00e4iesti rahulikult proovida.<\/p>\n<p><img decoding=\"async\" style=\"margin-right: 12px;\" src=\"https:\/\/www.ferberpainting.com\/wp-content\/uploads\/2026\/02\/Check.svg\" alt=\"\" width=\"18\" height=\"15\" \/><strong>Mitmek\u00fclgne.<\/strong>\u00a0See kalibreerimisvahend on mitmek\u00fclgne toode, mida saab kasutada igat t\u00fc\u00fcpi leotusklosettide puhul, nii lihvijaga kui ka ilma lihvijata. Samuti sobib see kokku erinevate materjalidega, nagu keraamilised, plastik ja metall, mida tavaliselt leidub teie seadme siseosades. Te ei pea enam muretsema \u00fchilduvuse p\u00e4rast oma mazeraatoriga, olenemata mudelist v\u00f5i kaubam\u00e4rgist.<\/p>\n<p><img decoding=\"async\" style=\"margin-right: 12px;\" src=\"https:\/\/www.ferberpainting.com\/wp-content\/uploads\/2026\/02\/Check.svg\" alt=\"\" width=\"18\" height=\"15\" \/><strong>\u00d6konoomne.<\/strong>\u00a0Makrolaadimisseadme kalibreerimisseade pakub suurep\u00e4rast hinna ja kvaliteedi suhet. Keskmiselt piisab \u00fchest liitrist tootest 5 kuni 8 kasutuskorra jaoks, s\u00f5ltuvalt lubjakivi kogusest ja t\u00f6\u00f6deldava seadme suurusest. 5-liitrise mahutiga saate teha 25-40 t\u00f6\u00f6tlust, mis teeb sellest v\u00e4ga kuluefektiivse lahenduse teie sanitaartehniliste seadmete pikaajaliseks hoolduseks.<\/p>\n<p><img decoding=\"async\" style=\"margin-right: 12px;\" src=\"https:\/\/www.ferberpainting.com\/wp-content\/uploads\/2026\/02\/Check.svg\" alt=\"\" width=\"18\" height=\"15\" \/><strong>Mittetoksiline.<\/strong>\u00a0See toode on koostatud nii, et see on ohutu, kui seda kasutatakse vastavalt juhistele. See on m\u00f5eldud katlakivide ja j\u00e4\u00e4kainete eemaldamiseks, ilma et see ohustaks kasutaja tervist. See ei sisalda karmi kemikaale, mist\u00f5ttu on seda lihtsam ja ohutum k\u00e4sitseda kui traditsioonilisi s\u00f6\u00f6vitavaid katlakivieemaldajaid. Maksimaalse ohutuse tagamiseks on siiski soovitatav kasutada kindaid ja n\u00f5uetekohast ventilatsiooni.<\/p>\n<p><img decoding=\"async\" style=\"margin-right: 12px;\" src=\"https:\/\/www.ferberpainting.com\/wp-content\/uploads\/2026\/02\/Check.svg\" alt=\"\" width=\"18\" height=\"15\" \/><strong>Lihtne kasutada.<\/strong>\u00a0Masinap\u00fc\u00fcdja on kasutusvalmis ja ei vaja lahjendamist ega ettevalmistamist. V\u00f5ite kanda seda otse kahjustatud aladele k\u00e4sna v\u00f5i pintsliga. Selle kasutamine on lihtne ja kiire, mis v\u00f5imaldab teil h\u00f5lpsasti hoida oma makeraatorit t\u00e4iuslikus t\u00f6\u00f6korras ilma keeruliste tehnikate v\u00f5i mitmete keemiliste toodete kasutamiseta.<\/p>\n<p><img decoding=\"async\" style=\"margin-right: 12px;\" src=\"https:\/\/www.ferberpainting.com\/wp-content\/uploads\/2026\/02\/Check.svg\" alt=\"\" width=\"18\" height=\"15\" \/><strong>Vastupidavus.<\/strong>\u00a0Regulaarne makrolaadimisvahendi kasutamine hoiab teie seadme sisemuse heas seisukorras, v\u00e4hendades aja jooksul lubjakivi kogunemist. Eemaldades kaltsiumikihid nende tekkimisel, pikendate oma makeraatori kasutusiga ja optimeerite samal ajal selle t\u00f5husust. See toode aitab v\u00e4hendada ka sisemiste ummistuste p\u00f5hjustatud rikkeid.<\/p>\n<p><img decoding=\"async\" style=\"margin-right: 12px;\" src=\"https:\/\/www.ferberpainting.com\/wp-content\/uploads\/2026\/02\/Check.svg\" alt=\"\" width=\"18\" height=\"15\" \/><strong>Kiiresti toimiv.<\/strong>\u00a0See lupjamisvahend toimib kiiresti, et lahustada lubjakivi ja muud j\u00e4\u00e4gid teie mazeraatoris. P\u00e4rast pealekandmist laske sellel lihtsalt paar minutit toimida, et n\u00e4ha tulemusi. S\u00f5ltuvalt j\u00e4\u00e4kide tasemest v\u00f5ite lasta tootel optimaalse t\u00f5hususe saavutamiseks m\u00f5juda 10 kuni 20 minutit. Te ei pea kaua ootama, et loputada ja taastada puhas, toimiv makeraator.<\/p>\n<h2><strong>Kasutamise protokoll<\/strong><\/h2>\n<ul>\n<li><strong>Seadme ettevalmistamine <\/strong>: Enne kalibreerimisvahendi kasutamist veenduge, et maseraator on v\u00e4lja l\u00fclitatud ja et k\u00f5ik puhastatavad osad on jahedad. Turvalisuse huvides t\u00f5mmake seade vajaduse korral vooluv\u00f5rgust v\u00e4lja. Eemaldage vajadusel paaki v\u00f5i kaussi j\u00e4\u00e4nud vesi.<\/li>\n<li><strong>Kalkv\u00e4rvi eemaldaja pealekandmine <\/strong>: Toode on kasutusvalmis ja ei vaja lahjendamist. Kandke lupjap\u00fc\u00fcdjat ohtralt maseraatori siseosadele, kus on n\u00e4ha katlakivi v\u00f5i j\u00e4\u00e4gid. V\u00f5ite kasutada k\u00e4sna v\u00f5i pintslit, et levitada toode \u00fchtlaselt kahjustatud aladele. Veenduge, et k\u00f5ik setted on p\u00f5hjalikult kaetud.<\/li>\n<li><strong>Viibimisaeg <\/strong>: Laske lupjap\u00fc\u00fcdjal 10 kuni 20 minutit seista. Kui katlakivi on tugevalt tekkinud, v\u00f5ite lahustamise parandamiseks pikendada pealekandmise aega. \u00c4rge laske tootel enne loputamist kuivada, sest see v\u00f5ib v\u00e4hendada selle t\u00f5husust.<\/li>\n<li><strong>Loputamine ja puhastamine <\/strong>: P\u00e4rast seisuaega kasutage k\u00e4sna v\u00f5i puhast lappi pindade puhastamiseks ja lahustunud j\u00e4\u00e4kide eemaldamiseks. Seadme loputamiseks v\u00f5ite loputada maseraatorit ka puhta veega. Enne seadme uuesti kasutusele v\u00f5tmist eemaldage kindlasti k\u00f5ik kalibreerimisvahendi j\u00e4ljed.<\/li>\n<li><strong>T\u00f6\u00f6riistade puhastamine <\/strong>: P\u00e4rast kasutamist puhastage t\u00f6\u00f6riistad (k\u00e4snad, pintslid) puhta veega. Oluline on neid p\u00f5hjalikult loputada, et v\u00e4ltida t\u00f6\u00f6riistade kristalliseerumist v\u00f5i kahjustumist.<\/li>\n<li><strong>Ladustamine <\/strong>: S\u00e4ilitage lupjap\u00fc\u00fcdjat originaalpakendis jahedas ja kuivas kohas, eemal k\u00fclmast ja liigsest kuumusest. P\u00e4rast iga kasutuskorda sulgege mahuti tihedalt, et tagada s\u00e4ilivusaeg. N\u00f5uetekohase s\u00e4ilitamise korral s\u00e4ilib lupjap\u00fc\u00fcdja mitu kuud.<\/li>\n<\/ul>\n<p>J\u00e4rgides neid lihtsaid samme, saate h\u00f5lpsasti oma mazeraatorist katlakivi eemaldada ja seda hooldada, tagades selle n\u00f5uetekohase toimimise ja pikaealisuse. See toode sobib ideaalselt lubjakivide ja j\u00e4\u00e4kide kogunemise v\u00e4ltimiseks, aidates teil hoida oma sanitaartehnilisi seadmeid t\u00e4iuslikus seisukorras minimaalse vaevaga.<\/p>","protected":false},"excerpt":{"rendered":"<p>Effective against limescale and calcium deposits.\u00a0The macerator descaler is specially designed to effectively eliminate limescale and calcium deposits that can build up inside sanitary appliances like macerating toilets. These residues can block internal mechanisms and reduce system efficiency. Thanks to its powerful formula, this product helps maintain the proper functioning of your macerator while providing [&hellip;]<\/p>\n","protected":false},"featured_media":36457,"comment_status":"open","ping_status":"closed","template":"","meta":{"_uag_custom_page_level_css":"","site-sidebar-layout":"default","site-content-layout":"","ast-site-content-layout":"default","site-content-style":"default","site-sidebar-style":"default","ast-global-header-display":"","ast-banner-title-visibility":"","ast-main-header-display":"","ast-hfb-above-header-display":"","ast-hfb-below-header-display":"","ast-hfb-mobile-header-display":"","site-post-title":"","ast-breadcrumbs-content":"","ast-featured-img":"","footer-sml-layout":"","ast-disable-related-posts":"","theme-transparent-header-meta":"default","adv-header-id-meta":"","stick-header-meta":"","header-above-stick-meta":"","header-main-stick-meta":"","header-below-stick-meta":"","astra-migrate-meta-layouts":"set","ast-page-background-enabled":"default","ast-page-background-meta":{"desktop":{"background-color":"var(--ast-global-color-4)","background-image":"","background-repeat":"repeat","background-position":"center center","background-size":"auto","background-attachment":"scroll","background-type":"","background-media":"","overlay-type":"","overlay-color":"","overlay-opacity":"","overlay-gradient":""},"tablet":{"background-color":"","background-image":"","background-repeat":"repeat","background-position":"center center","background-size":"auto","background-attachment":"scroll","background-type":"","background-media":"","overlay-type":"","overlay-color":"","overlay-opacity":"","overlay-gradient":""},"mobile":{"background-color":"","background-image":"","background-repeat":"repeat","background-position":"center center","background-size":"auto","background-attachment":"scroll","background-type":"","background-media":"","overlay-type":"","overlay-color":"","overlay-opacity":"","overlay-gradient":""}},"ast-content-background-meta":{"desktop":{"background-color":"var(--ast-global-color-5)","background-image":"","background-repeat":"repeat","background-position":"center center","background-size":"auto","background-attachment":"scroll","background-type":"","background-media":"","overlay-type":"","overlay-color":"","overlay-opacity":"","overlay-gradient":""},"tablet":{"background-color":"var(--ast-global-color-5)","background-image":"","background-repeat":"repeat","background-position":"center center","background-size":"auto","background-attachment":"scroll","background-type":"","background-media":"","overlay-type":"","overlay-color":"","overlay-opacity":"","overlay-gradient":""},"mobile":{"background-color":"var(--ast-global-color-5)","background-image":"","background-repeat":"repeat","background-position":"center center","background-size":"auto","background-attachment":"scroll","background-type":"","background-media":"","overlay-type":"","overlay-color":"","overlay-opacity":"","overlay-gradient":""}}},"product_brand":[],"product_cat":[175],"product_tag":[],"class_list":{"0":"post-23195","1":"product","2":"type-product","3":"status-publish","4":"has-post-thumbnail","6":"product_cat-cleaning-products","7":"desktop-align-left","8":"tablet-align-left","9":"mobile-align-left","11":"first","12":"instock","13":"sale","14":"taxable","15":"shipping-taxable","16":"purchasable","17":"product-type-variable","18":"has-default-attributes"},"spectra_custom_meta":{"_visibility":["visible"],"_shopify_product_id":["9106662916341"],"_s2w_shopify_domain":["ferberpainting.myshopify.com"],"_shopify_variant_id":["46626432385269"],"_sku":[""],"_manage_stock":["no"],"total_sales":["25"],"_tax_status":["taxable"],"_tax_class":[""],"_backorders":["no"],"_sold_individually":["no"],"_virtual":["no"],"_downloadable":["no"],"_download_limit":["-1"],"_download_expiry":["-1"],"_stock":[null],"_stock_status":["instock"],"_wc_average_rating":["5.00"],"_wc_review_count":["18"],"_product_attributes":["a:1:{s:6:\"volume\";a:6:{s:4:\"name\";s:6:\"Volume\";s:5:\"value\";s:20:\"5 liters | 25 liters\";s:8:\"position\";i:1;s:10:\"is_visible\";i:0;s:12:\"is_variation\";i:1;s:11:\"is_taxonomy\";i:0;}}"],"_product_version":["10.5.1"],"wpse_downloadable_file_names":[""],"wpse_downloadable_file_urls":[""],"_edit_last":["1"],"_default_attributes":["a:1:{s:6:\"volume\";s:8:\"5 liters\";}"],"_edit_lock":["1771159549:1"],"merchant-center-availability":["yes"],"merchant-center-category":["7470"],"_thumbnail_id":["36457"],"_wp_page_template":["default"],"_wp_old_date":["2025-05-26"],"_product_image_gallery":["36458"],"site-sidebar-layout":["default"],"ast-site-content-layout":["default"],"site-content-style":["default"],"site-sidebar-style":["default"],"theme-transparent-header-meta":["default"],"_price":["29.90","129.90"],"_wc_rating_count":["a:1:{i:5;i:18;}"],"astra-migrate-meta-layouts":["set"],"_uag_css_file_name":["uag-css-23195.css"],"_elementor_page_assets":["a:0:{}"],"_uag_page_assets":["a:9:{s:3:\"css\";s:6873:\".wp-block-uagb-image{display:flex}.wp-block-uagb-image__figure{position:relative;display:flex;flex-direction:column;max-width:100%;height:auto;margin:0}.wp-block-uagb-image__figure img{height:auto;display:flex;max-width:100%;transition:box-shadow .2s ease}.wp-block-uagb-image__figure>a{display:inline-block}.wp-block-uagb-image__figure figcaption{text-align:center;margin-top:.5em;margin-bottom:1em}.wp-block-uagb-image .components-placeholder.block-editor-media-placeholder .components-placeholder__instructions{align-self:center}.wp-block-uagb-image--align-left{text-align:left}.wp-block-uagb-image--align-right{text-align:right}.wp-block-uagb-image--align-center{text-align:center}.wp-block-uagb-image--align-full .wp-block-uagb-image__figure{margin-left:calc(50% - 50vw);margin-right:calc(50% - 50vw);max-width:100vw;width:100vw;height:auto}.wp-block-uagb-image--align-full .wp-block-uagb-image__figure img{height:auto;width:100% !important}.wp-block-uagb-image--align-wide .wp-block-uagb-image__figure img{height:auto;width:100%}.wp-block-uagb-image--layout-overlay__color-wrapper{position:absolute;left:0;top:0;right:0;bottom:0;opacity:.2;background:rgba(0,0,0,.5);transition:opacity .35s ease-in-out}.wp-block-uagb-image--layout-overlay-link{position:absolute;left:0;right:0;bottom:0;top:0}.wp-block-uagb-image--layout-overlay .wp-block-uagb-image__figure:hover .wp-block-uagb-image--layout-overlay__color-wrapper{opacity:1}.wp-block-uagb-image--layout-overlay__inner{position:absolute;left:15px;right:15px;bottom:15px;top:15px;display:flex;align-items:center;justify-content:center;flex-direction:column;border-color:#fff;transition:.35s ease-in-out}.wp-block-uagb-image--layout-overlay__inner.top-left,.wp-block-uagb-image--layout-overlay__inner.top-center,.wp-block-uagb-image--layout-overlay__inner.top-right{justify-content:flex-start}.wp-block-uagb-image--layout-overlay__inner.bottom-left,.wp-block-uagb-image--layout-overlay__inner.bottom-center,.wp-block-uagb-image--layout-overlay__inner.bottom-right{justify-content:flex-end}.wp-block-uagb-image--layout-overlay__inner.top-left,.wp-block-uagb-image--layout-overlay__inner.center-left,.wp-block-uagb-image--layout-overlay__inner.bottom-left{align-items:flex-start}.wp-block-uagb-image--layout-overlay__inner.top-right,.wp-block-uagb-image--layout-overlay__inner.center-right,.wp-block-uagb-image--layout-overlay__inner.bottom-right{align-items:flex-end}.wp-block-uagb-image--layout-overlay__inner .uagb-image-heading{color:#fff;transition:transform .35s,opacity .35s ease-in-out;transform:translate3d(0, 24px, 0);margin:0;line-height:1em}.wp-block-uagb-image--layout-overlay__inner .uagb-image-separator{width:30%;border-top-width:2px;border-top-color:#fff;border-top-style:solid;margin-bottom:10px;opacity:0;transition:transform .4s,opacity .4s ease-in-out;transform:translate3d(0, 30px, 0)}.wp-block-uagb-image--layout-overlay__inner .uagb-image-caption{opacity:0;overflow:visible;color:#fff;transition:transform .45s,opacity .45s ease-in-out;transform:translate3d(0, 35px, 0)}.wp-block-uagb-image--layout-overlay__inner:hover .uagb-image-heading,.wp-block-uagb-image--layout-overlay__inner:hover .uagb-image-separator,.wp-block-uagb-image--layout-overlay__inner:hover .uagb-image-caption{opacity:1;transform:translate3d(0, 0, 0)}.wp-block-uagb-image--effect-zoomin .wp-block-uagb-image__figure img,.wp-block-uagb-image--effect-zoomin .wp-block-uagb-image__figure .wp-block-uagb-image--layout-overlay__color-wrapper{transform:scale(1);transition:transform .35s ease-in-out}.wp-block-uagb-image--effect-zoomin .wp-block-uagb-image__figure:hover img,.wp-block-uagb-image--effect-zoomin .wp-block-uagb-image__figure:hover .wp-block-uagb-image--layout-overlay__color-wrapper{transform:scale(1.05)}.wp-block-uagb-image--effect-slide .wp-block-uagb-image__figure img,.wp-block-uagb-image--effect-slide .wp-block-uagb-image__figure .wp-block-uagb-image--layout-overlay__color-wrapper{width:calc(100% + 40px) !important;max-width:none !important;transform:translate3d(-40px, 0, 0);transition:transform .35s ease-in-out}.wp-block-uagb-image--effect-slide .wp-block-uagb-image__figure:hover img,.wp-block-uagb-image--effect-slide .wp-block-uagb-image__figure:hover .wp-block-uagb-image--layout-overlay__color-wrapper{transform:translate3d(0, 0, 0)}.wp-block-uagb-image--effect-grayscale img{filter:grayscale(0%);transition:.35s ease-in-out}.wp-block-uagb-image--effect-grayscale:hover img{filter:grayscale(100%)}.wp-block-uagb-image--effect-blur img{filter:blur(0);transition:.35s ease-in-out}.wp-block-uagb-image--effect-blur:hover img{filter:blur(3px)}.uagb-block-e6f939b3.wp-block-uagb-image--layout-default figure img{box-shadow: 0px 0px 0 #00000070;}.uagb-block-e6f939b3.wp-block-uagb-image .wp-block-uagb-image__figure figcaption{font-style: normal;align-self: center;}.uagb-block-e6f939b3.wp-block-uagb-image--layout-overlay figure img{box-shadow: 0px 0px 0 #00000070;}.uagb-block-e6f939b3.wp-block-uagb-image--layout-overlay .wp-block-uagb-image--layout-overlay__color-wrapper{opacity: 0.2;}.uagb-block-e6f939b3.wp-block-uagb-image--layout-overlay .wp-block-uagb-image--layout-overlay__inner{left: 15px;right: 15px;top: 15px;bottom: 15px;}.uagb-block-e6f939b3.wp-block-uagb-image--layout-overlay .wp-block-uagb-image--layout-overlay__inner .uagb-image-heading{font-style: normal;color: #fff;opacity: 1;}.uagb-block-e6f939b3.wp-block-uagb-image--layout-overlay .wp-block-uagb-image--layout-overlay__inner .uagb-image-heading a{color: #fff;}.uagb-block-e6f939b3.wp-block-uagb-image--layout-overlay .wp-block-uagb-image--layout-overlay__inner .uagb-image-caption{opacity: 0;}.uagb-block-e6f939b3.wp-block-uagb-image--layout-overlay .wp-block-uagb-image__figure:hover .wp-block-uagb-image--layout-overlay__color-wrapper{opacity: 1;}.uagb-block-e6f939b3.wp-block-uagb-image .wp-block-uagb-image--layout-overlay__inner .uagb-image-separator{width: 30%;border-top-width: 2px;border-top-color: #fff;opacity: 0;}.uagb-block-e6f939b3.wp-block-uagb-image .wp-block-uagb-image__figure img{width: px;height: auto;}.uagb-block-e6f939b3.wp-block-uagb-image .wp-block-uagb-image__figure:hover .wp-block-uagb-image--layout-overlay__inner .uagb-image-caption{opacity: 1;}.uagb-block-e6f939b3.wp-block-uagb-image .wp-block-uagb-image__figure:hover .wp-block-uagb-image--layout-overlay__inner .uagb-image-separator{opacity: 1;}.uagb-block-e6f939b3.wp-block-uagb-image--layout-default figure:hover img{box-shadow: 0px 0px 0 #00000070;}.uagb-block-e6f939b3.wp-block-uagb-image--layout-overlay figure:hover img{box-shadow: 0px 0px 0 #00000070;}@media only screen and (max-width: 976px) {.uagb-block-e6f939b3.wp-block-uagb-image .wp-block-uagb-image__figure img{width: px;height: auto;}}@media only screen and (max-width: 767px) {.uagb-block-e6f939b3.wp-block-uagb-image .wp-block-uagb-image__figure img{width: px;height: auto;}}\";s:2:\"js\";s:0:\"\";s:18:\"current_block_list\";a:13:{i:0;s:11:\"core\/search\";i:1;s:10:\"core\/group\";i:2;s:12:\"core\/heading\";i:3;s:17:\"core\/latest-posts\";i:4;s:20:\"core\/latest-comments\";i:5;s:13:\"core\/archives\";i:6;s:15:\"core\/categories\";i:7;s:14:\"core\/paragraph\";i:8;s:10:\"uagb\/image\";i:9;s:11:\"core\/spacer\";i:10;s:30:\"woocommerce\/product-categories\";i:11;s:10:\"core\/image\";i:12;s:14:\"core\/shortcode\";}s:8:\"uag_flag\";b:1;s:11:\"uag_version\";s:10:\"1777230762\";s:6:\"gfonts\";a:0:{}s:10:\"gfonts_url\";s:0:\"\";s:12:\"gfonts_files\";a:0:{}s:14:\"uag_faq_layout\";b:0;}"]},"uagb_featured_image_src":{"full":["https:\/\/www.ferberpainting.com\/wp-content\/uploads\/2025\/05\/Descaler-for-Macerator-Toilet-5L.png",2560,2560,false],"thumbnail":["https:\/\/www.ferberpainting.com\/wp-content\/uploads\/2025\/05\/Descaler-for-Macerator-Toilet-5L-150x150.png",150,150,true],"medium":["https:\/\/www.ferberpainting.com\/wp-content\/uploads\/2025\/05\/Descaler-for-Macerator-Toilet-5L-300x300.png",300,300,true],"medium_large":["https:\/\/www.ferberpainting.com\/wp-content\/uploads\/2025\/05\/Descaler-for-Macerator-Toilet-5L-768x768.png",768,768,true],"large":["https:\/\/www.ferberpainting.com\/wp-content\/uploads\/2025\/05\/Descaler-for-Macerator-Toilet-5L-1024x1024.png",1024,1024,true],"1536x1536":["https:\/\/www.ferberpainting.com\/wp-content\/uploads\/2025\/05\/Descaler-for-Macerator-Toilet-5L-1536x1536.png",1536,1536,true],"2048x2048":["https:\/\/www.ferberpainting.com\/wp-content\/uploads\/2025\/05\/Descaler-for-Macerator-Toilet-5L-2048x2048.png",2048,2048,true],"trp-custom-language-flag":["https:\/\/www.ferberpainting.com\/wp-content\/uploads\/2025\/05\/Descaler-for-Macerator-Toilet-5L-12x12.png",12,12,true],"woocommerce_thumbnail":["https:\/\/www.ferberpainting.com\/wp-content\/uploads\/2025\/05\/Descaler-for-Macerator-Toilet-5L-300x300.png",300,300,true],"woocommerce_single":["https:\/\/www.ferberpainting.com\/wp-content\/uploads\/2025\/05\/Descaler-for-Macerator-Toilet-5L-600x600.png",600,600,true],"woocommerce_gallery_thumbnail":["https:\/\/www.ferberpainting.com\/wp-content\/uploads\/2025\/05\/Descaler-for-Macerator-Toilet-5L-100x100.png",100,100,true]},"uagb_author_info":{"display_name":"admin","author_link":"https:\/\/www.ferberpainting.com\/ee\/author\/"},"uagb_comment_info":18,"uagb_excerpt":"Effective against limescale and calcium deposits.\u00a0The macerator descaler is specially designed to effectively eliminate limescale and calcium deposits that can build up inside sanitary appliances like macerating toilets. These residues can block internal mechanisms and reduce system efficiency. Thanks to its powerful formula, this product helps maintain the proper functioning of your macerator while providing&hellip;","_links":{"self":[{"href":"https:\/\/www.ferberpainting.com\/ee\/wp-json\/wp\/v2\/product\/23195","targetHints":{"allow":["GET"]}}],"collection":[{"href":"https:\/\/www.ferberpainting.com\/ee\/wp-json\/wp\/v2\/product"}],"about":[{"href":"https:\/\/www.ferberpainting.com\/ee\/wp-json\/wp\/v2\/types\/product"}],"replies":[{"embeddable":true,"href":"https:\/\/www.ferberpainting.com\/ee\/wp-json\/wp\/v2\/comments?post=23195"}],"version-history":[{"count":4,"href":"https:\/\/www.ferberpainting.com\/ee\/wp-json\/wp\/v2\/product\/23195\/revisions"}],"predecessor-version":[{"id":166095,"href":"https:\/\/www.ferberpainting.com\/ee\/wp-json\/wp\/v2\/product\/23195\/revisions\/166095"}],"wp:featuredmedia":[{"embeddable":true,"href":"https:\/\/www.ferberpainting.com\/ee\/wp-json\/wp\/v2\/media\/36457"}],"wp:attachment":[{"href":"https:\/\/www.ferberpainting.com\/ee\/wp-json\/wp\/v2\/media?parent=23195"}],"wp:term":[{"taxonomy":"product_brand","embeddable":true,"href":"https:\/\/www.ferberpainting.com\/ee\/wp-json\/wp\/v2\/product_brand?post=23195"},{"taxonomy":"product_cat","embeddable":true,"href":"https:\/\/www.ferberpainting.com\/ee\/wp-json\/wp\/v2\/product_cat?post=23195"},{"taxonomy":"product_tag","embeddable":true,"href":"https:\/\/www.ferberpainting.com\/ee\/wp-json\/wp\/v2\/product_tag?post=23195"}],"curies":[{"name":"wp","href":"https:\/\/api.w.org\/{rel}","templated":true}]}}