{"id":23191,"date":"2025-05-26T10:23:14","date_gmt":"2025-05-26T08:23:14","guid":{"rendered":"https:\/\/www.ferberpainting.com\/products\/damp-wall-and-rising-damp-treatment\/"},"modified":"2026-02-15T13:46:22","modified_gmt":"2026-02-15T12:46:22","slug":"damp-wall-and-rising-damp-treatment","status":"publish","type":"product","link":"https:\/\/www.ferberpainting.com\/ee\/products\/damp-wall-and-rising-damp-treatment\/","title":{"rendered":"Niiske seina ja t\u00f5usva niiskuse ravi"},"content":{"rendered":"<p><img decoding=\"async\" style=\"margin-right: 12px;\" src=\"https:\/\/www.ferberpainting.com\/wp-content\/uploads\/2026\/02\/Check.svg\" alt=\"\" width=\"18\" height=\"15\" \/><strong>Pikaajaline niiskuse k\u00f5rvaldamine.<\/strong>\u00a0See spetsiaalselt niisketele seintele m\u00f5eldud t\u00f6\u00f6tlusvahend blokeerib t\u00f5husalt t\u00f5usva niiskuse ja takistab kapillaarsuse kaudu vee tungimist seintesse. T\u00e4nu oma k\u00f5rgtehnoloogilisele veekindlale toimele moodustab see l\u00e4bitungimatu barj\u00e4\u00e4ri, mis peatab p\u00fcsivalt t\u00f5usva niiskuse ja kaitseb konstruktsioone veega seotud kahjustuste eest.<\/p>\n<p><img decoding=\"async\" style=\"margin-right: 12px;\" src=\"https:\/\/www.ferberpainting.com\/wp-content\/uploads\/2026\/02\/Check.svg\" alt=\"\" width=\"18\" height=\"15\" \/><strong>Raha tagasi garantii.<\/strong>\u00a0Kuna me oleme t\u00e4iesti veendunud meie niiskusravi t\u00f5hususes, pakume raha tagasi garantiid. Kui toode ei vasta p\u00e4rast soovituste kohast kasutamist teie ootustele, v\u00f5ite taotleda raha tagasi, tagades turvalise ja riskivaba ostu.<\/p>\n<p><img decoding=\"async\" style=\"margin-right: 12px;\" src=\"https:\/\/www.ferberpainting.com\/wp-content\/uploads\/2026\/02\/Check.svg\" alt=\"\" width=\"18\" height=\"15\" \/><strong>Sobib erinevatele materjalidele.<\/strong>\u00a0See niiskusvastane t\u00f6\u00f6tlus sobib paljude erinevate mineraalsete pindadega, nagu betoon, telliskivi, looduslik kivi, tsement ja tsementplokk. Seda saab kasutada nii sise- kui ka v\u00e4lisseintel ning see sobib ideaalselt keldritesse, keldritesse, fassaadidele v\u00f5i muudele aladele, mida m\u00f5jutab t\u00f5usev niiskus.<\/p>\n<p><img decoding=\"async\" style=\"margin-right: 12px;\" src=\"https:\/\/www.ferberpainting.com\/wp-content\/uploads\/2026\/02\/Check.svg\" alt=\"\" width=\"18\" height=\"15\" \/><strong>Kulut\u00f5hus ja suure j\u00f5udlusega katvus.<\/strong>\u00a0T\u00e4nu optimeeritud kontsentratsioonile saab \u00fche liitri tootega t\u00f6\u00f6delda umbes 1 m\u00b2 seina, s\u00f5ltuvalt selle poorsusest ja paksusest. 5L mahuti tagab ulatusliku katvuse suurep\u00e4rase kulut\u00f5hususe suhtega. Selle kauakestev toime v\u00e4listab vajaduse korduvate t\u00f6\u00f6tlemistoimingute j\u00e4rele, mist\u00f5ttu on see pikemas perspektiivis \u00f6konoomne lahendus.<\/p>\n<p><img decoding=\"async\" style=\"margin-right: 12px;\" src=\"https:\/\/www.ferberpainting.com\/wp-content\/uploads\/2026\/02\/Check.svg\" alt=\"\" width=\"18\" height=\"15\" \/><strong>Ohutus ja mittetoksilisus.<\/strong>\u00a0See h\u00fcdroisolatsioonit\u00f6\u00f6tlusvahend on koostatud ilma karmide m\u00fcrgiste komponentideta ja ei eralda ohtlikke aurusid, mis tagab ohutu kasutamise nii kasutajatele kui ka elanikele. See vastab kehtivatele keskkonnaalastele eeskirjadele ja ei kujuta endast ohtu t\u00f6\u00f6deldud pindadele.<\/p>\n<p><img decoding=\"async\" style=\"margin-right: 12px;\" src=\"https:\/\/www.ferberpainting.com\/wp-content\/uploads\/2026\/02\/Check.svg\" alt=\"\" width=\"18\" height=\"15\" \/><strong>Lihtne kohaldamine.<\/strong>\u00a0See t\u00f6\u00f6tlus on m\u00f5eldud kasutamiseks nii professionaalidele kui ka eraisikutele ja seda kasutatakse p\u00e4rast lihtsat puurimist korrap\u00e4raste ajavahemike j\u00e4rel seinte sisse s\u00fcstimise teel. See ei n\u00f5ua k\u00f5rgetasemelisi tehnilisi oskusi ja v\u00f5imaldab kiiret rakendamist tavap\u00e4raste t\u00f6\u00f6riistadega, tagades kohese ja pikaajalise t\u00f5hususe.<\/p>\n<p><img decoding=\"async\" style=\"margin-right: 12px;\" src=\"https:\/\/www.ferberpainting.com\/wp-content\/uploads\/2026\/02\/Check.svg\" alt=\"\" width=\"18\" height=\"15\" \/><strong>Erakordne vastupidavus.<\/strong>\u00a0Erinevalt ajutistest lahendustest, nagu n\u00e4iteks niiskusevastased v\u00e4rvid v\u00f5i veekindlad pinnakatted, tungib see t\u00f6\u00f6tlus s\u00fcgavale konstruktsiooni ja j\u00e4\u00e4b t\u00f5husaks mitmeks aastak\u00fcmneks. P\u00e4rast pealekandmist kaitseb see pidevalt seina ja takistab niiskuse edasist t\u00f5usu, v\u00e4ltides pinnakatete ja v\u00e4rvide riknemist.<\/p>\n<p><img decoding=\"async\" style=\"margin-right: 12px;\" src=\"https:\/\/www.ferberpainting.com\/wp-content\/uploads\/2026\/02\/Check.svg\" alt=\"\" width=\"18\" height=\"15\" \/><strong>Kiire tegevus ja n\u00e4htavad tulemused.<\/strong>\u00a0See toode toimib kiiresti ja selle m\u00f5ju on m\u00e4rgatav m\u00f5ne p\u00e4eva kuni paari n\u00e4dala jooksul, s\u00f5ltuvalt seina niiskustasemest. Alates pealekandmise hetkest hakkab see blokeerima vett ja kuivatab j\u00e4rk-j\u00e4rgult seinu, mille tulemusel paraneb nende seisund l\u00fchikese aja jooksul m\u00e4rkimisv\u00e4\u00e4rselt.<\/p>\n<h2><strong>Kasutamise protokoll<\/strong><\/h2>\n<ul>\n<li><strong>Seina ettevalmistamine :<\/strong> Kontrollige pindade seisukorda ja tuvastage t\u00f5usva niiskuse poolt m\u00f5jutatud alad. Kui esineb soola ladestumist (v\u00e4ljasulatust) v\u00f5i hallitust, puhastage pind enne pealekandmist.<\/li>\n<li><strong>S\u00fcstimisavade puurimine :<\/strong> Puurige umbes 10-14 mm l\u00e4bim\u00f5\u00f5duga augud 15 cm k\u00f5rgusele maapinnast, j\u00e4ttes iga augu vahele 10-15 cm. Augud peaksid olema veidi allapoole kaldu, et tagada toote parem levik.<\/li>\n<li><strong>Ravi s\u00fcstimine :<\/strong> Sisestage toode igasse auku injektori v\u00f5i sobiva s\u00fcstla abil, tagades, et seinad on s\u00fcgavuti k\u00fcllastunud. Laske tootel tungida ja korrake vajadusel protsessi, et tagada optimaalne kaitse.<\/li>\n<li><strong>Kuivatamine ja niiskuse aurustumine :<\/strong> Laske tootel toimida ja j\u00e4lgige niiskuse v\u00e4hendamise protsessi. Seina t\u00e4ielik kuivamine v\u00f5ib v\u00f5tta aega m\u00f5nest n\u00e4dalast kuni mitme kuuni, s\u00f5ltuvalt algsest niiskusastmest ja seinte paksusest.<\/li>\n<li><strong>Aukude tihendamine :<\/strong> Kui sein on stabiliseerunud, tihendage augud sobiva m\u00f6rdi v\u00f5i viimistluskrohviga, et taastada \u00fchtlane ja esteetiline pind.<\/li>\n<li><strong>Viimased puudutused :<\/strong> Kui niiskus on t\u00e4ielikult k\u00f5rvaldatud, kandke vajadusel t\u00f6\u00f6deldud pinna kaitsmiseks ja parandamiseks sobivat v\u00e4rvi v\u00f5i kattematerjali.<\/li>\n<\/ul>","protected":false},"excerpt":{"rendered":"<p>Long-lasting Moisture Elimination.\u00a0This specially designed treatment for damp walls effectively blocks rising damp and prevents water from infiltrating the walls through capillarity. Thanks to its high-performance waterproofing action, it forms an impermeable barrier that permanently stops ascending moisture and protects structures from water-related damage. Money-back Guarantee.\u00a0Because we have complete confidence in the effectiveness of our [&hellip;]<\/p>\n","protected":false},"featured_media":25750,"comment_status":"open","ping_status":"closed","template":"","meta":{"_uag_custom_page_level_css":"","site-sidebar-layout":"default","site-content-layout":"","ast-site-content-layout":"default","site-content-style":"default","site-sidebar-style":"default","ast-global-header-display":"","ast-banner-title-visibility":"","ast-main-header-display":"","ast-hfb-above-header-display":"","ast-hfb-below-header-display":"","ast-hfb-mobile-header-display":"","site-post-title":"","ast-breadcrumbs-content":"","ast-featured-img":"","footer-sml-layout":"","ast-disable-related-posts":"","theme-transparent-header-meta":"default","adv-header-id-meta":"","stick-header-meta":"","header-above-stick-meta":"","header-main-stick-meta":"","header-below-stick-meta":"","astra-migrate-meta-layouts":"set","ast-page-background-enabled":"default","ast-page-background-meta":{"desktop":{"background-color":"var(--ast-global-color-4)","background-image":"","background-repeat":"repeat","background-position":"center center","background-size":"auto","background-attachment":"scroll","background-type":"","background-media":"","overlay-type":"","overlay-color":"","overlay-opacity":"","overlay-gradient":""},"tablet":{"background-color":"","background-image":"","background-repeat":"repeat","background-position":"center center","background-size":"auto","background-attachment":"scroll","background-type":"","background-media":"","overlay-type":"","overlay-color":"","overlay-opacity":"","overlay-gradient":""},"mobile":{"background-color":"","background-image":"","background-repeat":"repeat","background-position":"center center","background-size":"auto","background-attachment":"scroll","background-type":"","background-media":"","overlay-type":"","overlay-color":"","overlay-opacity":"","overlay-gradient":""}},"ast-content-background-meta":{"desktop":{"background-color":"var(--ast-global-color-5)","background-image":"","background-repeat":"repeat","background-position":"center center","background-size":"auto","background-attachment":"scroll","background-type":"","background-media":"","overlay-type":"","overlay-color":"","overlay-opacity":"","overlay-gradient":""},"tablet":{"background-color":"var(--ast-global-color-5)","background-image":"","background-repeat":"repeat","background-position":"center center","background-size":"auto","background-attachment":"scroll","background-type":"","background-media":"","overlay-type":"","overlay-color":"","overlay-opacity":"","overlay-gradient":""},"mobile":{"background-color":"var(--ast-global-color-5)","background-image":"","background-repeat":"repeat","background-position":"center center","background-size":"auto","background-attachment":"scroll","background-type":"","background-media":"","overlay-type":"","overlay-color":"","overlay-opacity":"","overlay-gradient":""}}},"product_brand":[],"product_cat":[176],"product_tag":[],"class_list":{"0":"post-23191","1":"product","2":"type-product","3":"status-publish","4":"has-post-thumbnail","6":"product_cat-concrete-treatment","7":"desktop-align-left","8":"tablet-align-left","9":"mobile-align-left","11":"first","12":"instock","13":"sale","14":"shipping-taxable","15":"purchasable","16":"product-type-variable","17":"has-default-attributes"},"spectra_custom_meta":{"_visibility":["visible"],"_shopify_product_id":["9058928328949"],"_s2w_shopify_domain":["ferberpainting.myshopify.com"],"_shopify_variant_id":["46479679586549"],"_sku":[""],"_manage_stock":["no"],"total_sales":["208"],"_tax_status":["taxable"],"_tax_class":[""],"_backorders":["no"],"_sold_individually":["no"],"_virtual":["no"],"_downloadable":["no"],"_download_limit":["-1"],"_download_expiry":["-1"],"_stock":[null],"_stock_status":["instock"],"_wc_average_rating":["4.67"],"_wc_review_count":["6"],"_product_attributes":["a:1:{s:6:\"volume\";a:6:{s:4:\"name\";s:6:\"Volume\";s:5:\"value\";s:20:\"5 liters | 25 liters\";s:8:\"position\";i:1;s:10:\"is_visible\";i:0;s:12:\"is_variation\";i:1;s:11:\"is_taxonomy\";i:0;}}"],"_product_version":["10.5.1"],"_thumbnail_id":["25750"],"_product_image_gallery":["25751"],"wpse_downloadable_file_names":[""],"wpse_downloadable_file_urls":[""],"_edit_last":["1"],"_default_attributes":["a:1:{s:6:\"volume\";s:8:\"5 liters\";}"],"_edit_lock":["1771159457:1"],"merchant-center-availability":["yes"],"merchant-center-category":["2277"],"_price":["29.90","129.90"],"_wp_page_template":["default"],"site-sidebar-layout":["default"],"ast-site-content-layout":["default"],"site-content-style":["default"],"site-sidebar-style":["default"],"theme-transparent-header-meta":["default"],"_wc_rating_count":["a:2:{i:4;i:2;i:5;i:4;}"],"astra-migrate-meta-layouts":["set"],"_uag_css_file_name":["uag-css-23191.css"],"_elementor_page_assets":["a:0:{}"],"_uag_page_assets":["a:9:{s:3:\"css\";s:6873:\".wp-block-uagb-image{display:flex}.wp-block-uagb-image__figure{position:relative;display:flex;flex-direction:column;max-width:100%;height:auto;margin:0}.wp-block-uagb-image__figure img{height:auto;display:flex;max-width:100%;transition:box-shadow .2s ease}.wp-block-uagb-image__figure>a{display:inline-block}.wp-block-uagb-image__figure figcaption{text-align:center;margin-top:.5em;margin-bottom:1em}.wp-block-uagb-image .components-placeholder.block-editor-media-placeholder .components-placeholder__instructions{align-self:center}.wp-block-uagb-image--align-left{text-align:left}.wp-block-uagb-image--align-right{text-align:right}.wp-block-uagb-image--align-center{text-align:center}.wp-block-uagb-image--align-full .wp-block-uagb-image__figure{margin-left:calc(50% - 50vw);margin-right:calc(50% - 50vw);max-width:100vw;width:100vw;height:auto}.wp-block-uagb-image--align-full .wp-block-uagb-image__figure img{height:auto;width:100% !important}.wp-block-uagb-image--align-wide .wp-block-uagb-image__figure img{height:auto;width:100%}.wp-block-uagb-image--layout-overlay__color-wrapper{position:absolute;left:0;top:0;right:0;bottom:0;opacity:.2;background:rgba(0,0,0,.5);transition:opacity .35s ease-in-out}.wp-block-uagb-image--layout-overlay-link{position:absolute;left:0;right:0;bottom:0;top:0}.wp-block-uagb-image--layout-overlay .wp-block-uagb-image__figure:hover .wp-block-uagb-image--layout-overlay__color-wrapper{opacity:1}.wp-block-uagb-image--layout-overlay__inner{position:absolute;left:15px;right:15px;bottom:15px;top:15px;display:flex;align-items:center;justify-content:center;flex-direction:column;border-color:#fff;transition:.35s ease-in-out}.wp-block-uagb-image--layout-overlay__inner.top-left,.wp-block-uagb-image--layout-overlay__inner.top-center,.wp-block-uagb-image--layout-overlay__inner.top-right{justify-content:flex-start}.wp-block-uagb-image--layout-overlay__inner.bottom-left,.wp-block-uagb-image--layout-overlay__inner.bottom-center,.wp-block-uagb-image--layout-overlay__inner.bottom-right{justify-content:flex-end}.wp-block-uagb-image--layout-overlay__inner.top-left,.wp-block-uagb-image--layout-overlay__inner.center-left,.wp-block-uagb-image--layout-overlay__inner.bottom-left{align-items:flex-start}.wp-block-uagb-image--layout-overlay__inner.top-right,.wp-block-uagb-image--layout-overlay__inner.center-right,.wp-block-uagb-image--layout-overlay__inner.bottom-right{align-items:flex-end}.wp-block-uagb-image--layout-overlay__inner .uagb-image-heading{color:#fff;transition:transform .35s,opacity .35s ease-in-out;transform:translate3d(0, 24px, 0);margin:0;line-height:1em}.wp-block-uagb-image--layout-overlay__inner .uagb-image-separator{width:30%;border-top-width:2px;border-top-color:#fff;border-top-style:solid;margin-bottom:10px;opacity:0;transition:transform .4s,opacity .4s ease-in-out;transform:translate3d(0, 30px, 0)}.wp-block-uagb-image--layout-overlay__inner .uagb-image-caption{opacity:0;overflow:visible;color:#fff;transition:transform .45s,opacity .45s ease-in-out;transform:translate3d(0, 35px, 0)}.wp-block-uagb-image--layout-overlay__inner:hover .uagb-image-heading,.wp-block-uagb-image--layout-overlay__inner:hover .uagb-image-separator,.wp-block-uagb-image--layout-overlay__inner:hover .uagb-image-caption{opacity:1;transform:translate3d(0, 0, 0)}.wp-block-uagb-image--effect-zoomin .wp-block-uagb-image__figure img,.wp-block-uagb-image--effect-zoomin .wp-block-uagb-image__figure .wp-block-uagb-image--layout-overlay__color-wrapper{transform:scale(1);transition:transform .35s ease-in-out}.wp-block-uagb-image--effect-zoomin .wp-block-uagb-image__figure:hover img,.wp-block-uagb-image--effect-zoomin .wp-block-uagb-image__figure:hover .wp-block-uagb-image--layout-overlay__color-wrapper{transform:scale(1.05)}.wp-block-uagb-image--effect-slide .wp-block-uagb-image__figure img,.wp-block-uagb-image--effect-slide .wp-block-uagb-image__figure .wp-block-uagb-image--layout-overlay__color-wrapper{width:calc(100% + 40px) !important;max-width:none !important;transform:translate3d(-40px, 0, 0);transition:transform .35s ease-in-out}.wp-block-uagb-image--effect-slide .wp-block-uagb-image__figure:hover img,.wp-block-uagb-image--effect-slide .wp-block-uagb-image__figure:hover .wp-block-uagb-image--layout-overlay__color-wrapper{transform:translate3d(0, 0, 0)}.wp-block-uagb-image--effect-grayscale img{filter:grayscale(0%);transition:.35s ease-in-out}.wp-block-uagb-image--effect-grayscale:hover img{filter:grayscale(100%)}.wp-block-uagb-image--effect-blur img{filter:blur(0);transition:.35s ease-in-out}.wp-block-uagb-image--effect-blur:hover img{filter:blur(3px)}.uagb-block-e6f939b3.wp-block-uagb-image--layout-default figure img{box-shadow: 0px 0px 0 #00000070;}.uagb-block-e6f939b3.wp-block-uagb-image .wp-block-uagb-image__figure figcaption{font-style: normal;align-self: center;}.uagb-block-e6f939b3.wp-block-uagb-image--layout-overlay figure img{box-shadow: 0px 0px 0 #00000070;}.uagb-block-e6f939b3.wp-block-uagb-image--layout-overlay .wp-block-uagb-image--layout-overlay__color-wrapper{opacity: 0.2;}.uagb-block-e6f939b3.wp-block-uagb-image--layout-overlay .wp-block-uagb-image--layout-overlay__inner{left: 15px;right: 15px;top: 15px;bottom: 15px;}.uagb-block-e6f939b3.wp-block-uagb-image--layout-overlay .wp-block-uagb-image--layout-overlay__inner .uagb-image-heading{font-style: normal;color: #fff;opacity: 1;}.uagb-block-e6f939b3.wp-block-uagb-image--layout-overlay .wp-block-uagb-image--layout-overlay__inner .uagb-image-heading a{color: #fff;}.uagb-block-e6f939b3.wp-block-uagb-image--layout-overlay .wp-block-uagb-image--layout-overlay__inner .uagb-image-caption{opacity: 0;}.uagb-block-e6f939b3.wp-block-uagb-image--layout-overlay .wp-block-uagb-image__figure:hover .wp-block-uagb-image--layout-overlay__color-wrapper{opacity: 1;}.uagb-block-e6f939b3.wp-block-uagb-image .wp-block-uagb-image--layout-overlay__inner .uagb-image-separator{width: 30%;border-top-width: 2px;border-top-color: #fff;opacity: 0;}.uagb-block-e6f939b3.wp-block-uagb-image .wp-block-uagb-image__figure img{width: px;height: auto;}.uagb-block-e6f939b3.wp-block-uagb-image .wp-block-uagb-image__figure:hover .wp-block-uagb-image--layout-overlay__inner .uagb-image-caption{opacity: 1;}.uagb-block-e6f939b3.wp-block-uagb-image .wp-block-uagb-image__figure:hover .wp-block-uagb-image--layout-overlay__inner .uagb-image-separator{opacity: 1;}.uagb-block-e6f939b3.wp-block-uagb-image--layout-default figure:hover img{box-shadow: 0px 0px 0 #00000070;}.uagb-block-e6f939b3.wp-block-uagb-image--layout-overlay figure:hover img{box-shadow: 0px 0px 0 #00000070;}@media only screen and (max-width: 976px) {.uagb-block-e6f939b3.wp-block-uagb-image .wp-block-uagb-image__figure img{width: px;height: auto;}}@media only screen and (max-width: 767px) {.uagb-block-e6f939b3.wp-block-uagb-image .wp-block-uagb-image__figure img{width: px;height: auto;}}\";s:2:\"js\";s:0:\"\";s:18:\"current_block_list\";a:13:{i:0;s:11:\"core\/search\";i:1;s:10:\"core\/group\";i:2;s:12:\"core\/heading\";i:3;s:17:\"core\/latest-posts\";i:4;s:20:\"core\/latest-comments\";i:5;s:13:\"core\/archives\";i:6;s:15:\"core\/categories\";i:7;s:14:\"core\/paragraph\";i:8;s:10:\"uagb\/image\";i:9;s:11:\"core\/spacer\";i:10;s:30:\"woocommerce\/product-categories\";i:11;s:10:\"core\/image\";i:12;s:14:\"core\/shortcode\";}s:8:\"uag_flag\";b:1;s:11:\"uag_version\";s:10:\"1777096158\";s:6:\"gfonts\";a:0:{}s:10:\"gfonts_url\";s:0:\"\";s:12:\"gfonts_files\";a:0:{}s:14:\"uag_faq_layout\";b:0;}"]},"uagb_featured_image_src":{"full":["https:\/\/www.ferberpainting.com\/wp-content\/uploads\/2025\/05\/DampWallandRisingDampTreatment5L.png",2560,2560,false],"thumbnail":["https:\/\/www.ferberpainting.com\/wp-content\/uploads\/2025\/05\/DampWallandRisingDampTreatment5L-150x150.png",150,150,true],"medium":["https:\/\/www.ferberpainting.com\/wp-content\/uploads\/2025\/05\/DampWallandRisingDampTreatment5L-300x300.png",300,300,true],"medium_large":["https:\/\/www.ferberpainting.com\/wp-content\/uploads\/2025\/05\/DampWallandRisingDampTreatment5L-768x768.png",768,768,true],"large":["https:\/\/www.ferberpainting.com\/wp-content\/uploads\/2025\/05\/DampWallandRisingDampTreatment5L-1024x1024.png",1024,1024,true],"1536x1536":["https:\/\/www.ferberpainting.com\/wp-content\/uploads\/2025\/05\/DampWallandRisingDampTreatment5L-1536x1536.png",1536,1536,true],"2048x2048":["https:\/\/www.ferberpainting.com\/wp-content\/uploads\/2025\/05\/DampWallandRisingDampTreatment5L-2048x2048.png",2048,2048,true],"trp-custom-language-flag":["https:\/\/www.ferberpainting.com\/wp-content\/uploads\/2025\/05\/DampWallandRisingDampTreatment5L-12x12.png",12,12,true],"woocommerce_thumbnail":["https:\/\/www.ferberpainting.com\/wp-content\/uploads\/2025\/05\/DampWallandRisingDampTreatment5L-300x300.png",300,300,true],"woocommerce_single":["https:\/\/www.ferberpainting.com\/wp-content\/uploads\/2025\/05\/DampWallandRisingDampTreatment5L-600x600.png",600,600,true],"woocommerce_gallery_thumbnail":["https:\/\/www.ferberpainting.com\/wp-content\/uploads\/2025\/05\/DampWallandRisingDampTreatment5L-100x100.png",100,100,true]},"uagb_author_info":{"display_name":"admin","author_link":"https:\/\/www.ferberpainting.com\/ee\/author\/"},"uagb_comment_info":6,"uagb_excerpt":"Long-lasting Moisture Elimination.\u00a0This specially designed treatment for damp walls effectively blocks rising damp and prevents water from infiltrating the walls through capillarity. Thanks to its high-performance waterproofing action, it forms an impermeable barrier that permanently stops ascending moisture and protects structures from water-related damage. Money-back Guarantee.\u00a0Because we have complete confidence in the effectiveness of our&hellip;","_links":{"self":[{"href":"https:\/\/www.ferberpainting.com\/ee\/wp-json\/wp\/v2\/product\/23191","targetHints":{"allow":["GET"]}}],"collection":[{"href":"https:\/\/www.ferberpainting.com\/ee\/wp-json\/wp\/v2\/product"}],"about":[{"href":"https:\/\/www.ferberpainting.com\/ee\/wp-json\/wp\/v2\/types\/product"}],"replies":[{"embeddable":true,"href":"https:\/\/www.ferberpainting.com\/ee\/wp-json\/wp\/v2\/comments?post=23191"}],"version-history":[{"count":4,"href":"https:\/\/www.ferberpainting.com\/ee\/wp-json\/wp\/v2\/product\/23191\/revisions"}],"predecessor-version":[{"id":166093,"href":"https:\/\/www.ferberpainting.com\/ee\/wp-json\/wp\/v2\/product\/23191\/revisions\/166093"}],"wp:featuredmedia":[{"embeddable":true,"href":"https:\/\/www.ferberpainting.com\/ee\/wp-json\/wp\/v2\/media\/25750"}],"wp:attachment":[{"href":"https:\/\/www.ferberpainting.com\/ee\/wp-json\/wp\/v2\/media?parent=23191"}],"wp:term":[{"taxonomy":"product_brand","embeddable":true,"href":"https:\/\/www.ferberpainting.com\/ee\/wp-json\/wp\/v2\/product_brand?post=23191"},{"taxonomy":"product_cat","embeddable":true,"href":"https:\/\/www.ferberpainting.com\/ee\/wp-json\/wp\/v2\/product_cat?post=23191"},{"taxonomy":"product_tag","embeddable":true,"href":"https:\/\/www.ferberpainting.com\/ee\/wp-json\/wp\/v2\/product_tag?post=23191"}],"curies":[{"name":"wp","href":"https:\/\/api.w.org\/{rel}","templated":true}]}}