{"id":23139,"date":"2025-05-26T10:22:58","date_gmt":"2025-05-26T08:22:58","guid":{"rendered":"https:\/\/www.ferberpainting.com\/products\/citrus-orange-and-lemon-tree-fertilizer\/"},"modified":"2026-02-15T13:28:02","modified_gmt":"2026-02-15T12:28:02","slug":"citrus-orange-and-lemon-tree-fertilizer","status":"publish","type":"product","link":"https:\/\/www.ferberpainting.com\/ee\/products\/citrus-orange-and-lemon-tree-fertilizer\/","title":{"rendered":"Tsitrusviljade, apelsini- ja sidrunipuude v\u00e4etis 25 kg"},"content":{"rendered":"<p><img decoding=\"async\" style=\"margin-right: 12px;\" src=\"https:\/\/www.ferberpainting.com\/wp-content\/uploads\/2026\/02\/Check.svg\" alt=\"\" width=\"18\" height=\"15\" \/><strong>Tasakaalustatud v\u00e4etamine tervete tsitruspuude jaoks.<\/strong>\u00a0See v\u00e4etis tsitruspuude, apelsinipuude ja sidrunipuude jaoks on spetsiaalselt koostatud, et anda teie puudele k\u00f5ik vajalikud toitained nende arenguks, \u00f5itsemiseks ja viljade kasvatamiseks. T\u00e4nu NPK 10-10-10 koostisele tagab see juurte, lehtede ja viljade harmoonilise kasvu, v\u00f5imaldades tsitruspuudel anda rikkalikku ja maitsvat saaki, j\u00e4\u00e4des samal ajal eluj\u00f5uliseks kogu aasta jooksul.<\/p>\n<p><img decoding=\"async\" style=\"margin-right: 12px;\" src=\"https:\/\/www.ferberpainting.com\/wp-content\/uploads\/2026\/02\/Check.svg\" alt=\"\" width=\"18\" height=\"15\" \/><strong>Raha tagasi garantii.<\/strong>\u00a0Oleme t\u00e4iesti veendunud meie tsitrusviljade v\u00e4etise t\u00f5hususes, mist\u00f5ttu pakume raha tagasi garantiid. Kui toode ei vasta teie ootustele p\u00e4rast n\u00f5uetekohast kasutamist vastavalt soovitustele, v\u00f5ite taotleda raha tagastamist ilma tingimusteta, tagades riskivaba ostu t\u00e4ieliku meelerahu.<\/p>\n<p><img decoding=\"async\" style=\"margin-right: 12px;\" src=\"https:\/\/www.ferberpainting.com\/wp-content\/uploads\/2026\/02\/Check.svg\" alt=\"\" width=\"18\" height=\"15\" \/><strong>Sobib k\u00f5ikide tsitrusviljasortide jaoks.<\/strong>\u00a0See v\u00e4etis sobib apelsinipuudele, sidrunipuudele, mandariinipuudele, greibipuudele, kumquatidele ja muudele tsitruspuudele, mida kasvatatakse maas v\u00f5i potis. See soodustab nii noorte puude arengut kui ka k\u00fcpsete puude hooldust, tagades sobiva v\u00e4etamise k\u00f5igis kasvuetappides.<\/p>\n<p><img decoding=\"async\" style=\"margin-right: 12px;\" src=\"https:\/\/www.ferberpainting.com\/wp-content\/uploads\/2026\/02\/Check.svg\" alt=\"\" width=\"18\" height=\"15\" \/><strong>Optimeeritud majanduslik saagikus j\u00e4tkusuutliku v\u00e4etamise jaoks.<\/strong>\u00a0Selle kontsentreeritud koostis v\u00f5imaldab kasutada vaid 200 g v\u00e4etist puu kohta, tagades pikaajalise ja kulut\u00f5husa v\u00e4etamise. \u00dche 25 kg kotiga saab toita kuni 125 puud, mis teeb sellest ideaalse valiku puuviljaaiaga \u00fcksikisikutele v\u00f5i tootjatele, kes otsivad kasumlikku ja t\u00f5husat lahendust.<\/p>\n<p><img decoding=\"async\" style=\"margin-right: 12px;\" src=\"https:\/\/www.ferberpainting.com\/wp-content\/uploads\/2026\/02\/Check.svg\" alt=\"\" width=\"18\" height=\"15\" \/><strong>Ohutu ja keskkonnas\u00f5bralik toode.<\/strong>\u00a0See v\u00e4etis on mullale ja p\u00f5llukultuuridele mittetoksiline ja ohutu, tagades t\u00f5husa v\u00e4etamise ilma reostusohuta. Selle j\u00e4rkj\u00e4rguline vabanemine takistab liigsete mineraalsoolade sattumist mulda, s\u00e4ilitades seel\u00e4bi puude bioloogilist tasakaalu ja tervist. See ei p\u00f5leta juurestikku, kui seda kasutatakse vastavalt soovitustele, tagades tsitruspuude terve ja loomuliku kasvu.<\/p>\n<p><img decoding=\"async\" style=\"margin-right: 12px;\" src=\"https:\/\/www.ferberpainting.com\/wp-content\/uploads\/2026\/02\/Check.svg\" alt=\"\" width=\"18\" height=\"15\" \/><strong>Lihtne pealekandmine kiiresti n\u00e4htavate tulemuste saavutamiseks.<\/strong>\u00a0Seda v\u00e4etist kantakse otse puude t\u00fcvele, ilma et see vajaks keerulist ettevalmistust. Levitage seda lihtsalt \u00fcmber t\u00fcve ja lisage see kergelt mulda, et toitained saaksid j\u00e4rk-j\u00e4rgult juurtest imenduda. Selle lihtne kasutusviis v\u00f5imaldab k\u00f5igil aednikel, nii algajatel kui ka kogenud aednikel, saavutada optimaalne v\u00e4etamine vaid m\u00f5ne lihtsa sammuga.<\/p>\n<p><img decoding=\"async\" style=\"margin-right: 12px;\" src=\"https:\/\/www.ferberpainting.com\/wp-content\/uploads\/2026\/02\/Check.svg\" alt=\"\" width=\"18\" height=\"15\" \/><strong>Pikaajaline toime maksimaalse kasvu ja viljakuse saavutamiseks.<\/strong>\u00a0T\u00e4nu mittelahustuvale koostisele vabastab see v\u00e4etis oma toitained aeglaselt, tagades tsitruspuude pideva toitmise mitme n\u00e4dala jooksul. See soodustab noorte v\u00f5rsete regulaarset kasvu, stimuleerib \u00f5ite moodustumist ning parandab viljapuude kvaliteeti ja kogust. Selle tasakaalustatud l\u00e4mmastiku-, fosfori- ja kaaliumisisaldus tagab h\u00e4sti arenenud, magusad ja maitsvad tsitrusviljad.<\/p>\n<p><img decoding=\"async\" style=\"margin-right: 12px;\" src=\"https:\/\/www.ferberpainting.com\/wp-content\/uploads\/2026\/02\/Check.svg\" alt=\"\" width=\"18\" height=\"15\" \/><strong>Kiireid tulemusi tootmise parandamiseks.<\/strong>\u00a0See v\u00e4etis stimuleerib kasvu taastumist ja tugevdab tsitruspuude vastupanuv\u00f5imet haigustele ja karmidele ilmastikutingimustele alates esimestest kasutuskordadest. M\u00f5ne n\u00e4dala p\u00e4rast areneb puudel tihedam ja rohelisem lehestik ning viljade moodustumine on optimeeritud, et saak oleks rikkalikum ja kvaliteetsem.<\/p>\n<h2><strong>Kasutamise protokoll<\/strong><\/h2>\n<ul>\n<li><strong>Taotlusperiood <\/strong>: Kandke kaks korda aastas, kevadel (m\u00e4rtsis-aprillis) ja s\u00fcgisel (septembris-oktoobris), et tagada tsitruspuude pidev toitmine kogu nende kasvu- ja viljakandmists\u00fckli jooksul.<\/li>\n<li><strong>Soovitatav annus <\/strong>: Puule laotage 200 g v\u00e4etist, umbes h\u00e4sti t\u00e4idetud peot\u00e4is. Tsitrusviljade puhul v\u00e4hendage annust 100 g-ni poti kohta, kohandades seda vastavalt puu suurusele.<\/li>\n<li><strong>Rakendusmeetod <\/strong>: Levitage v\u00e4etis ringikujuliselt \u00fcmber t\u00fcve, umbes 20-30 cm kaugusele puu t\u00fcvest, ilma et see oleks otse t\u00fcve vastu asetatud. Kergelt kraapige pinnast harja v\u00f5i kobaraga, et soodustada v\u00e4etise imbumist pinnasesse.<\/li>\n<li><strong>Kastmine p\u00e4rast pealekandmist <\/strong>: Kastke rohkesti p\u00e4rast laotamist, et aktiveerida toitainete difusiooni mullas ja h\u00f5lbustada nende imendumist juurte poolt. Regulaarne kastmine j\u00e4rgnevatel n\u00e4dalatel tagab optimaalse imendumise.<\/li>\n<li><strong>Hoolduse sagedus <\/strong>: Noorte puude puhul, mis on t\u00e4ies kasvufaasis, v\u00f5ib t\u00e4iendav kasutamine suvel (juuli-august) olla kasulik, et tugevdada nende arengut ja valmistada ette rikkalikku \u00f5itsemist.<\/li>\n<li><strong>Ettevaatusabin\u00f5ud kasutamisel <\/strong>: \u00c4rge \u00fcletage soovitatud annuseid, et v\u00e4ltida liigset toitainete sattumist mulda. V\u00e4ltige v\u00e4etise kasutamist k\u00fclmunud pinnasele v\u00f5i tugeva p\u00f5ua ajal ilma t\u00e4iendava kastmiseta.<\/li>\n<li><strong>Ladustamine ja s\u00e4ilitamine <\/strong>: S\u00e4ilitage v\u00e4etist jahedas ja kuivas kohas, eemal niiskusest ja p\u00e4ikesevalgusest. Sulge kott hoolikalt uuesti p\u00e4rast iga kasutamist, et s\u00e4ilitada toote kvaliteeti ja v\u00e4ltida niiskuse imendumist.<\/li>\n<\/ul>\n<p>Selle <strong>tsitrusviljade, apelsini- ja sidrunipuude v\u00e4etis<\/strong>, annavad teie puudele t\u00e4ielikku ja tasakaalustatud toitu, soodustades j\u00f5ulist kasvu, intensiivset \u00f5itsemist ja rikkalikku maitsvate viljade saaki.<\/p>","protected":false},"excerpt":{"rendered":"<p>Balanced fertilization for healthy citrus trees.\u00a0This fertilizer for citrus trees, orange trees, and lemon trees is specially formulated to provide your trees with all the necessary nutrients for their development, flowering, and fruiting. Thanks to its NPK 10-10-10 composition, it ensures harmonious growth of roots, leaves, and fruits, allowing citrus trees to produce abundant and [&hellip;]<\/p>\n","protected":false},"featured_media":25723,"comment_status":"open","ping_status":"closed","template":"","meta":{"_uag_custom_page_level_css":"","site-sidebar-layout":"default","site-content-layout":"","ast-site-content-layout":"default","site-content-style":"default","site-sidebar-style":"default","ast-global-header-display":"","ast-banner-title-visibility":"","ast-main-header-display":"","ast-hfb-above-header-display":"","ast-hfb-below-header-display":"","ast-hfb-mobile-header-display":"","site-post-title":"","ast-breadcrumbs-content":"","ast-featured-img":"","footer-sml-layout":"","ast-disable-related-posts":"","theme-transparent-header-meta":"default","adv-header-id-meta":"","stick-header-meta":"","header-above-stick-meta":"","header-main-stick-meta":"","header-below-stick-meta":"","astra-migrate-meta-layouts":"set","ast-page-background-enabled":"default","ast-page-background-meta":{"desktop":{"background-color":"var(--ast-global-color-4)","background-image":"","background-repeat":"repeat","background-position":"center center","background-size":"auto","background-attachment":"scroll","background-type":"","background-media":"","overlay-type":"","overlay-color":"","overlay-opacity":"","overlay-gradient":""},"tablet":{"background-color":"","background-image":"","background-repeat":"repeat","background-position":"center center","background-size":"auto","background-attachment":"scroll","background-type":"","background-media":"","overlay-type":"","overlay-color":"","overlay-opacity":"","overlay-gradient":""},"mobile":{"background-color":"","background-image":"","background-repeat":"repeat","background-position":"center center","background-size":"auto","background-attachment":"scroll","background-type":"","background-media":"","overlay-type":"","overlay-color":"","overlay-opacity":"","overlay-gradient":""}},"ast-content-background-meta":{"desktop":{"background-color":"var(--ast-global-color-5)","background-image":"","background-repeat":"repeat","background-position":"center center","background-size":"auto","background-attachment":"scroll","background-type":"","background-media":"","overlay-type":"","overlay-color":"","overlay-opacity":"","overlay-gradient":""},"tablet":{"background-color":"var(--ast-global-color-5)","background-image":"","background-repeat":"repeat","background-position":"center center","background-size":"auto","background-attachment":"scroll","background-type":"","background-media":"","overlay-type":"","overlay-color":"","overlay-opacity":"","overlay-gradient":""},"mobile":{"background-color":"var(--ast-global-color-5)","background-image":"","background-repeat":"repeat","background-position":"center center","background-size":"auto","background-attachment":"scroll","background-type":"","background-media":"","overlay-type":"","overlay-color":"","overlay-opacity":"","overlay-gradient":""}}},"product_brand":[],"product_cat":[178],"product_tag":[],"class_list":{"0":"post-23139","1":"product","2":"type-product","3":"status-publish","4":"has-post-thumbnail","6":"product_cat-fertilizers","7":"desktop-align-left","8":"tablet-align-left","9":"mobile-align-left","11":"first","12":"instock","13":"shipping-taxable","14":"purchasable","15":"product-type-simple"},"spectra_custom_meta":{"_visibility":["visible"],"_shopify_product_id":["9062376374517"],"_s2w_shopify_domain":["ferberpainting.myshopify.com"],"_shopify_variant_id":["46488662704373"],"_sku":["FPCITRUSORANGEANDLEMONTREEFERTILIZER25KG"],"_regular_price":["39.90"],"_price":["39.90"],"_sale_price":[""],"_weight":["18.5"],"_thumbnail_id":["25723"],"_global_unique_id":["5056773817050"],"total_sales":["34"],"_tax_status":["taxable"],"_tax_class":[""],"_manage_stock":["no"],"_backorders":["no"],"_sold_individually":["no"],"_virtual":["no"],"_downloadable":["no"],"_download_limit":["-1"],"_download_expiry":["-1"],"_stock":[null],"_stock_status":["instock"],"_wc_average_rating":["5.00"],"_wc_review_count":["38"],"_product_version":["10.5.1"],"_edit_lock":["1771158344:1"],"_edit_last":["1"],"_wp_page_template":["default"],"site-sidebar-layout":["default"],"ast-site-content-layout":["default"],"site-content-style":["default"],"site-sidebar-style":["default"],"theme-transparent-header-meta":["default"],"_wc_rating_count":["a:1:{i:5;i:38;}"],"merchant-center-availability":["yes"],"merchant-center-category":["113"],"astra-migrate-meta-layouts":["set"],"_uag_css_file_name":["uag-css-23139.css"],"_elementor_page_assets":["a:0:{}"],"_uag_page_assets":["a:9:{s:3:\"css\";s:6873:\".wp-block-uagb-image{display:flex}.wp-block-uagb-image__figure{position:relative;display:flex;flex-direction:column;max-width:100%;height:auto;margin:0}.wp-block-uagb-image__figure img{height:auto;display:flex;max-width:100%;transition:box-shadow .2s ease}.wp-block-uagb-image__figure>a{display:inline-block}.wp-block-uagb-image__figure figcaption{text-align:center;margin-top:.5em;margin-bottom:1em}.wp-block-uagb-image .components-placeholder.block-editor-media-placeholder .components-placeholder__instructions{align-self:center}.wp-block-uagb-image--align-left{text-align:left}.wp-block-uagb-image--align-right{text-align:right}.wp-block-uagb-image--align-center{text-align:center}.wp-block-uagb-image--align-full .wp-block-uagb-image__figure{margin-left:calc(50% - 50vw);margin-right:calc(50% - 50vw);max-width:100vw;width:100vw;height:auto}.wp-block-uagb-image--align-full .wp-block-uagb-image__figure img{height:auto;width:100% !important}.wp-block-uagb-image--align-wide .wp-block-uagb-image__figure img{height:auto;width:100%}.wp-block-uagb-image--layout-overlay__color-wrapper{position:absolute;left:0;top:0;right:0;bottom:0;opacity:.2;background:rgba(0,0,0,.5);transition:opacity .35s ease-in-out}.wp-block-uagb-image--layout-overlay-link{position:absolute;left:0;right:0;bottom:0;top:0}.wp-block-uagb-image--layout-overlay .wp-block-uagb-image__figure:hover .wp-block-uagb-image--layout-overlay__color-wrapper{opacity:1}.wp-block-uagb-image--layout-overlay__inner{position:absolute;left:15px;right:15px;bottom:15px;top:15px;display:flex;align-items:center;justify-content:center;flex-direction:column;border-color:#fff;transition:.35s ease-in-out}.wp-block-uagb-image--layout-overlay__inner.top-left,.wp-block-uagb-image--layout-overlay__inner.top-center,.wp-block-uagb-image--layout-overlay__inner.top-right{justify-content:flex-start}.wp-block-uagb-image--layout-overlay__inner.bottom-left,.wp-block-uagb-image--layout-overlay__inner.bottom-center,.wp-block-uagb-image--layout-overlay__inner.bottom-right{justify-content:flex-end}.wp-block-uagb-image--layout-overlay__inner.top-left,.wp-block-uagb-image--layout-overlay__inner.center-left,.wp-block-uagb-image--layout-overlay__inner.bottom-left{align-items:flex-start}.wp-block-uagb-image--layout-overlay__inner.top-right,.wp-block-uagb-image--layout-overlay__inner.center-right,.wp-block-uagb-image--layout-overlay__inner.bottom-right{align-items:flex-end}.wp-block-uagb-image--layout-overlay__inner .uagb-image-heading{color:#fff;transition:transform .35s,opacity .35s ease-in-out;transform:translate3d(0, 24px, 0);margin:0;line-height:1em}.wp-block-uagb-image--layout-overlay__inner .uagb-image-separator{width:30%;border-top-width:2px;border-top-color:#fff;border-top-style:solid;margin-bottom:10px;opacity:0;transition:transform .4s,opacity .4s ease-in-out;transform:translate3d(0, 30px, 0)}.wp-block-uagb-image--layout-overlay__inner .uagb-image-caption{opacity:0;overflow:visible;color:#fff;transition:transform .45s,opacity .45s ease-in-out;transform:translate3d(0, 35px, 0)}.wp-block-uagb-image--layout-overlay__inner:hover .uagb-image-heading,.wp-block-uagb-image--layout-overlay__inner:hover .uagb-image-separator,.wp-block-uagb-image--layout-overlay__inner:hover .uagb-image-caption{opacity:1;transform:translate3d(0, 0, 0)}.wp-block-uagb-image--effect-zoomin .wp-block-uagb-image__figure img,.wp-block-uagb-image--effect-zoomin .wp-block-uagb-image__figure .wp-block-uagb-image--layout-overlay__color-wrapper{transform:scale(1);transition:transform .35s ease-in-out}.wp-block-uagb-image--effect-zoomin .wp-block-uagb-image__figure:hover img,.wp-block-uagb-image--effect-zoomin .wp-block-uagb-image__figure:hover .wp-block-uagb-image--layout-overlay__color-wrapper{transform:scale(1.05)}.wp-block-uagb-image--effect-slide .wp-block-uagb-image__figure img,.wp-block-uagb-image--effect-slide .wp-block-uagb-image__figure .wp-block-uagb-image--layout-overlay__color-wrapper{width:calc(100% + 40px) !important;max-width:none !important;transform:translate3d(-40px, 0, 0);transition:transform .35s ease-in-out}.wp-block-uagb-image--effect-slide .wp-block-uagb-image__figure:hover img,.wp-block-uagb-image--effect-slide .wp-block-uagb-image__figure:hover .wp-block-uagb-image--layout-overlay__color-wrapper{transform:translate3d(0, 0, 0)}.wp-block-uagb-image--effect-grayscale img{filter:grayscale(0%);transition:.35s ease-in-out}.wp-block-uagb-image--effect-grayscale:hover img{filter:grayscale(100%)}.wp-block-uagb-image--effect-blur img{filter:blur(0);transition:.35s ease-in-out}.wp-block-uagb-image--effect-blur:hover img{filter:blur(3px)}.uagb-block-e6f939b3.wp-block-uagb-image--layout-default figure img{box-shadow: 0px 0px 0 #00000070;}.uagb-block-e6f939b3.wp-block-uagb-image .wp-block-uagb-image__figure figcaption{font-style: normal;align-self: center;}.uagb-block-e6f939b3.wp-block-uagb-image--layout-overlay figure img{box-shadow: 0px 0px 0 #00000070;}.uagb-block-e6f939b3.wp-block-uagb-image--layout-overlay .wp-block-uagb-image--layout-overlay__color-wrapper{opacity: 0.2;}.uagb-block-e6f939b3.wp-block-uagb-image--layout-overlay .wp-block-uagb-image--layout-overlay__inner{left: 15px;right: 15px;top: 15px;bottom: 15px;}.uagb-block-e6f939b3.wp-block-uagb-image--layout-overlay .wp-block-uagb-image--layout-overlay__inner .uagb-image-heading{font-style: normal;color: #fff;opacity: 1;}.uagb-block-e6f939b3.wp-block-uagb-image--layout-overlay .wp-block-uagb-image--layout-overlay__inner .uagb-image-heading a{color: #fff;}.uagb-block-e6f939b3.wp-block-uagb-image--layout-overlay .wp-block-uagb-image--layout-overlay__inner .uagb-image-caption{opacity: 0;}.uagb-block-e6f939b3.wp-block-uagb-image--layout-overlay .wp-block-uagb-image__figure:hover .wp-block-uagb-image--layout-overlay__color-wrapper{opacity: 1;}.uagb-block-e6f939b3.wp-block-uagb-image .wp-block-uagb-image--layout-overlay__inner .uagb-image-separator{width: 30%;border-top-width: 2px;border-top-color: #fff;opacity: 0;}.uagb-block-e6f939b3.wp-block-uagb-image .wp-block-uagb-image__figure img{width: px;height: auto;}.uagb-block-e6f939b3.wp-block-uagb-image .wp-block-uagb-image__figure:hover .wp-block-uagb-image--layout-overlay__inner .uagb-image-caption{opacity: 1;}.uagb-block-e6f939b3.wp-block-uagb-image .wp-block-uagb-image__figure:hover .wp-block-uagb-image--layout-overlay__inner .uagb-image-separator{opacity: 1;}.uagb-block-e6f939b3.wp-block-uagb-image--layout-default figure:hover img{box-shadow: 0px 0px 0 #00000070;}.uagb-block-e6f939b3.wp-block-uagb-image--layout-overlay figure:hover img{box-shadow: 0px 0px 0 #00000070;}@media only screen and (max-width: 976px) {.uagb-block-e6f939b3.wp-block-uagb-image .wp-block-uagb-image__figure img{width: px;height: auto;}}@media only screen and (max-width: 767px) {.uagb-block-e6f939b3.wp-block-uagb-image .wp-block-uagb-image__figure img{width: px;height: auto;}}\";s:2:\"js\";s:0:\"\";s:18:\"current_block_list\";a:13:{i:0;s:11:\"core\/search\";i:1;s:10:\"core\/group\";i:2;s:12:\"core\/heading\";i:3;s:17:\"core\/latest-posts\";i:4;s:20:\"core\/latest-comments\";i:5;s:13:\"core\/archives\";i:6;s:15:\"core\/categories\";i:7;s:14:\"core\/paragraph\";i:8;s:10:\"uagb\/image\";i:9;s:11:\"core\/spacer\";i:10;s:30:\"woocommerce\/product-categories\";i:11;s:10:\"core\/image\";i:12;s:14:\"core\/shortcode\";}s:8:\"uag_flag\";b:1;s:11:\"uag_version\";s:10:\"1777101475\";s:6:\"gfonts\";a:0:{}s:10:\"gfonts_url\";s:0:\"\";s:12:\"gfonts_files\";a:0:{}s:14:\"uag_faq_layout\";b:0;}"]},"uagb_featured_image_src":{"full":["https:\/\/www.ferberpainting.com\/wp-content\/uploads\/2025\/05\/Citrus_OrangeandLemonTreeFertilizer25kg.png",2560,2560,false],"thumbnail":["https:\/\/www.ferberpainting.com\/wp-content\/uploads\/2025\/05\/Citrus_OrangeandLemonTreeFertilizer25kg-150x150.png",150,150,true],"medium":["https:\/\/www.ferberpainting.com\/wp-content\/uploads\/2025\/05\/Citrus_OrangeandLemonTreeFertilizer25kg-300x300.png",300,300,true],"medium_large":["https:\/\/www.ferberpainting.com\/wp-content\/uploads\/2025\/05\/Citrus_OrangeandLemonTreeFertilizer25kg-768x768.png",768,768,true],"large":["https:\/\/www.ferberpainting.com\/wp-content\/uploads\/2025\/05\/Citrus_OrangeandLemonTreeFertilizer25kg-1024x1024.png",1024,1024,true],"1536x1536":["https:\/\/www.ferberpainting.com\/wp-content\/uploads\/2025\/05\/Citrus_OrangeandLemonTreeFertilizer25kg-1536x1536.png",1536,1536,true],"2048x2048":["https:\/\/www.ferberpainting.com\/wp-content\/uploads\/2025\/05\/Citrus_OrangeandLemonTreeFertilizer25kg-2048x2048.png",2048,2048,true],"trp-custom-language-flag":["https:\/\/www.ferberpainting.com\/wp-content\/uploads\/2025\/05\/Citrus_OrangeandLemonTreeFertilizer25kg-12x12.png",12,12,true],"woocommerce_thumbnail":["https:\/\/www.ferberpainting.com\/wp-content\/uploads\/2025\/05\/Citrus_OrangeandLemonTreeFertilizer25kg-300x300.png",300,300,true],"woocommerce_single":["https:\/\/www.ferberpainting.com\/wp-content\/uploads\/2025\/05\/Citrus_OrangeandLemonTreeFertilizer25kg-600x600.png",600,600,true],"woocommerce_gallery_thumbnail":["https:\/\/www.ferberpainting.com\/wp-content\/uploads\/2025\/05\/Citrus_OrangeandLemonTreeFertilizer25kg-100x100.png",100,100,true]},"uagb_author_info":{"display_name":"admin","author_link":"https:\/\/www.ferberpainting.com\/ee\/author\/"},"uagb_comment_info":38,"uagb_excerpt":"Balanced fertilization for healthy citrus trees.\u00a0This fertilizer for citrus trees, orange trees, and lemon trees is specially formulated to provide your trees with all the necessary nutrients for their development, flowering, and fruiting. Thanks to its NPK 10-10-10 composition, it ensures harmonious growth of roots, leaves, and fruits, allowing citrus trees to produce abundant and&hellip;","_links":{"self":[{"href":"https:\/\/www.ferberpainting.com\/ee\/wp-json\/wp\/v2\/product\/23139","targetHints":{"allow":["GET"]}}],"collection":[{"href":"https:\/\/www.ferberpainting.com\/ee\/wp-json\/wp\/v2\/product"}],"about":[{"href":"https:\/\/www.ferberpainting.com\/ee\/wp-json\/wp\/v2\/types\/product"}],"replies":[{"embeddable":true,"href":"https:\/\/www.ferberpainting.com\/ee\/wp-json\/wp\/v2\/comments?post=23139"}],"version-history":[{"count":5,"href":"https:\/\/www.ferberpainting.com\/ee\/wp-json\/wp\/v2\/product\/23139\/revisions"}],"predecessor-version":[{"id":166067,"href":"https:\/\/www.ferberpainting.com\/ee\/wp-json\/wp\/v2\/product\/23139\/revisions\/166067"}],"wp:featuredmedia":[{"embeddable":true,"href":"https:\/\/www.ferberpainting.com\/ee\/wp-json\/wp\/v2\/media\/25723"}],"wp:attachment":[{"href":"https:\/\/www.ferberpainting.com\/ee\/wp-json\/wp\/v2\/media?parent=23139"}],"wp:term":[{"taxonomy":"product_brand","embeddable":true,"href":"https:\/\/www.ferberpainting.com\/ee\/wp-json\/wp\/v2\/product_brand?post=23139"},{"taxonomy":"product_cat","embeddable":true,"href":"https:\/\/www.ferberpainting.com\/ee\/wp-json\/wp\/v2\/product_cat?post=23139"},{"taxonomy":"product_tag","embeddable":true,"href":"https:\/\/www.ferberpainting.com\/ee\/wp-json\/wp\/v2\/product_tag?post=23139"}],"curies":[{"name":"wp","href":"https:\/\/api.w.org\/{rel}","templated":true}]}}