{"id":23131,"date":"2025-07-01T17:13:12","date_gmt":"2025-07-01T15:13:12","guid":{"rendered":"https:\/\/www.ferberpainting.com\/?post_type=product&#038;p=23131"},"modified":"2026-02-15T13:25:35","modified_gmt":"2026-02-15T12:25:35","slug":"ceramic-cleaner","status":"publish","type":"product","link":"https:\/\/www.ferberpainting.com\/ee\/products\/ceramic-cleaner\/","title":{"rendered":"Keraamika puhastusvahend"},"content":{"rendered":"<p><img decoding=\"async\" style=\"margin-right: 12px;\" src=\"https:\/\/www.ferberpainting.com\/wp-content\/uploads\/2026\/02\/Check.svg\" alt=\"\" width=\"18\" height=\"15\" \/><strong>Optimaalne t\u00f5husus.<\/strong>\u00a0See keraamiline puhastusvahend on spetsiaalselt loodud selleks, et eemaldada t\u00f5husalt mustust, seebij\u00e4\u00e4ke, katlakivi j\u00e4lgi ja kangekaelseid plekke, mis tuhmivad keraamilisi pindu. Selle v\u00f5imas koostis tungib s\u00fcgavale, et eemaldada mustus ilma pinda kahjustamata, j\u00e4ttes puhta, l\u00e4ikiva ja s\u00e4rava viimistluse. See v\u00f5imaldab \u00f5rnalt puhastada, s\u00e4ilitades samal ajal t\u00f6\u00f6deldud materjalide kvaliteeti ja terviklikkust.<\/p>\n<p><img decoding=\"async\" style=\"margin-right: 12px;\" src=\"https:\/\/www.ferberpainting.com\/wp-content\/uploads\/2026\/02\/Check.svg\" alt=\"\" width=\"18\" height=\"15\" \/><strong>Raha tagasi garantii.<\/strong>\u00a0Me usaldame t\u00e4ielikult meie keraamilise puhastusvahendi t\u00f5husust. Kui p\u00e4rast kasutamist ei ole te tulemustega t\u00e4ielikult rahul, on teil \u00f5igus saada raha tagasi. Proovige meie toodet meelerahu ja tagage optimaalne puhastamine, vaevata ja ilma p\u00fcsivate j\u00e4lgedeta.<\/p>\n<p><img decoding=\"async\" style=\"margin-right: 12px;\" src=\"https:\/\/www.ferberpainting.com\/wp-content\/uploads\/2026\/02\/Check.svg\" alt=\"\" width=\"18\" height=\"15\" \/><strong>Erakordne mitmek\u00fclgsus.<\/strong>\u00a0See puhastusvahend ei piirdu ainult keraamiliste pindadega! See on t\u00f5hus ka sellistele materjalidele nagu kiviplaat, portselan, plaat, savin\u00f5ude ja isegi m\u00f5nedele mittepoorsetele looduslikele kividele. See sobib ideaalselt valamute, t\u00f6\u00f6pindade, taustaplaatide, vannide, du\u0161iseinte, valamute ja plaaditud pindade puhastamiseks. Selle kasutamine sobib nii eraisikutele kui ka keraamilisi paigaldusi hooldavatele professionaalidele, kes kasutavad v\u00f5imsat ja mitmek\u00fclgset toodet.<\/p>\n<p><img decoding=\"async\" style=\"margin-right: 12px;\" src=\"https:\/\/www.ferberpainting.com\/wp-content\/uploads\/2026\/02\/Check.svg\" alt=\"\" width=\"18\" height=\"15\" \/><strong>Kuluefektiivne j\u00f5udlus.<\/strong>\u00a0T\u00e4nu oma 5-liitrisele kanistrile ja k\u00f5rgele kontsentratsioonile pakub see puhastusvahend suurep\u00e4rase hinna ja kvaliteedi suhte. V\u00e4ikesest kogusest piisab suure pinna puhastamiseks ilma raiskamiseta. \u00dche liitri tootega saab keskmiselt t\u00f6\u00f6delda kuni 80 m\u00b2 keraamilist pinda, mis teeb sellest kuluefektiivse ja t\u00f5husa lahenduse regulaarseks v\u00f5i intensiivseks kasutamiseks.<\/p>\n<p><img decoding=\"async\" style=\"margin-right: 12px;\" src=\"https:\/\/www.ferberpainting.com\/wp-content\/uploads\/2026\/02\/Check.svg\" alt=\"\" width=\"18\" height=\"15\" \/><strong>Ohutu kasutamine.<\/strong>\u00a0Erinevalt karmi happeid sisaldavatest puhastusvahenditest, mis v\u00f5ivad kahjustada keraamikat ja kiirendada vananemist, on see puhastusvahend koostatud ilma pindadele ja tervisele kahjulike aineteta. See ei p\u00f5hjusta korrosiooni, ei n\u00f5rgenda materjale ja s\u00e4\u00e4stab viimistlusvahendeid. See ei eralda \u00e4rritavaid aure, mis v\u00f5imaldab ohutult kasutada seda isegi halvasti ventileeritud ruumides.<\/p>\n<p><img decoding=\"async\" style=\"margin-right: 12px;\" src=\"https:\/\/www.ferberpainting.com\/wp-content\/uploads\/2026\/02\/Check.svg\" alt=\"\" width=\"18\" height=\"15\" \/><strong>Kasutamise lihtsus.<\/strong>\u00a0See toode on kasutusvalmis ja ei vaja lahjendamist ega keerulist ettevalmistamist. Seda kantakse otse pinnale, kasutades lappi, k\u00e4sna v\u00f5i mikrokiudmoppi. Selle kiire toime eemaldab mustuse vaid m\u00f5ne minutiga, ilma et oleks vaja liigset k\u00fc\u00fcrimist v\u00f5i loputamist. T\u00e4nu intuitiivsele kasutamisele on see k\u00e4ttesaadav ka kasutajatele, kellel puudub kogemus keraamika hooldamisel.<\/p>\n<p><img decoding=\"async\" style=\"margin-right: 12px;\" src=\"https:\/\/www.ferberpainting.com\/wp-content\/uploads\/2026\/02\/Check.svg\" alt=\"\" width=\"18\" height=\"15\" \/><strong>Laiendatud vastupidavus.<\/strong>\u00a0See puhastusvahend aitab korrap\u00e4raselt eemaldada katlakivi, plekke ja seebikihti, pikendades keraamiliste pindade eluiga ja s\u00e4ilitades nende loomuliku s\u00e4ra pikema aja jooksul. See hoiab \u00e4ra pindade tuhmumist ja kulumist kiirendavad kogunemised. Regulaarne hooldus selle tootega aitab v\u00e4ltida kulukat remonti ning hoiab pinnad puhtad ja h\u00e4sti kaitstud.<\/p>\n<p><img decoding=\"async\" style=\"margin-right: 12px;\" src=\"https:\/\/www.ferberpainting.com\/wp-content\/uploads\/2026\/02\/Check.svg\" alt=\"\" width=\"18\" height=\"15\" \/><strong>Kiire tegevus.<\/strong>\u00a0T\u00e4nu oma v\u00e4ga aktiivsele koostisele toimib see puhastusvahend koheselt plekkide ja kogunemiste suhtes. Vaid m\u00f5ne minutiga lahustab see mustuse ja muudab selle h\u00f5lpsasti ja ilma suurema vaevata eemaldatavaks. See v\u00f5imaldab keraamiliste ja sarnaste materjalide kiiret ja t\u00f5husat hooldust.<\/p>\n<h2><strong>Kasutamise protokoll<\/strong><\/h2>\n<ul>\n<li><strong>Ettevalmistus<\/strong>: Veenduge, et keraamiline pind on kuiv ja vaba tolmust v\u00f5i prahist. Kui pind on tugevalt m\u00e4\u00e4rdunud, on soovitatav eelnevalt kuiva lapiga v\u00f5i pehme harjaga tolmu p\u00fchkida.<\/li>\n<li><strong>K\u00e4sitsi rakendamine<\/strong>: Valage v\u00e4ike kogus puhastusvahendit puhtale lapile v\u00f5i k\u00e4snale, seej\u00e4rel kandke see \u00fchtlaselt ringjate liigutustega, et toode imbuks sisse ja lahustaks mustuse.<\/li>\n<li><strong>Suur pindade kasutamine <\/strong>: Keraamiliste p\u00f5randate, plaaditud seinte v\u00f5i suurte t\u00f6\u00f6pindade puhastamiseks kasutage pihustuspudelit, et toode \u00fchtlaselt jaotada. Laske paar minutit m\u00f5juda, et lahustada katlakivi, seej\u00e4rel p\u00fchkige kuiva lapiga v\u00f5i loputage puhta veega.<\/li>\n<li><strong>P\u00fcsivate plekkide k\u00e4sitlemine <\/strong>: Tugevalt m\u00e4\u00e4rdunud alade v\u00f5i rasvaplekkide puhul kanna suurem kogus toodet ja lase 5-10 minutit m\u00f5juda. Kasutage pehmet harja, et aidata mustust eemaldada ilma pinda kriimustamata. Vajaduse korral korrake optimaalseks puhastamiseks.<\/li>\n<li><strong>Loputamine ja p\u00fchkimine <\/strong>: P\u00fchkige kuiva v\u00f5i kergelt niiske lapiga, et eemaldada tootej\u00e4\u00e4gid ja tagada plekita, triibuvaba viimistlus. V\u00e4lisuste puhul v\u00f5ib olla vaja loputada puhta veega.<\/li>\n<li><strong>Poleerimine ja kaitse <\/strong>: Veelgi l\u00e4ikivama ja puhtama viimistluse saavutamiseks p\u00fchkige puhta kuiva lapiga, et keraamika poleerida ja taaselustada selle s\u00e4ra. Regulaarne puhastamine aitab v\u00e4ltida uusi plekke ja muudab edaspidise hoolduse lihtsamaks.<\/li>\n<li><strong>Kasutamise sagedus <\/strong>: Kandke \u00fcks v\u00f5i kaks korda n\u00e4dalas regulaarseks puhastamiseks ja mustuse kogunemise v\u00e4ltimiseks. Tugevalt kasutatavatel aladel, nagu k\u00f6\u00f6k v\u00f5i vannituba, on soovitatav sagedamini puhastada, et tagada optimaalne kaitse.<\/li>\n<li><strong>Ladustamine <\/strong>: P\u00e4rast iga kasutamist sulgege kanister tihedalt ja hoidke seda jahedas ja kuivas kohas, eemal valgusest ja \u00e4\u00e4rmuslikest temperatuuridest, et s\u00e4ilitada toote pikaajaline t\u00f5husus.<\/li>\n<\/ul>\n<p>Meie keraamilise puhastusvahendiga saate nautida t\u00f5husat ja vaevata hooldust, s\u00e4ilitades samal ajal oma pindade s\u00e4ra ja vastupidavuse. Ideaalne lahendus keraamika jaoks, mis j\u00e4\u00e4b igas olukorras puhtaks, kaitstuks ja s\u00e4ravaks.<\/p>","protected":false},"excerpt":{"rendered":"<p>Optimal Efficiency.\u00a0This ceramic cleaner is specially formulated to effectively remove dirt, soap residues, limescale marks, and stubborn stains that dull ceramic surfaces. Its powerful formula penetrates deep to lift impurities without damaging the surface, leaving a clean, shiny, and brilliant finish. It allows for gentle cleaning while preserving the quality and integrity of treated materials. [&hellip;]<\/p>\n","protected":false},"featured_media":36491,"comment_status":"open","ping_status":"closed","template":"","meta":{"_uag_custom_page_level_css":"","site-sidebar-layout":"default","site-content-layout":"","ast-site-content-layout":"default","site-content-style":"default","site-sidebar-style":"default","ast-global-header-display":"","ast-banner-title-visibility":"","ast-main-header-display":"","ast-hfb-above-header-display":"","ast-hfb-below-header-display":"","ast-hfb-mobile-header-display":"","site-post-title":"","ast-breadcrumbs-content":"","ast-featured-img":"","footer-sml-layout":"","ast-disable-related-posts":"","theme-transparent-header-meta":"default","adv-header-id-meta":"","stick-header-meta":"","header-above-stick-meta":"","header-main-stick-meta":"","header-below-stick-meta":"","astra-migrate-meta-layouts":"set","ast-page-background-enabled":"default","ast-page-background-meta":{"desktop":{"background-color":"var(--ast-global-color-4)","background-image":"","background-repeat":"repeat","background-position":"center center","background-size":"auto","background-attachment":"scroll","background-type":"","background-media":"","overlay-type":"","overlay-color":"","overlay-opacity":"","overlay-gradient":""},"tablet":{"background-color":"","background-image":"","background-repeat":"repeat","background-position":"center center","background-size":"auto","background-attachment":"scroll","background-type":"","background-media":"","overlay-type":"","overlay-color":"","overlay-opacity":"","overlay-gradient":""},"mobile":{"background-color":"","background-image":"","background-repeat":"repeat","background-position":"center center","background-size":"auto","background-attachment":"scroll","background-type":"","background-media":"","overlay-type":"","overlay-color":"","overlay-opacity":"","overlay-gradient":""}},"ast-content-background-meta":{"desktop":{"background-color":"var(--ast-global-color-5)","background-image":"","background-repeat":"repeat","background-position":"center center","background-size":"auto","background-attachment":"scroll","background-type":"","background-media":"","overlay-type":"","overlay-color":"","overlay-opacity":"","overlay-gradient":""},"tablet":{"background-color":"var(--ast-global-color-5)","background-image":"","background-repeat":"repeat","background-position":"center center","background-size":"auto","background-attachment":"scroll","background-type":"","background-media":"","overlay-type":"","overlay-color":"","overlay-opacity":"","overlay-gradient":""},"mobile":{"background-color":"var(--ast-global-color-5)","background-image":"","background-repeat":"repeat","background-position":"center center","background-size":"auto","background-attachment":"scroll","background-type":"","background-media":"","overlay-type":"","overlay-color":"","overlay-opacity":"","overlay-gradient":""}}},"product_brand":[],"product_cat":[175],"product_tag":[],"class_list":{"0":"post-23131","1":"product","2":"type-product","3":"status-publish","4":"has-post-thumbnail","6":"product_cat-cleaning-products","7":"desktop-align-left","8":"tablet-align-left","9":"mobile-align-left","11":"first","12":"instock","13":"sale","14":"taxable","15":"shipping-taxable","16":"purchasable","17":"product-type-variable","18":"has-default-attributes"},"spectra_custom_meta":{"_visibility":["visible"],"_shopify_product_id":["9106512675061"],"_s2w_shopify_domain":["ferberpainting.myshopify.com"],"_shopify_variant_id":["46626220769525"],"_sku":[""],"_manage_stock":["no"],"total_sales":["18"],"_tax_status":["taxable"],"_tax_class":[""],"_backorders":["no"],"_sold_individually":["no"],"_virtual":["no"],"_downloadable":["no"],"_download_limit":["-1"],"_download_expiry":["-1"],"_stock":[null],"_stock_status":["instock"],"_wc_average_rating":["5.00"],"_wc_review_count":["12"],"_product_attributes":["a:1:{s:6:\"volume\";a:6:{s:4:\"name\";s:6:\"Volume\";s:5:\"value\";s:20:\"5 liters | 25 liters\";s:8:\"position\";i:1;s:10:\"is_visible\";i:0;s:12:\"is_variation\";i:1;s:11:\"is_taxonomy\";i:0;}}"],"_product_version":["10.5.1"],"wpse_downloadable_file_names":[""],"wpse_downloadable_file_urls":[""],"_edit_last":["1"],"_default_attributes":["a:1:{s:6:\"volume\";s:8:\"5 liters\";}"],"_edit_lock":["1771158196:1"],"_price":["29.90","129.90"],"merchant-center-availability":["yes"],"merchant-center-category":["4973"],"_thumbnail_id":["36491"],"_wp_page_template":["default"],"_product_image_gallery":["36492"],"site-sidebar-layout":["default"],"ast-site-content-layout":["default"],"site-content-style":["default"],"site-sidebar-style":["default"],"theme-transparent-header-meta":["default"],"_wc_rating_count":["a:1:{i:5;i:12;}"],"astra-migrate-meta-layouts":["set"],"_uag_css_file_name":["uag-css-23131.css"],"_elementor_page_assets":["a:0:{}"],"_uag_page_assets":["a:9:{s:3:\"css\";s:7133:\".uag-blocks-common-selector{z-index:var(--z-index-desktop) !important}@media(max-width: 976px){.uag-blocks-common-selector{z-index:var(--z-index-tablet) !important}}@media(max-width: 767px){.uag-blocks-common-selector{z-index:var(--z-index-mobile) !important}}.wp-block-uagb-image{display:flex}.wp-block-uagb-image__figure{position:relative;display:flex;flex-direction:column;max-width:100%;height:auto;margin:0}.wp-block-uagb-image__figure img{height:auto;display:flex;max-width:100%;transition:box-shadow .2s ease}.wp-block-uagb-image__figure>a{display:inline-block}.wp-block-uagb-image__figure figcaption{text-align:center;margin-top:.5em;margin-bottom:1em}.wp-block-uagb-image .components-placeholder.block-editor-media-placeholder .components-placeholder__instructions{align-self:center}.wp-block-uagb-image--align-left{text-align:left}.wp-block-uagb-image--align-right{text-align:right}.wp-block-uagb-image--align-center{text-align:center}.wp-block-uagb-image--align-full .wp-block-uagb-image__figure{margin-left:calc(50% - 50vw);margin-right:calc(50% - 50vw);max-width:100vw;width:100vw;height:auto}.wp-block-uagb-image--align-full .wp-block-uagb-image__figure img{height:auto;width:100% !important}.wp-block-uagb-image--align-wide .wp-block-uagb-image__figure img{height:auto;width:100%}.wp-block-uagb-image--layout-overlay__color-wrapper{position:absolute;left:0;top:0;right:0;bottom:0;opacity:.2;background:rgba(0,0,0,.5);transition:opacity .35s ease-in-out}.wp-block-uagb-image--layout-overlay-link{position:absolute;left:0;right:0;bottom:0;top:0}.wp-block-uagb-image--layout-overlay .wp-block-uagb-image__figure:hover .wp-block-uagb-image--layout-overlay__color-wrapper{opacity:1}.wp-block-uagb-image--layout-overlay__inner{position:absolute;left:15px;right:15px;bottom:15px;top:15px;display:flex;align-items:center;justify-content:center;flex-direction:column;border-color:#fff;transition:.35s ease-in-out}.wp-block-uagb-image--layout-overlay__inner.top-left,.wp-block-uagb-image--layout-overlay__inner.top-center,.wp-block-uagb-image--layout-overlay__inner.top-right{justify-content:flex-start}.wp-block-uagb-image--layout-overlay__inner.bottom-left,.wp-block-uagb-image--layout-overlay__inner.bottom-center,.wp-block-uagb-image--layout-overlay__inner.bottom-right{justify-content:flex-end}.wp-block-uagb-image--layout-overlay__inner.top-left,.wp-block-uagb-image--layout-overlay__inner.center-left,.wp-block-uagb-image--layout-overlay__inner.bottom-left{align-items:flex-start}.wp-block-uagb-image--layout-overlay__inner.top-right,.wp-block-uagb-image--layout-overlay__inner.center-right,.wp-block-uagb-image--layout-overlay__inner.bottom-right{align-items:flex-end}.wp-block-uagb-image--layout-overlay__inner .uagb-image-heading{color:#fff;transition:transform .35s,opacity .35s ease-in-out;transform:translate3d(0, 24px, 0);margin:0;line-height:1em}.wp-block-uagb-image--layout-overlay__inner .uagb-image-separator{width:30%;border-top-width:2px;border-top-color:#fff;border-top-style:solid;margin-bottom:10px;opacity:0;transition:transform .4s,opacity .4s ease-in-out;transform:translate3d(0, 30px, 0)}.wp-block-uagb-image--layout-overlay__inner .uagb-image-caption{opacity:0;overflow:visible;color:#fff;transition:transform .45s,opacity .45s ease-in-out;transform:translate3d(0, 35px, 0)}.wp-block-uagb-image--layout-overlay__inner:hover .uagb-image-heading,.wp-block-uagb-image--layout-overlay__inner:hover .uagb-image-separator,.wp-block-uagb-image--layout-overlay__inner:hover .uagb-image-caption{opacity:1;transform:translate3d(0, 0, 0)}.wp-block-uagb-image--effect-zoomin .wp-block-uagb-image__figure img,.wp-block-uagb-image--effect-zoomin .wp-block-uagb-image__figure .wp-block-uagb-image--layout-overlay__color-wrapper{transform:scale(1);transition:transform .35s ease-in-out}.wp-block-uagb-image--effect-zoomin .wp-block-uagb-image__figure:hover img,.wp-block-uagb-image--effect-zoomin .wp-block-uagb-image__figure:hover .wp-block-uagb-image--layout-overlay__color-wrapper{transform:scale(1.05)}.wp-block-uagb-image--effect-slide .wp-block-uagb-image__figure img,.wp-block-uagb-image--effect-slide .wp-block-uagb-image__figure .wp-block-uagb-image--layout-overlay__color-wrapper{width:calc(100% + 40px) !important;max-width:none !important;transform:translate3d(-40px, 0, 0);transition:transform .35s ease-in-out}.wp-block-uagb-image--effect-slide .wp-block-uagb-image__figure:hover img,.wp-block-uagb-image--effect-slide .wp-block-uagb-image__figure:hover .wp-block-uagb-image--layout-overlay__color-wrapper{transform:translate3d(0, 0, 0)}.wp-block-uagb-image--effect-grayscale img{filter:grayscale(0%);transition:.35s ease-in-out}.wp-block-uagb-image--effect-grayscale:hover img{filter:grayscale(100%)}.wp-block-uagb-image--effect-blur img{filter:blur(0);transition:.35s ease-in-out}.wp-block-uagb-image--effect-blur:hover img{filter:blur(3px)}.uagb-block-e6f939b3.wp-block-uagb-image--layout-default figure img{box-shadow: 0px 0px 0 #00000070;}.uagb-block-e6f939b3.wp-block-uagb-image .wp-block-uagb-image__figure figcaption{font-style: normal;align-self: center;}.uagb-block-e6f939b3.wp-block-uagb-image--layout-overlay figure img{box-shadow: 0px 0px 0 #00000070;}.uagb-block-e6f939b3.wp-block-uagb-image--layout-overlay .wp-block-uagb-image--layout-overlay__color-wrapper{opacity: 0.2;}.uagb-block-e6f939b3.wp-block-uagb-image--layout-overlay .wp-block-uagb-image--layout-overlay__inner{left: 15px;right: 15px;top: 15px;bottom: 15px;}.uagb-block-e6f939b3.wp-block-uagb-image--layout-overlay .wp-block-uagb-image--layout-overlay__inner .uagb-image-heading{font-style: normal;color: #fff;opacity: 1;}.uagb-block-e6f939b3.wp-block-uagb-image--layout-overlay .wp-block-uagb-image--layout-overlay__inner .uagb-image-heading a{color: #fff;}.uagb-block-e6f939b3.wp-block-uagb-image--layout-overlay .wp-block-uagb-image--layout-overlay__inner .uagb-image-caption{opacity: 0;}.uagb-block-e6f939b3.wp-block-uagb-image--layout-overlay .wp-block-uagb-image__figure:hover .wp-block-uagb-image--layout-overlay__color-wrapper{opacity: 1;}.uagb-block-e6f939b3.wp-block-uagb-image .wp-block-uagb-image--layout-overlay__inner .uagb-image-separator{width: 30%;border-top-width: 2px;border-top-color: #fff;opacity: 0;}.uagb-block-e6f939b3.wp-block-uagb-image .wp-block-uagb-image__figure img{width: px;height: auto;}.uagb-block-e6f939b3.wp-block-uagb-image .wp-block-uagb-image__figure:hover .wp-block-uagb-image--layout-overlay__inner .uagb-image-caption{opacity: 1;}.uagb-block-e6f939b3.wp-block-uagb-image .wp-block-uagb-image__figure:hover .wp-block-uagb-image--layout-overlay__inner .uagb-image-separator{opacity: 1;}.uagb-block-e6f939b3.wp-block-uagb-image--layout-default figure:hover img{box-shadow: 0px 0px 0 #00000070;}.uagb-block-e6f939b3.wp-block-uagb-image--layout-overlay figure:hover img{box-shadow: 0px 0px 0 #00000070;}@media only screen and (max-width: 976px) {.uagb-block-e6f939b3.wp-block-uagb-image .wp-block-uagb-image__figure img{width: px;height: auto;}}@media only screen and (max-width: 767px) {.uagb-block-e6f939b3.wp-block-uagb-image .wp-block-uagb-image__figure img{width: px;height: auto;}}\";s:2:\"js\";s:0:\"\";s:18:\"current_block_list\";a:13:{i:0;s:11:\"core\/search\";i:1;s:10:\"core\/group\";i:2;s:12:\"core\/heading\";i:3;s:17:\"core\/latest-posts\";i:4;s:20:\"core\/latest-comments\";i:5;s:13:\"core\/archives\";i:6;s:15:\"core\/categories\";i:7;s:14:\"core\/paragraph\";i:8;s:10:\"uagb\/image\";i:9;s:11:\"core\/spacer\";i:10;s:30:\"woocommerce\/product-categories\";i:11;s:10:\"core\/image\";i:12;s:14:\"core\/shortcode\";}s:8:\"uag_flag\";b:1;s:11:\"uag_version\";s:10:\"1777235041\";s:6:\"gfonts\";a:0:{}s:10:\"gfonts_url\";s:0:\"\";s:12:\"gfonts_files\";a:0:{}s:14:\"uag_faq_layout\";b:0;}"]},"uagb_featured_image_src":{"full":["https:\/\/www.ferberpainting.com\/wp-content\/uploads\/2025\/07\/Ceramic-Cleaner-5L-.png",2560,2560,false],"thumbnail":["https:\/\/www.ferberpainting.com\/wp-content\/uploads\/2025\/07\/Ceramic-Cleaner-5L--150x150.png",150,150,true],"medium":["https:\/\/www.ferberpainting.com\/wp-content\/uploads\/2025\/07\/Ceramic-Cleaner-5L--300x300.png",300,300,true],"medium_large":["https:\/\/www.ferberpainting.com\/wp-content\/uploads\/2025\/07\/Ceramic-Cleaner-5L--768x768.png",768,768,true],"large":["https:\/\/www.ferberpainting.com\/wp-content\/uploads\/2025\/07\/Ceramic-Cleaner-5L--1024x1024.png",1024,1024,true],"1536x1536":["https:\/\/www.ferberpainting.com\/wp-content\/uploads\/2025\/07\/Ceramic-Cleaner-5L--1536x1536.png",1536,1536,true],"2048x2048":["https:\/\/www.ferberpainting.com\/wp-content\/uploads\/2025\/07\/Ceramic-Cleaner-5L--2048x2048.png",2048,2048,true],"trp-custom-language-flag":["https:\/\/www.ferberpainting.com\/wp-content\/uploads\/2025\/07\/Ceramic-Cleaner-5L--12x12.png",12,12,true],"woocommerce_thumbnail":["https:\/\/www.ferberpainting.com\/wp-content\/uploads\/2025\/07\/Ceramic-Cleaner-5L--300x300.png",300,300,true],"woocommerce_single":["https:\/\/www.ferberpainting.com\/wp-content\/uploads\/2025\/07\/Ceramic-Cleaner-5L--600x600.png",600,600,true],"woocommerce_gallery_thumbnail":["https:\/\/www.ferberpainting.com\/wp-content\/uploads\/2025\/07\/Ceramic-Cleaner-5L--100x100.png",100,100,true]},"uagb_author_info":{"display_name":"admin","author_link":"https:\/\/www.ferberpainting.com\/ee\/author\/"},"uagb_comment_info":12,"uagb_excerpt":"Optimal Efficiency.\u00a0This ceramic cleaner is specially formulated to effectively remove dirt, soap residues, limescale marks, and stubborn stains that dull ceramic surfaces. Its powerful formula penetrates deep to lift impurities without damaging the surface, leaving a clean, shiny, and brilliant finish. It allows for gentle cleaning while preserving the quality and integrity of treated materials.&hellip;","_links":{"self":[{"href":"https:\/\/www.ferberpainting.com\/ee\/wp-json\/wp\/v2\/product\/23131","targetHints":{"allow":["GET"]}}],"collection":[{"href":"https:\/\/www.ferberpainting.com\/ee\/wp-json\/wp\/v2\/product"}],"about":[{"href":"https:\/\/www.ferberpainting.com\/ee\/wp-json\/wp\/v2\/types\/product"}],"replies":[{"embeddable":true,"href":"https:\/\/www.ferberpainting.com\/ee\/wp-json\/wp\/v2\/comments?post=23131"}],"version-history":[{"count":5,"href":"https:\/\/www.ferberpainting.com\/ee\/wp-json\/wp\/v2\/product\/23131\/revisions"}],"predecessor-version":[{"id":166063,"href":"https:\/\/www.ferberpainting.com\/ee\/wp-json\/wp\/v2\/product\/23131\/revisions\/166063"}],"wp:featuredmedia":[{"embeddable":true,"href":"https:\/\/www.ferberpainting.com\/ee\/wp-json\/wp\/v2\/media\/36491"}],"wp:attachment":[{"href":"https:\/\/www.ferberpainting.com\/ee\/wp-json\/wp\/v2\/media?parent=23131"}],"wp:term":[{"taxonomy":"product_brand","embeddable":true,"href":"https:\/\/www.ferberpainting.com\/ee\/wp-json\/wp\/v2\/product_brand?post=23131"},{"taxonomy":"product_cat","embeddable":true,"href":"https:\/\/www.ferberpainting.com\/ee\/wp-json\/wp\/v2\/product_cat?post=23131"},{"taxonomy":"product_tag","embeddable":true,"href":"https:\/\/www.ferberpainting.com\/ee\/wp-json\/wp\/v2\/product_tag?post=23131"}],"curies":[{"name":"wp","href":"https:\/\/api.w.org\/{rel}","templated":true}]}}