{"id":23117,"date":"2025-07-01T18:36:20","date_gmt":"2025-07-01T16:36:20","guid":{"rendered":"https:\/\/www.ferberpainting.com\/?post_type=product&#038;p=23114"},"modified":"2026-02-15T13:20:13","modified_gmt":"2026-02-15T12:20:13","slug":"brick-water-repellent","status":"publish","type":"product","link":"https:\/\/www.ferberpainting.com\/ee\/products\/brick-water-repellent\/","title":{"rendered":"Veeh\u00fclgav telliste"},"content":{"rendered":"<p><img decoding=\"async\" style=\"margin-right: 12px;\" src=\"https:\/\/www.ferberpainting.com\/wp-content\/uploads\/2026\/02\/Check.svg\" alt=\"\" width=\"18\" height=\"15\" \/><strong>T\u00f5hus niiskuskaitse.<\/strong>\u00a0See telliskivide h\u00fcdroisolatsioon on spetsiaalselt kavandatud pakkuma optimaalset kaitset niiskuse, vihma ja vee sissetungimise eest telliskivist konstruktsioonidesse. See tungib s\u00fcgavale tellise pooridesse, moodustades n\u00e4htamatu barj\u00e4\u00e4ri, mis takistab niiskuse m\u00f5ju pinnale, v\u00f5imaldades samal ajal materjalil hingata. See toode on h\u00e4davajalik, et s\u00e4ilitada tellisseinte terviklikkust ja tugevust nii uute ehitiste kui ka renoveerimise puhul, ning see kaitseb hallituse ja materjali enneaegse lagunemise ohu eest.<\/p>\n<p><img decoding=\"async\" style=\"margin-right: 12px;\" src=\"https:\/\/www.ferberpainting.com\/wp-content\/uploads\/2026\/02\/Check.svg\" alt=\"\" width=\"18\" height=\"15\" \/><strong>Raha tagasi garantii.<\/strong>\u00a0Oleme kindlad meie telliskivide h\u00fcdroprofiili t\u00f5hususes, mist\u00f5ttu pakume rahulolu- v\u00f5i tagasimaksegarantiid. Kui toode ei vasta teie ootustele, v\u00f5ite taotleda t\u00e4ielikku tagasimakset. See tagastus\u00f5igus tagab t\u00e4ieliku meelerahu ostmisel ja v\u00f5imaldab teil toodet riskivabalt testida.<\/p>\n<p><img decoding=\"async\" style=\"margin-right: 12px;\" src=\"https:\/\/www.ferberpainting.com\/wp-content\/uploads\/2026\/02\/Check.svg\" alt=\"\" width=\"18\" height=\"15\" \/><strong>Mitmek\u00fclgne rakendus.<\/strong>\u00a0See \u201cuniversaalne\u201d toode ei toimi mitte ainult tellisele, vaid ka sellistele materjalidele nagu betoon, m\u00f6rdi ja muudele poorsetele pindadele. See sobib ideaalselt v\u00e4lisseintele, tellisfassaadidele, vaheseinadele ja igat t\u00fc\u00fcpi konstruktsioonidele, kus niiskus v\u00f5ib p\u00f5hjustada kahjustusi. Seda saab kasutada ka plaatidel, sillutiskividel v\u00f5i isegi m\u00f5nedel niiskuskaitset vajavatel looduslikel kividel.<\/p>\n<p><img decoding=\"async\" style=\"margin-right: 12px;\" src=\"https:\/\/www.ferberpainting.com\/wp-content\/uploads\/2026\/02\/Check.svg\" alt=\"\" width=\"18\" height=\"15\" \/><strong>Kulut\u00f5hus.<\/strong>\u00a0See telliskivide h\u00fcdroproofer pakub suurep\u00e4rast katvust madalate kuludega. \u00dcks liiter katab s\u00f5ltuvalt pinna poorsusest 5-8 m\u00b2. Seega saab 5-liitrise kanistriga t\u00f6\u00f6delda kuni 40 m\u00b2 pinda, mist\u00f5ttu on see eriti kasulik suurte renoveerimisprojektide v\u00f5i niiskusele avatud pindade korrap\u00e4rase hoolduse puhul.<\/p>\n<p><img decoding=\"async\" style=\"margin-right: 12px;\" src=\"https:\/\/www.ferberpainting.com\/wp-content\/uploads\/2026\/02\/Check.svg\" alt=\"\" width=\"18\" height=\"15\" \/><strong>Mittetoksiline.<\/strong>\u00a0See telliskivide h\u00fcdroproofer on mittem\u00fcrgine ja ohutu, kui seda \u00f5igesti kasutada. See on keskkonnas\u00f5bralik ning ei sisalda agressiivseid kemikaale ega kahjulikke aure. See muudab selle suurep\u00e4raseks lahenduseks kodut\u00f6\u00f6ndajatele, ehitusspetsialistidele ja k\u00f5igile, kes soovivad suuri pindu ohutult t\u00f6\u00f6delda. Siiski soovitame alati j\u00e4rgida kasutusjuhiseid, et tagada ohutu kasutamine.<\/p>\n<p><img decoding=\"async\" style=\"margin-right: 12px;\" src=\"https:\/\/www.ferberpainting.com\/wp-content\/uploads\/2026\/02\/Check.svg\" alt=\"\" width=\"18\" height=\"15\" \/><strong>Lihtne kohaldamine.<\/strong> See toode on kasutusvalmis, ei vaja lahjendamist. V\u00f5ite kanda seda otse tellisele pinnale pintsli, rulli v\u00f5i pihusti abil, s\u00f5ltuvalt pinna suurusest. Seda on lihtne kasutada, isegi algajatel, ja see pakub t\u00f5husat kaitset vaid m\u00f5ne lihtsa sammuga. Ei ole vaja keerulist ettevalmistust ega eriseadmeid, mist\u00f5ttu on see eriti mugav kiireks ja t\u00f5husaks pealekandmiseks.<\/p>\n<p><img decoding=\"async\" style=\"margin-right: 12px;\" src=\"https:\/\/www.ferberpainting.com\/wp-content\/uploads\/2026\/02\/Check.svg\" alt=\"\" width=\"18\" height=\"15\" \/><strong>Pikaajaline kaitse.<\/strong>\u00a0See telliskivide h\u00fcdroproofer pakub tugevat ja vastupidavat kaitset. P\u00e4rast pealekandmist moodustab see h\u00fcdrofoobse barj\u00e4\u00e4ri, mis takistab vee sissetungimist, muutmata materjali v\u00e4limust v\u00f5i tekstuuri. See kaitseb seinu niiskusest tingitud kahjustuste eest, pikendades nende vastupidavust ja tugevust. \u00dcks kordne pealekandmine v\u00f5ib kesta 2 kuni 5 aastat, s\u00f5ltuvalt kliima- ja kokkupuutetingimustest.<\/p>\n<p><img decoding=\"async\" style=\"margin-right: 12px;\" src=\"https:\/\/www.ferberpainting.com\/wp-content\/uploads\/2026\/02\/Check.svg\" alt=\"\" width=\"18\" height=\"15\" \/><strong>Kiire tegevus.<\/strong>\u00a0Seda telliskivide h\u00fcdroprooferit on kiire ja lihtne peale kanda ja kuivatada. See tungib kiiresti pinnale ja hakkab t\u00f6\u00f6le kohe p\u00e4rast pealekandmist. Kuivamisaeg on tavaliselt 1 kuni 2 tundi, s\u00f5ltuvalt kliimatingimustest, kuid soovitame optimaalse kaitse saavutamiseks anda 24 tundi aega t\u00e4ielikuks kuivamiseks, enne kui t\u00f6\u00f6deldud pindu niiskuse v\u00f5i vihma k\u00e4es hoida.<\/p>\n<h2><strong>Kasutamise protokoll<\/strong><\/h2>\n<ul>\n<li><strong>Pinna ettevalmistamine <\/strong>: Enne telliskivide h\u00fcdroprofiili pealekandmist veenduge, et pind on puhas, kuiv ja vaba mustusest, tolmust v\u00f5i j\u00e4\u00e4kidest. Vajaduse korral puhastage vee ja sobiva puhastusvahendiga ning laske enne pealekandmist t\u00e4ielikult kuivada. On oluline, et tellis ei oleks pealekandmise ajal niiske.<\/li>\n<li><strong>Toote kasutamine <\/strong>: See toode on kasutusvalmis ja ei vaja lahjendamist. Kandke see pintsli, rulli v\u00f5i pihusti abil otse pinnale. Kui kasutate pihustit, on soovitatav k\u00f5igepealt katsetada katvust, et tagada selle \u00fchtlane katvus. Vertikaalsete pindade puhul kasutage pintslit v\u00f5i rulli, et v\u00e4ltida toote tilkumist.<\/li>\n<li><strong>Kasutatav kogus <\/strong>: Keskmiselt katab \u00fcks liiter umbes 5-8 m\u00b2. V\u00e4ga poorsete pindade puhul v\u00f5ib olla vaja teist kihti. 5-liitrine kanister v\u00f5ib katta kuni 40 m\u00b2, s\u00f5ltuvalt poorsusest. Optimaalse kaitse saavutamiseks kandke \u00fchtlane kiht.<\/li>\n<li><strong>Kuivamisaeg <\/strong>: Laske tootel kuivada 1 kuni 2 tundi enne kerget niiskust. Parima tulemuse saavutamiseks oodake 24 tundi p\u00e4rast pealekandmist, et toode saaks t\u00e4ielikult kuivada. V\u00e4ltige t\u00f6\u00f6deldud ala kokkupuudet vihma v\u00f5i niiskusega esimese 48 tunni jooksul p\u00e4rast pealekandmist.<\/li>\n<li><strong>Uuesti taotlemine <\/strong>: Telliskivide h\u00fcdroproov on m\u00f5eldud pikaajalise kaitse tagamiseks, kuid s\u00f5ltuvalt kliimast ja niiskusest v\u00f5ib olla vaja seda iga 2 kuni 5 aasta tagant uuesti kasutada. Sageli niiskusega kokkupuutuvate alade puhul v\u00f5ib optimaalse kaitse s\u00e4ilitamiseks soovitada sagedasemat korduvkatmist.<\/li>\n<li><strong>Hooldus <\/strong>: Kui toode on kuivanud ja pind kaitstud, puhastage seinu regulaarselt vee ja pehme lapiga, et hoida need heas seisukorras. V\u00e4ltige abrasiivsete keemiliste puhastusvahendite kasutamist, mis v\u00f5ivad kaitsekihti kahjustada.<\/li>\n<\/ul>\n<p>Kokkuv\u00f5ttes on telliskivide h\u00fcdroproofer oluline toode k\u00f5igile, kes soovivad s\u00e4ilitada telliskivikonstruktsioonide tugevust ja v\u00e4limust, pakkudes samal ajal p\u00fcsivat niiskuskaitset. Seda on lihtne kasutada, \u00f6konoomne ja t\u00f5hus, see on usaldusv\u00e4\u00e4rne lahendus, mis hoiab teie tellispinnad optimaalses seisukorras ja pikendab nende eluiga.<\/p>","protected":false},"excerpt":{"rendered":"<p>Effective Moisture Protection.\u00a0This brick waterproofer is specially designed to offer optimal protection against moisture, rain, and water infiltration into brick structures. It penetrates deep into the pores of the bricks, forming an invisible barrier that prevents humidity from affecting the surface while allowing the material to breathe. This product is essential to preserve the integrity [&hellip;]<\/p>\n","protected":false},"featured_media":36567,"comment_status":"open","ping_status":"closed","template":"","meta":{"_uag_custom_page_level_css":"","site-sidebar-layout":"default","site-content-layout":"","ast-site-content-layout":"default","site-content-style":"default","site-sidebar-style":"default","ast-global-header-display":"","ast-banner-title-visibility":"","ast-main-header-display":"","ast-hfb-above-header-display":"","ast-hfb-below-header-display":"","ast-hfb-mobile-header-display":"","site-post-title":"","ast-breadcrumbs-content":"","ast-featured-img":"","footer-sml-layout":"","ast-disable-related-posts":"","theme-transparent-header-meta":"default","adv-header-id-meta":"","stick-header-meta":"","header-above-stick-meta":"","header-main-stick-meta":"","header-below-stick-meta":"","astra-migrate-meta-layouts":"set","ast-page-background-enabled":"default","ast-page-background-meta":{"desktop":{"background-color":"var(--ast-global-color-4)","background-image":"","background-repeat":"repeat","background-position":"center center","background-size":"auto","background-attachment":"scroll","background-type":"","background-media":"","overlay-type":"","overlay-color":"","overlay-opacity":"","overlay-gradient":""},"tablet":{"background-color":"","background-image":"","background-repeat":"repeat","background-position":"center center","background-size":"auto","background-attachment":"scroll","background-type":"","background-media":"","overlay-type":"","overlay-color":"","overlay-opacity":"","overlay-gradient":""},"mobile":{"background-color":"","background-image":"","background-repeat":"repeat","background-position":"center center","background-size":"auto","background-attachment":"scroll","background-type":"","background-media":"","overlay-type":"","overlay-color":"","overlay-opacity":"","overlay-gradient":""}},"ast-content-background-meta":{"desktop":{"background-color":"var(--ast-global-color-5)","background-image":"","background-repeat":"repeat","background-position":"center center","background-size":"auto","background-attachment":"scroll","background-type":"","background-media":"","overlay-type":"","overlay-color":"","overlay-opacity":"","overlay-gradient":""},"tablet":{"background-color":"var(--ast-global-color-5)","background-image":"","background-repeat":"repeat","background-position":"center center","background-size":"auto","background-attachment":"scroll","background-type":"","background-media":"","overlay-type":"","overlay-color":"","overlay-opacity":"","overlay-gradient":""},"mobile":{"background-color":"var(--ast-global-color-5)","background-image":"","background-repeat":"repeat","background-position":"center center","background-size":"auto","background-attachment":"scroll","background-type":"","background-media":"","overlay-type":"","overlay-color":"","overlay-opacity":"","overlay-gradient":""}}},"product_brand":[],"product_cat":[191],"product_tag":[],"class_list":{"0":"post-23117","1":"product","2":"type-product","3":"status-publish","4":"has-post-thumbnail","6":"product_cat-water-repellent","7":"desktop-align-left","8":"tablet-align-left","9":"mobile-align-left","11":"first","12":"instock","13":"sale","14":"shipping-taxable","15":"purchasable","16":"product-type-variable","17":"has-default-attributes"},"spectra_custom_meta":{"_visibility":["visible"],"_shopify_product_id":["9106620154101"],"_s2w_shopify_domain":["ferberpainting.myshopify.com"],"_shopify_variant_id":["46626339225845"],"_sku":[""],"_manage_stock":["no"],"total_sales":["77"],"_tax_status":["taxable"],"_tax_class":[""],"_backorders":["no"],"_sold_individually":["no"],"_virtual":["no"],"_downloadable":["no"],"_download_limit":["-1"],"_download_expiry":["-1"],"_stock":[null],"_stock_status":["instock"],"_wc_average_rating":["5.00"],"_wc_review_count":["39"],"_product_attributes":["a:1:{s:6:\"volume\";a:6:{s:4:\"name\";s:6:\"Volume\";s:5:\"value\";s:20:\"5 liters | 25 liters\";s:8:\"position\";i:1;s:10:\"is_visible\";i:0;s:12:\"is_variation\";i:1;s:11:\"is_taxonomy\";i:0;}}"],"_product_version":["10.5.1"],"wpse_downloadable_file_names":[""],"wpse_downloadable_file_urls":[""],"_edit_last":["1"],"_default_attributes":["a:1:{s:6:\"volume\";s:8:\"5 liters\";}"],"_edit_lock":["1774069101:7773"],"_price":["29.90","129.90"],"merchant-center-availability":["yes"],"merchant-center-category":["503744"],"_thumbnail_id":["36567"],"_wp_page_template":["default"],"_wp_old_date":["2025-05-26"],"_product_image_gallery":["36568"],"site-sidebar-layout":["default"],"ast-site-content-layout":["default"],"site-content-style":["default"],"site-sidebar-style":["default"],"theme-transparent-header-meta":["default"],"_wc_rating_count":["a:1:{i:5;i:39;}"],"astra-migrate-meta-layouts":["set"],"_uag_css_file_name":["uag-css-23117.css"],"_elementor_page_assets":["a:0:{}"],"_uag_page_assets":["a:9:{s:3:\"css\";s:6873:\".wp-block-uagb-image{display:flex}.wp-block-uagb-image__figure{position:relative;display:flex;flex-direction:column;max-width:100%;height:auto;margin:0}.wp-block-uagb-image__figure img{height:auto;display:flex;max-width:100%;transition:box-shadow .2s ease}.wp-block-uagb-image__figure>a{display:inline-block}.wp-block-uagb-image__figure figcaption{text-align:center;margin-top:.5em;margin-bottom:1em}.wp-block-uagb-image .components-placeholder.block-editor-media-placeholder .components-placeholder__instructions{align-self:center}.wp-block-uagb-image--align-left{text-align:left}.wp-block-uagb-image--align-right{text-align:right}.wp-block-uagb-image--align-center{text-align:center}.wp-block-uagb-image--align-full .wp-block-uagb-image__figure{margin-left:calc(50% - 50vw);margin-right:calc(50% - 50vw);max-width:100vw;width:100vw;height:auto}.wp-block-uagb-image--align-full .wp-block-uagb-image__figure img{height:auto;width:100% !important}.wp-block-uagb-image--align-wide .wp-block-uagb-image__figure img{height:auto;width:100%}.wp-block-uagb-image--layout-overlay__color-wrapper{position:absolute;left:0;top:0;right:0;bottom:0;opacity:.2;background:rgba(0,0,0,.5);transition:opacity .35s ease-in-out}.wp-block-uagb-image--layout-overlay-link{position:absolute;left:0;right:0;bottom:0;top:0}.wp-block-uagb-image--layout-overlay .wp-block-uagb-image__figure:hover .wp-block-uagb-image--layout-overlay__color-wrapper{opacity:1}.wp-block-uagb-image--layout-overlay__inner{position:absolute;left:15px;right:15px;bottom:15px;top:15px;display:flex;align-items:center;justify-content:center;flex-direction:column;border-color:#fff;transition:.35s ease-in-out}.wp-block-uagb-image--layout-overlay__inner.top-left,.wp-block-uagb-image--layout-overlay__inner.top-center,.wp-block-uagb-image--layout-overlay__inner.top-right{justify-content:flex-start}.wp-block-uagb-image--layout-overlay__inner.bottom-left,.wp-block-uagb-image--layout-overlay__inner.bottom-center,.wp-block-uagb-image--layout-overlay__inner.bottom-right{justify-content:flex-end}.wp-block-uagb-image--layout-overlay__inner.top-left,.wp-block-uagb-image--layout-overlay__inner.center-left,.wp-block-uagb-image--layout-overlay__inner.bottom-left{align-items:flex-start}.wp-block-uagb-image--layout-overlay__inner.top-right,.wp-block-uagb-image--layout-overlay__inner.center-right,.wp-block-uagb-image--layout-overlay__inner.bottom-right{align-items:flex-end}.wp-block-uagb-image--layout-overlay__inner .uagb-image-heading{color:#fff;transition:transform .35s,opacity .35s ease-in-out;transform:translate3d(0, 24px, 0);margin:0;line-height:1em}.wp-block-uagb-image--layout-overlay__inner .uagb-image-separator{width:30%;border-top-width:2px;border-top-color:#fff;border-top-style:solid;margin-bottom:10px;opacity:0;transition:transform .4s,opacity .4s ease-in-out;transform:translate3d(0, 30px, 0)}.wp-block-uagb-image--layout-overlay__inner .uagb-image-caption{opacity:0;overflow:visible;color:#fff;transition:transform .45s,opacity .45s ease-in-out;transform:translate3d(0, 35px, 0)}.wp-block-uagb-image--layout-overlay__inner:hover .uagb-image-heading,.wp-block-uagb-image--layout-overlay__inner:hover .uagb-image-separator,.wp-block-uagb-image--layout-overlay__inner:hover .uagb-image-caption{opacity:1;transform:translate3d(0, 0, 0)}.wp-block-uagb-image--effect-zoomin .wp-block-uagb-image__figure img,.wp-block-uagb-image--effect-zoomin .wp-block-uagb-image__figure .wp-block-uagb-image--layout-overlay__color-wrapper{transform:scale(1);transition:transform .35s ease-in-out}.wp-block-uagb-image--effect-zoomin .wp-block-uagb-image__figure:hover img,.wp-block-uagb-image--effect-zoomin .wp-block-uagb-image__figure:hover .wp-block-uagb-image--layout-overlay__color-wrapper{transform:scale(1.05)}.wp-block-uagb-image--effect-slide .wp-block-uagb-image__figure img,.wp-block-uagb-image--effect-slide .wp-block-uagb-image__figure .wp-block-uagb-image--layout-overlay__color-wrapper{width:calc(100% + 40px) !important;max-width:none !important;transform:translate3d(-40px, 0, 0);transition:transform .35s ease-in-out}.wp-block-uagb-image--effect-slide .wp-block-uagb-image__figure:hover img,.wp-block-uagb-image--effect-slide .wp-block-uagb-image__figure:hover .wp-block-uagb-image--layout-overlay__color-wrapper{transform:translate3d(0, 0, 0)}.wp-block-uagb-image--effect-grayscale img{filter:grayscale(0%);transition:.35s ease-in-out}.wp-block-uagb-image--effect-grayscale:hover img{filter:grayscale(100%)}.wp-block-uagb-image--effect-blur img{filter:blur(0);transition:.35s ease-in-out}.wp-block-uagb-image--effect-blur:hover img{filter:blur(3px)}.uagb-block-e6f939b3.wp-block-uagb-image--layout-default figure img{box-shadow: 0px 0px 0 #00000070;}.uagb-block-e6f939b3.wp-block-uagb-image .wp-block-uagb-image__figure figcaption{font-style: normal;align-self: center;}.uagb-block-e6f939b3.wp-block-uagb-image--layout-overlay figure img{box-shadow: 0px 0px 0 #00000070;}.uagb-block-e6f939b3.wp-block-uagb-image--layout-overlay .wp-block-uagb-image--layout-overlay__color-wrapper{opacity: 0.2;}.uagb-block-e6f939b3.wp-block-uagb-image--layout-overlay .wp-block-uagb-image--layout-overlay__inner{left: 15px;right: 15px;top: 15px;bottom: 15px;}.uagb-block-e6f939b3.wp-block-uagb-image--layout-overlay .wp-block-uagb-image--layout-overlay__inner .uagb-image-heading{font-style: normal;color: #fff;opacity: 1;}.uagb-block-e6f939b3.wp-block-uagb-image--layout-overlay .wp-block-uagb-image--layout-overlay__inner .uagb-image-heading a{color: #fff;}.uagb-block-e6f939b3.wp-block-uagb-image--layout-overlay .wp-block-uagb-image--layout-overlay__inner .uagb-image-caption{opacity: 0;}.uagb-block-e6f939b3.wp-block-uagb-image--layout-overlay .wp-block-uagb-image__figure:hover .wp-block-uagb-image--layout-overlay__color-wrapper{opacity: 1;}.uagb-block-e6f939b3.wp-block-uagb-image .wp-block-uagb-image--layout-overlay__inner .uagb-image-separator{width: 30%;border-top-width: 2px;border-top-color: #fff;opacity: 0;}.uagb-block-e6f939b3.wp-block-uagb-image .wp-block-uagb-image__figure img{width: px;height: auto;}.uagb-block-e6f939b3.wp-block-uagb-image .wp-block-uagb-image__figure:hover .wp-block-uagb-image--layout-overlay__inner .uagb-image-caption{opacity: 1;}.uagb-block-e6f939b3.wp-block-uagb-image .wp-block-uagb-image__figure:hover .wp-block-uagb-image--layout-overlay__inner .uagb-image-separator{opacity: 1;}.uagb-block-e6f939b3.wp-block-uagb-image--layout-default figure:hover img{box-shadow: 0px 0px 0 #00000070;}.uagb-block-e6f939b3.wp-block-uagb-image--layout-overlay figure:hover img{box-shadow: 0px 0px 0 #00000070;}@media only screen and (max-width: 976px) {.uagb-block-e6f939b3.wp-block-uagb-image .wp-block-uagb-image__figure img{width: px;height: auto;}}@media only screen and (max-width: 767px) {.uagb-block-e6f939b3.wp-block-uagb-image .wp-block-uagb-image__figure img{width: px;height: auto;}}\";s:2:\"js\";s:0:\"\";s:18:\"current_block_list\";a:13:{i:0;s:11:\"core\/search\";i:1;s:10:\"core\/group\";i:2;s:12:\"core\/heading\";i:3;s:17:\"core\/latest-posts\";i:4;s:20:\"core\/latest-comments\";i:5;s:13:\"core\/archives\";i:6;s:15:\"core\/categories\";i:7;s:14:\"core\/paragraph\";i:8;s:10:\"uagb\/image\";i:9;s:11:\"core\/spacer\";i:10;s:30:\"woocommerce\/product-categories\";i:11;s:10:\"core\/image\";i:12;s:14:\"core\/shortcode\";}s:8:\"uag_flag\";b:1;s:11:\"uag_version\";s:10:\"1777102655\";s:6:\"gfonts\";a:0:{}s:10:\"gfonts_url\";s:0:\"\";s:12:\"gfonts_files\";a:0:{}s:14:\"uag_faq_layout\";b:0;}"]},"uagb_featured_image_src":{"full":["https:\/\/www.ferberpainting.com\/wp-content\/uploads\/2025\/05\/Brick-Water-Repellent-5L-.png",2560,2560,false],"thumbnail":["https:\/\/www.ferberpainting.com\/wp-content\/uploads\/2025\/05\/Brick-Water-Repellent-5L--150x150.png",150,150,true],"medium":["https:\/\/www.ferberpainting.com\/wp-content\/uploads\/2025\/05\/Brick-Water-Repellent-5L--300x300.png",300,300,true],"medium_large":["https:\/\/www.ferberpainting.com\/wp-content\/uploads\/2025\/05\/Brick-Water-Repellent-5L--768x768.png",768,768,true],"large":["https:\/\/www.ferberpainting.com\/wp-content\/uploads\/2025\/05\/Brick-Water-Repellent-5L--1024x1024.png",1024,1024,true],"1536x1536":["https:\/\/www.ferberpainting.com\/wp-content\/uploads\/2025\/05\/Brick-Water-Repellent-5L--1536x1536.png",1536,1536,true],"2048x2048":["https:\/\/www.ferberpainting.com\/wp-content\/uploads\/2025\/05\/Brick-Water-Repellent-5L--2048x2048.png",2048,2048,true],"trp-custom-language-flag":["https:\/\/www.ferberpainting.com\/wp-content\/uploads\/2025\/05\/Brick-Water-Repellent-5L--12x12.png",12,12,true],"woocommerce_thumbnail":["https:\/\/www.ferberpainting.com\/wp-content\/uploads\/2025\/05\/Brick-Water-Repellent-5L--300x300.png",300,300,true],"woocommerce_single":["https:\/\/www.ferberpainting.com\/wp-content\/uploads\/2025\/05\/Brick-Water-Repellent-5L--600x600.png",600,600,true],"woocommerce_gallery_thumbnail":["https:\/\/www.ferberpainting.com\/wp-content\/uploads\/2025\/05\/Brick-Water-Repellent-5L--100x100.png",100,100,true]},"uagb_author_info":{"display_name":"admin","author_link":"https:\/\/www.ferberpainting.com\/ee\/author\/"},"uagb_comment_info":39,"uagb_excerpt":"Effective Moisture Protection.\u00a0This brick waterproofer is specially designed to offer optimal protection against moisture, rain, and water infiltration into brick structures. It penetrates deep into the pores of the bricks, forming an invisible barrier that prevents humidity from affecting the surface while allowing the material to breathe. This product is essential to preserve the integrity&hellip;","_links":{"self":[{"href":"https:\/\/www.ferberpainting.com\/ee\/wp-json\/wp\/v2\/product\/23117","targetHints":{"allow":["GET"]}}],"collection":[{"href":"https:\/\/www.ferberpainting.com\/ee\/wp-json\/wp\/v2\/product"}],"about":[{"href":"https:\/\/www.ferberpainting.com\/ee\/wp-json\/wp\/v2\/types\/product"}],"replies":[{"embeddable":true,"href":"https:\/\/www.ferberpainting.com\/ee\/wp-json\/wp\/v2\/comments?post=23117"}],"version-history":[{"count":5,"href":"https:\/\/www.ferberpainting.com\/ee\/wp-json\/wp\/v2\/product\/23117\/revisions"}],"predecessor-version":[{"id":166052,"href":"https:\/\/www.ferberpainting.com\/ee\/wp-json\/wp\/v2\/product\/23117\/revisions\/166052"}],"wp:featuredmedia":[{"embeddable":true,"href":"https:\/\/www.ferberpainting.com\/ee\/wp-json\/wp\/v2\/media\/36567"}],"wp:attachment":[{"href":"https:\/\/www.ferberpainting.com\/ee\/wp-json\/wp\/v2\/media?parent=23117"}],"wp:term":[{"taxonomy":"product_brand","embeddable":true,"href":"https:\/\/www.ferberpainting.com\/ee\/wp-json\/wp\/v2\/product_brand?post=23117"},{"taxonomy":"product_cat","embeddable":true,"href":"https:\/\/www.ferberpainting.com\/ee\/wp-json\/wp\/v2\/product_cat?post=23117"},{"taxonomy":"product_tag","embeddable":true,"href":"https:\/\/www.ferberpainting.com\/ee\/wp-json\/wp\/v2\/product_tag?post=23117"}],"curies":[{"name":"wp","href":"https:\/\/api.w.org\/{rel}","templated":true}]}}