{"id":23086,"date":"2025-05-26T10:22:37","date_gmt":"2025-05-26T08:22:37","guid":{"rendered":"https:\/\/www.ferberpainting.com\/products\/basement-garage-waterproof-sealant\/"},"modified":"2026-02-24T17:55:19","modified_gmt":"2026-02-24T16:55:19","slug":"basement-garage-waterproof-sealant","status":"publish","type":"product","link":"https:\/\/www.ferberpainting.com\/ee\/products\/basement-garage-waterproof-sealant\/","title":{"rendered":"Keldri ja garaa\u017ei h\u00fcdroisolatsiooni kate"},"content":{"rendered":"<p><img decoding=\"async\" style=\"margin-right: 12px;\" src=\"https:\/\/www.ferberpainting.com\/wp-content\/uploads\/2026\/02\/Check.svg\" alt=\"\" width=\"18\" height=\"15\" \/><strong>Peatage vee sissetungimine keldritesse ja garaa\u017eidesse j\u00e4\u00e4davalt.<\/strong> Meie keldri ja garaa\u017ei veekindel hermeetik on spetsiaalselt koostatud, et takistada vee tungimist l\u00e4bi betooni, m\u00fc\u00fcritise ja vundamendipindade. See loob pideva veekindla barj\u00e4\u00e4ri, mis takistab niiskuse imbumist l\u00e4bi seinte ja p\u00f5randate, kaitstes teie kinnisvara lekete, niiskuse ja struktuurikahjustuste eest. Olenemata sellest, kas teil on tegemist v\u00e4iksemate lekete v\u00f5i korduvate niiskusprobleemidega, see hermeetik pakub usaldusv\u00e4\u00e4rset ja pikaajalist kaitset.<\/p>\n<p><strong><img decoding=\"async\" style=\"margin-right: 12px;\" src=\"https:\/\/www.ferberpainting.com\/wp-content\/uploads\/2026\/02\/Check.svg\" alt=\"\" width=\"18\" height=\"15\" \/>K\u00f5ige t\u00f5husam veekindlam lahendus.<\/strong> See t\u00e4iustatud tihendustehnoloogiaga toode tungib l\u00e4bi poorse aluspinna ja moodustab p\u00e4rast k\u00f5venemist tugeva, veekindla membraani. See blokeerib aktiivselt vee kapillaarset liikumist ja peab vastu h\u00fcdrostaatilisele survele, mist\u00f5ttu on see palju t\u00f5husam kui tavalised pinnakattevahendid v\u00f5i ajutised niiskust\u00f5kked. Tulemuseks on p\u00fcsiv, konstruktsiooni tasemel veekindlus.<\/p>\n<p><strong><img decoding=\"async\" style=\"margin-right: 12px;\" src=\"https:\/\/www.ferberpainting.com\/wp-content\/uploads\/2026\/02\/Check.svg\" alt=\"\" width=\"18\" height=\"15\" \/>Raha tagasi garantii t\u00e4ieliku usalduse tagamiseks.<\/strong> Me seisame oma veekindla hermeetiku kvaliteedi ja toimivuse eest. Kui te ei ole tulemustega t\u00e4ielikult rahul, siis pakume t\u00e4ielikku h\u00fcvitist. Meie raha-tagastamisgarantii tagab, et teie ost on t\u00e4iesti riskivaba ja peegeldab meie kindlustunnet pakkuda professionaalset kaitset.<\/p>\n<p><strong><img decoding=\"async\" style=\"margin-right: 12px;\" src=\"https:\/\/www.ferberpainting.com\/wp-content\/uploads\/2026\/02\/Check.svg\" alt=\"\" width=\"18\" height=\"15\" \/>Odavaim professionaalne keldri h\u00fcdroisolatsioonilahendus turul.<\/strong> Veeisolatsioon ei pea h\u00f5lmama kalleid t\u00f6\u00f6v\u00f5tjaid v\u00f5i keerulisi s\u00fcsteeme. Meie hermeetik pakub suure j\u00f5udlusega kaitset k\u00f5ige konkurentsiv\u00f5imelisema hinnaga. V\u00f5rreldes kulukate membraanide paigaldamise v\u00f5i korduvate remondit\u00f6\u00f6dega pakub see silmapaistvat v\u00e4\u00e4rtust.<\/p>\n<p><strong><img decoding=\"async\" style=\"margin-right: 12px;\" src=\"https:\/\/www.ferberpainting.com\/wp-content\/uploads\/2026\/02\/Check.svg\" alt=\"\" width=\"18\" height=\"15\" \/>Kiire 24-tunnine tarne kiireloomuliste niiskusprobleemide korral.<\/strong> Vee sissevool v\u00f5ib kiiresti p\u00f5hjustada hallituse kasvu, konstruktsiooni n\u00f5rgenemist ja varakahjustusi. Seep\u00e4rast pakume usaldusv\u00e4\u00e4rset 24-tunnist kohaletoimetamist, mis v\u00f5imaldab teil niiskusprobleemidega viivitamatult tegeleda ja v\u00e4ltida edasist kahjustumist.<\/p>\n<p><strong><img decoding=\"async\" style=\"margin-right: 12px;\" src=\"https:\/\/www.ferberpainting.com\/wp-content\/uploads\/2026\/02\/Check.svg\" alt=\"\" width=\"18\" height=\"15\" \/>Kontrollitud kasutuskogus 10 kg\/m\u00b2 optimaalse katvuse saavutamiseks.<\/strong> Soovitatav kulu 1 kilogramm ruutmeetri kohta tagab \u00fchtlase paksuse ja t\u00f5husa veekindluse. Selline t\u00e4pne doseerimine v\u00f5imaldab t\u00e4pset projekti planeerimist ja tagab \u00fchtlase kaitsva barj\u00e4\u00e4ri kogu t\u00f6\u00f6deldud pinnal.<\/p>\n<p><strong><img decoding=\"async\" style=\"margin-right: 12px;\" src=\"https:\/\/www.ferberpainting.com\/wp-content\/uploads\/2026\/02\/Check.svg\" alt=\"\" width=\"18\" height=\"15\" \/>Loob \u00f5mblusteta veekindla membraani.<\/strong> P\u00e4rast pealekandmist ja k\u00f5venemist moodustab hermeetik \u00fchtlase kihi, kus puuduvad vuugid ja n\u00f5rgad kohad. See \u00f5mblusteta barj\u00e4\u00e4r takistab vee liikumist l\u00e4bi pragude, pooride ja pinna puuduste, v\u00e4hendades oluliselt lekete ja niiskuse tekkimise ohtu.<\/p>\n<p><strong><img decoding=\"async\" style=\"margin-right: 12px;\" src=\"https:\/\/www.ferberpainting.com\/wp-content\/uploads\/2026\/02\/Check.svg\" alt=\"\" width=\"18\" height=\"15\" \/>Sobib betooni, m\u00fc\u00fcritise ja vundamendipindade jaoks.<\/strong> See veekindel hermeetik kleebib tugevalt betoonseinte, tsementp\u00f5randate, m\u00fc\u00fcritise ja vundamendikonstruktsioonide k\u00fclge. See sobib ideaalselt keldritesse, garaa\u017eidesse, keldritesse, laoruumidesse, tugim\u00fc\u00fcridesse ja muudesse niiskusele avatud maa-alustesse konstruktsioonidesse.<\/p>\n<p><strong><img decoding=\"async\" style=\"margin-right: 12px;\" src=\"https:\/\/www.ferberpainting.com\/wp-content\/uploads\/2026\/02\/Check.svg\" alt=\"\" width=\"18\" height=\"15\" \/>Parandab vastupidavust ja konstruktsiooni pikaealisust.<\/strong> Takistades vee sissetungi, kaitseb hermeetik tugevdusterast korrosiooni eest ja v\u00e4hendab k\u00fclmakahjustusi k\u00fclmas kliimas. See aitab pikendada teie ehituskonstruktsiooni kasutusiga ja minimeerib kulukaid tulevasi remondit\u00f6id.<\/p>\n<p><strong><img decoding=\"async\" style=\"margin-right: 12px;\" src=\"https:\/\/www.ferberpainting.com\/wp-content\/uploads\/2026\/02\/Check.svg\" alt=\"\" width=\"18\" height=\"15\" \/>Lihtne rakendus professionaalidele ja koduomanikele.<\/strong> Lihtsaks kasutamiseks m\u00f5eldud hermeetikut saab olenevalt pinnat\u00fc\u00fcbist kanda pintsli, rulli v\u00f5i spaatliga. Selle t\u00f6\u00f6deldav konsistents v\u00f5imaldab \u00fchtlast pealekandmist ja tugevat haardumist, tagades professionaalse kvaliteediga h\u00fcdroisolatsiooni ilma spetsiaalsete seadmeteta.<\/p>\n<h2><strong>Juhised<\/strong><\/h2>\n<ul>\n<li>Enne pealekandmist veenduge, et pind on puhas, terve ja vaba tolmust, rasvast, lahtistest osakestest, v\u00e4rvij\u00e4\u00e4kidest v\u00f5i varasematest ebastabiilsetest pinnakatetest.<\/li>\n<li>Enne hermeetiku pealekandmist parandage suured praod v\u00f5i struktuursed defektid, et tagada stabiilne aluspind.<\/li>\n<li>Niisutage v\u00e4ga poorsed pinnad kergelt puhta veega, kuid v\u00e4ltige seisva vee j\u00e4tmist.<\/li>\n<li>Vajaduse korral segage toode enne pealekandmist p\u00f5hjalikult, et saavutada \u00fchtlane konsistents.<\/li>\n<li>Kandke hermeetik \u00fchtlaselt pintsli, rulli v\u00f5i spagaadi abil.<\/li>\n<li>J\u00e4rgige soovituslikku annust, mis on umbes 10 kg ruutmeetri kohta, et tagada piisav membraani paksus ja veekindluse toimivus.<\/li>\n<li>Levitage toode \u00fchtlaselt, et tekiks pidev, \u00f5mblusteta kate kogu pinnal.<\/li>\n<li>T\u00f5hustatud kaitse saavutamiseks kandke teine kiht peale esimese kihi k\u00f5venemist, eriti piirkondades, mis puutuvad kokku suurema niiskussurvega.<\/li>\n<li>Enne t\u00f6\u00f6deldud pinna kokkupuudet veega v\u00f5i tugevat kasutamist tuleb anda piisavalt aega, et see k\u00f5veneks vastavalt keskkonnatingimustele.<\/li>\n<li>V\u00e4ltige pealekandmist tugeva vihma, k\u00fclmumise v\u00f5i \u00e4\u00e4rmise kuumuse ajal, et tagada n\u00f5uetekohane haardumine ja k\u00f5venemine.<\/li>\n<li>Puhastage t\u00f6\u00f6riistad kohe p\u00e4rast kasutamist vee v\u00f5i sobivate puhastusvahenditega ning hoidke toodet jahedas ja kuivas kohas, kusjuures pakend peab olema tihedalt suletud.<\/li>\n<\/ul>\n<p>&nbsp;<\/p>","protected":false},"excerpt":{"rendered":"<p>Stop water infiltration permanently in basements and garages. Our basement and garage waterproof sealant is specially formulated to block water penetration through concrete, masonry, and foundation surfaces. It creates a continuous waterproof barrier that prevents moisture from seeping through walls and floors, protecting your property from leaks, dampness, and structural damage. Whether you are dealing [&hellip;]<\/p>\n","protected":false},"featured_media":164723,"comment_status":"open","ping_status":"closed","template":"","meta":{"_uag_custom_page_level_css":"","site-sidebar-layout":"default","site-content-layout":"","ast-site-content-layout":"default","site-content-style":"default","site-sidebar-style":"default","ast-global-header-display":"","ast-banner-title-visibility":"","ast-main-header-display":"","ast-hfb-above-header-display":"","ast-hfb-below-header-display":"","ast-hfb-mobile-header-display":"","site-post-title":"","ast-breadcrumbs-content":"","ast-featured-img":"","footer-sml-layout":"","ast-disable-related-posts":"","theme-transparent-header-meta":"default","adv-header-id-meta":"","stick-header-meta":"","header-above-stick-meta":"","header-main-stick-meta":"","header-below-stick-meta":"","astra-migrate-meta-layouts":"set","ast-page-background-enabled":"default","ast-page-background-meta":{"desktop":{"background-color":"var(--ast-global-color-4)","background-image":"","background-repeat":"repeat","background-position":"center center","background-size":"auto","background-attachment":"scroll","background-type":"","background-media":"","overlay-type":"","overlay-color":"","overlay-opacity":"","overlay-gradient":""},"tablet":{"background-color":"","background-image":"","background-repeat":"repeat","background-position":"center center","background-size":"auto","background-attachment":"scroll","background-type":"","background-media":"","overlay-type":"","overlay-color":"","overlay-opacity":"","overlay-gradient":""},"mobile":{"background-color":"","background-image":"","background-repeat":"repeat","background-position":"center center","background-size":"auto","background-attachment":"scroll","background-type":"","background-media":"","overlay-type":"","overlay-color":"","overlay-opacity":"","overlay-gradient":""}},"ast-content-background-meta":{"desktop":{"background-color":"var(--ast-global-color-5)","background-image":"","background-repeat":"repeat","background-position":"center center","background-size":"auto","background-attachment":"scroll","background-type":"","background-media":"","overlay-type":"","overlay-color":"","overlay-opacity":"","overlay-gradient":""},"tablet":{"background-color":"var(--ast-global-color-5)","background-image":"","background-repeat":"repeat","background-position":"center center","background-size":"auto","background-attachment":"scroll","background-type":"","background-media":"","overlay-type":"","overlay-color":"","overlay-opacity":"","overlay-gradient":""},"mobile":{"background-color":"var(--ast-global-color-5)","background-image":"","background-repeat":"repeat","background-position":"center center","background-size":"auto","background-attachment":"scroll","background-type":"","background-media":"","overlay-type":"","overlay-color":"","overlay-opacity":"","overlay-gradient":""}}},"product_brand":[],"product_cat":[192],"product_tag":[],"class_list":{"0":"post-23086","1":"product","2":"type-product","3":"status-publish","4":"has-post-thumbnail","6":"product_cat-waterproof-sealant","7":"desktop-align-left","8":"tablet-align-left","9":"mobile-align-left","11":"first","12":"instock","13":"sale","14":"shipping-taxable","15":"purchasable","16":"product-type-variable","17":"has-default-attributes"},"spectra_custom_meta":{"_visibility":["visible"],"_shopify_product_id":["7947346313461"],"_s2w_shopify_domain":["ferberpainting.myshopify.com"],"_shopify_variant_id":["43490357018869"],"_manage_stock":["no"],"total_sales":["19"],"_tax_status":["taxable"],"_tax_class":[""],"_backorders":["no"],"_sold_individually":["no"],"_virtual":["no"],"_downloadable":["no"],"_download_limit":["-1"],"_download_expiry":["-1"],"_stock":[null],"_stock_status":["instock"],"_wc_average_rating":["4.82"],"_wc_review_count":["65"],"_product_attributes":["a:1:{s:6:\"volume\";a:6:{s:4:\"name\";s:6:\"Volume\";s:5:\"value\";s:13:\"10 kg | 40 kg\";s:8:\"position\";i:1;s:10:\"is_visible\";i:0;s:12:\"is_variation\";i:1;s:11:\"is_taxonomy\";i:0;}}"],"_product_version":["10.5.2"],"_thumbnail_id":["164723"],"_edit_lock":["1771952028:1"],"_default_attributes":["a:1:{s:6:\"volume\";s:5:\"10 kg\";}"],"merchant-center-availability":["yes"],"merchant-center-category":["503744"],"merchant-center-id":["BGWS"],"_edit_last":["1"],"_wp_page_template":["default"],"site-sidebar-layout":["default"],"ast-site-content-layout":["default"],"site-content-style":["default"],"site-sidebar-style":["default"],"theme-transparent-header-meta":["default"],"_wc_rating_count":["a:2:{i:4;i:12;i:5;i:53;}"],"_product_image_gallery":["164724"],"_price":["49.90","129.90"],"_sku":["FPBASEMENTGARAGEWATERPROOFSEALANT"],"astra-migrate-meta-layouts":["set"],"_uag_css_file_name":["uag-css-23086.css"],"_elementor_page_assets":["a:0:{}"],"_uag_page_assets":["a:9:{s:3:\"css\";s:6873:\".wp-block-uagb-image{display:flex}.wp-block-uagb-image__figure{position:relative;display:flex;flex-direction:column;max-width:100%;height:auto;margin:0}.wp-block-uagb-image__figure img{height:auto;display:flex;max-width:100%;transition:box-shadow .2s ease}.wp-block-uagb-image__figure>a{display:inline-block}.wp-block-uagb-image__figure figcaption{text-align:center;margin-top:.5em;margin-bottom:1em}.wp-block-uagb-image .components-placeholder.block-editor-media-placeholder .components-placeholder__instructions{align-self:center}.wp-block-uagb-image--align-left{text-align:left}.wp-block-uagb-image--align-right{text-align:right}.wp-block-uagb-image--align-center{text-align:center}.wp-block-uagb-image--align-full .wp-block-uagb-image__figure{margin-left:calc(50% - 50vw);margin-right:calc(50% - 50vw);max-width:100vw;width:100vw;height:auto}.wp-block-uagb-image--align-full .wp-block-uagb-image__figure img{height:auto;width:100% !important}.wp-block-uagb-image--align-wide .wp-block-uagb-image__figure img{height:auto;width:100%}.wp-block-uagb-image--layout-overlay__color-wrapper{position:absolute;left:0;top:0;right:0;bottom:0;opacity:.2;background:rgba(0,0,0,.5);transition:opacity .35s ease-in-out}.wp-block-uagb-image--layout-overlay-link{position:absolute;left:0;right:0;bottom:0;top:0}.wp-block-uagb-image--layout-overlay .wp-block-uagb-image__figure:hover .wp-block-uagb-image--layout-overlay__color-wrapper{opacity:1}.wp-block-uagb-image--layout-overlay__inner{position:absolute;left:15px;right:15px;bottom:15px;top:15px;display:flex;align-items:center;justify-content:center;flex-direction:column;border-color:#fff;transition:.35s ease-in-out}.wp-block-uagb-image--layout-overlay__inner.top-left,.wp-block-uagb-image--layout-overlay__inner.top-center,.wp-block-uagb-image--layout-overlay__inner.top-right{justify-content:flex-start}.wp-block-uagb-image--layout-overlay__inner.bottom-left,.wp-block-uagb-image--layout-overlay__inner.bottom-center,.wp-block-uagb-image--layout-overlay__inner.bottom-right{justify-content:flex-end}.wp-block-uagb-image--layout-overlay__inner.top-left,.wp-block-uagb-image--layout-overlay__inner.center-left,.wp-block-uagb-image--layout-overlay__inner.bottom-left{align-items:flex-start}.wp-block-uagb-image--layout-overlay__inner.top-right,.wp-block-uagb-image--layout-overlay__inner.center-right,.wp-block-uagb-image--layout-overlay__inner.bottom-right{align-items:flex-end}.wp-block-uagb-image--layout-overlay__inner .uagb-image-heading{color:#fff;transition:transform .35s,opacity .35s ease-in-out;transform:translate3d(0, 24px, 0);margin:0;line-height:1em}.wp-block-uagb-image--layout-overlay__inner .uagb-image-separator{width:30%;border-top-width:2px;border-top-color:#fff;border-top-style:solid;margin-bottom:10px;opacity:0;transition:transform .4s,opacity .4s ease-in-out;transform:translate3d(0, 30px, 0)}.wp-block-uagb-image--layout-overlay__inner .uagb-image-caption{opacity:0;overflow:visible;color:#fff;transition:transform .45s,opacity .45s ease-in-out;transform:translate3d(0, 35px, 0)}.wp-block-uagb-image--layout-overlay__inner:hover .uagb-image-heading,.wp-block-uagb-image--layout-overlay__inner:hover .uagb-image-separator,.wp-block-uagb-image--layout-overlay__inner:hover .uagb-image-caption{opacity:1;transform:translate3d(0, 0, 0)}.wp-block-uagb-image--effect-zoomin .wp-block-uagb-image__figure img,.wp-block-uagb-image--effect-zoomin .wp-block-uagb-image__figure .wp-block-uagb-image--layout-overlay__color-wrapper{transform:scale(1);transition:transform .35s ease-in-out}.wp-block-uagb-image--effect-zoomin .wp-block-uagb-image__figure:hover img,.wp-block-uagb-image--effect-zoomin .wp-block-uagb-image__figure:hover .wp-block-uagb-image--layout-overlay__color-wrapper{transform:scale(1.05)}.wp-block-uagb-image--effect-slide .wp-block-uagb-image__figure img,.wp-block-uagb-image--effect-slide .wp-block-uagb-image__figure .wp-block-uagb-image--layout-overlay__color-wrapper{width:calc(100% + 40px) !important;max-width:none !important;transform:translate3d(-40px, 0, 0);transition:transform .35s ease-in-out}.wp-block-uagb-image--effect-slide .wp-block-uagb-image__figure:hover img,.wp-block-uagb-image--effect-slide .wp-block-uagb-image__figure:hover .wp-block-uagb-image--layout-overlay__color-wrapper{transform:translate3d(0, 0, 0)}.wp-block-uagb-image--effect-grayscale img{filter:grayscale(0%);transition:.35s ease-in-out}.wp-block-uagb-image--effect-grayscale:hover img{filter:grayscale(100%)}.wp-block-uagb-image--effect-blur img{filter:blur(0);transition:.35s ease-in-out}.wp-block-uagb-image--effect-blur:hover img{filter:blur(3px)}.uagb-block-e6f939b3.wp-block-uagb-image--layout-default figure img{box-shadow: 0px 0px 0 #00000070;}.uagb-block-e6f939b3.wp-block-uagb-image .wp-block-uagb-image__figure figcaption{font-style: normal;align-self: center;}.uagb-block-e6f939b3.wp-block-uagb-image--layout-overlay figure img{box-shadow: 0px 0px 0 #00000070;}.uagb-block-e6f939b3.wp-block-uagb-image--layout-overlay .wp-block-uagb-image--layout-overlay__color-wrapper{opacity: 0.2;}.uagb-block-e6f939b3.wp-block-uagb-image--layout-overlay .wp-block-uagb-image--layout-overlay__inner{left: 15px;right: 15px;top: 15px;bottom: 15px;}.uagb-block-e6f939b3.wp-block-uagb-image--layout-overlay .wp-block-uagb-image--layout-overlay__inner .uagb-image-heading{font-style: normal;color: #fff;opacity: 1;}.uagb-block-e6f939b3.wp-block-uagb-image--layout-overlay .wp-block-uagb-image--layout-overlay__inner .uagb-image-heading a{color: #fff;}.uagb-block-e6f939b3.wp-block-uagb-image--layout-overlay .wp-block-uagb-image--layout-overlay__inner .uagb-image-caption{opacity: 0;}.uagb-block-e6f939b3.wp-block-uagb-image--layout-overlay .wp-block-uagb-image__figure:hover .wp-block-uagb-image--layout-overlay__color-wrapper{opacity: 1;}.uagb-block-e6f939b3.wp-block-uagb-image .wp-block-uagb-image--layout-overlay__inner .uagb-image-separator{width: 30%;border-top-width: 2px;border-top-color: #fff;opacity: 0;}.uagb-block-e6f939b3.wp-block-uagb-image .wp-block-uagb-image__figure img{width: px;height: auto;}.uagb-block-e6f939b3.wp-block-uagb-image .wp-block-uagb-image__figure:hover .wp-block-uagb-image--layout-overlay__inner .uagb-image-caption{opacity: 1;}.uagb-block-e6f939b3.wp-block-uagb-image .wp-block-uagb-image__figure:hover .wp-block-uagb-image--layout-overlay__inner .uagb-image-separator{opacity: 1;}.uagb-block-e6f939b3.wp-block-uagb-image--layout-default figure:hover img{box-shadow: 0px 0px 0 #00000070;}.uagb-block-e6f939b3.wp-block-uagb-image--layout-overlay figure:hover img{box-shadow: 0px 0px 0 #00000070;}@media only screen and (max-width: 976px) {.uagb-block-e6f939b3.wp-block-uagb-image .wp-block-uagb-image__figure img{width: px;height: auto;}}@media only screen and (max-width: 767px) {.uagb-block-e6f939b3.wp-block-uagb-image .wp-block-uagb-image__figure img{width: px;height: auto;}}\";s:2:\"js\";s:0:\"\";s:18:\"current_block_list\";a:13:{i:0;s:11:\"core\/search\";i:1;s:10:\"core\/group\";i:2;s:12:\"core\/heading\";i:3;s:17:\"core\/latest-posts\";i:4;s:20:\"core\/latest-comments\";i:5;s:13:\"core\/archives\";i:6;s:15:\"core\/categories\";i:7;s:14:\"core\/paragraph\";i:8;s:10:\"uagb\/image\";i:9;s:11:\"core\/spacer\";i:10;s:30:\"woocommerce\/product-categories\";i:11;s:10:\"core\/image\";i:12;s:14:\"core\/shortcode\";}s:8:\"uag_flag\";b:1;s:11:\"uag_version\";s:10:\"1777037274\";s:6:\"gfonts\";a:0:{}s:10:\"gfonts_url\";s:0:\"\";s:12:\"gfonts_files\";a:0:{}s:14:\"uag_faq_layout\";b:0;}"]},"uagb_featured_image_src":{"full":["https:\/\/www.ferberpainting.com\/wp-content\/uploads\/2025\/05\/Basement-Waterproof-Sealant-10-KG-mockups.png",2560,2560,false],"thumbnail":["https:\/\/www.ferberpainting.com\/wp-content\/uploads\/2025\/05\/Basement-Waterproof-Sealant-10-KG-mockups-150x150.png",150,150,true],"medium":["https:\/\/www.ferberpainting.com\/wp-content\/uploads\/2025\/05\/Basement-Waterproof-Sealant-10-KG-mockups-300x300.png",300,300,true],"medium_large":["https:\/\/www.ferberpainting.com\/wp-content\/uploads\/2025\/05\/Basement-Waterproof-Sealant-10-KG-mockups-768x768.png",768,768,true],"large":["https:\/\/www.ferberpainting.com\/wp-content\/uploads\/2025\/05\/Basement-Waterproof-Sealant-10-KG-mockups-1024x1024.png",1024,1024,true],"1536x1536":["https:\/\/www.ferberpainting.com\/wp-content\/uploads\/2025\/05\/Basement-Waterproof-Sealant-10-KG-mockups-1536x1536.png",1536,1536,true],"2048x2048":["https:\/\/www.ferberpainting.com\/wp-content\/uploads\/2025\/05\/Basement-Waterproof-Sealant-10-KG-mockups-2048x2048.png",2048,2048,true],"trp-custom-language-flag":["https:\/\/www.ferberpainting.com\/wp-content\/uploads\/2025\/05\/Basement-Waterproof-Sealant-10-KG-mockups-12x12.png",12,12,true],"woocommerce_thumbnail":["https:\/\/www.ferberpainting.com\/wp-content\/uploads\/2025\/05\/Basement-Waterproof-Sealant-10-KG-mockups-300x300.png",300,300,true],"woocommerce_single":["https:\/\/www.ferberpainting.com\/wp-content\/uploads\/2025\/05\/Basement-Waterproof-Sealant-10-KG-mockups-600x600.png",600,600,true],"woocommerce_gallery_thumbnail":["https:\/\/www.ferberpainting.com\/wp-content\/uploads\/2025\/05\/Basement-Waterproof-Sealant-10-KG-mockups-100x100.png",100,100,true]},"uagb_author_info":{"display_name":"admin","author_link":"https:\/\/www.ferberpainting.com\/ee\/author\/"},"uagb_comment_info":65,"uagb_excerpt":"Stop water infiltration permanently in basements and garages. Our basement and garage waterproof sealant is specially formulated to block water penetration through concrete, masonry, and foundation surfaces. It creates a continuous waterproof barrier that prevents moisture from seeping through walls and floors, protecting your property from leaks, dampness, and structural damage. Whether you are dealing&hellip;","_links":{"self":[{"href":"https:\/\/www.ferberpainting.com\/ee\/wp-json\/wp\/v2\/product\/23086","targetHints":{"allow":["GET"]}}],"collection":[{"href":"https:\/\/www.ferberpainting.com\/ee\/wp-json\/wp\/v2\/product"}],"about":[{"href":"https:\/\/www.ferberpainting.com\/ee\/wp-json\/wp\/v2\/types\/product"}],"replies":[{"embeddable":true,"href":"https:\/\/www.ferberpainting.com\/ee\/wp-json\/wp\/v2\/comments?post=23086"}],"version-history":[{"count":6,"href":"https:\/\/www.ferberpainting.com\/ee\/wp-json\/wp\/v2\/product\/23086\/revisions"}],"predecessor-version":[{"id":166036,"href":"https:\/\/www.ferberpainting.com\/ee\/wp-json\/wp\/v2\/product\/23086\/revisions\/166036"}],"wp:featuredmedia":[{"embeddable":true,"href":"https:\/\/www.ferberpainting.com\/ee\/wp-json\/wp\/v2\/media\/164723"}],"wp:attachment":[{"href":"https:\/\/www.ferberpainting.com\/ee\/wp-json\/wp\/v2\/media?parent=23086"}],"wp:term":[{"taxonomy":"product_brand","embeddable":true,"href":"https:\/\/www.ferberpainting.com\/ee\/wp-json\/wp\/v2\/product_brand?post=23086"},{"taxonomy":"product_cat","embeddable":true,"href":"https:\/\/www.ferberpainting.com\/ee\/wp-json\/wp\/v2\/product_cat?post=23086"},{"taxonomy":"product_tag","embeddable":true,"href":"https:\/\/www.ferberpainting.com\/ee\/wp-json\/wp\/v2\/product_tag?post=23086"}],"curies":[{"name":"wp","href":"https:\/\/api.w.org\/{rel}","templated":true}]}}