{"id":23065,"date":"2025-05-26T10:22:28","date_gmt":"2025-05-26T08:22:28","guid":{"rendered":"https:\/\/www.ferberpainting.com\/products\/antirust-varnish\/"},"modified":"2026-02-24T18:50:37","modified_gmt":"2026-02-24T17:50:37","slug":"antirust-varnish","status":"publish","type":"product","link":"https:\/\/www.ferberpainting.com\/ee\/products\/antirust-varnish\/","title":{"rendered":"Roostevastane lakk"},"content":{"rendered":"<p><img decoding=\"async\" style=\"margin-right: 12px;\" src=\"https:\/\/www.ferberpainting.com\/wp-content\/uploads\/2026\/02\/Check.svg\" alt=\"\" width=\"18\" height=\"15\" \/><strong>Peatage rooste ja kaitske metallpindu kauakestva kaitsega.<\/strong> Meie roostet\u00f5rjelakk on spetsiaalselt koostatud korrosiooni v\u00e4ltimiseks ja metallpindade kaitsmiseks niiskusest, \u00f5hust ja keskkonnast tingitud oks\u00fcdeerumise eest. See loob tugeva kaitsva barj\u00e4\u00e4ri, mis isoleerib metalli korrodeerivate elementide eest, pikendades oluliselt t\u00f6\u00f6riistade, konstruktsioonide, masinate, v\u00e4ravate, k\u00e4sipuude ja muude metallosade kasutusiga. Nii sise- kui ka v\u00e4listingimustes kasutatuna pakub see usaldusv\u00e4\u00e4rset ja p\u00fcsivat kaitset rooste tekke eest.<\/p>\n<p><strong><img decoding=\"async\" style=\"margin-right: 12px;\" src=\"https:\/\/www.ferberpainting.com\/wp-content\/uploads\/2026\/02\/Check.svg\" alt=\"\" width=\"18\" height=\"15\" \/>K\u00f5ige t\u00f5husam korrosioonivastane lahendus.<\/strong> See k\u00f5rgtehnoloogiline koostis tungib metallpindadesse ja tihendab neid, et blokeerida roostet p\u00f5hjustavad elektrokeemilised reaktsioonid. See mitte ainult ei takista uut korrosiooni, vaid stabiliseerib n\u00f5uetekohaselt ettevalmistatuna ka kergelt oks\u00fcdeerunud pinnad. V\u00f5rreldes tavaliste v\u00e4rvide v\u00f5i p\u00f5hiliste kruntv\u00e4rvidega pakub meie roostet\u00f5rjelakk paremat haarduvust, suuremat vastupidavust ja pikaajalist vastupidavust keerulistes tingimustes.<\/p>\n<p><strong><img decoding=\"async\" style=\"margin-right: 12px;\" src=\"https:\/\/www.ferberpainting.com\/wp-content\/uploads\/2026\/02\/Check.svg\" alt=\"\" width=\"18\" height=\"15\" \/>Raha tagasi garantii t\u00e4ieliku meelerahu tagamiseks.<\/strong> Oleme veendunud meie roostet\u00f5rjelaki t\u00f5hususes ja pakume t\u00e4ielikku raha tagasi garantiid. Kui te ei ole tulemustega t\u00e4ielikult rahul, siis tagastame teie ostu. See riskivaba kohustus peegeldab meie usaldust toote kaitsev\u00f5ime ja usaldusv\u00e4\u00e4rsuse suhtes.<\/p>\n<p><strong><img decoding=\"async\" style=\"margin-right: 12px;\" src=\"https:\/\/www.ferberpainting.com\/wp-content\/uploads\/2026\/02\/Check.svg\" alt=\"\" width=\"18\" height=\"15\" \/>Odavaim professionaalne roostet\u00f5rjelakk turul.<\/strong> Esmaklassiline korrosioonikaitse ei pea tulema esmaklassilise hinnaga. Meie roostet\u00f5rjelakk \u00fchendab endas professionaalse vastupidavuse ja k\u00f5ige konkurentsiv\u00f5imelisema hinna. V\u00f5rreldes kallite t\u00f6\u00f6stuslike pinnakatete v\u00f5i sagedaste \u00fcmberv\u00e4rvimislahendustega pakub see silmapaistvat v\u00e4\u00e4rtust.<\/p>\n<p><strong><img decoding=\"async\" style=\"margin-right: 12px;\" src=\"https:\/\/www.ferberpainting.com\/wp-content\/uploads\/2026\/02\/Check.svg\" alt=\"\" width=\"18\" height=\"15\" \/>Kiire 24-tunnine tarne koheseks kaitseks.<\/strong> Kui rooste hakkab ilmnema, on edasiste kahjustuste v\u00e4ltimiseks vaja kiiresti tegutseda. Seep\u00e4rast pakume usaldusv\u00e4\u00e4rset 24-tunnist tarnet. Teie tellimus t\u00f6\u00f6deldakse ja saadetakse kiiresti, et saaksite oma metallpindu viivitamatult kaitsta.<\/p>\n<p><strong><img decoding=\"async\" style=\"margin-right: 12px;\" src=\"https:\/\/www.ferberpainting.com\/wp-content\/uploads\/2026\/02\/Check.svg\" alt=\"\" width=\"18\" height=\"15\" \/>Suurep\u00e4rane katvus kuni 12 m\u00b2 liitri kohta.<\/strong> Kuna selle laki katvus on kuni 12 ruutmeetrit liitri kohta, tagab see lakk t\u00f5husa ja \u00f6konoomse pealekandmise. \u00dche liitriga saab t\u00f6\u00f6delda suuri pindu, n\u00e4iteks aedu, metalluksi, masinaosi v\u00f5i konstruktsioonielemente, pakkudes maksimaalset tootlikkust ja kulukontrolli.<\/p>\n<p><strong><img decoding=\"async\" style=\"margin-right: 12px;\" src=\"https:\/\/www.ferberpainting.com\/wp-content\/uploads\/2026\/02\/Check.svg\" alt=\"\" width=\"18\" height=\"15\" \/>Moodustab vastupidava kaitsebarj\u00e4\u00e4ri niiskuse ja ilmastiku eest.<\/strong> P\u00e4rast pealekandmist moodustab lakk vastupidava kile, mis peab vastu niiskusele, vihmale ja keskkonnasaasteainetele. See barj\u00e4\u00e4r aeglustab oluliselt korrosiooniprotsesse ja kaitseb metalli isegi v\u00e4litingimustes v\u00f5i t\u00f6\u00f6stuskeskkonnas, mis on avatud k\u00f5ikuvatele temperatuuridele ja ilmastikutingimustele.<\/p>\n<p><strong><img decoding=\"async\" style=\"margin-right: 12px;\" src=\"https:\/\/www.ferberpainting.com\/wp-content\/uploads\/2026\/02\/Check.svg\" alt=\"\" width=\"18\" height=\"15\" \/>Parandab pinna viimistlust, s\u00e4ilitades samal ajal metalli v\u00e4limuse.<\/strong> Lakk annab puhta ja \u00fchtlase viimistluse, mis parandab metallpindade visuaalset v\u00e4ljan\u00e4gemist. See v\u00f5ib s\u00e4ilitada loomuliku metallilise v\u00e4limuse, lisades samas kaitsva l\u00e4ike, v\u00f5i olla selge kaitsekiht v\u00e4rvitud pindade peal, muutmata nende v\u00e4rvi.<\/p>\n<p><strong><img decoding=\"async\" style=\"margin-right: 12px;\" src=\"https:\/\/www.ferberpainting.com\/wp-content\/uploads\/2026\/02\/Check.svg\" alt=\"\" width=\"18\" height=\"15\" \/>Sobib paljudele metallpindadele.<\/strong> See roostet\u00f5rjelakk sobib terase, raua ja muude mustmetallidega, mida tavaliselt kasutatakse ehituses, autoosades, t\u00f6\u00f6riistades, k\u00e4sipuudes, v\u00e4ravates ja seadmetes. T\u00e4nu oma mitmek\u00fclgsusele sobib see ideaalselt elamu-, kaubandus- ja t\u00f6\u00f6stusrakendusteks.<\/p>\n<p><strong><img decoding=\"async\" style=\"margin-right: 12px;\" src=\"https:\/\/www.ferberpainting.com\/wp-content\/uploads\/2026\/02\/Check.svg\" alt=\"\" width=\"18\" height=\"15\" \/>Lihtne rakendus professionaalidele ja DIY-kasutajatele.<\/strong> Lakk on m\u00f5eldud lihtsaks kasutamiseks, seda saab kanda pintsli, rulli v\u00f5i pihustuss\u00fcsteemiga. Selle \u00fchtlane konsistents v\u00f5imaldab \u00fchtlast jaotumist ja tugevat haardumist, andes professionaalse kvaliteediga tulemusi, ilma et selleks oleks vaja erivarustust.<\/p>\n<h2><strong>Juhised<\/strong><\/h2>\n<ul>\n<li>Veenduge, et metallpind on enne pealekandmist puhas, kuiv ja vaba tolmust, rasvast, \u00f5list ja lahtisest roostest.<\/li>\n<li>Eemaldage olemasolev rooste liivapaberi, traatharja v\u00f5i mehaanilise abrasiivi abil, et luua stabiilne pind.<\/li>\n<li>Vajaduse korral p\u00fchkige pind sobiva rasva\u00e4rastusvahendiga ja laske sellel t\u00e4ielikult kuivada.<\/li>\n<li>Segage lakk enne kasutamist p\u00f5hjalikult l\u00e4bi, et tagada \u00fchtlane koostis.<\/li>\n<li>Kandke \u00f5huke ja \u00fchtlane kiht pintsli, rulli v\u00f5i pihustuss\u00fcsteemi abil. V\u00e4ltige liigset pealekandumist.<\/li>\n<li>Arvestage katvuse m\u00e4\u00e4raga ligikaudu 12 m\u00b2 liitri kohta. Soovitatav keskmine annus on umbes 80-100 ml ruutmeetri kohta, s\u00f5ltuvalt pinna tekstuurist ja poorsusest.<\/li>\n<li>Laske esimesel kihil t\u00e4ielikult kuivada vastavalt keskkonnatingimustele enne teise kihi pealekandmist, kui on vaja t\u00e4iendavat kaitset.<\/li>\n<li>Optimaalse pikaajalise kaitse saavutamiseks kandke pigem kaks \u00f5hukest kihti kui \u00fcks paks kiht.<\/li>\n<li>V\u00e4ltige pealekandmist \u00e4\u00e4rmiselt niisketes tingimustes v\u00f5i vihma ajal, et tagada n\u00f5uetekohane k\u00f5venemine ja haardumine.<\/li>\n<li>Enne t\u00f6\u00f6deldud pinna kokkupuutumist tugeva kasutuse v\u00f5i karmide keskkonnatingimustega tuleb anda piisavalt k\u00f5venemisaega.<\/li>\n<li>Vajaduse korral puhastage t\u00f6\u00f6tlemisvahendid kohe p\u00e4rast kasutamist sobivate lahustitega ja hoidke mahutit tihedalt suletuna jahedas ja kuivas kohas otsese p\u00e4ikesevalguse eest kaitstult.<\/li>\n<\/ul>\n<p>&nbsp;<\/p>","protected":false},"excerpt":{"rendered":"<p>Stop rust and protect metal surfaces with long-lasting defense. Our anti-rust varnish is specially formulated to prevent corrosion and protect metal surfaces from oxidation caused by moisture, air, and environmental exposure. It creates a strong protective barrier that isolates metal from corrosive elements, significantly extending the lifespan of tools, structures, machinery, gates, railings, and other [&hellip;]<\/p>\n","protected":false},"featured_media":24791,"comment_status":"open","ping_status":"closed","template":"","meta":{"_uag_custom_page_level_css":"","site-sidebar-layout":"default","site-content-layout":"","ast-site-content-layout":"default","site-content-style":"default","site-sidebar-style":"default","ast-global-header-display":"","ast-banner-title-visibility":"","ast-main-header-display":"","ast-hfb-above-header-display":"","ast-hfb-below-header-display":"","ast-hfb-mobile-header-display":"","site-post-title":"","ast-breadcrumbs-content":"","ast-featured-img":"","footer-sml-layout":"","ast-disable-related-posts":"","theme-transparent-header-meta":"default","adv-header-id-meta":"","stick-header-meta":"","header-above-stick-meta":"","header-main-stick-meta":"","header-below-stick-meta":"","astra-migrate-meta-layouts":"set","ast-page-background-enabled":"default","ast-page-background-meta":{"desktop":{"background-color":"var(--ast-global-color-4)","background-image":"","background-repeat":"repeat","background-position":"center center","background-size":"auto","background-attachment":"scroll","background-type":"","background-media":"","overlay-type":"","overlay-color":"","overlay-opacity":"","overlay-gradient":""},"tablet":{"background-color":"","background-image":"","background-repeat":"repeat","background-position":"center center","background-size":"auto","background-attachment":"scroll","background-type":"","background-media":"","overlay-type":"","overlay-color":"","overlay-opacity":"","overlay-gradient":""},"mobile":{"background-color":"","background-image":"","background-repeat":"repeat","background-position":"center center","background-size":"auto","background-attachment":"scroll","background-type":"","background-media":"","overlay-type":"","overlay-color":"","overlay-opacity":"","overlay-gradient":""}},"ast-content-background-meta":{"desktop":{"background-color":"var(--ast-global-color-5)","background-image":"","background-repeat":"repeat","background-position":"center center","background-size":"auto","background-attachment":"scroll","background-type":"","background-media":"","overlay-type":"","overlay-color":"","overlay-opacity":"","overlay-gradient":""},"tablet":{"background-color":"var(--ast-global-color-5)","background-image":"","background-repeat":"repeat","background-position":"center center","background-size":"auto","background-attachment":"scroll","background-type":"","background-media":"","overlay-type":"","overlay-color":"","overlay-opacity":"","overlay-gradient":""},"mobile":{"background-color":"var(--ast-global-color-5)","background-image":"","background-repeat":"repeat","background-position":"center center","background-size":"auto","background-attachment":"scroll","background-type":"","background-media":"","overlay-type":"","overlay-color":"","overlay-opacity":"","overlay-gradient":""}}},"product_brand":[],"product_cat":[190],"product_tag":[],"class_list":{"0":"post-23065","1":"product","2":"type-product","3":"status-publish","4":"has-post-thumbnail","6":"product_cat-varnish","7":"desktop-align-left","8":"tablet-align-left","9":"mobile-align-left","11":"first","12":"instock","13":"sale","14":"taxable","15":"shipping-taxable","16":"purchasable","17":"product-type-variable","18":"has-default-attributes"},"spectra_custom_meta":{"_visibility":["visible"],"_shopify_product_id":["1328687120454"],"_s2w_shopify_domain":["ferberpainting.myshopify.com"],"_shopify_variant_id":["12158520262726"],"_sku":["FPANTIRUSTVARNISH"],"_manage_stock":["no"],"total_sales":["26"],"_tax_status":["taxable"],"_tax_class":[""],"_backorders":["no"],"_sold_individually":["no"],"_virtual":["no"],"_downloadable":["no"],"_download_limit":["-1"],"_download_expiry":["-1"],"_stock":[null],"_stock_status":["instock"],"_wc_average_rating":["4.80"],"_wc_review_count":["86"],"_product_attributes":["a:1:{s:6:\"volume\";a:6:{s:4:\"name\";s:6:\"Volume\";s:5:\"value\";s:30:\"1 liter | 5 liters | 20 liters\";s:8:\"position\";i:1;s:10:\"is_visible\";i:0;s:12:\"is_variation\";i:1;s:11:\"is_taxonomy\";i:0;}}"],"_product_version":["10.5.2"],"_thumbnail_id":["24791"],"_product_image_gallery":["24813,24814,24910"],"merchant-center-availability":["yes"],"merchant-center-category":["503738"],"merchant-center-id":["VAR"],"wpse_downloadable_file_names":[""],"wpse_downloadable_file_urls":[""],"_edit_last":["1"],"_default_attributes":["a:1:{s:6:\"volume\";s:7:\"1 liter\";}"],"_wc_rating_count":["a:3:{i:3;i:4;i:4;i:9;i:5;i:73;}"],"_edit_lock":["1771955437:1"],"_price":["19.90","89.90","299.90"],"_wp_page_template":["default"],"site-sidebar-layout":["default"],"ast-site-content-layout":["default"],"site-content-style":["default"],"site-sidebar-style":["default"],"theme-transparent-header-meta":["default"],"astra-migrate-meta-layouts":["set"],"_uag_css_file_name":["uag-css-23065.css"],"_elementor_page_assets":["a:0:{}"],"_uag_page_assets":["a:9:{s:3:\"css\";s:6873:\".wp-block-uagb-image{display:flex}.wp-block-uagb-image__figure{position:relative;display:flex;flex-direction:column;max-width:100%;height:auto;margin:0}.wp-block-uagb-image__figure img{height:auto;display:flex;max-width:100%;transition:box-shadow .2s ease}.wp-block-uagb-image__figure>a{display:inline-block}.wp-block-uagb-image__figure figcaption{text-align:center;margin-top:.5em;margin-bottom:1em}.wp-block-uagb-image .components-placeholder.block-editor-media-placeholder .components-placeholder__instructions{align-self:center}.wp-block-uagb-image--align-left{text-align:left}.wp-block-uagb-image--align-right{text-align:right}.wp-block-uagb-image--align-center{text-align:center}.wp-block-uagb-image--align-full .wp-block-uagb-image__figure{margin-left:calc(50% - 50vw);margin-right:calc(50% - 50vw);max-width:100vw;width:100vw;height:auto}.wp-block-uagb-image--align-full .wp-block-uagb-image__figure img{height:auto;width:100% !important}.wp-block-uagb-image--align-wide .wp-block-uagb-image__figure img{height:auto;width:100%}.wp-block-uagb-image--layout-overlay__color-wrapper{position:absolute;left:0;top:0;right:0;bottom:0;opacity:.2;background:rgba(0,0,0,.5);transition:opacity .35s ease-in-out}.wp-block-uagb-image--layout-overlay-link{position:absolute;left:0;right:0;bottom:0;top:0}.wp-block-uagb-image--layout-overlay .wp-block-uagb-image__figure:hover .wp-block-uagb-image--layout-overlay__color-wrapper{opacity:1}.wp-block-uagb-image--layout-overlay__inner{position:absolute;left:15px;right:15px;bottom:15px;top:15px;display:flex;align-items:center;justify-content:center;flex-direction:column;border-color:#fff;transition:.35s ease-in-out}.wp-block-uagb-image--layout-overlay__inner.top-left,.wp-block-uagb-image--layout-overlay__inner.top-center,.wp-block-uagb-image--layout-overlay__inner.top-right{justify-content:flex-start}.wp-block-uagb-image--layout-overlay__inner.bottom-left,.wp-block-uagb-image--layout-overlay__inner.bottom-center,.wp-block-uagb-image--layout-overlay__inner.bottom-right{justify-content:flex-end}.wp-block-uagb-image--layout-overlay__inner.top-left,.wp-block-uagb-image--layout-overlay__inner.center-left,.wp-block-uagb-image--layout-overlay__inner.bottom-left{align-items:flex-start}.wp-block-uagb-image--layout-overlay__inner.top-right,.wp-block-uagb-image--layout-overlay__inner.center-right,.wp-block-uagb-image--layout-overlay__inner.bottom-right{align-items:flex-end}.wp-block-uagb-image--layout-overlay__inner .uagb-image-heading{color:#fff;transition:transform .35s,opacity .35s ease-in-out;transform:translate3d(0, 24px, 0);margin:0;line-height:1em}.wp-block-uagb-image--layout-overlay__inner .uagb-image-separator{width:30%;border-top-width:2px;border-top-color:#fff;border-top-style:solid;margin-bottom:10px;opacity:0;transition:transform .4s,opacity .4s ease-in-out;transform:translate3d(0, 30px, 0)}.wp-block-uagb-image--layout-overlay__inner .uagb-image-caption{opacity:0;overflow:visible;color:#fff;transition:transform .45s,opacity .45s ease-in-out;transform:translate3d(0, 35px, 0)}.wp-block-uagb-image--layout-overlay__inner:hover .uagb-image-heading,.wp-block-uagb-image--layout-overlay__inner:hover .uagb-image-separator,.wp-block-uagb-image--layout-overlay__inner:hover .uagb-image-caption{opacity:1;transform:translate3d(0, 0, 0)}.wp-block-uagb-image--effect-zoomin .wp-block-uagb-image__figure img,.wp-block-uagb-image--effect-zoomin .wp-block-uagb-image__figure .wp-block-uagb-image--layout-overlay__color-wrapper{transform:scale(1);transition:transform .35s ease-in-out}.wp-block-uagb-image--effect-zoomin .wp-block-uagb-image__figure:hover img,.wp-block-uagb-image--effect-zoomin .wp-block-uagb-image__figure:hover .wp-block-uagb-image--layout-overlay__color-wrapper{transform:scale(1.05)}.wp-block-uagb-image--effect-slide .wp-block-uagb-image__figure img,.wp-block-uagb-image--effect-slide .wp-block-uagb-image__figure .wp-block-uagb-image--layout-overlay__color-wrapper{width:calc(100% + 40px) !important;max-width:none !important;transform:translate3d(-40px, 0, 0);transition:transform .35s ease-in-out}.wp-block-uagb-image--effect-slide .wp-block-uagb-image__figure:hover img,.wp-block-uagb-image--effect-slide .wp-block-uagb-image__figure:hover .wp-block-uagb-image--layout-overlay__color-wrapper{transform:translate3d(0, 0, 0)}.wp-block-uagb-image--effect-grayscale img{filter:grayscale(0%);transition:.35s ease-in-out}.wp-block-uagb-image--effect-grayscale:hover img{filter:grayscale(100%)}.wp-block-uagb-image--effect-blur img{filter:blur(0);transition:.35s ease-in-out}.wp-block-uagb-image--effect-blur:hover img{filter:blur(3px)}.uagb-block-e6f939b3.wp-block-uagb-image--layout-default figure img{box-shadow: 0px 0px 0 #00000070;}.uagb-block-e6f939b3.wp-block-uagb-image .wp-block-uagb-image__figure figcaption{font-style: normal;align-self: center;}.uagb-block-e6f939b3.wp-block-uagb-image--layout-overlay figure img{box-shadow: 0px 0px 0 #00000070;}.uagb-block-e6f939b3.wp-block-uagb-image--layout-overlay .wp-block-uagb-image--layout-overlay__color-wrapper{opacity: 0.2;}.uagb-block-e6f939b3.wp-block-uagb-image--layout-overlay .wp-block-uagb-image--layout-overlay__inner{left: 15px;right: 15px;top: 15px;bottom: 15px;}.uagb-block-e6f939b3.wp-block-uagb-image--layout-overlay .wp-block-uagb-image--layout-overlay__inner .uagb-image-heading{font-style: normal;color: #fff;opacity: 1;}.uagb-block-e6f939b3.wp-block-uagb-image--layout-overlay .wp-block-uagb-image--layout-overlay__inner .uagb-image-heading a{color: #fff;}.uagb-block-e6f939b3.wp-block-uagb-image--layout-overlay .wp-block-uagb-image--layout-overlay__inner .uagb-image-caption{opacity: 0;}.uagb-block-e6f939b3.wp-block-uagb-image--layout-overlay .wp-block-uagb-image__figure:hover .wp-block-uagb-image--layout-overlay__color-wrapper{opacity: 1;}.uagb-block-e6f939b3.wp-block-uagb-image .wp-block-uagb-image--layout-overlay__inner .uagb-image-separator{width: 30%;border-top-width: 2px;border-top-color: #fff;opacity: 0;}.uagb-block-e6f939b3.wp-block-uagb-image .wp-block-uagb-image__figure img{width: px;height: auto;}.uagb-block-e6f939b3.wp-block-uagb-image .wp-block-uagb-image__figure:hover .wp-block-uagb-image--layout-overlay__inner .uagb-image-caption{opacity: 1;}.uagb-block-e6f939b3.wp-block-uagb-image .wp-block-uagb-image__figure:hover .wp-block-uagb-image--layout-overlay__inner .uagb-image-separator{opacity: 1;}.uagb-block-e6f939b3.wp-block-uagb-image--layout-default figure:hover img{box-shadow: 0px 0px 0 #00000070;}.uagb-block-e6f939b3.wp-block-uagb-image--layout-overlay figure:hover img{box-shadow: 0px 0px 0 #00000070;}@media only screen and (max-width: 976px) {.uagb-block-e6f939b3.wp-block-uagb-image .wp-block-uagb-image__figure img{width: px;height: auto;}}@media only screen and (max-width: 767px) {.uagb-block-e6f939b3.wp-block-uagb-image .wp-block-uagb-image__figure img{width: px;height: auto;}}\";s:2:\"js\";s:0:\"\";s:18:\"current_block_list\";a:13:{i:0;s:11:\"core\/search\";i:1;s:10:\"core\/group\";i:2;s:12:\"core\/heading\";i:3;s:17:\"core\/latest-posts\";i:4;s:20:\"core\/latest-comments\";i:5;s:13:\"core\/archives\";i:6;s:15:\"core\/categories\";i:7;s:14:\"core\/paragraph\";i:8;s:10:\"uagb\/image\";i:9;s:11:\"core\/spacer\";i:10;s:30:\"woocommerce\/product-categories\";i:11;s:10:\"core\/image\";i:12;s:14:\"core\/shortcode\";}s:8:\"uag_flag\";b:1;s:11:\"uag_version\";s:10:\"1777356405\";s:6:\"gfonts\";a:0:{}s:10:\"gfonts_url\";s:0:\"\";s:12:\"gfonts_files\";a:0:{}s:14:\"uag_faq_layout\";b:0;}"]},"uagb_featured_image_src":{"full":["https:\/\/www.ferberpainting.com\/wp-content\/uploads\/2025\/05\/1Liter.png",2560,2276,false],"thumbnail":["https:\/\/www.ferberpainting.com\/wp-content\/uploads\/2025\/05\/1Liter-150x150.png",150,150,true],"medium":["https:\/\/www.ferberpainting.com\/wp-content\/uploads\/2025\/05\/1Liter-300x267.png",300,267,true],"medium_large":["https:\/\/www.ferberpainting.com\/wp-content\/uploads\/2025\/05\/1Liter-768x683.png",768,683,true],"large":["https:\/\/www.ferberpainting.com\/wp-content\/uploads\/2025\/05\/1Liter-1024x910.png",1024,910,true],"1536x1536":["https:\/\/www.ferberpainting.com\/wp-content\/uploads\/2025\/05\/1Liter-1536x1366.png",1536,1366,true],"2048x2048":["https:\/\/www.ferberpainting.com\/wp-content\/uploads\/2025\/05\/1Liter-2048x1821.png",2048,1821,true],"trp-custom-language-flag":["https:\/\/www.ferberpainting.com\/wp-content\/uploads\/2025\/05\/1Liter-13x12.png",13,12,true],"woocommerce_thumbnail":["https:\/\/www.ferberpainting.com\/wp-content\/uploads\/2025\/05\/1Liter-300x300.png",300,300,true],"woocommerce_single":["https:\/\/www.ferberpainting.com\/wp-content\/uploads\/2025\/05\/1Liter-600x533.png",600,533,true],"woocommerce_gallery_thumbnail":["https:\/\/www.ferberpainting.com\/wp-content\/uploads\/2025\/05\/1Liter-100x100.png",100,100,true]},"uagb_author_info":{"display_name":"admin","author_link":"https:\/\/www.ferberpainting.com\/ee\/author\/"},"uagb_comment_info":86,"uagb_excerpt":"Stop rust and protect metal surfaces with long-lasting defense. Our anti-rust varnish is specially formulated to prevent corrosion and protect metal surfaces from oxidation caused by moisture, air, and environmental exposure. It creates a strong protective barrier that isolates metal from corrosive elements, significantly extending the lifespan of tools, structures, machinery, gates, railings, and other&hellip;","_links":{"self":[{"href":"https:\/\/www.ferberpainting.com\/ee\/wp-json\/wp\/v2\/product\/23065","targetHints":{"allow":["GET"]}}],"collection":[{"href":"https:\/\/www.ferberpainting.com\/ee\/wp-json\/wp\/v2\/product"}],"about":[{"href":"https:\/\/www.ferberpainting.com\/ee\/wp-json\/wp\/v2\/types\/product"}],"replies":[{"embeddable":true,"href":"https:\/\/www.ferberpainting.com\/ee\/wp-json\/wp\/v2\/comments?post=23065"}],"version-history":[{"count":5,"href":"https:\/\/www.ferberpainting.com\/ee\/wp-json\/wp\/v2\/product\/23065\/revisions"}],"predecessor-version":[{"id":166024,"href":"https:\/\/www.ferberpainting.com\/ee\/wp-json\/wp\/v2\/product\/23065\/revisions\/166024"}],"wp:featuredmedia":[{"embeddable":true,"href":"https:\/\/www.ferberpainting.com\/ee\/wp-json\/wp\/v2\/media\/24791"}],"wp:attachment":[{"href":"https:\/\/www.ferberpainting.com\/ee\/wp-json\/wp\/v2\/media?parent=23065"}],"wp:term":[{"taxonomy":"product_brand","embeddable":true,"href":"https:\/\/www.ferberpainting.com\/ee\/wp-json\/wp\/v2\/product_brand?post=23065"},{"taxonomy":"product_cat","embeddable":true,"href":"https:\/\/www.ferberpainting.com\/ee\/wp-json\/wp\/v2\/product_cat?post=23065"},{"taxonomy":"product_tag","embeddable":true,"href":"https:\/\/www.ferberpainting.com\/ee\/wp-json\/wp\/v2\/product_tag?post=23065"}],"curies":[{"name":"wp","href":"https:\/\/api.w.org\/{rel}","templated":true}]}}