{"id":23056,"date":"2025-05-26T10:22:24","date_gmt":"2025-05-26T08:22:24","guid":{"rendered":"https:\/\/www.ferberpainting.com\/products\/anthurium-fertilizer\/"},"modified":"2026-02-24T18:46:25","modified_gmt":"2026-02-24T17:46:25","slug":"anthurium-fertilizer","status":"publish","type":"product","link":"https:\/\/www.ferberpainting.com\/ee\/products\/anthurium-fertilizer\/","title":{"rendered":"Antuuriumite v\u00e4etis"},"content":{"rendered":"<p><img decoding=\"async\" style=\"margin-right: 12px;\" src=\"https:\/\/www.ferberpainting.com\/wp-content\/uploads\/2026\/02\/Check.svg\" alt=\"\" width=\"18\" height=\"15\" \/><strong>Tasakaalustatud v\u00e4etis tervete antuuride jaoks.<\/strong>\u00a0See v\u00e4etis antuuriumidele on spetsiaalselt loodud selle troopilise taime, mis on tuntud oma erksate \u00f5ite ja lopsaka lehestiku poolest, kasvu, \u00f5itsemise ja vastupanuv\u00f5ime stimuleerimiseks. T\u00e4nu NPK 15-15-15 koostisele pakub see t\u00e4iuslikku tasakaalu l\u00e4mmastiku (N), mis soodustab lehtede arengut, fosfori (P), mis toetab tugevate juurte moodustamist, ja kaaliumi (K) vahel, mis suurendab vastupanuv\u00f5imet haigustele ja stimuleerib \u00f5itsemist. See tagab j\u00f5ulisema taime, roheliste lehtede ja intensiivsete, s\u00e4ravate \u00f5itega.<\/p>\n<p><img decoding=\"async\" style=\"margin-right: 12px;\" src=\"https:\/\/www.ferberpainting.com\/wp-content\/uploads\/2026\/02\/Check.svg\" alt=\"\" width=\"18\" height=\"15\" \/><strong>Raha tagasi garantii.<\/strong>\u00a0Oleme t\u00e4iesti veendunud meie antuuride v\u00e4etise t\u00f5hususes, mist\u00f5ttu pakume raha tagasi garantiid. Kui vaatamata soovituste kohasele kasutamisele ei ilmne teie antuuriumil n\u00e4htavat kasvu, eluj\u00f5ulisuse v\u00f5i \u00f5itsemise paranemist, lubame teile tingimusteta raha tagasi maksta, tagades riskivaba ostu.<\/p>\n<p><img decoding=\"async\" style=\"margin-right: 12px;\" src=\"https:\/\/www.ferberpainting.com\/wp-content\/uploads\/2026\/02\/Check.svg\" alt=\"\" width=\"18\" height=\"15\" \/><strong>Sobib k\u00f5ikidele antuuride sortidele ja erinevatele substraatidele.<\/strong>\u00a0See v\u00e4etis on kohandatud punaste, roosade, lillade ja siniste antuuride ja teiste h\u00fcbriidsortide jaoks, olenemata sellest, kas neid kasvatatakse pottides, kasvuhoonetes v\u00f5i troopilises kliimas avatud pinnases. Seda kasutatakse igat t\u00fc\u00fcpi substraatidel, eriti koorep\u00f5histel segudel, turbal, kookoskiududel v\u00f5i perliidil, tagades optimaalse toitainete omastamise ilma mulla tasakaalustamata.<\/p>\n<p><img decoding=\"async\" style=\"margin-right: 12px;\" src=\"https:\/\/www.ferberpainting.com\/wp-content\/uploads\/2026\/02\/Check.svg\" alt=\"\" width=\"18\" height=\"15\" \/><strong>Kulut\u00f5hus saagikus ja pikaajaline v\u00e4etamine.<\/strong>\u00a0T\u00e4nu vedelale kontsentreeritud valemile valmistab 5-liitrine kanister kuni 1000 liitrit v\u00e4etislahust, mis tagab pikaajalise ja \u00f6konoomse kasutamise. Annustamine 5 ml \u00fche liitri vee kohta tagab regulaarse toitainesisendi, v\u00e4hendades samal ajal \u00fcleannustamise ja raiskamise ohtu.<\/p>\n<p><img decoding=\"async\" style=\"margin-right: 12px;\" src=\"https:\/\/www.ferberpainting.com\/wp-content\/uploads\/2026\/02\/Check.svg\" alt=\"\" width=\"18\" height=\"15\" \/><strong>Ohutu ja ohutu v\u00e4etis sise- ja v\u00e4litingimustes kasutamiseks.<\/strong>\u00a0See v\u00e4etis on koostatud ilma kahjulike keemiliste aineteta, austades anturiumi juurte \u00f5rnust ja ilma keskkonna jaoks m\u00fcrgiste lisaaineteta. See on ohutu lemmikloomadele ja lastele, kui seda kasutatakse vastavalt soovitustele. See soodustab j\u00e4rkj\u00e4rgulist ja \u00f5rna v\u00e4etamist, v\u00e4ltides igasugust taimele kahjulikku stressi.<\/p>\n<p><img decoding=\"async\" style=\"margin-right: 12px;\" src=\"https:\/\/www.ferberpainting.com\/wp-content\/uploads\/2026\/02\/Check.svg\" alt=\"\" width=\"18\" height=\"15\" \/><strong>Lihtne kasutada ja kerge hooldada.<\/strong>\u00a0See vedelv\u00e4etis lahjendatakse otse kastmisvees, tagades \u00fchtlase ja t\u00f5husa v\u00e4etamise. Seda saab kasutada klassikalise kastmise teel taime juurest v\u00f5i lehest pihustades, mis v\u00f5imaldab toitainete kiiret imendumist lehtede ja juurte kaudu, optimeerides anturiumi eluj\u00f5ulisust.<\/p>\n<p><img decoding=\"async\" style=\"margin-right: 12px;\" src=\"https:\/\/www.ferberpainting.com\/wp-content\/uploads\/2026\/02\/Check.svg\" alt=\"\" width=\"18\" height=\"15\" \/><strong>Kestev tegevus pideva ja eluj\u00f5ulise \u00f5itsemise tagamiseks.<\/strong>\u00a0T\u00e4nu j\u00e4rkj\u00e4rgulisele toitainete eraldumisele soodustab see v\u00e4etis rikkalikku ja pikaajalist \u00f5itsemist, s\u00e4ilitades samal ajal lopsaka lehestiku ja eluj\u00f5ulised v\u00e4rvid. See stimuleerib ka kasulikku mikroobide tegevust substraadis, parandades mineraalide imendumist ja aidates kaasa taime \u00fcldisele tervisele.<\/p>\n<p><img decoding=\"async\" style=\"margin-right: 12px;\" src=\"https:\/\/www.ferberpainting.com\/wp-content\/uploads\/2026\/02\/Check.svg\" alt=\"\" width=\"18\" height=\"15\" \/><strong>N\u00e4htavad tulemused juba m\u00f5ne n\u00e4dalaga.<\/strong>\u00a0See v\u00e4etis stimuleerib uute v\u00f5rsete tekkimist, tugevdab lehestiku s\u00e4ra ja intensiivistab lillede v\u00e4rvi juba esimestel n\u00e4dalatel p\u00e4rast kasutamist. Samuti takistab see lehtede kolletumist ja tugevdab vastupanuv\u00f5imet haigustele, tagades tasakaalustatud kasvu t\u00e4iesti tervetele antuuridele.<\/p>\n<h2><strong>Kasutamise protokoll<\/strong><\/h2>\n<ul>\n<li><strong>V\u00e4etise lahjendamine <\/strong>: Segage 5 ml v\u00e4etist 1 liitri vee kohta. Homogeniseerige lahus p\u00f5hjalikult enne iga kasutamist, et tagada toitainete optimaalne jaotumine.<\/li>\n<li><strong>Rakendusmeetod <\/strong>:\n<ul>\n<li><strong>Kastmisega <\/strong>: Valage lahjendatud lahus otse taime t\u00fcvele, v\u00e4ltides substraadi liigset niisutamist, et v\u00e4ltida juurte l\u00e4mbumist.<\/li>\n<li><strong>Lehtpihustamise teel<\/strong>\u00a0: Pihustage lahust kergelt lehtedele, eelistatavalt varahommikul v\u00f5i hilis\u00f5htul, et v\u00e4ltida kiiret aurustumist ja tagada parem imendumine.<\/li>\n<\/ul>\n<\/li>\n<li><strong>Kasutamise sagedus <\/strong>: V\u00e4etage iga 15 p\u00e4eva j\u00e4rel kasvu- ja \u00f5itsemisperioodil (kevad-suvi) ja kord kuus puhkeperioodil (s\u00fcgis-talv), et s\u00e4ilitada hea toitainete tasakaal.<\/li>\n<li><strong>T\u00e4iendav kastmine <\/strong>: P\u00e4rast v\u00e4etise kasutamist oodake 48 tundi, enne kui kastate uuesti, et optimeerida toitainete imendumist taimede poolt ja v\u00e4ltida liigset leostumist.<\/li>\n<li><strong>Ettevaatusabin\u00f5ud kasutamisel <\/strong>: \u00c4rge \u00fcletage soovitatud annuseid, et v\u00e4ltida mineraalide liigset kogunemist substraati, mis v\u00f5ib takistada juurte arengut ja m\u00f5jutada \u00f5itsemist. Optimaalse imendumise tagamiseks kandke v\u00e4etis alati kergelt niiskesse mulda.<\/li>\n<li><strong>Ladustamine ja s\u00e4ilitamine <\/strong>: S\u00e4ilitage v\u00e4etist kuivas ja temperamentses kohas, valguse ja niiskuse eest kaitstult. P\u00e4rast iga kasutamist sulgege kanister alati tihedalt, et s\u00e4ilitada toote t\u00f5husus ja v\u00e4ltida aurustumist.<\/li>\n<\/ul>\n<p>Selle antuuriumide v\u00e4etisega annate oma taimele t\u00e4ieliku ja t\u00e4iuslikult kohandatud toite, mis vastab selle erivajadustele, soodustades lopsakat lehestikku, pikemat \u00f5itsemist ja paremat vastupidavust temperatuurivahetustele ja haigustele. See on ideaalne lahendus tervete anturiumide jaoks, mis kaunistab teie interj\u00f6\u00f6ri s\u00e4ravate ja eluj\u00f5uliste \u00f5itega aastaringselt.<\/p>\n<p>&nbsp;<\/p>\n<p>&nbsp;<\/p>","protected":false},"excerpt":{"rendered":"<p>A balanced fertilizer for healthy anthuriums.\u00a0This fertilizer for anthuriums is specially designed to stimulate the growth, flowering, and resistance of this tropical plant known for its bright flowers and lush foliage. Thanks to its NPK 15-15-15 composition, it offers a perfect balance between nitrogen (N), which promotes foliage development, phosphorus (P), which supports the formation [&hellip;]<\/p>\n","protected":false},"featured_media":24406,"comment_status":"open","ping_status":"closed","template":"","meta":{"_uag_custom_page_level_css":"","site-sidebar-layout":"default","site-content-layout":"","ast-site-content-layout":"default","site-content-style":"default","site-sidebar-style":"default","ast-global-header-display":"","ast-banner-title-visibility":"","ast-main-header-display":"","ast-hfb-above-header-display":"","ast-hfb-below-header-display":"","ast-hfb-mobile-header-display":"","site-post-title":"","ast-breadcrumbs-content":"","ast-featured-img":"","footer-sml-layout":"","ast-disable-related-posts":"","theme-transparent-header-meta":"default","adv-header-id-meta":"","stick-header-meta":"","header-above-stick-meta":"","header-main-stick-meta":"","header-below-stick-meta":"","astra-migrate-meta-layouts":"set","ast-page-background-enabled":"default","ast-page-background-meta":{"desktop":{"background-color":"var(--ast-global-color-4)","background-image":"","background-repeat":"repeat","background-position":"center center","background-size":"auto","background-attachment":"scroll","background-type":"","background-media":"","overlay-type":"","overlay-color":"","overlay-opacity":"","overlay-gradient":""},"tablet":{"background-color":"","background-image":"","background-repeat":"repeat","background-position":"center center","background-size":"auto","background-attachment":"scroll","background-type":"","background-media":"","overlay-type":"","overlay-color":"","overlay-opacity":"","overlay-gradient":""},"mobile":{"background-color":"","background-image":"","background-repeat":"repeat","background-position":"center center","background-size":"auto","background-attachment":"scroll","background-type":"","background-media":"","overlay-type":"","overlay-color":"","overlay-opacity":"","overlay-gradient":""}},"ast-content-background-meta":{"desktop":{"background-color":"var(--ast-global-color-5)","background-image":"","background-repeat":"repeat","background-position":"center center","background-size":"auto","background-attachment":"scroll","background-type":"","background-media":"","overlay-type":"","overlay-color":"","overlay-opacity":"","overlay-gradient":""},"tablet":{"background-color":"var(--ast-global-color-5)","background-image":"","background-repeat":"repeat","background-position":"center center","background-size":"auto","background-attachment":"scroll","background-type":"","background-media":"","overlay-type":"","overlay-color":"","overlay-opacity":"","overlay-gradient":""},"mobile":{"background-color":"var(--ast-global-color-5)","background-image":"","background-repeat":"repeat","background-position":"center center","background-size":"auto","background-attachment":"scroll","background-type":"","background-media":"","overlay-type":"","overlay-color":"","overlay-opacity":"","overlay-gradient":""}}},"product_brand":[],"product_cat":[178],"product_tag":[],"class_list":{"0":"post-23056","1":"product","2":"type-product","3":"status-publish","4":"has-post-thumbnail","6":"product_cat-fertilizers","7":"desktop-align-left","8":"tablet-align-left","9":"mobile-align-left","11":"first","12":"instock","13":"sale","14":"taxable","15":"shipping-taxable","16":"purchasable","17":"product-type-variable","18":"has-default-attributes"},"spectra_custom_meta":{"_visibility":["visible"],"_shopify_product_id":["9066014572789"],"_s2w_shopify_domain":["ferberpainting.myshopify.com"],"_shopify_variant_id":["46501402444021"],"_sku":["FPANTHURIUMFERTILIZER"],"_manage_stock":["no"],"total_sales":["2"],"_tax_status":["taxable"],"_tax_class":[""],"_backorders":["no"],"_sold_individually":["no"],"_virtual":["no"],"_downloadable":["no"],"_download_limit":["-1"],"_download_expiry":["-1"],"_stock":[null],"_stock_status":["instock"],"_wc_average_rating":["4.86"],"_wc_review_count":["7"],"_product_attributes":["a:1:{s:6:\"volume\";a:6:{s:4:\"name\";s:6:\"Volume\";s:5:\"value\";s:20:\"5 liters | 25 liters\";s:8:\"position\";i:1;s:10:\"is_visible\";i:0;s:12:\"is_variation\";i:1;s:11:\"is_taxonomy\";i:0;}}"],"_product_version":["10.5.2"],"_thumbnail_id":["24406"],"_product_image_gallery":["24407"],"_edit_lock":["1771955096:1"],"wpse_downloadable_file_names":[""],"wpse_downloadable_file_urls":[""],"_edit_last":["1"],"_default_attributes":["a:1:{s:6:\"volume\";s:8:\"5 liters\";}"],"_wc_rating_count":["a:2:{i:4;i:1;i:5;i:6;}"],"_price":["29.90","129.90"],"merchant-center-availability":["yes"],"merchant-center-category":["113"],"_wp_page_template":["default"],"site-sidebar-layout":["default"],"ast-site-content-layout":["default"],"site-content-style":["default"],"site-sidebar-style":["default"],"theme-transparent-header-meta":["default"],"astra-migrate-meta-layouts":["set"],"_uag_css_file_name":["uag-css-23056.css"],"_elementor_page_assets":["a:0:{}"]},"uagb_featured_image_src":{"full":["https:\/\/www.ferberpainting.com\/wp-content\/uploads\/2025\/05\/AnthuriumFertilizer5L.png",2560,2560,false],"thumbnail":["https:\/\/www.ferberpainting.com\/wp-content\/uploads\/2025\/05\/AnthuriumFertilizer5L-150x150.png",150,150,true],"medium":["https:\/\/www.ferberpainting.com\/wp-content\/uploads\/2025\/05\/AnthuriumFertilizer5L-300x300.png",300,300,true],"medium_large":["https:\/\/www.ferberpainting.com\/wp-content\/uploads\/2025\/05\/AnthuriumFertilizer5L-768x768.png",768,768,true],"large":["https:\/\/www.ferberpainting.com\/wp-content\/uploads\/2025\/05\/AnthuriumFertilizer5L-1024x1024.png",1024,1024,true],"1536x1536":["https:\/\/www.ferberpainting.com\/wp-content\/uploads\/2025\/05\/AnthuriumFertilizer5L-1536x1536.png",1536,1536,true],"2048x2048":["https:\/\/www.ferberpainting.com\/wp-content\/uploads\/2025\/05\/AnthuriumFertilizer5L-2048x2048.png",2048,2048,true],"trp-custom-language-flag":["https:\/\/www.ferberpainting.com\/wp-content\/uploads\/2025\/05\/AnthuriumFertilizer5L-12x12.png",12,12,true],"woocommerce_thumbnail":["https:\/\/www.ferberpainting.com\/wp-content\/uploads\/2025\/05\/AnthuriumFertilizer5L-300x300.png",300,300,true],"woocommerce_single":["https:\/\/www.ferberpainting.com\/wp-content\/uploads\/2025\/05\/AnthuriumFertilizer5L-600x600.png",600,600,true],"woocommerce_gallery_thumbnail":["https:\/\/www.ferberpainting.com\/wp-content\/uploads\/2025\/05\/AnthuriumFertilizer5L-100x100.png",100,100,true]},"uagb_author_info":{"display_name":"admin","author_link":"https:\/\/www.ferberpainting.com\/ee\/author\/"},"uagb_comment_info":7,"uagb_excerpt":"A balanced fertilizer for healthy anthuriums.\u00a0This fertilizer for anthuriums is specially designed to stimulate the growth, flowering, and resistance of this tropical plant known for its bright flowers and lush foliage. Thanks to its NPK 15-15-15 composition, it offers a perfect balance between nitrogen (N), which promotes foliage development, phosphorus (P), which supports the formation&hellip;","_links":{"self":[{"href":"https:\/\/www.ferberpainting.com\/ee\/wp-json\/wp\/v2\/product\/23056","targetHints":{"allow":["GET"]}}],"collection":[{"href":"https:\/\/www.ferberpainting.com\/ee\/wp-json\/wp\/v2\/product"}],"about":[{"href":"https:\/\/www.ferberpainting.com\/ee\/wp-json\/wp\/v2\/types\/product"}],"replies":[{"embeddable":true,"href":"https:\/\/www.ferberpainting.com\/ee\/wp-json\/wp\/v2\/comments?post=23056"}],"version-history":[{"count":7,"href":"https:\/\/www.ferberpainting.com\/ee\/wp-json\/wp\/v2\/product\/23056\/revisions"}],"predecessor-version":[{"id":166020,"href":"https:\/\/www.ferberpainting.com\/ee\/wp-json\/wp\/v2\/product\/23056\/revisions\/166020"}],"wp:featuredmedia":[{"embeddable":true,"href":"https:\/\/www.ferberpainting.com\/ee\/wp-json\/wp\/v2\/media\/24406"}],"wp:attachment":[{"href":"https:\/\/www.ferberpainting.com\/ee\/wp-json\/wp\/v2\/media?parent=23056"}],"wp:term":[{"taxonomy":"product_brand","embeddable":true,"href":"https:\/\/www.ferberpainting.com\/ee\/wp-json\/wp\/v2\/product_brand?post=23056"},{"taxonomy":"product_cat","embeddable":true,"href":"https:\/\/www.ferberpainting.com\/ee\/wp-json\/wp\/v2\/product_cat?post=23056"},{"taxonomy":"product_tag","embeddable":true,"href":"https:\/\/www.ferberpainting.com\/ee\/wp-json\/wp\/v2\/product_tag?post=23056"}],"curies":[{"name":"wp","href":"https:\/\/api.w.org\/{rel}","templated":true}]}}