{"id":23055,"date":"2025-05-26T10:22:24","date_gmt":"2025-05-26T08:22:24","guid":{"rendered":"https:\/\/www.ferberpainting.com\/products\/ant-killer-500-baits\/"},"modified":"2026-02-24T18:45:01","modified_gmt":"2026-02-24T17:45:01","slug":"ant-killer-500-baits","status":"publish","type":"product","link":"https:\/\/www.ferberpainting.com\/ee\/products\/ant-killer-500-baits\/","title":{"rendered":"Sipelgat\u00f5rjevahend"},"content":{"rendered":"<p><img decoding=\"async\" style=\"margin-right: 12px;\" src=\"https:\/\/www.ferberpainting.com\/wp-content\/uploads\/2026\/02\/Check.svg\" alt=\"\" width=\"18\" height=\"15\" \/><strong>Likvideerib kuni 10 000 sipelga \u00fche 1-liitrise pudeliga.<\/strong> Meie v\u00f5imas sipelgat\u00f5rje sprei on loodud suurte sipelgate kiireks ja t\u00f5husaks h\u00e4vitamiseks, kusjuures \u00fcks liiter suudab h\u00e4vitada kuni 10 000 sipelga. T\u00e4nu sellele erakordsele v\u00f5imsusele sobib see ideaalselt nii v\u00e4iksemate kodumajapidamiste kui ka t\u00f5siste nakatumiste puhul garaa\u017eides, terrassidel, aedades, laopindadel ja \u00e4riruumides. Ainult \u00fche pudeliga saate oma ruumi taas kontrolli alla v\u00f5tta ja peatada sipelgate tegevuse juba selle alguspunktis.<\/p>\n<p><strong><img decoding=\"async\" style=\"margin-right: 12px;\" src=\"https:\/\/www.ferberpainting.com\/wp-content\/uploads\/2026\/02\/Check.svg\" alt=\"\" width=\"18\" height=\"15\" \/>K\u00f5ige t\u00f5husam olemasolev lahendus sipelgate t\u00f5rjeks.<\/strong> Meie t\u00e4iustatud kiiretoimeline koostis tagab kohese t\u00f5rjumise kohe kokkupuutel, j\u00e4tkates samal ajal toimet t\u00f6\u00f6deldud pindadel. See on otseselt suunatud sipelgate vastu ja h\u00e4irib kolooniate tegevust, aidates oluliselt v\u00e4hendada taaslevi. V\u00f5rreldes traditsiooniliste pulbrite v\u00f5i s\u00f6\u00f6dap\u00fc\u00fcnistega pakub see pihusti kiiremaid ja n\u00e4htavamaid tulemusi, mis teeb sellest k\u00f5ige t\u00f5husama lahenduse kiireks ja otsustavaks sipelgate h\u00e4vitamiseks.<\/p>\n<p><strong><img decoding=\"async\" style=\"margin-right: 12px;\" src=\"https:\/\/www.ferberpainting.com\/wp-content\/uploads\/2026\/02\/Check.svg\" alt=\"\" width=\"18\" height=\"15\" \/>Raha tagasi garantii t\u00e4ieliku usalduse tagamiseks.<\/strong> Me seisame oma sipelgam\u00f5rvapritside t\u00f5hususe eest. Kui te ei ole tulemustega t\u00e4ielikult rahul, siis pakume t\u00e4ielikku h\u00fcvitist. Meie raha tagasi garantii tagab, et teie ost on t\u00e4iesti riskivaba ja n\u00e4itab meie usaldust toote tugevuse ja usaldusv\u00e4\u00e4rsuse suhtes.<\/p>\n<p><strong><img decoding=\"async\" style=\"margin-right: 12px;\" src=\"https:\/\/www.ferberpainting.com\/wp-content\/uploads\/2026\/02\/Check.svg\" alt=\"\" width=\"18\" height=\"15\" \/>Odavaim suure t\u00f5hususega sipelgaprits turul.<\/strong> Professionaalsete kahjurit\u00f5rjetoodete puhul on sageli liiga k\u00f5rge hind. Meie sipelgat\u00f5rje pakub esmaklassilist t\u00f5husust k\u00f5ige konkurentsiv\u00f5imelisema hinnaga. Saate kasu v\u00f5imsast h\u00e4vitusv\u00f5imekusest ilma \u00fclepaisutatud kulusid maksmata, mis teeb sellest k\u00f5ige \u00f6konoomsema lahenduse nii koduomanikele kui ka professionaalidele.<\/p>\n<p><strong><img decoding=\"async\" style=\"margin-right: 12px;\" src=\"https:\/\/www.ferberpainting.com\/wp-content\/uploads\/2026\/02\/Check.svg\" alt=\"\" width=\"18\" height=\"15\" \/>Kiire 24-tunnine tarne kiireloomuliste nakatumiste korral.<\/strong> Sipelgate sissetungi korral on oluline kohe tegutseda. Seep\u00e4rast pakume 24-tunnist tarnet, mis tagab, et saate toote kiiresti k\u00e4tte ja saate viivitamatult alustada ravi. Meie kiire tarne v\u00f5imaldab teil reageerida nakatumisele kohe p\u00e4rast selle ilmnemist.<\/p>\n<p><strong><img decoding=\"async\" style=\"margin-right: 12px;\" src=\"https:\/\/www.ferberpainting.com\/wp-content\/uploads\/2026\/02\/Check.svg\" alt=\"\" width=\"18\" height=\"15\" \/>Kiire kontakttoimimine koos p\u00fcsiva pinnam\u00f5juga.<\/strong> Pihusti toimib koheselt kokkupuutel, tappes sipelgad kiiresti, j\u00e4ttes samal ajal t\u00f6\u00f6deldud aladele j\u00e4\u00e4kkaitsekihi. See pikaajaline toime aitab v\u00e4ltida sipelgate uuesti sisenemist t\u00f6\u00f6deldud aladele, luues t\u00f5husa kaitsebarj\u00e4\u00e4ri sisenemiskohtade, pragude, p\u00f5randaaluste, akende, uste ja v\u00e4lispindade \u00fcmber.<\/p>\n<p><strong><img decoding=\"async\" style=\"margin-right: 12px;\" src=\"https:\/\/www.ferberpainting.com\/wp-content\/uploads\/2026\/02\/Check.svg\" alt=\"\" width=\"18\" height=\"15\" \/>Sobib kasutamiseks nii sise- kui ka v\u00e4listingimustes.<\/strong> Seda mitmek\u00fclgset pihustit saab kasutada nii kodudes, korterites, kontorites, ladudes ja \u00e4rihoonetes kui ka v\u00e4litingimustes terrassidel, sisses\u00f5iduteedel, aiateedel ja vundamentide \u00fcmber. Selle kohandatav koostis v\u00f5imaldab sihip\u00e4rast kasutamist k\u00f5ikjal, kus on t\u00e4heldatud sipelgate aktiivsust.<\/p>\n<p><strong><img decoding=\"async\" style=\"margin-right: 12px;\" src=\"https:\/\/www.ferberpainting.com\/wp-content\/uploads\/2026\/02\/Check.svg\" alt=\"\" width=\"18\" height=\"15\" \/>Lihtsalt kasutatav pihustusformaat t\u00e4pseks pealekandmiseks.<\/strong> Ergonoomiline pihustuspudel tagab t\u00e4pse ja kontrollitud jaotuse. Saate sihtida n\u00e4htavaid sipelgaid otse, kasutada piki radu v\u00f5i t\u00f6\u00f6delda sisenemiskohti ja pesapaiku t\u00e4pselt. Kasutusvalmis vedel koostis ei n\u00f5ua segamist ega ettevalmistamist.<\/p>\n<p><strong><img decoding=\"async\" style=\"margin-right: 12px;\" src=\"https:\/\/www.ferberpainting.com\/wp-content\/uploads\/2026\/02\/Check.svg\" alt=\"\" width=\"18\" height=\"15\" \/>Aitab katkestada nakatumists\u00fckleid.<\/strong> Eemaldades suure hulga t\u00f6\u00f6liste sipelgaid ja h\u00e4irides nende liikumisteed, v\u00e4hendab see pihustus koloonia v\u00f5imet koguda toitu ja laieneda. J\u00e4rjepidev kasutamine sisenemiskohtades ja sipelgate radadel n\u00f5rgestab oluliselt nakatumists\u00fckleid ja piirab kordumist.<\/p>\n<p><strong><img decoding=\"async\" style=\"margin-right: 12px;\" src=\"https:\/\/www.ferberpainting.com\/wp-content\/uploads\/2026\/02\/Check.svg\" alt=\"\" width=\"18\" height=\"15\" \/>Sobib ideaalselt elamu- ja \u00e4rikeskkondadesse.<\/strong> Olenemata sellest, kas tegemist on k\u00f6\u00f6gi sissetungide, terrasside, restorani tagaruumide, ladude v\u00f5i kontorihoonetega, pakub see sipelgat\u00f5rjepihusti usaldusv\u00e4\u00e4rset ja skaleeritavat tulemuslikkust. Selle 1-liitrine mahutavus ja suur h\u00e4vitamispotentsiaal muudavad selle sobivaks nii era- kui ka professionaalseks kasutamiseks.<\/p>\n<h2><strong>Juhised<\/strong><\/h2>\n<ul>\n<li>Enne kasutamist loksutage pudelit korralikult, et tagada toimeainete n\u00f5uetekohane jaotumine.<\/li>\n<li>M\u00e4\u00e4rake kindlaks sipelgate n\u00e4htavad tegevusalad, sealhulgas j\u00e4ljed, sisenemiskohad, praod, praod, soklipiirded ja pesitsuspiirkonnad.<\/li>\n<li>Pihustage otse sipelgate peale, et k\u00f5rvaldada sipelgad koheselt.<\/li>\n<li>Kandke pidevat kerget pihustust m\u00f6\u00f6da sipelgaj\u00e4lgi ja sisenemiskohtade \u00fcmber, et luua kaitsebarj\u00e4\u00e4r.<\/li>\n<li>Kasutage umbes 50 kuni 100 ml 10 ruutmeetri kohta, s\u00f5ltuvalt nakatumise raskusastmest ja pinnat\u00fc\u00fcbist. V\u00e4ltida liigset k\u00fcllastumist.<\/li>\n<li>Tugeva nakatumise korral korrata vajadusel kasutamist 24-48 tunni p\u00e4rast.<\/li>\n<li>Tagage siseruumides kasutamise korral piisav ventilatsioon.<\/li>\n<li>V\u00e4ltige pihustamist otse toidule, toiduvalmistamispindadele v\u00f5i k\u00f6\u00f6gin\u00f5udele. Enne pealekandmist katke v\u00f5i eemaldage toiduained.<\/li>\n<li>Hoidke lapsed ja lemmikloomad t\u00f6\u00f6deldud aladest eemal, kuni pind on t\u00e4ielikult kuivanud.<\/li>\n<li>Peske p\u00e4rast kasutamist hoolikalt k\u00e4si ja v\u00e4ltige kokkupuudet silmade ja nahaga.<\/li>\n<li>S\u00e4ilitage toodet jahedas ja kuivas kohas, eemal otsesest p\u00e4ikesevalgusest ja soojusallikatest. Hoidke pakend tihedalt suletud, kui seda ei kasutata.<\/li>\n<\/ul>\n<p>&nbsp;<\/p>","protected":false},"excerpt":{"rendered":"<p>Eliminate up to 10,000 ants with a single 1-liter bottle. Our powerful ant killer spray is formulated to eradicate large infestations quickly and efficiently, with one liter capable of eliminating up to 10,000 ants. This exceptional capacity makes it ideal for both minor household invasions and severe infestations in garages, terraces, gardens, storage areas, and [&hellip;]<\/p>\n","protected":false},"featured_media":29938,"comment_status":"open","ping_status":"closed","template":"","meta":{"_uag_custom_page_level_css":"","site-sidebar-layout":"default","site-content-layout":"","ast-site-content-layout":"default","site-content-style":"default","site-sidebar-style":"default","ast-global-header-display":"","ast-banner-title-visibility":"","ast-main-header-display":"","ast-hfb-above-header-display":"","ast-hfb-below-header-display":"","ast-hfb-mobile-header-display":"","site-post-title":"","ast-breadcrumbs-content":"","ast-featured-img":"","footer-sml-layout":"","ast-disable-related-posts":"","theme-transparent-header-meta":"default","adv-header-id-meta":"","stick-header-meta":"","header-above-stick-meta":"","header-main-stick-meta":"","header-below-stick-meta":"","astra-migrate-meta-layouts":"set","ast-page-background-enabled":"default","ast-page-background-meta":{"desktop":{"background-color":"var(--ast-global-color-4)","background-image":"","background-repeat":"repeat","background-position":"center center","background-size":"auto","background-attachment":"scroll","background-type":"","background-media":"","overlay-type":"","overlay-color":"","overlay-opacity":"","overlay-gradient":""},"tablet":{"background-color":"","background-image":"","background-repeat":"repeat","background-position":"center center","background-size":"auto","background-attachment":"scroll","background-type":"","background-media":"","overlay-type":"","overlay-color":"","overlay-opacity":"","overlay-gradient":""},"mobile":{"background-color":"","background-image":"","background-repeat":"repeat","background-position":"center center","background-size":"auto","background-attachment":"scroll","background-type":"","background-media":"","overlay-type":"","overlay-color":"","overlay-opacity":"","overlay-gradient":""}},"ast-content-background-meta":{"desktop":{"background-color":"var(--ast-global-color-5)","background-image":"","background-repeat":"repeat","background-position":"center center","background-size":"auto","background-attachment":"scroll","background-type":"","background-media":"","overlay-type":"","overlay-color":"","overlay-opacity":"","overlay-gradient":""},"tablet":{"background-color":"var(--ast-global-color-5)","background-image":"","background-repeat":"repeat","background-position":"center center","background-size":"auto","background-attachment":"scroll","background-type":"","background-media":"","overlay-type":"","overlay-color":"","overlay-opacity":"","overlay-gradient":""},"mobile":{"background-color":"var(--ast-global-color-5)","background-image":"","background-repeat":"repeat","background-position":"center center","background-size":"auto","background-attachment":"scroll","background-type":"","background-media":"","overlay-type":"","overlay-color":"","overlay-opacity":"","overlay-gradient":""}}},"product_brand":[],"product_cat":[183],"product_tag":[],"class_list":{"0":"post-23055","1":"product","2":"type-product","3":"status-publish","4":"has-post-thumbnail","6":"product_cat-pest-control","7":"desktop-align-left","8":"tablet-align-left","9":"mobile-align-left","11":"first","12":"instock","13":"sale","14":"shipping-taxable","15":"purchasable","16":"product-type-variable","17":"has-default-attributes"},"spectra_custom_meta":{"_visibility":["visible"],"_shopify_product_id":["7960800395509"],"_s2w_shopify_domain":["ferberpainting.myshopify.com"],"_shopify_variant_id":["43530090217717"],"_weight":["0.2"],"_thumbnail_id":["29938"],"total_sales":["55"],"_tax_status":["taxable"],"_tax_class":[""],"_manage_stock":["no"],"_backorders":["no"],"_sold_individually":["no"],"_virtual":["no"],"_downloadable":["no"],"_download_limit":["-1"],"_download_expiry":["-1"],"_stock":[null],"_stock_status":["instock"],"_wc_average_rating":["4.92"],"_wc_review_count":["63"],"_product_version":["10.5.2"],"_edit_lock":["1771954961:1"],"merchant-center-availability":["yes"],"merchant-center-id":["ANTK"],"merchant-center-category":["512"],"_edit_last":["1"],"_wp_page_template":["default"],"site-sidebar-layout":["default"],"ast-site-content-layout":["default"],"site-content-style":["default"],"site-sidebar-style":["default"],"theme-transparent-header-meta":["default"],"_wc_rating_count":["a:2:{i:4;i:5;i:5;i:58;}"],"_product_attributes":["a:1:{s:6:\"volume\";a:6:{s:4:\"name\";s:6:\"Volume\";s:5:\"value\";s:30:\"1 liter | 5 liters | 25 liters\";s:8:\"position\";i:0;s:10:\"is_visible\";i:0;s:12:\"is_variation\";i:1;s:11:\"is_taxonomy\";i:0;}}"],"_product_image_gallery":["29939,29940"],"_default_attributes":["a:1:{s:6:\"volume\";s:7:\"1 liter\";}"],"_price":["29.90","129.90","499.90"],"_sku":["FPANTKILLER"],"astra-migrate-meta-layouts":["set"],"_uag_css_file_name":["uag-css-23055.css"],"_elementor_page_assets":["a:0:{}"],"_uag_page_assets":["a:9:{s:3:\"css\";s:7133:\".uag-blocks-common-selector{z-index:var(--z-index-desktop) !important}@media(max-width: 976px){.uag-blocks-common-selector{z-index:var(--z-index-tablet) !important}}@media(max-width: 767px){.uag-blocks-common-selector{z-index:var(--z-index-mobile) !important}}.wp-block-uagb-image{display:flex}.wp-block-uagb-image__figure{position:relative;display:flex;flex-direction:column;max-width:100%;height:auto;margin:0}.wp-block-uagb-image__figure img{height:auto;display:flex;max-width:100%;transition:box-shadow .2s ease}.wp-block-uagb-image__figure>a{display:inline-block}.wp-block-uagb-image__figure figcaption{text-align:center;margin-top:.5em;margin-bottom:1em}.wp-block-uagb-image .components-placeholder.block-editor-media-placeholder .components-placeholder__instructions{align-self:center}.wp-block-uagb-image--align-left{text-align:left}.wp-block-uagb-image--align-right{text-align:right}.wp-block-uagb-image--align-center{text-align:center}.wp-block-uagb-image--align-full .wp-block-uagb-image__figure{margin-left:calc(50% - 50vw);margin-right:calc(50% - 50vw);max-width:100vw;width:100vw;height:auto}.wp-block-uagb-image--align-full .wp-block-uagb-image__figure img{height:auto;width:100% !important}.wp-block-uagb-image--align-wide .wp-block-uagb-image__figure img{height:auto;width:100%}.wp-block-uagb-image--layout-overlay__color-wrapper{position:absolute;left:0;top:0;right:0;bottom:0;opacity:.2;background:rgba(0,0,0,.5);transition:opacity .35s ease-in-out}.wp-block-uagb-image--layout-overlay-link{position:absolute;left:0;right:0;bottom:0;top:0}.wp-block-uagb-image--layout-overlay .wp-block-uagb-image__figure:hover .wp-block-uagb-image--layout-overlay__color-wrapper{opacity:1}.wp-block-uagb-image--layout-overlay__inner{position:absolute;left:15px;right:15px;bottom:15px;top:15px;display:flex;align-items:center;justify-content:center;flex-direction:column;border-color:#fff;transition:.35s ease-in-out}.wp-block-uagb-image--layout-overlay__inner.top-left,.wp-block-uagb-image--layout-overlay__inner.top-center,.wp-block-uagb-image--layout-overlay__inner.top-right{justify-content:flex-start}.wp-block-uagb-image--layout-overlay__inner.bottom-left,.wp-block-uagb-image--layout-overlay__inner.bottom-center,.wp-block-uagb-image--layout-overlay__inner.bottom-right{justify-content:flex-end}.wp-block-uagb-image--layout-overlay__inner.top-left,.wp-block-uagb-image--layout-overlay__inner.center-left,.wp-block-uagb-image--layout-overlay__inner.bottom-left{align-items:flex-start}.wp-block-uagb-image--layout-overlay__inner.top-right,.wp-block-uagb-image--layout-overlay__inner.center-right,.wp-block-uagb-image--layout-overlay__inner.bottom-right{align-items:flex-end}.wp-block-uagb-image--layout-overlay__inner .uagb-image-heading{color:#fff;transition:transform .35s,opacity .35s ease-in-out;transform:translate3d(0, 24px, 0);margin:0;line-height:1em}.wp-block-uagb-image--layout-overlay__inner .uagb-image-separator{width:30%;border-top-width:2px;border-top-color:#fff;border-top-style:solid;margin-bottom:10px;opacity:0;transition:transform .4s,opacity .4s ease-in-out;transform:translate3d(0, 30px, 0)}.wp-block-uagb-image--layout-overlay__inner .uagb-image-caption{opacity:0;overflow:visible;color:#fff;transition:transform .45s,opacity .45s ease-in-out;transform:translate3d(0, 35px, 0)}.wp-block-uagb-image--layout-overlay__inner:hover .uagb-image-heading,.wp-block-uagb-image--layout-overlay__inner:hover .uagb-image-separator,.wp-block-uagb-image--layout-overlay__inner:hover .uagb-image-caption{opacity:1;transform:translate3d(0, 0, 0)}.wp-block-uagb-image--effect-zoomin .wp-block-uagb-image__figure img,.wp-block-uagb-image--effect-zoomin .wp-block-uagb-image__figure .wp-block-uagb-image--layout-overlay__color-wrapper{transform:scale(1);transition:transform .35s ease-in-out}.wp-block-uagb-image--effect-zoomin .wp-block-uagb-image__figure:hover img,.wp-block-uagb-image--effect-zoomin .wp-block-uagb-image__figure:hover .wp-block-uagb-image--layout-overlay__color-wrapper{transform:scale(1.05)}.wp-block-uagb-image--effect-slide .wp-block-uagb-image__figure img,.wp-block-uagb-image--effect-slide .wp-block-uagb-image__figure .wp-block-uagb-image--layout-overlay__color-wrapper{width:calc(100% + 40px) !important;max-width:none !important;transform:translate3d(-40px, 0, 0);transition:transform .35s ease-in-out}.wp-block-uagb-image--effect-slide .wp-block-uagb-image__figure:hover img,.wp-block-uagb-image--effect-slide .wp-block-uagb-image__figure:hover .wp-block-uagb-image--layout-overlay__color-wrapper{transform:translate3d(0, 0, 0)}.wp-block-uagb-image--effect-grayscale img{filter:grayscale(0%);transition:.35s ease-in-out}.wp-block-uagb-image--effect-grayscale:hover img{filter:grayscale(100%)}.wp-block-uagb-image--effect-blur img{filter:blur(0);transition:.35s ease-in-out}.wp-block-uagb-image--effect-blur:hover img{filter:blur(3px)}.uagb-block-e6f939b3.wp-block-uagb-image--layout-default figure img{box-shadow: 0px 0px 0 #00000070;}.uagb-block-e6f939b3.wp-block-uagb-image .wp-block-uagb-image__figure figcaption{font-style: normal;align-self: center;}.uagb-block-e6f939b3.wp-block-uagb-image--layout-overlay figure img{box-shadow: 0px 0px 0 #00000070;}.uagb-block-e6f939b3.wp-block-uagb-image--layout-overlay .wp-block-uagb-image--layout-overlay__color-wrapper{opacity: 0.2;}.uagb-block-e6f939b3.wp-block-uagb-image--layout-overlay .wp-block-uagb-image--layout-overlay__inner{left: 15px;right: 15px;top: 15px;bottom: 15px;}.uagb-block-e6f939b3.wp-block-uagb-image--layout-overlay .wp-block-uagb-image--layout-overlay__inner .uagb-image-heading{font-style: normal;color: #fff;opacity: 1;}.uagb-block-e6f939b3.wp-block-uagb-image--layout-overlay .wp-block-uagb-image--layout-overlay__inner .uagb-image-heading a{color: #fff;}.uagb-block-e6f939b3.wp-block-uagb-image--layout-overlay .wp-block-uagb-image--layout-overlay__inner .uagb-image-caption{opacity: 0;}.uagb-block-e6f939b3.wp-block-uagb-image--layout-overlay .wp-block-uagb-image__figure:hover .wp-block-uagb-image--layout-overlay__color-wrapper{opacity: 1;}.uagb-block-e6f939b3.wp-block-uagb-image .wp-block-uagb-image--layout-overlay__inner .uagb-image-separator{width: 30%;border-top-width: 2px;border-top-color: #fff;opacity: 0;}.uagb-block-e6f939b3.wp-block-uagb-image .wp-block-uagb-image__figure img{width: px;height: auto;}.uagb-block-e6f939b3.wp-block-uagb-image .wp-block-uagb-image__figure:hover .wp-block-uagb-image--layout-overlay__inner .uagb-image-caption{opacity: 1;}.uagb-block-e6f939b3.wp-block-uagb-image .wp-block-uagb-image__figure:hover .wp-block-uagb-image--layout-overlay__inner .uagb-image-separator{opacity: 1;}.uagb-block-e6f939b3.wp-block-uagb-image--layout-default figure:hover img{box-shadow: 0px 0px 0 #00000070;}.uagb-block-e6f939b3.wp-block-uagb-image--layout-overlay figure:hover img{box-shadow: 0px 0px 0 #00000070;}@media only screen and (max-width: 976px) {.uagb-block-e6f939b3.wp-block-uagb-image .wp-block-uagb-image__figure img{width: px;height: auto;}}@media only screen and (max-width: 767px) {.uagb-block-e6f939b3.wp-block-uagb-image .wp-block-uagb-image__figure img{width: px;height: auto;}}\";s:2:\"js\";s:0:\"\";s:18:\"current_block_list\";a:13:{i:0;s:11:\"core\/search\";i:1;s:10:\"core\/group\";i:2;s:12:\"core\/heading\";i:3;s:17:\"core\/latest-posts\";i:4;s:20:\"core\/latest-comments\";i:5;s:13:\"core\/archives\";i:6;s:15:\"core\/categories\";i:7;s:14:\"core\/paragraph\";i:8;s:10:\"uagb\/image\";i:9;s:11:\"core\/spacer\";i:10;s:30:\"woocommerce\/product-categories\";i:11;s:10:\"core\/image\";i:12;s:14:\"core\/shortcode\";}s:8:\"uag_flag\";b:1;s:11:\"uag_version\";s:10:\"1777094664\";s:6:\"gfonts\";a:0:{}s:10:\"gfonts_url\";s:0:\"\";s:12:\"gfonts_files\";a:0:{}s:14:\"uag_faq_layout\";b:0;}"]},"uagb_featured_image_src":{"full":["https:\/\/www.ferberpainting.com\/wp-content\/uploads\/2025\/05\/Ant-Killer-1L-.png",2560,2560,false],"thumbnail":["https:\/\/www.ferberpainting.com\/wp-content\/uploads\/2025\/05\/Ant-Killer-1L--150x150.png",150,150,true],"medium":["https:\/\/www.ferberpainting.com\/wp-content\/uploads\/2025\/05\/Ant-Killer-1L--300x300.png",300,300,true],"medium_large":["https:\/\/www.ferberpainting.com\/wp-content\/uploads\/2025\/05\/Ant-Killer-1L--768x768.png",768,768,true],"large":["https:\/\/www.ferberpainting.com\/wp-content\/uploads\/2025\/05\/Ant-Killer-1L--1024x1024.png",1024,1024,true],"1536x1536":["https:\/\/www.ferberpainting.com\/wp-content\/uploads\/2025\/05\/Ant-Killer-1L--1536x1536.png",1536,1536,true],"2048x2048":["https:\/\/www.ferberpainting.com\/wp-content\/uploads\/2025\/05\/Ant-Killer-1L--2048x2048.png",2048,2048,true],"trp-custom-language-flag":["https:\/\/www.ferberpainting.com\/wp-content\/uploads\/2025\/05\/Ant-Killer-1L--12x12.png",12,12,true],"woocommerce_thumbnail":["https:\/\/www.ferberpainting.com\/wp-content\/uploads\/2025\/05\/Ant-Killer-1L--300x300.png",300,300,true],"woocommerce_single":["https:\/\/www.ferberpainting.com\/wp-content\/uploads\/2025\/05\/Ant-Killer-1L--600x600.png",600,600,true],"woocommerce_gallery_thumbnail":["https:\/\/www.ferberpainting.com\/wp-content\/uploads\/2025\/05\/Ant-Killer-1L--100x100.png",100,100,true]},"uagb_author_info":{"display_name":"admin","author_link":"https:\/\/www.ferberpainting.com\/ee\/author\/"},"uagb_comment_info":63,"uagb_excerpt":"Eliminate up to 10,000 ants with a single 1-liter bottle. Our powerful ant killer spray is formulated to eradicate large infestations quickly and efficiently, with one liter capable of eliminating up to 10,000 ants. This exceptional capacity makes it ideal for both minor household invasions and severe infestations in garages, terraces, gardens, storage areas, and&hellip;","_links":{"self":[{"href":"https:\/\/www.ferberpainting.com\/ee\/wp-json\/wp\/v2\/product\/23055","targetHints":{"allow":["GET"]}}],"collection":[{"href":"https:\/\/www.ferberpainting.com\/ee\/wp-json\/wp\/v2\/product"}],"about":[{"href":"https:\/\/www.ferberpainting.com\/ee\/wp-json\/wp\/v2\/types\/product"}],"replies":[{"embeddable":true,"href":"https:\/\/www.ferberpainting.com\/ee\/wp-json\/wp\/v2\/comments?post=23055"}],"version-history":[{"count":5,"href":"https:\/\/www.ferberpainting.com\/ee\/wp-json\/wp\/v2\/product\/23055\/revisions"}],"predecessor-version":[{"id":166019,"href":"https:\/\/www.ferberpainting.com\/ee\/wp-json\/wp\/v2\/product\/23055\/revisions\/166019"}],"wp:featuredmedia":[{"embeddable":true,"href":"https:\/\/www.ferberpainting.com\/ee\/wp-json\/wp\/v2\/media\/29938"}],"wp:attachment":[{"href":"https:\/\/www.ferberpainting.com\/ee\/wp-json\/wp\/v2\/media?parent=23055"}],"wp:term":[{"taxonomy":"product_brand","embeddable":true,"href":"https:\/\/www.ferberpainting.com\/ee\/wp-json\/wp\/v2\/product_brand?post=23055"},{"taxonomy":"product_cat","embeddable":true,"href":"https:\/\/www.ferberpainting.com\/ee\/wp-json\/wp\/v2\/product_cat?post=23055"},{"taxonomy":"product_tag","embeddable":true,"href":"https:\/\/www.ferberpainting.com\/ee\/wp-json\/wp\/v2\/product_tag?post=23055"}],"curies":[{"name":"wp","href":"https:\/\/api.w.org\/{rel}","templated":true}]}}