{"id":25678,"date":"2025-06-30T17:12:54","date_gmt":"2025-06-30T15:12:54","guid":{"rendered":"https:\/\/www.ferberpainting.com\/?post_type=product&#038;p=25678"},"modified":"2026-02-18T10:02:57","modified_gmt":"2026-02-18T09:02:57","slug":"wood-stove-chimney-and-fireplace-glass-cleaner","status":"publish","type":"product","link":"https:\/\/www.ferberpainting.com\/dk\/products\/wood-stove-chimney-and-fireplace-glass-cleaner\/","title":{"rendered":"Reng\u00f8ringsmiddel til glas i br\u00e6ndeovne, pejseindsatser og skorstene"},"content":{"rendered":"<p><strong><img decoding=\"async\" style=\"margin-right: 12px;\" src=\"https:\/\/www.ferberpainting.com\/wp-content\/uploads\/2026\/02\/Check.svg\" alt=\"\" width=\"18\" height=\"15\" \/>Fjerner genstridig sod, r\u00f8grester og fastbr\u00e6ndte pletter med stor pr\u00e6cision.<\/strong> Vores glasrens til br\u00e6ndeovne, skorstene og pejse er specielt formuleret til at opl\u00f8se og fjerne tunge kulstofaflejringer, sort sod, tj\u00e6re og r\u00f8gfilm, der ophobes p\u00e5 glasoverflader med h\u00f8j temperatur. Med tiden bliver pejse- og br\u00e6ndeovnsglas m\u00f8rkt og uklart p\u00e5 grund af forbr\u00e6ndingsrester. Denne avancerede reng\u00f8ringsformel tr\u00e6nger hurtigt ind og nedbryder h\u00e6rdede aflejringer, s\u00e5 glasset bliver klart igen, og du kan nyde varmen og stemningen fra din ild fuldt ud.<\/p>\n<p><strong><img decoding=\"async\" style=\"margin-right: 12px;\" src=\"https:\/\/www.ferberpainting.com\/wp-content\/uploads\/2026\/02\/Check.svg\" alt=\"\" width=\"18\" height=\"15\" \/>Vi tilbyder en pengene-tilbage-garanti for fuld tilfredshed.<\/strong> Vi har fuld tillid til effektiviteten af vores glasrens. Hvis du ikke er helt tilfreds med resultatet, refunderer vi dit k\u00f8b. Denne pengene-tilbage-garanti giver dig mulighed for at rense dit br\u00e6ndeovns- eller pejseglas med total ro i sindet, velvidende at din investering er beskyttet.<\/p>\n<p><strong><img decoding=\"async\" style=\"margin-right: 12px;\" src=\"https:\/\/www.ferberpainting.com\/wp-content\/uploads\/2026\/02\/Check.svg\" alt=\"\" width=\"18\" height=\"15\" \/>Det mest effektive reng\u00f8ringsmiddel til pejse- og br\u00e6ndeovnsglas p\u00e5 markedet.<\/strong> Vores h\u00f8jtydende formel er designet specielt til varmebestandige glasoverflader, der uds\u00e6ttes for intense forbr\u00e6ndingsbiprodukter. I mods\u00e6tning til almindelige husholdningsreng\u00f8ringsmidler er den m\u00e5lrettet den kemiske sammens\u00e6tning af sod og tj\u00e6re, hvilket sikrer hurtig opl\u00f8sning og lettere fjernelse. Det giver en overlegen reng\u00f8ringseffekt sammenlignet med konventionelle glassprays, hvilket g\u00f8r det til den mest effektive l\u00f8sning til at genoprette krystalklart udsyn.<\/p>\n<p><strong><img decoding=\"async\" style=\"margin-right: 12px;\" src=\"https:\/\/www.ferberpainting.com\/wp-content\/uploads\/2026\/02\/Check.svg\" alt=\"\" width=\"18\" height=\"15\" \/>Det billigste professionelle reng\u00f8ringsmiddel til pejseglas p\u00e5 markedet.<\/strong> F\u00f8rsteklasses reng\u00f8ring beh\u00f8ver ikke at v\u00e6re dyrt. Vi tilbyder de mest konkurrencedygtige priser, samtidig med at vi opretholder h\u00f8je kvalitetsstandarder. Ved at optimere produktion og logistik leverer vi et reng\u00f8ringsmiddel med professionel styrke til den laveste pris sammenlignet med lignende produkter, hvilket sikrer fremragende v\u00e6rdi for b\u00e5de husejere og professionelle.<\/p>\n<p><strong><img decoding=\"async\" style=\"margin-right: 12px;\" src=\"https:\/\/www.ferberpainting.com\/wp-content\/uploads\/2026\/02\/Check.svg\" alt=\"\" width=\"18\" height=\"15\" \/>Garanteret 24-timers levering til \u00f8jeblikkelige reng\u00f8ringsbehov.<\/strong> N\u00e5r dit br\u00e6ndeovns- eller pejseglas bliver meget snavset, kan en hurtig reng\u00f8ring genskabe b\u00e5de udseende og gl\u00e6de. Derfor tilbyder vi p\u00e5lidelig 24-timers levering, hvilket sikrer, at dit reng\u00f8ringsmiddel ankommer hurtigt og er klar til brug med det samme.<\/p>\n<p><strong><img decoding=\"async\" style=\"margin-right: 12px;\" src=\"https:\/\/www.ferberpainting.com\/wp-content\/uploads\/2026\/02\/Check.svg\" alt=\"\" width=\"18\" height=\"15\" \/>H\u00f8jkoncentreret formel til \u00f8konomisk brug.<\/strong> En lille m\u00e6ngde produkt behandler effektivt store glasoverflader. Den koncentrerede formel sikrer et minimalt produktforbrug pr. reng\u00f8ringssession, hvilket giver en fremragende omkostningseffektivitet, samtidig med at den kraftige reng\u00f8ringsevne opretholdes.<\/p>\n<p><strong><img decoding=\"async\" style=\"margin-right: 12px;\" src=\"https:\/\/www.ferberpainting.com\/wp-content\/uploads\/2026\/02\/Check.svg\" alt=\"\" width=\"18\" height=\"15\" \/>Genopretter fuld gennemsigtighed og forbedrer brandens synlighed.<\/strong> Ved at fjerne m\u00f8rke pletter og r\u00f8gt\u00e5ger genskaber reng\u00f8ringsmidlet den naturlige gennemsigtighed i varmebestandigt glas. Det g\u00f8r din pejs eller br\u00e6ndeovn flottere og forbedrer den generelle atmosf\u00e6re i din bolig.<\/p>\n<p><strong><img decoding=\"async\" style=\"margin-right: 12px;\" src=\"https:\/\/www.ferberpainting.com\/wp-content\/uploads\/2026\/02\/Check.svg\" alt=\"\" width=\"18\" height=\"15\" \/>Sikker til varmebestandig keramik og h\u00e6rdet glas.<\/strong> Formlen er specielt udviklet til brug p\u00e5 pejseindsatse, br\u00e6ndeovnsd\u00f8re og skorstensglaspaneler. N\u00e5r den anvendes i henhold til vejledningen, renser den effektivt uden at ridse eller beskadige glasoverfladen.<\/p>\n<p><strong><img decoding=\"async\" style=\"margin-right: 12px;\" src=\"https:\/\/www.ferberpainting.com\/wp-content\/uploads\/2026\/02\/Check.svg\" alt=\"\" width=\"18\" height=\"15\" \/>Reducerer fremtidig ophobning ved regelm\u00e6ssig brug.<\/strong> Rutinem\u00e6ssig reng\u00f8ring med vores produkt hj\u00e6lper med at forhindre overdreven ophobning af sod og tj\u00e6re. Vedligeholdelse af rent glas forbedrer forbr\u00e6ndingens synlighed og forenkler den l\u00f8bende vedligeholdelse.<\/p>\n<p><strong><img decoding=\"async\" style=\"margin-right: 12px;\" src=\"https:\/\/www.ferberpainting.com\/wp-content\/uploads\/2026\/02\/Check.svg\" alt=\"\" width=\"18\" height=\"15\" \/>Nem og hurtig anvendelse for husejere og professionelle.<\/strong> Reng\u00f8ringsmidlet er designet til at v\u00e6re praktisk og kan spr\u00f8jtes direkte p\u00e5 glasset og t\u00f8rres af med en klud eller svamp. Den h\u00e5ndterbare konsistens sikrer j\u00e6vn d\u00e6kning og kontrolleret p\u00e5f\u00f8ring uden komplicerede procedurer.<\/p>\n<h2><strong>Instruktioner<\/strong><\/h2>\n<ul>\n<li>S\u00f8rg for, at br\u00e6ndeovns- eller pejseglasset er helt afk\u00f8let, f\u00f8r du p\u00e5f\u00f8rer reng\u00f8ringsmidlet.<\/li>\n<li>Ryst flasken grundigt f\u00f8r brug.<\/li>\n<li>Spray produktet j\u00e6vnt p\u00e5 den snavsede glasoverflade.<\/li>\n<li>Lad reng\u00f8ringsmidlet virke i 2 til 5 minutter, afh\u00e6ngigt af m\u00e6ngden af sod og rester.<\/li>\n<li>T\u00f8r overfladen af med en fugtig svamp eller klud for at l\u00f8sne og fjerne opl\u00f8ste aflejringer.<\/li>\n<li>Ved genstridige eller tykke kulstofaflejringer skal du skrubbe forsigtigt med en ikke-slibende pude eller svamp.<\/li>\n<li>Fjern rester med en ren, fugtig klud.<\/li>\n<li>T\u00f8r glasset med en bl\u00f8d, fnugfri klud for at opn\u00e5 en klar, stribefri finish.<\/li>\n<li>Gentag processen, hvis det er n\u00f8dvendigt for meget snavsede omr\u00e5der.<\/li>\n<li>Undg\u00e5 kontakt med malede eller sarte omgivende overflader. T\u00f8r straks af, hvis der opst\u00e5r utilsigtet kontakt.<\/li>\n<li>M\u00e5 ikke bruges p\u00e5 varmt glas eller under aktiv forbr\u00e6nding.<\/li>\n<li>Reng\u00f8r v\u00e6rkt\u00f8j og klude med vand efter brug.<\/li>\n<li>Opbevar produktet t\u00e6t lukket p\u00e5 et k\u00f8ligt, t\u00f8rt sted v\u00e6k fra direkte sollys.<\/li>\n<li>Opbevares utilg\u00e6ngeligt for b\u00f8rn, og f\u00f8lg almindelige sikkerhedsforanstaltninger ved h\u00e5ndtering og p\u00e5f\u00f8ring.<\/li>\n<\/ul>","protected":false},"excerpt":{"rendered":"<p>Removes stubborn soot, smoke residue, and burned-on stains with powerful precision. Our wood stove, chimney and fireplace glass cleaner is specially formulated to dissolve and lift heavy carbon deposits, black soot, tar buildup, and smoke film that accumulate on high-temperature glass surfaces. Over time, fireplace and stove glass becomes darkened and cloudy due to combustion [&hellip;]<\/p>\n","protected":false},"featured_media":35749,"comment_status":"open","ping_status":"closed","template":"","meta":{"_uag_custom_page_level_css":"","site-sidebar-layout":"default","site-content-layout":"","ast-site-content-layout":"default","site-content-style":"default","site-sidebar-style":"default","ast-global-header-display":"","ast-banner-title-visibility":"","ast-main-header-display":"","ast-hfb-above-header-display":"","ast-hfb-below-header-display":"","ast-hfb-mobile-header-display":"","site-post-title":"","ast-breadcrumbs-content":"","ast-featured-img":"","footer-sml-layout":"","ast-disable-related-posts":"","theme-transparent-header-meta":"default","adv-header-id-meta":"","stick-header-meta":"","header-above-stick-meta":"","header-main-stick-meta":"","header-below-stick-meta":"","astra-migrate-meta-layouts":"set","ast-page-background-enabled":"default","ast-page-background-meta":{"desktop":{"background-color":"var(--ast-global-color-4)","background-image":"","background-repeat":"repeat","background-position":"center center","background-size":"auto","background-attachment":"scroll","background-type":"","background-media":"","overlay-type":"","overlay-color":"","overlay-opacity":"","overlay-gradient":""},"tablet":{"background-color":"","background-image":"","background-repeat":"repeat","background-position":"center center","background-size":"auto","background-attachment":"scroll","background-type":"","background-media":"","overlay-type":"","overlay-color":"","overlay-opacity":"","overlay-gradient":""},"mobile":{"background-color":"","background-image":"","background-repeat":"repeat","background-position":"center center","background-size":"auto","background-attachment":"scroll","background-type":"","background-media":"","overlay-type":"","overlay-color":"","overlay-opacity":"","overlay-gradient":""}},"ast-content-background-meta":{"desktop":{"background-color":"var(--ast-global-color-5)","background-image":"","background-repeat":"repeat","background-position":"center center","background-size":"auto","background-attachment":"scroll","background-type":"","background-media":"","overlay-type":"","overlay-color":"","overlay-opacity":"","overlay-gradient":""},"tablet":{"background-color":"var(--ast-global-color-5)","background-image":"","background-repeat":"repeat","background-position":"center center","background-size":"auto","background-attachment":"scroll","background-type":"","background-media":"","overlay-type":"","overlay-color":"","overlay-opacity":"","overlay-gradient":""},"mobile":{"background-color":"var(--ast-global-color-5)","background-image":"","background-repeat":"repeat","background-position":"center center","background-size":"auto","background-attachment":"scroll","background-type":"","background-media":"","overlay-type":"","overlay-color":"","overlay-opacity":"","overlay-gradient":""}}},"product_brand":[],"product_cat":[175],"product_tag":[],"class_list":{"0":"post-25678","1":"product","2":"type-product","3":"status-publish","4":"has-post-thumbnail","6":"product_cat-cleaning-products","7":"desktop-align-left","8":"tablet-align-left","9":"mobile-align-left","11":"first","12":"instock","13":"sale","14":"taxable","15":"shipping-taxable","16":"purchasable","17":"product-type-variable","18":"has-default-attributes"},"spectra_custom_meta":{"_visibility":["visible"],"_shopify_product_id":["9101785235701"],"_s2w_shopify_domain":["ferberpainting.myshopify.com"],"_shopify_variant_id":["46613424242933"],"_sku":[""],"_manage_stock":["no"],"total_sales":["31"],"_tax_status":["taxable"],"_tax_class":[""],"_backorders":["no"],"_sold_individually":["no"],"_virtual":["no"],"_downloadable":["no"],"_download_limit":["-1"],"_download_expiry":["-1"],"_stock":[null],"_stock_status":["instock"],"_wc_average_rating":["5.00"],"_wc_review_count":["12"],"_product_attributes":["a:1:{s:6:\"volume\";a:6:{s:4:\"name\";s:6:\"Volume\";s:5:\"value\";s:20:\"5 liters | 25 liters\";s:8:\"position\";i:1;s:10:\"is_visible\";i:0;s:12:\"is_variation\";i:1;s:11:\"is_taxonomy\";i:0;}}"],"_product_version":["10.5.2"],"wpse_downloadable_file_names":[""],"wpse_downloadable_file_urls":[""],"_edit_last":["1"],"_default_attributes":["a:1:{s:6:\"volume\";s:8:\"5 liters\";}"],"_edit_lock":["1771405238:1"],"merchant-center-availability":["yes"],"merchant-center-category":["1479"],"_thumbnail_id":["35749"],"_wp_page_template":["default"],"_wp_old_date":["2025-05-26"],"site-sidebar-layout":["default"],"ast-site-content-layout":["default"],"site-content-style":["default"],"site-sidebar-style":["default"],"theme-transparent-header-meta":["default"],"_product_image_gallery":["35750"],"_price":["29.90","129.90"],"_wc_rating_count":["a:1:{i:5;i:12;}"],"astra-migrate-meta-layouts":["set"],"_uag_css_file_name":["uag-css-25678.css"],"_elementor_page_assets":["a:0:{}"],"_uag_page_assets":["a:9:{s:3:\"css\";s:7133:\".uag-blocks-common-selector{z-index:var(--z-index-desktop) !important}@media(max-width: 976px){.uag-blocks-common-selector{z-index:var(--z-index-tablet) !important}}@media(max-width: 767px){.uag-blocks-common-selector{z-index:var(--z-index-mobile) !important}}.wp-block-uagb-image{display:flex}.wp-block-uagb-image__figure{position:relative;display:flex;flex-direction:column;max-width:100%;height:auto;margin:0}.wp-block-uagb-image__figure img{height:auto;display:flex;max-width:100%;transition:box-shadow .2s ease}.wp-block-uagb-image__figure>a{display:inline-block}.wp-block-uagb-image__figure figcaption{text-align:center;margin-top:.5em;margin-bottom:1em}.wp-block-uagb-image .components-placeholder.block-editor-media-placeholder .components-placeholder__instructions{align-self:center}.wp-block-uagb-image--align-left{text-align:left}.wp-block-uagb-image--align-right{text-align:right}.wp-block-uagb-image--align-center{text-align:center}.wp-block-uagb-image--align-full .wp-block-uagb-image__figure{margin-left:calc(50% - 50vw);margin-right:calc(50% - 50vw);max-width:100vw;width:100vw;height:auto}.wp-block-uagb-image--align-full .wp-block-uagb-image__figure img{height:auto;width:100% !important}.wp-block-uagb-image--align-wide .wp-block-uagb-image__figure img{height:auto;width:100%}.wp-block-uagb-image--layout-overlay__color-wrapper{position:absolute;left:0;top:0;right:0;bottom:0;opacity:.2;background:rgba(0,0,0,.5);transition:opacity .35s ease-in-out}.wp-block-uagb-image--layout-overlay-link{position:absolute;left:0;right:0;bottom:0;top:0}.wp-block-uagb-image--layout-overlay .wp-block-uagb-image__figure:hover .wp-block-uagb-image--layout-overlay__color-wrapper{opacity:1}.wp-block-uagb-image--layout-overlay__inner{position:absolute;left:15px;right:15px;bottom:15px;top:15px;display:flex;align-items:center;justify-content:center;flex-direction:column;border-color:#fff;transition:.35s ease-in-out}.wp-block-uagb-image--layout-overlay__inner.top-left,.wp-block-uagb-image--layout-overlay__inner.top-center,.wp-block-uagb-image--layout-overlay__inner.top-right{justify-content:flex-start}.wp-block-uagb-image--layout-overlay__inner.bottom-left,.wp-block-uagb-image--layout-overlay__inner.bottom-center,.wp-block-uagb-image--layout-overlay__inner.bottom-right{justify-content:flex-end}.wp-block-uagb-image--layout-overlay__inner.top-left,.wp-block-uagb-image--layout-overlay__inner.center-left,.wp-block-uagb-image--layout-overlay__inner.bottom-left{align-items:flex-start}.wp-block-uagb-image--layout-overlay__inner.top-right,.wp-block-uagb-image--layout-overlay__inner.center-right,.wp-block-uagb-image--layout-overlay__inner.bottom-right{align-items:flex-end}.wp-block-uagb-image--layout-overlay__inner .uagb-image-heading{color:#fff;transition:transform .35s,opacity .35s ease-in-out;transform:translate3d(0, 24px, 0);margin:0;line-height:1em}.wp-block-uagb-image--layout-overlay__inner .uagb-image-separator{width:30%;border-top-width:2px;border-top-color:#fff;border-top-style:solid;margin-bottom:10px;opacity:0;transition:transform .4s,opacity .4s ease-in-out;transform:translate3d(0, 30px, 0)}.wp-block-uagb-image--layout-overlay__inner .uagb-image-caption{opacity:0;overflow:visible;color:#fff;transition:transform .45s,opacity .45s ease-in-out;transform:translate3d(0, 35px, 0)}.wp-block-uagb-image--layout-overlay__inner:hover .uagb-image-heading,.wp-block-uagb-image--layout-overlay__inner:hover .uagb-image-separator,.wp-block-uagb-image--layout-overlay__inner:hover .uagb-image-caption{opacity:1;transform:translate3d(0, 0, 0)}.wp-block-uagb-image--effect-zoomin .wp-block-uagb-image__figure img,.wp-block-uagb-image--effect-zoomin .wp-block-uagb-image__figure .wp-block-uagb-image--layout-overlay__color-wrapper{transform:scale(1);transition:transform .35s ease-in-out}.wp-block-uagb-image--effect-zoomin .wp-block-uagb-image__figure:hover img,.wp-block-uagb-image--effect-zoomin .wp-block-uagb-image__figure:hover .wp-block-uagb-image--layout-overlay__color-wrapper{transform:scale(1.05)}.wp-block-uagb-image--effect-slide .wp-block-uagb-image__figure img,.wp-block-uagb-image--effect-slide .wp-block-uagb-image__figure .wp-block-uagb-image--layout-overlay__color-wrapper{width:calc(100% + 40px) !important;max-width:none !important;transform:translate3d(-40px, 0, 0);transition:transform .35s ease-in-out}.wp-block-uagb-image--effect-slide .wp-block-uagb-image__figure:hover img,.wp-block-uagb-image--effect-slide .wp-block-uagb-image__figure:hover .wp-block-uagb-image--layout-overlay__color-wrapper{transform:translate3d(0, 0, 0)}.wp-block-uagb-image--effect-grayscale img{filter:grayscale(0%);transition:.35s ease-in-out}.wp-block-uagb-image--effect-grayscale:hover img{filter:grayscale(100%)}.wp-block-uagb-image--effect-blur img{filter:blur(0);transition:.35s ease-in-out}.wp-block-uagb-image--effect-blur:hover img{filter:blur(3px)}.uagb-block-e6f939b3.wp-block-uagb-image--layout-default figure img{box-shadow: 0px 0px 0 #00000070;}.uagb-block-e6f939b3.wp-block-uagb-image .wp-block-uagb-image__figure figcaption{font-style: normal;align-self: center;}.uagb-block-e6f939b3.wp-block-uagb-image--layout-overlay figure img{box-shadow: 0px 0px 0 #00000070;}.uagb-block-e6f939b3.wp-block-uagb-image--layout-overlay .wp-block-uagb-image--layout-overlay__color-wrapper{opacity: 0.2;}.uagb-block-e6f939b3.wp-block-uagb-image--layout-overlay .wp-block-uagb-image--layout-overlay__inner{left: 15px;right: 15px;top: 15px;bottom: 15px;}.uagb-block-e6f939b3.wp-block-uagb-image--layout-overlay .wp-block-uagb-image--layout-overlay__inner .uagb-image-heading{font-style: normal;color: #fff;opacity: 1;}.uagb-block-e6f939b3.wp-block-uagb-image--layout-overlay .wp-block-uagb-image--layout-overlay__inner .uagb-image-heading a{color: #fff;}.uagb-block-e6f939b3.wp-block-uagb-image--layout-overlay .wp-block-uagb-image--layout-overlay__inner .uagb-image-caption{opacity: 0;}.uagb-block-e6f939b3.wp-block-uagb-image--layout-overlay .wp-block-uagb-image__figure:hover .wp-block-uagb-image--layout-overlay__color-wrapper{opacity: 1;}.uagb-block-e6f939b3.wp-block-uagb-image .wp-block-uagb-image--layout-overlay__inner .uagb-image-separator{width: 30%;border-top-width: 2px;border-top-color: #fff;opacity: 0;}.uagb-block-e6f939b3.wp-block-uagb-image .wp-block-uagb-image__figure img{width: px;height: auto;}.uagb-block-e6f939b3.wp-block-uagb-image .wp-block-uagb-image__figure:hover .wp-block-uagb-image--layout-overlay__inner .uagb-image-caption{opacity: 1;}.uagb-block-e6f939b3.wp-block-uagb-image .wp-block-uagb-image__figure:hover .wp-block-uagb-image--layout-overlay__inner .uagb-image-separator{opacity: 1;}.uagb-block-e6f939b3.wp-block-uagb-image--layout-default figure:hover img{box-shadow: 0px 0px 0 #00000070;}.uagb-block-e6f939b3.wp-block-uagb-image--layout-overlay figure:hover img{box-shadow: 0px 0px 0 #00000070;}@media only screen and (max-width: 976px) {.uagb-block-e6f939b3.wp-block-uagb-image .wp-block-uagb-image__figure img{width: px;height: auto;}}@media only screen and (max-width: 767px) {.uagb-block-e6f939b3.wp-block-uagb-image .wp-block-uagb-image__figure img{width: px;height: auto;}}\";s:2:\"js\";s:0:\"\";s:18:\"current_block_list\";a:13:{i:0;s:11:\"core\/search\";i:1;s:10:\"core\/group\";i:2;s:12:\"core\/heading\";i:3;s:17:\"core\/latest-posts\";i:4;s:20:\"core\/latest-comments\";i:5;s:13:\"core\/archives\";i:6;s:15:\"core\/categories\";i:7;s:14:\"core\/paragraph\";i:8;s:10:\"uagb\/image\";i:9;s:11:\"core\/spacer\";i:10;s:30:\"woocommerce\/product-categories\";i:11;s:10:\"core\/image\";i:12;s:14:\"core\/shortcode\";}s:8:\"uag_flag\";b:1;s:11:\"uag_version\";s:10:\"1777221826\";s:6:\"gfonts\";a:0:{}s:10:\"gfonts_url\";s:0:\"\";s:12:\"gfonts_files\";a:0:{}s:14:\"uag_faq_layout\";b:0;}"]},"uagb_featured_image_src":{"full":["https:\/\/www.ferberpainting.com\/wp-content\/uploads\/2025\/05\/Wood-Stove-Chimney-and-Fireplace-Glass-Cleaner-5L-Mockup-.png",2560,2560,false],"thumbnail":["https:\/\/www.ferberpainting.com\/wp-content\/uploads\/2025\/05\/Wood-Stove-Chimney-and-Fireplace-Glass-Cleaner-5L-Mockup--150x150.png",150,150,true],"medium":["https:\/\/www.ferberpainting.com\/wp-content\/uploads\/2025\/05\/Wood-Stove-Chimney-and-Fireplace-Glass-Cleaner-5L-Mockup--300x300.png",300,300,true],"medium_large":["https:\/\/www.ferberpainting.com\/wp-content\/uploads\/2025\/05\/Wood-Stove-Chimney-and-Fireplace-Glass-Cleaner-5L-Mockup--768x768.png",768,768,true],"large":["https:\/\/www.ferberpainting.com\/wp-content\/uploads\/2025\/05\/Wood-Stove-Chimney-and-Fireplace-Glass-Cleaner-5L-Mockup--1024x1024.png",1024,1024,true],"1536x1536":["https:\/\/www.ferberpainting.com\/wp-content\/uploads\/2025\/05\/Wood-Stove-Chimney-and-Fireplace-Glass-Cleaner-5L-Mockup--1536x1536.png",1536,1536,true],"2048x2048":["https:\/\/www.ferberpainting.com\/wp-content\/uploads\/2025\/05\/Wood-Stove-Chimney-and-Fireplace-Glass-Cleaner-5L-Mockup--2048x2048.png",2048,2048,true],"trp-custom-language-flag":["https:\/\/www.ferberpainting.com\/wp-content\/uploads\/2025\/05\/Wood-Stove-Chimney-and-Fireplace-Glass-Cleaner-5L-Mockup--12x12.png",12,12,true],"woocommerce_thumbnail":["https:\/\/www.ferberpainting.com\/wp-content\/uploads\/2025\/05\/Wood-Stove-Chimney-and-Fireplace-Glass-Cleaner-5L-Mockup--300x300.png",300,300,true],"woocommerce_single":["https:\/\/www.ferberpainting.com\/wp-content\/uploads\/2025\/05\/Wood-Stove-Chimney-and-Fireplace-Glass-Cleaner-5L-Mockup--600x600.png",600,600,true],"woocommerce_gallery_thumbnail":["https:\/\/www.ferberpainting.com\/wp-content\/uploads\/2025\/05\/Wood-Stove-Chimney-and-Fireplace-Glass-Cleaner-5L-Mockup--100x100.png",100,100,true]},"uagb_author_info":{"display_name":"admin","author_link":"https:\/\/www.ferberpainting.com\/dk\/author\/"},"uagb_comment_info":12,"uagb_excerpt":"Removes stubborn soot, smoke residue, and burned-on stains with powerful precision. Our wood stove, chimney and fireplace glass cleaner is specially formulated to dissolve and lift heavy carbon deposits, black soot, tar buildup, and smoke film that accumulate on high-temperature glass surfaces. Over time, fireplace and stove glass becomes darkened and cloudy due to combustion&hellip;","_links":{"self":[{"href":"https:\/\/www.ferberpainting.com\/dk\/wp-json\/wp\/v2\/product\/25678","targetHints":{"allow":["GET"]}}],"collection":[{"href":"https:\/\/www.ferberpainting.com\/dk\/wp-json\/wp\/v2\/product"}],"about":[{"href":"https:\/\/www.ferberpainting.com\/dk\/wp-json\/wp\/v2\/types\/product"}],"replies":[{"embeddable":true,"href":"https:\/\/www.ferberpainting.com\/dk\/wp-json\/wp\/v2\/comments?post=25678"}],"version-history":[{"count":5,"href":"https:\/\/www.ferberpainting.com\/dk\/wp-json\/wp\/v2\/product\/25678\/revisions"}],"predecessor-version":[{"id":169173,"href":"https:\/\/www.ferberpainting.com\/dk\/wp-json\/wp\/v2\/product\/25678\/revisions\/169173"}],"wp:featuredmedia":[{"embeddable":true,"href":"https:\/\/www.ferberpainting.com\/dk\/wp-json\/wp\/v2\/media\/35749"}],"wp:attachment":[{"href":"https:\/\/www.ferberpainting.com\/dk\/wp-json\/wp\/v2\/media?parent=25678"}],"wp:term":[{"taxonomy":"product_brand","embeddable":true,"href":"https:\/\/www.ferberpainting.com\/dk\/wp-json\/wp\/v2\/product_brand?post=25678"},{"taxonomy":"product_cat","embeddable":true,"href":"https:\/\/www.ferberpainting.com\/dk\/wp-json\/wp\/v2\/product_cat?post=25678"},{"taxonomy":"product_tag","embeddable":true,"href":"https:\/\/www.ferberpainting.com\/dk\/wp-json\/wp\/v2\/product_tag?post=25678"}],"curies":[{"name":"wp","href":"https:\/\/api.w.org\/{rel}","templated":true}]}}