{"id":25612,"date":"2025-06-30T19:16:41","date_gmt":"2025-06-30T17:16:41","guid":{"rendered":"https:\/\/www.ferberpainting.com\/?post_type=product&#038;p=25612"},"modified":"2026-02-16T14:02:42","modified_gmt":"2026-02-16T13:02:42","slug":"ultrasonic-cleaner-solution","status":"publish","type":"product","link":"https:\/\/www.ferberpainting.com\/dk\/products\/ultrasonic-cleaner-solution\/","title":{"rendered":"Ultralydsrens"},"content":{"rendered":"<p><strong><img decoding=\"async\" style=\"margin-right: 12px;\" src=\"https:\/\/www.ferberpainting.com\/wp-content\/uploads\/2026\/02\/Check.svg\" alt=\"\" width=\"18\" height=\"15\" \/>Optimal effektivitet.<\/strong>\u00a0Denne ultralydsrenser er specielt formuleret til effektivt at fjerne urenheder, fedtrester, oxidering og indlejrede forureninger fra forskellige genstande. Det forst\u00e6rker ultralydsrensningen og giver mulighed for dybderensning, selv i sv\u00e6rt tilg\u00e6ngelige omr\u00e5der. Den kraftfulde formel opl\u00f8ser hurtigt u\u00f8nskede partikler uden at beskadige behandlede overflader, hvilket sikrer et perfekt og j\u00e6vnt reng\u00f8ringsresultat.<\/p>\n<p><strong><img decoding=\"async\" style=\"margin-right: 12px;\" src=\"https:\/\/www.ferberpainting.com\/wp-content\/uploads\/2026\/02\/Check.svg\" alt=\"\" width=\"18\" height=\"15\" \/>Penge-tilbage-garanti.<\/strong>\u00a0Vi har fuld tillid til vores reng\u00f8ringsmidlers ydeevne. Hvis du ikke er helt tilfreds med resultatet, n\u00e5r du har brugt det, er du berettiget til fuld refusion. Pr\u00f8v den med fuldst\u00e6ndig ro i sindet, og nyd en pletfri reng\u00f8ring af dine ting uden besv\u00e6r.<\/p>\n<p><strong><img decoding=\"async\" style=\"margin-right: 12px;\" src=\"https:\/\/www.ferberpainting.com\/wp-content\/uploads\/2026\/02\/Check.svg\" alt=\"\" width=\"18\" height=\"15\" \/>Enest\u00e5ende alsidighed.<\/strong>\u00a0Dette reng\u00f8ringsmiddel er ikke begr\u00e6nset til \u00e9n type materiale! Den er ideel til reng\u00f8ring af en lang r\u00e6kke genstande af metal, glas, plast, keramik og sarte legeringer. Det er is\u00e6r effektivt til smykker, ure, briller, mekaniske dele, pr\u00e6cisionsinstrumenter, printhoveder, tandproteser, elektronik og laboratoriev\u00e6rkt\u00f8jer. Dets kompatibilitet med mange materialer g\u00f8r det til et universelt reng\u00f8ringsmiddel til alle anvendelser af ultralydsbade.<\/p>\n<p><strong><img decoding=\"async\" style=\"margin-right: 12px;\" src=\"https:\/\/www.ferberpainting.com\/wp-content\/uploads\/2026\/02\/Check.svg\" alt=\"\" width=\"18\" height=\"15\" \/>Omkostningseffektivt.<\/strong>\u00a0Takket v\u00e6re sin 5-liters beholder og koncentrerede formel giver dette reng\u00f8ringsmiddel enest\u00e5ende v\u00e6rdi. En lille m\u00e6ngde er nok til at fylde ultralydstanken og sikre effektiv reng\u00f8ring. I gennemsnit giver en liter produkt mulighed for op til 100 reng\u00f8ringscyklusser, hvilket g\u00f8r det til en holdbar og \u00f8konomisk l\u00f8sning til regelm\u00e6ssig brug, uanset om det er hjemme eller professionelt.<\/p>\n<p><strong><img decoding=\"async\" style=\"margin-right: 12px;\" src=\"https:\/\/www.ferberpainting.com\/wp-content\/uploads\/2026\/02\/Check.svg\" alt=\"\" width=\"18\" height=\"15\" \/>Sikker at bruge.<\/strong>\u00a0I mods\u00e6tning til skrappe opl\u00f8sningsmidler eller \u00e6tsende midler, der kan beskadige visse materialer, er dette produkt formuleret til at v\u00e6re sk\u00e5nsomt og sikkert, samtidig med at det respekterer sarte overflader. Det afgiver ikke giftige dampe, for\u00e5rsager ikke hudirritation og efterlader ingen skadelige rester efter afskylning. Det er velegnet til hyppig brug og giver sikker reng\u00f8ring af sarte genstande uden at g\u00e5 p\u00e5 kompromis med deres integritet.<\/p>\n<p><strong><img decoding=\"async\" style=\"margin-right: 12px;\" src=\"https:\/\/www.ferberpainting.com\/wp-content\/uploads\/2026\/02\/Check.svg\" alt=\"\" width=\"18\" height=\"15\" \/>Brugervenlighed.<\/strong>\u00a0Dette produkt er klar til brug og kr\u00e6ver ingen fortynding eller kompliceret forberedelse. Du skal blot h\u00e6lde det i ultralydsbadet og starte cyklussen. Dets hurtige virkning og \u00f8jeblikkelige effektivitet g\u00f8r det nemt og effektivt at reng\u00f8re, selv for begyndere.<\/p>\n<p><strong><img decoding=\"async\" style=\"margin-right: 12px;\" src=\"https:\/\/www.ferberpainting.com\/wp-content\/uploads\/2026\/02\/Check.svg\" alt=\"\" width=\"18\" height=\"15\" \/>Langvarig pleje.<\/strong>\u00a0Ved at fjerne urenheder og bevare integriteten af de rengjorte genstande hj\u00e6lper dette reng\u00f8ringsmiddel med at forl\u00e6nge deres levetid og ydeevne. Det forhindrer ophobning af snavs, der kan p\u00e5virke funktionen af pr\u00e6cisionsinstrumenter eller mekaniske dele. Regelm\u00e6ssig brug garanterer rene, funktionelle genstande p\u00e5 lang sigt.<\/p>\n<p><strong><img decoding=\"async\" style=\"margin-right: 12px;\" src=\"https:\/\/www.ferberpainting.com\/wp-content\/uploads\/2026\/02\/Check.svg\" alt=\"\" width=\"18\" height=\"15\" \/>Hurtig handling.<\/strong>\u00a0Takket v\u00e6re den meget aktive formel virker dette reng\u00f8ringsmiddel straks p\u00e5 indlejret snavs og rester. I l\u00f8bet af f\u00e5 minutter opl\u00f8ses urenhederne, s\u00e5 de er lette at fjerne med ultralyd. Det forkorter reng\u00f8ringstiden og giver synlige resultater fra f\u00f8rste brug.<\/p>\n<h2><strong>Brugsanvisning<\/strong><\/h2>\n<ul>\n<li><strong>Forberedelse <\/strong>: S\u00f8rg for, at ultralydsbadet er rent og klar, f\u00f8r du tils\u00e6tter reng\u00f8ringsmidlet. Fjern eventuelle store partikler eller synligt snavs fra emnerne for at optimere produktets effektivitet.<\/li>\n<li><strong>Fyldning af tanken <\/strong>: H\u00e6ld reng\u00f8ringsmidlet direkte i ultralydsbadet, indtil det n\u00f8dvendige niveau er n\u00e5et for at neds\u00e6nke genstandene helt. Der er ikke behov for fortynding, produktet er klar til brug.<\/li>\n<li><strong>Fordybelse i objekter <\/strong>: L\u00e6g forsigtigt genstandene i badet, og s\u00f8rg for, at de ikke overlapper hinanden, s\u00e5 reng\u00f8ringen bliver j\u00e6vn og optimal.<\/li>\n<li><strong>Start af cyklus <\/strong>: Indstil badets temperatur (hvis relevant) til mellem 40 og 50 \u00b0C for at \u00f8ge effektiviteten, og aktiver cyklussen ved at v\u00e6lge en varighed p\u00e5 5 til 10 minutter afh\u00e6ngigt af, hvor snavsede genstandene er.<\/li>\n<li><strong>Overv\u00e5gning <\/strong>: Hold \u00f8je med reng\u00f8ringsprocessen under cyklussen. Juster varigheden efter behov for mere sarte eller st\u00e6rkt snavsede genstande.<\/li>\n<li><strong>Skylning <\/strong>: N\u00e5r cyklussen er f\u00e6rdig, skal du fjerne genstandene og skylle grundigt med rent vand for at fjerne produktrester og sikre en pletfri finish.<\/li>\n<li><strong>T\u00f8rring og efterbehandling <\/strong>: T\u00f8r forsigtigt emnerne med en bl\u00f8d, ren klud, eller brug en luftbl\u00e6ser til at fjerne alle vandspor for at f\u00e5 et stribefrit resultat.<\/li>\n<li><strong>Vedligeholdelse af bad <\/strong>: T\u00f8m og reng\u00f8r ultralydsbadet efter flere anvendelser for at sikre optimale resultater ved fremtidige reng\u00f8ringer.<\/li>\n<li><strong>Brugsfrekvens <\/strong>: Brug s\u00e5 ofte som n\u00f8dvendigt, afh\u00e6ngigt af hvor snavsede dine genstande er. Forebyg ved at planl\u00e6gge regelm\u00e6ssig reng\u00f8ring af genstande, der er udsat for st\u00f8v, fedt eller oxidering.<\/li>\n<li><strong>Opbevaring <\/strong>: Hold beholderen t\u00e6t lukket efter brug, og opbevar den p\u00e5 et k\u00f8ligt, t\u00f8rt sted, v\u00e6k fra lys og ekstreme temperaturer for at bevare produktets fulde effektivitet over tid.<\/li>\n<\/ul>\n<p>Med vores ultralydsrenser kan du sikre en dyb, hurtig og effektiv reng\u00f8ring, samtidig med at du bevarer dine sarte genstandes glans og funktionalitet. En ideel l\u00f8sning til sikker og effektiv vedligeholdelse, n\u00e5r som helst.<\/p>","protected":false},"excerpt":{"rendered":"<p>Optimal Effectiveness.\u00a0This ultrasonic bath cleaner is specially formulated to effectively eliminate impurities, grease residues, oxidation, and embedded contaminants from various objects. It enhances the ultrasonic cleaning action, allowing for deep cleaning, even in hard-to-reach areas. Its powerful formula quickly dissolves unwanted particles without damaging treated surfaces, ensuring a perfect and even cleaning result. Money-back guarantee.\u00a0We [&hellip;]<\/p>\n","protected":false},"featured_media":35840,"comment_status":"open","ping_status":"closed","template":"","meta":{"_uag_custom_page_level_css":"","site-sidebar-layout":"default","site-content-layout":"","ast-site-content-layout":"default","site-content-style":"default","site-sidebar-style":"default","ast-global-header-display":"","ast-banner-title-visibility":"","ast-main-header-display":"","ast-hfb-above-header-display":"","ast-hfb-below-header-display":"","ast-hfb-mobile-header-display":"","site-post-title":"","ast-breadcrumbs-content":"","ast-featured-img":"","footer-sml-layout":"","ast-disable-related-posts":"","theme-transparent-header-meta":"default","adv-header-id-meta":"","stick-header-meta":"","header-above-stick-meta":"","header-main-stick-meta":"","header-below-stick-meta":"","astra-migrate-meta-layouts":"set","ast-page-background-enabled":"default","ast-page-background-meta":{"desktop":{"background-color":"var(--ast-global-color-4)","background-image":"","background-repeat":"repeat","background-position":"center center","background-size":"auto","background-attachment":"scroll","background-type":"","background-media":"","overlay-type":"","overlay-color":"","overlay-opacity":"","overlay-gradient":""},"tablet":{"background-color":"","background-image":"","background-repeat":"repeat","background-position":"center center","background-size":"auto","background-attachment":"scroll","background-type":"","background-media":"","overlay-type":"","overlay-color":"","overlay-opacity":"","overlay-gradient":""},"mobile":{"background-color":"","background-image":"","background-repeat":"repeat","background-position":"center center","background-size":"auto","background-attachment":"scroll","background-type":"","background-media":"","overlay-type":"","overlay-color":"","overlay-opacity":"","overlay-gradient":""}},"ast-content-background-meta":{"desktop":{"background-color":"var(--ast-global-color-5)","background-image":"","background-repeat":"repeat","background-position":"center center","background-size":"auto","background-attachment":"scroll","background-type":"","background-media":"","overlay-type":"","overlay-color":"","overlay-opacity":"","overlay-gradient":""},"tablet":{"background-color":"var(--ast-global-color-5)","background-image":"","background-repeat":"repeat","background-position":"center center","background-size":"auto","background-attachment":"scroll","background-type":"","background-media":"","overlay-type":"","overlay-color":"","overlay-opacity":"","overlay-gradient":""},"mobile":{"background-color":"var(--ast-global-color-5)","background-image":"","background-repeat":"repeat","background-position":"center center","background-size":"auto","background-attachment":"scroll","background-type":"","background-media":"","overlay-type":"","overlay-color":"","overlay-opacity":"","overlay-gradient":""}}},"product_brand":[],"product_cat":[175],"product_tag":[],"class_list":{"0":"post-25612","1":"product","2":"type-product","3":"status-publish","4":"has-post-thumbnail","6":"product_cat-cleaning-products","7":"desktop-align-left","8":"tablet-align-left","9":"mobile-align-left","11":"first","12":"instock","13":"sale","14":"taxable","15":"shipping-taxable","16":"purchasable","17":"product-type-variable","18":"has-default-attributes"},"spectra_custom_meta":{"_visibility":["visible"],"_shopify_product_id":["9102523007221"],"_s2w_shopify_domain":["ferberpainting.myshopify.com"],"_shopify_variant_id":["46616450171125"],"_sku":[""],"_manage_stock":["no"],"total_sales":["66"],"_tax_status":["taxable"],"_tax_class":[""],"_backorders":["no"],"_sold_individually":["no"],"_virtual":["no"],"_downloadable":["no"],"_download_limit":["-1"],"_download_expiry":["-1"],"_stock":[null],"_stock_status":["instock"],"_wc_average_rating":["5.00"],"_wc_review_count":["17"],"_product_attributes":["a:1:{s:6:\"volume\";a:6:{s:4:\"name\";s:6:\"Volume\";s:5:\"value\";s:20:\"5 liters | 25 liters\";s:8:\"position\";i:1;s:10:\"is_visible\";i:0;s:12:\"is_variation\";i:1;s:11:\"is_taxonomy\";i:0;}}"],"_product_version":["10.5.1"],"wpse_downloadable_file_names":[""],"wpse_downloadable_file_urls":[""],"_edit_last":["1"],"_default_attributes":["a:1:{s:6:\"volume\";s:8:\"5 liters\";}"],"_edit_lock":["1771246829:1"],"_price":["29.90","129.90"],"merchant-center-availability":["yes"],"merchant-center-category":["4973"],"_thumbnail_id":["35840"],"_wp_page_template":["default"],"_product_image_gallery":["35841"],"site-sidebar-layout":["default"],"ast-site-content-layout":["default"],"site-content-style":["default"],"site-sidebar-style":["default"],"theme-transparent-header-meta":["default"],"_wc_rating_count":["a:1:{i:5;i:17;}"],"astra-migrate-meta-layouts":["set"],"_uag_css_file_name":["uag-css-25612.css"],"_elementor_page_assets":["a:0:{}"],"_uag_page_assets":["a:9:{s:3:\"css\";s:6873:\".wp-block-uagb-image{display:flex}.wp-block-uagb-image__figure{position:relative;display:flex;flex-direction:column;max-width:100%;height:auto;margin:0}.wp-block-uagb-image__figure img{height:auto;display:flex;max-width:100%;transition:box-shadow .2s ease}.wp-block-uagb-image__figure>a{display:inline-block}.wp-block-uagb-image__figure figcaption{text-align:center;margin-top:.5em;margin-bottom:1em}.wp-block-uagb-image .components-placeholder.block-editor-media-placeholder .components-placeholder__instructions{align-self:center}.wp-block-uagb-image--align-left{text-align:left}.wp-block-uagb-image--align-right{text-align:right}.wp-block-uagb-image--align-center{text-align:center}.wp-block-uagb-image--align-full .wp-block-uagb-image__figure{margin-left:calc(50% - 50vw);margin-right:calc(50% - 50vw);max-width:100vw;width:100vw;height:auto}.wp-block-uagb-image--align-full .wp-block-uagb-image__figure img{height:auto;width:100% !important}.wp-block-uagb-image--align-wide .wp-block-uagb-image__figure img{height:auto;width:100%}.wp-block-uagb-image--layout-overlay__color-wrapper{position:absolute;left:0;top:0;right:0;bottom:0;opacity:.2;background:rgba(0,0,0,.5);transition:opacity .35s ease-in-out}.wp-block-uagb-image--layout-overlay-link{position:absolute;left:0;right:0;bottom:0;top:0}.wp-block-uagb-image--layout-overlay .wp-block-uagb-image__figure:hover .wp-block-uagb-image--layout-overlay__color-wrapper{opacity:1}.wp-block-uagb-image--layout-overlay__inner{position:absolute;left:15px;right:15px;bottom:15px;top:15px;display:flex;align-items:center;justify-content:center;flex-direction:column;border-color:#fff;transition:.35s ease-in-out}.wp-block-uagb-image--layout-overlay__inner.top-left,.wp-block-uagb-image--layout-overlay__inner.top-center,.wp-block-uagb-image--layout-overlay__inner.top-right{justify-content:flex-start}.wp-block-uagb-image--layout-overlay__inner.bottom-left,.wp-block-uagb-image--layout-overlay__inner.bottom-center,.wp-block-uagb-image--layout-overlay__inner.bottom-right{justify-content:flex-end}.wp-block-uagb-image--layout-overlay__inner.top-left,.wp-block-uagb-image--layout-overlay__inner.center-left,.wp-block-uagb-image--layout-overlay__inner.bottom-left{align-items:flex-start}.wp-block-uagb-image--layout-overlay__inner.top-right,.wp-block-uagb-image--layout-overlay__inner.center-right,.wp-block-uagb-image--layout-overlay__inner.bottom-right{align-items:flex-end}.wp-block-uagb-image--layout-overlay__inner .uagb-image-heading{color:#fff;transition:transform .35s,opacity .35s ease-in-out;transform:translate3d(0, 24px, 0);margin:0;line-height:1em}.wp-block-uagb-image--layout-overlay__inner .uagb-image-separator{width:30%;border-top-width:2px;border-top-color:#fff;border-top-style:solid;margin-bottom:10px;opacity:0;transition:transform .4s,opacity .4s ease-in-out;transform:translate3d(0, 30px, 0)}.wp-block-uagb-image--layout-overlay__inner .uagb-image-caption{opacity:0;overflow:visible;color:#fff;transition:transform .45s,opacity .45s ease-in-out;transform:translate3d(0, 35px, 0)}.wp-block-uagb-image--layout-overlay__inner:hover .uagb-image-heading,.wp-block-uagb-image--layout-overlay__inner:hover .uagb-image-separator,.wp-block-uagb-image--layout-overlay__inner:hover .uagb-image-caption{opacity:1;transform:translate3d(0, 0, 0)}.wp-block-uagb-image--effect-zoomin .wp-block-uagb-image__figure img,.wp-block-uagb-image--effect-zoomin .wp-block-uagb-image__figure .wp-block-uagb-image--layout-overlay__color-wrapper{transform:scale(1);transition:transform .35s ease-in-out}.wp-block-uagb-image--effect-zoomin .wp-block-uagb-image__figure:hover img,.wp-block-uagb-image--effect-zoomin .wp-block-uagb-image__figure:hover .wp-block-uagb-image--layout-overlay__color-wrapper{transform:scale(1.05)}.wp-block-uagb-image--effect-slide .wp-block-uagb-image__figure img,.wp-block-uagb-image--effect-slide .wp-block-uagb-image__figure .wp-block-uagb-image--layout-overlay__color-wrapper{width:calc(100% + 40px) !important;max-width:none !important;transform:translate3d(-40px, 0, 0);transition:transform .35s ease-in-out}.wp-block-uagb-image--effect-slide .wp-block-uagb-image__figure:hover img,.wp-block-uagb-image--effect-slide .wp-block-uagb-image__figure:hover .wp-block-uagb-image--layout-overlay__color-wrapper{transform:translate3d(0, 0, 0)}.wp-block-uagb-image--effect-grayscale img{filter:grayscale(0%);transition:.35s ease-in-out}.wp-block-uagb-image--effect-grayscale:hover img{filter:grayscale(100%)}.wp-block-uagb-image--effect-blur img{filter:blur(0);transition:.35s ease-in-out}.wp-block-uagb-image--effect-blur:hover img{filter:blur(3px)}.uagb-block-e6f939b3.wp-block-uagb-image--layout-default figure img{box-shadow: 0px 0px 0 #00000070;}.uagb-block-e6f939b3.wp-block-uagb-image .wp-block-uagb-image__figure figcaption{font-style: normal;align-self: center;}.uagb-block-e6f939b3.wp-block-uagb-image--layout-overlay figure img{box-shadow: 0px 0px 0 #00000070;}.uagb-block-e6f939b3.wp-block-uagb-image--layout-overlay .wp-block-uagb-image--layout-overlay__color-wrapper{opacity: 0.2;}.uagb-block-e6f939b3.wp-block-uagb-image--layout-overlay .wp-block-uagb-image--layout-overlay__inner{left: 15px;right: 15px;top: 15px;bottom: 15px;}.uagb-block-e6f939b3.wp-block-uagb-image--layout-overlay .wp-block-uagb-image--layout-overlay__inner .uagb-image-heading{font-style: normal;color: #fff;opacity: 1;}.uagb-block-e6f939b3.wp-block-uagb-image--layout-overlay .wp-block-uagb-image--layout-overlay__inner .uagb-image-heading a{color: #fff;}.uagb-block-e6f939b3.wp-block-uagb-image--layout-overlay .wp-block-uagb-image--layout-overlay__inner .uagb-image-caption{opacity: 0;}.uagb-block-e6f939b3.wp-block-uagb-image--layout-overlay .wp-block-uagb-image__figure:hover .wp-block-uagb-image--layout-overlay__color-wrapper{opacity: 1;}.uagb-block-e6f939b3.wp-block-uagb-image .wp-block-uagb-image--layout-overlay__inner .uagb-image-separator{width: 30%;border-top-width: 2px;border-top-color: #fff;opacity: 0;}.uagb-block-e6f939b3.wp-block-uagb-image .wp-block-uagb-image__figure img{width: px;height: auto;}.uagb-block-e6f939b3.wp-block-uagb-image .wp-block-uagb-image__figure:hover .wp-block-uagb-image--layout-overlay__inner .uagb-image-caption{opacity: 1;}.uagb-block-e6f939b3.wp-block-uagb-image .wp-block-uagb-image__figure:hover .wp-block-uagb-image--layout-overlay__inner .uagb-image-separator{opacity: 1;}.uagb-block-e6f939b3.wp-block-uagb-image--layout-default figure:hover img{box-shadow: 0px 0px 0 #00000070;}.uagb-block-e6f939b3.wp-block-uagb-image--layout-overlay figure:hover img{box-shadow: 0px 0px 0 #00000070;}@media only screen and (max-width: 976px) {.uagb-block-e6f939b3.wp-block-uagb-image .wp-block-uagb-image__figure img{width: px;height: auto;}}@media only screen and (max-width: 767px) {.uagb-block-e6f939b3.wp-block-uagb-image .wp-block-uagb-image__figure img{width: px;height: auto;}}\";s:2:\"js\";s:0:\"\";s:18:\"current_block_list\";a:13:{i:0;s:11:\"core\/search\";i:1;s:10:\"core\/group\";i:2;s:12:\"core\/heading\";i:3;s:17:\"core\/latest-posts\";i:4;s:20:\"core\/latest-comments\";i:5;s:13:\"core\/archives\";i:6;s:15:\"core\/categories\";i:7;s:14:\"core\/paragraph\";i:8;s:10:\"uagb\/image\";i:9;s:11:\"core\/spacer\";i:10;s:30:\"woocommerce\/product-categories\";i:11;s:10:\"core\/image\";i:12;s:14:\"core\/shortcode\";}s:8:\"uag_flag\";b:1;s:11:\"uag_version\";s:10:\"1777233859\";s:6:\"gfonts\";a:0:{}s:10:\"gfonts_url\";s:0:\"\";s:12:\"gfonts_files\";a:0:{}s:14:\"uag_faq_layout\";b:0;}"]},"uagb_featured_image_src":{"full":["https:\/\/www.ferberpainting.com\/wp-content\/uploads\/2025\/06\/Ultrasonic-Cleaner-Solution-5L.png",2560,2560,false],"thumbnail":["https:\/\/www.ferberpainting.com\/wp-content\/uploads\/2025\/06\/Ultrasonic-Cleaner-Solution-5L-150x150.png",150,150,true],"medium":["https:\/\/www.ferberpainting.com\/wp-content\/uploads\/2025\/06\/Ultrasonic-Cleaner-Solution-5L-300x300.png",300,300,true],"medium_large":["https:\/\/www.ferberpainting.com\/wp-content\/uploads\/2025\/06\/Ultrasonic-Cleaner-Solution-5L-768x768.png",768,768,true],"large":["https:\/\/www.ferberpainting.com\/wp-content\/uploads\/2025\/06\/Ultrasonic-Cleaner-Solution-5L-1024x1024.png",1024,1024,true],"1536x1536":["https:\/\/www.ferberpainting.com\/wp-content\/uploads\/2025\/06\/Ultrasonic-Cleaner-Solution-5L-1536x1536.png",1536,1536,true],"2048x2048":["https:\/\/www.ferberpainting.com\/wp-content\/uploads\/2025\/06\/Ultrasonic-Cleaner-Solution-5L-2048x2048.png",2048,2048,true],"trp-custom-language-flag":["https:\/\/www.ferberpainting.com\/wp-content\/uploads\/2025\/06\/Ultrasonic-Cleaner-Solution-5L-12x12.png",12,12,true],"woocommerce_thumbnail":["https:\/\/www.ferberpainting.com\/wp-content\/uploads\/2025\/06\/Ultrasonic-Cleaner-Solution-5L-300x300.png",300,300,true],"woocommerce_single":["https:\/\/www.ferberpainting.com\/wp-content\/uploads\/2025\/06\/Ultrasonic-Cleaner-Solution-5L-600x600.png",600,600,true],"woocommerce_gallery_thumbnail":["https:\/\/www.ferberpainting.com\/wp-content\/uploads\/2025\/06\/Ultrasonic-Cleaner-Solution-5L-100x100.png",100,100,true]},"uagb_author_info":{"display_name":"admin","author_link":"https:\/\/www.ferberpainting.com\/dk\/author\/"},"uagb_comment_info":17,"uagb_excerpt":"Optimal Effectiveness.\u00a0This ultrasonic bath cleaner is specially formulated to effectively eliminate impurities, grease residues, oxidation, and embedded contaminants from various objects. It enhances the ultrasonic cleaning action, allowing for deep cleaning, even in hard-to-reach areas. Its powerful formula quickly dissolves unwanted particles without damaging treated surfaces, ensuring a perfect and even cleaning result. Money-back guarantee.\u00a0We&hellip;","_links":{"self":[{"href":"https:\/\/www.ferberpainting.com\/dk\/wp-json\/wp\/v2\/product\/25612","targetHints":{"allow":["GET"]}}],"collection":[{"href":"https:\/\/www.ferberpainting.com\/dk\/wp-json\/wp\/v2\/product"}],"about":[{"href":"https:\/\/www.ferberpainting.com\/dk\/wp-json\/wp\/v2\/types\/product"}],"replies":[{"embeddable":true,"href":"https:\/\/www.ferberpainting.com\/dk\/wp-json\/wp\/v2\/comments?post=25612"}],"version-history":[{"count":4,"href":"https:\/\/www.ferberpainting.com\/dk\/wp-json\/wp\/v2\/product\/25612\/revisions"}],"predecessor-version":[{"id":167505,"href":"https:\/\/www.ferberpainting.com\/dk\/wp-json\/wp\/v2\/product\/25612\/revisions\/167505"}],"wp:featuredmedia":[{"embeddable":true,"href":"https:\/\/www.ferberpainting.com\/dk\/wp-json\/wp\/v2\/media\/35840"}],"wp:attachment":[{"href":"https:\/\/www.ferberpainting.com\/dk\/wp-json\/wp\/v2\/media?parent=25612"}],"wp:term":[{"taxonomy":"product_brand","embeddable":true,"href":"https:\/\/www.ferberpainting.com\/dk\/wp-json\/wp\/v2\/product_brand?post=25612"},{"taxonomy":"product_cat","embeddable":true,"href":"https:\/\/www.ferberpainting.com\/dk\/wp-json\/wp\/v2\/product_cat?post=25612"},{"taxonomy":"product_tag","embeddable":true,"href":"https:\/\/www.ferberpainting.com\/dk\/wp-json\/wp\/v2\/product_tag?post=25612"}],"curies":[{"name":"wp","href":"https:\/\/api.w.org\/{rel}","templated":true}]}}