{"id":25604,"date":"2025-05-26T10:32:43","date_gmt":"2025-05-26T08:32:43","guid":{"rendered":"https:\/\/www.ferberpainting.com\/products\/truffle-tree-fertilizer\/"},"modified":"2026-02-16T13:50:18","modified_gmt":"2026-02-16T12:50:18","slug":"truffle-tree-fertilizer","status":"publish","type":"product","link":"https:\/\/www.ferberpainting.com\/dk\/products\/truffle-tree-fertilizer\/","title":{"rendered":"Tr\u00f8ffeltr\u00e6-g\u00f8dning 25 kg"},"content":{"rendered":"<p><strong><img decoding=\"async\" style=\"margin-right: 12px;\" src=\"https:\/\/www.ferberpainting.com\/wp-content\/uploads\/2026\/02\/Check.svg\" alt=\"\" width=\"18\" height=\"15\" \/>En g\u00f8dning, der er specielt designet til at fremme tr\u00f8ffelmykorrhization.<\/strong>\u00a0Denne granulerede g\u00f8dning er specielt formuleret til at opfylde tr\u00f8ffeltr\u00e6ernes behov ved at give de essentielle n\u00e6ringsstoffer, der er n\u00f8dvendige for deres udvikling. Den fremmer en afbalanceret og progressiv ern\u00e6ring, som stimulerer rodv\u00e6kst og implantation af tr\u00f8ffelmycelium. Takket v\u00e6re den afbalancerede sammens\u00e6tning af kv\u00e6lstof, fosfor og kalium (NPK 10-10-10) underst\u00f8tter denne g\u00f8dning symbiosen mellem tr\u00e6et og tr\u00f8flen, samtidig med at den styrker tr\u00f8ffeltr\u00e6ets styrke og dets modstandsdygtighed over for milj\u00f8m\u00e6ssig stress.<\/p>\n<p><strong><img decoding=\"async\" style=\"margin-right: 12px;\" src=\"https:\/\/www.ferberpainting.com\/wp-content\/uploads\/2026\/02\/Check.svg\" alt=\"\" width=\"18\" height=\"15\" \/>Penge-tilbage-garanti.<\/strong>\u00a0Vi er overbeviste om effektiviteten af vores tr\u00f8ffelg\u00f8dning, og vi tilbyder derfor fuld refusion, hvis du ikke er fuldt ud tilfreds med resultaterne. Hvis du efter brug ikke bem\u00e6rker nogen forbedring i v\u00e6ksten af dine tr\u00e6er eller i dannelsen af mykorrhiza, forpligter vi os til at refundere dig uden betingelser.<\/p>\n<p><strong><img decoding=\"async\" style=\"margin-right: 12px;\" src=\"https:\/\/www.ferberpainting.com\/wp-content\/uploads\/2026\/02\/Check.svg\" alt=\"\" width=\"18\" height=\"15\" \/>En alsidig g\u00f8dning, der passer til forskellige jorde og tr\u00f8ffelarter.<\/strong>\u00a0Denne g\u00f8dning er kompatibel med alle arter af tr\u00f8ffel-eg, herunder pubescent eg, gr\u00f8n eg og hvid eg, samt med hasseltr\u00e6er til tr\u00f8ffeldyrkning. Den er ogs\u00e5 tilpasset kalkholdig jord, ler- og kalksten og lerjord, hvilket fremmer en bedre optagelse af n\u00e6ringsstoffer og optimal mykorrhisering.<\/p>\n<p><strong><img decoding=\"async\" style=\"margin-right: 12px;\" src=\"https:\/\/www.ferberpainting.com\/wp-content\/uploads\/2026\/02\/Check.svg\" alt=\"\" width=\"18\" height=\"15\" \/>Ekstraordin\u00e6rt \u00f8konomisk udbytte for langvarig befrugtning.<\/strong>\u00a0Takket v\u00e6re den h\u00f8je koncentration af n\u00e6ringsstoffer sikrer denne g\u00f8dning en effektiv g\u00f8dskning med en lille m\u00e6ngde produkt pr. tr\u00e6. Med en pose p\u00e5 25 kg kan du behandle et stort plantageomr\u00e5de. Udbyttet p\u00e5 200 gram pr. tr\u00e6 g\u00f8r det til et omkostningseffektivt og effektivt valg for alle tr\u00f8ffeldyrkere.<\/p>\n<p><strong><img decoding=\"async\" style=\"margin-right: 12px;\" src=\"https:\/\/www.ferberpainting.com\/wp-content\/uploads\/2026\/02\/Check.svg\" alt=\"\" width=\"18\" height=\"15\" \/>En milj\u00f8venlig g\u00f8dning, der er sikker for fauna og flora.<\/strong>\u00a0Denne g\u00f8dning er formuleret uden giftige produkter og \u00e6ndrer ikke jordens biodiversitet, frigiver ingen skadelige kemiske rester og hj\u00e6lper med at bevare mikroorganismer, der er gavnlige for tr\u00f8ffelproduktionen. Den er uskadelig for dyr, insekter og organismer i jorden og sikrer en harmonisk udvikling af tr\u00f8ffeltr\u00e6et og mykorrhizanetv\u00e6rket.<\/p>\n<p><strong><img decoding=\"async\" style=\"margin-right: 12px;\" src=\"https:\/\/www.ferberpainting.com\/wp-content\/uploads\/2026\/02\/Check.svg\" alt=\"\" width=\"18\" height=\"15\" \/>En enkel og hurtig anvendelse uden risiko for overdosering.<\/strong>\u00a0Denne g\u00f8dning anvendes i fast form, hvilket g\u00f8r det nemt at anvende den uden behov for forudg\u00e5ende fortynding. Du skal blot sprede den anbefalede m\u00e6ngde omkring tr\u00e6et og indarbejde den let i jorden for at sikre en gradvis frigivelse af n\u00e6ringsstoffer.<\/p>\n<p><strong><img decoding=\"async\" style=\"margin-right: 12px;\" src=\"https:\/\/www.ferberpainting.com\/wp-content\/uploads\/2026\/02\/Check.svg\" alt=\"\" width=\"18\" height=\"15\" \/>Langvarig effekt for vedvarende v\u00e6kst af tr\u00f8ffeltr\u00e6er.<\/strong>\u00a0Takket v\u00e6re sin slow-release-formulering sikrer denne g\u00f8dning en j\u00e6vn frigivelse af n\u00e6ringsstoffer gennem hele s\u00e6sonen. Den fremmer rodudviklingen, stimulerer mykorrhiza-aktiviteten og forbedrer tr\u00f8ffeltr\u00e6ets generelle sundhed og \u00f8ger dermed chancerne for en rigelig og b\u00e6redygtig tr\u00f8ffelproduktion.<\/p>\n<p><strong><img decoding=\"async\" style=\"margin-right: 12px;\" src=\"https:\/\/www.ferberpainting.com\/wp-content\/uploads\/2026\/02\/Check.svg\" alt=\"\" width=\"18\" height=\"15\" \/>Synlige resultater fra den f\u00f8rste s\u00e6son.<\/strong>\u00a0Fra de allerf\u00f8rste uger efter p\u00e5f\u00f8ring vil du se en mere dynamisk tr\u00e6v\u00e6kst, bedre rodt\u00e6thed og en generel forbedring af tr\u00f8ffeltr\u00e6ets sundhedstilstand. Denne g\u00f8dning stimulerer roddannelse og sekund\u00e6re r\u00f8dder, hvilket fremmer mykorrhization og tr\u00f8ffelproduktion.<\/p>\n<h2><strong>Protokol for brug<\/strong><\/h2>\n<p><strong>Anbefalet dosering <\/strong>:<\/p>\n<ul>\n<li>200 gram g\u00f8dning pr. tr\u00e6, der skal tilf\u00f8res en eller to gange om \u00e5ret, helst for\u00e5r og efter\u00e5r.<\/li>\n<li>Til unge plantager er en reduceret dosis p\u00e5 100 gram pr. tr\u00e6 tilstr\u00e6kkelig til at fremme hurtig etablering og ensartet v\u00e6kst.<\/li>\n<\/ul>\n<p><strong>Anvendelsesmetode <\/strong>:<\/p>\n<ul>\n<li>Spred g\u00f8dningen i en cirkel rundt om tr\u00e6ets fod, og pas p\u00e5 ikke at placere den direkte p\u00e5 stammen.<\/li>\n<li>Indarbejd g\u00f8dningen let i jorden ved hj\u00e6lp af en rive eller klo for at sikre bedre optagelse af n\u00e6ringsstoffer.<\/li>\n<li>Vand efter udbringning for at fremme frigivelsen af mineraler og aktivere jordens mikrobielle aktivitet.<\/li>\n<\/ul>\n<p><strong>Anvendelsesfrekvens <\/strong>:<\/p>\n<ul>\n<li><strong>Om for\u00e5ret (marts-april) <\/strong>: For at fremme rodudviklingen og stimulere tr\u00f8ffelmyceliet.<\/li>\n<li><strong>Om efter\u00e5ret (september-oktober) <\/strong>: For at forberede tr\u00f8ffeltr\u00e6erne p\u00e5 den kolde \u00e5rstid og st\u00f8tte deres ern\u00e6ring til det f\u00f8lgende \u00e5r.<\/li>\n<\/ul>\n<p><strong>Forholdsregler ved brug <\/strong>:<\/p>\n<ul>\n<li>Undg\u00e5 overdosering, da for meget g\u00f8dning kan bringe jorden ud af balance og bremse tr\u00f8ffeldannelsen.<\/li>\n<li>Brug ikke om sommeren i perioder med h\u00f8j varme, da n\u00e6ringsoptagelsen er lavere, og fordampningen \u00f8ges.<\/li>\n<li>Opbevares p\u00e5 et t\u00f8rt, ventileret sted, v\u00e6k fra fugt for at bevare produktets kvalitet og effektivitet.<\/li>\n<\/ul>\n<p>Denne tr\u00f8ffelg\u00f8dning er den ideelle l\u00f8sning for alle tr\u00f8ffeldyrkere, der \u00f8nsker at maksimere tr\u00e6ernes v\u00e6kst og optimere tr\u00f8ffelproduktionen.<br \/>\nDen er nem at bruge, omkostningseffektiv og milj\u00f8venlig og giver en komplet og b\u00e6redygtig g\u00f8dning til en rig og produktiv jord.<\/p>","protected":false},"excerpt":{"rendered":"<p>A fertilizer specially designed to promote truffle mycorrhization.\u00a0This granular fertilizer has been specially formulated to meet the needs of truffle trees, by providing the essential nutrients needed for their development. It promotes a balanced and progressive nutrition, which stimulates root growth and the implantation of the truffle mycelium. Thanks to its balanced formulation in nitrogen, [&hellip;]<\/p>\n","protected":false},"featured_media":27436,"comment_status":"open","ping_status":"closed","template":"","meta":{"_uag_custom_page_level_css":"","site-sidebar-layout":"default","site-content-layout":"","ast-site-content-layout":"default","site-content-style":"default","site-sidebar-style":"default","ast-global-header-display":"","ast-banner-title-visibility":"","ast-main-header-display":"","ast-hfb-above-header-display":"","ast-hfb-below-header-display":"","ast-hfb-mobile-header-display":"","site-post-title":"","ast-breadcrumbs-content":"","ast-featured-img":"","footer-sml-layout":"","ast-disable-related-posts":"","theme-transparent-header-meta":"default","adv-header-id-meta":"","stick-header-meta":"","header-above-stick-meta":"","header-main-stick-meta":"","header-below-stick-meta":"","astra-migrate-meta-layouts":"set","ast-page-background-enabled":"default","ast-page-background-meta":{"desktop":{"background-color":"var(--ast-global-color-4)","background-image":"","background-repeat":"repeat","background-position":"center center","background-size":"auto","background-attachment":"scroll","background-type":"","background-media":"","overlay-type":"","overlay-color":"","overlay-opacity":"","overlay-gradient":""},"tablet":{"background-color":"","background-image":"","background-repeat":"repeat","background-position":"center center","background-size":"auto","background-attachment":"scroll","background-type":"","background-media":"","overlay-type":"","overlay-color":"","overlay-opacity":"","overlay-gradient":""},"mobile":{"background-color":"","background-image":"","background-repeat":"repeat","background-position":"center center","background-size":"auto","background-attachment":"scroll","background-type":"","background-media":"","overlay-type":"","overlay-color":"","overlay-opacity":"","overlay-gradient":""}},"ast-content-background-meta":{"desktop":{"background-color":"var(--ast-global-color-5)","background-image":"","background-repeat":"repeat","background-position":"center center","background-size":"auto","background-attachment":"scroll","background-type":"","background-media":"","overlay-type":"","overlay-color":"","overlay-opacity":"","overlay-gradient":""},"tablet":{"background-color":"var(--ast-global-color-5)","background-image":"","background-repeat":"repeat","background-position":"center center","background-size":"auto","background-attachment":"scroll","background-type":"","background-media":"","overlay-type":"","overlay-color":"","overlay-opacity":"","overlay-gradient":""},"mobile":{"background-color":"var(--ast-global-color-5)","background-image":"","background-repeat":"repeat","background-position":"center center","background-size":"auto","background-attachment":"scroll","background-type":"","background-media":"","overlay-type":"","overlay-color":"","overlay-opacity":"","overlay-gradient":""}}},"product_brand":[],"product_cat":[178],"product_tag":[],"class_list":{"0":"post-25604","1":"product","2":"type-product","3":"status-publish","4":"has-post-thumbnail","6":"product_cat-fertilizers","7":"desktop-align-left","8":"tablet-align-left","9":"mobile-align-left","11":"first","12":"instock","13":"taxable","14":"shipping-taxable","15":"purchasable","16":"product-type-simple"},"spectra_custom_meta":{"_visibility":["visible"],"_shopify_product_id":["9073230774517"],"_s2w_shopify_domain":["ferberpainting.myshopify.com"],"_shopify_variant_id":["46524447981813"],"_sku":["FPTRUFFLETREEFERTILIZER25KG"],"_regular_price":["39.90"],"_price":["39.90"],"_sale_price":[""],"_weight":["18.7"],"_thumbnail_id":["27436"],"_global_unique_id":["5056773817920"],"total_sales":["14"],"_tax_status":["taxable"],"_tax_class":[""],"_manage_stock":["no"],"_backorders":["no"],"_sold_individually":["no"],"_virtual":["no"],"_downloadable":["no"],"_download_limit":["-1"],"_download_expiry":["-1"],"_stock":[null],"_stock_status":["instock"],"_wc_average_rating":["5.00"],"_wc_review_count":["33"],"_product_version":["10.5.1"],"_wc_rating_count":["a:1:{i:5;i:33;}"],"_edit_lock":["1771246083:1"],"merchant-center-availability":["yes"],"merchant-center-category":["113"],"_edit_last":["1"],"_wp_page_template":["default"],"site-sidebar-layout":["default"],"ast-site-content-layout":["default"],"site-content-style":["default"],"site-sidebar-style":["default"],"theme-transparent-header-meta":["default"],"astra-migrate-meta-layouts":["set"],"_uag_css_file_name":["uag-css-25604.css"],"_elementor_page_assets":["a:0:{}"]},"uagb_featured_image_src":{"full":["https:\/\/www.ferberpainting.com\/wp-content\/uploads\/2025\/05\/TruffleTreeFertilizer.png",2560,2560,false],"thumbnail":["https:\/\/www.ferberpainting.com\/wp-content\/uploads\/2025\/05\/TruffleTreeFertilizer-150x150.png",150,150,true],"medium":["https:\/\/www.ferberpainting.com\/wp-content\/uploads\/2025\/05\/TruffleTreeFertilizer-300x300.png",300,300,true],"medium_large":["https:\/\/www.ferberpainting.com\/wp-content\/uploads\/2025\/05\/TruffleTreeFertilizer-768x768.png",768,768,true],"large":["https:\/\/www.ferberpainting.com\/wp-content\/uploads\/2025\/05\/TruffleTreeFertilizer-1024x1024.png",1024,1024,true],"1536x1536":["https:\/\/www.ferberpainting.com\/wp-content\/uploads\/2025\/05\/TruffleTreeFertilizer-1536x1536.png",1536,1536,true],"2048x2048":["https:\/\/www.ferberpainting.com\/wp-content\/uploads\/2025\/05\/TruffleTreeFertilizer-2048x2048.png",2048,2048,true],"trp-custom-language-flag":["https:\/\/www.ferberpainting.com\/wp-content\/uploads\/2025\/05\/TruffleTreeFertilizer-12x12.png",12,12,true],"woocommerce_thumbnail":["https:\/\/www.ferberpainting.com\/wp-content\/uploads\/2025\/05\/TruffleTreeFertilizer-300x300.png",300,300,true],"woocommerce_single":["https:\/\/www.ferberpainting.com\/wp-content\/uploads\/2025\/05\/TruffleTreeFertilizer-600x600.png",600,600,true],"woocommerce_gallery_thumbnail":["https:\/\/www.ferberpainting.com\/wp-content\/uploads\/2025\/05\/TruffleTreeFertilizer-100x100.png",100,100,true]},"uagb_author_info":{"display_name":"admin","author_link":"https:\/\/www.ferberpainting.com\/dk\/author\/"},"uagb_comment_info":33,"uagb_excerpt":"A fertilizer specially designed to promote truffle mycorrhization.\u00a0This granular fertilizer has been specially formulated to meet the needs of truffle trees, by providing the essential nutrients needed for their development. It promotes a balanced and progressive nutrition, which stimulates root growth and the implantation of the truffle mycelium. Thanks to its balanced formulation in nitrogen,&hellip;","_links":{"self":[{"href":"https:\/\/www.ferberpainting.com\/dk\/wp-json\/wp\/v2\/product\/25604","targetHints":{"allow":["GET"]}}],"collection":[{"href":"https:\/\/www.ferberpainting.com\/dk\/wp-json\/wp\/v2\/product"}],"about":[{"href":"https:\/\/www.ferberpainting.com\/dk\/wp-json\/wp\/v2\/types\/product"}],"replies":[{"embeddable":true,"href":"https:\/\/www.ferberpainting.com\/dk\/wp-json\/wp\/v2\/comments?post=25604"}],"version-history":[{"count":5,"href":"https:\/\/www.ferberpainting.com\/dk\/wp-json\/wp\/v2\/product\/25604\/revisions"}],"predecessor-version":[{"id":167495,"href":"https:\/\/www.ferberpainting.com\/dk\/wp-json\/wp\/v2\/product\/25604\/revisions\/167495"}],"wp:featuredmedia":[{"embeddable":true,"href":"https:\/\/www.ferberpainting.com\/dk\/wp-json\/wp\/v2\/media\/27436"}],"wp:attachment":[{"href":"https:\/\/www.ferberpainting.com\/dk\/wp-json\/wp\/v2\/media?parent=25604"}],"wp:term":[{"taxonomy":"product_brand","embeddable":true,"href":"https:\/\/www.ferberpainting.com\/dk\/wp-json\/wp\/v2\/product_brand?post=25604"},{"taxonomy":"product_cat","embeddable":true,"href":"https:\/\/www.ferberpainting.com\/dk\/wp-json\/wp\/v2\/product_cat?post=25604"},{"taxonomy":"product_tag","embeddable":true,"href":"https:\/\/www.ferberpainting.com\/dk\/wp-json\/wp\/v2\/product_tag?post=25604"}],"curies":[{"name":"wp","href":"https:\/\/api.w.org\/{rel}","templated":true}]}}