{"id":25601,"date":"2025-05-26T10:32:42","date_gmt":"2025-05-26T08:32:42","guid":{"rendered":"https:\/\/www.ferberpainting.com\/products\/tropical-plant-fertilizer\/"},"modified":"2026-02-16T13:47:24","modified_gmt":"2026-02-16T12:47:24","slug":"tropical-plant-fertilizer","status":"publish","type":"product","link":"https:\/\/www.ferberpainting.com\/dk\/products\/tropical-plant-fertilizer\/","title":{"rendered":"G\u00f8dning til tropiske planter"},"content":{"rendered":"<p><strong><img decoding=\"async\" style=\"margin-right: 12px;\" src=\"https:\/\/www.ferberpainting.com\/wp-content\/uploads\/2026\/02\/Check.svg\" alt=\"\" width=\"18\" height=\"15\" \/>En g\u00f8dning, der er specielt udviklet til tropiske planter.<\/strong>\u00a0Tropiske planter har specifikke ern\u00e6ringsm\u00e6ssige behov og kr\u00e6ver en afbalanceret tilf\u00f8rsel af kv\u00e6lstof, fosfor og kalium for at sikre kraftig v\u00e6kst, frodigt l\u00f8v og rigelig blomstring. Vores NPK 15-15-15 g\u00f8dning er formuleret til at opfylde disse behov og giver alle de vigtige elementer, der fremmer udviklingen af b\u00e5de indend\u00f8rs og udend\u00f8rs tropiske planter, s\u00e5som monstera, banantr\u00e6er, palmer, ficus, hibiscus og paradisfugle.<\/p>\n<p><strong><img decoding=\"async\" style=\"margin-right: 12px;\" src=\"https:\/\/www.ferberpainting.com\/wp-content\/uploads\/2026\/02\/Check.svg\" alt=\"\" width=\"18\" height=\"15\" \/>Penge-tilbage-garanti.<\/strong>\u00a0Vi har skabt en g\u00f8dning af h\u00f8j kvalitet, som er testet og godkendt til at give synlige resultater. Hvis din plante ikke viser nogen forbedring p\u00e5 trods af korrekt anvendelse, tilbyder vi dig fuld refusion.<\/p>\n<p><strong><img decoding=\"async\" style=\"margin-right: 12px;\" src=\"https:\/\/www.ferberpainting.com\/wp-content\/uploads\/2026\/02\/Check.svg\" alt=\"\" width=\"18\" height=\"15\" \/>Kompatibel med alle tropiske planter.<\/strong>\u00a0Denne g\u00f8dning er velegnet til alle hurtigtvoksende planter med frodige blade, uanset om de dyrkes i potter, i jorden, indend\u00f8rs eller udend\u00f8rs. Den er velegnet til tropiske og subtropiske planter og kan ogs\u00e5 bruges til orkideer, filodendron, anthurium og mange andre eksotiske arter.<\/p>\n<p><strong><img decoding=\"async\" style=\"margin-right: 12px;\" src=\"https:\/\/www.ferberpainting.com\/wp-content\/uploads\/2026\/02\/Check.svg\" alt=\"\" width=\"18\" height=\"15\" \/>Fremragende \u00f8konomisk ydeevne.<\/strong>\u00a0Takket v\u00e6re den h\u00f8je koncentration kan vores g\u00f8dning fortyndes med 5 ml pr. liter vand, hvilket g\u00f8r det til et ekstremt omkostningseffektivt produkt. En 5-liters beholder kan forberede op til 1000 liter n\u00e6ringsopl\u00f8sning, hvilket sikrer et uovertruffent forhold mellem kvalitet og pris og reducerer k\u00f8bsfrekvensen.<\/p>\n<p><strong><img decoding=\"async\" style=\"margin-right: 12px;\" src=\"https:\/\/www.ferberpainting.com\/wp-content\/uploads\/2026\/02\/Check.svg\" alt=\"\" width=\"18\" height=\"15\" \/>Sikkert for planter og milj\u00f8.<\/strong>\u00a0I mods\u00e6tning til aggressive kemiske g\u00f8dninger respekterer vores afbalancerede og sk\u00e5nsomme formel jordens \u00f8kosystem og fremmer en gradvis og naturlig optagelse af n\u00e6ringsstoffer. Den skader ikke r\u00f8dder eller blade og sikrer en sund og b\u00e6redygtig v\u00e6kst.<\/p>\n<p><strong><img decoding=\"async\" style=\"margin-right: 12px;\" src=\"https:\/\/www.ferberpainting.com\/wp-content\/uploads\/2026\/02\/Check.svg\" alt=\"\" width=\"18\" height=\"15\" \/>Let at bruge og hurtig p\u00e5f\u00f8ring.<\/strong>\u00a0Denne flydende g\u00f8dning er nem at dosere og anvende. Du skal bare blande den med vand og bruge den i forbindelse med vanding. Den kr\u00e6ver ingen komplicerede forberedelser, s\u00e5 man undg\u00e5r doseringsfejl og sikrer en effektiv og j\u00e6vn optagelse i r\u00f8dderne.<\/p>\n<p><strong><img decoding=\"async\" style=\"margin-right: 12px;\" src=\"https:\/\/www.ferberpainting.com\/wp-content\/uploads\/2026\/02\/Check.svg\" alt=\"\" width=\"18\" height=\"15\" \/>Langvarig effekt p\u00e5 planteudvikling.<\/strong>\u00a0Ved gradvist at berige substratet fremmer denne g\u00f8dning kontinuerlig v\u00e6kst og styrker planternes naturlige forsvar mod sygdomme, vandstress og n\u00e6ringsstofmangel. Dens langvarige virkning hj\u00e6lper med at f\u00e5 tropiske planter, der er mere robuste og levende hele \u00e5ret rundt.<\/p>\n<p><strong><img decoding=\"async\" style=\"margin-right: 12px;\" src=\"https:\/\/www.ferberpainting.com\/wp-content\/uploads\/2026\/02\/Check.svg\" alt=\"\" width=\"18\" height=\"15\" \/>Synlige resultater hurtigt.<\/strong>\u00a0Fra de f\u00f8rste uger vil du se en forbedret v\u00e6kst, gr\u00f8nnere og t\u00e6ttere l\u00f8v samt en stigning i nye skud og blomster for blomstrende arter. Denne g\u00f8dning hj\u00e6lper ogs\u00e5 med at forbedre modstandsdygtigheden over for skiftende klimaforhold, f.eks. perioder med t\u00f8rke eller h\u00f8j luftfugtighed.<\/p>\n<h2>Protokol for brug<\/h2>\n<p><strong>Anbefalet fortynding<\/strong> :<\/p>\n<ul>\n<li><strong>Til regelm\u00e6ssig vedligeholdelse <\/strong>: Fortynd 5 ml g\u00f8dning pr. liter vand, og vand substratet direkte.<\/li>\n<li><strong>For en plante i aktiv v\u00e6kstfase<\/strong> (for\u00e5r\/sommer) : \u00d8g koncentrationen en smule til 7 ml pr. liter vand for at underst\u00f8tte en hurtigere v\u00e6kst.<\/li>\n<li><strong>For en plante i dvale<\/strong> (efter\u00e5r\/vinter) : Reducer hyppigheden, og brug en lavere koncentration (2 ml pr. liter vand).<\/li>\n<\/ul>\n<p><strong>Ans\u00f8gningsfrekvens <\/strong>:<\/p>\n<ul>\n<li><strong>Aktivt voksende planter <\/strong>: P\u00e5f\u00f8r hver anden uge.<\/li>\n<li><strong>Planter i dvale <\/strong>: En m\u00e5nedlig ans\u00f8gning er tilstr\u00e6kkelig.<\/li>\n<\/ul>\n<p><strong>Anvendelsesmetode <\/strong>:<\/p>\n<ul>\n<li><strong>Vanding ved basen <\/strong>: H\u00e6ld opl\u00f8sningen direkte p\u00e5 underlaget, og undg\u00e5 at g\u00f8re bladene for v\u00e5de.<\/li>\n<li><strong>Bladspray (valgfrit) <\/strong>: For visse planter som anthurium og filodendron kan det v\u00e6re en fordel at spraye bladene let.<\/li>\n<li><strong>Udend\u00f8rs jordp\u00e5f\u00f8ring <\/strong>: Brug fortyndet g\u00f8dning omkring plantens basis, og s\u00f8rg for, at produktet ikke samler sig p\u00e5 jordoverfladen.<\/li>\n<li><strong>Anvendelse af potteplanter <\/strong>: Vand langsomt, indtil vandet begynder at l\u00f8be ud gennem hullerne for at opn\u00e5 optimal absorption.<\/li>\n<\/ul>\n<p><strong>Forholdsregler ved brug <\/strong>:<\/p>\n<ul>\n<li><strong>Undg\u00e5 overdosering <\/strong>: Overskydende g\u00f8dning kan br\u00e6nde r\u00f8dderne og for\u00e5rsage gulfarvning af bladene.<\/li>\n<li><strong>M\u00e5 ikke anvendes p\u00e5 en syg plante <\/strong>: Vent med at tilf\u00f8re g\u00f8dning, til den er blevet kraftig igen.<\/li>\n<li><strong>Undg\u00e5 anvendelse i fuld sol <\/strong>: Anvend helst tidligt om morgenen eller sent p\u00e5 dagen for at forhindre hurtig fordampning af n\u00e6ringsstoffer.<\/li>\n<\/ul>\n<p><strong>Opbevaring og konservering <\/strong>:<\/p>\n<ul>\n<li>Opbevar produktet v\u00e6k fra varme og fugt.<\/li>\n<li>Luk beholderen t\u00e6t efter hver brug for at bevare de ern\u00e6ringsm\u00e6ssige egenskaber.<\/li>\n<\/ul>\n<p>Med vores tropiske planteg\u00f8dning giver du dine planter de bedste betingelser for at udvikle sig optimalt. Uanset om du er en eksotisk planteentusiast eller en erfaren gartner, er denne g\u00f8dning den ideelle allierede til frodige, sunde og levende planter.<\/p>","protected":false},"excerpt":{"rendered":"<p>A fertilizer specially designed for tropical plants.\u00a0Tropical plants have specific nutritional needs, requiring a balanced supply of nitrogen, phosphorus, and potassium to ensure vigorous growth, lush foliage, and abundant flowering. Our NPK 15-15-15 fertilizer is formulated to meet these needs, providing all the essential elements that promote the development of both indoor and outdoor tropical [&hellip;]<\/p>\n","protected":false},"featured_media":27434,"comment_status":"open","ping_status":"closed","template":"","meta":{"_uag_custom_page_level_css":"","site-sidebar-layout":"default","site-content-layout":"","ast-site-content-layout":"default","site-content-style":"default","site-sidebar-style":"default","ast-global-header-display":"","ast-banner-title-visibility":"","ast-main-header-display":"","ast-hfb-above-header-display":"","ast-hfb-below-header-display":"","ast-hfb-mobile-header-display":"","site-post-title":"","ast-breadcrumbs-content":"","ast-featured-img":"","footer-sml-layout":"","ast-disable-related-posts":"","theme-transparent-header-meta":"default","adv-header-id-meta":"","stick-header-meta":"","header-above-stick-meta":"","header-main-stick-meta":"","header-below-stick-meta":"","astra-migrate-meta-layouts":"set","ast-page-background-enabled":"default","ast-page-background-meta":{"desktop":{"background-color":"var(--ast-global-color-4)","background-image":"","background-repeat":"repeat","background-position":"center center","background-size":"auto","background-attachment":"scroll","background-type":"","background-media":"","overlay-type":"","overlay-color":"","overlay-opacity":"","overlay-gradient":""},"tablet":{"background-color":"","background-image":"","background-repeat":"repeat","background-position":"center center","background-size":"auto","background-attachment":"scroll","background-type":"","background-media":"","overlay-type":"","overlay-color":"","overlay-opacity":"","overlay-gradient":""},"mobile":{"background-color":"","background-image":"","background-repeat":"repeat","background-position":"center center","background-size":"auto","background-attachment":"scroll","background-type":"","background-media":"","overlay-type":"","overlay-color":"","overlay-opacity":"","overlay-gradient":""}},"ast-content-background-meta":{"desktop":{"background-color":"var(--ast-global-color-5)","background-image":"","background-repeat":"repeat","background-position":"center center","background-size":"auto","background-attachment":"scroll","background-type":"","background-media":"","overlay-type":"","overlay-color":"","overlay-opacity":"","overlay-gradient":""},"tablet":{"background-color":"var(--ast-global-color-5)","background-image":"","background-repeat":"repeat","background-position":"center center","background-size":"auto","background-attachment":"scroll","background-type":"","background-media":"","overlay-type":"","overlay-color":"","overlay-opacity":"","overlay-gradient":""},"mobile":{"background-color":"var(--ast-global-color-5)","background-image":"","background-repeat":"repeat","background-position":"center center","background-size":"auto","background-attachment":"scroll","background-type":"","background-media":"","overlay-type":"","overlay-color":"","overlay-opacity":"","overlay-gradient":""}}},"product_brand":[],"product_cat":[178],"product_tag":[],"class_list":{"0":"post-25601","1":"product","2":"type-product","3":"status-publish","4":"has-post-thumbnail","6":"product_cat-fertilizers","7":"desktop-align-left","8":"tablet-align-left","9":"mobile-align-left","11":"first","12":"instock","13":"sale","14":"taxable","15":"shipping-taxable","16":"purchasable","17":"product-type-variable"},"spectra_custom_meta":{"_visibility":["visible"],"_shopify_product_id":["9071356084469"],"_s2w_shopify_domain":["ferberpainting.myshopify.com"],"_shopify_variant_id":["46516143522037"],"_sku":[""],"_manage_stock":["no"],"total_sales":["32"],"_tax_status":["taxable"],"_tax_class":[""],"_backorders":["no"],"_sold_individually":["no"],"_virtual":["no"],"_downloadable":["no"],"_download_limit":["-1"],"_download_expiry":["-1"],"_stock":[null],"_stock_status":["instock"],"_wc_average_rating":["4.63"],"_wc_review_count":["8"],"_product_attributes":["a:1:{s:6:\"volume\";a:6:{s:4:\"name\";s:6:\"Volume\";s:5:\"value\";s:20:\"5 liters | 25 liters\";s:8:\"position\";i:1;s:10:\"is_visible\";i:0;s:12:\"is_variation\";i:1;s:11:\"is_taxonomy\";i:0;}}"],"_product_version":["10.5.1"],"_thumbnail_id":["27434"],"_product_image_gallery":["27435"],"wpse_downloadable_file_names":[""],"wpse_downloadable_file_urls":[""],"_edit_last":["1"],"_edit_lock":["1771245906:1"],"merchant-center-availability":["yes"],"merchant-center-category":["113"],"_wp_page_template":["default"],"site-sidebar-layout":["default"],"ast-site-content-layout":["default"],"site-content-style":["default"],"site-sidebar-style":["default"],"theme-transparent-header-meta":["default"],"_wc_rating_count":["a:2:{i:4;i:3;i:5;i:5;}"],"_price":["29.90","129.90"],"merchant-center-id":["FPTROPICALPLANTFERTILIZER25"],"astra-migrate-meta-layouts":["set"],"_uag_css_file_name":["uag-css-25601.css"],"_elementor_page_assets":["a:0:{}"],"_uag_page_assets":["a:9:{s:3:\"css\";s:6873:\".wp-block-uagb-image{display:flex}.wp-block-uagb-image__figure{position:relative;display:flex;flex-direction:column;max-width:100%;height:auto;margin:0}.wp-block-uagb-image__figure img{height:auto;display:flex;max-width:100%;transition:box-shadow .2s ease}.wp-block-uagb-image__figure>a{display:inline-block}.wp-block-uagb-image__figure figcaption{text-align:center;margin-top:.5em;margin-bottom:1em}.wp-block-uagb-image .components-placeholder.block-editor-media-placeholder .components-placeholder__instructions{align-self:center}.wp-block-uagb-image--align-left{text-align:left}.wp-block-uagb-image--align-right{text-align:right}.wp-block-uagb-image--align-center{text-align:center}.wp-block-uagb-image--align-full .wp-block-uagb-image__figure{margin-left:calc(50% - 50vw);margin-right:calc(50% - 50vw);max-width:100vw;width:100vw;height:auto}.wp-block-uagb-image--align-full .wp-block-uagb-image__figure img{height:auto;width:100% !important}.wp-block-uagb-image--align-wide .wp-block-uagb-image__figure img{height:auto;width:100%}.wp-block-uagb-image--layout-overlay__color-wrapper{position:absolute;left:0;top:0;right:0;bottom:0;opacity:.2;background:rgba(0,0,0,.5);transition:opacity .35s ease-in-out}.wp-block-uagb-image--layout-overlay-link{position:absolute;left:0;right:0;bottom:0;top:0}.wp-block-uagb-image--layout-overlay .wp-block-uagb-image__figure:hover .wp-block-uagb-image--layout-overlay__color-wrapper{opacity:1}.wp-block-uagb-image--layout-overlay__inner{position:absolute;left:15px;right:15px;bottom:15px;top:15px;display:flex;align-items:center;justify-content:center;flex-direction:column;border-color:#fff;transition:.35s ease-in-out}.wp-block-uagb-image--layout-overlay__inner.top-left,.wp-block-uagb-image--layout-overlay__inner.top-center,.wp-block-uagb-image--layout-overlay__inner.top-right{justify-content:flex-start}.wp-block-uagb-image--layout-overlay__inner.bottom-left,.wp-block-uagb-image--layout-overlay__inner.bottom-center,.wp-block-uagb-image--layout-overlay__inner.bottom-right{justify-content:flex-end}.wp-block-uagb-image--layout-overlay__inner.top-left,.wp-block-uagb-image--layout-overlay__inner.center-left,.wp-block-uagb-image--layout-overlay__inner.bottom-left{align-items:flex-start}.wp-block-uagb-image--layout-overlay__inner.top-right,.wp-block-uagb-image--layout-overlay__inner.center-right,.wp-block-uagb-image--layout-overlay__inner.bottom-right{align-items:flex-end}.wp-block-uagb-image--layout-overlay__inner .uagb-image-heading{color:#fff;transition:transform .35s,opacity .35s ease-in-out;transform:translate3d(0, 24px, 0);margin:0;line-height:1em}.wp-block-uagb-image--layout-overlay__inner .uagb-image-separator{width:30%;border-top-width:2px;border-top-color:#fff;border-top-style:solid;margin-bottom:10px;opacity:0;transition:transform .4s,opacity .4s ease-in-out;transform:translate3d(0, 30px, 0)}.wp-block-uagb-image--layout-overlay__inner .uagb-image-caption{opacity:0;overflow:visible;color:#fff;transition:transform .45s,opacity .45s ease-in-out;transform:translate3d(0, 35px, 0)}.wp-block-uagb-image--layout-overlay__inner:hover .uagb-image-heading,.wp-block-uagb-image--layout-overlay__inner:hover .uagb-image-separator,.wp-block-uagb-image--layout-overlay__inner:hover .uagb-image-caption{opacity:1;transform:translate3d(0, 0, 0)}.wp-block-uagb-image--effect-zoomin .wp-block-uagb-image__figure img,.wp-block-uagb-image--effect-zoomin .wp-block-uagb-image__figure .wp-block-uagb-image--layout-overlay__color-wrapper{transform:scale(1);transition:transform .35s ease-in-out}.wp-block-uagb-image--effect-zoomin .wp-block-uagb-image__figure:hover img,.wp-block-uagb-image--effect-zoomin .wp-block-uagb-image__figure:hover .wp-block-uagb-image--layout-overlay__color-wrapper{transform:scale(1.05)}.wp-block-uagb-image--effect-slide .wp-block-uagb-image__figure img,.wp-block-uagb-image--effect-slide .wp-block-uagb-image__figure .wp-block-uagb-image--layout-overlay__color-wrapper{width:calc(100% + 40px) !important;max-width:none !important;transform:translate3d(-40px, 0, 0);transition:transform .35s ease-in-out}.wp-block-uagb-image--effect-slide .wp-block-uagb-image__figure:hover img,.wp-block-uagb-image--effect-slide .wp-block-uagb-image__figure:hover .wp-block-uagb-image--layout-overlay__color-wrapper{transform:translate3d(0, 0, 0)}.wp-block-uagb-image--effect-grayscale img{filter:grayscale(0%);transition:.35s ease-in-out}.wp-block-uagb-image--effect-grayscale:hover img{filter:grayscale(100%)}.wp-block-uagb-image--effect-blur img{filter:blur(0);transition:.35s ease-in-out}.wp-block-uagb-image--effect-blur:hover img{filter:blur(3px)}.uagb-block-e6f939b3.wp-block-uagb-image--layout-default figure img{box-shadow: 0px 0px 0 #00000070;}.uagb-block-e6f939b3.wp-block-uagb-image .wp-block-uagb-image__figure figcaption{font-style: normal;align-self: center;}.uagb-block-e6f939b3.wp-block-uagb-image--layout-overlay figure img{box-shadow: 0px 0px 0 #00000070;}.uagb-block-e6f939b3.wp-block-uagb-image--layout-overlay .wp-block-uagb-image--layout-overlay__color-wrapper{opacity: 0.2;}.uagb-block-e6f939b3.wp-block-uagb-image--layout-overlay .wp-block-uagb-image--layout-overlay__inner{left: 15px;right: 15px;top: 15px;bottom: 15px;}.uagb-block-e6f939b3.wp-block-uagb-image--layout-overlay .wp-block-uagb-image--layout-overlay__inner .uagb-image-heading{font-style: normal;color: #fff;opacity: 1;}.uagb-block-e6f939b3.wp-block-uagb-image--layout-overlay .wp-block-uagb-image--layout-overlay__inner .uagb-image-heading a{color: #fff;}.uagb-block-e6f939b3.wp-block-uagb-image--layout-overlay .wp-block-uagb-image--layout-overlay__inner .uagb-image-caption{opacity: 0;}.uagb-block-e6f939b3.wp-block-uagb-image--layout-overlay .wp-block-uagb-image__figure:hover .wp-block-uagb-image--layout-overlay__color-wrapper{opacity: 1;}.uagb-block-e6f939b3.wp-block-uagb-image .wp-block-uagb-image--layout-overlay__inner .uagb-image-separator{width: 30%;border-top-width: 2px;border-top-color: #fff;opacity: 0;}.uagb-block-e6f939b3.wp-block-uagb-image .wp-block-uagb-image__figure img{width: px;height: auto;}.uagb-block-e6f939b3.wp-block-uagb-image .wp-block-uagb-image__figure:hover .wp-block-uagb-image--layout-overlay__inner .uagb-image-caption{opacity: 1;}.uagb-block-e6f939b3.wp-block-uagb-image .wp-block-uagb-image__figure:hover .wp-block-uagb-image--layout-overlay__inner .uagb-image-separator{opacity: 1;}.uagb-block-e6f939b3.wp-block-uagb-image--layout-default figure:hover img{box-shadow: 0px 0px 0 #00000070;}.uagb-block-e6f939b3.wp-block-uagb-image--layout-overlay figure:hover img{box-shadow: 0px 0px 0 #00000070;}@media only screen and (max-width: 976px) {.uagb-block-e6f939b3.wp-block-uagb-image .wp-block-uagb-image__figure img{width: px;height: auto;}}@media only screen and (max-width: 767px) {.uagb-block-e6f939b3.wp-block-uagb-image .wp-block-uagb-image__figure img{width: px;height: auto;}}\";s:2:\"js\";s:0:\"\";s:18:\"current_block_list\";a:13:{i:0;s:11:\"core\/search\";i:1;s:10:\"core\/group\";i:2;s:12:\"core\/heading\";i:3;s:17:\"core\/latest-posts\";i:4;s:20:\"core\/latest-comments\";i:5;s:13:\"core\/archives\";i:6;s:15:\"core\/categories\";i:7;s:14:\"core\/paragraph\";i:8;s:10:\"uagb\/image\";i:9;s:11:\"core\/spacer\";i:10;s:30:\"woocommerce\/product-categories\";i:11;s:10:\"core\/image\";i:12;s:14:\"core\/shortcode\";}s:8:\"uag_flag\";b:1;s:11:\"uag_version\";s:10:\"1777217807\";s:6:\"gfonts\";a:0:{}s:10:\"gfonts_url\";s:0:\"\";s:12:\"gfonts_files\";a:0:{}s:14:\"uag_faq_layout\";b:0;}"]},"uagb_featured_image_src":{"full":["https:\/\/www.ferberpainting.com\/wp-content\/uploads\/2025\/05\/TropicalPlantFertilizer5L.png",2560,2560,false],"thumbnail":["https:\/\/www.ferberpainting.com\/wp-content\/uploads\/2025\/05\/TropicalPlantFertilizer5L-150x150.png",150,150,true],"medium":["https:\/\/www.ferberpainting.com\/wp-content\/uploads\/2025\/05\/TropicalPlantFertilizer5L-300x300.png",300,300,true],"medium_large":["https:\/\/www.ferberpainting.com\/wp-content\/uploads\/2025\/05\/TropicalPlantFertilizer5L-768x768.png",768,768,true],"large":["https:\/\/www.ferberpainting.com\/wp-content\/uploads\/2025\/05\/TropicalPlantFertilizer5L-1024x1024.png",1024,1024,true],"1536x1536":["https:\/\/www.ferberpainting.com\/wp-content\/uploads\/2025\/05\/TropicalPlantFertilizer5L-1536x1536.png",1536,1536,true],"2048x2048":["https:\/\/www.ferberpainting.com\/wp-content\/uploads\/2025\/05\/TropicalPlantFertilizer5L-2048x2048.png",2048,2048,true],"trp-custom-language-flag":["https:\/\/www.ferberpainting.com\/wp-content\/uploads\/2025\/05\/TropicalPlantFertilizer5L-12x12.png",12,12,true],"woocommerce_thumbnail":["https:\/\/www.ferberpainting.com\/wp-content\/uploads\/2025\/05\/TropicalPlantFertilizer5L-300x300.png",300,300,true],"woocommerce_single":["https:\/\/www.ferberpainting.com\/wp-content\/uploads\/2025\/05\/TropicalPlantFertilizer5L-600x600.png",600,600,true],"woocommerce_gallery_thumbnail":["https:\/\/www.ferberpainting.com\/wp-content\/uploads\/2025\/05\/TropicalPlantFertilizer5L-100x100.png",100,100,true]},"uagb_author_info":{"display_name":"admin","author_link":"https:\/\/www.ferberpainting.com\/dk\/author\/"},"uagb_comment_info":8,"uagb_excerpt":"A fertilizer specially designed for tropical plants.\u00a0Tropical plants have specific nutritional needs, requiring a balanced supply of nitrogen, phosphorus, and potassium to ensure vigorous growth, lush foliage, and abundant flowering. Our NPK 15-15-15 fertilizer is formulated to meet these needs, providing all the essential elements that promote the development of both indoor and outdoor tropical&hellip;","_links":{"self":[{"href":"https:\/\/www.ferberpainting.com\/dk\/wp-json\/wp\/v2\/product\/25601","targetHints":{"allow":["GET"]}}],"collection":[{"href":"https:\/\/www.ferberpainting.com\/dk\/wp-json\/wp\/v2\/product"}],"about":[{"href":"https:\/\/www.ferberpainting.com\/dk\/wp-json\/wp\/v2\/types\/product"}],"replies":[{"embeddable":true,"href":"https:\/\/www.ferberpainting.com\/dk\/wp-json\/wp\/v2\/comments?post=25601"}],"version-history":[{"count":5,"href":"https:\/\/www.ferberpainting.com\/dk\/wp-json\/wp\/v2\/product\/25601\/revisions"}],"predecessor-version":[{"id":167493,"href":"https:\/\/www.ferberpainting.com\/dk\/wp-json\/wp\/v2\/product\/25601\/revisions\/167493"}],"wp:featuredmedia":[{"embeddable":true,"href":"https:\/\/www.ferberpainting.com\/dk\/wp-json\/wp\/v2\/media\/27434"}],"wp:attachment":[{"href":"https:\/\/www.ferberpainting.com\/dk\/wp-json\/wp\/v2\/media?parent=25601"}],"wp:term":[{"taxonomy":"product_brand","embeddable":true,"href":"https:\/\/www.ferberpainting.com\/dk\/wp-json\/wp\/v2\/product_brand?post=25601"},{"taxonomy":"product_cat","embeddable":true,"href":"https:\/\/www.ferberpainting.com\/dk\/wp-json\/wp\/v2\/product_cat?post=25601"},{"taxonomy":"product_tag","embeddable":true,"href":"https:\/\/www.ferberpainting.com\/dk\/wp-json\/wp\/v2\/product_tag?post=25601"}],"curies":[{"name":"wp","href":"https:\/\/api.w.org\/{rel}","templated":true}]}}