{"id":25593,"date":"2025-06-30T19:36:48","date_gmt":"2025-06-30T17:36:48","guid":{"rendered":"https:\/\/www.ferberpainting.com\/?post_type=product&#038;p=25593"},"modified":"2026-02-16T13:20:41","modified_gmt":"2026-02-16T12:20:41","slug":"travertine-cleaner","status":"publish","type":"product","link":"https:\/\/www.ferberpainting.com\/dk\/products\/travertine-cleaner\/","title":{"rendered":"Reng\u00f8ringsmiddel til travertin"},"content":{"rendered":"<p><strong><img decoding=\"async\" style=\"margin-right: 12px;\" src=\"https:\/\/www.ferberpainting.com\/wp-content\/uploads\/2026\/02\/Check.svg\" alt=\"\" width=\"18\" height=\"15\" \/>Optimal effektivitet.<\/strong>\u00a0Denne travertinrens er specielt designet til effektivt at fjerne pletter, indlejret snavs, kalkaflejringer og andre urenheder, der sl\u00f8rer travertinens naturlige glans. Den kraftfulde formel tr\u00e6nger dybt ind, samtidig med at den respekterer stenens por\u00f8sitet, hvilket sikrer sk\u00e5nsom reng\u00f8ring uden risiko for skader. Den genskaber et friskt, str\u00e5lende udseende p\u00e5 dine travertinoverflader uden at efterlade m\u00e6rker eller rester.<\/p>\n<p><strong><img decoding=\"async\" style=\"margin-right: 12px;\" src=\"https:\/\/www.ferberpainting.com\/wp-content\/uploads\/2026\/02\/Check.svg\" alt=\"\" width=\"18\" height=\"15\" \/>Penge-tilbage-garanti.<\/strong>\u00a0Vi har fuld tillid til effektiviteten af vores travertinrens. Hvis du efter brug ikke er fuldt ud tilfreds med resultatet, er du berettiget til fuld refusion. Pr\u00f8v vores produkt risikofrit, og nyd perfekt rene travertinoverflader.<\/p>\n<p><strong><img decoding=\"async\" style=\"margin-right: 12px;\" src=\"https:\/\/www.ferberpainting.com\/wp-content\/uploads\/2026\/02\/Check.svg\" alt=\"\" width=\"18\" height=\"15\" \/>Enest\u00e5ende alsidighed.<\/strong>\u00a0Dette reng\u00f8ringsmiddel er ikke begr\u00e6nset til travertin! Den er ogs\u00e5 effektiv p\u00e5 andre natursten som kalksten, marmor, bl\u00e5sten og visse ikke-por\u00f8se sten. Den kan bruges p\u00e5 gulve, v\u00e6gge, bordplader, terrasser, trapper, badev\u00e6relser og endda brusere. Dens alsidighed g\u00f8r den velegnet til b\u00e5de private brugere og professionelle, der \u00f8nsker at pleje deres naturstensinstallationer med et p\u00e5lideligt og effektivt produkt.<\/p>\n<p><strong><img decoding=\"async\" style=\"margin-right: 12px;\" src=\"https:\/\/www.ferberpainting.com\/wp-content\/uploads\/2026\/02\/Check.svg\" alt=\"\" width=\"18\" height=\"15\" \/>Omkostningseffektiv ydeevne.<\/strong>\u00a0Takket v\u00e6re sin 5-liters beholder og h\u00f8je koncentration giver dette reng\u00f8ringsmiddel fremragende v\u00e6rdi. En lille m\u00e6ngde er nok til at reng\u00f8re en stor overflade, hvilket giver en \u00f8konomisk og effektiv l\u00f8sning. I gennemsnit kan en liter produkt behandle op til 60 m\u00b2 travertin, hvilket reducerer vedligeholdelsesomkostningerne og samtidig optimerer brugen.<\/p>\n<p><strong><img decoding=\"async\" style=\"margin-right: 12px;\" src=\"https:\/\/www.ferberpainting.com\/wp-content\/uploads\/2026\/02\/Check.svg\" alt=\"\" width=\"18\" height=\"15\" \/>Sikker at bruge.<\/strong>\u00a0I mods\u00e6tning til traditionelle reng\u00f8ringsmidler, der indeholder \u00e6tsende stoffer, som kan skade travertin, er dette produkt syrefrit og respekterer stenens sarte natur. Det for\u00e5rsager ikke kemiske reaktioner, misfarver ikke overflader eller sv\u00e6kker fuger. Desuden afgiver det ingen giftige dampe, hvilket g\u00f8r det sikkert at bruge selv i lukkede omr\u00e5der.<\/p>\n<p><strong><img decoding=\"async\" style=\"margin-right: 12px;\" src=\"https:\/\/www.ferberpainting.com\/wp-content\/uploads\/2026\/02\/Check.svg\" alt=\"\" width=\"18\" height=\"15\" \/>Brugervenlighed.<\/strong>\u00a0Dette produkt er klar til brug og kr\u00e6ver ingen fortynding eller kompliceret forberedelse. Det p\u00e5f\u00f8res direkte p\u00e5 overfladen med en bl\u00f8d klud, svamp, b\u00f8rste eller moppe. Dets hurtige virkning fjerner snavs p\u00e5 f\u00e5 minutter uden behov for kraftig skylning eller skrubning. Den enkle og lettilg\u00e6ngelige anvendelse g\u00f8r vedligeholdelse af travertin let for alle.<\/p>\n<p><strong><img decoding=\"async\" style=\"margin-right: 12px;\" src=\"https:\/\/www.ferberpainting.com\/wp-content\/uploads\/2026\/02\/Check.svg\" alt=\"\" width=\"18\" height=\"15\" \/>Forl\u00e6nget holdbarhed.<\/strong>\u00a0Ved at reng\u00f8re travertin regelm\u00e6ssigt med dette produkt forl\u00e6nger du levetiden p\u00e5 dine overflader og bevarer deres naturlige sk\u00f8nhed. Det forhindrer ophobning af rester, der med tiden kan plette eller sv\u00e6kke stenen. Regelm\u00e6ssig vedligeholdelse med dette reng\u00f8ringsmiddel hj\u00e6lper med at forhindre pletter og opretholder stenens integritet og udseende i mange \u00e5r.<\/p>\n<p><strong><img decoding=\"async\" style=\"margin-right: 12px;\" src=\"https:\/\/www.ferberpainting.com\/wp-content\/uploads\/2026\/02\/Check.svg\" alt=\"\" width=\"18\" height=\"15\" \/>Hurtig handling.<\/strong>\u00a0Takket v\u00e6re den meget aktive formel virker dette reng\u00f8ringsmiddel straks p\u00e5 snavs og kalkaflejringer. P\u00e5 f\u00e5 minutter opl\u00f8ser det rester og g\u00f8r det nemt at fjerne uden intens skrubning. Det giver mulighed for hurtig og effektiv vedligeholdelse, perfekt til regelm\u00e6ssig pleje eller behandling af de h\u00e5rdeste pletter.<\/p>\n<h2><strong>Protokol for brug<\/strong><\/h2>\n<ul>\n<li><strong>Forberedelse <\/strong>: S\u00f8rg for, at travertinoverfladen er t\u00f8r og fri for st\u00f8v eller faste rester. For optimal reng\u00f8ring skal overfladen fejes eller st\u00f8vsuges, f\u00f8r produktet p\u00e5f\u00f8res.<\/li>\n<li><strong>Manuel anvendelse <\/strong>: H\u00e6ld en lille m\u00e6ngde reng\u00f8ringsmiddel p\u00e5 en bl\u00f8d klud, svamp eller moppe, og fordel det j\u00e6vnt over overfladen med cirkul\u00e6re bev\u00e6gelser, s\u00e5 produktet kan tr\u00e6nge ind og opl\u00f8se snavset.<\/li>\n<li><strong>Brug af store overflader <\/strong>: For at reng\u00f8re travertingulve eller -v\u00e6gge skal du bruge en kost eller moppe og p\u00e5f\u00f8re produktet, mens du forsigtigt skrubber. Lad det sidde i et par minutter for at optimere effektiviteten, f\u00f8r du t\u00f8rrer det af med en ren klud eller skyller let.<\/li>\n<li><strong>Behandling af genstridige pletter <\/strong>: Ved indgroede pletter eller kalk p\u00e5f\u00f8res produktet direkte p\u00e5 det ber\u00f8rte omr\u00e5de, og lad det sidde i 5 til 10 minutter. Brug en bl\u00f8d b\u00f8rste eller en mildt slibende svamp til at skrubbe forsigtigt, f\u00f8r du skyller. Gentag om n\u00f8dvendigt for at opn\u00e5 de bedste resultater.<\/li>\n<li><strong>Skylning og aft\u00f8rring <\/strong>: T\u00f8r overfladen af med en t\u00f8r eller let fugtig klud for at fjerne overskydende produkt. P\u00e5 udend\u00f8rsarealer kan en hurtig skylning med en vandstr\u00e5le bruges til at afslutte reng\u00f8ringen.<\/li>\n<li><strong>Polering og beskyttelse <\/strong>: For at bevare det friske, str\u00e5lende udseende af travertin skal du t\u00f8rre af med en ren, t\u00f8r klud for at glatte og fjerne eventuelle rester. Regelm\u00e6ssig reng\u00f8ring med dette produkt hj\u00e6lper med at reducere ophobning og holde stenen i perfekt stand.<\/li>\n<li><strong>Hyppighed af brug <\/strong>: P\u00e5f\u00f8r en eller to gange om ugen for regelm\u00e6ssig vedligeholdelse og for at forhindre ophobning af snavs. Ved hyppig brug eller udend\u00f8rsarealer kan hyppigere reng\u00f8ring anbefales for at sikre optimal beskyttelse.<\/li>\n<li><strong>Opbevaring <\/strong>: Forsegl beholderen t\u00e6t efter hver brug, og opbevar den p\u00e5 et k\u00f8ligt, t\u00f8rt sted, v\u00e6k fra lys og ekstreme temperaturer, for at bevare produktets effektivitet p\u00e5 lang sigt.<\/li>\n<\/ul>\n<p>Med vores travertinrens kan du nyde godt af effektiv og ubesv\u00e6ret vedligeholdelse, samtidig med at du bevarer dine overfladers sk\u00f8nhed og lange levetid. En ideel l\u00f8sning til travertin, der forbliver ren, beskyttet og str\u00e5lende under alle forhold.<\/p>","protected":false},"excerpt":{"rendered":"<p>Optimal Efficiency.\u00a0This travertine cleaner is specially designed to effectively remove stains, embedded dirt, limescale deposits, and other impurities that dull the natural shine of travertine. Its powerful formula penetrates deeply while respecting the porosity of the stone, ensuring gentle cleaning without risk of damage. It restores a fresh, radiant look to your travertine surfaces without [&hellip;]<\/p>\n","protected":false},"featured_media":35857,"comment_status":"open","ping_status":"closed","template":"","meta":{"_uag_custom_page_level_css":"","site-sidebar-layout":"default","site-content-layout":"","ast-site-content-layout":"default","site-content-style":"default","site-sidebar-style":"default","ast-global-header-display":"","ast-banner-title-visibility":"","ast-main-header-display":"","ast-hfb-above-header-display":"","ast-hfb-below-header-display":"","ast-hfb-mobile-header-display":"","site-post-title":"","ast-breadcrumbs-content":"","ast-featured-img":"","footer-sml-layout":"","ast-disable-related-posts":"","theme-transparent-header-meta":"default","adv-header-id-meta":"","stick-header-meta":"","header-above-stick-meta":"","header-main-stick-meta":"","header-below-stick-meta":"","astra-migrate-meta-layouts":"set","ast-page-background-enabled":"default","ast-page-background-meta":{"desktop":{"background-color":"var(--ast-global-color-4)","background-image":"","background-repeat":"repeat","background-position":"center center","background-size":"auto","background-attachment":"scroll","background-type":"","background-media":"","overlay-type":"","overlay-color":"","overlay-opacity":"","overlay-gradient":""},"tablet":{"background-color":"","background-image":"","background-repeat":"repeat","background-position":"center center","background-size":"auto","background-attachment":"scroll","background-type":"","background-media":"","overlay-type":"","overlay-color":"","overlay-opacity":"","overlay-gradient":""},"mobile":{"background-color":"","background-image":"","background-repeat":"repeat","background-position":"center center","background-size":"auto","background-attachment":"scroll","background-type":"","background-media":"","overlay-type":"","overlay-color":"","overlay-opacity":"","overlay-gradient":""}},"ast-content-background-meta":{"desktop":{"background-color":"var(--ast-global-color-5)","background-image":"","background-repeat":"repeat","background-position":"center center","background-size":"auto","background-attachment":"scroll","background-type":"","background-media":"","overlay-type":"","overlay-color":"","overlay-opacity":"","overlay-gradient":""},"tablet":{"background-color":"var(--ast-global-color-5)","background-image":"","background-repeat":"repeat","background-position":"center center","background-size":"auto","background-attachment":"scroll","background-type":"","background-media":"","overlay-type":"","overlay-color":"","overlay-opacity":"","overlay-gradient":""},"mobile":{"background-color":"var(--ast-global-color-5)","background-image":"","background-repeat":"repeat","background-position":"center center","background-size":"auto","background-attachment":"scroll","background-type":"","background-media":"","overlay-type":"","overlay-color":"","overlay-opacity":"","overlay-gradient":""}}},"product_brand":[],"product_cat":[175],"product_tag":[],"class_list":{"0":"post-25593","1":"product","2":"type-product","3":"status-publish","4":"has-post-thumbnail","6":"product_cat-cleaning-products","7":"desktop-align-left","8":"tablet-align-left","9":"mobile-align-left","11":"first","12":"instock","13":"sale","14":"shipping-taxable","15":"purchasable","16":"product-type-variable","17":"has-default-attributes"},"spectra_custom_meta":{"_visibility":["visible"],"_shopify_product_id":["9106523357429"],"_s2w_shopify_domain":["ferberpainting.myshopify.com"],"_shopify_variant_id":["46626224963829"],"_sku":[""],"_manage_stock":["no"],"total_sales":["312"],"_tax_status":["taxable"],"_tax_class":[""],"_backorders":["no"],"_sold_individually":["no"],"_virtual":["no"],"_downloadable":["no"],"_download_limit":["-1"],"_download_expiry":["-1"],"_stock":[null],"_stock_status":["instock"],"_wc_average_rating":["5.00"],"_wc_review_count":["9"],"_product_attributes":["a:1:{s:6:\"volume\";a:6:{s:4:\"name\";s:6:\"Volume\";s:5:\"value\";s:20:\"5 liters | 25 liters\";s:8:\"position\";i:1;s:10:\"is_visible\";i:0;s:12:\"is_variation\";i:1;s:11:\"is_taxonomy\";i:0;}}"],"_product_version":["10.5.1"],"wpse_downloadable_file_names":[""],"wpse_downloadable_file_urls":[""],"_edit_last":["1"],"_default_attributes":["a:1:{s:6:\"volume\";s:8:\"5 liters\";}"],"_edit_lock":["1776339121:7773"],"merchant-center-availability":["yes"],"merchant-center-category":["4977"],"_thumbnail_id":["35857"],"_wp_page_template":["default"],"_wp_old_date":["2025-05-26"],"_product_image_gallery":["35858"],"site-sidebar-layout":["default"],"ast-site-content-layout":["default"],"site-content-style":["default"],"site-sidebar-style":["default"],"theme-transparent-header-meta":["default"],"_price":["29.90","129.90"],"_wc_rating_count":["a:1:{i:5;i:9;}"],"astra-migrate-meta-layouts":["set"],"_uag_css_file_name":["uag-css-25593.css"],"_elementor_page_assets":["a:0:{}"],"_uag_page_assets":["a:9:{s:3:\"css\";s:6873:\".wp-block-uagb-image{display:flex}.wp-block-uagb-image__figure{position:relative;display:flex;flex-direction:column;max-width:100%;height:auto;margin:0}.wp-block-uagb-image__figure img{height:auto;display:flex;max-width:100%;transition:box-shadow .2s ease}.wp-block-uagb-image__figure>a{display:inline-block}.wp-block-uagb-image__figure figcaption{text-align:center;margin-top:.5em;margin-bottom:1em}.wp-block-uagb-image .components-placeholder.block-editor-media-placeholder .components-placeholder__instructions{align-self:center}.wp-block-uagb-image--align-left{text-align:left}.wp-block-uagb-image--align-right{text-align:right}.wp-block-uagb-image--align-center{text-align:center}.wp-block-uagb-image--align-full .wp-block-uagb-image__figure{margin-left:calc(50% - 50vw);margin-right:calc(50% - 50vw);max-width:100vw;width:100vw;height:auto}.wp-block-uagb-image--align-full .wp-block-uagb-image__figure img{height:auto;width:100% !important}.wp-block-uagb-image--align-wide .wp-block-uagb-image__figure img{height:auto;width:100%}.wp-block-uagb-image--layout-overlay__color-wrapper{position:absolute;left:0;top:0;right:0;bottom:0;opacity:.2;background:rgba(0,0,0,.5);transition:opacity .35s ease-in-out}.wp-block-uagb-image--layout-overlay-link{position:absolute;left:0;right:0;bottom:0;top:0}.wp-block-uagb-image--layout-overlay .wp-block-uagb-image__figure:hover .wp-block-uagb-image--layout-overlay__color-wrapper{opacity:1}.wp-block-uagb-image--layout-overlay__inner{position:absolute;left:15px;right:15px;bottom:15px;top:15px;display:flex;align-items:center;justify-content:center;flex-direction:column;border-color:#fff;transition:.35s ease-in-out}.wp-block-uagb-image--layout-overlay__inner.top-left,.wp-block-uagb-image--layout-overlay__inner.top-center,.wp-block-uagb-image--layout-overlay__inner.top-right{justify-content:flex-start}.wp-block-uagb-image--layout-overlay__inner.bottom-left,.wp-block-uagb-image--layout-overlay__inner.bottom-center,.wp-block-uagb-image--layout-overlay__inner.bottom-right{justify-content:flex-end}.wp-block-uagb-image--layout-overlay__inner.top-left,.wp-block-uagb-image--layout-overlay__inner.center-left,.wp-block-uagb-image--layout-overlay__inner.bottom-left{align-items:flex-start}.wp-block-uagb-image--layout-overlay__inner.top-right,.wp-block-uagb-image--layout-overlay__inner.center-right,.wp-block-uagb-image--layout-overlay__inner.bottom-right{align-items:flex-end}.wp-block-uagb-image--layout-overlay__inner .uagb-image-heading{color:#fff;transition:transform .35s,opacity .35s ease-in-out;transform:translate3d(0, 24px, 0);margin:0;line-height:1em}.wp-block-uagb-image--layout-overlay__inner .uagb-image-separator{width:30%;border-top-width:2px;border-top-color:#fff;border-top-style:solid;margin-bottom:10px;opacity:0;transition:transform .4s,opacity .4s ease-in-out;transform:translate3d(0, 30px, 0)}.wp-block-uagb-image--layout-overlay__inner .uagb-image-caption{opacity:0;overflow:visible;color:#fff;transition:transform .45s,opacity .45s ease-in-out;transform:translate3d(0, 35px, 0)}.wp-block-uagb-image--layout-overlay__inner:hover .uagb-image-heading,.wp-block-uagb-image--layout-overlay__inner:hover .uagb-image-separator,.wp-block-uagb-image--layout-overlay__inner:hover .uagb-image-caption{opacity:1;transform:translate3d(0, 0, 0)}.wp-block-uagb-image--effect-zoomin .wp-block-uagb-image__figure img,.wp-block-uagb-image--effect-zoomin .wp-block-uagb-image__figure .wp-block-uagb-image--layout-overlay__color-wrapper{transform:scale(1);transition:transform .35s ease-in-out}.wp-block-uagb-image--effect-zoomin .wp-block-uagb-image__figure:hover img,.wp-block-uagb-image--effect-zoomin .wp-block-uagb-image__figure:hover .wp-block-uagb-image--layout-overlay__color-wrapper{transform:scale(1.05)}.wp-block-uagb-image--effect-slide .wp-block-uagb-image__figure img,.wp-block-uagb-image--effect-slide .wp-block-uagb-image__figure .wp-block-uagb-image--layout-overlay__color-wrapper{width:calc(100% + 40px) !important;max-width:none !important;transform:translate3d(-40px, 0, 0);transition:transform .35s ease-in-out}.wp-block-uagb-image--effect-slide .wp-block-uagb-image__figure:hover img,.wp-block-uagb-image--effect-slide .wp-block-uagb-image__figure:hover .wp-block-uagb-image--layout-overlay__color-wrapper{transform:translate3d(0, 0, 0)}.wp-block-uagb-image--effect-grayscale img{filter:grayscale(0%);transition:.35s ease-in-out}.wp-block-uagb-image--effect-grayscale:hover img{filter:grayscale(100%)}.wp-block-uagb-image--effect-blur img{filter:blur(0);transition:.35s ease-in-out}.wp-block-uagb-image--effect-blur:hover img{filter:blur(3px)}.uagb-block-e6f939b3.wp-block-uagb-image--layout-default figure img{box-shadow: 0px 0px 0 #00000070;}.uagb-block-e6f939b3.wp-block-uagb-image .wp-block-uagb-image__figure figcaption{font-style: normal;align-self: center;}.uagb-block-e6f939b3.wp-block-uagb-image--layout-overlay figure img{box-shadow: 0px 0px 0 #00000070;}.uagb-block-e6f939b3.wp-block-uagb-image--layout-overlay .wp-block-uagb-image--layout-overlay__color-wrapper{opacity: 0.2;}.uagb-block-e6f939b3.wp-block-uagb-image--layout-overlay .wp-block-uagb-image--layout-overlay__inner{left: 15px;right: 15px;top: 15px;bottom: 15px;}.uagb-block-e6f939b3.wp-block-uagb-image--layout-overlay .wp-block-uagb-image--layout-overlay__inner .uagb-image-heading{font-style: normal;color: #fff;opacity: 1;}.uagb-block-e6f939b3.wp-block-uagb-image--layout-overlay .wp-block-uagb-image--layout-overlay__inner .uagb-image-heading a{color: #fff;}.uagb-block-e6f939b3.wp-block-uagb-image--layout-overlay .wp-block-uagb-image--layout-overlay__inner .uagb-image-caption{opacity: 0;}.uagb-block-e6f939b3.wp-block-uagb-image--layout-overlay .wp-block-uagb-image__figure:hover .wp-block-uagb-image--layout-overlay__color-wrapper{opacity: 1;}.uagb-block-e6f939b3.wp-block-uagb-image .wp-block-uagb-image--layout-overlay__inner .uagb-image-separator{width: 30%;border-top-width: 2px;border-top-color: #fff;opacity: 0;}.uagb-block-e6f939b3.wp-block-uagb-image .wp-block-uagb-image__figure img{width: px;height: auto;}.uagb-block-e6f939b3.wp-block-uagb-image .wp-block-uagb-image__figure:hover .wp-block-uagb-image--layout-overlay__inner .uagb-image-caption{opacity: 1;}.uagb-block-e6f939b3.wp-block-uagb-image .wp-block-uagb-image__figure:hover .wp-block-uagb-image--layout-overlay__inner .uagb-image-separator{opacity: 1;}.uagb-block-e6f939b3.wp-block-uagb-image--layout-default figure:hover img{box-shadow: 0px 0px 0 #00000070;}.uagb-block-e6f939b3.wp-block-uagb-image--layout-overlay figure:hover img{box-shadow: 0px 0px 0 #00000070;}@media only screen and (max-width: 976px) {.uagb-block-e6f939b3.wp-block-uagb-image .wp-block-uagb-image__figure img{width: px;height: auto;}}@media only screen and (max-width: 767px) {.uagb-block-e6f939b3.wp-block-uagb-image .wp-block-uagb-image__figure img{width: px;height: auto;}}\";s:2:\"js\";s:0:\"\";s:18:\"current_block_list\";a:13:{i:0;s:11:\"core\/search\";i:1;s:10:\"core\/group\";i:2;s:12:\"core\/heading\";i:3;s:17:\"core\/latest-posts\";i:4;s:20:\"core\/latest-comments\";i:5;s:13:\"core\/archives\";i:6;s:15:\"core\/categories\";i:7;s:14:\"core\/paragraph\";i:8;s:10:\"uagb\/image\";i:9;s:11:\"core\/spacer\";i:10;s:30:\"woocommerce\/product-categories\";i:11;s:10:\"core\/image\";i:12;s:14:\"core\/shortcode\";}s:8:\"uag_flag\";b:1;s:11:\"uag_version\";s:10:\"1777093182\";s:6:\"gfonts\";a:0:{}s:10:\"gfonts_url\";s:0:\"\";s:12:\"gfonts_files\";a:0:{}s:14:\"uag_faq_layout\";b:0;}"]},"uagb_featured_image_src":{"full":["https:\/\/www.ferberpainting.com\/wp-content\/uploads\/2025\/05\/Travertine-Cleaner-5L-.png",2560,2560,false],"thumbnail":["https:\/\/www.ferberpainting.com\/wp-content\/uploads\/2025\/05\/Travertine-Cleaner-5L--150x150.png",150,150,true],"medium":["https:\/\/www.ferberpainting.com\/wp-content\/uploads\/2025\/05\/Travertine-Cleaner-5L--300x300.png",300,300,true],"medium_large":["https:\/\/www.ferberpainting.com\/wp-content\/uploads\/2025\/05\/Travertine-Cleaner-5L--768x768.png",768,768,true],"large":["https:\/\/www.ferberpainting.com\/wp-content\/uploads\/2025\/05\/Travertine-Cleaner-5L--1024x1024.png",1024,1024,true],"1536x1536":["https:\/\/www.ferberpainting.com\/wp-content\/uploads\/2025\/05\/Travertine-Cleaner-5L--1536x1536.png",1536,1536,true],"2048x2048":["https:\/\/www.ferberpainting.com\/wp-content\/uploads\/2025\/05\/Travertine-Cleaner-5L--2048x2048.png",2048,2048,true],"trp-custom-language-flag":["https:\/\/www.ferberpainting.com\/wp-content\/uploads\/2025\/05\/Travertine-Cleaner-5L--12x12.png",12,12,true],"woocommerce_thumbnail":["https:\/\/www.ferberpainting.com\/wp-content\/uploads\/2025\/05\/Travertine-Cleaner-5L--300x300.png",300,300,true],"woocommerce_single":["https:\/\/www.ferberpainting.com\/wp-content\/uploads\/2025\/05\/Travertine-Cleaner-5L--600x600.png",600,600,true],"woocommerce_gallery_thumbnail":["https:\/\/www.ferberpainting.com\/wp-content\/uploads\/2025\/05\/Travertine-Cleaner-5L--100x100.png",100,100,true]},"uagb_author_info":{"display_name":"admin","author_link":"https:\/\/www.ferberpainting.com\/dk\/author\/"},"uagb_comment_info":9,"uagb_excerpt":"Optimal Efficiency.\u00a0This travertine cleaner is specially designed to effectively remove stains, embedded dirt, limescale deposits, and other impurities that dull the natural shine of travertine. Its powerful formula penetrates deeply while respecting the porosity of the stone, ensuring gentle cleaning without risk of damage. It restores a fresh, radiant look to your travertine surfaces without&hellip;","_links":{"self":[{"href":"https:\/\/www.ferberpainting.com\/dk\/wp-json\/wp\/v2\/product\/25593","targetHints":{"allow":["GET"]}}],"collection":[{"href":"https:\/\/www.ferberpainting.com\/dk\/wp-json\/wp\/v2\/product"}],"about":[{"href":"https:\/\/www.ferberpainting.com\/dk\/wp-json\/wp\/v2\/types\/product"}],"replies":[{"embeddable":true,"href":"https:\/\/www.ferberpainting.com\/dk\/wp-json\/wp\/v2\/comments?post=25593"}],"version-history":[{"count":3,"href":"https:\/\/www.ferberpainting.com\/dk\/wp-json\/wp\/v2\/product\/25593\/revisions"}],"predecessor-version":[{"id":167457,"href":"https:\/\/www.ferberpainting.com\/dk\/wp-json\/wp\/v2\/product\/25593\/revisions\/167457"}],"wp:featuredmedia":[{"embeddable":true,"href":"https:\/\/www.ferberpainting.com\/dk\/wp-json\/wp\/v2\/media\/35857"}],"wp:attachment":[{"href":"https:\/\/www.ferberpainting.com\/dk\/wp-json\/wp\/v2\/media?parent=25593"}],"wp:term":[{"taxonomy":"product_brand","embeddable":true,"href":"https:\/\/www.ferberpainting.com\/dk\/wp-json\/wp\/v2\/product_brand?post=25593"},{"taxonomy":"product_cat","embeddable":true,"href":"https:\/\/www.ferberpainting.com\/dk\/wp-json\/wp\/v2\/product_cat?post=25593"},{"taxonomy":"product_tag","embeddable":true,"href":"https:\/\/www.ferberpainting.com\/dk\/wp-json\/wp\/v2\/product_tag?post=25593"}],"curies":[{"name":"wp","href":"https:\/\/api.w.org\/{rel}","templated":true}]}}