{"id":25585,"date":"2025-06-30T19:22:22","date_gmt":"2025-06-30T17:22:22","guid":{"rendered":"https:\/\/www.ferberpainting.com\/?post_type=product&#038;p=25576"},"modified":"2026-02-16T12:58:43","modified_gmt":"2026-02-16T11:58:43","slug":"toilet-cleaner","status":"publish","type":"product","link":"https:\/\/www.ferberpainting.com\/dk\/products\/toilet-cleaner\/","title":{"rendered":"WC-rens"},"content":{"rendered":"<p><strong><img decoding=\"async\" style=\"margin-right: 12px;\" src=\"https:\/\/www.ferberpainting.com\/wp-content\/uploads\/2026\/02\/Check.svg\" alt=\"\" width=\"18\" height=\"15\" \/>Optimal effektivitet.<\/strong>\u00a0Denne toiletrens er specielt formuleret til effektivt at fjerne kalk, mineralske aflejringer, rustpletter og organiske rester, der ophobes i kummen og r\u00f8rene. Takket v\u00e6re den kraftfulde formel tr\u00e6nger den dybt ind for at opl\u00f8se urenheder og neutralisere d\u00e5rlig lugt, hvilket sikrer pletfri renlighed og langvarig friskhed. Det efterlader dine toiletter funklende og desinficerede efter hver brug.<\/p>\n<p><strong><img decoding=\"async\" style=\"margin-right: 12px;\" src=\"https:\/\/www.ferberpainting.com\/wp-content\/uploads\/2026\/02\/Check.svg\" alt=\"\" width=\"18\" height=\"15\" \/>Penge-tilbage-garanti.<\/strong>\u00a0Vi har fuld tillid til effektiviteten af vores toiletrens. Hvis du efter brug ikke er fuldt ud tilfreds med resultatet, er du berettiget til fuld refusion. Pr\u00f8v vores produkt risikofrit, og nyd toiletter, der altid er rene, uden besv\u00e6r og uden vedvarende rester.<\/p>\n<p><strong><img decoding=\"async\" style=\"margin-right: 12px;\" src=\"https:\/\/www.ferberpainting.com\/wp-content\/uploads\/2026\/02\/Check.svg\" alt=\"\" width=\"18\" height=\"15\" \/>Enest\u00e5ende alsidighed.<\/strong> Dette reng\u00f8ringsmiddel er ikke begr\u00e6nset til toiletsk\u00e5le, det er ogs\u00e5 effektivt til reng\u00f8ring af h\u00e5ndvaske, badekar, brusere, h\u00e5ndvaske og fliser. Det virker p\u00e5 en lang r\u00e6kke materialer som keramik, porcel\u00e6n, glas, plast og endda visse overflader af rustfrit st\u00e5l. Den er ideel til brug i hjemmet, professionelt eller kommunalt og garanterer et hygiejnisk og sundt milj\u00f8.<\/p>\n<p><strong><img decoding=\"async\" style=\"margin-right: 12px;\" src=\"https:\/\/www.ferberpainting.com\/wp-content\/uploads\/2026\/02\/Check.svg\" alt=\"\" width=\"18\" height=\"15\" \/>Omkostningseffektiv ydeevne.<\/strong>\u00a0Takket v\u00e6re sin 5-liters beholder og h\u00f8je koncentration giver dette reng\u00f8ringsmiddel fremragende v\u00e6rdi. En lille m\u00e6ngde er nok til at reng\u00f8re en stor overflade eller flere toiletter grundigt. I gennemsnit kan en liter produkt reng\u00f8re op til 50 m\u00b2 sanit\u00e6re overflader, hvilket giver en \u00f8konomisk og effektiv l\u00f8sning til regelm\u00e6ssig brug.<\/p>\n<p><strong><img decoding=\"async\" style=\"margin-right: 12px;\" src=\"https:\/\/www.ferberpainting.com\/wp-content\/uploads\/2026\/02\/Check.svg\" alt=\"\" width=\"18\" height=\"15\" \/>Sikker at bruge.<\/strong>\u00a0I mods\u00e6tning til WC-reng\u00f8ringsmidler, der indeholder syrer eller \u00e6tsende midler, er dette produkt formuleret uden skadelige stoffer for overflader og sundhed. Det for\u00e5rsager ikke hudirritation eller afgiver giftige dampe, hvilket g\u00f8r det sikkert at bruge selv i lukkede rum. Det respekterer VVS-installationer og beskadiger ikke t\u00e6tninger eller r\u00f8r, hvilket sikrer effektiv og sikker reng\u00f8ring.<\/p>\n<p><strong><img decoding=\"async\" style=\"margin-right: 12px;\" src=\"https:\/\/www.ferberpainting.com\/wp-content\/uploads\/2026\/02\/Check.svg\" alt=\"\" width=\"18\" height=\"15\" \/>Brugervenlighed.<\/strong>\u00a0Dette produkt er klar til brug og kr\u00e6ver ingen fortynding eller kompliceret forberedelse. Det p\u00e5f\u00f8res direkte i toiletkummen, p\u00e5 v\u00e6ggene og under kanten til dybdereng\u00f8ring. Den hurtige virkning fjerner kalk og urenheder p\u00e5 f\u00e5 minutter uden behov for intens skrubning. Den intuitive brug g\u00f8r den daglige vedligeholdelse af toilettet nem og sikrer optimal renhed p\u00e5 minimal tid.<\/p>\n<p><strong><img decoding=\"async\" style=\"margin-right: 12px;\" src=\"https:\/\/www.ferberpainting.com\/wp-content\/uploads\/2026\/02\/Check.svg\" alt=\"\" width=\"18\" height=\"15\" \/>Forl\u00e6nget holdbarhed.<\/strong>\u00a0Ved regelm\u00e6ssigt at fjerne kalk og indkapslede aflejringer hj\u00e6lper dette reng\u00f8ringsmiddel med at forl\u00e6nge levetiden for sanit\u00e6re installationer og forhindre for tidlig slitage af toiletsk\u00e5le og r\u00f8r. Det forhindrer ophobning af rester, der kan for\u00e5rsage tilstopning eller funktionsfejl, hvilket sikrer j\u00e6vnt skyl og lettere vedligeholdelse. Regelm\u00e6ssig brug bevarer b\u00e5de toiletternes glans og effektivitet over tid.<\/p>\n<p><strong><img decoding=\"async\" style=\"margin-right: 12px;\" src=\"https:\/\/www.ferberpainting.com\/wp-content\/uploads\/2026\/02\/Check.svg\" alt=\"\" width=\"18\" height=\"15\" \/>Hurtig handling.<\/strong>\u00a0Takket v\u00e6re den meget aktive formel virker dette reng\u00f8ringsmiddel \u00f8jeblikkeligt p\u00e5 pletter og mineralaflejringer. P\u00e5 f\u00e5 minutter opl\u00f8ser det urenheder og g\u00f8r det lettere at fjerne dem uden st\u00f8rre anstrengelser. Den giver en hurtig og effektiv reng\u00f8ring - ideel til regelm\u00e6ssig vedligeholdelse af toilettet og sikrer up\u00e5klagelig hygiejne og optimal komfort.<\/p>\n<h2><strong>Protokol for brug<\/strong><\/h2>\n<ul>\n<li><strong>Forberedelse <\/strong>: S\u00f8rg for, at toilettet er klar til at blive rengjort. Fjern eventuelt overskydende vand, s\u00e5 produktet virker bedre p\u00e5 udsatte overflader.<\/li>\n<li><strong>Direkte p\u00e5f\u00f8ring i sk\u00e5len <\/strong>: H\u00e6ld en tilstr\u00e6kkelig m\u00e6ngde reng\u00f8ringsmiddel (ca. 100 ml) p\u00e5 de indvendige v\u00e6gge, under kanten og i bunden af toiletkummen. S\u00f8rg for at fordele produktet godt, s\u00e5 det d\u00e6kker hele overfladen.<\/li>\n<li><strong>Anvendelse p\u00e5 sanit\u00e6re overflader <\/strong>: P\u00e5f\u00f8r produktet med en svamp eller mikrofiberklud for at reng\u00f8re h\u00e5ndvaske, badekar, brusere eller flisebelagte omr\u00e5der. Fordel det j\u00e6vnt, og lad det sidde i et par minutter.<\/li>\n<li><strong>Opholdstid <\/strong>: Lad produktet virke i 5 til 10 minutter for at opl\u00f8se snavs og fastgroet kalk. For mere modstandsdygtige aflejringer, lad det sidde i op til 15 minutter, f\u00f8r du skrubber.<\/li>\n<li><strong>Skrubning og reng\u00f8ring <\/strong>: Brug en toiletb\u00f8rste til forsigtigt at skrubbe sk\u00e5lens v\u00e6gge og fjerne opl\u00f8ste aflejringer. Andre overflader skrubbes forsigtigt med en svamp eller en bl\u00f8d b\u00f8rste for at opn\u00e5 optimal reng\u00f8ring.<\/li>\n<li><strong>Skylning og efterbehandling <\/strong>: Skyl sk\u00e5len for at fjerne alle produktrester. P\u00e5 udvendige eller sanit\u00e6re overflader skal du skylle grundigt med rent vand og t\u00f8rre af med en t\u00f8r klud for at f\u00e5 en fejlfri finish.<\/li>\n<li><strong>Deodorisering og beskyttelse <\/strong>: Takket v\u00e6re sin reng\u00f8rende virkning fjerner produktet d\u00e5rlig lugt og efterlader en frisk duft efter hver brug. Regelm\u00e6ssig vedligeholdelse sikrer, at dine toiletter altid er rene og behagelige at bruge.<\/li>\n<li><strong>Hyppighed af brug <\/strong>: Anvendes en gang om ugen til regelm\u00e6ssig vedligeholdelse af toilet og sanitet. Ved intensiv brug eller i milj\u00f8er med meget h\u00e5rdt vand anbefales reng\u00f8ring hver 3. dag for at forhindre kalk- og bakterieopbygning.<\/li>\n<li><strong>Opbevaring <\/strong>: Forsegl beholderen t\u00e6t efter hver brug, og opbevar den p\u00e5 et k\u00f8ligt, t\u00f8rt sted, v\u00e6k fra lys og ekstreme temperaturer, for at bevare produktets effektivitet over tid.<\/li>\n<\/ul>\n<p>Med vores toiletrens sikrer du effektiv og ubesv\u00e6ret reng\u00f8ring, samtidig med at du bevarer renheden, glansen og levetiden af dine sanit\u00e6re installationer. En ideel l\u00f8sning til perfekt hygiejne og altid pletfri toiletter.<\/p>","protected":false},"excerpt":{"rendered":"<p>Optimal Efficiency.\u00a0This toilet cleaner is specially formulated to effectively remove limescale, mineral deposits, rust stains, and organic residues that accumulate in the bowl and pipes. Thanks to its powerful formula, it penetrates deeply to dissolve impurities and neutralize bad odors, ensuring spotless cleanliness and long-lasting freshness. It leaves your toilets sparkling and disinfected after every [&hellip;]<\/p>\n","protected":false},"featured_media":35845,"comment_status":"open","ping_status":"closed","template":"","meta":{"_uag_custom_page_level_css":"","site-sidebar-layout":"default","site-content-layout":"","ast-site-content-layout":"default","site-content-style":"default","site-sidebar-style":"default","ast-global-header-display":"","ast-banner-title-visibility":"","ast-main-header-display":"","ast-hfb-above-header-display":"","ast-hfb-below-header-display":"","ast-hfb-mobile-header-display":"","site-post-title":"","ast-breadcrumbs-content":"","ast-featured-img":"","footer-sml-layout":"","ast-disable-related-posts":"","theme-transparent-header-meta":"default","adv-header-id-meta":"","stick-header-meta":"","header-above-stick-meta":"","header-main-stick-meta":"","header-below-stick-meta":"","astra-migrate-meta-layouts":"set","ast-page-background-enabled":"default","ast-page-background-meta":{"desktop":{"background-color":"var(--ast-global-color-4)","background-image":"","background-repeat":"repeat","background-position":"center center","background-size":"auto","background-attachment":"scroll","background-type":"","background-media":"","overlay-type":"","overlay-color":"","overlay-opacity":"","overlay-gradient":""},"tablet":{"background-color":"","background-image":"","background-repeat":"repeat","background-position":"center center","background-size":"auto","background-attachment":"scroll","background-type":"","background-media":"","overlay-type":"","overlay-color":"","overlay-opacity":"","overlay-gradient":""},"mobile":{"background-color":"","background-image":"","background-repeat":"repeat","background-position":"center center","background-size":"auto","background-attachment":"scroll","background-type":"","background-media":"","overlay-type":"","overlay-color":"","overlay-opacity":"","overlay-gradient":""}},"ast-content-background-meta":{"desktop":{"background-color":"var(--ast-global-color-5)","background-image":"","background-repeat":"repeat","background-position":"center center","background-size":"auto","background-attachment":"scroll","background-type":"","background-media":"","overlay-type":"","overlay-color":"","overlay-opacity":"","overlay-gradient":""},"tablet":{"background-color":"var(--ast-global-color-5)","background-image":"","background-repeat":"repeat","background-position":"center center","background-size":"auto","background-attachment":"scroll","background-type":"","background-media":"","overlay-type":"","overlay-color":"","overlay-opacity":"","overlay-gradient":""},"mobile":{"background-color":"var(--ast-global-color-5)","background-image":"","background-repeat":"repeat","background-position":"center center","background-size":"auto","background-attachment":"scroll","background-type":"","background-media":"","overlay-type":"","overlay-color":"","overlay-opacity":"","overlay-gradient":""}}},"product_brand":[],"product_cat":[175],"product_tag":[],"class_list":{"0":"post-25585","1":"product","2":"type-product","3":"status-publish","4":"has-post-thumbnail","6":"product_cat-cleaning-products","7":"desktop-align-left","8":"tablet-align-left","9":"mobile-align-left","11":"first","12":"instock","13":"sale","14":"shipping-taxable","15":"purchasable","16":"product-type-variable","17":"has-default-attributes"},"spectra_custom_meta":{"_visibility":["visible"],"_shopify_product_id":["9106242502901"],"_s2w_shopify_domain":["ferberpainting.myshopify.com"],"_shopify_variant_id":["46625790689525"],"_sku":[""],"_manage_stock":["no"],"total_sales":["4"],"_tax_status":["taxable"],"_tax_class":[""],"_backorders":["no"],"_sold_individually":["no"],"_virtual":["no"],"_downloadable":["no"],"_download_limit":["-1"],"_download_expiry":["-1"],"_stock":[null],"_stock_status":["instock"],"_wc_average_rating":["5.00"],"_wc_review_count":["10"],"_product_attributes":["a:1:{s:6:\"volume\";a:6:{s:4:\"name\";s:6:\"Volume\";s:5:\"value\";s:20:\"5 liters | 25 liters\";s:8:\"position\";i:1;s:10:\"is_visible\";i:0;s:12:\"is_variation\";i:1;s:11:\"is_taxonomy\";i:0;}}"],"_product_version":["10.5.1"],"wpse_downloadable_file_names":[""],"wpse_downloadable_file_urls":[""],"_edit_last":["1"],"_default_attributes":["a:1:{s:6:\"volume\";s:8:\"5 liters\";}"],"_edit_lock":["1771242984:1"],"_price":["29.90","129.90"],"merchant-center-availability":["yes"],"merchant-center-category":["4980"],"_thumbnail_id":["35845"],"_wp_page_template":["default"],"_wp_old_date":["2025-05-26"],"_product_image_gallery":["35846"],"site-sidebar-layout":["default"],"ast-site-content-layout":["default"],"site-content-style":["default"],"site-sidebar-style":["default"],"theme-transparent-header-meta":["default"],"_wc_rating_count":["a:1:{i:5;i:10;}"],"astra-migrate-meta-layouts":["set"],"_uag_css_file_name":["uag-css-25585.css"],"_elementor_page_assets":["a:0:{}"],"_uag_page_assets":["a:9:{s:3:\"css\";s:7133:\".uag-blocks-common-selector{z-index:var(--z-index-desktop) !important}@media(max-width: 976px){.uag-blocks-common-selector{z-index:var(--z-index-tablet) !important}}@media(max-width: 767px){.uag-blocks-common-selector{z-index:var(--z-index-mobile) !important}}.wp-block-uagb-image{display:flex}.wp-block-uagb-image__figure{position:relative;display:flex;flex-direction:column;max-width:100%;height:auto;margin:0}.wp-block-uagb-image__figure img{height:auto;display:flex;max-width:100%;transition:box-shadow .2s ease}.wp-block-uagb-image__figure>a{display:inline-block}.wp-block-uagb-image__figure figcaption{text-align:center;margin-top:.5em;margin-bottom:1em}.wp-block-uagb-image .components-placeholder.block-editor-media-placeholder .components-placeholder__instructions{align-self:center}.wp-block-uagb-image--align-left{text-align:left}.wp-block-uagb-image--align-right{text-align:right}.wp-block-uagb-image--align-center{text-align:center}.wp-block-uagb-image--align-full .wp-block-uagb-image__figure{margin-left:calc(50% - 50vw);margin-right:calc(50% - 50vw);max-width:100vw;width:100vw;height:auto}.wp-block-uagb-image--align-full .wp-block-uagb-image__figure img{height:auto;width:100% !important}.wp-block-uagb-image--align-wide .wp-block-uagb-image__figure img{height:auto;width:100%}.wp-block-uagb-image--layout-overlay__color-wrapper{position:absolute;left:0;top:0;right:0;bottom:0;opacity:.2;background:rgba(0,0,0,.5);transition:opacity .35s ease-in-out}.wp-block-uagb-image--layout-overlay-link{position:absolute;left:0;right:0;bottom:0;top:0}.wp-block-uagb-image--layout-overlay .wp-block-uagb-image__figure:hover .wp-block-uagb-image--layout-overlay__color-wrapper{opacity:1}.wp-block-uagb-image--layout-overlay__inner{position:absolute;left:15px;right:15px;bottom:15px;top:15px;display:flex;align-items:center;justify-content:center;flex-direction:column;border-color:#fff;transition:.35s ease-in-out}.wp-block-uagb-image--layout-overlay__inner.top-left,.wp-block-uagb-image--layout-overlay__inner.top-center,.wp-block-uagb-image--layout-overlay__inner.top-right{justify-content:flex-start}.wp-block-uagb-image--layout-overlay__inner.bottom-left,.wp-block-uagb-image--layout-overlay__inner.bottom-center,.wp-block-uagb-image--layout-overlay__inner.bottom-right{justify-content:flex-end}.wp-block-uagb-image--layout-overlay__inner.top-left,.wp-block-uagb-image--layout-overlay__inner.center-left,.wp-block-uagb-image--layout-overlay__inner.bottom-left{align-items:flex-start}.wp-block-uagb-image--layout-overlay__inner.top-right,.wp-block-uagb-image--layout-overlay__inner.center-right,.wp-block-uagb-image--layout-overlay__inner.bottom-right{align-items:flex-end}.wp-block-uagb-image--layout-overlay__inner .uagb-image-heading{color:#fff;transition:transform .35s,opacity .35s ease-in-out;transform:translate3d(0, 24px, 0);margin:0;line-height:1em}.wp-block-uagb-image--layout-overlay__inner .uagb-image-separator{width:30%;border-top-width:2px;border-top-color:#fff;border-top-style:solid;margin-bottom:10px;opacity:0;transition:transform .4s,opacity .4s ease-in-out;transform:translate3d(0, 30px, 0)}.wp-block-uagb-image--layout-overlay__inner .uagb-image-caption{opacity:0;overflow:visible;color:#fff;transition:transform .45s,opacity .45s ease-in-out;transform:translate3d(0, 35px, 0)}.wp-block-uagb-image--layout-overlay__inner:hover .uagb-image-heading,.wp-block-uagb-image--layout-overlay__inner:hover .uagb-image-separator,.wp-block-uagb-image--layout-overlay__inner:hover .uagb-image-caption{opacity:1;transform:translate3d(0, 0, 0)}.wp-block-uagb-image--effect-zoomin .wp-block-uagb-image__figure img,.wp-block-uagb-image--effect-zoomin .wp-block-uagb-image__figure .wp-block-uagb-image--layout-overlay__color-wrapper{transform:scale(1);transition:transform .35s ease-in-out}.wp-block-uagb-image--effect-zoomin .wp-block-uagb-image__figure:hover img,.wp-block-uagb-image--effect-zoomin .wp-block-uagb-image__figure:hover .wp-block-uagb-image--layout-overlay__color-wrapper{transform:scale(1.05)}.wp-block-uagb-image--effect-slide .wp-block-uagb-image__figure img,.wp-block-uagb-image--effect-slide .wp-block-uagb-image__figure .wp-block-uagb-image--layout-overlay__color-wrapper{width:calc(100% + 40px) !important;max-width:none !important;transform:translate3d(-40px, 0, 0);transition:transform .35s ease-in-out}.wp-block-uagb-image--effect-slide .wp-block-uagb-image__figure:hover img,.wp-block-uagb-image--effect-slide .wp-block-uagb-image__figure:hover .wp-block-uagb-image--layout-overlay__color-wrapper{transform:translate3d(0, 0, 0)}.wp-block-uagb-image--effect-grayscale img{filter:grayscale(0%);transition:.35s ease-in-out}.wp-block-uagb-image--effect-grayscale:hover img{filter:grayscale(100%)}.wp-block-uagb-image--effect-blur img{filter:blur(0);transition:.35s ease-in-out}.wp-block-uagb-image--effect-blur:hover img{filter:blur(3px)}.uagb-block-e6f939b3.wp-block-uagb-image--layout-default figure img{box-shadow: 0px 0px 0 #00000070;}.uagb-block-e6f939b3.wp-block-uagb-image .wp-block-uagb-image__figure figcaption{font-style: normal;align-self: center;}.uagb-block-e6f939b3.wp-block-uagb-image--layout-overlay figure img{box-shadow: 0px 0px 0 #00000070;}.uagb-block-e6f939b3.wp-block-uagb-image--layout-overlay .wp-block-uagb-image--layout-overlay__color-wrapper{opacity: 0.2;}.uagb-block-e6f939b3.wp-block-uagb-image--layout-overlay .wp-block-uagb-image--layout-overlay__inner{left: 15px;right: 15px;top: 15px;bottom: 15px;}.uagb-block-e6f939b3.wp-block-uagb-image--layout-overlay .wp-block-uagb-image--layout-overlay__inner .uagb-image-heading{font-style: normal;color: #fff;opacity: 1;}.uagb-block-e6f939b3.wp-block-uagb-image--layout-overlay .wp-block-uagb-image--layout-overlay__inner .uagb-image-heading a{color: #fff;}.uagb-block-e6f939b3.wp-block-uagb-image--layout-overlay .wp-block-uagb-image--layout-overlay__inner .uagb-image-caption{opacity: 0;}.uagb-block-e6f939b3.wp-block-uagb-image--layout-overlay .wp-block-uagb-image__figure:hover .wp-block-uagb-image--layout-overlay__color-wrapper{opacity: 1;}.uagb-block-e6f939b3.wp-block-uagb-image .wp-block-uagb-image--layout-overlay__inner .uagb-image-separator{width: 30%;border-top-width: 2px;border-top-color: #fff;opacity: 0;}.uagb-block-e6f939b3.wp-block-uagb-image .wp-block-uagb-image__figure img{width: px;height: auto;}.uagb-block-e6f939b3.wp-block-uagb-image .wp-block-uagb-image__figure:hover .wp-block-uagb-image--layout-overlay__inner .uagb-image-caption{opacity: 1;}.uagb-block-e6f939b3.wp-block-uagb-image .wp-block-uagb-image__figure:hover .wp-block-uagb-image--layout-overlay__inner .uagb-image-separator{opacity: 1;}.uagb-block-e6f939b3.wp-block-uagb-image--layout-default figure:hover img{box-shadow: 0px 0px 0 #00000070;}.uagb-block-e6f939b3.wp-block-uagb-image--layout-overlay figure:hover img{box-shadow: 0px 0px 0 #00000070;}@media only screen and (max-width: 976px) {.uagb-block-e6f939b3.wp-block-uagb-image .wp-block-uagb-image__figure img{width: px;height: auto;}}@media only screen and (max-width: 767px) {.uagb-block-e6f939b3.wp-block-uagb-image .wp-block-uagb-image__figure img{width: px;height: auto;}}\";s:2:\"js\";s:0:\"\";s:18:\"current_block_list\";a:13:{i:0;s:11:\"core\/search\";i:1;s:10:\"core\/group\";i:2;s:12:\"core\/heading\";i:3;s:17:\"core\/latest-posts\";i:4;s:20:\"core\/latest-comments\";i:5;s:13:\"core\/archives\";i:6;s:15:\"core\/categories\";i:7;s:14:\"core\/paragraph\";i:8;s:10:\"uagb\/image\";i:9;s:11:\"core\/spacer\";i:10;s:30:\"woocommerce\/product-categories\";i:11;s:10:\"core\/image\";i:12;s:14:\"core\/shortcode\";}s:8:\"uag_flag\";b:1;s:11:\"uag_version\";s:10:\"1777115777\";s:6:\"gfonts\";a:0:{}s:10:\"gfonts_url\";s:0:\"\";s:12:\"gfonts_files\";a:0:{}s:14:\"uag_faq_layout\";b:0;}"]},"uagb_featured_image_src":{"full":["https:\/\/www.ferberpainting.com\/wp-content\/uploads\/2025\/05\/Toilet-Cleaner-5L.png",2560,2560,false],"thumbnail":["https:\/\/www.ferberpainting.com\/wp-content\/uploads\/2025\/05\/Toilet-Cleaner-5L-150x150.png",150,150,true],"medium":["https:\/\/www.ferberpainting.com\/wp-content\/uploads\/2025\/05\/Toilet-Cleaner-5L-300x300.png",300,300,true],"medium_large":["https:\/\/www.ferberpainting.com\/wp-content\/uploads\/2025\/05\/Toilet-Cleaner-5L-768x768.png",768,768,true],"large":["https:\/\/www.ferberpainting.com\/wp-content\/uploads\/2025\/05\/Toilet-Cleaner-5L-1024x1024.png",1024,1024,true],"1536x1536":["https:\/\/www.ferberpainting.com\/wp-content\/uploads\/2025\/05\/Toilet-Cleaner-5L-1536x1536.png",1536,1536,true],"2048x2048":["https:\/\/www.ferberpainting.com\/wp-content\/uploads\/2025\/05\/Toilet-Cleaner-5L-2048x2048.png",2048,2048,true],"trp-custom-language-flag":["https:\/\/www.ferberpainting.com\/wp-content\/uploads\/2025\/05\/Toilet-Cleaner-5L-12x12.png",12,12,true],"woocommerce_thumbnail":["https:\/\/www.ferberpainting.com\/wp-content\/uploads\/2025\/05\/Toilet-Cleaner-5L-300x300.png",300,300,true],"woocommerce_single":["https:\/\/www.ferberpainting.com\/wp-content\/uploads\/2025\/05\/Toilet-Cleaner-5L-600x600.png",600,600,true],"woocommerce_gallery_thumbnail":["https:\/\/www.ferberpainting.com\/wp-content\/uploads\/2025\/05\/Toilet-Cleaner-5L-100x100.png",100,100,true]},"uagb_author_info":{"display_name":"admin","author_link":"https:\/\/www.ferberpainting.com\/dk\/author\/"},"uagb_comment_info":10,"uagb_excerpt":"Optimal Efficiency.\u00a0This toilet cleaner is specially formulated to effectively remove limescale, mineral deposits, rust stains, and organic residues that accumulate in the bowl and pipes. Thanks to its powerful formula, it penetrates deeply to dissolve impurities and neutralize bad odors, ensuring spotless cleanliness and long-lasting freshness. It leaves your toilets sparkling and disinfected after every&hellip;","_links":{"self":[{"href":"https:\/\/www.ferberpainting.com\/dk\/wp-json\/wp\/v2\/product\/25585","targetHints":{"allow":["GET"]}}],"collection":[{"href":"https:\/\/www.ferberpainting.com\/dk\/wp-json\/wp\/v2\/product"}],"about":[{"href":"https:\/\/www.ferberpainting.com\/dk\/wp-json\/wp\/v2\/types\/product"}],"replies":[{"embeddable":true,"href":"https:\/\/www.ferberpainting.com\/dk\/wp-json\/wp\/v2\/comments?post=25585"}],"version-history":[{"count":4,"href":"https:\/\/www.ferberpainting.com\/dk\/wp-json\/wp\/v2\/product\/25585\/revisions"}],"predecessor-version":[{"id":167436,"href":"https:\/\/www.ferberpainting.com\/dk\/wp-json\/wp\/v2\/product\/25585\/revisions\/167436"}],"wp:featuredmedia":[{"embeddable":true,"href":"https:\/\/www.ferberpainting.com\/dk\/wp-json\/wp\/v2\/media\/35845"}],"wp:attachment":[{"href":"https:\/\/www.ferberpainting.com\/dk\/wp-json\/wp\/v2\/media?parent=25585"}],"wp:term":[{"taxonomy":"product_brand","embeddable":true,"href":"https:\/\/www.ferberpainting.com\/dk\/wp-json\/wp\/v2\/product_brand?post=25585"},{"taxonomy":"product_cat","embeddable":true,"href":"https:\/\/www.ferberpainting.com\/dk\/wp-json\/wp\/v2\/product_cat?post=25585"},{"taxonomy":"product_tag","embeddable":true,"href":"https:\/\/www.ferberpainting.com\/dk\/wp-json\/wp\/v2\/product_tag?post=25585"}],"curies":[{"name":"wp","href":"https:\/\/api.w.org\/{rel}","templated":true}]}}