{"id":25361,"date":"2025-06-30T20:36:16","date_gmt":"2025-06-30T18:36:16","guid":{"rendered":"https:\/\/www.ferberpainting.com\/?post_type=product&#038;p=25358"},"modified":"2026-02-16T12:35:08","modified_gmt":"2026-02-16T11:35:08","slug":"terracotta-water-repellent","status":"publish","type":"product","link":"https:\/\/www.ferberpainting.com\/dk\/products\/terracotta-water-repellent\/","title":{"rendered":"Vandafvisende middel til terrakotta og teglfliser"},"content":{"rendered":"<p><strong><img decoding=\"async\" style=\"margin-right: 12px;\" src=\"https:\/\/www.ferberpainting.com\/wp-content\/uploads\/2026\/02\/Check.svg\" alt=\"\" width=\"18\" height=\"15\" \/>Beskyttelse mod fugt.<\/strong>\u00a0Denne impr\u00e6gnering til terracotta- og lerfliser er specielt designet til at give effektiv fugtbeskyttelse. Det tr\u00e6nger dybt ind i por\u00f8se materialer og danner en usynlig barriere, der forhindrer vand i at tr\u00e6nge ind, samtidig med at materialet kan \u00e5nde. Det betyder, at dine terracotta- eller lerflisegulve er beskyttet mod vandinfiltration, som kan f\u00f8re til nedbrydning, skimmel eller for tidlig slitage med tiden. Det er den ideelle l\u00f8sning til at bevare smukke overflader, selv i milj\u00f8er med h\u00f8j luftfugtighed.<\/p>\n<p><strong><img decoding=\"async\" style=\"margin-right: 12px;\" src=\"https:\/\/www.ferberpainting.com\/wp-content\/uploads\/2026\/02\/Check.svg\" alt=\"\" width=\"18\" height=\"15\" \/>Penge-tilbage-garanti.<\/strong>\u00a0Vi er overbeviste om, at vores produkt er effektivt, og derfor tilbyder vi en tilfredsheds- eller refusionsgaranti. Hvis du ikke er fuldt ud tilfreds med resultaterne af denne impr\u00e6gnering, kan du anmode om fuld refusion. Denne returpolitik sikrer ro i sindet, n\u00e5r du tester produktet risikofrit.<\/p>\n<p><strong><img decoding=\"async\" style=\"margin-right: 12px;\" src=\"https:\/\/www.ferberpainting.com\/wp-content\/uploads\/2026\/02\/Check.svg\" alt=\"\" width=\"18\" height=\"15\" \/>Alt-i-en-beskyttelse.<\/strong>\u00a0Denne impr\u00e6gnering til terracotta- og lerfliser er unik i sin evne til at beskytte por\u00f8se gulve som terracotta- og lerfliser. Den fungerer ogs\u00e5 godt p\u00e5 por\u00f8se naturmaterialer som kalksten, mursten og visse cementbaserede overflader. Dens alsidighed g\u00f8r den til en fantastisk l\u00f8sning til store, fugteksponerede overflader, b\u00e5de dekorative og funktionelle, og giver varig og usynlig beskyttelse.<\/p>\n<p><strong><img decoding=\"async\" style=\"margin-right: 12px;\" src=\"https:\/\/www.ferberpainting.com\/wp-content\/uploads\/2026\/02\/Check.svg\" alt=\"\" width=\"18\" height=\"15\" \/>Omkostningseffektivt.<\/strong>\u00a0Denne impr\u00e6gnering har en fremragende ydeevne pr. liter. I gennemsnit d\u00e6kker en liter mellem 6 og 8 m\u00b2 afh\u00e6ngigt af overfladens por\u00f8sitet. En 5-liters beholder kan behandle op til 40 m\u00b2, hvilket g\u00f8r det til en smart investering til beskyttelse af gulve og dekorative overflader. Den h\u00f8je ydeevne og lange levetid reducerer behovet for hyppig genanvendelse og hj\u00e6lper med at spare penge p\u00e5 vedligeholdelse.<\/p>\n<p><strong><img decoding=\"async\" style=\"margin-right: 12px;\" src=\"https:\/\/www.ferberpainting.com\/wp-content\/uploads\/2026\/02\/Check.svg\" alt=\"\" width=\"18\" height=\"15\" \/>Ikke-giftig.<\/strong>\u00a0Dette produkt er designet til at v\u00e6re sikkert for b\u00e5de brugere og behandlede overflader. Det udsender ikke skadelige dampe og beskadiger ikke f\u00f8lsomme materialer. Det er fri for farlige stoffer, hvilket g\u00f8r det ideelt til brug i hjemmet eller i professionelle omgivelser. F\u00f8lg altid anbefalingerne for p\u00e5f\u00f8ring for at opn\u00e5 sikre og effektive resultater.<\/p>\n<p><strong><img decoding=\"async\" style=\"margin-right: 12px;\" src=\"https:\/\/www.ferberpainting.com\/wp-content\/uploads\/2026\/02\/Check.svg\" alt=\"\" width=\"18\" height=\"15\" \/>Let at p\u00e5f\u00f8re.<\/strong>\u00a0Produktet er klar til brug og kr\u00e6ver ingen fortynding. Det kan p\u00e5f\u00f8res direkte p\u00e5 overfladen med pensel, rulle eller spr\u00f8jte. P\u00e5f\u00f8ringen er enkel og tilg\u00e6ngelig for alle brugere, selv uden professionelt v\u00e6rkt\u00f8j. Den hurtige t\u00f8rretid giver mulighed for hurtige resultater med minimal indsats. Til store omr\u00e5der er denne impr\u00e6gnering ideel til at reducere p\u00e5f\u00f8ringstiden og samtidig sikre p\u00e5lidelig, usynlig beskyttelse.<\/p>\n<p><strong><img decoding=\"async\" style=\"margin-right: 12px;\" src=\"https:\/\/www.ferberpainting.com\/wp-content\/uploads\/2026\/02\/Check.svg\" alt=\"\" width=\"18\" height=\"15\" \/>Holdbar og langtidsholdbar.<\/strong>\u00a0N\u00e5r den er p\u00e5f\u00f8rt, beskytter denne impr\u00e6gnering terracotta- og lerflisegulve i \u00e5revis. Under normale forhold og afh\u00e6ngigt af fugtighedseksponering kan en p\u00e5f\u00f8ring give beskyttelse i 2 til 5 \u00e5r. Denne lange levetid er en stor fordel for at reducere vedligeholdelsesbehovet og bevare overfladekvaliteten.<\/p>\n<p><strong><img decoding=\"async\" style=\"margin-right: 12px;\" src=\"https:\/\/www.ferberpainting.com\/wp-content\/uploads\/2026\/02\/Check.svg\" alt=\"\" width=\"18\" height=\"15\" \/>Hurtig t\u00f8rring og hurtige resultater.<\/strong>\u00a0Denne impr\u00e6gnering er ogs\u00e5 kendt for sin hurtighed. N\u00e5r den er p\u00e5f\u00f8rt, tr\u00e6nger den hurtigt ind i overfladen og begynder at virke uden at efterlade kl\u00e6brige rester. T\u00f8rretiden varierer fra 1 til 2 timer, men vi anbefaler at vente 24 timer, f\u00f8r overfladen uds\u00e6ttes for vand, for at opn\u00e5 optimale resultater. Denne hurtige behandling er is\u00e6r nyttig til l\u00f8bende vedligeholdelse eller n\u00f8dbehandling af fugtf\u00f8lsomme overflader.<\/p>\n<h2><strong>Protokol for brug<\/strong><\/h2>\n<ul>\n<li><strong>Forberedelse af overflade <\/strong>: F\u00f8r produktet p\u00e5f\u00f8res, skal det sikres, at terracotta- eller lerflisegulve er rene og t\u00f8rre. Reng\u00f8r om n\u00f8dvendigt overfladen med et reng\u00f8ringsmiddel for at fjerne st\u00f8v og fedt. Overfladen skal v\u00e6re helt t\u00f8r for at sikre god vedh\u00e6ftning af produktet. Hvis fliserne er fugtige, skal du vente mindst 24 timer f\u00f8r p\u00e5f\u00f8ring.<\/li>\n<li><strong>Produktanvendelse <\/strong>: Denne impr\u00e6gnering er klar til brug og kr\u00e6ver ingen fortynding. P\u00e5f\u00f8r den direkte med pensel, rulle eller spr\u00f8jte. Vi anbefaler at arbejde i sektioner for at sikre j\u00e6vn d\u00e6kning. For at opn\u00e5 de bedste resultater med en spr\u00f8jte skal du holde en afstand p\u00e5 ca. 30 cm. P\u00e5f\u00f8r om n\u00f8dvendigt et ekstra lag for at opn\u00e5 bedre holdbarhed, is\u00e6r p\u00e5 por\u00f8se fliser. Undg\u00e5 overm\u00e6tning ved at sprede produktet j\u00e6vnt.<\/li>\n<li><strong>M\u00e6ngde til brug <\/strong>: En liter impr\u00e6gnering d\u00e6kker typisk mellem 6 og 8 m\u00b2 afh\u00e6ngigt af overfladens por\u00f8sitet. For et enkelt, optimalt lag kan en 5-liters beholder behandle op til 40 m\u00b2. P\u00e5 st\u00e6rkt absorberende overflader kan det v\u00e6re n\u00f8dvendigt med endnu et lag. Tillad 1 til 2 timers t\u00f8rring mellem lagene.<\/li>\n<li><strong>T\u00f8rretid <\/strong>: Lad produktet t\u00f8rre i ca. 1 til 2 timer, f\u00f8r overfladen uds\u00e6ttes for let fugt. For at opn\u00e5 fuld effektivitet skal du lade den vandt\u00e6tte barriere h\u00e6rde i 24 timer, f\u00f8r du kommer i kontakt med vand. Undg\u00e5 uds\u00e6ttelse for regn eller h\u00f8j luftfugtighed i mindst 48 timer efter p\u00e5f\u00f8ring.<\/li>\n<li><strong>Genans\u00f8gning <\/strong>: Afh\u00e6ngigt af vejrliget kan det v\u00e6re n\u00f8dvendigt at p\u00e5f\u00f8re igen hvert 2. til 5. \u00e5r. P\u00e5 omr\u00e5der med meget trafik eller hyppig vask kan det v\u00e6re n\u00f8dvendigt med hyppigere p\u00e5f\u00f8ring for at opretholde optimal beskyttelse.<\/li>\n<li><strong>Vedligeholdelse <\/strong>: Dette produkt kr\u00e6ver ikke s\u00e6rlig vedligeholdelse. Reng\u00f8r blot overfladerne med vand og mild s\u00e6be for at forhindre ophobning af snavs. Undg\u00e5 skrappe kemikalier eller slibende reng\u00f8ringsmidler, som kan beskadige den vandt\u00e6tte film.<\/li>\n<\/ul>\n<p>Kort sagt er denne impr\u00e6gnering til terrakotta- og lerfliser et produkt af h\u00f8j kvalitet, der forl\u00e6nger levetiden p\u00e5 dine flisebelagte overflader og beskytter dem mod fugt. Det er nemt at p\u00e5f\u00f8re, \u00f8konomisk og langtidsholdbart, og det er en ideel l\u00f8sning til at bevare dine flisers udseende og styrke i b\u00e5de private og professionelle omgivelser.<\/p>","protected":false},"excerpt":{"rendered":"<p>Moisture Protection.\u00a0This waterproofer for terracotta and clay tiles is specifically designed to offer effective moisture protection. It deeply penetrates porous materials, forming an invisible barrier that prevents water from seeping in while still allowing the material to breathe. This means your terracotta or clay tile floors are protected from water infiltration, which can lead to [&hellip;]<\/p>\n","protected":false},"featured_media":35903,"comment_status":"open","ping_status":"closed","template":"","meta":{"_uag_custom_page_level_css":"","site-sidebar-layout":"default","site-content-layout":"","ast-site-content-layout":"default","site-content-style":"default","site-sidebar-style":"default","ast-global-header-display":"","ast-banner-title-visibility":"","ast-main-header-display":"","ast-hfb-above-header-display":"","ast-hfb-below-header-display":"","ast-hfb-mobile-header-display":"","site-post-title":"","ast-breadcrumbs-content":"","ast-featured-img":"","footer-sml-layout":"","ast-disable-related-posts":"","theme-transparent-header-meta":"default","adv-header-id-meta":"","stick-header-meta":"","header-above-stick-meta":"","header-main-stick-meta":"","header-below-stick-meta":"","astra-migrate-meta-layouts":"set","ast-page-background-enabled":"default","ast-page-background-meta":{"desktop":{"background-color":"var(--ast-global-color-4)","background-image":"","background-repeat":"repeat","background-position":"center center","background-size":"auto","background-attachment":"scroll","background-type":"","background-media":"","overlay-type":"","overlay-color":"","overlay-opacity":"","overlay-gradient":""},"tablet":{"background-color":"","background-image":"","background-repeat":"repeat","background-position":"center center","background-size":"auto","background-attachment":"scroll","background-type":"","background-media":"","overlay-type":"","overlay-color":"","overlay-opacity":"","overlay-gradient":""},"mobile":{"background-color":"","background-image":"","background-repeat":"repeat","background-position":"center center","background-size":"auto","background-attachment":"scroll","background-type":"","background-media":"","overlay-type":"","overlay-color":"","overlay-opacity":"","overlay-gradient":""}},"ast-content-background-meta":{"desktop":{"background-color":"var(--ast-global-color-5)","background-image":"","background-repeat":"repeat","background-position":"center center","background-size":"auto","background-attachment":"scroll","background-type":"","background-media":"","overlay-type":"","overlay-color":"","overlay-opacity":"","overlay-gradient":""},"tablet":{"background-color":"var(--ast-global-color-5)","background-image":"","background-repeat":"repeat","background-position":"center center","background-size":"auto","background-attachment":"scroll","background-type":"","background-media":"","overlay-type":"","overlay-color":"","overlay-opacity":"","overlay-gradient":""},"mobile":{"background-color":"var(--ast-global-color-5)","background-image":"","background-repeat":"repeat","background-position":"center center","background-size":"auto","background-attachment":"scroll","background-type":"","background-media":"","overlay-type":"","overlay-color":"","overlay-opacity":"","overlay-gradient":""}}},"product_brand":[],"product_cat":[191],"product_tag":[],"class_list":{"0":"post-25361","1":"product","2":"type-product","3":"status-publish","4":"has-post-thumbnail","6":"product_cat-water-repellent","7":"desktop-align-left","8":"tablet-align-left","9":"mobile-align-left","11":"first","12":"instock","13":"sale","14":"shipping-taxable","15":"purchasable","16":"product-type-variable","17":"has-default-attributes"},"spectra_custom_meta":{"_visibility":["visible"],"_shopify_product_id":["9106628018421"],"_s2w_shopify_domain":["ferberpainting.myshopify.com"],"_shopify_variant_id":["46626359771381"],"_sku":[""],"_manage_stock":["no"],"total_sales":["72"],"_tax_status":["taxable"],"_tax_class":[""],"_backorders":["no"],"_sold_individually":["no"],"_virtual":["no"],"_downloadable":["no"],"_download_limit":["-1"],"_download_expiry":["-1"],"_stock":[null],"_stock_status":["instock"],"_wc_average_rating":["5.00"],"_wc_review_count":["35"],"_product_attributes":["a:1:{s:6:\"volume\";a:6:{s:4:\"name\";s:6:\"Volume\";s:5:\"value\";s:20:\"5 liters | 25 liters\";s:8:\"position\";i:1;s:10:\"is_visible\";i:0;s:12:\"is_variation\";i:1;s:11:\"is_taxonomy\";i:0;}}"],"_product_version":["10.5.1"],"wpse_downloadable_file_names":[""],"wpse_downloadable_file_urls":[""],"_edit_last":["1"],"_default_attributes":["a:1:{s:6:\"volume\";s:8:\"5 liters\";}"],"_edit_lock":["1771241573:1"],"_price":["29.90","129.90"],"merchant-center-availability":["yes"],"merchant-center-category":["503738"],"_thumbnail_id":["35903"],"_wp_page_template":["default"],"_wp_old_date":["2025-05-26"],"_product_image_gallery":["35904"],"site-sidebar-layout":["default"],"ast-site-content-layout":["default"],"site-content-style":["default"],"site-sidebar-style":["default"],"theme-transparent-header-meta":["default"],"_wc_rating_count":["a:1:{i:5;i:35;}"],"astra-migrate-meta-layouts":["set"],"_uag_css_file_name":["uag-css-25361.css"],"_elementor_page_assets":["a:0:{}"],"_uag_page_assets":["a:9:{s:3:\"css\";s:6873:\".wp-block-uagb-image{display:flex}.wp-block-uagb-image__figure{position:relative;display:flex;flex-direction:column;max-width:100%;height:auto;margin:0}.wp-block-uagb-image__figure img{height:auto;display:flex;max-width:100%;transition:box-shadow .2s ease}.wp-block-uagb-image__figure>a{display:inline-block}.wp-block-uagb-image__figure figcaption{text-align:center;margin-top:.5em;margin-bottom:1em}.wp-block-uagb-image .components-placeholder.block-editor-media-placeholder .components-placeholder__instructions{align-self:center}.wp-block-uagb-image--align-left{text-align:left}.wp-block-uagb-image--align-right{text-align:right}.wp-block-uagb-image--align-center{text-align:center}.wp-block-uagb-image--align-full .wp-block-uagb-image__figure{margin-left:calc(50% - 50vw);margin-right:calc(50% - 50vw);max-width:100vw;width:100vw;height:auto}.wp-block-uagb-image--align-full .wp-block-uagb-image__figure img{height:auto;width:100% !important}.wp-block-uagb-image--align-wide .wp-block-uagb-image__figure img{height:auto;width:100%}.wp-block-uagb-image--layout-overlay__color-wrapper{position:absolute;left:0;top:0;right:0;bottom:0;opacity:.2;background:rgba(0,0,0,.5);transition:opacity .35s ease-in-out}.wp-block-uagb-image--layout-overlay-link{position:absolute;left:0;right:0;bottom:0;top:0}.wp-block-uagb-image--layout-overlay .wp-block-uagb-image__figure:hover .wp-block-uagb-image--layout-overlay__color-wrapper{opacity:1}.wp-block-uagb-image--layout-overlay__inner{position:absolute;left:15px;right:15px;bottom:15px;top:15px;display:flex;align-items:center;justify-content:center;flex-direction:column;border-color:#fff;transition:.35s ease-in-out}.wp-block-uagb-image--layout-overlay__inner.top-left,.wp-block-uagb-image--layout-overlay__inner.top-center,.wp-block-uagb-image--layout-overlay__inner.top-right{justify-content:flex-start}.wp-block-uagb-image--layout-overlay__inner.bottom-left,.wp-block-uagb-image--layout-overlay__inner.bottom-center,.wp-block-uagb-image--layout-overlay__inner.bottom-right{justify-content:flex-end}.wp-block-uagb-image--layout-overlay__inner.top-left,.wp-block-uagb-image--layout-overlay__inner.center-left,.wp-block-uagb-image--layout-overlay__inner.bottom-left{align-items:flex-start}.wp-block-uagb-image--layout-overlay__inner.top-right,.wp-block-uagb-image--layout-overlay__inner.center-right,.wp-block-uagb-image--layout-overlay__inner.bottom-right{align-items:flex-end}.wp-block-uagb-image--layout-overlay__inner .uagb-image-heading{color:#fff;transition:transform .35s,opacity .35s ease-in-out;transform:translate3d(0, 24px, 0);margin:0;line-height:1em}.wp-block-uagb-image--layout-overlay__inner .uagb-image-separator{width:30%;border-top-width:2px;border-top-color:#fff;border-top-style:solid;margin-bottom:10px;opacity:0;transition:transform .4s,opacity .4s ease-in-out;transform:translate3d(0, 30px, 0)}.wp-block-uagb-image--layout-overlay__inner .uagb-image-caption{opacity:0;overflow:visible;color:#fff;transition:transform .45s,opacity .45s ease-in-out;transform:translate3d(0, 35px, 0)}.wp-block-uagb-image--layout-overlay__inner:hover .uagb-image-heading,.wp-block-uagb-image--layout-overlay__inner:hover .uagb-image-separator,.wp-block-uagb-image--layout-overlay__inner:hover .uagb-image-caption{opacity:1;transform:translate3d(0, 0, 0)}.wp-block-uagb-image--effect-zoomin .wp-block-uagb-image__figure img,.wp-block-uagb-image--effect-zoomin .wp-block-uagb-image__figure .wp-block-uagb-image--layout-overlay__color-wrapper{transform:scale(1);transition:transform .35s ease-in-out}.wp-block-uagb-image--effect-zoomin .wp-block-uagb-image__figure:hover img,.wp-block-uagb-image--effect-zoomin .wp-block-uagb-image__figure:hover .wp-block-uagb-image--layout-overlay__color-wrapper{transform:scale(1.05)}.wp-block-uagb-image--effect-slide .wp-block-uagb-image__figure img,.wp-block-uagb-image--effect-slide .wp-block-uagb-image__figure .wp-block-uagb-image--layout-overlay__color-wrapper{width:calc(100% + 40px) !important;max-width:none !important;transform:translate3d(-40px, 0, 0);transition:transform .35s ease-in-out}.wp-block-uagb-image--effect-slide .wp-block-uagb-image__figure:hover img,.wp-block-uagb-image--effect-slide .wp-block-uagb-image__figure:hover .wp-block-uagb-image--layout-overlay__color-wrapper{transform:translate3d(0, 0, 0)}.wp-block-uagb-image--effect-grayscale img{filter:grayscale(0%);transition:.35s ease-in-out}.wp-block-uagb-image--effect-grayscale:hover img{filter:grayscale(100%)}.wp-block-uagb-image--effect-blur img{filter:blur(0);transition:.35s ease-in-out}.wp-block-uagb-image--effect-blur:hover img{filter:blur(3px)}.uagb-block-e6f939b3.wp-block-uagb-image--layout-default figure img{box-shadow: 0px 0px 0 #00000070;}.uagb-block-e6f939b3.wp-block-uagb-image .wp-block-uagb-image__figure figcaption{font-style: normal;align-self: center;}.uagb-block-e6f939b3.wp-block-uagb-image--layout-overlay figure img{box-shadow: 0px 0px 0 #00000070;}.uagb-block-e6f939b3.wp-block-uagb-image--layout-overlay .wp-block-uagb-image--layout-overlay__color-wrapper{opacity: 0.2;}.uagb-block-e6f939b3.wp-block-uagb-image--layout-overlay .wp-block-uagb-image--layout-overlay__inner{left: 15px;right: 15px;top: 15px;bottom: 15px;}.uagb-block-e6f939b3.wp-block-uagb-image--layout-overlay .wp-block-uagb-image--layout-overlay__inner .uagb-image-heading{font-style: normal;color: #fff;opacity: 1;}.uagb-block-e6f939b3.wp-block-uagb-image--layout-overlay .wp-block-uagb-image--layout-overlay__inner .uagb-image-heading a{color: #fff;}.uagb-block-e6f939b3.wp-block-uagb-image--layout-overlay .wp-block-uagb-image--layout-overlay__inner .uagb-image-caption{opacity: 0;}.uagb-block-e6f939b3.wp-block-uagb-image--layout-overlay .wp-block-uagb-image__figure:hover .wp-block-uagb-image--layout-overlay__color-wrapper{opacity: 1;}.uagb-block-e6f939b3.wp-block-uagb-image .wp-block-uagb-image--layout-overlay__inner .uagb-image-separator{width: 30%;border-top-width: 2px;border-top-color: #fff;opacity: 0;}.uagb-block-e6f939b3.wp-block-uagb-image .wp-block-uagb-image__figure img{width: px;height: auto;}.uagb-block-e6f939b3.wp-block-uagb-image .wp-block-uagb-image__figure:hover .wp-block-uagb-image--layout-overlay__inner .uagb-image-caption{opacity: 1;}.uagb-block-e6f939b3.wp-block-uagb-image .wp-block-uagb-image__figure:hover .wp-block-uagb-image--layout-overlay__inner .uagb-image-separator{opacity: 1;}.uagb-block-e6f939b3.wp-block-uagb-image--layout-default figure:hover img{box-shadow: 0px 0px 0 #00000070;}.uagb-block-e6f939b3.wp-block-uagb-image--layout-overlay figure:hover img{box-shadow: 0px 0px 0 #00000070;}@media only screen and (max-width: 976px) {.uagb-block-e6f939b3.wp-block-uagb-image .wp-block-uagb-image__figure img{width: px;height: auto;}}@media only screen and (max-width: 767px) {.uagb-block-e6f939b3.wp-block-uagb-image .wp-block-uagb-image__figure img{width: px;height: auto;}}\";s:2:\"js\";s:0:\"\";s:18:\"current_block_list\";a:13:{i:0;s:11:\"core\/search\";i:1;s:10:\"core\/group\";i:2;s:12:\"core\/heading\";i:3;s:17:\"core\/latest-posts\";i:4;s:20:\"core\/latest-comments\";i:5;s:13:\"core\/archives\";i:6;s:15:\"core\/categories\";i:7;s:14:\"core\/paragraph\";i:8;s:10:\"uagb\/image\";i:9;s:11:\"core\/spacer\";i:10;s:30:\"woocommerce\/product-categories\";i:11;s:10:\"core\/image\";i:12;s:14:\"core\/shortcode\";}s:8:\"uag_flag\";b:1;s:11:\"uag_version\";s:10:\"1777100883\";s:6:\"gfonts\";a:0:{}s:10:\"gfonts_url\";s:0:\"\";s:12:\"gfonts_files\";a:0:{}s:14:\"uag_faq_layout\";b:0;}"]},"uagb_featured_image_src":{"full":["https:\/\/www.ferberpainting.com\/wp-content\/uploads\/2025\/05\/Terracotta-Water-Repellent-5L-.png",2560,2560,false],"thumbnail":["https:\/\/www.ferberpainting.com\/wp-content\/uploads\/2025\/05\/Terracotta-Water-Repellent-5L--150x150.png",150,150,true],"medium":["https:\/\/www.ferberpainting.com\/wp-content\/uploads\/2025\/05\/Terracotta-Water-Repellent-5L--300x300.png",300,300,true],"medium_large":["https:\/\/www.ferberpainting.com\/wp-content\/uploads\/2025\/05\/Terracotta-Water-Repellent-5L--768x768.png",768,768,true],"large":["https:\/\/www.ferberpainting.com\/wp-content\/uploads\/2025\/05\/Terracotta-Water-Repellent-5L--1024x1024.png",1024,1024,true],"1536x1536":["https:\/\/www.ferberpainting.com\/wp-content\/uploads\/2025\/05\/Terracotta-Water-Repellent-5L--1536x1536.png",1536,1536,true],"2048x2048":["https:\/\/www.ferberpainting.com\/wp-content\/uploads\/2025\/05\/Terracotta-Water-Repellent-5L--2048x2048.png",2048,2048,true],"trp-custom-language-flag":["https:\/\/www.ferberpainting.com\/wp-content\/uploads\/2025\/05\/Terracotta-Water-Repellent-5L--12x12.png",12,12,true],"woocommerce_thumbnail":["https:\/\/www.ferberpainting.com\/wp-content\/uploads\/2025\/05\/Terracotta-Water-Repellent-5L--300x300.png",300,300,true],"woocommerce_single":["https:\/\/www.ferberpainting.com\/wp-content\/uploads\/2025\/05\/Terracotta-Water-Repellent-5L--600x600.png",600,600,true],"woocommerce_gallery_thumbnail":["https:\/\/www.ferberpainting.com\/wp-content\/uploads\/2025\/05\/Terracotta-Water-Repellent-5L--100x100.png",100,100,true]},"uagb_author_info":{"display_name":"admin","author_link":"https:\/\/www.ferberpainting.com\/dk\/author\/"},"uagb_comment_info":35,"uagb_excerpt":"Moisture Protection.\u00a0This waterproofer for terracotta and clay tiles is specifically designed to offer effective moisture protection. It deeply penetrates porous materials, forming an invisible barrier that prevents water from seeping in while still allowing the material to breathe. This means your terracotta or clay tile floors are protected from water infiltration, which can lead to&hellip;","_links":{"self":[{"href":"https:\/\/www.ferberpainting.com\/dk\/wp-json\/wp\/v2\/product\/25361","targetHints":{"allow":["GET"]}}],"collection":[{"href":"https:\/\/www.ferberpainting.com\/dk\/wp-json\/wp\/v2\/product"}],"about":[{"href":"https:\/\/www.ferberpainting.com\/dk\/wp-json\/wp\/v2\/types\/product"}],"replies":[{"embeddable":true,"href":"https:\/\/www.ferberpainting.com\/dk\/wp-json\/wp\/v2\/comments?post=25361"}],"version-history":[{"count":3,"href":"https:\/\/www.ferberpainting.com\/dk\/wp-json\/wp\/v2\/product\/25361\/revisions"}],"predecessor-version":[{"id":167379,"href":"https:\/\/www.ferberpainting.com\/dk\/wp-json\/wp\/v2\/product\/25361\/revisions\/167379"}],"wp:featuredmedia":[{"embeddable":true,"href":"https:\/\/www.ferberpainting.com\/dk\/wp-json\/wp\/v2\/media\/35903"}],"wp:attachment":[{"href":"https:\/\/www.ferberpainting.com\/dk\/wp-json\/wp\/v2\/media?parent=25361"}],"wp:term":[{"taxonomy":"product_brand","embeddable":true,"href":"https:\/\/www.ferberpainting.com\/dk\/wp-json\/wp\/v2\/product_brand?post=25361"},{"taxonomy":"product_cat","embeddable":true,"href":"https:\/\/www.ferberpainting.com\/dk\/wp-json\/wp\/v2\/product_cat?post=25361"},{"taxonomy":"product_tag","embeddable":true,"href":"https:\/\/www.ferberpainting.com\/dk\/wp-json\/wp\/v2\/product_tag?post=25361"}],"curies":[{"name":"wp","href":"https:\/\/api.w.org\/{rel}","templated":true}]}}