{"id":25345,"date":"2025-06-30T20:02:34","date_gmt":"2025-06-30T18:02:34","guid":{"rendered":"https:\/\/www.ferberpainting.com\/?post_type=product&#038;p=25336"},"modified":"2026-02-16T12:25:28","modified_gmt":"2026-02-16T11:25:28","slug":"tar-bitumen-and-asphalt-cleaner","status":"publish","type":"product","link":"https:\/\/www.ferberpainting.com\/dk\/products\/tar-bitumen-and-asphalt-cleaner\/","title":{"rendered":"Reng\u00f8ringsmiddel til tj\u00e6re, bitumen og asfalt"},"content":{"rendered":"<p><strong><img decoding=\"async\" style=\"margin-right: 12px;\" src=\"https:\/\/www.ferberpainting.com\/wp-content\/uploads\/2026\/02\/Check.svg\" alt=\"\" width=\"18\" height=\"15\" \/>Optimal effektivitet.<\/strong>\u00a0Denne tj\u00e6re- og bitumenrens er specielt formuleret til effektivt at fjerne tj\u00e6rerester, bitumenpletter, fedtaflejringer og indlejrede urenheder p\u00e5 forskellige overflader. Takket v\u00e6re den kraftfulde formel opl\u00f8ses h\u00e5rdt snavs hurtigt, samtidig med at behandlede materialer bevares. Den sikrer dybdereng\u00f8ring og efterlader overflader rene og fri for ethvert spor af tj\u00e6re uden behov for intens skrubning.<\/p>\n<p><strong><img decoding=\"async\" style=\"margin-right: 12px;\" src=\"https:\/\/www.ferberpainting.com\/wp-content\/uploads\/2026\/02\/Check.svg\" alt=\"\" width=\"18\" height=\"15\" \/>Penge-tilbage-garanti.<\/strong>\u00a0Vi har fuld tillid til effektiviteten af vores reng\u00f8ringsmiddel. Hvis du ikke er helt tilfreds efter brug, er du berettiget til fuld refusion. Pr\u00f8v vores produkt risikofrit, og nyd ubesv\u00e6ret reng\u00f8ring uden rester.<\/p>\n<p><strong><img decoding=\"async\" style=\"margin-right: 12px;\" src=\"https:\/\/www.ferberpainting.com\/wp-content\/uploads\/2026\/02\/Check.svg\" alt=\"\" width=\"18\" height=\"15\" \/>Enest\u00e5ende alsidighed.<\/strong>\u00a0Dette reng\u00f8ringsmiddel er ikke begr\u00e6nset til bitumin\u00f8se overflader, det er ogs\u00e5 ideelt til at fjerne tj\u00e6re fra bilkarosserier, entrepren\u00f8rmaskiner, bygningsfacader, industrielt udstyr, hjul og overflader, der uds\u00e6ttes for tj\u00e6rest\u00e6nk, uanset om det er beton, sten, metal, plast, keramik eller natursten. Den garanterer dyb og effektiv reng\u00f8ring uden at beskadige overfladen.<\/p>\n<p><strong><img decoding=\"async\" style=\"margin-right: 12px;\" src=\"https:\/\/www.ferberpainting.com\/wp-content\/uploads\/2026\/02\/Check.svg\" alt=\"\" width=\"18\" height=\"15\" \/>Omkostningseffektivt.<\/strong>\u00a0Med sin 5-liters beholder og h\u00f8je effektivitet giver dette reng\u00f8ringsmiddel et fremragende udbytte. En lille m\u00e6ngde er nok til at opl\u00f8se tj\u00e6re- og bitumenrester p\u00e5 store omr\u00e5der. I gennemsnit kan en liter reng\u00f8re op til 40 m\u00b2 tj\u00e6re- eller bitumenoverflade, hvilket g\u00f8r det til en omkostningseffektiv l\u00f8sning til b\u00e5de rutinem\u00e6ssig og intensiv vedligeholdelse.<\/p>\n<p><strong><img decoding=\"async\" style=\"margin-right: 12px;\" src=\"https:\/\/www.ferberpainting.com\/wp-content\/uploads\/2026\/02\/Check.svg\" alt=\"\" width=\"18\" height=\"15\" \/>Sikker at bruge.<\/strong>\u00a0I mods\u00e6tning til skrappe opl\u00f8sningsmidler og \u00e6tsende kemikalier, der kan beskadige overflader, er dette reng\u00f8ringsmiddel formuleret til at v\u00e6re b\u00e5de effektivt og materialesikkert. Det indeholder ingen giftige eller farlige ingredienser, udsender ingen skadelige dampe og er sikkert til professionel og privat brug. Det beskytter b\u00e5de brugeren og milj\u00f8et.<\/p>\n<p><strong><img decoding=\"async\" style=\"margin-right: 12px;\" src=\"https:\/\/www.ferberpainting.com\/wp-content\/uploads\/2026\/02\/Check.svg\" alt=\"\" width=\"18\" height=\"15\" \/>Brugervenlighed.<\/strong>\u00a0Dette produkt er klar til brug og kr\u00e6ver ingen fortynding eller kompliceret forberedelse. Du skal blot p\u00e5f\u00f8re det direkte p\u00e5 overfladen med en klud, svamp eller spr\u00f8jte. Den hurtigtvirkende formel og brugervenligheden g\u00f8r det nemt at fjerne tj\u00e6repletter uden specialudstyr eller komplicerede trin.<\/p>\n<p><strong><img decoding=\"async\" style=\"margin-right: 12px;\" src=\"https:\/\/www.ferberpainting.com\/wp-content\/uploads\/2026\/02\/Check.svg\" alt=\"\" width=\"18\" height=\"15\" \/>Forbedret holdbarhed.<\/strong>\u00a0Ved effektivt at fjerne tj\u00e6re- og bitumenrester beskytter dette reng\u00f8ringsmiddel behandlede materialer og forl\u00e6nger deres levetid. Det forhindrer ophobning af aflejringer, der kan for\u00e5rsage overfladeskader over tid, og hj\u00e6lper med at holde udstyr og strukturer i fremragende stand med forbedret modstandsdygtighed over for ydre p\u00e5virkninger.<\/p>\n<p><strong><img decoding=\"async\" style=\"margin-right: 12px;\" src=\"https:\/\/www.ferberpainting.com\/wp-content\/uploads\/2026\/02\/Check.svg\" alt=\"\" width=\"18\" height=\"15\" \/>Hurtig handling.<\/strong>\u00a0Takket v\u00e6re den meget aktive formel virker dette reng\u00f8ringsmiddel \u00f8jeblikkeligt p\u00e5 tj\u00e6repletter og bitumenrester. P\u00e5 f\u00e5 minutter opl\u00f8ser det snavset og g\u00f8r det lettere at fjerne det uden at skrubbe h\u00e5rdt. Den \u00f8jeblikkelige virkning g\u00f8r den ideel til brug p\u00e5 stedet eller i milj\u00f8er, der kr\u00e6ver hurtig reaktion.<\/p>\n<h2><strong>Brugsanvisning<\/strong><\/h2>\n<ul>\n<li><strong>Forberedelse <\/strong>: S\u00f8rg for, at overfladen er t\u00f8r og tilg\u00e6ngelig, f\u00f8r du p\u00e5f\u00f8rer produktet. Fjern synligt snavs eller ophobninger for at maksimere produktets virkning.<\/li>\n<li><strong>Manuel anvendelse <\/strong>: H\u00e6ld en lille m\u00e6ngde reng\u00f8ringsmiddel p\u00e5 en ren klud, svamp eller bl\u00f8d b\u00f8rste, og p\u00e5f\u00f8r det j\u00e6vnt p\u00e5 tj\u00e6repletterne, mens du forsigtigt skrubber omr\u00e5det.<\/li>\n<li><strong>Brug p\u00e5 store overflader <\/strong>: Ved st\u00f8rre omr\u00e5der skal du bruge en spr\u00f8jte til at p\u00e5f\u00f8re produktet direkte p\u00e5 den ber\u00f8rte zone. Lad det sidde i et par minutter, s\u00e5 produktet effektivt kan opl\u00f8se resterne.<\/li>\n<li><strong>Reng\u00f8ring og handling <\/strong>: Lad produktet virke i 3 til 5 minutter p\u00e5 genstridige pletter, og t\u00f8r derefter af med en ren klud eller bl\u00f8d b\u00f8rste. Gentag processen, hvis det er n\u00f8dvendigt, p\u00e5 meget snavsede omr\u00e5der.<\/li>\n<li><strong>Skylning <\/strong>: T\u00f8r af med en ren, fugtig klud for at fjerne produktrester og opn\u00e5 en perfekt finish. Hvis det bruges p\u00e5 por\u00f8se overflader, skylles det grundigt med rent vand.<\/li>\n<li><strong>T\u00f8rring og efterbehandling <\/strong>: Lad det luftt\u00f8rre, eller t\u00f8r det af med en t\u00f8r mikrofiberklud for et pletfrit resultat. P\u00e5 metalliske eller malede overflader kan man bruge et let polermiddel for at genskabe glansen.<\/li>\n<li><strong>Hyppighed af brug <\/strong>: P\u00e5f\u00f8r, s\u00e5 snart der opst\u00e5r tj\u00e6repletter, s\u00e5 det er nemt at fjerne. Til professionel brug anbefales m\u00e5nedlig reng\u00f8ring for at bevare udstyr og infrastruktur.<\/li>\n<li><strong>Opbevaring <\/strong>: Luk beholderen t\u00e6t efter hver brug, og opbevar den p\u00e5 et k\u00f8ligt, t\u00f8rt sted, v\u00e6k fra lys og ekstreme temperaturer, for at bevare produktets effektivitet over tid.<\/li>\n<\/ul>\n<p>Med vores tj\u00e6re- og bitumenrens kan du nemt fjerne selv de h\u00e5rdeste pletter og f\u00e5 pletfri overflader p\u00e5 et \u00f8jeblik. En effektiv, hurtig og sikker l\u00f8sning til ubesv\u00e6ret vedligeholdelse med professionelle resultater.<\/p>","protected":false},"excerpt":{"rendered":"<p>Optimal Effectiveness.\u00a0This tar and bitumen cleaner is specially formulated to effectively remove tar residues, bitumen stains, grease deposits, and embedded impurities on various surfaces. Thanks to its powerful formula, it quickly dissolves tough grime while preserving treated materials. It ensures deep cleaning, leaving surfaces clean and free from any trace of tar without the need [&hellip;]<\/p>\n","protected":false},"featured_media":35877,"comment_status":"open","ping_status":"closed","template":"","meta":{"_uag_custom_page_level_css":"","site-sidebar-layout":"default","site-content-layout":"","ast-site-content-layout":"default","site-content-style":"default","site-sidebar-style":"default","ast-global-header-display":"","ast-banner-title-visibility":"","ast-main-header-display":"","ast-hfb-above-header-display":"","ast-hfb-below-header-display":"","ast-hfb-mobile-header-display":"","site-post-title":"","ast-breadcrumbs-content":"","ast-featured-img":"","footer-sml-layout":"","ast-disable-related-posts":"","theme-transparent-header-meta":"default","adv-header-id-meta":"","stick-header-meta":"","header-above-stick-meta":"","header-main-stick-meta":"","header-below-stick-meta":"","astra-migrate-meta-layouts":"set","ast-page-background-enabled":"default","ast-page-background-meta":{"desktop":{"background-color":"var(--ast-global-color-4)","background-image":"","background-repeat":"repeat","background-position":"center center","background-size":"auto","background-attachment":"scroll","background-type":"","background-media":"","overlay-type":"","overlay-color":"","overlay-opacity":"","overlay-gradient":""},"tablet":{"background-color":"","background-image":"","background-repeat":"repeat","background-position":"center center","background-size":"auto","background-attachment":"scroll","background-type":"","background-media":"","overlay-type":"","overlay-color":"","overlay-opacity":"","overlay-gradient":""},"mobile":{"background-color":"","background-image":"","background-repeat":"repeat","background-position":"center center","background-size":"auto","background-attachment":"scroll","background-type":"","background-media":"","overlay-type":"","overlay-color":"","overlay-opacity":"","overlay-gradient":""}},"ast-content-background-meta":{"desktop":{"background-color":"var(--ast-global-color-5)","background-image":"","background-repeat":"repeat","background-position":"center center","background-size":"auto","background-attachment":"scroll","background-type":"","background-media":"","overlay-type":"","overlay-color":"","overlay-opacity":"","overlay-gradient":""},"tablet":{"background-color":"var(--ast-global-color-5)","background-image":"","background-repeat":"repeat","background-position":"center center","background-size":"auto","background-attachment":"scroll","background-type":"","background-media":"","overlay-type":"","overlay-color":"","overlay-opacity":"","overlay-gradient":""},"mobile":{"background-color":"var(--ast-global-color-5)","background-image":"","background-repeat":"repeat","background-position":"center center","background-size":"auto","background-attachment":"scroll","background-type":"","background-media":"","overlay-type":"","overlay-color":"","overlay-opacity":"","overlay-gradient":""}}},"product_brand":[],"product_cat":[175,176],"product_tag":[],"class_list":{"0":"post-25345","1":"product","2":"type-product","3":"status-publish","4":"has-post-thumbnail","6":"product_cat-cleaning-products","7":"product_cat-concrete-treatment","8":"desktop-align-left","9":"tablet-align-left","10":"mobile-align-left","12":"first","13":"instock","14":"sale","15":"shipping-taxable","16":"purchasable","17":"product-type-variable","18":"has-default-attributes"},"spectra_custom_meta":{"_visibility":["visible"],"_shopify_product_id":["9102463402229"],"_s2w_shopify_domain":["ferberpainting.myshopify.com"],"_shopify_variant_id":["46616313331957"],"_sku":[""],"_manage_stock":["no"],"total_sales":["85"],"_tax_status":["taxable"],"_tax_class":[""],"_backorders":["no"],"_sold_individually":["no"],"_virtual":["no"],"_downloadable":["no"],"_download_limit":["-1"],"_download_expiry":["-1"],"_stock":[null],"_stock_status":["instock"],"_wc_average_rating":["5.00"],"_wc_review_count":["10"],"_product_attributes":["a:1:{s:6:\"volume\";a:6:{s:4:\"name\";s:6:\"Volume\";s:5:\"value\";s:20:\"5 liters | 25 liters\";s:8:\"position\";i:1;s:10:\"is_visible\";i:0;s:12:\"is_variation\";i:1;s:11:\"is_taxonomy\";i:0;}}"],"_product_version":["10.5.1"],"wpse_downloadable_file_names":[""],"wpse_downloadable_file_urls":[""],"_edit_last":["1"],"_default_attributes":["a:1:{s:6:\"volume\";s:8:\"5 liters\";}"],"_edit_lock":["1771241003:1"],"merchant-center-availability":["yes"],"merchant-center-category":["7504"],"_thumbnail_id":["35877"],"_wp_page_template":["default"],"_wp_old_date":["2025-05-26"],"_product_image_gallery":["35879"],"site-sidebar-layout":["default"],"ast-site-content-layout":["default"],"site-content-style":["default"],"site-sidebar-style":["default"],"theme-transparent-header-meta":["default"],"_price":["29.90","129.90"],"_wc_rating_count":["a:1:{i:5;i:10;}"],"astra-migrate-meta-layouts":["set"],"_uag_css_file_name":["uag-css-25345.css"],"_elementor_page_assets":["a:0:{}"],"_uag_page_assets":["a:9:{s:3:\"css\";s:6873:\".wp-block-uagb-image{display:flex}.wp-block-uagb-image__figure{position:relative;display:flex;flex-direction:column;max-width:100%;height:auto;margin:0}.wp-block-uagb-image__figure img{height:auto;display:flex;max-width:100%;transition:box-shadow .2s ease}.wp-block-uagb-image__figure>a{display:inline-block}.wp-block-uagb-image__figure figcaption{text-align:center;margin-top:.5em;margin-bottom:1em}.wp-block-uagb-image .components-placeholder.block-editor-media-placeholder .components-placeholder__instructions{align-self:center}.wp-block-uagb-image--align-left{text-align:left}.wp-block-uagb-image--align-right{text-align:right}.wp-block-uagb-image--align-center{text-align:center}.wp-block-uagb-image--align-full .wp-block-uagb-image__figure{margin-left:calc(50% - 50vw);margin-right:calc(50% - 50vw);max-width:100vw;width:100vw;height:auto}.wp-block-uagb-image--align-full .wp-block-uagb-image__figure img{height:auto;width:100% !important}.wp-block-uagb-image--align-wide .wp-block-uagb-image__figure img{height:auto;width:100%}.wp-block-uagb-image--layout-overlay__color-wrapper{position:absolute;left:0;top:0;right:0;bottom:0;opacity:.2;background:rgba(0,0,0,.5);transition:opacity .35s ease-in-out}.wp-block-uagb-image--layout-overlay-link{position:absolute;left:0;right:0;bottom:0;top:0}.wp-block-uagb-image--layout-overlay .wp-block-uagb-image__figure:hover .wp-block-uagb-image--layout-overlay__color-wrapper{opacity:1}.wp-block-uagb-image--layout-overlay__inner{position:absolute;left:15px;right:15px;bottom:15px;top:15px;display:flex;align-items:center;justify-content:center;flex-direction:column;border-color:#fff;transition:.35s ease-in-out}.wp-block-uagb-image--layout-overlay__inner.top-left,.wp-block-uagb-image--layout-overlay__inner.top-center,.wp-block-uagb-image--layout-overlay__inner.top-right{justify-content:flex-start}.wp-block-uagb-image--layout-overlay__inner.bottom-left,.wp-block-uagb-image--layout-overlay__inner.bottom-center,.wp-block-uagb-image--layout-overlay__inner.bottom-right{justify-content:flex-end}.wp-block-uagb-image--layout-overlay__inner.top-left,.wp-block-uagb-image--layout-overlay__inner.center-left,.wp-block-uagb-image--layout-overlay__inner.bottom-left{align-items:flex-start}.wp-block-uagb-image--layout-overlay__inner.top-right,.wp-block-uagb-image--layout-overlay__inner.center-right,.wp-block-uagb-image--layout-overlay__inner.bottom-right{align-items:flex-end}.wp-block-uagb-image--layout-overlay__inner .uagb-image-heading{color:#fff;transition:transform .35s,opacity .35s ease-in-out;transform:translate3d(0, 24px, 0);margin:0;line-height:1em}.wp-block-uagb-image--layout-overlay__inner .uagb-image-separator{width:30%;border-top-width:2px;border-top-color:#fff;border-top-style:solid;margin-bottom:10px;opacity:0;transition:transform .4s,opacity .4s ease-in-out;transform:translate3d(0, 30px, 0)}.wp-block-uagb-image--layout-overlay__inner .uagb-image-caption{opacity:0;overflow:visible;color:#fff;transition:transform .45s,opacity .45s ease-in-out;transform:translate3d(0, 35px, 0)}.wp-block-uagb-image--layout-overlay__inner:hover .uagb-image-heading,.wp-block-uagb-image--layout-overlay__inner:hover .uagb-image-separator,.wp-block-uagb-image--layout-overlay__inner:hover .uagb-image-caption{opacity:1;transform:translate3d(0, 0, 0)}.wp-block-uagb-image--effect-zoomin .wp-block-uagb-image__figure img,.wp-block-uagb-image--effect-zoomin .wp-block-uagb-image__figure .wp-block-uagb-image--layout-overlay__color-wrapper{transform:scale(1);transition:transform .35s ease-in-out}.wp-block-uagb-image--effect-zoomin .wp-block-uagb-image__figure:hover img,.wp-block-uagb-image--effect-zoomin .wp-block-uagb-image__figure:hover .wp-block-uagb-image--layout-overlay__color-wrapper{transform:scale(1.05)}.wp-block-uagb-image--effect-slide .wp-block-uagb-image__figure img,.wp-block-uagb-image--effect-slide .wp-block-uagb-image__figure .wp-block-uagb-image--layout-overlay__color-wrapper{width:calc(100% + 40px) !important;max-width:none !important;transform:translate3d(-40px, 0, 0);transition:transform .35s ease-in-out}.wp-block-uagb-image--effect-slide .wp-block-uagb-image__figure:hover img,.wp-block-uagb-image--effect-slide .wp-block-uagb-image__figure:hover .wp-block-uagb-image--layout-overlay__color-wrapper{transform:translate3d(0, 0, 0)}.wp-block-uagb-image--effect-grayscale img{filter:grayscale(0%);transition:.35s ease-in-out}.wp-block-uagb-image--effect-grayscale:hover img{filter:grayscale(100%)}.wp-block-uagb-image--effect-blur img{filter:blur(0);transition:.35s ease-in-out}.wp-block-uagb-image--effect-blur:hover img{filter:blur(3px)}.uagb-block-e6f939b3.wp-block-uagb-image--layout-default figure img{box-shadow: 0px 0px 0 #00000070;}.uagb-block-e6f939b3.wp-block-uagb-image .wp-block-uagb-image__figure figcaption{font-style: normal;align-self: center;}.uagb-block-e6f939b3.wp-block-uagb-image--layout-overlay figure img{box-shadow: 0px 0px 0 #00000070;}.uagb-block-e6f939b3.wp-block-uagb-image--layout-overlay .wp-block-uagb-image--layout-overlay__color-wrapper{opacity: 0.2;}.uagb-block-e6f939b3.wp-block-uagb-image--layout-overlay .wp-block-uagb-image--layout-overlay__inner{left: 15px;right: 15px;top: 15px;bottom: 15px;}.uagb-block-e6f939b3.wp-block-uagb-image--layout-overlay .wp-block-uagb-image--layout-overlay__inner .uagb-image-heading{font-style: normal;color: #fff;opacity: 1;}.uagb-block-e6f939b3.wp-block-uagb-image--layout-overlay .wp-block-uagb-image--layout-overlay__inner .uagb-image-heading a{color: #fff;}.uagb-block-e6f939b3.wp-block-uagb-image--layout-overlay .wp-block-uagb-image--layout-overlay__inner .uagb-image-caption{opacity: 0;}.uagb-block-e6f939b3.wp-block-uagb-image--layout-overlay .wp-block-uagb-image__figure:hover .wp-block-uagb-image--layout-overlay__color-wrapper{opacity: 1;}.uagb-block-e6f939b3.wp-block-uagb-image .wp-block-uagb-image--layout-overlay__inner .uagb-image-separator{width: 30%;border-top-width: 2px;border-top-color: #fff;opacity: 0;}.uagb-block-e6f939b3.wp-block-uagb-image .wp-block-uagb-image__figure img{width: px;height: auto;}.uagb-block-e6f939b3.wp-block-uagb-image .wp-block-uagb-image__figure:hover .wp-block-uagb-image--layout-overlay__inner .uagb-image-caption{opacity: 1;}.uagb-block-e6f939b3.wp-block-uagb-image .wp-block-uagb-image__figure:hover .wp-block-uagb-image--layout-overlay__inner .uagb-image-separator{opacity: 1;}.uagb-block-e6f939b3.wp-block-uagb-image--layout-default figure:hover img{box-shadow: 0px 0px 0 #00000070;}.uagb-block-e6f939b3.wp-block-uagb-image--layout-overlay figure:hover img{box-shadow: 0px 0px 0 #00000070;}@media only screen and (max-width: 976px) {.uagb-block-e6f939b3.wp-block-uagb-image .wp-block-uagb-image__figure img{width: px;height: auto;}}@media only screen and (max-width: 767px) {.uagb-block-e6f939b3.wp-block-uagb-image .wp-block-uagb-image__figure img{width: px;height: auto;}}\";s:2:\"js\";s:0:\"\";s:18:\"current_block_list\";a:13:{i:0;s:11:\"core\/search\";i:1;s:10:\"core\/group\";i:2;s:12:\"core\/heading\";i:3;s:17:\"core\/latest-posts\";i:4;s:20:\"core\/latest-comments\";i:5;s:13:\"core\/archives\";i:6;s:15:\"core\/categories\";i:7;s:14:\"core\/paragraph\";i:8;s:10:\"uagb\/image\";i:9;s:11:\"core\/spacer\";i:10;s:30:\"woocommerce\/product-categories\";i:11;s:10:\"core\/image\";i:12;s:14:\"core\/shortcode\";}s:8:\"uag_flag\";b:1;s:11:\"uag_version\";s:10:\"1777102655\";s:6:\"gfonts\";a:0:{}s:10:\"gfonts_url\";s:0:\"\";s:12:\"gfonts_files\";a:0:{}s:14:\"uag_faq_layout\";b:0;}"]},"uagb_featured_image_src":{"full":["https:\/\/www.ferberpainting.com\/wp-content\/uploads\/2025\/05\/Tar-Bitumen-and-Asphalt-Cleaner-5L-.png",2560,2560,false],"thumbnail":["https:\/\/www.ferberpainting.com\/wp-content\/uploads\/2025\/05\/Tar-Bitumen-and-Asphalt-Cleaner-5L--150x150.png",150,150,true],"medium":["https:\/\/www.ferberpainting.com\/wp-content\/uploads\/2025\/05\/Tar-Bitumen-and-Asphalt-Cleaner-5L--300x300.png",300,300,true],"medium_large":["https:\/\/www.ferberpainting.com\/wp-content\/uploads\/2025\/05\/Tar-Bitumen-and-Asphalt-Cleaner-5L--768x768.png",768,768,true],"large":["https:\/\/www.ferberpainting.com\/wp-content\/uploads\/2025\/05\/Tar-Bitumen-and-Asphalt-Cleaner-5L--1024x1024.png",1024,1024,true],"1536x1536":["https:\/\/www.ferberpainting.com\/wp-content\/uploads\/2025\/05\/Tar-Bitumen-and-Asphalt-Cleaner-5L--1536x1536.png",1536,1536,true],"2048x2048":["https:\/\/www.ferberpainting.com\/wp-content\/uploads\/2025\/05\/Tar-Bitumen-and-Asphalt-Cleaner-5L--2048x2048.png",2048,2048,true],"trp-custom-language-flag":["https:\/\/www.ferberpainting.com\/wp-content\/uploads\/2025\/05\/Tar-Bitumen-and-Asphalt-Cleaner-5L--12x12.png",12,12,true],"woocommerce_thumbnail":["https:\/\/www.ferberpainting.com\/wp-content\/uploads\/2025\/05\/Tar-Bitumen-and-Asphalt-Cleaner-5L--300x300.png",300,300,true],"woocommerce_single":["https:\/\/www.ferberpainting.com\/wp-content\/uploads\/2025\/05\/Tar-Bitumen-and-Asphalt-Cleaner-5L--600x600.png",600,600,true],"woocommerce_gallery_thumbnail":["https:\/\/www.ferberpainting.com\/wp-content\/uploads\/2025\/05\/Tar-Bitumen-and-Asphalt-Cleaner-5L--100x100.png",100,100,true]},"uagb_author_info":{"display_name":"admin","author_link":"https:\/\/www.ferberpainting.com\/dk\/author\/"},"uagb_comment_info":10,"uagb_excerpt":"Optimal Effectiveness.\u00a0This tar and bitumen cleaner is specially formulated to effectively remove tar residues, bitumen stains, grease deposits, and embedded impurities on various surfaces. Thanks to its powerful formula, it quickly dissolves tough grime while preserving treated materials. It ensures deep cleaning, leaving surfaces clean and free from any trace of tar without the need&hellip;","_links":{"self":[{"href":"https:\/\/www.ferberpainting.com\/dk\/wp-json\/wp\/v2\/product\/25345","targetHints":{"allow":["GET"]}}],"collection":[{"href":"https:\/\/www.ferberpainting.com\/dk\/wp-json\/wp\/v2\/product"}],"about":[{"href":"https:\/\/www.ferberpainting.com\/dk\/wp-json\/wp\/v2\/types\/product"}],"replies":[{"embeddable":true,"href":"https:\/\/www.ferberpainting.com\/dk\/wp-json\/wp\/v2\/comments?post=25345"}],"version-history":[{"count":3,"href":"https:\/\/www.ferberpainting.com\/dk\/wp-json\/wp\/v2\/product\/25345\/revisions"}],"predecessor-version":[{"id":167370,"href":"https:\/\/www.ferberpainting.com\/dk\/wp-json\/wp\/v2\/product\/25345\/revisions\/167370"}],"wp:featuredmedia":[{"embeddable":true,"href":"https:\/\/www.ferberpainting.com\/dk\/wp-json\/wp\/v2\/media\/35877"}],"wp:attachment":[{"href":"https:\/\/www.ferberpainting.com\/dk\/wp-json\/wp\/v2\/media?parent=25345"}],"wp:term":[{"taxonomy":"product_brand","embeddable":true,"href":"https:\/\/www.ferberpainting.com\/dk\/wp-json\/wp\/v2\/product_brand?post=25345"},{"taxonomy":"product_cat","embeddable":true,"href":"https:\/\/www.ferberpainting.com\/dk\/wp-json\/wp\/v2\/product_cat?post=25345"},{"taxonomy":"product_tag","embeddable":true,"href":"https:\/\/www.ferberpainting.com\/dk\/wp-json\/wp\/v2\/product_tag?post=25345"}],"curies":[{"name":"wp","href":"https:\/\/api.w.org\/{rel}","templated":true}]}}