{"id":25332,"date":"2025-05-26T10:30:54","date_gmt":"2025-05-26T08:30:54","guid":{"rendered":"https:\/\/www.ferberpainting.com\/products\/succulent-fertilizer\/"},"modified":"2026-02-16T12:11:29","modified_gmt":"2026-02-16T11:11:29","slug":"succulent-fertilizer","status":"publish","type":"product","link":"https:\/\/www.ferberpainting.com\/dk\/products\/succulent-fertilizer\/","title":{"rendered":"G\u00f8dning til sukkulenter"},"content":{"rendered":"<p><strong><img decoding=\"async\" style=\"margin-right: 12px;\" src=\"https:\/\/www.ferberpainting.com\/wp-content\/uploads\/2026\/02\/Check.svg\" alt=\"\" width=\"18\" height=\"15\" \/>En g\u00f8dning, der er specielt udviklet til kaktus og sukkulenter.<\/strong>\u00a0Sukkulente planter som kaktus, agave, aloe og echeveria har specifikke ern\u00e6ringsm\u00e6ssige behov, der adskiller sig fra indend\u00f8rs eller udend\u00f8rs gr\u00f8nne planter. Vores NPK 15-15-15 g\u00f8dning er designet til at give en optimal balance mellem kv\u00e6lstof, fosfor og kalium, hvilket fremmer robust v\u00e6kst, frodigt l\u00f8v og rigelig blomstring. Takket v\u00e6re den flydende formulering er den let at optage og tr\u00e6nger hurtigt ned i underlaget for synlige resultater p\u00e5 kort tid.<\/p>\n<p><strong><img decoding=\"async\" style=\"margin-right: 12px;\" src=\"https:\/\/www.ferberpainting.com\/wp-content\/uploads\/2026\/02\/Check.svg\" alt=\"\" width=\"18\" height=\"15\" \/>Penge-tilbage-garanti.<\/strong>\u00a0Vi tror fuldt og fast p\u00e5 effektiviteten af vores g\u00f8dning, og det er derfor, vi tilbyder en pengene-tilbage-garanti. Hvis dine kaktusser og sukkulenter efter brug i overensstemmelse med anbefalingerne ikke viser nogen forbedring i v\u00e6kst eller vitalitet, forpligter vi os til at refundere dig fuldt ud.<\/p>\n<p><strong><img decoding=\"async\" style=\"margin-right: 12px;\" src=\"https:\/\/www.ferberpainting.com\/wp-content\/uploads\/2026\/02\/Check.svg\" alt=\"\" width=\"18\" height=\"15\" \/>Passer til alle typer kaktus og sukkulenter.<\/strong>\u00a0Denne g\u00f8dning er designet til alle sorter af kaktus og sukkulenter, herunder kaktus, euphorbia, crassula, sedum, aloe, agaves og lithops. Uanset om du dyrker dine planter indend\u00f8rs eller udend\u00f8rs, i potter eller p\u00e5 friland, vil denne g\u00f8dning give dem alle de vigtige n\u00e6ringsstoffer til deres udvikling og blomstring.<\/p>\n<p><strong><img decoding=\"async\" style=\"margin-right: 12px;\" src=\"https:\/\/www.ferberpainting.com\/wp-content\/uploads\/2026\/02\/Check.svg\" alt=\"\" width=\"18\" height=\"15\" \/>Fremragende \u00f8konomisk udbytte.<\/strong>\u00a0Takket v\u00e6re den h\u00f8je koncentration fortyndes denne g\u00f8dning med 5 ml pr. liter vand, hvilket giver mulighed for langvarig brug. En 5-liters beholder g\u00f8r det muligt at tilberede op til 1000 liter g\u00f8dningsopl\u00f8sning, hvilket sikrer et fremragende forhold mellem kvalitet og pris ved at reducere k\u00f8bsfrekvensen.<\/p>\n<p><strong><img decoding=\"async\" style=\"margin-right: 12px;\" src=\"https:\/\/www.ferberpainting.com\/wp-content\/uploads\/2026\/02\/Check.svg\" alt=\"\" width=\"18\" height=\"15\" \/>Sikkert for planter og milj\u00f8.<\/strong>\u00a0Denne g\u00f8dning indeholder ingen aggressive kemikalier, der kan skade sukkulenternes r\u00f8dder eller sarte blade. Formuleringen respekterer substratets balance, undg\u00e5r skadelige ophobninger af salte og mineraler og sikrer en sund, naturlig v\u00e6kst uden u\u00f8nskede bivirkninger.<\/p>\n<p><strong><img decoding=\"async\" style=\"margin-right: 12px;\" src=\"https:\/\/www.ferberpainting.com\/wp-content\/uploads\/2026\/02\/Check.svg\" alt=\"\" width=\"18\" height=\"15\" \/>Nem at bruge og hurtig at p\u00e5f\u00f8re.<\/strong>\u00a0I mods\u00e6tning til fast g\u00f8dning, der skal graves ned eller m\u00e5les pr\u00e6cist, blandes vores flydende g\u00f8dning blot med vand og p\u00e5f\u00f8res direkte p\u00e5 underlaget under vanding. Der er ikke brug for specialv\u00e6rkt\u00f8j eller komplekse teknikker: En simpel fortynding er nok til at give dine kaktusser og sukkulenter effektiv n\u00e6ring.<\/p>\n<p><strong><img decoding=\"async\" style=\"margin-right: 12px;\" src=\"https:\/\/www.ferberpainting.com\/wp-content\/uploads\/2026\/02\/Check.svg\" alt=\"\" width=\"18\" height=\"15\" \/>En langtidsholdbar g\u00f8dning, der underst\u00f8tter v\u00e6kst over tid.<\/strong>\u00a0Ved at give en perfekt balance af n\u00e6ringsstoffer styrker denne g\u00f8dning sukkulenternes r\u00f8dder, blade og cellestruktur, s\u00e5 de bedre kan modst\u00e5 t\u00f8rke, sygdomme og mangler. Takket v\u00e6re den gradvise frigivelse garanterer den kontinuerlig g\u00f8dskning uden risiko for overg\u00f8dskning.<\/p>\n<p><strong><img decoding=\"async\" style=\"margin-right: 12px;\" src=\"https:\/\/www.ferberpainting.com\/wp-content\/uploads\/2026\/02\/Check.svg\" alt=\"\" width=\"18\" height=\"15\" \/>Synlige resultater hurtigt.<\/strong>\u00a0Fra de f\u00f8rste behandlinger vil du bem\u00e6rke hurtigere v\u00e6kst, tykkere blade og for blomstrende arter en forbedring af blomstringen med mere levende og livlige farver. Denne g\u00f8dning hj\u00e6lper ogs\u00e5 planterne med at udvikle deres vandreserver, hvilket g\u00f8r dem mere modstandsdygtige over for vanskelige forhold.<\/p>\n<h2><strong>Protokol for brug <\/strong><\/h2>\n<p><strong>Anbefalet fortynding :<\/strong><\/p>\n<ul>\n<li><strong>Til regelm\u00e6ssig vedligeholdelse <\/strong>: Fortynd 5 ml g\u00f8dning pr. liter vand, og vand substratet direkte.<\/li>\n<li><strong>For en plante i en periode med intens v\u00e6kst (for\u00e5r\/sommer)<\/strong> : Brug en lidt st\u00e6rkere fortynding p\u00e5 7 ml pr. liter vand for en forst\u00e6rket n\u00e6ringstilf\u00f8rsel.<\/li>\n<li><strong>Til en plante i hvileperiode (efter\u00e5r\/vinter)<\/strong> : Reducer koncentrationen til 2 ml pr. liter vand, og fordel p\u00e5f\u00f8ringerne.<\/li>\n<\/ul>\n<p><strong>Ans\u00f8gningsfrekvens <\/strong>:<\/p>\n<ul>\n<li><strong>Planter i aktiv v\u00e6kst <\/strong>: P\u00e5f\u00f8r hver anden uge.<\/li>\n<li><strong>Planter i vegetativ hvile <\/strong>: P\u00e5f\u00f8r en gang om m\u00e5neden for at opretholde et godt n\u00e6ringsniveau.<\/li>\n<\/ul>\n<p><strong>Anvendelsesmetode <\/strong>:<\/p>\n<ul>\n<li><strong>Vanding ved basen <\/strong>: H\u00e6ld opl\u00f8sningen direkte p\u00e5 underlaget, og undg\u00e5 at g\u00f8re bladene v\u00e5de for at undg\u00e5 risikoen for r\u00e5d.<\/li>\n<li><strong>Bladspray (valgfrit) <\/strong>: Sukkulenter, der optager fugt gennem bladene, kan spr\u00f8jtes let hver 4. til 6. uge.<\/li>\n<li><strong>Til potteplanter <\/strong>: Vand, indtil vandet begynder at l\u00f8be ud af hullerne, hvilket sikrer en god fordeling af n\u00e6ringsstofferne.<\/li>\n<li><strong>Til udend\u00f8rs planter <\/strong>: P\u00e5f\u00f8r omkring basen, og s\u00f8rg for, at g\u00f8dningen ikke stagnerer p\u00e5 jorden for at undg\u00e5 overdosering.<\/li>\n<\/ul>\n<p><strong>Forholdsregler ved brug <\/strong>:<\/p>\n<ul>\n<li><strong>Undg\u00e5 overdosering <\/strong>: Sukkulenter er langsomt voksende planter; overskydende g\u00f8dning kan stresse r\u00f8dderne og br\u00e6nde bladene.<\/li>\n<li><strong>Undg\u00e5 anvendelse i direkte sollys <\/strong>: Det anbefales at anvende g\u00f8dningen tidligt om morgenen eller sent p\u00e5 dagen for bedre optagelse.<\/li>\n<li><strong>G\u00f8d ikke en syg eller sv\u00e6kket plante <\/strong>: Vent med at tilf\u00f8re yderligere n\u00e6ringsstoffer, indtil den er kommet sig.<\/li>\n<\/ul>\n<p><strong>Opbevaring og konservering <\/strong>:<\/p>\n<ul>\n<li>Opbevares p\u00e5 et t\u00f8rt sted og v\u00e6k fra lys.<\/li>\n<li>Luk flasken t\u00e6t efter hver brug for at forhindre fordampning eller forurening.<\/li>\n<\/ul>\n<p>Takket v\u00e6re denne g\u00f8dning til sukkulente og fede planter giver du dine planter alle de ressourcer, de har brug for til at vokse harmonisk, hvilket sikrer en afbalanceret v\u00e6kst og \u00f8get modstandsdygtighed over for ekstreme forhold. Uanset om du er sukkulententusiast eller kaktussamler, er denne g\u00f8dning den ideelle allierede til st\u00e6rke, blomstrende og sunde planter.<\/p>","protected":false},"excerpt":{"rendered":"<p>A fertilizer specially formulated for cacti and succulents.\u00a0Succulent plants, such as cacti, agaves, aloes, and echeverias, have specific nutritional needs that differ from those of indoor or outdoor green plants. Our NPK 15-15-15 fertilizer has been designed to provide an optimal balance of nitrogen, phosphorus, and potassium, promoting robust growth, lush foliage, and abundant flowering. [&hellip;]<\/p>\n","protected":false},"featured_media":27195,"comment_status":"open","ping_status":"closed","template":"","meta":{"_uag_custom_page_level_css":"","site-sidebar-layout":"default","site-content-layout":"","ast-site-content-layout":"default","site-content-style":"default","site-sidebar-style":"default","ast-global-header-display":"","ast-banner-title-visibility":"","ast-main-header-display":"","ast-hfb-above-header-display":"","ast-hfb-below-header-display":"","ast-hfb-mobile-header-display":"","site-post-title":"","ast-breadcrumbs-content":"","ast-featured-img":"","footer-sml-layout":"","ast-disable-related-posts":"","theme-transparent-header-meta":"default","adv-header-id-meta":"","stick-header-meta":"","header-above-stick-meta":"","header-main-stick-meta":"","header-below-stick-meta":"","astra-migrate-meta-layouts":"set","ast-page-background-enabled":"default","ast-page-background-meta":{"desktop":{"background-color":"var(--ast-global-color-4)","background-image":"","background-repeat":"repeat","background-position":"center center","background-size":"auto","background-attachment":"scroll","background-type":"","background-media":"","overlay-type":"","overlay-color":"","overlay-opacity":"","overlay-gradient":""},"tablet":{"background-color":"","background-image":"","background-repeat":"repeat","background-position":"center center","background-size":"auto","background-attachment":"scroll","background-type":"","background-media":"","overlay-type":"","overlay-color":"","overlay-opacity":"","overlay-gradient":""},"mobile":{"background-color":"","background-image":"","background-repeat":"repeat","background-position":"center center","background-size":"auto","background-attachment":"scroll","background-type":"","background-media":"","overlay-type":"","overlay-color":"","overlay-opacity":"","overlay-gradient":""}},"ast-content-background-meta":{"desktop":{"background-color":"var(--ast-global-color-5)","background-image":"","background-repeat":"repeat","background-position":"center center","background-size":"auto","background-attachment":"scroll","background-type":"","background-media":"","overlay-type":"","overlay-color":"","overlay-opacity":"","overlay-gradient":""},"tablet":{"background-color":"var(--ast-global-color-5)","background-image":"","background-repeat":"repeat","background-position":"center center","background-size":"auto","background-attachment":"scroll","background-type":"","background-media":"","overlay-type":"","overlay-color":"","overlay-opacity":"","overlay-gradient":""},"mobile":{"background-color":"var(--ast-global-color-5)","background-image":"","background-repeat":"repeat","background-position":"center center","background-size":"auto","background-attachment":"scroll","background-type":"","background-media":"","overlay-type":"","overlay-color":"","overlay-opacity":"","overlay-gradient":""}}},"product_brand":[],"product_cat":[178],"product_tag":[],"class_list":{"0":"post-25332","1":"product","2":"type-product","3":"status-publish","4":"has-post-thumbnail","6":"product_cat-fertilizers","7":"desktop-align-left","8":"tablet-align-left","9":"mobile-align-left","11":"first","12":"instock","13":"sale","14":"taxable","15":"shipping-taxable","16":"purchasable","17":"product-type-variable","18":"has-default-attributes"},"spectra_custom_meta":{"_visibility":["visible"],"_shopify_product_id":["9071223570677"],"_s2w_shopify_domain":["ferberpainting.myshopify.com"],"_shopify_variant_id":["46516075790581"],"_sku":[""],"_manage_stock":["no"],"total_sales":["7"],"_tax_status":["taxable"],"_tax_class":[""],"_backorders":["no"],"_sold_individually":["no"],"_virtual":["no"],"_downloadable":["no"],"_download_limit":["-1"],"_download_expiry":["-1"],"_stock":[null],"_stock_status":["instock"],"_wc_average_rating":["4.63"],"_wc_review_count":["8"],"_product_attributes":["a:1:{s:6:\"volume\";a:6:{s:4:\"name\";s:6:\"Volume\";s:5:\"value\";s:20:\"5 liters | 25 liters\";s:8:\"position\";i:1;s:10:\"is_visible\";i:0;s:12:\"is_variation\";i:1;s:11:\"is_taxonomy\";i:0;}}"],"_product_version":["10.5.1"],"_thumbnail_id":["27195"],"_product_image_gallery":["27196"],"wpse_downloadable_file_names":[""],"wpse_downloadable_file_urls":[""],"_edit_last":["1"],"_default_attributes":["a:1:{s:6:\"volume\";s:8:\"5 liters\";}"],"_edit_lock":["1771240150:1"],"_price":["29.90","129.90"],"merchant-center-availability":["yes"],"merchant-center-category":["113"],"_wp_page_template":["default"],"site-sidebar-layout":["default"],"ast-site-content-layout":["default"],"site-content-style":["default"],"site-sidebar-style":["default"],"theme-transparent-header-meta":["default"],"_wc_rating_count":["a:2:{i:4;i:3;i:5;i:5;}"],"astra-migrate-meta-layouts":["set"],"_uag_css_file_name":["uag-css-25332.css"],"_elementor_page_assets":["a:0:{}"],"_uag_page_assets":["a:9:{s:3:\"css\";s:7133:\".uag-blocks-common-selector{z-index:var(--z-index-desktop) !important}@media(max-width: 976px){.uag-blocks-common-selector{z-index:var(--z-index-tablet) !important}}@media(max-width: 767px){.uag-blocks-common-selector{z-index:var(--z-index-mobile) !important}}.wp-block-uagb-image{display:flex}.wp-block-uagb-image__figure{position:relative;display:flex;flex-direction:column;max-width:100%;height:auto;margin:0}.wp-block-uagb-image__figure img{height:auto;display:flex;max-width:100%;transition:box-shadow .2s ease}.wp-block-uagb-image__figure>a{display:inline-block}.wp-block-uagb-image__figure figcaption{text-align:center;margin-top:.5em;margin-bottom:1em}.wp-block-uagb-image .components-placeholder.block-editor-media-placeholder .components-placeholder__instructions{align-self:center}.wp-block-uagb-image--align-left{text-align:left}.wp-block-uagb-image--align-right{text-align:right}.wp-block-uagb-image--align-center{text-align:center}.wp-block-uagb-image--align-full .wp-block-uagb-image__figure{margin-left:calc(50% - 50vw);margin-right:calc(50% - 50vw);max-width:100vw;width:100vw;height:auto}.wp-block-uagb-image--align-full .wp-block-uagb-image__figure img{height:auto;width:100% !important}.wp-block-uagb-image--align-wide .wp-block-uagb-image__figure img{height:auto;width:100%}.wp-block-uagb-image--layout-overlay__color-wrapper{position:absolute;left:0;top:0;right:0;bottom:0;opacity:.2;background:rgba(0,0,0,.5);transition:opacity .35s ease-in-out}.wp-block-uagb-image--layout-overlay-link{position:absolute;left:0;right:0;bottom:0;top:0}.wp-block-uagb-image--layout-overlay .wp-block-uagb-image__figure:hover .wp-block-uagb-image--layout-overlay__color-wrapper{opacity:1}.wp-block-uagb-image--layout-overlay__inner{position:absolute;left:15px;right:15px;bottom:15px;top:15px;display:flex;align-items:center;justify-content:center;flex-direction:column;border-color:#fff;transition:.35s ease-in-out}.wp-block-uagb-image--layout-overlay__inner.top-left,.wp-block-uagb-image--layout-overlay__inner.top-center,.wp-block-uagb-image--layout-overlay__inner.top-right{justify-content:flex-start}.wp-block-uagb-image--layout-overlay__inner.bottom-left,.wp-block-uagb-image--layout-overlay__inner.bottom-center,.wp-block-uagb-image--layout-overlay__inner.bottom-right{justify-content:flex-end}.wp-block-uagb-image--layout-overlay__inner.top-left,.wp-block-uagb-image--layout-overlay__inner.center-left,.wp-block-uagb-image--layout-overlay__inner.bottom-left{align-items:flex-start}.wp-block-uagb-image--layout-overlay__inner.top-right,.wp-block-uagb-image--layout-overlay__inner.center-right,.wp-block-uagb-image--layout-overlay__inner.bottom-right{align-items:flex-end}.wp-block-uagb-image--layout-overlay__inner .uagb-image-heading{color:#fff;transition:transform .35s,opacity .35s ease-in-out;transform:translate3d(0, 24px, 0);margin:0;line-height:1em}.wp-block-uagb-image--layout-overlay__inner .uagb-image-separator{width:30%;border-top-width:2px;border-top-color:#fff;border-top-style:solid;margin-bottom:10px;opacity:0;transition:transform .4s,opacity .4s ease-in-out;transform:translate3d(0, 30px, 0)}.wp-block-uagb-image--layout-overlay__inner .uagb-image-caption{opacity:0;overflow:visible;color:#fff;transition:transform .45s,opacity .45s ease-in-out;transform:translate3d(0, 35px, 0)}.wp-block-uagb-image--layout-overlay__inner:hover .uagb-image-heading,.wp-block-uagb-image--layout-overlay__inner:hover .uagb-image-separator,.wp-block-uagb-image--layout-overlay__inner:hover .uagb-image-caption{opacity:1;transform:translate3d(0, 0, 0)}.wp-block-uagb-image--effect-zoomin .wp-block-uagb-image__figure img,.wp-block-uagb-image--effect-zoomin .wp-block-uagb-image__figure .wp-block-uagb-image--layout-overlay__color-wrapper{transform:scale(1);transition:transform .35s ease-in-out}.wp-block-uagb-image--effect-zoomin .wp-block-uagb-image__figure:hover img,.wp-block-uagb-image--effect-zoomin .wp-block-uagb-image__figure:hover .wp-block-uagb-image--layout-overlay__color-wrapper{transform:scale(1.05)}.wp-block-uagb-image--effect-slide .wp-block-uagb-image__figure img,.wp-block-uagb-image--effect-slide .wp-block-uagb-image__figure .wp-block-uagb-image--layout-overlay__color-wrapper{width:calc(100% + 40px) !important;max-width:none !important;transform:translate3d(-40px, 0, 0);transition:transform .35s ease-in-out}.wp-block-uagb-image--effect-slide .wp-block-uagb-image__figure:hover img,.wp-block-uagb-image--effect-slide .wp-block-uagb-image__figure:hover .wp-block-uagb-image--layout-overlay__color-wrapper{transform:translate3d(0, 0, 0)}.wp-block-uagb-image--effect-grayscale img{filter:grayscale(0%);transition:.35s ease-in-out}.wp-block-uagb-image--effect-grayscale:hover img{filter:grayscale(100%)}.wp-block-uagb-image--effect-blur img{filter:blur(0);transition:.35s ease-in-out}.wp-block-uagb-image--effect-blur:hover img{filter:blur(3px)}.uagb-block-e6f939b3.wp-block-uagb-image--layout-default figure img{box-shadow: 0px 0px 0 #00000070;}.uagb-block-e6f939b3.wp-block-uagb-image .wp-block-uagb-image__figure figcaption{font-style: normal;align-self: center;}.uagb-block-e6f939b3.wp-block-uagb-image--layout-overlay figure img{box-shadow: 0px 0px 0 #00000070;}.uagb-block-e6f939b3.wp-block-uagb-image--layout-overlay .wp-block-uagb-image--layout-overlay__color-wrapper{opacity: 0.2;}.uagb-block-e6f939b3.wp-block-uagb-image--layout-overlay .wp-block-uagb-image--layout-overlay__inner{left: 15px;right: 15px;top: 15px;bottom: 15px;}.uagb-block-e6f939b3.wp-block-uagb-image--layout-overlay .wp-block-uagb-image--layout-overlay__inner .uagb-image-heading{font-style: normal;color: #fff;opacity: 1;}.uagb-block-e6f939b3.wp-block-uagb-image--layout-overlay .wp-block-uagb-image--layout-overlay__inner .uagb-image-heading a{color: #fff;}.uagb-block-e6f939b3.wp-block-uagb-image--layout-overlay .wp-block-uagb-image--layout-overlay__inner .uagb-image-caption{opacity: 0;}.uagb-block-e6f939b3.wp-block-uagb-image--layout-overlay .wp-block-uagb-image__figure:hover .wp-block-uagb-image--layout-overlay__color-wrapper{opacity: 1;}.uagb-block-e6f939b3.wp-block-uagb-image .wp-block-uagb-image--layout-overlay__inner .uagb-image-separator{width: 30%;border-top-width: 2px;border-top-color: #fff;opacity: 0;}.uagb-block-e6f939b3.wp-block-uagb-image .wp-block-uagb-image__figure img{width: px;height: auto;}.uagb-block-e6f939b3.wp-block-uagb-image .wp-block-uagb-image__figure:hover .wp-block-uagb-image--layout-overlay__inner .uagb-image-caption{opacity: 1;}.uagb-block-e6f939b3.wp-block-uagb-image .wp-block-uagb-image__figure:hover .wp-block-uagb-image--layout-overlay__inner .uagb-image-separator{opacity: 1;}.uagb-block-e6f939b3.wp-block-uagb-image--layout-default figure:hover img{box-shadow: 0px 0px 0 #00000070;}.uagb-block-e6f939b3.wp-block-uagb-image--layout-overlay figure:hover img{box-shadow: 0px 0px 0 #00000070;}@media only screen and (max-width: 976px) {.uagb-block-e6f939b3.wp-block-uagb-image .wp-block-uagb-image__figure img{width: px;height: auto;}}@media only screen and (max-width: 767px) {.uagb-block-e6f939b3.wp-block-uagb-image .wp-block-uagb-image__figure img{width: px;height: auto;}}\";s:2:\"js\";s:0:\"\";s:18:\"current_block_list\";a:13:{i:0;s:11:\"core\/search\";i:1;s:10:\"core\/group\";i:2;s:12:\"core\/heading\";i:3;s:17:\"core\/latest-posts\";i:4;s:20:\"core\/latest-comments\";i:5;s:13:\"core\/archives\";i:6;s:15:\"core\/categories\";i:7;s:14:\"core\/paragraph\";i:8;s:10:\"uagb\/image\";i:9;s:11:\"core\/spacer\";i:10;s:30:\"woocommerce\/product-categories\";i:11;s:10:\"core\/image\";i:12;s:14:\"core\/shortcode\";}s:8:\"uag_flag\";b:1;s:11:\"uag_version\";s:10:\"1777337360\";s:6:\"gfonts\";a:0:{}s:10:\"gfonts_url\";s:0:\"\";s:12:\"gfonts_files\";a:0:{}s:14:\"uag_faq_layout\";b:0;}"]},"uagb_featured_image_src":{"full":["https:\/\/www.ferberpainting.com\/wp-content\/uploads\/2025\/05\/SucculentFertilizer5L.png",2560,2560,false],"thumbnail":["https:\/\/www.ferberpainting.com\/wp-content\/uploads\/2025\/05\/SucculentFertilizer5L-150x150.png",150,150,true],"medium":["https:\/\/www.ferberpainting.com\/wp-content\/uploads\/2025\/05\/SucculentFertilizer5L-300x300.png",300,300,true],"medium_large":["https:\/\/www.ferberpainting.com\/wp-content\/uploads\/2025\/05\/SucculentFertilizer5L-768x768.png",768,768,true],"large":["https:\/\/www.ferberpainting.com\/wp-content\/uploads\/2025\/05\/SucculentFertilizer5L-1024x1024.png",1024,1024,true],"1536x1536":["https:\/\/www.ferberpainting.com\/wp-content\/uploads\/2025\/05\/SucculentFertilizer5L-1536x1536.png",1536,1536,true],"2048x2048":["https:\/\/www.ferberpainting.com\/wp-content\/uploads\/2025\/05\/SucculentFertilizer5L-2048x2048.png",2048,2048,true],"trp-custom-language-flag":["https:\/\/www.ferberpainting.com\/wp-content\/uploads\/2025\/05\/SucculentFertilizer5L-12x12.png",12,12,true],"woocommerce_thumbnail":["https:\/\/www.ferberpainting.com\/wp-content\/uploads\/2025\/05\/SucculentFertilizer5L-300x300.png",300,300,true],"woocommerce_single":["https:\/\/www.ferberpainting.com\/wp-content\/uploads\/2025\/05\/SucculentFertilizer5L-600x600.png",600,600,true],"woocommerce_gallery_thumbnail":["https:\/\/www.ferberpainting.com\/wp-content\/uploads\/2025\/05\/SucculentFertilizer5L-100x100.png",100,100,true]},"uagb_author_info":{"display_name":"admin","author_link":"https:\/\/www.ferberpainting.com\/dk\/author\/"},"uagb_comment_info":8,"uagb_excerpt":"A fertilizer specially formulated for cacti and succulents.\u00a0Succulent plants, such as cacti, agaves, aloes, and echeverias, have specific nutritional needs that differ from those of indoor or outdoor green plants. Our NPK 15-15-15 fertilizer has been designed to provide an optimal balance of nitrogen, phosphorus, and potassium, promoting robust growth, lush foliage, and abundant flowering.&hellip;","_links":{"self":[{"href":"https:\/\/www.ferberpainting.com\/dk\/wp-json\/wp\/v2\/product\/25332","targetHints":{"allow":["GET"]}}],"collection":[{"href":"https:\/\/www.ferberpainting.com\/dk\/wp-json\/wp\/v2\/product"}],"about":[{"href":"https:\/\/www.ferberpainting.com\/dk\/wp-json\/wp\/v2\/types\/product"}],"replies":[{"embeddable":true,"href":"https:\/\/www.ferberpainting.com\/dk\/wp-json\/wp\/v2\/comments?post=25332"}],"version-history":[{"count":4,"href":"https:\/\/www.ferberpainting.com\/dk\/wp-json\/wp\/v2\/product\/25332\/revisions"}],"predecessor-version":[{"id":167355,"href":"https:\/\/www.ferberpainting.com\/dk\/wp-json\/wp\/v2\/product\/25332\/revisions\/167355"}],"wp:featuredmedia":[{"embeddable":true,"href":"https:\/\/www.ferberpainting.com\/dk\/wp-json\/wp\/v2\/media\/27195"}],"wp:attachment":[{"href":"https:\/\/www.ferberpainting.com\/dk\/wp-json\/wp\/v2\/media?parent=25332"}],"wp:term":[{"taxonomy":"product_brand","embeddable":true,"href":"https:\/\/www.ferberpainting.com\/dk\/wp-json\/wp\/v2\/product_brand?post=25332"},{"taxonomy":"product_cat","embeddable":true,"href":"https:\/\/www.ferberpainting.com\/dk\/wp-json\/wp\/v2\/product_cat?post=25332"},{"taxonomy":"product_tag","embeddable":true,"href":"https:\/\/www.ferberpainting.com\/dk\/wp-json\/wp\/v2\/product_tag?post=25332"}],"curies":[{"name":"wp","href":"https:\/\/api.w.org\/{rel}","templated":true}]}}