{"id":25321,"date":"2025-06-30T21:02:36","date_gmt":"2025-06-30T19:02:36","guid":{"rendered":"https:\/\/www.ferberpainting.com\/?post_type=product&#038;p=25321"},"modified":"2026-02-16T11:58:11","modified_gmt":"2026-02-16T10:58:11","slug":"stone-and-marble-water-repellent","status":"publish","type":"product","link":"https:\/\/www.ferberpainting.com\/dk\/products\/stone-and-marble-water-repellent\/","title":{"rendered":"Vandafvisende til sten og marmor"},"content":{"rendered":"<p><strong><img decoding=\"async\" style=\"margin-right: 12px;\" src=\"https:\/\/www.ferberpainting.com\/wp-content\/uploads\/2026\/02\/Check.svg\" alt=\"\" width=\"18\" height=\"15\" \/>Optimal beskyttelse mod fugt.<\/strong>\u00a0Impr\u00e6gneringsmidlet til sten og marmor er specielt designet til at give langvarig beskyttelse mod fugt, vandindtr\u00e6ngning og pletter, samtidig med at det bevarer den naturlige sk\u00f8nhed i dine sten- eller marmoroverflader. Den danner en usynlig barriere, der forhindrer vand og v\u00e6sker i at tr\u00e6nge ind, samtidig med at den lader materialet \u00e5nde. Dette produkt er ideelt til b\u00e5de udend\u00f8rs og indend\u00f8rs brug og bevarer dine overfladers integritet og udseende.<\/p>\n<p><strong><img decoding=\"async\" style=\"margin-right: 12px;\" src=\"https:\/\/www.ferberpainting.com\/wp-content\/uploads\/2026\/02\/Check.svg\" alt=\"\" width=\"18\" height=\"15\" \/>Penge-tilbage-garanti.<\/strong>\u00a0Vi har tillid til vores produkts ydeevne, og derfor tilbyder vi en tilfredsheds- eller refusionsgaranti. Hvis du af en eller anden grund ikke er helt tilfreds med sten- og marmorimpr\u00e6gneringsmidlet, er du berettiget til fuld refusion. Denne garanti giver dig mulighed for at k\u00f8be vores produkt med tillid og teste det risikofrit.<\/p>\n<p><strong><img decoding=\"async\" style=\"margin-right: 12px;\" src=\"https:\/\/www.ferberpainting.com\/wp-content\/uploads\/2026\/02\/Check.svg\" alt=\"\" width=\"18\" height=\"15\" \/>Kompatibel med flere overflader.<\/strong>\u00a0Selvom impr\u00e6gneringen prim\u00e6rt er designet til sten- og marmoroverflader, er den ogs\u00e5 kompatibel med andre materialer som beton, cement, m\u00f8rtel og andre murv\u00e6rkstyper. Uanset om du beskytter et marmorgulv i dit badev\u00e6relse eller en naturstensfacade, tilpasser produktet sig forskellige overfladetyper og sikrer maksimal effektivitet.<\/p>\n<p><strong><img decoding=\"async\" style=\"margin-right: 12px;\" src=\"https:\/\/www.ferberpainting.com\/wp-content\/uploads\/2026\/02\/Check.svg\" alt=\"\" width=\"18\" height=\"15\" \/>\u00d8konomisk ydeevne.<\/strong>\u00a0Med en d\u00e6kningsgrad p\u00e5 6 til 10 m\u00b2 pr. liter er impr\u00e6gneringsmidlet til sten og marmor meget \u00f8konomisk. En 5-liters beholder kan behandle en overflade p\u00e5 30 til 50 m\u00b2, hvilket g\u00f8r den til en ideel l\u00f8sning til store projekter. Du f\u00e5r ikke kun langvarig beskyttelse, men ogs\u00e5 fremragende v\u00e6rdi for pengene.<\/p>\n<p><strong><img decoding=\"async\" style=\"margin-right: 12px;\" src=\"https:\/\/www.ferberpainting.com\/wp-content\/uploads\/2026\/02\/Check.svg\" alt=\"\" width=\"18\" height=\"15\" \/>Sikker at bruge.<\/strong>\u00a0Impr\u00e6gneringsmidlet til sten og marmor er designet til at v\u00e6re sikkert at bruge. Den specialudviklede formel indeholder ingen giftige eller aggressive stoffer. Den kan derfor trygt anvendes i b\u00e5de indend\u00f8rs og udend\u00f8rs milj\u00f8er, herunder lukkede omr\u00e5der som stuer, k\u00f8kkener eller badev\u00e6relser. Det afgiver ikke skadelige dampe og udg\u00f8r ingen sundhedsfare, n\u00e5r det anvendes i henhold til vejledningen.<\/p>\n<p><strong><img decoding=\"async\" style=\"margin-right: 12px;\" src=\"https:\/\/www.ferberpainting.com\/wp-content\/uploads\/2026\/02\/Check.svg\" alt=\"\" width=\"18\" height=\"15\" \/>Let at bruge.<\/strong>\u00a0Dette produkt er klar til brug og meget nemt at p\u00e5f\u00f8re. Der kr\u00e6ves ingen kompliceret forberedelse eller fortynding. Du kan p\u00e5f\u00f8re sten- og marmorimpr\u00e6gneringen direkte p\u00e5 overfladen med en spr\u00f8jte, pensel eller rulle afh\u00e6ngigt af overfladens st\u00f8rrelse og dine pr\u00e6ferencer. Den flydende og lette konsistens sikrer en j\u00e6vn og ubesv\u00e6ret p\u00e5f\u00f8ring, hvilket g\u00f8r den ideel til b\u00e5de g\u00f8r-det-selv-folk og professionelle.<\/p>\n<p><strong><img decoding=\"async\" style=\"margin-right: 12px;\" src=\"https:\/\/www.ferberpainting.com\/wp-content\/uploads\/2026\/02\/Check.svg\" alt=\"\" width=\"18\" height=\"15\" \/>Enest\u00e5ende holdbarhed.<\/strong>\u00a0Impr\u00e6gneringsmidlet til sten og marmor er designet til at give langvarig beskyttelse. N\u00e5r den er p\u00e5f\u00f8rt, skaber den et beskyttende lag, der modst\u00e5r vejr, temperaturvariationer, pletter og fugt. Denne beskyttelse holder i \u00e5revis afh\u00e6ngigt af eksponeringsforholdene. Produktet tr\u00e6nger dybt ind og beskytter effektivt uden at \u00e6ndre marmorens eller stenens naturlige udseende.<\/p>\n<p><strong><img decoding=\"async\" style=\"margin-right: 12px;\" src=\"https:\/\/www.ferberpainting.com\/wp-content\/uploads\/2026\/02\/Check.svg\" alt=\"\" width=\"18\" height=\"15\" \/>Hurtig p\u00e5f\u00f8ring og t\u00f8rring.<\/strong>\u00a0Dette produkt er ikke kun hurtigt at p\u00e5f\u00f8re, men t\u00f8rrer ogs\u00e5 ret hurtigt. Impr\u00e6gneringsmidlet til sten og marmor t\u00f8rrer ved ber\u00f8ring p\u00e5 1 til 2 timer, og det anbefales at lade det t\u00f8rre helt i ca. 24 timer, f\u00f8r de behandlede overflader tages i brug igen. Den hurtige t\u00f8rretid g\u00f8r det muligt at arbejde effektivt og reducerer nedetiden mellem p\u00e5f\u00f8ring og brug af de behandlede overflader.<\/p>\n<h2><strong>Protokol for brug<\/strong><\/h2>\n<ul>\n<li><strong>Forberedelse af overflade <\/strong>: F\u00f8r du p\u00e5f\u00f8rer sten- og marmorimpr\u00e6gneringen, skal du s\u00f8rge for, at overfladen er ren, t\u00f8r og fri for st\u00f8v, snavs, skimmel eller andre urenheder. Hvis overfladen er snavset, skal du reng\u00f8re den med et egnet reng\u00f8ringsmiddel og lade den t\u00f8rre, f\u00f8r du p\u00e5f\u00f8rer impr\u00e6gneringen. Ved h\u00e5rde pletter kan man bruge et mildt reng\u00f8ringsmiddel til at fjerne dem.<\/li>\n<li><strong>Anvendelse af produktet <\/strong>: Impr\u00e6gneringsmidlet til sten og marmor er klar til brug, s\u00e5 du beh\u00f8ver ikke at fortynde det. P\u00e5f\u00f8r det direkte p\u00e5 overfladen med en spr\u00f8jte, pensel eller rulle. S\u00f8rg for at d\u00e6kke hele overfladen for at f\u00e5 et optimalt resultat. Hvis du arbejder p\u00e5 en stor overflade, kan det v\u00e6re klogt at behandle den i sektioner for at forhindre, at produktet t\u00f8rrer for hurtigt, f\u00f8r det er j\u00e6vnt fordelt.<\/li>\n<li><strong>M\u00e6ngde til brug <\/strong>: Det gennemsnitlige udbytte er ca. 6 til 10 m\u00b2 pr. liter, afh\u00e6ngigt af materialets por\u00f8sitet. En 5-liters beholder er tilstr\u00e6kkelig til at behandle ca. 30 til 50 m\u00b2. Det g\u00f8r det til et meget \u00f8konomisk produkt til store projekter.<\/li>\n<li><strong>T\u00f8rretid <\/strong>: Efter p\u00e5f\u00f8ring t\u00f8rrer produktet ved ber\u00f8ring p\u00e5 ca. 1 til 2 timer. For at sikre optimal beskyttelse anbefales det dog at lade det t\u00f8rre helt i 24 timer. I l\u00f8bet af denne t\u00f8rreperiode skal man undg\u00e5 at uds\u00e6tte overfladen for fugt eller vand, s\u00e5 den hydrofobe barriere kan dannes ordentligt.<\/li>\n<li><strong>Genans\u00f8gning <\/strong>: P\u00e5 overflader, der er meget udsatte eller i omr\u00e5der med h\u00f8j luftfugtighed, kan det overvejes at p\u00e5f\u00f8re produktet igen efter et par \u00e5r. F\u00f8r genp\u00e5f\u00f8ring skal du s\u00f8rge for at reng\u00f8re overfladen grundigt for at fjerne snavs eller rester, der kan forhindre produktet i at h\u00e6fte. P\u00e5f\u00f8r derefter et nyt lag impr\u00e6gnering for at sikre fortsat beskyttelse.<\/li>\n<li><strong>Vedligeholdelse af behandlede overflader <\/strong>: N\u00e5r produktet er p\u00e5f\u00f8rt, bliver overfladen modstandsdygtig over for fugt, pletter og vandindtr\u00e6ngning. For at vedligeholde dine sten- eller marmoroverflader skal du blot reng\u00f8re dem regelm\u00e6ssigt med rent vand og en bl\u00f8d klud. Det anbefales ikke at bruge syreholdige eller slibende produkter, da de kan beskadige det beskyttende lag og p\u00e5virke materialets udseende.<\/li>\n<\/ul>","protected":false},"excerpt":{"rendered":"<p>Optimal moisture protection.\u00a0The stone and marble waterproofer is specially designed to provide long-lasting protection against moisture, water infiltration, and stains, while preserving the natural beauty of your stone or marble surfaces. It forms an invisible barrier that prevents water and liquids from penetrating while allowing the material to breathe. Ideal for both outdoor and indoor [&hellip;]<\/p>\n","protected":false},"featured_media":35938,"comment_status":"open","ping_status":"closed","template":"","meta":{"_uag_custom_page_level_css":"","site-sidebar-layout":"default","site-content-layout":"","ast-site-content-layout":"default","site-content-style":"default","site-sidebar-style":"default","ast-global-header-display":"","ast-banner-title-visibility":"","ast-main-header-display":"","ast-hfb-above-header-display":"","ast-hfb-below-header-display":"","ast-hfb-mobile-header-display":"","site-post-title":"","ast-breadcrumbs-content":"","ast-featured-img":"","footer-sml-layout":"","ast-disable-related-posts":"","theme-transparent-header-meta":"default","adv-header-id-meta":"","stick-header-meta":"","header-above-stick-meta":"","header-main-stick-meta":"","header-below-stick-meta":"","astra-migrate-meta-layouts":"set","ast-page-background-enabled":"default","ast-page-background-meta":{"desktop":{"background-color":"var(--ast-global-color-4)","background-image":"","background-repeat":"repeat","background-position":"center center","background-size":"auto","background-attachment":"scroll","background-type":"","background-media":"","overlay-type":"","overlay-color":"","overlay-opacity":"","overlay-gradient":""},"tablet":{"background-color":"","background-image":"","background-repeat":"repeat","background-position":"center center","background-size":"auto","background-attachment":"scroll","background-type":"","background-media":"","overlay-type":"","overlay-color":"","overlay-opacity":"","overlay-gradient":""},"mobile":{"background-color":"","background-image":"","background-repeat":"repeat","background-position":"center center","background-size":"auto","background-attachment":"scroll","background-type":"","background-media":"","overlay-type":"","overlay-color":"","overlay-opacity":"","overlay-gradient":""}},"ast-content-background-meta":{"desktop":{"background-color":"var(--ast-global-color-5)","background-image":"","background-repeat":"repeat","background-position":"center center","background-size":"auto","background-attachment":"scroll","background-type":"","background-media":"","overlay-type":"","overlay-color":"","overlay-opacity":"","overlay-gradient":""},"tablet":{"background-color":"var(--ast-global-color-5)","background-image":"","background-repeat":"repeat","background-position":"center center","background-size":"auto","background-attachment":"scroll","background-type":"","background-media":"","overlay-type":"","overlay-color":"","overlay-opacity":"","overlay-gradient":""},"mobile":{"background-color":"var(--ast-global-color-5)","background-image":"","background-repeat":"repeat","background-position":"center center","background-size":"auto","background-attachment":"scroll","background-type":"","background-media":"","overlay-type":"","overlay-color":"","overlay-opacity":"","overlay-gradient":""}}},"product_brand":[],"product_cat":[191],"product_tag":[],"class_list":{"0":"post-25321","1":"product","2":"type-product","3":"status-publish","4":"has-post-thumbnail","6":"product_cat-water-repellent","7":"desktop-align-left","8":"tablet-align-left","9":"mobile-align-left","11":"first","12":"instock","13":"sale","14":"shipping-taxable","15":"purchasable","16":"product-type-variable","17":"has-default-attributes"},"spectra_custom_meta":{"_visibility":["visible"],"_shopify_product_id":["9106658263285"],"_s2w_shopify_domain":["ferberpainting.myshopify.com"],"_shopify_variant_id":["46626416394485"],"_sku":[""],"_manage_stock":["no"],"total_sales":["107"],"_tax_status":["taxable"],"_tax_class":[""],"_backorders":["no"],"_sold_individually":["no"],"_virtual":["no"],"_downloadable":["no"],"_download_limit":["-1"],"_download_expiry":["-1"],"_stock":[null],"_stock_status":["instock"],"_wc_average_rating":["5.00"],"_wc_review_count":["29"],"_product_attributes":["a:1:{s:6:\"volume\";a:6:{s:4:\"name\";s:6:\"Volume\";s:5:\"value\";s:20:\"5 liters | 25 liters\";s:8:\"position\";i:1;s:10:\"is_visible\";i:0;s:12:\"is_variation\";i:1;s:11:\"is_taxonomy\";i:0;}}"],"_product_version":["10.5.1"],"wpse_downloadable_file_names":[""],"wpse_downloadable_file_urls":[""],"_edit_last":["1"],"_default_attributes":["a:1:{s:6:\"volume\";s:8:\"5 liters\";}"],"_edit_lock":["1771239352:1"],"_price":["29.90","129.90"],"merchant-center-availability":["yes"],"merchant-center-category":["503738"],"_thumbnail_id":["35938"],"_wp_page_template":["default"],"_wp_old_date":["2025-05-26"],"_product_image_gallery":["35939"],"site-sidebar-layout":["default"],"ast-site-content-layout":["default"],"site-content-style":["default"],"site-sidebar-style":["default"],"theme-transparent-header-meta":["default"],"_wc_rating_count":["a:1:{i:5;i:29;}"],"astra-migrate-meta-layouts":["set"],"_uag_css_file_name":["uag-css-25321.css"],"_elementor_page_assets":["a:0:{}"],"_uag_page_assets":["a:9:{s:3:\"css\";s:7133:\".uag-blocks-common-selector{z-index:var(--z-index-desktop) !important}@media(max-width: 976px){.uag-blocks-common-selector{z-index:var(--z-index-tablet) !important}}@media(max-width: 767px){.uag-blocks-common-selector{z-index:var(--z-index-mobile) !important}}.wp-block-uagb-image{display:flex}.wp-block-uagb-image__figure{position:relative;display:flex;flex-direction:column;max-width:100%;height:auto;margin:0}.wp-block-uagb-image__figure img{height:auto;display:flex;max-width:100%;transition:box-shadow .2s ease}.wp-block-uagb-image__figure>a{display:inline-block}.wp-block-uagb-image__figure figcaption{text-align:center;margin-top:.5em;margin-bottom:1em}.wp-block-uagb-image .components-placeholder.block-editor-media-placeholder .components-placeholder__instructions{align-self:center}.wp-block-uagb-image--align-left{text-align:left}.wp-block-uagb-image--align-right{text-align:right}.wp-block-uagb-image--align-center{text-align:center}.wp-block-uagb-image--align-full .wp-block-uagb-image__figure{margin-left:calc(50% - 50vw);margin-right:calc(50% - 50vw);max-width:100vw;width:100vw;height:auto}.wp-block-uagb-image--align-full .wp-block-uagb-image__figure img{height:auto;width:100% !important}.wp-block-uagb-image--align-wide .wp-block-uagb-image__figure img{height:auto;width:100%}.wp-block-uagb-image--layout-overlay__color-wrapper{position:absolute;left:0;top:0;right:0;bottom:0;opacity:.2;background:rgba(0,0,0,.5);transition:opacity .35s ease-in-out}.wp-block-uagb-image--layout-overlay-link{position:absolute;left:0;right:0;bottom:0;top:0}.wp-block-uagb-image--layout-overlay .wp-block-uagb-image__figure:hover .wp-block-uagb-image--layout-overlay__color-wrapper{opacity:1}.wp-block-uagb-image--layout-overlay__inner{position:absolute;left:15px;right:15px;bottom:15px;top:15px;display:flex;align-items:center;justify-content:center;flex-direction:column;border-color:#fff;transition:.35s ease-in-out}.wp-block-uagb-image--layout-overlay__inner.top-left,.wp-block-uagb-image--layout-overlay__inner.top-center,.wp-block-uagb-image--layout-overlay__inner.top-right{justify-content:flex-start}.wp-block-uagb-image--layout-overlay__inner.bottom-left,.wp-block-uagb-image--layout-overlay__inner.bottom-center,.wp-block-uagb-image--layout-overlay__inner.bottom-right{justify-content:flex-end}.wp-block-uagb-image--layout-overlay__inner.top-left,.wp-block-uagb-image--layout-overlay__inner.center-left,.wp-block-uagb-image--layout-overlay__inner.bottom-left{align-items:flex-start}.wp-block-uagb-image--layout-overlay__inner.top-right,.wp-block-uagb-image--layout-overlay__inner.center-right,.wp-block-uagb-image--layout-overlay__inner.bottom-right{align-items:flex-end}.wp-block-uagb-image--layout-overlay__inner .uagb-image-heading{color:#fff;transition:transform .35s,opacity .35s ease-in-out;transform:translate3d(0, 24px, 0);margin:0;line-height:1em}.wp-block-uagb-image--layout-overlay__inner .uagb-image-separator{width:30%;border-top-width:2px;border-top-color:#fff;border-top-style:solid;margin-bottom:10px;opacity:0;transition:transform .4s,opacity .4s ease-in-out;transform:translate3d(0, 30px, 0)}.wp-block-uagb-image--layout-overlay__inner .uagb-image-caption{opacity:0;overflow:visible;color:#fff;transition:transform .45s,opacity .45s ease-in-out;transform:translate3d(0, 35px, 0)}.wp-block-uagb-image--layout-overlay__inner:hover .uagb-image-heading,.wp-block-uagb-image--layout-overlay__inner:hover .uagb-image-separator,.wp-block-uagb-image--layout-overlay__inner:hover .uagb-image-caption{opacity:1;transform:translate3d(0, 0, 0)}.wp-block-uagb-image--effect-zoomin .wp-block-uagb-image__figure img,.wp-block-uagb-image--effect-zoomin .wp-block-uagb-image__figure .wp-block-uagb-image--layout-overlay__color-wrapper{transform:scale(1);transition:transform .35s ease-in-out}.wp-block-uagb-image--effect-zoomin .wp-block-uagb-image__figure:hover img,.wp-block-uagb-image--effect-zoomin .wp-block-uagb-image__figure:hover .wp-block-uagb-image--layout-overlay__color-wrapper{transform:scale(1.05)}.wp-block-uagb-image--effect-slide .wp-block-uagb-image__figure img,.wp-block-uagb-image--effect-slide .wp-block-uagb-image__figure .wp-block-uagb-image--layout-overlay__color-wrapper{width:calc(100% + 40px) !important;max-width:none !important;transform:translate3d(-40px, 0, 0);transition:transform .35s ease-in-out}.wp-block-uagb-image--effect-slide .wp-block-uagb-image__figure:hover img,.wp-block-uagb-image--effect-slide .wp-block-uagb-image__figure:hover .wp-block-uagb-image--layout-overlay__color-wrapper{transform:translate3d(0, 0, 0)}.wp-block-uagb-image--effect-grayscale img{filter:grayscale(0%);transition:.35s ease-in-out}.wp-block-uagb-image--effect-grayscale:hover img{filter:grayscale(100%)}.wp-block-uagb-image--effect-blur img{filter:blur(0);transition:.35s ease-in-out}.wp-block-uagb-image--effect-blur:hover img{filter:blur(3px)}.uagb-block-e6f939b3.wp-block-uagb-image--layout-default figure img{box-shadow: 0px 0px 0 #00000070;}.uagb-block-e6f939b3.wp-block-uagb-image .wp-block-uagb-image__figure figcaption{font-style: normal;align-self: center;}.uagb-block-e6f939b3.wp-block-uagb-image--layout-overlay figure img{box-shadow: 0px 0px 0 #00000070;}.uagb-block-e6f939b3.wp-block-uagb-image--layout-overlay .wp-block-uagb-image--layout-overlay__color-wrapper{opacity: 0.2;}.uagb-block-e6f939b3.wp-block-uagb-image--layout-overlay .wp-block-uagb-image--layout-overlay__inner{left: 15px;right: 15px;top: 15px;bottom: 15px;}.uagb-block-e6f939b3.wp-block-uagb-image--layout-overlay .wp-block-uagb-image--layout-overlay__inner .uagb-image-heading{font-style: normal;color: #fff;opacity: 1;}.uagb-block-e6f939b3.wp-block-uagb-image--layout-overlay .wp-block-uagb-image--layout-overlay__inner .uagb-image-heading a{color: #fff;}.uagb-block-e6f939b3.wp-block-uagb-image--layout-overlay .wp-block-uagb-image--layout-overlay__inner .uagb-image-caption{opacity: 0;}.uagb-block-e6f939b3.wp-block-uagb-image--layout-overlay .wp-block-uagb-image__figure:hover .wp-block-uagb-image--layout-overlay__color-wrapper{opacity: 1;}.uagb-block-e6f939b3.wp-block-uagb-image .wp-block-uagb-image--layout-overlay__inner .uagb-image-separator{width: 30%;border-top-width: 2px;border-top-color: #fff;opacity: 0;}.uagb-block-e6f939b3.wp-block-uagb-image .wp-block-uagb-image__figure img{width: px;height: auto;}.uagb-block-e6f939b3.wp-block-uagb-image .wp-block-uagb-image__figure:hover .wp-block-uagb-image--layout-overlay__inner .uagb-image-caption{opacity: 1;}.uagb-block-e6f939b3.wp-block-uagb-image .wp-block-uagb-image__figure:hover .wp-block-uagb-image--layout-overlay__inner .uagb-image-separator{opacity: 1;}.uagb-block-e6f939b3.wp-block-uagb-image--layout-default figure:hover img{box-shadow: 0px 0px 0 #00000070;}.uagb-block-e6f939b3.wp-block-uagb-image--layout-overlay figure:hover img{box-shadow: 0px 0px 0 #00000070;}@media only screen and (max-width: 976px) {.uagb-block-e6f939b3.wp-block-uagb-image .wp-block-uagb-image__figure img{width: px;height: auto;}}@media only screen and (max-width: 767px) {.uagb-block-e6f939b3.wp-block-uagb-image .wp-block-uagb-image__figure img{width: px;height: auto;}}\";s:2:\"js\";s:0:\"\";s:18:\"current_block_list\";a:13:{i:0;s:11:\"core\/search\";i:1;s:10:\"core\/group\";i:2;s:12:\"core\/heading\";i:3;s:17:\"core\/latest-posts\";i:4;s:20:\"core\/latest-comments\";i:5;s:13:\"core\/archives\";i:6;s:15:\"core\/categories\";i:7;s:14:\"core\/paragraph\";i:8;s:10:\"uagb\/image\";i:9;s:11:\"core\/spacer\";i:10;s:30:\"woocommerce\/product-categories\";i:11;s:10:\"core\/image\";i:12;s:14:\"core\/shortcode\";}s:8:\"uag_flag\";b:1;s:11:\"uag_version\";s:10:\"1777120843\";s:6:\"gfonts\";a:0:{}s:10:\"gfonts_url\";s:0:\"\";s:12:\"gfonts_files\";a:0:{}s:14:\"uag_faq_layout\";b:0;}"]},"uagb_featured_image_src":{"full":["https:\/\/www.ferberpainting.com\/wp-content\/uploads\/2025\/05\/Stone-and-Marble-Water-Repellent-5L-.png",2560,2560,false],"thumbnail":["https:\/\/www.ferberpainting.com\/wp-content\/uploads\/2025\/05\/Stone-and-Marble-Water-Repellent-5L--150x150.png",150,150,true],"medium":["https:\/\/www.ferberpainting.com\/wp-content\/uploads\/2025\/05\/Stone-and-Marble-Water-Repellent-5L--300x300.png",300,300,true],"medium_large":["https:\/\/www.ferberpainting.com\/wp-content\/uploads\/2025\/05\/Stone-and-Marble-Water-Repellent-5L--768x768.png",768,768,true],"large":["https:\/\/www.ferberpainting.com\/wp-content\/uploads\/2025\/05\/Stone-and-Marble-Water-Repellent-5L--1024x1024.png",1024,1024,true],"1536x1536":["https:\/\/www.ferberpainting.com\/wp-content\/uploads\/2025\/05\/Stone-and-Marble-Water-Repellent-5L--1536x1536.png",1536,1536,true],"2048x2048":["https:\/\/www.ferberpainting.com\/wp-content\/uploads\/2025\/05\/Stone-and-Marble-Water-Repellent-5L--2048x2048.png",2048,2048,true],"trp-custom-language-flag":["https:\/\/www.ferberpainting.com\/wp-content\/uploads\/2025\/05\/Stone-and-Marble-Water-Repellent-5L--12x12.png",12,12,true],"woocommerce_thumbnail":["https:\/\/www.ferberpainting.com\/wp-content\/uploads\/2025\/05\/Stone-and-Marble-Water-Repellent-5L--300x300.png",300,300,true],"woocommerce_single":["https:\/\/www.ferberpainting.com\/wp-content\/uploads\/2025\/05\/Stone-and-Marble-Water-Repellent-5L--600x600.png",600,600,true],"woocommerce_gallery_thumbnail":["https:\/\/www.ferberpainting.com\/wp-content\/uploads\/2025\/05\/Stone-and-Marble-Water-Repellent-5L--100x100.png",100,100,true]},"uagb_author_info":{"display_name":"admin","author_link":"https:\/\/www.ferberpainting.com\/dk\/author\/"},"uagb_comment_info":29,"uagb_excerpt":"Optimal moisture protection.\u00a0The stone and marble waterproofer is specially designed to provide long-lasting protection against moisture, water infiltration, and stains, while preserving the natural beauty of your stone or marble surfaces. It forms an invisible barrier that prevents water and liquids from penetrating while allowing the material to breathe. Ideal for both outdoor and indoor&hellip;","_links":{"self":[{"href":"https:\/\/www.ferberpainting.com\/dk\/wp-json\/wp\/v2\/product\/25321","targetHints":{"allow":["GET"]}}],"collection":[{"href":"https:\/\/www.ferberpainting.com\/dk\/wp-json\/wp\/v2\/product"}],"about":[{"href":"https:\/\/www.ferberpainting.com\/dk\/wp-json\/wp\/v2\/types\/product"}],"replies":[{"embeddable":true,"href":"https:\/\/www.ferberpainting.com\/dk\/wp-json\/wp\/v2\/comments?post=25321"}],"version-history":[{"count":3,"href":"https:\/\/www.ferberpainting.com\/dk\/wp-json\/wp\/v2\/product\/25321\/revisions"}],"predecessor-version":[{"id":167345,"href":"https:\/\/www.ferberpainting.com\/dk\/wp-json\/wp\/v2\/product\/25321\/revisions\/167345"}],"wp:featuredmedia":[{"embeddable":true,"href":"https:\/\/www.ferberpainting.com\/dk\/wp-json\/wp\/v2\/media\/35938"}],"wp:attachment":[{"href":"https:\/\/www.ferberpainting.com\/dk\/wp-json\/wp\/v2\/media?parent=25321"}],"wp:term":[{"taxonomy":"product_brand","embeddable":true,"href":"https:\/\/www.ferberpainting.com\/dk\/wp-json\/wp\/v2\/product_brand?post=25321"},{"taxonomy":"product_cat","embeddable":true,"href":"https:\/\/www.ferberpainting.com\/dk\/wp-json\/wp\/v2\/product_cat?post=25321"},{"taxonomy":"product_tag","embeddable":true,"href":"https:\/\/www.ferberpainting.com\/dk\/wp-json\/wp\/v2\/product_tag?post=25321"}],"curies":[{"name":"wp","href":"https:\/\/api.w.org\/{rel}","templated":true}]}}