{"id":25314,"date":"2025-06-30T20:52:26","date_gmt":"2025-06-30T18:52:26","guid":{"rendered":"https:\/\/www.ferberpainting.com\/?post_type=product&#038;p=25314"},"modified":"2026-02-16T10:51:53","modified_gmt":"2026-02-16T09:51:53","slug":"sofa-water-repellent","status":"publish","type":"product","link":"https:\/\/www.ferberpainting.com\/dk\/products\/sofa-water-repellent\/","title":{"rendered":"Impr\u00e6gnering til sofa"},"content":{"rendered":"<p><strong><img decoding=\"async\" style=\"margin-right: 12px;\" src=\"https:\/\/www.ferberpainting.com\/wp-content\/uploads\/2026\/02\/Check.svg\" alt=\"\" width=\"18\" height=\"15\" \/>Effektiv beskyttelse mod fugt og pletter.<\/strong>\u00a0Denne sofaimpr\u00e6gnering er specielt designet til at give langvarig beskyttelse mod fugt, pletter og spild p\u00e5 dine stof- eller l\u00e6derm\u00f8bler. Det danner en usynlig barriere, der afviser v\u00e6sker og forhindrer snavs i at s\u00e6tte sig, hvilket hj\u00e6lper med at bevare din sofas udseende og struktur i l\u00e6ngere tid. Uanset om det er drikkevarer, mad eller endda mudderst\u00e6nk, blokerer dette produkt for v\u00e6skeindtr\u00e6ngning og g\u00f8r reng\u00f8ringen lettere.<\/p>\n<p><strong><img decoding=\"async\" style=\"margin-right: 12px;\" src=\"https:\/\/www.ferberpainting.com\/wp-content\/uploads\/2026\/02\/Check.svg\" alt=\"\" width=\"18\" height=\"15\" \/>Penge-tilbage-garanti.<\/strong>\u00a0Vi er overbeviste om, at vores sofaimpr\u00e6gnering er effektiv, og derfor tilbyder vi en tilfredshedsgaranti. Hvis produktet ikke lever op til dine forventninger efter brug, kan du anmode om fuld refusion. Denne garanti giver dig mulighed for at k\u00f8be med tillid, vel vidende at du ikke har noget at tabe. Hvis du ikke oplever optimal beskyttelse, refunderer vi dig uden problemer.<\/p>\n<p><strong><img decoding=\"async\" style=\"margin-right: 12px;\" src=\"https:\/\/www.ferberpainting.com\/wp-content\/uploads\/2026\/02\/Check.svg\" alt=\"\" width=\"18\" height=\"15\" \/>Velegnet til forskellige materialer.<\/strong>\u00a0Denne impr\u00e6gnering er ideel til en lang r\u00e6kke forskellige materialer. Den er effektiv p\u00e5 tekstiler som bomuld, linned, fl\u00f8jl og ogs\u00e5 p\u00e5 l\u00e6der- og mikrofiberoverflader. Du kan trygt anvende den p\u00e5 sofaer, l\u00e6nestole, puder og andre tekstil- eller l\u00e6derm\u00f8bler. Det \u00e6ndrer ikke udseende eller tekstur og bevarer en bl\u00f8d og behagelig fornemmelse og giver usynlig og holdbar beskyttelse.<\/p>\n<p><strong><img decoding=\"async\" style=\"margin-right: 12px;\" src=\"https:\/\/www.ferberpainting.com\/wp-content\/uploads\/2026\/02\/Check.svg\" alt=\"\" width=\"18\" height=\"15\" \/>Omkostningseffektivt.<\/strong>\u00a0Takket v\u00e6re den koncentrerede formel giver denne impr\u00e6gnering et fremragende forhold mellem kvalitet og d\u00e6kning. I gennemsnit kan en liter behandle ca. 25 til 30 m\u00b2 afh\u00e6ngigt af stoffets tykkelse og antallet af p\u00e5f\u00f8rte lag. Dens effektivitet betyder, at en enkelt behandling giver langvarig beskyttelse, s\u00e5 du ikke beh\u00f8ver at p\u00e5f\u00f8re den igen ofte, hvilket g\u00f8r den til en \u00f8konomisk l\u00f8sning til langvarig m\u00f8belbeskyttelse.<\/p>\n<p><strong><img decoding=\"async\" style=\"margin-right: 12px;\" src=\"https:\/\/www.ferberpainting.com\/wp-content\/uploads\/2026\/02\/Check.svg\" alt=\"\" width=\"18\" height=\"15\" \/>Sikker og materialevenlig.<\/strong>\u00a0Dette impr\u00e6gneringsmiddel til sofaer er fremstillet af sikre ingredienser, der er sk\u00e5nsomme mod dine tekstiler. Den indeholder ingen aggressive kemikalier, hvilket g\u00f8r den sikker til hjemmebrug. Det \u00e6ndrer ikke stoffets eller l\u00e6derets farve eller tekstur. N\u00e5r du sm\u00f8rer det p\u00e5 din sofa, f\u00e5r du en effektiv beskyttelse uden at beskadige dine m\u00f8bler eller uds\u00e6tte din familie for giftige stoffer.<\/p>\n<p><strong><img decoding=\"async\" style=\"margin-right: 12px;\" src=\"https:\/\/www.ferberpainting.com\/wp-content\/uploads\/2026\/02\/Check.svg\" alt=\"\" width=\"18\" height=\"15\" \/>Brugervenlighed.<\/strong>\u00a0Det er meget enkelt at p\u00e5f\u00f8re sofaimpr\u00e6gneringen. Den er klar til brug og kr\u00e6ver ingen fortynding. Du skal blot spr\u00f8jte et tyndt, j\u00e6vnt lag p\u00e5 sofaens overflade og lade det t\u00f8rre. Der er ikke behov for kompliceret forberedelse, blanding eller ventetid. Dette produkt er designet til at spare dig tid, samtidig med at det giver beskyttelse af h\u00f8j kvalitet. Du kan bruge en spr\u00f8jte eller en bl\u00f8d klud til at p\u00e5f\u00f8re produktet j\u00e6vnt.<\/p>\n<p><strong><img decoding=\"async\" style=\"margin-right: 12px;\" src=\"https:\/\/www.ferberpainting.com\/wp-content\/uploads\/2026\/02\/Check.svg\" alt=\"\" width=\"18\" height=\"15\" \/>Holdbar beskyttelse.<\/strong>\u00a0N\u00e5r impr\u00e6gneringen er p\u00e5f\u00f8rt, danner den en holdbar barriere, der forbliver effektiv selv efter flere reng\u00f8ringer. Du beh\u00f8ver ikke at p\u00e5f\u00f8re det igen ofte. Den beskytter dine sofaer i flere m\u00e5neder og modst\u00e5r v\u00e6skest\u00e6nk og daglige pletter. Du vil kunne nyde dine m\u00f8bler uden at bekymre dig om slitage for\u00e5rsaget af fugt eller dagligt snavs. Dette produkt hj\u00e6lper med at holde dine sofaer i fremragende stand over tid.<\/p>\n<p><strong><img decoding=\"async\" style=\"margin-right: 12px;\" src=\"https:\/\/www.ferberpainting.com\/wp-content\/uploads\/2026\/02\/Check.svg\" alt=\"\" width=\"18\" height=\"15\" \/>Hurtigtvirkende.<\/strong>\u00a0Denne impr\u00e6gnering til sofaer t\u00f8rrer p\u00e5 ca. 1 time ved stuetemperatur, afh\u00e6ngigt af stoffet. Det betyder, at du hurtigt kan nyde godt af beskyttelsen uden at skulle vente i timevis. I mods\u00e6tning til andre behandlinger, der kr\u00e6ver lang t\u00f8rretid, kan du med dette produkt genoptage normal brug af sofaen umiddelbart efter p\u00e5f\u00f8ring, velvidende at dine m\u00f8bler nu er beskyttet.<\/p>\n<h2><strong>Protokol for brug<\/strong><\/h2>\n<ul>\n<li><strong>Forberedelse af overflade <\/strong>: S\u00f8rg for, at sofaen eller m\u00f8blet er rent og t\u00f8rt, f\u00f8r du p\u00e5f\u00f8rer impr\u00e6gneringen. St\u00f8vsug om n\u00f8dvendigt for at fjerne st\u00f8v og let snavs. Hvis stoffet er s\u00e6rligt snavset, anbefales det at vaske eller t\u00f8rre det af, f\u00f8r produktet p\u00e5f\u00f8res. P\u00e5f\u00f8r ikke impr\u00e6gneringen p\u00e5 en snavset eller fugtig overflade.<\/li>\n<li><strong>Produktanvendelse <\/strong>: Ryst flasken godt f\u00f8r brug. Spray et tyndt, j\u00e6vnt lag af sofaens impr\u00e6gnering p\u00e5 hele overfladen af emnet, s\u00e5 alle omr\u00e5der er d\u00e6kket. Til store overflader kan du bruge en spr\u00f8jte, og til mindre eller sv\u00e6rt tilg\u00e6ngelige omr\u00e5der kan du bruge en bl\u00f8d klud. S\u00f8rg for ikke at overm\u00e6tte stoffet, men at p\u00e5f\u00f8re et let og effektivt lag.<\/li>\n<li><strong>J\u00e6vn d\u00e6kning <\/strong>: Hvis du bruger en klud, skal du forsigtigt gnide produktet hen over overfladen for at sikre en j\u00e6vn fordeling. Gnid ikke for h\u00e5rdt for at undg\u00e5 at deformere stof- eller l\u00e6derfibre. M\u00e5let er at skabe et fint, men effektivt beskyttende lag.<\/li>\n<li><strong>T\u00f8rretid <\/strong>: Lad sofaen eller m\u00f8blet t\u00f8rre i ca. 1 time ved stuetemperatur. Det er vigtigt ikke at bruge m\u00f8blet under t\u00f8rretiden for at undg\u00e5 at \u00e6ndre produktet eller efterlade synlige m\u00e6rker. Placer ikke dine m\u00f8bler i n\u00e6rheden af en direkte varmekilde.<\/li>\n<li><strong>Genans\u00f8gning <\/strong>: Afh\u00e6ngigt af sofaens brug kan det anbefales at p\u00e5f\u00f8re endnu en gang for at styrke beskyttelsen. Dette kan v\u00e6re s\u00e6rligt nyttigt, hvis din sofa ofte uds\u00e6ttes for st\u00e6nk eller pletter. Lad altid det f\u00f8rste lag t\u00f8rre helt, f\u00f8r du p\u00e5f\u00f8rer det andet.<\/li>\n<li><strong>Pleje efter p\u00e5f\u00f8ring <\/strong>: Du kan reng\u00f8re din sofa som normalt efter p\u00e5f\u00f8ring uden at fjerne beskyttelsen. For at bevare effektiviteten skal du dog undg\u00e5 at skrubbe overfladen for h\u00e5rdt. Du kan p\u00e5f\u00f8re impr\u00e6gneringen igen hver 6. m\u00e5ned eller oftere, hvis det er n\u00f8dvendigt.<\/li>\n<\/ul>\n<p>Vores impr\u00e6gnering til sofaer er en enkel, hurtig og effektiv l\u00f8sning til at beskytte dine m\u00f8bler mod ydre p\u00e5virkninger og sikre langvarig sk\u00f8nhed og holdbarhed. Med sin innovative formel og nemme p\u00e5f\u00f8ring bliver den din foretrukne l\u00f8sning til vedligeholdelse af sofaer og andre m\u00f8bler af stof eller l\u00e6der.<\/p>","protected":false},"excerpt":{"rendered":"<p>Effective Protection Against Moisture and Stains.\u00a0This sofa waterproofer is specially designed to provide long-lasting protection against humidity, stains, and spills on your fabric or leather furniture. It forms an invisible barrier that repels liquids and prevents dirt from settling, helping to preserve the appearance and texture of your sofa for longer. Whether it&#8217;s beverage, food, [&hellip;]<\/p>\n","protected":false},"featured_media":35924,"comment_status":"open","ping_status":"closed","template":"","meta":{"_uag_custom_page_level_css":"","site-sidebar-layout":"default","site-content-layout":"","ast-site-content-layout":"default","site-content-style":"default","site-sidebar-style":"default","ast-global-header-display":"","ast-banner-title-visibility":"","ast-main-header-display":"","ast-hfb-above-header-display":"","ast-hfb-below-header-display":"","ast-hfb-mobile-header-display":"","site-post-title":"","ast-breadcrumbs-content":"","ast-featured-img":"","footer-sml-layout":"","ast-disable-related-posts":"","theme-transparent-header-meta":"default","adv-header-id-meta":"","stick-header-meta":"","header-above-stick-meta":"","header-main-stick-meta":"","header-below-stick-meta":"","astra-migrate-meta-layouts":"set","ast-page-background-enabled":"default","ast-page-background-meta":{"desktop":{"background-color":"var(--ast-global-color-4)","background-image":"","background-repeat":"repeat","background-position":"center center","background-size":"auto","background-attachment":"scroll","background-type":"","background-media":"","overlay-type":"","overlay-color":"","overlay-opacity":"","overlay-gradient":""},"tablet":{"background-color":"","background-image":"","background-repeat":"repeat","background-position":"center center","background-size":"auto","background-attachment":"scroll","background-type":"","background-media":"","overlay-type":"","overlay-color":"","overlay-opacity":"","overlay-gradient":""},"mobile":{"background-color":"","background-image":"","background-repeat":"repeat","background-position":"center center","background-size":"auto","background-attachment":"scroll","background-type":"","background-media":"","overlay-type":"","overlay-color":"","overlay-opacity":"","overlay-gradient":""}},"ast-content-background-meta":{"desktop":{"background-color":"var(--ast-global-color-5)","background-image":"","background-repeat":"repeat","background-position":"center center","background-size":"auto","background-attachment":"scroll","background-type":"","background-media":"","overlay-type":"","overlay-color":"","overlay-opacity":"","overlay-gradient":""},"tablet":{"background-color":"var(--ast-global-color-5)","background-image":"","background-repeat":"repeat","background-position":"center center","background-size":"auto","background-attachment":"scroll","background-type":"","background-media":"","overlay-type":"","overlay-color":"","overlay-opacity":"","overlay-gradient":""},"mobile":{"background-color":"var(--ast-global-color-5)","background-image":"","background-repeat":"repeat","background-position":"center center","background-size":"auto","background-attachment":"scroll","background-type":"","background-media":"","overlay-type":"","overlay-color":"","overlay-opacity":"","overlay-gradient":""}}},"product_brand":[],"product_cat":[191],"product_tag":[],"class_list":{"0":"post-25314","1":"product","2":"type-product","3":"status-publish","4":"has-post-thumbnail","6":"product_cat-water-repellent","7":"desktop-align-left","8":"tablet-align-left","9":"mobile-align-left","11":"first","12":"instock","13":"sale","14":"shipping-taxable","15":"purchasable","16":"product-type-variable","17":"has-default-attributes"},"spectra_custom_meta":{"_visibility":["visible"],"_shopify_product_id":["9106565857525"],"_s2w_shopify_domain":["ferberpainting.myshopify.com"],"_shopify_variant_id":["46626275492085"],"_sku":[""],"_manage_stock":["no"],"total_sales":["326"],"_tax_status":["taxable"],"_tax_class":[""],"_backorders":["no"],"_sold_individually":["no"],"_virtual":["no"],"_downloadable":["no"],"_download_limit":["-1"],"_download_expiry":["-1"],"_stock":[null],"_stock_status":["instock"],"_wc_average_rating":["5.00"],"_wc_review_count":["11"],"_product_attributes":["a:1:{s:6:\"volume\";a:6:{s:4:\"name\";s:6:\"Volume\";s:5:\"value\";s:20:\"5 liters | 25 liters\";s:8:\"position\";i:1;s:10:\"is_visible\";i:0;s:12:\"is_variation\";i:1;s:11:\"is_taxonomy\";i:0;}}"],"_product_version":["10.5.1"],"wpse_downloadable_file_names":[""],"wpse_downloadable_file_urls":[""],"_edit_last":["1"],"_default_attributes":["a:1:{s:6:\"volume\";s:8:\"5 liters\";}"],"_edit_lock":["1771235377:1"],"merchant-center-availability":["yes"],"merchant-center-category":["8043"],"_thumbnail_id":["35924"],"_wp_page_template":["default"],"_wp_old_date":["2025-05-26"],"_product_image_gallery":["35925"],"site-sidebar-layout":["default"],"ast-site-content-layout":["default"],"site-content-style":["default"],"site-sidebar-style":["default"],"theme-transparent-header-meta":["default"],"_wc_rating_count":["a:1:{i:5;i:11;}"],"_price":["29.90","129.90"],"astra-migrate-meta-layouts":["set"],"_uag_css_file_name":["uag-css-25314.css"],"_elementor_page_assets":["a:0:{}"],"_uag_page_assets":["a:9:{s:3:\"css\";s:7133:\".uag-blocks-common-selector{z-index:var(--z-index-desktop) !important}@media(max-width: 976px){.uag-blocks-common-selector{z-index:var(--z-index-tablet) !important}}@media(max-width: 767px){.uag-blocks-common-selector{z-index:var(--z-index-mobile) !important}}.wp-block-uagb-image{display:flex}.wp-block-uagb-image__figure{position:relative;display:flex;flex-direction:column;max-width:100%;height:auto;margin:0}.wp-block-uagb-image__figure img{height:auto;display:flex;max-width:100%;transition:box-shadow .2s ease}.wp-block-uagb-image__figure>a{display:inline-block}.wp-block-uagb-image__figure figcaption{text-align:center;margin-top:.5em;margin-bottom:1em}.wp-block-uagb-image .components-placeholder.block-editor-media-placeholder .components-placeholder__instructions{align-self:center}.wp-block-uagb-image--align-left{text-align:left}.wp-block-uagb-image--align-right{text-align:right}.wp-block-uagb-image--align-center{text-align:center}.wp-block-uagb-image--align-full .wp-block-uagb-image__figure{margin-left:calc(50% - 50vw);margin-right:calc(50% - 50vw);max-width:100vw;width:100vw;height:auto}.wp-block-uagb-image--align-full .wp-block-uagb-image__figure img{height:auto;width:100% !important}.wp-block-uagb-image--align-wide .wp-block-uagb-image__figure img{height:auto;width:100%}.wp-block-uagb-image--layout-overlay__color-wrapper{position:absolute;left:0;top:0;right:0;bottom:0;opacity:.2;background:rgba(0,0,0,.5);transition:opacity .35s ease-in-out}.wp-block-uagb-image--layout-overlay-link{position:absolute;left:0;right:0;bottom:0;top:0}.wp-block-uagb-image--layout-overlay .wp-block-uagb-image__figure:hover .wp-block-uagb-image--layout-overlay__color-wrapper{opacity:1}.wp-block-uagb-image--layout-overlay__inner{position:absolute;left:15px;right:15px;bottom:15px;top:15px;display:flex;align-items:center;justify-content:center;flex-direction:column;border-color:#fff;transition:.35s ease-in-out}.wp-block-uagb-image--layout-overlay__inner.top-left,.wp-block-uagb-image--layout-overlay__inner.top-center,.wp-block-uagb-image--layout-overlay__inner.top-right{justify-content:flex-start}.wp-block-uagb-image--layout-overlay__inner.bottom-left,.wp-block-uagb-image--layout-overlay__inner.bottom-center,.wp-block-uagb-image--layout-overlay__inner.bottom-right{justify-content:flex-end}.wp-block-uagb-image--layout-overlay__inner.top-left,.wp-block-uagb-image--layout-overlay__inner.center-left,.wp-block-uagb-image--layout-overlay__inner.bottom-left{align-items:flex-start}.wp-block-uagb-image--layout-overlay__inner.top-right,.wp-block-uagb-image--layout-overlay__inner.center-right,.wp-block-uagb-image--layout-overlay__inner.bottom-right{align-items:flex-end}.wp-block-uagb-image--layout-overlay__inner .uagb-image-heading{color:#fff;transition:transform .35s,opacity .35s ease-in-out;transform:translate3d(0, 24px, 0);margin:0;line-height:1em}.wp-block-uagb-image--layout-overlay__inner .uagb-image-separator{width:30%;border-top-width:2px;border-top-color:#fff;border-top-style:solid;margin-bottom:10px;opacity:0;transition:transform .4s,opacity .4s ease-in-out;transform:translate3d(0, 30px, 0)}.wp-block-uagb-image--layout-overlay__inner .uagb-image-caption{opacity:0;overflow:visible;color:#fff;transition:transform .45s,opacity .45s ease-in-out;transform:translate3d(0, 35px, 0)}.wp-block-uagb-image--layout-overlay__inner:hover .uagb-image-heading,.wp-block-uagb-image--layout-overlay__inner:hover .uagb-image-separator,.wp-block-uagb-image--layout-overlay__inner:hover .uagb-image-caption{opacity:1;transform:translate3d(0, 0, 0)}.wp-block-uagb-image--effect-zoomin .wp-block-uagb-image__figure img,.wp-block-uagb-image--effect-zoomin .wp-block-uagb-image__figure .wp-block-uagb-image--layout-overlay__color-wrapper{transform:scale(1);transition:transform .35s ease-in-out}.wp-block-uagb-image--effect-zoomin .wp-block-uagb-image__figure:hover img,.wp-block-uagb-image--effect-zoomin .wp-block-uagb-image__figure:hover .wp-block-uagb-image--layout-overlay__color-wrapper{transform:scale(1.05)}.wp-block-uagb-image--effect-slide .wp-block-uagb-image__figure img,.wp-block-uagb-image--effect-slide .wp-block-uagb-image__figure .wp-block-uagb-image--layout-overlay__color-wrapper{width:calc(100% + 40px) !important;max-width:none !important;transform:translate3d(-40px, 0, 0);transition:transform .35s ease-in-out}.wp-block-uagb-image--effect-slide .wp-block-uagb-image__figure:hover img,.wp-block-uagb-image--effect-slide .wp-block-uagb-image__figure:hover .wp-block-uagb-image--layout-overlay__color-wrapper{transform:translate3d(0, 0, 0)}.wp-block-uagb-image--effect-grayscale img{filter:grayscale(0%);transition:.35s ease-in-out}.wp-block-uagb-image--effect-grayscale:hover img{filter:grayscale(100%)}.wp-block-uagb-image--effect-blur img{filter:blur(0);transition:.35s ease-in-out}.wp-block-uagb-image--effect-blur:hover img{filter:blur(3px)}.uagb-block-e6f939b3.wp-block-uagb-image--layout-default figure img{box-shadow: 0px 0px 0 #00000070;}.uagb-block-e6f939b3.wp-block-uagb-image .wp-block-uagb-image__figure figcaption{font-style: normal;align-self: center;}.uagb-block-e6f939b3.wp-block-uagb-image--layout-overlay figure img{box-shadow: 0px 0px 0 #00000070;}.uagb-block-e6f939b3.wp-block-uagb-image--layout-overlay .wp-block-uagb-image--layout-overlay__color-wrapper{opacity: 0.2;}.uagb-block-e6f939b3.wp-block-uagb-image--layout-overlay .wp-block-uagb-image--layout-overlay__inner{left: 15px;right: 15px;top: 15px;bottom: 15px;}.uagb-block-e6f939b3.wp-block-uagb-image--layout-overlay .wp-block-uagb-image--layout-overlay__inner .uagb-image-heading{font-style: normal;color: #fff;opacity: 1;}.uagb-block-e6f939b3.wp-block-uagb-image--layout-overlay .wp-block-uagb-image--layout-overlay__inner .uagb-image-heading a{color: #fff;}.uagb-block-e6f939b3.wp-block-uagb-image--layout-overlay .wp-block-uagb-image--layout-overlay__inner .uagb-image-caption{opacity: 0;}.uagb-block-e6f939b3.wp-block-uagb-image--layout-overlay .wp-block-uagb-image__figure:hover .wp-block-uagb-image--layout-overlay__color-wrapper{opacity: 1;}.uagb-block-e6f939b3.wp-block-uagb-image .wp-block-uagb-image--layout-overlay__inner .uagb-image-separator{width: 30%;border-top-width: 2px;border-top-color: #fff;opacity: 0;}.uagb-block-e6f939b3.wp-block-uagb-image .wp-block-uagb-image__figure img{width: px;height: auto;}.uagb-block-e6f939b3.wp-block-uagb-image .wp-block-uagb-image__figure:hover .wp-block-uagb-image--layout-overlay__inner .uagb-image-caption{opacity: 1;}.uagb-block-e6f939b3.wp-block-uagb-image .wp-block-uagb-image__figure:hover .wp-block-uagb-image--layout-overlay__inner .uagb-image-separator{opacity: 1;}.uagb-block-e6f939b3.wp-block-uagb-image--layout-default figure:hover img{box-shadow: 0px 0px 0 #00000070;}.uagb-block-e6f939b3.wp-block-uagb-image--layout-overlay figure:hover img{box-shadow: 0px 0px 0 #00000070;}@media only screen and (max-width: 976px) {.uagb-block-e6f939b3.wp-block-uagb-image .wp-block-uagb-image__figure img{width: px;height: auto;}}@media only screen and (max-width: 767px) {.uagb-block-e6f939b3.wp-block-uagb-image .wp-block-uagb-image__figure img{width: px;height: auto;}}\";s:2:\"js\";s:0:\"\";s:18:\"current_block_list\";a:13:{i:0;s:11:\"core\/search\";i:1;s:10:\"core\/group\";i:2;s:12:\"core\/heading\";i:3;s:17:\"core\/latest-posts\";i:4;s:20:\"core\/latest-comments\";i:5;s:13:\"core\/archives\";i:6;s:15:\"core\/categories\";i:7;s:14:\"core\/paragraph\";i:8;s:10:\"uagb\/image\";i:9;s:11:\"core\/spacer\";i:10;s:30:\"woocommerce\/product-categories\";i:11;s:10:\"core\/image\";i:12;s:14:\"core\/shortcode\";}s:8:\"uag_flag\";b:1;s:11:\"uag_version\";s:10:\"1777094943\";s:6:\"gfonts\";a:0:{}s:10:\"gfonts_url\";s:0:\"\";s:12:\"gfonts_files\";a:0:{}s:14:\"uag_faq_layout\";b:0;}"]},"uagb_featured_image_src":{"full":["https:\/\/www.ferberpainting.com\/wp-content\/uploads\/2025\/05\/Sofa-Water-Repellent-5L.png",2560,2560,false],"thumbnail":["https:\/\/www.ferberpainting.com\/wp-content\/uploads\/2025\/05\/Sofa-Water-Repellent-5L-150x150.png",150,150,true],"medium":["https:\/\/www.ferberpainting.com\/wp-content\/uploads\/2025\/05\/Sofa-Water-Repellent-5L-300x300.png",300,300,true],"medium_large":["https:\/\/www.ferberpainting.com\/wp-content\/uploads\/2025\/05\/Sofa-Water-Repellent-5L-768x768.png",768,768,true],"large":["https:\/\/www.ferberpainting.com\/wp-content\/uploads\/2025\/05\/Sofa-Water-Repellent-5L-1024x1024.png",1024,1024,true],"1536x1536":["https:\/\/www.ferberpainting.com\/wp-content\/uploads\/2025\/05\/Sofa-Water-Repellent-5L-1536x1536.png",1536,1536,true],"2048x2048":["https:\/\/www.ferberpainting.com\/wp-content\/uploads\/2025\/05\/Sofa-Water-Repellent-5L-2048x2048.png",2048,2048,true],"trp-custom-language-flag":["https:\/\/www.ferberpainting.com\/wp-content\/uploads\/2025\/05\/Sofa-Water-Repellent-5L-12x12.png",12,12,true],"woocommerce_thumbnail":["https:\/\/www.ferberpainting.com\/wp-content\/uploads\/2025\/05\/Sofa-Water-Repellent-5L-300x300.png",300,300,true],"woocommerce_single":["https:\/\/www.ferberpainting.com\/wp-content\/uploads\/2025\/05\/Sofa-Water-Repellent-5L-600x600.png",600,600,true],"woocommerce_gallery_thumbnail":["https:\/\/www.ferberpainting.com\/wp-content\/uploads\/2025\/05\/Sofa-Water-Repellent-5L-100x100.png",100,100,true]},"uagb_author_info":{"display_name":"admin","author_link":"https:\/\/www.ferberpainting.com\/dk\/author\/"},"uagb_comment_info":11,"uagb_excerpt":"Effective Protection Against Moisture and Stains.\u00a0This sofa waterproofer is specially designed to provide long-lasting protection against humidity, stains, and spills on your fabric or leather furniture. It forms an invisible barrier that repels liquids and prevents dirt from settling, helping to preserve the appearance and texture of your sofa for longer. Whether it&#8217;s beverage, food,&hellip;","_links":{"self":[{"href":"https:\/\/www.ferberpainting.com\/dk\/wp-json\/wp\/v2\/product\/25314","targetHints":{"allow":["GET"]}}],"collection":[{"href":"https:\/\/www.ferberpainting.com\/dk\/wp-json\/wp\/v2\/product"}],"about":[{"href":"https:\/\/www.ferberpainting.com\/dk\/wp-json\/wp\/v2\/types\/product"}],"replies":[{"embeddable":true,"href":"https:\/\/www.ferberpainting.com\/dk\/wp-json\/wp\/v2\/comments?post=25314"}],"version-history":[{"count":3,"href":"https:\/\/www.ferberpainting.com\/dk\/wp-json\/wp\/v2\/product\/25314\/revisions"}],"predecessor-version":[{"id":167300,"href":"https:\/\/www.ferberpainting.com\/dk\/wp-json\/wp\/v2\/product\/25314\/revisions\/167300"}],"wp:featuredmedia":[{"embeddable":true,"href":"https:\/\/www.ferberpainting.com\/dk\/wp-json\/wp\/v2\/media\/35924"}],"wp:attachment":[{"href":"https:\/\/www.ferberpainting.com\/dk\/wp-json\/wp\/v2\/media?parent=25314"}],"wp:term":[{"taxonomy":"product_brand","embeddable":true,"href":"https:\/\/www.ferberpainting.com\/dk\/wp-json\/wp\/v2\/product_brand?post=25314"},{"taxonomy":"product_cat","embeddable":true,"href":"https:\/\/www.ferberpainting.com\/dk\/wp-json\/wp\/v2\/product_cat?post=25314"},{"taxonomy":"product_tag","embeddable":true,"href":"https:\/\/www.ferberpainting.com\/dk\/wp-json\/wp\/v2\/product_tag?post=25314"}],"curies":[{"name":"wp","href":"https:\/\/api.w.org\/{rel}","templated":true}]}}