{"id":25309,"date":"2025-06-30T21:51:25","date_gmt":"2025-06-30T19:51:25","guid":{"rendered":"https:\/\/www.ferberpainting.com\/?post_type=product&#038;p=25296"},"modified":"2026-02-16T10:50:30","modified_gmt":"2026-02-16T09:50:30","slug":"slate-roof-water-repellent","status":"publish","type":"product","link":"https:\/\/www.ferberpainting.com\/dk\/products\/slate-roof-water-repellent\/","title":{"rendered":"Vandafvisende behandling til skifertag"},"content":{"rendered":"<p><strong><img decoding=\"async\" style=\"margin-right: 12px;\" src=\"https:\/\/www.ferberpainting.com\/wp-content\/uploads\/2026\/02\/Check.svg\" alt=\"\" width=\"18\" height=\"15\" \/>Optimal beskyttelse mod vejret.<\/strong>\u00a0Denne impr\u00e6gnering til skifertag er specielt formuleret til at give langvarig beskyttelse mod vandindtr\u00e6ngning og fugt. Takket v\u00e6re den avancerede formel tr\u00e6nger produktet dybt ind i skiferens overflade og danner en usynlig barriere, der forhindrer vand i at tr\u00e6nge ind, samtidig med at taget kan \u00e5nde. Det hj\u00e6lper med at bevare skiferstenenes integritet og forhindrer skader fra d\u00e5rligt vejr som frost, l\u00e6kager og skimmel.<\/p>\n<p><strong><img decoding=\"async\" style=\"margin-right: 12px;\" src=\"https:\/\/www.ferberpainting.com\/wp-content\/uploads\/2026\/02\/Check.svg\" alt=\"\" width=\"18\" height=\"15\" \/>Penge-tilbage-garanti.<\/strong>\u00a0Vi er sikre p\u00e5, at vores impr\u00e6gnering til skifertag er effektiv. Hvis du ikke er helt tilfreds efter brug, tilbyder vi fuld refusion. Du kan teste produktet risikofrit og k\u00f8be det med ro i sindet, velvidende at du f\u00e5r pengene tilbage, hvis resultaterne ikke lever op til dine forventninger.<\/p>\n<p><strong><img decoding=\"async\" style=\"margin-right: 12px;\" src=\"https:\/\/www.ferberpainting.com\/wp-content\/uploads\/2026\/02\/Check.svg\" alt=\"\" width=\"18\" height=\"15\" \/>Til flere form\u00e5l.<\/strong>\u00a0Dette produkt er meget alsidigt og kan ikke kun bruges p\u00e5 skifertage, men ogs\u00e5 p\u00e5 andre materialer som beton, cement, mursten, m\u00f8rtel og andre por\u00f8se overflader. Dets effektivitet er ikke begr\u00e6nset til skiferfliser, hvilket g\u00f8r det til et godt valg til beskyttelse af flere form\u00e5l og sikrer ensartet vandt\u00e6tning p\u00e5 hele dit tag.<\/p>\n<p><strong><img decoding=\"async\" style=\"margin-right: 12px;\" src=\"https:\/\/www.ferberpainting.com\/wp-content\/uploads\/2026\/02\/Check.svg\" alt=\"\" width=\"18\" height=\"15\" \/>Omkostningseffektivt.<\/strong>\u00a0Denne impr\u00e6gnering til skifertag giver fremragende d\u00e6kning. I gennemsnit d\u00e6kker 1 liter produkt mellem 6 og 8 m\u00b2 afh\u00e6ngigt af flisernes por\u00f8sitet. En 5-liters beholder kan behandle ca. 30 til 40 m\u00b2 tag. Det h\u00f8je udbytte g\u00f8r det muligt at behandle store overflader uden hyppige genk\u00f8b, hvilket g\u00f8r det til en omkostningseffektiv og holdbar l\u00f8sning til at bevare dit tag.<\/p>\n<p><strong><img decoding=\"async\" style=\"margin-right: 12px;\" src=\"https:\/\/www.ferberpainting.com\/wp-content\/uploads\/2026\/02\/Check.svg\" alt=\"\" width=\"18\" height=\"15\" \/>Sikker at bruge.<\/strong>\u00a0Skifertagimpr\u00e6gneringen er designet til at v\u00e6re sikker. Den indeholder ingen skrappe kemikalier og er milj\u00f8venlig. Du kan anvende det sikkert uden risiko for dit eller andres helbred. Som en sikkerhedsforanstaltning anbefaler vi, at du bruger handsker og sikkerhedsbriller under p\u00e5f\u00f8ringen, men der er ingen v\u00e6sentlig risiko, n\u00e5r det bruges som anvist.<\/p>\n<p><strong><img decoding=\"async\" style=\"margin-right: 12px;\" src=\"https:\/\/www.ferberpainting.com\/wp-content\/uploads\/2026\/02\/Check.svg\" alt=\"\" width=\"18\" height=\"15\" \/>Let at p\u00e5f\u00f8re.<\/strong>\u00a0Dette produkt er klar til brug, hvilket g\u00f8r processen hurtig og nem. Der kr\u00e6ves ingen fortynding eller forberedelse - du skal blot spr\u00f8jte, b\u00f8rste eller rulle det direkte p\u00e5 taget. Det giver en hurtig og ubesv\u00e6ret p\u00e5f\u00f8ring, der er velegnet til b\u00e5de professionelle og g\u00f8r-det-selv-folk. P\u00e5f\u00f8ringen er j\u00e6vn og efterlader ingen synlige spor, hvilket giver en ren og \u00e6stetisk finish.<\/p>\n<p><strong><img decoding=\"async\" style=\"margin-right: 12px;\" src=\"https:\/\/www.ferberpainting.com\/wp-content\/uploads\/2026\/02\/Check.svg\" alt=\"\" width=\"18\" height=\"15\" \/>Holdbarhed.<\/strong>\u00a0Impr\u00e6gneringen til skifertag giver langvarig beskyttelse. N\u00e5r den er p\u00e5f\u00f8rt, danner den en usynlig barriere, der modst\u00e5r fugt og holder dit tag beskyttet i flere \u00e5r. Afh\u00e6ngigt af vejrforhold og eksponering kan beskyttelsen vare mellem 2 og 5 \u00e5r. Denne holdbarhed hj\u00e6lper med at reducere vedligeholdelsen og sikrer, at dit tag forbliver i fremragende stand.<\/p>\n<p><strong><img decoding=\"async\" style=\"margin-right: 12px;\" src=\"https:\/\/www.ferberpainting.com\/wp-content\/uploads\/2026\/02\/Check.svg\" alt=\"\" width=\"18\" height=\"15\" \/>T\u00f8rrer og virker hurtigt.<\/strong>\u00a0Impr\u00e6gneringen t\u00f8rrer hurtigt og tr\u00e6nger hurtigt ind i skiferpladerne. Generelt er overfladerne t\u00f8rre at r\u00f8re ved inden for 1 til 2 timer, men for at opn\u00e5 optimal ydeevne anbefales det at vente 24 timer, f\u00f8r taget uds\u00e6ttes for regn eller fugt. Denne hurtige t\u00f8rring hj\u00e6lper dig med at genoptage brugen af den behandlede overflade hurtigt og sikrer langsigtet vandt\u00e6thed.<\/p>\n<h2><strong>Protokol for brug<\/strong><\/h2>\n<ul>\n<li><strong>Forberedelse af overflade <\/strong>: F\u00f8r du p\u00e5f\u00f8rer impr\u00e6gneringen, skal du s\u00f8rge for, at overfladen er ren og t\u00f8r. Vi anbefaler at reng\u00f8re taget for at fjerne skidt, mos og snavs. Brug en kost, en h\u00f8jtryksrenser eller en b\u00f8rste til at fjerne alle urenheder. Hvis der er mos eller lav, skal der anvendes en s\u00e6rlig anti-mos-behandling p\u00e5 forh\u00e5nd. N\u00e5r taget er rengjort, skal du sikre dig, at det er helt t\u00f8rt, f\u00f8r du p\u00e5f\u00f8rer produktet.<\/li>\n<li><strong>Anvendelse af produktet <\/strong>: Skifertagimpr\u00e6gneringen er klar til brug, det er ikke n\u00f8dvendigt at fortynde den. Brug en spr\u00f8jte, rulle eller pensel til at p\u00e5f\u00f8re det j\u00e6vnt p\u00e5 overfladen. Hvis du bruger en spr\u00f8jte, skal du holde en afstand p\u00e5 ca. 30 cm og spr\u00f8jte ensartet. Ved p\u00e5f\u00f8ring med rulle eller pensel skal du s\u00f8rge for at d\u00e6kke alle omr\u00e5der, der skal behandles, j\u00e6vnt uden at overm\u00e6tte fliserne. P\u00e5f\u00f8r lette, j\u00e6vne lag for at forhindre afl\u00f8b.<\/li>\n<li><strong>M\u00e6ngde til brug <\/strong>: Afh\u00e6ngigt af skiferflisernes por\u00f8sitet d\u00e6kker 1 liter produkt generelt mellem 6 og 8 m\u00b2. Det betyder, at en 5-liters beholder kan behandle 30 til 40 m\u00b2 overflade. Hvis fliserne er meget por\u00f8se, eller du \u00f8nsker at p\u00e5f\u00f8re et ekstra lag, skal du justere m\u00e6ngden efter behov. Som hovedregel er et lag tilstr\u00e6kkeligt til effektiv beskyttelse, men det kan v\u00e6re n\u00f8dvendigt at p\u00e5f\u00f8re endnu et lag p\u00e5 meget udsatte omr\u00e5der.<\/li>\n<li><strong>T\u00f8rretid <\/strong>: Efter p\u00e5f\u00f8ring t\u00f8rrer produktet hurtigt. Overflader bliver typisk t\u00f8rre at r\u00f8re ved i l\u00f8bet af 1 til 2 timer. For at opn\u00e5 fuld ydeevne skal du lade produktet t\u00f8rre helt i 24 timer, f\u00f8r du uds\u00e6tter taget for regn eller fugt. Dette sikrer dannelsen af en effektiv barriere, der forhindrer vandinfiltration.<\/li>\n<li><strong>Genans\u00f8gning <\/strong>: Afh\u00e6ngigt af klimaforhold og naturlig slitage kan det v\u00e6re n\u00f8dvendigt at p\u00e5f\u00f8re produktet igen hvert 2. til 5. \u00e5r. Det anbefales at inspicere taget regelm\u00e6ssigt og p\u00e5f\u00f8re produktet igen, hvis der er tegn p\u00e5 slitage eller nedsat effektivitet. En anden p\u00e5f\u00f8ring vil hj\u00e6lpe med at opretholde langvarig beskyttelse.<\/li>\n<li><strong>Vedligeholdelse <\/strong>: Efter p\u00e5f\u00f8ring er det nemt at vedligeholde dit tag. Reng\u00f8r det med s\u00e6bevand og en bl\u00f8d kost eller klud for at fjerne rester. Undg\u00e5 at bruge h\u00f8jtryksrensere eller skrappe kemiske reng\u00f8ringsmidler, der kan beskadige den beskyttende bel\u00e6gning. Sk\u00e5nsom og regelm\u00e6ssig vedligeholdelse hj\u00e6lper med at bevare vandt\u00e6theden i mange \u00e5r.<\/li>\n<\/ul>","protected":false},"excerpt":{"rendered":"<p>Optimal protection against weather.\u00a0This slate roof waterproofer is specially formulated to provide long-lasting protection against water infiltration and humidity. Thanks to its advanced formula, this product deeply penetrates the surface of the slate, forming an invisible barrier that prevents water from seeping in while allowing the roof to breathe. It helps preserve the integrity of [&hellip;]<\/p>\n","protected":false},"featured_media":35987,"comment_status":"open","ping_status":"closed","template":"","meta":{"_uag_custom_page_level_css":"","site-sidebar-layout":"default","site-content-layout":"","ast-site-content-layout":"default","site-content-style":"default","site-sidebar-style":"default","ast-global-header-display":"","ast-banner-title-visibility":"","ast-main-header-display":"","ast-hfb-above-header-display":"","ast-hfb-below-header-display":"","ast-hfb-mobile-header-display":"","site-post-title":"","ast-breadcrumbs-content":"","ast-featured-img":"","footer-sml-layout":"","ast-disable-related-posts":"","theme-transparent-header-meta":"default","adv-header-id-meta":"","stick-header-meta":"","header-above-stick-meta":"","header-main-stick-meta":"","header-below-stick-meta":"","astra-migrate-meta-layouts":"set","ast-page-background-enabled":"default","ast-page-background-meta":{"desktop":{"background-color":"var(--ast-global-color-4)","background-image":"","background-repeat":"repeat","background-position":"center center","background-size":"auto","background-attachment":"scroll","background-type":"","background-media":"","overlay-type":"","overlay-color":"","overlay-opacity":"","overlay-gradient":""},"tablet":{"background-color":"","background-image":"","background-repeat":"repeat","background-position":"center center","background-size":"auto","background-attachment":"scroll","background-type":"","background-media":"","overlay-type":"","overlay-color":"","overlay-opacity":"","overlay-gradient":""},"mobile":{"background-color":"","background-image":"","background-repeat":"repeat","background-position":"center center","background-size":"auto","background-attachment":"scroll","background-type":"","background-media":"","overlay-type":"","overlay-color":"","overlay-opacity":"","overlay-gradient":""}},"ast-content-background-meta":{"desktop":{"background-color":"var(--ast-global-color-5)","background-image":"","background-repeat":"repeat","background-position":"center center","background-size":"auto","background-attachment":"scroll","background-type":"","background-media":"","overlay-type":"","overlay-color":"","overlay-opacity":"","overlay-gradient":""},"tablet":{"background-color":"var(--ast-global-color-5)","background-image":"","background-repeat":"repeat","background-position":"center center","background-size":"auto","background-attachment":"scroll","background-type":"","background-media":"","overlay-type":"","overlay-color":"","overlay-opacity":"","overlay-gradient":""},"mobile":{"background-color":"var(--ast-global-color-5)","background-image":"","background-repeat":"repeat","background-position":"center center","background-size":"auto","background-attachment":"scroll","background-type":"","background-media":"","overlay-type":"","overlay-color":"","overlay-opacity":"","overlay-gradient":""}}},"product_brand":[],"product_cat":[191],"product_tag":[],"class_list":{"0":"post-25309","1":"product","2":"type-product","3":"status-publish","4":"has-post-thumbnail","6":"product_cat-water-repellent","7":"desktop-align-left","8":"tablet-align-left","9":"mobile-align-left","11":"first","12":"instock","13":"sale","14":"taxable","15":"shipping-taxable","16":"purchasable","17":"product-type-variable","18":"has-default-attributes"},"spectra_custom_meta":{"_visibility":["visible"],"_shopify_product_id":["9106642239733"],"_s2w_shopify_domain":["ferberpainting.myshopify.com"],"_shopify_variant_id":["46626378711285"],"_sku":[""],"_manage_stock":["no"],"total_sales":["5"],"_tax_status":["taxable"],"_tax_class":[""],"_backorders":["no"],"_sold_individually":["no"],"_virtual":["no"],"_downloadable":["no"],"_download_limit":["-1"],"_download_expiry":["-1"],"_stock":[null],"_stock_status":["instock"],"_wc_average_rating":["5.00"],"_wc_review_count":["10"],"_product_attributes":["a:1:{s:6:\"volume\";a:6:{s:4:\"name\";s:6:\"Volume\";s:5:\"value\";s:20:\"5 liters | 25 liters\";s:8:\"position\";i:1;s:10:\"is_visible\";i:0;s:12:\"is_variation\";i:1;s:11:\"is_taxonomy\";i:0;}}"],"_product_version":["10.5.1"],"wpse_downloadable_file_names":[""],"wpse_downloadable_file_urls":[""],"_edit_last":["1"],"_default_attributes":["a:1:{s:6:\"volume\";s:8:\"5 liters\";}"],"_edit_lock":["1771235292:1"],"_price":["29.90","129.90"],"merchant-center-availability":["yes"],"merchant-center-category":["503744"],"_thumbnail_id":["35987"],"_wp_page_template":["default"],"_product_image_gallery":["35989"],"site-sidebar-layout":["default"],"ast-site-content-layout":["default"],"site-content-style":["default"],"site-sidebar-style":["default"],"theme-transparent-header-meta":["default"],"_wc_rating_count":["a:1:{i:5;i:10;}"],"astra-migrate-meta-layouts":["set"],"_uag_css_file_name":["uag-css-25309.css"],"_elementor_page_assets":["a:0:{}"],"_uag_page_assets":["a:9:{s:3:\"css\";s:7133:\".uag-blocks-common-selector{z-index:var(--z-index-desktop) !important}@media(max-width: 976px){.uag-blocks-common-selector{z-index:var(--z-index-tablet) !important}}@media(max-width: 767px){.uag-blocks-common-selector{z-index:var(--z-index-mobile) !important}}.wp-block-uagb-image{display:flex}.wp-block-uagb-image__figure{position:relative;display:flex;flex-direction:column;max-width:100%;height:auto;margin:0}.wp-block-uagb-image__figure img{height:auto;display:flex;max-width:100%;transition:box-shadow .2s ease}.wp-block-uagb-image__figure>a{display:inline-block}.wp-block-uagb-image__figure figcaption{text-align:center;margin-top:.5em;margin-bottom:1em}.wp-block-uagb-image .components-placeholder.block-editor-media-placeholder .components-placeholder__instructions{align-self:center}.wp-block-uagb-image--align-left{text-align:left}.wp-block-uagb-image--align-right{text-align:right}.wp-block-uagb-image--align-center{text-align:center}.wp-block-uagb-image--align-full .wp-block-uagb-image__figure{margin-left:calc(50% - 50vw);margin-right:calc(50% - 50vw);max-width:100vw;width:100vw;height:auto}.wp-block-uagb-image--align-full .wp-block-uagb-image__figure img{height:auto;width:100% !important}.wp-block-uagb-image--align-wide .wp-block-uagb-image__figure img{height:auto;width:100%}.wp-block-uagb-image--layout-overlay__color-wrapper{position:absolute;left:0;top:0;right:0;bottom:0;opacity:.2;background:rgba(0,0,0,.5);transition:opacity .35s ease-in-out}.wp-block-uagb-image--layout-overlay-link{position:absolute;left:0;right:0;bottom:0;top:0}.wp-block-uagb-image--layout-overlay .wp-block-uagb-image__figure:hover .wp-block-uagb-image--layout-overlay__color-wrapper{opacity:1}.wp-block-uagb-image--layout-overlay__inner{position:absolute;left:15px;right:15px;bottom:15px;top:15px;display:flex;align-items:center;justify-content:center;flex-direction:column;border-color:#fff;transition:.35s ease-in-out}.wp-block-uagb-image--layout-overlay__inner.top-left,.wp-block-uagb-image--layout-overlay__inner.top-center,.wp-block-uagb-image--layout-overlay__inner.top-right{justify-content:flex-start}.wp-block-uagb-image--layout-overlay__inner.bottom-left,.wp-block-uagb-image--layout-overlay__inner.bottom-center,.wp-block-uagb-image--layout-overlay__inner.bottom-right{justify-content:flex-end}.wp-block-uagb-image--layout-overlay__inner.top-left,.wp-block-uagb-image--layout-overlay__inner.center-left,.wp-block-uagb-image--layout-overlay__inner.bottom-left{align-items:flex-start}.wp-block-uagb-image--layout-overlay__inner.top-right,.wp-block-uagb-image--layout-overlay__inner.center-right,.wp-block-uagb-image--layout-overlay__inner.bottom-right{align-items:flex-end}.wp-block-uagb-image--layout-overlay__inner .uagb-image-heading{color:#fff;transition:transform .35s,opacity .35s ease-in-out;transform:translate3d(0, 24px, 0);margin:0;line-height:1em}.wp-block-uagb-image--layout-overlay__inner .uagb-image-separator{width:30%;border-top-width:2px;border-top-color:#fff;border-top-style:solid;margin-bottom:10px;opacity:0;transition:transform .4s,opacity .4s ease-in-out;transform:translate3d(0, 30px, 0)}.wp-block-uagb-image--layout-overlay__inner .uagb-image-caption{opacity:0;overflow:visible;color:#fff;transition:transform .45s,opacity .45s ease-in-out;transform:translate3d(0, 35px, 0)}.wp-block-uagb-image--layout-overlay__inner:hover .uagb-image-heading,.wp-block-uagb-image--layout-overlay__inner:hover .uagb-image-separator,.wp-block-uagb-image--layout-overlay__inner:hover .uagb-image-caption{opacity:1;transform:translate3d(0, 0, 0)}.wp-block-uagb-image--effect-zoomin .wp-block-uagb-image__figure img,.wp-block-uagb-image--effect-zoomin .wp-block-uagb-image__figure .wp-block-uagb-image--layout-overlay__color-wrapper{transform:scale(1);transition:transform .35s ease-in-out}.wp-block-uagb-image--effect-zoomin .wp-block-uagb-image__figure:hover img,.wp-block-uagb-image--effect-zoomin .wp-block-uagb-image__figure:hover .wp-block-uagb-image--layout-overlay__color-wrapper{transform:scale(1.05)}.wp-block-uagb-image--effect-slide .wp-block-uagb-image__figure img,.wp-block-uagb-image--effect-slide .wp-block-uagb-image__figure .wp-block-uagb-image--layout-overlay__color-wrapper{width:calc(100% + 40px) !important;max-width:none !important;transform:translate3d(-40px, 0, 0);transition:transform .35s ease-in-out}.wp-block-uagb-image--effect-slide .wp-block-uagb-image__figure:hover img,.wp-block-uagb-image--effect-slide .wp-block-uagb-image__figure:hover .wp-block-uagb-image--layout-overlay__color-wrapper{transform:translate3d(0, 0, 0)}.wp-block-uagb-image--effect-grayscale img{filter:grayscale(0%);transition:.35s ease-in-out}.wp-block-uagb-image--effect-grayscale:hover img{filter:grayscale(100%)}.wp-block-uagb-image--effect-blur img{filter:blur(0);transition:.35s ease-in-out}.wp-block-uagb-image--effect-blur:hover img{filter:blur(3px)}.uagb-block-e6f939b3.wp-block-uagb-image--layout-default figure img{box-shadow: 0px 0px 0 #00000070;}.uagb-block-e6f939b3.wp-block-uagb-image .wp-block-uagb-image__figure figcaption{font-style: normal;align-self: center;}.uagb-block-e6f939b3.wp-block-uagb-image--layout-overlay figure img{box-shadow: 0px 0px 0 #00000070;}.uagb-block-e6f939b3.wp-block-uagb-image--layout-overlay .wp-block-uagb-image--layout-overlay__color-wrapper{opacity: 0.2;}.uagb-block-e6f939b3.wp-block-uagb-image--layout-overlay .wp-block-uagb-image--layout-overlay__inner{left: 15px;right: 15px;top: 15px;bottom: 15px;}.uagb-block-e6f939b3.wp-block-uagb-image--layout-overlay .wp-block-uagb-image--layout-overlay__inner .uagb-image-heading{font-style: normal;color: #fff;opacity: 1;}.uagb-block-e6f939b3.wp-block-uagb-image--layout-overlay .wp-block-uagb-image--layout-overlay__inner .uagb-image-heading a{color: #fff;}.uagb-block-e6f939b3.wp-block-uagb-image--layout-overlay .wp-block-uagb-image--layout-overlay__inner .uagb-image-caption{opacity: 0;}.uagb-block-e6f939b3.wp-block-uagb-image--layout-overlay .wp-block-uagb-image__figure:hover .wp-block-uagb-image--layout-overlay__color-wrapper{opacity: 1;}.uagb-block-e6f939b3.wp-block-uagb-image .wp-block-uagb-image--layout-overlay__inner .uagb-image-separator{width: 30%;border-top-width: 2px;border-top-color: #fff;opacity: 0;}.uagb-block-e6f939b3.wp-block-uagb-image .wp-block-uagb-image__figure img{width: px;height: auto;}.uagb-block-e6f939b3.wp-block-uagb-image .wp-block-uagb-image__figure:hover .wp-block-uagb-image--layout-overlay__inner .uagb-image-caption{opacity: 1;}.uagb-block-e6f939b3.wp-block-uagb-image .wp-block-uagb-image__figure:hover .wp-block-uagb-image--layout-overlay__inner .uagb-image-separator{opacity: 1;}.uagb-block-e6f939b3.wp-block-uagb-image--layout-default figure:hover img{box-shadow: 0px 0px 0 #00000070;}.uagb-block-e6f939b3.wp-block-uagb-image--layout-overlay figure:hover img{box-shadow: 0px 0px 0 #00000070;}@media only screen and (max-width: 976px) {.uagb-block-e6f939b3.wp-block-uagb-image .wp-block-uagb-image__figure img{width: px;height: auto;}}@media only screen and (max-width: 767px) {.uagb-block-e6f939b3.wp-block-uagb-image .wp-block-uagb-image__figure img{width: px;height: auto;}}\";s:2:\"js\";s:0:\"\";s:18:\"current_block_list\";a:13:{i:0;s:11:\"core\/search\";i:1;s:10:\"core\/group\";i:2;s:12:\"core\/heading\";i:3;s:17:\"core\/latest-posts\";i:4;s:20:\"core\/latest-comments\";i:5;s:13:\"core\/archives\";i:6;s:15:\"core\/categories\";i:7;s:14:\"core\/paragraph\";i:8;s:10:\"uagb\/image\";i:9;s:11:\"core\/spacer\";i:10;s:30:\"woocommerce\/product-categories\";i:11;s:10:\"core\/image\";i:12;s:14:\"core\/shortcode\";}s:8:\"uag_flag\";b:1;s:11:\"uag_version\";s:10:\"1777266361\";s:6:\"gfonts\";a:0:{}s:10:\"gfonts_url\";s:0:\"\";s:12:\"gfonts_files\";a:0:{}s:14:\"uag_faq_layout\";b:0;}"]},"uagb_featured_image_src":{"full":["https:\/\/www.ferberpainting.com\/wp-content\/uploads\/2025\/06\/Slate-Roof-Water-Repellent-5L.png",2560,2560,false],"thumbnail":["https:\/\/www.ferberpainting.com\/wp-content\/uploads\/2025\/06\/Slate-Roof-Water-Repellent-5L-150x150.png",150,150,true],"medium":["https:\/\/www.ferberpainting.com\/wp-content\/uploads\/2025\/06\/Slate-Roof-Water-Repellent-5L-300x300.png",300,300,true],"medium_large":["https:\/\/www.ferberpainting.com\/wp-content\/uploads\/2025\/06\/Slate-Roof-Water-Repellent-5L-768x768.png",768,768,true],"large":["https:\/\/www.ferberpainting.com\/wp-content\/uploads\/2025\/06\/Slate-Roof-Water-Repellent-5L-1024x1024.png",1024,1024,true],"1536x1536":["https:\/\/www.ferberpainting.com\/wp-content\/uploads\/2025\/06\/Slate-Roof-Water-Repellent-5L-1536x1536.png",1536,1536,true],"2048x2048":["https:\/\/www.ferberpainting.com\/wp-content\/uploads\/2025\/06\/Slate-Roof-Water-Repellent-5L-2048x2048.png",2048,2048,true],"trp-custom-language-flag":["https:\/\/www.ferberpainting.com\/wp-content\/uploads\/2025\/06\/Slate-Roof-Water-Repellent-5L-12x12.png",12,12,true],"woocommerce_thumbnail":["https:\/\/www.ferberpainting.com\/wp-content\/uploads\/2025\/06\/Slate-Roof-Water-Repellent-5L-300x300.png",300,300,true],"woocommerce_single":["https:\/\/www.ferberpainting.com\/wp-content\/uploads\/2025\/06\/Slate-Roof-Water-Repellent-5L-600x600.png",600,600,true],"woocommerce_gallery_thumbnail":["https:\/\/www.ferberpainting.com\/wp-content\/uploads\/2025\/06\/Slate-Roof-Water-Repellent-5L-100x100.png",100,100,true]},"uagb_author_info":{"display_name":"admin","author_link":"https:\/\/www.ferberpainting.com\/dk\/author\/"},"uagb_comment_info":10,"uagb_excerpt":"Optimal protection against weather.\u00a0This slate roof waterproofer is specially formulated to provide long-lasting protection against water infiltration and humidity. Thanks to its advanced formula, this product deeply penetrates the surface of the slate, forming an invisible barrier that prevents water from seeping in while allowing the roof to breathe. It helps preserve the integrity of&hellip;","_links":{"self":[{"href":"https:\/\/www.ferberpainting.com\/dk\/wp-json\/wp\/v2\/product\/25309","targetHints":{"allow":["GET"]}}],"collection":[{"href":"https:\/\/www.ferberpainting.com\/dk\/wp-json\/wp\/v2\/product"}],"about":[{"href":"https:\/\/www.ferberpainting.com\/dk\/wp-json\/wp\/v2\/types\/product"}],"replies":[{"embeddable":true,"href":"https:\/\/www.ferberpainting.com\/dk\/wp-json\/wp\/v2\/comments?post=25309"}],"version-history":[{"count":3,"href":"https:\/\/www.ferberpainting.com\/dk\/wp-json\/wp\/v2\/product\/25309\/revisions"}],"predecessor-version":[{"id":167299,"href":"https:\/\/www.ferberpainting.com\/dk\/wp-json\/wp\/v2\/product\/25309\/revisions\/167299"}],"wp:featuredmedia":[{"embeddable":true,"href":"https:\/\/www.ferberpainting.com\/dk\/wp-json\/wp\/v2\/media\/35987"}],"wp:attachment":[{"href":"https:\/\/www.ferberpainting.com\/dk\/wp-json\/wp\/v2\/media?parent=25309"}],"wp:term":[{"taxonomy":"product_brand","embeddable":true,"href":"https:\/\/www.ferberpainting.com\/dk\/wp-json\/wp\/v2\/product_brand?post=25309"},{"taxonomy":"product_cat","embeddable":true,"href":"https:\/\/www.ferberpainting.com\/dk\/wp-json\/wp\/v2\/product_cat?post=25309"},{"taxonomy":"product_tag","embeddable":true,"href":"https:\/\/www.ferberpainting.com\/dk\/wp-json\/wp\/v2\/product_tag?post=25309"}],"curies":[{"name":"wp","href":"https:\/\/api.w.org\/{rel}","templated":true}]}}