{"id":25287,"date":"2025-06-18T09:29:11","date_gmt":"2025-06-18T07:29:11","guid":{"rendered":"https:\/\/www.ferberpainting.com\/?post_type=product&#038;p=25287"},"modified":"2026-02-16T10:32:28","modified_gmt":"2026-02-16T09:32:28","slug":"shoe-water-repellent","status":"publish","type":"product","link":"https:\/\/www.ferberpainting.com\/dk\/products\/shoe-water-repellent\/","title":{"rendered":"Vandafvisende sko"},"content":{"rendered":"<p><strong><img decoding=\"async\" style=\"margin-right: 12px;\" src=\"https:\/\/www.ferberpainting.com\/wp-content\/uploads\/2026\/02\/Check.svg\" alt=\"\" width=\"18\" height=\"15\" \/>Effektiv beskyttelse mod fugt og pletter.<\/strong>\u00a0Denne skoimpr\u00e6gnering er den ideelle l\u00f8sning til at beskytte dine sko mod vind og vejr, fugt, mudder og pletter. Uanset om dine sko er lavet af l\u00e6der, l\u00e6rred, ruskind eller nubuck, danner dette produkt en usynlig barriere, der forhindrer vand i at tr\u00e6nge ind, samtidig med at materialet kan \u00e5nde. Det holder dine f\u00f8dder t\u00f8rre, selv i regnvejr, og forhindrer vandm\u00e6rker og pletter, der kan \u00e6ndre dine skos udseende. Dine sko bliver ved med at se nye ud, beskyttet og klar til at klare alle vejrforhold.<\/p>\n<p><strong><img decoding=\"async\" style=\"margin-right: 12px;\" src=\"https:\/\/www.ferberpainting.com\/wp-content\/uploads\/2026\/02\/Check.svg\" alt=\"\" width=\"18\" height=\"15\" \/>Penge-tilbage-garanti.<\/strong>\u00a0Vi er overbeviste om, at vores produkt er effektivt, og derfor tilbyder vi en tilfredsheds- eller pengene-tilbage-garanti. Hvis du af en eller anden grund ikke er helt tilfreds med resultatet af vores skoimpr\u00e6gnering, kan du anmode om fuld refusion. Med denne garanti kan du k\u00f8be med ro i sindet og vide, at du kan f\u00e5 dine penge tilbage, hvis produktet ikke lever op til dine forventninger.<\/p>\n<p><strong><img decoding=\"async\" style=\"margin-right: 12px;\" src=\"https:\/\/www.ferberpainting.com\/wp-content\/uploads\/2026\/02\/Check.svg\" alt=\"\" width=\"18\" height=\"15\" \/>Alsidig til forskellige materialer.<\/strong>\u00a0Dette impr\u00e6gneringsmiddel til sko er meget alsidigt og fungerer p\u00e5 en lang r\u00e6kke materialer. Det er ideelt til l\u00e6der, l\u00e6rred, ruskind, nubuck og syntetiske materialer. Den kan ogs\u00e5 bruges p\u00e5 tasker, frakker, handsker og andet tilbeh\u00f8r, der er fremstillet af disse materialer. Uanset om dine sko er sporty, smarte eller afslappede l\u00e6rredssneakers, giver dette produkt p\u00e5lidelig og holdbar beskyttelse mod fugt og pletter.<\/p>\n<p><strong><img decoding=\"async\" style=\"margin-right: 12px;\" src=\"https:\/\/www.ferberpainting.com\/wp-content\/uploads\/2026\/02\/Check.svg\" alt=\"\" width=\"18\" height=\"15\" \/>Omkostningseffektivt.<\/strong>\u00a0Dette produkt er ekstremt \u00f8konomisk i brug. Med en 5-liters beholder kan du behandle et stort antal sko. I gennemsnit kan en liter impr\u00e6gnering behandle op til 50 par sko, afh\u00e6ngigt af den anvendte m\u00e6ngde og materialetypen. Dette h\u00f8je udbytte g\u00f8r impr\u00e6gneringsmidlet til en omkostningseffektiv og langsigtet l\u00f8sning, der giver langvarig beskyttelse uden hyppig genanvendelse.<\/p>\n<p><strong><img decoding=\"async\" style=\"margin-right: 12px;\" src=\"https:\/\/www.ferberpainting.com\/wp-content\/uploads\/2026\/02\/Check.svg\" alt=\"\" width=\"18\" height=\"15\" \/>Sikker og materialevenlig.<\/strong>\u00a0Dette impr\u00e6gneringsmiddel til sko er udviklet til at v\u00e6re sikkert for b\u00e5de dig og dine sko. Det er fremstillet af sk\u00e5nsomme ingredienser, som ikke \u00e6ndrer materialets farve eller tekstur eller beskadiger overfladen. Den er ogs\u00e5 fri for skadelige kemikalier, hvilket g\u00f8r den sikker til hjemmebrug. Du kan trygt anvende dette produkt, da du ved, at det ikke skader dit helbred eller dine sko.<\/p>\n<p><strong><img decoding=\"async\" style=\"margin-right: 12px;\" src=\"https:\/\/www.ferberpainting.com\/wp-content\/uploads\/2026\/02\/Check.svg\" alt=\"\" width=\"18\" height=\"15\" \/>Let at bruge.<\/strong>\u00a0Det er nemt og hurtigt at p\u00e5f\u00f8re skoimpr\u00e6gneringen. Den er klar til brug og kr\u00e6ver ingen fortynding eller kompliceret forberedelse. Bare spray produktet j\u00e6vnt p\u00e5 overfladen af dine sko, og s\u00f8rg for at d\u00e6kke alle omr\u00e5der, der uds\u00e6ttes for fugt. Impr\u00e6gneringsmidlet spreder sig let og tr\u00e6nger hurtigt ind i materialet og danner en usynlig beskyttelse. Med nogle f\u00e5 enkle trin er dine sko klar til at m\u00f8de regn eller sne.<\/p>\n<p><strong><img decoding=\"async\" style=\"margin-right: 12px;\" src=\"https:\/\/www.ferberpainting.com\/wp-content\/uploads\/2026\/02\/Check.svg\" alt=\"\" width=\"18\" height=\"15\" \/>Holdbar beskyttelse.<\/strong>\u00a0Skoimpr\u00e6gneringen sikrer langvarig beskyttelse. N\u00e5r den er p\u00e5f\u00f8rt, danner den en modstandsdygtig barriere, der afviser vand og pletter, selv efter flere reng\u00f8ringer. Du beh\u00f8ver ikke at p\u00e5f\u00f8re det igen efter hver vask eller g\u00e5tur i regnvejr. Beskyttelsen holder i flere m\u00e5neder og hj\u00e6lper med at holde dine sko i perfekt stand uden at bekymre dig om fugt eller snavs. Dette produkt er en holdbar l\u00f8sning til beskyttelse af dine sko.<\/p>\n<p><strong><img decoding=\"async\" style=\"margin-right: 12px;\" src=\"https:\/\/www.ferberpainting.com\/wp-content\/uploads\/2026\/02\/Check.svg\" alt=\"\" width=\"18\" height=\"15\" \/>Hurtigtvirkende.<\/strong>\u00a0Dette produkt virker hurtigt. Efter p\u00e5f\u00f8ring t\u00f8rrer det p\u00e5 ca. 1 til 2 timer ved stuetemperatur, afh\u00e6ngigt af vejrforhold og materialetype. Det betyder, at du hurtigt kan tage dine sko p\u00e5 igen uden at vente i timevis. N\u00e5r det er t\u00f8rt, er beskyttelsen straks aktiv. Du beh\u00f8ver ikke at vente i timevis p\u00e5, at produktet virker - efter en kort t\u00f8rretid er dine sko fuldt beskyttet.<\/p>\n<h2><strong>Protokol for brug<\/strong><\/h2>\n<ul>\n<li><strong>Forberedelse af overflade <\/strong>: S\u00f8rg for, at skoene er rene og t\u00f8rre, f\u00f8r du p\u00e5f\u00f8rer impr\u00e6gneringen. Fjern snavs og st\u00f8v med en bl\u00f8d klud eller b\u00f8rste. Hvis dine sko er meget snavsede, anbefales det at reng\u00f8re dem, f\u00f8r du p\u00e5f\u00f8rer produktet. P\u00e5f\u00f8ring p\u00e5 en ren overflade giver bedre vedh\u00e6ftning og mere effektiv beskyttelse.<\/li>\n<li><strong>Produktanvendelse <\/strong>: Ryst flasken godt f\u00f8r brug. P\u00e5f\u00f8r produktet ca. 20 cm fra skoens overflade. Spray et ensartet, let lag over hele skoen med fokus p\u00e5 omr\u00e5der, der er s\u00e6rligt udsatte for fugt, f.eks. s\u00f8mme og s\u00e5ler. Undg\u00e5 at overm\u00e6tte materialerne - p\u00e5f\u00f8r et tyndt og j\u00e6vnt lag. Hvis du anvender det p\u00e5 ruskind eller nubuck, skal du undg\u00e5 at overfugte stoffet for at undg\u00e5 synlige m\u00e6rker.<\/li>\n<li><strong>J\u00e6vn d\u00e6kning <\/strong>: Brug om n\u00f8dvendigt en ren, bl\u00f8d klud til at glatte produktet ud, s\u00e5 det bliver j\u00e6vnt fordelt, is\u00e6r i omr\u00e5der, som sprayen ikke n\u00e5r. Det hj\u00e6lper med at opn\u00e5 ensartet d\u00e6kning og effektiv beskyttelse p\u00e5 hele skoen.<\/li>\n<li><strong>T\u00f8rretid <\/strong>: Lad skoene t\u00f8rre i ca. 1 til 2 timer ved stuetemperatur og omgivende luftfugtighed. Brug ikke skoene under t\u00f8rringen for at undg\u00e5 at kompromittere beskyttelsen. Placer om muligt skoene i et godt ventileret rum.<\/li>\n<li><strong>Genans\u00f8gning <\/strong>: Afh\u00e6ngigt af brugen kan du p\u00e5f\u00f8re et ekstra lag for at forst\u00e6rke beskyttelsen, is\u00e6r hvis dine sko ofte uds\u00e6ttes for v\u00e5de eller snavsede forhold. S\u00f8rg for, at det f\u00f8rste lag er helt t\u00f8rt, f\u00f8r du p\u00e5f\u00f8rer det andet.<\/li>\n<li><strong>Efterbehandling <\/strong>: Efter p\u00e5f\u00f8ring kan du reng\u00f8re dine sko normalt uden at fjerne beskyttelsen. Undg\u00e5 dog at skrubbe for kraftigt p\u00e5 de behandlede omr\u00e5der. P\u00e5f\u00f8r om n\u00f8dvendigt impr\u00e6gneringsmidlet igen hver 6. m\u00e5ned for at bevare effektiviteten, eller oftere afh\u00e6ngigt af brugsintensiteten.<\/li>\n<\/ul>\n<p>Impr\u00e6gnering til sko er et enkelt, hurtigt og \u00f8konomisk produkt, der forl\u00e6nger dine skos levetid og samtidig bevarer deres udseende. Takket v\u00e6re den nemme p\u00e5f\u00f8ring og den langtidsholdbare formel er den en vigtig allieret for alle skoejere, uanset om de er lavet af l\u00e6der, ruskind, l\u00e6rred eller syntetiske materialer. Lad ikke fugt og pletter \u00f8del\u00e6gge dine sko, beskyt dem med vores kraftfulde og usynlige impr\u00e6gnering.<\/p>","protected":false},"excerpt":{"rendered":"<p>Effective Protection Against Moisture and Stains.\u00a0This shoe waterproofer is the ideal solution to protect your shoes from the elements, humidity, mud, and stains. Whether your shoes are made of leather, canvas, suede, or nubuck, this product forms an invisible barrier that prevents water from penetrating while allowing the material to breathe. It keeps your feet [&hellip;]<\/p>\n","protected":false},"featured_media":30017,"comment_status":"open","ping_status":"closed","template":"","meta":{"_uag_custom_page_level_css":"","site-sidebar-layout":"default","site-content-layout":"","ast-site-content-layout":"default","site-content-style":"default","site-sidebar-style":"default","ast-global-header-display":"","ast-banner-title-visibility":"","ast-main-header-display":"","ast-hfb-above-header-display":"","ast-hfb-below-header-display":"","ast-hfb-mobile-header-display":"","site-post-title":"","ast-breadcrumbs-content":"","ast-featured-img":"","footer-sml-layout":"","ast-disable-related-posts":"","theme-transparent-header-meta":"default","adv-header-id-meta":"","stick-header-meta":"","header-above-stick-meta":"","header-main-stick-meta":"","header-below-stick-meta":"","astra-migrate-meta-layouts":"set","ast-page-background-enabled":"default","ast-page-background-meta":{"desktop":{"background-color":"var(--ast-global-color-4)","background-image":"","background-repeat":"repeat","background-position":"center center","background-size":"auto","background-attachment":"scroll","background-type":"","background-media":"","overlay-type":"","overlay-color":"","overlay-opacity":"","overlay-gradient":""},"tablet":{"background-color":"","background-image":"","background-repeat":"repeat","background-position":"center center","background-size":"auto","background-attachment":"scroll","background-type":"","background-media":"","overlay-type":"","overlay-color":"","overlay-opacity":"","overlay-gradient":""},"mobile":{"background-color":"","background-image":"","background-repeat":"repeat","background-position":"center center","background-size":"auto","background-attachment":"scroll","background-type":"","background-media":"","overlay-type":"","overlay-color":"","overlay-opacity":"","overlay-gradient":""}},"ast-content-background-meta":{"desktop":{"background-color":"var(--ast-global-color-5)","background-image":"","background-repeat":"repeat","background-position":"center center","background-size":"auto","background-attachment":"scroll","background-type":"","background-media":"","overlay-type":"","overlay-color":"","overlay-opacity":"","overlay-gradient":""},"tablet":{"background-color":"var(--ast-global-color-5)","background-image":"","background-repeat":"repeat","background-position":"center center","background-size":"auto","background-attachment":"scroll","background-type":"","background-media":"","overlay-type":"","overlay-color":"","overlay-opacity":"","overlay-gradient":""},"mobile":{"background-color":"var(--ast-global-color-5)","background-image":"","background-repeat":"repeat","background-position":"center center","background-size":"auto","background-attachment":"scroll","background-type":"","background-media":"","overlay-type":"","overlay-color":"","overlay-opacity":"","overlay-gradient":""}}},"product_brand":[],"product_cat":[191],"product_tag":[],"class_list":{"0":"post-25287","1":"product","2":"type-product","3":"status-publish","4":"has-post-thumbnail","6":"product_cat-water-repellent","7":"desktop-align-left","8":"tablet-align-left","9":"mobile-align-left","11":"first","12":"instock","13":"sale","14":"taxable","15":"shipping-taxable","16":"purchasable","17":"product-type-variable","18":"has-default-attributes"},"spectra_custom_meta":{"_visibility":["visible"],"_shopify_product_id":["9106574082293"],"_s2w_shopify_domain":["ferberpainting.myshopify.com"],"_shopify_variant_id":["46626284634357"],"_sku":[""],"_manage_stock":["no"],"total_sales":["33"],"_tax_status":["taxable"],"_tax_class":[""],"_backorders":["no"],"_sold_individually":["no"],"_virtual":["no"],"_downloadable":["no"],"_download_limit":["-1"],"_download_expiry":["-1"],"_stock":[null],"_stock_status":["instock"],"_wc_average_rating":["5.00"],"_wc_review_count":["10"],"_product_attributes":["a:1:{s:6:\"volume\";a:6:{s:4:\"name\";s:6:\"Volume\";s:5:\"value\";s:20:\"5 liters | 25 liters\";s:8:\"position\";i:1;s:10:\"is_visible\";i:0;s:12:\"is_variation\";i:1;s:11:\"is_taxonomy\";i:0;}}"],"_product_version":["10.5.1"],"wpse_downloadable_file_names":[""],"wpse_downloadable_file_urls":[""],"_edit_last":["1"],"_default_attributes":["a:1:{s:6:\"volume\";s:8:\"5 liters\";}"],"_edit_lock":["1771234208:1"],"_thumbnail_id":["30017"],"_wp_page_template":["default"],"_wp_old_date":["2025-05-26"],"_product_image_gallery":["30018"],"site-sidebar-layout":["default"],"ast-site-content-layout":["default"],"site-content-style":["default"],"site-sidebar-style":["default"],"theme-transparent-header-meta":["default"],"merchant-center-availability":["yes"],"merchant-center-category":["5604"],"_price":["29.90","129.90"],"_wc_rating_count":["a:1:{i:5;i:10;}"],"astra-migrate-meta-layouts":["set"],"_uag_css_file_name":["uag-css-25287.css"],"_elementor_page_assets":["a:0:{}"],"_uag_page_assets":["a:9:{s:3:\"css\";s:6873:\".wp-block-uagb-image{display:flex}.wp-block-uagb-image__figure{position:relative;display:flex;flex-direction:column;max-width:100%;height:auto;margin:0}.wp-block-uagb-image__figure img{height:auto;display:flex;max-width:100%;transition:box-shadow .2s ease}.wp-block-uagb-image__figure>a{display:inline-block}.wp-block-uagb-image__figure figcaption{text-align:center;margin-top:.5em;margin-bottom:1em}.wp-block-uagb-image .components-placeholder.block-editor-media-placeholder .components-placeholder__instructions{align-self:center}.wp-block-uagb-image--align-left{text-align:left}.wp-block-uagb-image--align-right{text-align:right}.wp-block-uagb-image--align-center{text-align:center}.wp-block-uagb-image--align-full .wp-block-uagb-image__figure{margin-left:calc(50% - 50vw);margin-right:calc(50% - 50vw);max-width:100vw;width:100vw;height:auto}.wp-block-uagb-image--align-full .wp-block-uagb-image__figure img{height:auto;width:100% !important}.wp-block-uagb-image--align-wide .wp-block-uagb-image__figure img{height:auto;width:100%}.wp-block-uagb-image--layout-overlay__color-wrapper{position:absolute;left:0;top:0;right:0;bottom:0;opacity:.2;background:rgba(0,0,0,.5);transition:opacity .35s ease-in-out}.wp-block-uagb-image--layout-overlay-link{position:absolute;left:0;right:0;bottom:0;top:0}.wp-block-uagb-image--layout-overlay .wp-block-uagb-image__figure:hover .wp-block-uagb-image--layout-overlay__color-wrapper{opacity:1}.wp-block-uagb-image--layout-overlay__inner{position:absolute;left:15px;right:15px;bottom:15px;top:15px;display:flex;align-items:center;justify-content:center;flex-direction:column;border-color:#fff;transition:.35s ease-in-out}.wp-block-uagb-image--layout-overlay__inner.top-left,.wp-block-uagb-image--layout-overlay__inner.top-center,.wp-block-uagb-image--layout-overlay__inner.top-right{justify-content:flex-start}.wp-block-uagb-image--layout-overlay__inner.bottom-left,.wp-block-uagb-image--layout-overlay__inner.bottom-center,.wp-block-uagb-image--layout-overlay__inner.bottom-right{justify-content:flex-end}.wp-block-uagb-image--layout-overlay__inner.top-left,.wp-block-uagb-image--layout-overlay__inner.center-left,.wp-block-uagb-image--layout-overlay__inner.bottom-left{align-items:flex-start}.wp-block-uagb-image--layout-overlay__inner.top-right,.wp-block-uagb-image--layout-overlay__inner.center-right,.wp-block-uagb-image--layout-overlay__inner.bottom-right{align-items:flex-end}.wp-block-uagb-image--layout-overlay__inner .uagb-image-heading{color:#fff;transition:transform .35s,opacity .35s ease-in-out;transform:translate3d(0, 24px, 0);margin:0;line-height:1em}.wp-block-uagb-image--layout-overlay__inner .uagb-image-separator{width:30%;border-top-width:2px;border-top-color:#fff;border-top-style:solid;margin-bottom:10px;opacity:0;transition:transform .4s,opacity .4s ease-in-out;transform:translate3d(0, 30px, 0)}.wp-block-uagb-image--layout-overlay__inner .uagb-image-caption{opacity:0;overflow:visible;color:#fff;transition:transform .45s,opacity .45s ease-in-out;transform:translate3d(0, 35px, 0)}.wp-block-uagb-image--layout-overlay__inner:hover .uagb-image-heading,.wp-block-uagb-image--layout-overlay__inner:hover .uagb-image-separator,.wp-block-uagb-image--layout-overlay__inner:hover .uagb-image-caption{opacity:1;transform:translate3d(0, 0, 0)}.wp-block-uagb-image--effect-zoomin .wp-block-uagb-image__figure img,.wp-block-uagb-image--effect-zoomin .wp-block-uagb-image__figure .wp-block-uagb-image--layout-overlay__color-wrapper{transform:scale(1);transition:transform .35s ease-in-out}.wp-block-uagb-image--effect-zoomin .wp-block-uagb-image__figure:hover img,.wp-block-uagb-image--effect-zoomin .wp-block-uagb-image__figure:hover .wp-block-uagb-image--layout-overlay__color-wrapper{transform:scale(1.05)}.wp-block-uagb-image--effect-slide .wp-block-uagb-image__figure img,.wp-block-uagb-image--effect-slide .wp-block-uagb-image__figure .wp-block-uagb-image--layout-overlay__color-wrapper{width:calc(100% + 40px) !important;max-width:none !important;transform:translate3d(-40px, 0, 0);transition:transform .35s ease-in-out}.wp-block-uagb-image--effect-slide .wp-block-uagb-image__figure:hover img,.wp-block-uagb-image--effect-slide .wp-block-uagb-image__figure:hover .wp-block-uagb-image--layout-overlay__color-wrapper{transform:translate3d(0, 0, 0)}.wp-block-uagb-image--effect-grayscale img{filter:grayscale(0%);transition:.35s ease-in-out}.wp-block-uagb-image--effect-grayscale:hover img{filter:grayscale(100%)}.wp-block-uagb-image--effect-blur img{filter:blur(0);transition:.35s ease-in-out}.wp-block-uagb-image--effect-blur:hover img{filter:blur(3px)}.uagb-block-e6f939b3.wp-block-uagb-image--layout-default figure img{box-shadow: 0px 0px 0 #00000070;}.uagb-block-e6f939b3.wp-block-uagb-image .wp-block-uagb-image__figure figcaption{font-style: normal;align-self: center;}.uagb-block-e6f939b3.wp-block-uagb-image--layout-overlay figure img{box-shadow: 0px 0px 0 #00000070;}.uagb-block-e6f939b3.wp-block-uagb-image--layout-overlay .wp-block-uagb-image--layout-overlay__color-wrapper{opacity: 0.2;}.uagb-block-e6f939b3.wp-block-uagb-image--layout-overlay .wp-block-uagb-image--layout-overlay__inner{left: 15px;right: 15px;top: 15px;bottom: 15px;}.uagb-block-e6f939b3.wp-block-uagb-image--layout-overlay .wp-block-uagb-image--layout-overlay__inner .uagb-image-heading{font-style: normal;color: #fff;opacity: 1;}.uagb-block-e6f939b3.wp-block-uagb-image--layout-overlay .wp-block-uagb-image--layout-overlay__inner .uagb-image-heading a{color: #fff;}.uagb-block-e6f939b3.wp-block-uagb-image--layout-overlay .wp-block-uagb-image--layout-overlay__inner .uagb-image-caption{opacity: 0;}.uagb-block-e6f939b3.wp-block-uagb-image--layout-overlay .wp-block-uagb-image__figure:hover .wp-block-uagb-image--layout-overlay__color-wrapper{opacity: 1;}.uagb-block-e6f939b3.wp-block-uagb-image .wp-block-uagb-image--layout-overlay__inner .uagb-image-separator{width: 30%;border-top-width: 2px;border-top-color: #fff;opacity: 0;}.uagb-block-e6f939b3.wp-block-uagb-image .wp-block-uagb-image__figure img{width: px;height: auto;}.uagb-block-e6f939b3.wp-block-uagb-image .wp-block-uagb-image__figure:hover .wp-block-uagb-image--layout-overlay__inner .uagb-image-caption{opacity: 1;}.uagb-block-e6f939b3.wp-block-uagb-image .wp-block-uagb-image__figure:hover .wp-block-uagb-image--layout-overlay__inner .uagb-image-separator{opacity: 1;}.uagb-block-e6f939b3.wp-block-uagb-image--layout-default figure:hover img{box-shadow: 0px 0px 0 #00000070;}.uagb-block-e6f939b3.wp-block-uagb-image--layout-overlay figure:hover img{box-shadow: 0px 0px 0 #00000070;}@media only screen and (max-width: 976px) {.uagb-block-e6f939b3.wp-block-uagb-image .wp-block-uagb-image__figure img{width: px;height: auto;}}@media only screen and (max-width: 767px) {.uagb-block-e6f939b3.wp-block-uagb-image .wp-block-uagb-image__figure img{width: px;height: auto;}}\";s:2:\"js\";s:0:\"\";s:18:\"current_block_list\";a:13:{i:0;s:11:\"core\/search\";i:1;s:10:\"core\/group\";i:2;s:12:\"core\/heading\";i:3;s:17:\"core\/latest-posts\";i:4;s:20:\"core\/latest-comments\";i:5;s:13:\"core\/archives\";i:6;s:15:\"core\/categories\";i:7;s:14:\"core\/paragraph\";i:8;s:10:\"uagb\/image\";i:9;s:11:\"core\/spacer\";i:10;s:30:\"woocommerce\/product-categories\";i:11;s:10:\"core\/image\";i:12;s:14:\"core\/shortcode\";}s:8:\"uag_flag\";b:1;s:11:\"uag_version\";s:10:\"1777264271\";s:6:\"gfonts\";a:0:{}s:10:\"gfonts_url\";s:0:\"\";s:12:\"gfonts_files\";a:0:{}s:14:\"uag_faq_layout\";b:0;}"]},"uagb_featured_image_src":{"full":["https:\/\/www.ferberpainting.com\/wp-content\/uploads\/2025\/05\/Shoe-Water-Repellent-5L.png",2560,2560,false],"thumbnail":["https:\/\/www.ferberpainting.com\/wp-content\/uploads\/2025\/05\/Shoe-Water-Repellent-5L-150x150.png",150,150,true],"medium":["https:\/\/www.ferberpainting.com\/wp-content\/uploads\/2025\/05\/Shoe-Water-Repellent-5L-300x300.png",300,300,true],"medium_large":["https:\/\/www.ferberpainting.com\/wp-content\/uploads\/2025\/05\/Shoe-Water-Repellent-5L-768x768.png",768,768,true],"large":["https:\/\/www.ferberpainting.com\/wp-content\/uploads\/2025\/05\/Shoe-Water-Repellent-5L-1024x1024.png",1024,1024,true],"1536x1536":["https:\/\/www.ferberpainting.com\/wp-content\/uploads\/2025\/05\/Shoe-Water-Repellent-5L-1536x1536.png",1536,1536,true],"2048x2048":["https:\/\/www.ferberpainting.com\/wp-content\/uploads\/2025\/05\/Shoe-Water-Repellent-5L-2048x2048.png",2048,2048,true],"trp-custom-language-flag":["https:\/\/www.ferberpainting.com\/wp-content\/uploads\/2025\/05\/Shoe-Water-Repellent-5L-12x12.png",12,12,true],"woocommerce_thumbnail":["https:\/\/www.ferberpainting.com\/wp-content\/uploads\/2025\/05\/Shoe-Water-Repellent-5L-300x300.png",300,300,true],"woocommerce_single":["https:\/\/www.ferberpainting.com\/wp-content\/uploads\/2025\/05\/Shoe-Water-Repellent-5L-600x600.png",600,600,true],"woocommerce_gallery_thumbnail":["https:\/\/www.ferberpainting.com\/wp-content\/uploads\/2025\/05\/Shoe-Water-Repellent-5L-100x100.png",100,100,true]},"uagb_author_info":{"display_name":"admin","author_link":"https:\/\/www.ferberpainting.com\/dk\/author\/"},"uagb_comment_info":10,"uagb_excerpt":"Effective Protection Against Moisture and Stains.\u00a0This shoe waterproofer is the ideal solution to protect your shoes from the elements, humidity, mud, and stains. Whether your shoes are made of leather, canvas, suede, or nubuck, this product forms an invisible barrier that prevents water from penetrating while allowing the material to breathe. It keeps your feet&hellip;","_links":{"self":[{"href":"https:\/\/www.ferberpainting.com\/dk\/wp-json\/wp\/v2\/product\/25287","targetHints":{"allow":["GET"]}}],"collection":[{"href":"https:\/\/www.ferberpainting.com\/dk\/wp-json\/wp\/v2\/product"}],"about":[{"href":"https:\/\/www.ferberpainting.com\/dk\/wp-json\/wp\/v2\/types\/product"}],"replies":[{"embeddable":true,"href":"https:\/\/www.ferberpainting.com\/dk\/wp-json\/wp\/v2\/comments?post=25287"}],"version-history":[{"count":4,"href":"https:\/\/www.ferberpainting.com\/dk\/wp-json\/wp\/v2\/product\/25287\/revisions"}],"predecessor-version":[{"id":167269,"href":"https:\/\/www.ferberpainting.com\/dk\/wp-json\/wp\/v2\/product\/25287\/revisions\/167269"}],"wp:featuredmedia":[{"embeddable":true,"href":"https:\/\/www.ferberpainting.com\/dk\/wp-json\/wp\/v2\/media\/30017"}],"wp:attachment":[{"href":"https:\/\/www.ferberpainting.com\/dk\/wp-json\/wp\/v2\/media?parent=25287"}],"wp:term":[{"taxonomy":"product_brand","embeddable":true,"href":"https:\/\/www.ferberpainting.com\/dk\/wp-json\/wp\/v2\/product_brand?post=25287"},{"taxonomy":"product_cat","embeddable":true,"href":"https:\/\/www.ferberpainting.com\/dk\/wp-json\/wp\/v2\/product_cat?post=25287"},{"taxonomy":"product_tag","embeddable":true,"href":"https:\/\/www.ferberpainting.com\/dk\/wp-json\/wp\/v2\/product_tag?post=25287"}],"curies":[{"name":"wp","href":"https:\/\/api.w.org\/{rel}","templated":true}]}}