{"id":25284,"date":"2025-05-26T10:30:27","date_gmt":"2025-05-26T08:30:27","guid":{"rendered":"https:\/\/www.ferberpainting.com\/products\/septic-tank-unblocker\/"},"modified":"2026-02-16T10:30:50","modified_gmt":"2026-02-16T09:30:50","slug":"septic-tank-unblocker","status":"publish","type":"product","link":"https:\/\/www.ferberpainting.com\/dk\/products\/septic-tank-unblocker\/","title":{"rendered":"Afpropper til septiktank"},"content":{"rendered":"<p><strong><img decoding=\"async\" style=\"margin-right: 12px;\" src=\"https:\/\/www.ferberpainting.com\/wp-content\/uploads\/2026\/02\/Check.svg\" alt=\"\" width=\"18\" height=\"15\" \/>Hurtig og effektiv fjernelse af tilstopninger og blokeringer.<\/strong>\u00a0Denne septiktankfjerner er specielt formuleret til effektivt at opl\u00f8se tilstopninger, der bremser eller blokerer spildevandsstr\u00f8mmen. Den tr\u00e6nger dybt ind i organiske aflejringer, fedt, toiletpapir og andre ophobede rester og sikrer, at tanken fungerer optimalt. Dens kraftige virkning genopretter hurtigt v\u00e6skecirkulationen og forhindrer gener i forbindelse med blokeringer, s\u00e5som d\u00e5rlig lugt og ophobning af stillest\u00e5ende vand.<\/p>\n<p><strong><img decoding=\"async\" style=\"margin-right: 12px;\" src=\"https:\/\/www.ferberpainting.com\/wp-content\/uploads\/2026\/02\/Check.svg\" alt=\"\" width=\"18\" height=\"15\" \/>Penge-tilbage-garanti.<\/strong>\u00a0Vi har fuld tillid til effektiviteten af vores septiktankfjerner, og det er derfor, vi tilbyder en pengene-tilbage-garanti. Hvis problemet forts\u00e6tter efter korrekt anvendelse i henhold til anbefalingerne, har du mulighed for at anmode om en tilbagebetaling uden betingelser, hvilket sikrer et sikkert og risikofrit k\u00f8b.<\/p>\n<p><strong><img decoding=\"async\" style=\"margin-right: 12px;\" src=\"https:\/\/www.ferberpainting.com\/wp-content\/uploads\/2026\/02\/Check.svg\" alt=\"\" width=\"18\" height=\"15\" \/>Kompatibel med forskellige typer af tanke og materialer.<\/strong>\u00a0Denne rensemaskine er velegnet til septiktanke af beton, plast, cement og kompositmaterialer samt kloaksystemer med fedtudskillere og r\u00f8r af PVC, st\u00f8bejern, kobber og rustfrit st\u00e5l. Den er effektiv i b\u00e5de individuelle installationer og kollektive eller semi-kollektive sanitetsnetv\u00e6rk.<\/p>\n<p><strong><img decoding=\"async\" style=\"margin-right: 12px;\" src=\"https:\/\/www.ferberpainting.com\/wp-content\/uploads\/2026\/02\/Check.svg\" alt=\"\" width=\"18\" height=\"15\" \/>\u00d8konomisk effektivitet og optimeret dosering.<\/strong>\u00a0Takket v\u00e6re den koncentrerede formel kan 1 liter produkt behandle op til 4 tilstopninger, hvilket sikrer en \u00f8konomisk og effektiv l\u00f8sning til at fjerne blokeringer og vedligeholde dit septiksystem. Den m\u00e5lrettede virkning reducerer m\u00e6ngden af produkt, der skal bruges pr. p\u00e5f\u00f8ring, hvilket optimerer effektiviteten og minimerer vedligeholdelsesomkostningerne.<\/p>\n<p><strong><img decoding=\"async\" style=\"margin-right: 12px;\" src=\"https:\/\/www.ferberpainting.com\/wp-content\/uploads\/2026\/02\/Check.svg\" alt=\"\" width=\"18\" height=\"15\" \/>Et sikkert og septik-venligt produkt.<\/strong>\u00a0I mods\u00e6tning til \u00e6tsende rensemidler, der kan beskadige r\u00f8r og forstyrre septiktankens balance, virker dette produkt uden at beskadige overflader eller skade det bakterielle \u00f8kosystem, der findes i tanken. Det sikrer sk\u00e5nsom rensning, samtidig med at den naturlige nedbrydning af organisk materiale opretholdes, hvilket fremmer optimal og langvarig vedligeholdelse af dit afl\u00f8bssystem.<\/p>\n<p><strong><img decoding=\"async\" style=\"margin-right: 12px;\" src=\"https:\/\/www.ferberpainting.com\/wp-content\/uploads\/2026\/02\/Check.svg\" alt=\"\" width=\"18\" height=\"15\" \/>Nem p\u00e5f\u00f8ring og \u00f8jeblikkelig virkning.<\/strong>\u00a0Denne unblocker er klar til brug og kr\u00e6ver ingen komplicerede forberedelser. Du skal blot h\u00e6lde det direkte i toilettet eller septiktanken og lade det sidde i et par timer, f\u00f8r du skyller. Dets ultrahurtige virkning opl\u00f8ser tilstopninger p\u00e5 bare 15 til 30 minutter, hvilket reducerer gener for\u00e5rsaget af blokeringer og g\u00f8r det lettere for systemet at fungere korrekt.<\/p>\n<p><strong><img decoding=\"async\" style=\"margin-right: 12px;\" src=\"https:\/\/www.ferberpainting.com\/wp-content\/uploads\/2026\/02\/Check.svg\" alt=\"\" width=\"18\" height=\"15\" \/>Langtidsholdbarhed og forebyggelse af fremtidige blokeringer.<\/strong>\u00a0Ud over effektivt at fjerne blokeringen af tanken forhindrer dette produkt dannelsen af nye tilstopninger ved gradvist at opl\u00f8se akkumulerede aflejringer. Regelm\u00e6ssig brug hj\u00e6lper med at minimere risikoen for tilstopning og sikrer, at r\u00f8r og septiktank fungerer optimalt p\u00e5 lang sigt, s\u00e5 man undg\u00e5r behovet for hyppige pumpninger.<\/p>\n<p><strong><img decoding=\"async\" style=\"margin-right: 12px;\" src=\"https:\/\/www.ferberpainting.com\/wp-content\/uploads\/2026\/02\/Check.svg\" alt=\"\" width=\"18\" height=\"15\" \/>Hurtig handling for \u00f8jeblikkelig komfort.<\/strong>\u00a0Ved p\u00e5f\u00f8ring begynder denne unblocker at nedbryde blokerende materialer og g\u00f8re stillest\u00e5ende vand flydende. Efter en simpel skylning er flowet genoprettet, og tanken genoptager normal drift, hvilket sikrer j\u00e6vn og problemfri brug.<\/p>\n<h2><strong>Protokol for brug<\/strong><\/h2>\n<ul>\n<li><strong>Forberedelse til installation<\/strong> : F\u00f8r p\u00e5f\u00f8ring skal det sikres, at stillest\u00e5ende vand ikke har n\u00e5et et kritisk niveau. Rens om n\u00f8dvendigt septiktanken manuelt for at forbedre produktets effektivitet.<\/li>\n<li><strong>Anbefalet dosering :<\/strong> H\u00e6ld 250 ml af produktet direkte i septiktanken eller toilettet for at behandle en tilstopning. 1 liter kan behandle op til 4 tilstopninger. Ved alvorlige tilstopninger kan der foretages endnu en p\u00e5f\u00f8ring efter et par timer.<\/li>\n<li><strong>Anvendelse af Unblocker :<\/strong> H\u00e6ld langsomt produktet i septiktanken eller tilsluttede r\u00f8r, og undg\u00e5 at blande det med andre kemiske produkter.<\/li>\n<li><strong>Action Time :<\/strong> Lad det sidde i 15 til 30 minutter ved en almindelig tilstopning. Ved en alvorlig tilstopning skal du lade det virke i op til 1 time, f\u00f8r du skyller.<\/li>\n<li><strong>Skylning og verificering af flow :<\/strong> Efter hvileperioden skal du skylle rigeligt med vand for at fjerne opl\u00f8ste rester og kontrollere, om flowet er blevet normalt igen.<\/li>\n<li><strong>Forebyggende vedligeholdelse :<\/strong> For at forhindre dannelsen af nye tilstopninger anbefales det at bruge en lille m\u00e6ngde produkt en gang om m\u00e5neden for gradvist at opl\u00f8se aflejringer og opretholde en velfungerende septiktank.<\/li>\n<li><strong>Forholdsregler ved brug :<\/strong> M\u00e5 ikke blandes med andre aggressive kemikalier (f.eks. blegemiddel eller st\u00e6rke syrer). Undg\u00e5 kontakt med hud og \u00f8jne. I tilf\u00e6lde af utilsigtet kontakt skal du straks skylle med rent vand og kontakte en l\u00e6ge, hvis det er n\u00f8dvendigt.<\/li>\n<li><strong>Opbevaring og konservering :<\/strong> Opbevar produktet p\u00e5 et t\u00f8rt og tempereret sted, v\u00e6k fra lys og uden for b\u00f8rns r\u00e6kkevidde. Luk altid flasken t\u00e6t efter brug for at forhindre fordampning eller \u00e6ndring af opl\u00f8sningen.<\/li>\n<\/ul>\n<p>Med denne septiktankfjerner kan du effektivt vedligeholde din installation, samtidig med at du sikrer j\u00e6vn dr\u00e6ning, hurtig handling og langsigtet forebyggelse af tilstopninger og blokeringer. Giv dit kloaksystem en effektiv og \u00f8konomisk l\u00f8sning, samtidig med at du bevarer dets naturlige balance og lange levetid.<\/p>","protected":false},"excerpt":{"rendered":"<p>Rapid and Effective Removal of Clogs and Blockages.\u00a0This septic tank unblocker is specially formulated to efficiently dissolve clogs that slow down or block the flow of wastewater. It deeply penetrates organic deposits, grease, toilet paper, and other accumulated residues, ensuring optimal function of the tank. Its powerful action quickly restores liquid circulation and prevents inconveniences [&hellip;]<\/p>\n","protected":false},"featured_media":27166,"comment_status":"open","ping_status":"closed","template":"","meta":{"_uag_custom_page_level_css":"","site-sidebar-layout":"default","site-content-layout":"","ast-site-content-layout":"default","site-content-style":"default","site-sidebar-style":"default","ast-global-header-display":"","ast-banner-title-visibility":"","ast-main-header-display":"","ast-hfb-above-header-display":"","ast-hfb-below-header-display":"","ast-hfb-mobile-header-display":"","site-post-title":"","ast-breadcrumbs-content":"","ast-featured-img":"","footer-sml-layout":"","ast-disable-related-posts":"","theme-transparent-header-meta":"default","adv-header-id-meta":"","stick-header-meta":"","header-above-stick-meta":"","header-main-stick-meta":"","header-below-stick-meta":"","astra-migrate-meta-layouts":"set","ast-page-background-enabled":"default","ast-page-background-meta":{"desktop":{"background-color":"var(--ast-global-color-4)","background-image":"","background-repeat":"repeat","background-position":"center center","background-size":"auto","background-attachment":"scroll","background-type":"","background-media":"","overlay-type":"","overlay-color":"","overlay-opacity":"","overlay-gradient":""},"tablet":{"background-color":"","background-image":"","background-repeat":"repeat","background-position":"center center","background-size":"auto","background-attachment":"scroll","background-type":"","background-media":"","overlay-type":"","overlay-color":"","overlay-opacity":"","overlay-gradient":""},"mobile":{"background-color":"","background-image":"","background-repeat":"repeat","background-position":"center center","background-size":"auto","background-attachment":"scroll","background-type":"","background-media":"","overlay-type":"","overlay-color":"","overlay-opacity":"","overlay-gradient":""}},"ast-content-background-meta":{"desktop":{"background-color":"var(--ast-global-color-5)","background-image":"","background-repeat":"repeat","background-position":"center center","background-size":"auto","background-attachment":"scroll","background-type":"","background-media":"","overlay-type":"","overlay-color":"","overlay-opacity":"","overlay-gradient":""},"tablet":{"background-color":"var(--ast-global-color-5)","background-image":"","background-repeat":"repeat","background-position":"center center","background-size":"auto","background-attachment":"scroll","background-type":"","background-media":"","overlay-type":"","overlay-color":"","overlay-opacity":"","overlay-gradient":""},"mobile":{"background-color":"var(--ast-global-color-5)","background-image":"","background-repeat":"repeat","background-position":"center center","background-size":"auto","background-attachment":"scroll","background-type":"","background-media":"","overlay-type":"","overlay-color":"","overlay-opacity":"","overlay-gradient":""}}},"product_brand":[],"product_cat":[175],"product_tag":[],"class_list":{"0":"post-25284","1":"product","2":"type-product","3":"status-publish","4":"has-post-thumbnail","6":"product_cat-cleaning-products","7":"desktop-align-left","8":"tablet-align-left","9":"mobile-align-left","11":"first","12":"instock","13":"sale","14":"taxable","15":"shipping-taxable","16":"purchasable","17":"product-type-variable","18":"has-default-attributes"},"spectra_custom_meta":{"_visibility":["visible"],"_shopify_product_id":["9062234652917"],"_s2w_shopify_domain":["ferberpainting.myshopify.com"],"_shopify_variant_id":["46488098504949"],"_sku":[""],"_manage_stock":["no"],"total_sales":["306"],"_tax_status":["taxable"],"_tax_class":[""],"_backorders":["no"],"_sold_individually":["no"],"_virtual":["no"],"_downloadable":["no"],"_download_limit":["-1"],"_download_expiry":["-1"],"_stock":[null],"_stock_status":["instock"],"_wc_average_rating":["4.67"],"_wc_review_count":["6"],"_product_attributes":["a:1:{s:6:\"volume\";a:6:{s:4:\"name\";s:6:\"Volume\";s:5:\"value\";s:20:\"5 liters | 25 liters\";s:8:\"position\";i:1;s:10:\"is_visible\";i:0;s:12:\"is_variation\";i:1;s:11:\"is_taxonomy\";i:0;}}"],"_product_version":["10.5.1"],"_thumbnail_id":["27166"],"_product_image_gallery":["27167"],"wpse_downloadable_file_names":[""],"wpse_downloadable_file_urls":[""],"_edit_last":["1"],"_default_attributes":["a:1:{s:6:\"volume\";s:8:\"5 liters\";}"],"_edit_lock":["1771234112:1"],"_price":["29.90","129.90"],"merchant-center-availability":["yes"],"merchant-center-category":["1749"],"_wp_page_template":["default"],"site-sidebar-layout":["default"],"ast-site-content-layout":["default"],"site-content-style":["default"],"site-sidebar-style":["default"],"theme-transparent-header-meta":["default"],"_wc_rating_count":["a:2:{i:4;i:2;i:5;i:4;}"],"astra-migrate-meta-layouts":["set"],"_uag_css_file_name":["uag-css-25284.css"],"_elementor_page_assets":["a:0:{}"],"_uag_page_assets":["a:9:{s:3:\"css\";s:7133:\".uag-blocks-common-selector{z-index:var(--z-index-desktop) !important}@media(max-width: 976px){.uag-blocks-common-selector{z-index:var(--z-index-tablet) !important}}@media(max-width: 767px){.uag-blocks-common-selector{z-index:var(--z-index-mobile) !important}}.wp-block-uagb-image{display:flex}.wp-block-uagb-image__figure{position:relative;display:flex;flex-direction:column;max-width:100%;height:auto;margin:0}.wp-block-uagb-image__figure img{height:auto;display:flex;max-width:100%;transition:box-shadow .2s ease}.wp-block-uagb-image__figure>a{display:inline-block}.wp-block-uagb-image__figure figcaption{text-align:center;margin-top:.5em;margin-bottom:1em}.wp-block-uagb-image .components-placeholder.block-editor-media-placeholder .components-placeholder__instructions{align-self:center}.wp-block-uagb-image--align-left{text-align:left}.wp-block-uagb-image--align-right{text-align:right}.wp-block-uagb-image--align-center{text-align:center}.wp-block-uagb-image--align-full .wp-block-uagb-image__figure{margin-left:calc(50% - 50vw);margin-right:calc(50% - 50vw);max-width:100vw;width:100vw;height:auto}.wp-block-uagb-image--align-full .wp-block-uagb-image__figure img{height:auto;width:100% !important}.wp-block-uagb-image--align-wide .wp-block-uagb-image__figure img{height:auto;width:100%}.wp-block-uagb-image--layout-overlay__color-wrapper{position:absolute;left:0;top:0;right:0;bottom:0;opacity:.2;background:rgba(0,0,0,.5);transition:opacity .35s ease-in-out}.wp-block-uagb-image--layout-overlay-link{position:absolute;left:0;right:0;bottom:0;top:0}.wp-block-uagb-image--layout-overlay .wp-block-uagb-image__figure:hover .wp-block-uagb-image--layout-overlay__color-wrapper{opacity:1}.wp-block-uagb-image--layout-overlay__inner{position:absolute;left:15px;right:15px;bottom:15px;top:15px;display:flex;align-items:center;justify-content:center;flex-direction:column;border-color:#fff;transition:.35s ease-in-out}.wp-block-uagb-image--layout-overlay__inner.top-left,.wp-block-uagb-image--layout-overlay__inner.top-center,.wp-block-uagb-image--layout-overlay__inner.top-right{justify-content:flex-start}.wp-block-uagb-image--layout-overlay__inner.bottom-left,.wp-block-uagb-image--layout-overlay__inner.bottom-center,.wp-block-uagb-image--layout-overlay__inner.bottom-right{justify-content:flex-end}.wp-block-uagb-image--layout-overlay__inner.top-left,.wp-block-uagb-image--layout-overlay__inner.center-left,.wp-block-uagb-image--layout-overlay__inner.bottom-left{align-items:flex-start}.wp-block-uagb-image--layout-overlay__inner.top-right,.wp-block-uagb-image--layout-overlay__inner.center-right,.wp-block-uagb-image--layout-overlay__inner.bottom-right{align-items:flex-end}.wp-block-uagb-image--layout-overlay__inner .uagb-image-heading{color:#fff;transition:transform .35s,opacity .35s ease-in-out;transform:translate3d(0, 24px, 0);margin:0;line-height:1em}.wp-block-uagb-image--layout-overlay__inner .uagb-image-separator{width:30%;border-top-width:2px;border-top-color:#fff;border-top-style:solid;margin-bottom:10px;opacity:0;transition:transform .4s,opacity .4s ease-in-out;transform:translate3d(0, 30px, 0)}.wp-block-uagb-image--layout-overlay__inner .uagb-image-caption{opacity:0;overflow:visible;color:#fff;transition:transform .45s,opacity .45s ease-in-out;transform:translate3d(0, 35px, 0)}.wp-block-uagb-image--layout-overlay__inner:hover .uagb-image-heading,.wp-block-uagb-image--layout-overlay__inner:hover .uagb-image-separator,.wp-block-uagb-image--layout-overlay__inner:hover .uagb-image-caption{opacity:1;transform:translate3d(0, 0, 0)}.wp-block-uagb-image--effect-zoomin .wp-block-uagb-image__figure img,.wp-block-uagb-image--effect-zoomin .wp-block-uagb-image__figure .wp-block-uagb-image--layout-overlay__color-wrapper{transform:scale(1);transition:transform .35s ease-in-out}.wp-block-uagb-image--effect-zoomin .wp-block-uagb-image__figure:hover img,.wp-block-uagb-image--effect-zoomin .wp-block-uagb-image__figure:hover .wp-block-uagb-image--layout-overlay__color-wrapper{transform:scale(1.05)}.wp-block-uagb-image--effect-slide .wp-block-uagb-image__figure img,.wp-block-uagb-image--effect-slide .wp-block-uagb-image__figure .wp-block-uagb-image--layout-overlay__color-wrapper{width:calc(100% + 40px) !important;max-width:none !important;transform:translate3d(-40px, 0, 0);transition:transform .35s ease-in-out}.wp-block-uagb-image--effect-slide .wp-block-uagb-image__figure:hover img,.wp-block-uagb-image--effect-slide .wp-block-uagb-image__figure:hover .wp-block-uagb-image--layout-overlay__color-wrapper{transform:translate3d(0, 0, 0)}.wp-block-uagb-image--effect-grayscale img{filter:grayscale(0%);transition:.35s ease-in-out}.wp-block-uagb-image--effect-grayscale:hover img{filter:grayscale(100%)}.wp-block-uagb-image--effect-blur img{filter:blur(0);transition:.35s ease-in-out}.wp-block-uagb-image--effect-blur:hover img{filter:blur(3px)}.uagb-block-e6f939b3.wp-block-uagb-image--layout-default figure img{box-shadow: 0px 0px 0 #00000070;}.uagb-block-e6f939b3.wp-block-uagb-image .wp-block-uagb-image__figure figcaption{font-style: normal;align-self: center;}.uagb-block-e6f939b3.wp-block-uagb-image--layout-overlay figure img{box-shadow: 0px 0px 0 #00000070;}.uagb-block-e6f939b3.wp-block-uagb-image--layout-overlay .wp-block-uagb-image--layout-overlay__color-wrapper{opacity: 0.2;}.uagb-block-e6f939b3.wp-block-uagb-image--layout-overlay .wp-block-uagb-image--layout-overlay__inner{left: 15px;right: 15px;top: 15px;bottom: 15px;}.uagb-block-e6f939b3.wp-block-uagb-image--layout-overlay .wp-block-uagb-image--layout-overlay__inner .uagb-image-heading{font-style: normal;color: #fff;opacity: 1;}.uagb-block-e6f939b3.wp-block-uagb-image--layout-overlay .wp-block-uagb-image--layout-overlay__inner .uagb-image-heading a{color: #fff;}.uagb-block-e6f939b3.wp-block-uagb-image--layout-overlay .wp-block-uagb-image--layout-overlay__inner .uagb-image-caption{opacity: 0;}.uagb-block-e6f939b3.wp-block-uagb-image--layout-overlay .wp-block-uagb-image__figure:hover .wp-block-uagb-image--layout-overlay__color-wrapper{opacity: 1;}.uagb-block-e6f939b3.wp-block-uagb-image .wp-block-uagb-image--layout-overlay__inner .uagb-image-separator{width: 30%;border-top-width: 2px;border-top-color: #fff;opacity: 0;}.uagb-block-e6f939b3.wp-block-uagb-image .wp-block-uagb-image__figure img{width: px;height: auto;}.uagb-block-e6f939b3.wp-block-uagb-image .wp-block-uagb-image__figure:hover .wp-block-uagb-image--layout-overlay__inner .uagb-image-caption{opacity: 1;}.uagb-block-e6f939b3.wp-block-uagb-image .wp-block-uagb-image__figure:hover .wp-block-uagb-image--layout-overlay__inner .uagb-image-separator{opacity: 1;}.uagb-block-e6f939b3.wp-block-uagb-image--layout-default figure:hover img{box-shadow: 0px 0px 0 #00000070;}.uagb-block-e6f939b3.wp-block-uagb-image--layout-overlay figure:hover img{box-shadow: 0px 0px 0 #00000070;}@media only screen and (max-width: 976px) {.uagb-block-e6f939b3.wp-block-uagb-image .wp-block-uagb-image__figure img{width: px;height: auto;}}@media only screen and (max-width: 767px) {.uagb-block-e6f939b3.wp-block-uagb-image .wp-block-uagb-image__figure img{width: px;height: auto;}}\";s:2:\"js\";s:0:\"\";s:18:\"current_block_list\";a:13:{i:0;s:11:\"core\/search\";i:1;s:10:\"core\/group\";i:2;s:12:\"core\/heading\";i:3;s:17:\"core\/latest-posts\";i:4;s:20:\"core\/latest-comments\";i:5;s:13:\"core\/archives\";i:6;s:15:\"core\/categories\";i:7;s:14:\"core\/paragraph\";i:8;s:10:\"uagb\/image\";i:9;s:11:\"core\/spacer\";i:10;s:30:\"woocommerce\/product-categories\";i:11;s:10:\"core\/image\";i:12;s:14:\"core\/shortcode\";}s:8:\"uag_flag\";b:1;s:11:\"uag_version\";s:10:\"1777343283\";s:6:\"gfonts\";a:0:{}s:10:\"gfonts_url\";s:0:\"\";s:12:\"gfonts_files\";a:0:{}s:14:\"uag_faq_layout\";b:0;}"]},"uagb_featured_image_src":{"full":["https:\/\/www.ferberpainting.com\/wp-content\/uploads\/2025\/05\/SepticTankUnblocker5L.png",2560,2560,false],"thumbnail":["https:\/\/www.ferberpainting.com\/wp-content\/uploads\/2025\/05\/SepticTankUnblocker5L-150x150.png",150,150,true],"medium":["https:\/\/www.ferberpainting.com\/wp-content\/uploads\/2025\/05\/SepticTankUnblocker5L-300x300.png",300,300,true],"medium_large":["https:\/\/www.ferberpainting.com\/wp-content\/uploads\/2025\/05\/SepticTankUnblocker5L-768x768.png",768,768,true],"large":["https:\/\/www.ferberpainting.com\/wp-content\/uploads\/2025\/05\/SepticTankUnblocker5L-1024x1024.png",1024,1024,true],"1536x1536":["https:\/\/www.ferberpainting.com\/wp-content\/uploads\/2025\/05\/SepticTankUnblocker5L-1536x1536.png",1536,1536,true],"2048x2048":["https:\/\/www.ferberpainting.com\/wp-content\/uploads\/2025\/05\/SepticTankUnblocker5L-2048x2048.png",2048,2048,true],"trp-custom-language-flag":["https:\/\/www.ferberpainting.com\/wp-content\/uploads\/2025\/05\/SepticTankUnblocker5L-12x12.png",12,12,true],"woocommerce_thumbnail":["https:\/\/www.ferberpainting.com\/wp-content\/uploads\/2025\/05\/SepticTankUnblocker5L-300x300.png",300,300,true],"woocommerce_single":["https:\/\/www.ferberpainting.com\/wp-content\/uploads\/2025\/05\/SepticTankUnblocker5L-600x600.png",600,600,true],"woocommerce_gallery_thumbnail":["https:\/\/www.ferberpainting.com\/wp-content\/uploads\/2025\/05\/SepticTankUnblocker5L-100x100.png",100,100,true]},"uagb_author_info":{"display_name":"admin","author_link":"https:\/\/www.ferberpainting.com\/dk\/author\/"},"uagb_comment_info":6,"uagb_excerpt":"Rapid and Effective Removal of Clogs and Blockages.\u00a0This septic tank unblocker is specially formulated to efficiently dissolve clogs that slow down or block the flow of wastewater. It deeply penetrates organic deposits, grease, toilet paper, and other accumulated residues, ensuring optimal function of the tank. Its powerful action quickly restores liquid circulation and prevents inconveniences&hellip;","_links":{"self":[{"href":"https:\/\/www.ferberpainting.com\/dk\/wp-json\/wp\/v2\/product\/25284","targetHints":{"allow":["GET"]}}],"collection":[{"href":"https:\/\/www.ferberpainting.com\/dk\/wp-json\/wp\/v2\/product"}],"about":[{"href":"https:\/\/www.ferberpainting.com\/dk\/wp-json\/wp\/v2\/types\/product"}],"replies":[{"embeddable":true,"href":"https:\/\/www.ferberpainting.com\/dk\/wp-json\/wp\/v2\/comments?post=25284"}],"version-history":[{"count":4,"href":"https:\/\/www.ferberpainting.com\/dk\/wp-json\/wp\/v2\/product\/25284\/revisions"}],"predecessor-version":[{"id":167266,"href":"https:\/\/www.ferberpainting.com\/dk\/wp-json\/wp\/v2\/product\/25284\/revisions\/167266"}],"wp:featuredmedia":[{"embeddable":true,"href":"https:\/\/www.ferberpainting.com\/dk\/wp-json\/wp\/v2\/media\/27166"}],"wp:attachment":[{"href":"https:\/\/www.ferberpainting.com\/dk\/wp-json\/wp\/v2\/media?parent=25284"}],"wp:term":[{"taxonomy":"product_brand","embeddable":true,"href":"https:\/\/www.ferberpainting.com\/dk\/wp-json\/wp\/v2\/product_brand?post=25284"},{"taxonomy":"product_cat","embeddable":true,"href":"https:\/\/www.ferberpainting.com\/dk\/wp-json\/wp\/v2\/product_cat?post=25284"},{"taxonomy":"product_tag","embeddable":true,"href":"https:\/\/www.ferberpainting.com\/dk\/wp-json\/wp\/v2\/product_tag?post=25284"}],"curies":[{"name":"wp","href":"https:\/\/api.w.org\/{rel}","templated":true}]}}