{"id":25268,"date":"2025-05-26T10:30:10","date_gmt":"2025-05-26T08:30:10","guid":{"rendered":"https:\/\/www.ferberpainting.com\/products\/root-and-seedling-fertilizer\/"},"modified":"2026-02-16T08:35:46","modified_gmt":"2026-02-16T07:35:46","slug":"root-and-seedling-fertilizer","status":"publish","type":"product","link":"https:\/\/www.ferberpainting.com\/dk\/products\/root-and-seedling-fertilizer\/","title":{"rendered":"G\u00f8dning til r\u00f8dder og fr\u00f8planter"},"content":{"rendered":"<p><strong><img decoding=\"async\" style=\"margin-right: 12px;\" src=\"https:\/\/www.ferberpainting.com\/wp-content\/uploads\/2026\/02\/Check.svg\" alt=\"\" width=\"18\" height=\"15\" \/>En vigtig g\u00f8dning til rodudvikling og succes for fr\u00f8planter.<\/strong>\u00a0Denne g\u00f8dning er specielt formuleret til at fremme rodf\u00e6stelsen af unge planter og stimulere fr\u00f8spiring. Med en perfekt balance mellem kv\u00e6lstof (N), fosfor (P) og kalium (K) med en NPK p\u00e5 15-15-15 sikrer den en hurtig og robust rodudvikling, hvilket garanterer en kraftig v\u00e6kst og bedre modstandsdygtighed over for klimatiske forhold og sygdomme.<\/p>\n<p><strong><img decoding=\"async\" style=\"margin-right: 12px;\" src=\"https:\/\/www.ferberpainting.com\/wp-content\/uploads\/2026\/02\/Check.svg\" alt=\"\" width=\"18\" height=\"15\" \/>Penge-tilbage-garanti.<\/strong>\u00a0Vi har fuld tillid til effektiviteten af vores g\u00f8dning, og det er derfor, vi tilbyder en pengene-tilbage-garanti. Hvis du efter anvendelse under anbefalede forhold ikke observerer nogen m\u00e6rkbar forbedring af dine kimplanter eller dine planters rodudvikling, refunderer vi dig uden diskussion.<\/p>\n<p><strong><img decoding=\"async\" style=\"margin-right: 12px;\" src=\"https:\/\/www.ferberpainting.com\/wp-content\/uploads\/2026\/02\/Check.svg\" alt=\"\" width=\"18\" height=\"15\" \/>En alsidig g\u00f8dning til alle typer fr\u00f8planter og r\u00f8dder.<\/strong>\u00a0Uanset om det er til gr\u00f8ntsags-, blomster-, tr\u00e6- eller buskplanter, er denne g\u00f8dning velegnet til alle typer afgr\u00f8der. Den er ogs\u00e5 ideel til unge potteplanter, uanset om de st\u00e5r p\u00e5 friland eller i drivhus. Dens m\u00e5lrettede virkning p\u00e5 rodudviklingen g\u00f8r det muligt for planterne at optage n\u00e6ringsstoffer og vand mere effektivt, hvilket sikrer en sund og ensartet v\u00e6kst fra starten.<\/p>\n<p><strong><img decoding=\"async\" style=\"margin-right: 12px;\" src=\"https:\/\/www.ferberpainting.com\/wp-content\/uploads\/2026\/02\/Check.svg\" alt=\"\" width=\"18\" height=\"15\" \/>Fremragende omkostningseffektivitet og optimal effektivitet.<\/strong>\u00a0Takket v\u00e6re den koncentrerede formulering giver denne g\u00f8dning et enest\u00e5ende udbytte og g\u00f8r det muligt at behandle et stort antal fr\u00f8planter og unge planter med en lille m\u00e6ngde produkt. Med 5 ml g\u00f8dning pr. 1 liter vand kan en 5-liters flaske forberede op til 1.000 liter g\u00f8dningsopl\u00f8sning, hvilket g\u00f8r det til en b\u00e6redygtig og rentabel investering for b\u00e5de amat\u00f8rer og professionelle gartnere.<\/p>\n<p><strong><img decoding=\"async\" style=\"margin-right: 12px;\" src=\"https:\/\/www.ferberpainting.com\/wp-content\/uploads\/2026\/02\/Check.svg\" alt=\"\" width=\"18\" height=\"15\" \/>Et sikkert produkt for planter og milj\u00f8.<\/strong>\u00a0Denne g\u00f8dning indeholder ingen aggressive kemiske stoffer og respekterer milj\u00f8et. Den stimulerer naturligt r\u00f8dderne uden at risikere at br\u00e6nde de unge skud, hvilket sikrer en afbalanceret og sikker udvikling. Den skader ikke jordens mikrofauna eller gavnlige organismer som regnorme og mikroorganismer, der er vigtige for jordens frugtbarhed.<\/p>\n<p><strong><img decoding=\"async\" style=\"margin-right: 12px;\" src=\"https:\/\/www.ferberpainting.com\/wp-content\/uploads\/2026\/02\/Check.svg\" alt=\"\" width=\"18\" height=\"15\" \/>En g\u00f8dning, der er nem at bruge, og som giver en hurtig og effektiv udbringning.<\/strong>\u00a0I mods\u00e6tning til andre g\u00f8dninger, der kr\u00e6ver komplekse trin, fortyndes denne let i vand og p\u00e5f\u00f8res ved simpel spr\u00f8jtning. Der er ikke brug for sofistikeret udstyr, en simpel vandkande eller spr\u00f8jte er nok til effektivt at fodre r\u00f8dder og kimplanter. Der kr\u00e6ves ingen s\u00e6rlige f\u00e6rdigheder, hvilket g\u00f8r den tilg\u00e6ngelig for alle gartnere, fra begyndere til professionelle.<\/p>\n<p><strong><img decoding=\"async\" style=\"margin-right: 12px;\" src=\"https:\/\/www.ferberpainting.com\/wp-content\/uploads\/2026\/02\/Check.svg\" alt=\"\" width=\"18\" height=\"15\" \/>B\u00e6redygtig handling for dyb og robust forankring.<\/strong>\u00a0Takket v\u00e6re den afbalancerede frigivelse af n\u00e6ringsstoffer sikrer denne g\u00f8dning en kontinuerlig og harmonisk v\u00e6kst over flere uger. Den fremmer udviklingen af dybe r\u00f8dder, hj\u00e6lper unge planter med at modst\u00e5 t\u00f8rke og optager mineraler og vand mere effektivt fra jorden. Det sikrer en bedre tilpasning af planterne til deres milj\u00f8 og en h\u00f8jere overlevelsesrate.<\/p>\n<p><strong><img decoding=\"async\" style=\"margin-right: 12px;\" src=\"https:\/\/www.ferberpainting.com\/wp-content\/uploads\/2026\/02\/Check.svg\" alt=\"\" width=\"18\" height=\"15\" \/>Synlige resultater i l\u00f8bet af f\u00e5 uger.<\/strong>\u00a0Fra de f\u00f8rste dage efter p\u00e5f\u00f8ring vil du se hurtigere fremkomst af kimplanter, kraftigere r\u00f8dder og t\u00e6ttere og gr\u00f8nnere l\u00f8v. Den forbedrede virkning p\u00e5 rodsystemet giver mulighed for bedre n\u00e6ringsoptagelse, hvilket resulterer i mere robuste og stressresistente planter, der reducerer risikoen for sygdomme og skadedyr.<\/p>\n<h2><strong>Protokol for brug<\/strong><\/h2>\n<p><strong>Anbefalet dosering<\/strong> :<\/p>\n<ul>\n<li><strong>Til s\u00e5ning<\/strong>: Bland 5 ml g\u00f8dning pr. 1 liter vand, og fugt jorden let, n\u00e5r du har placeret fr\u00f8ene.<\/li>\n<li><strong>Til unge planter i potter eller beholdere<\/strong>: Vand med en fortyndet opl\u00f8sning med en hastighed p\u00e5 5 ml pr. liter vand en gang om ugen.<\/li>\n<li><strong>Til udend\u00f8rs beplantning<\/strong>: P\u00e5f\u00f8r 1 liter opl\u00f8sning pr. kvadratmeter omkring unge planter.<\/li>\n<li><strong>Til nyplantede tr\u00e6er og buske<\/strong>: Vand hver plante med 2 til 3 liter opl\u00f8sning, afh\u00e6ngigt af plantens st\u00f8rrelse.<\/li>\n<\/ul>\n<p><strong>Anvendelsesfrekvens<\/strong> :<\/p>\n<ul>\n<li>Lige efter s\u00e5ning for at fremme hurtig og ensartet spiring.<\/li>\n<li>N\u00e5r de f\u00f8rste blade dukker op, for at st\u00f8tte udviklingen af unge skud.<\/li>\n<li>Efter hver omplantning for at reducere rodstress og fremme hurtig genopretning.<\/li>\n<\/ul>\n<p><strong>Anvendelsesmetode<\/strong> :<\/p>\n<ul>\n<li>Brug en vandkande eller spr\u00f8jte til at fordele den fortyndede g\u00f8dning j\u00e6vnt.<\/li>\n<li>P\u00e5f\u00f8r direkte p\u00e5 jorden eller ved basis af unge planter uden overdreven vanding for at undg\u00e5 udvaskning af n\u00e6ringsstoffer.<\/li>\n<li>Undg\u00e5 at p\u00e5f\u00f8re i varmt vejr, helst om morgenen eller sent om eftermiddagen.<\/li>\n<\/ul>\n<p><strong>Forholdsregler ved brug<\/strong> :<\/p>\n<ul>\n<li>F\u00f8lg de anbefalede doser, da overdosering kan skade unge planter.<\/li>\n<li>Opbevares beskyttet mod lys og fugt p\u00e5 et k\u00f8ligt og t\u00f8rt sted.<\/li>\n<li>M\u00e5 ikke anvendes p\u00e5 planter i dvale, men skal kun anvendes i aktive v\u00e6kstperioder.<\/li>\n<\/ul>\n<p>Takket v\u00e6re denne g\u00f8dning til r\u00f8dder og fr\u00f8 sikrer du en vellykket spiring, optimal rodudvikling og kraftig v\u00e6kst. Dens afbalancerede n\u00e6ringsstoffer giver en komplet og effektiv l\u00f8sning til alle s\u00e5ninger og unge planter, hvilket sikrer en st\u00e6rk start for sunde og modstandsdygtige afgr\u00f8der.<\/p>","protected":false},"excerpt":{"rendered":"<p>An essential fertilizer for root development and seedling success.\u00a0This fertilizer is specifically formulated to promote the rooting of young plants and stimulate seed germination. With a perfect balance of nitrogen (N), phosphorus (P), and potassium (K) with an NPK of 15-15-15, it ensures rapid and robust root development, thus guaranteeing vigorous growth and better resistance [&hellip;]<\/p>\n","protected":false},"featured_media":27153,"comment_status":"open","ping_status":"closed","template":"","meta":{"_uag_custom_page_level_css":"","site-sidebar-layout":"default","site-content-layout":"","ast-site-content-layout":"default","site-content-style":"default","site-sidebar-style":"default","ast-global-header-display":"","ast-banner-title-visibility":"","ast-main-header-display":"","ast-hfb-above-header-display":"","ast-hfb-below-header-display":"","ast-hfb-mobile-header-display":"","site-post-title":"","ast-breadcrumbs-content":"","ast-featured-img":"","footer-sml-layout":"","ast-disable-related-posts":"","theme-transparent-header-meta":"default","adv-header-id-meta":"","stick-header-meta":"","header-above-stick-meta":"","header-main-stick-meta":"","header-below-stick-meta":"","astra-migrate-meta-layouts":"set","ast-page-background-enabled":"default","ast-page-background-meta":{"desktop":{"background-color":"var(--ast-global-color-4)","background-image":"","background-repeat":"repeat","background-position":"center center","background-size":"auto","background-attachment":"scroll","background-type":"","background-media":"","overlay-type":"","overlay-color":"","overlay-opacity":"","overlay-gradient":""},"tablet":{"background-color":"","background-image":"","background-repeat":"repeat","background-position":"center center","background-size":"auto","background-attachment":"scroll","background-type":"","background-media":"","overlay-type":"","overlay-color":"","overlay-opacity":"","overlay-gradient":""},"mobile":{"background-color":"","background-image":"","background-repeat":"repeat","background-position":"center center","background-size":"auto","background-attachment":"scroll","background-type":"","background-media":"","overlay-type":"","overlay-color":"","overlay-opacity":"","overlay-gradient":""}},"ast-content-background-meta":{"desktop":{"background-color":"var(--ast-global-color-5)","background-image":"","background-repeat":"repeat","background-position":"center center","background-size":"auto","background-attachment":"scroll","background-type":"","background-media":"","overlay-type":"","overlay-color":"","overlay-opacity":"","overlay-gradient":""},"tablet":{"background-color":"var(--ast-global-color-5)","background-image":"","background-repeat":"repeat","background-position":"center center","background-size":"auto","background-attachment":"scroll","background-type":"","background-media":"","overlay-type":"","overlay-color":"","overlay-opacity":"","overlay-gradient":""},"mobile":{"background-color":"var(--ast-global-color-5)","background-image":"","background-repeat":"repeat","background-position":"center center","background-size":"auto","background-attachment":"scroll","background-type":"","background-media":"","overlay-type":"","overlay-color":"","overlay-opacity":"","overlay-gradient":""}}},"product_brand":[],"product_cat":[178],"product_tag":[],"class_list":{"0":"post-25268","1":"product","2":"type-product","3":"status-publish","4":"has-post-thumbnail","6":"product_cat-fertilizers","7":"desktop-align-left","8":"tablet-align-left","9":"mobile-align-left","11":"first","12":"instock","13":"sale","14":"taxable","15":"shipping-taxable","16":"purchasable","17":"product-type-variable","18":"has-default-attributes"},"spectra_custom_meta":{"_visibility":["visible"],"_shopify_product_id":["9071933686005"],"_s2w_shopify_domain":["ferberpainting.myshopify.com"],"_shopify_variant_id":["46519270408437"],"_sku":[""],"_manage_stock":["no"],"total_sales":["10"],"_tax_status":["taxable"],"_tax_class":[""],"_backorders":["no"],"_sold_individually":["no"],"_virtual":["no"],"_downloadable":["no"],"_download_limit":["-1"],"_download_expiry":["-1"],"_stock":[null],"_stock_status":["instock"],"_wc_average_rating":["4.71"],"_wc_review_count":["7"],"_product_attributes":["a:1:{s:6:\"volume\";a:6:{s:4:\"name\";s:6:\"Volume\";s:5:\"value\";s:20:\"5 liters | 25 liters\";s:8:\"position\";i:1;s:10:\"is_visible\";i:0;s:12:\"is_variation\";i:1;s:11:\"is_taxonomy\";i:0;}}"],"_product_version":["10.5.1"],"_thumbnail_id":["27153"],"_product_image_gallery":["27154"],"wpse_downloadable_file_names":[""],"wpse_downloadable_file_urls":[""],"_edit_last":["1"],"_default_attributes":["a:1:{s:6:\"volume\";s:8:\"5 liters\";}"],"_edit_lock":["1771228673:1"],"_price":["29.90","129.90"],"merchant-center-availability":["yes"],"merchant-center-category":["113"],"_wp_page_template":["default"],"site-sidebar-layout":["default"],"ast-site-content-layout":["default"],"site-content-style":["default"],"site-sidebar-style":["default"],"theme-transparent-header-meta":["default"],"_wc_rating_count":["a:2:{i:4;i:2;i:5;i:5;}"],"astra-migrate-meta-layouts":["set"],"_uag_css_file_name":["uag-css-25268.css"],"_elementor_page_assets":["a:0:{}"],"_uag_page_assets":["a:9:{s:3:\"css\";s:6873:\".wp-block-uagb-image{display:flex}.wp-block-uagb-image__figure{position:relative;display:flex;flex-direction:column;max-width:100%;height:auto;margin:0}.wp-block-uagb-image__figure img{height:auto;display:flex;max-width:100%;transition:box-shadow .2s ease}.wp-block-uagb-image__figure>a{display:inline-block}.wp-block-uagb-image__figure figcaption{text-align:center;margin-top:.5em;margin-bottom:1em}.wp-block-uagb-image .components-placeholder.block-editor-media-placeholder .components-placeholder__instructions{align-self:center}.wp-block-uagb-image--align-left{text-align:left}.wp-block-uagb-image--align-right{text-align:right}.wp-block-uagb-image--align-center{text-align:center}.wp-block-uagb-image--align-full .wp-block-uagb-image__figure{margin-left:calc(50% - 50vw);margin-right:calc(50% - 50vw);max-width:100vw;width:100vw;height:auto}.wp-block-uagb-image--align-full .wp-block-uagb-image__figure img{height:auto;width:100% !important}.wp-block-uagb-image--align-wide .wp-block-uagb-image__figure img{height:auto;width:100%}.wp-block-uagb-image--layout-overlay__color-wrapper{position:absolute;left:0;top:0;right:0;bottom:0;opacity:.2;background:rgba(0,0,0,.5);transition:opacity .35s ease-in-out}.wp-block-uagb-image--layout-overlay-link{position:absolute;left:0;right:0;bottom:0;top:0}.wp-block-uagb-image--layout-overlay .wp-block-uagb-image__figure:hover .wp-block-uagb-image--layout-overlay__color-wrapper{opacity:1}.wp-block-uagb-image--layout-overlay__inner{position:absolute;left:15px;right:15px;bottom:15px;top:15px;display:flex;align-items:center;justify-content:center;flex-direction:column;border-color:#fff;transition:.35s ease-in-out}.wp-block-uagb-image--layout-overlay__inner.top-left,.wp-block-uagb-image--layout-overlay__inner.top-center,.wp-block-uagb-image--layout-overlay__inner.top-right{justify-content:flex-start}.wp-block-uagb-image--layout-overlay__inner.bottom-left,.wp-block-uagb-image--layout-overlay__inner.bottom-center,.wp-block-uagb-image--layout-overlay__inner.bottom-right{justify-content:flex-end}.wp-block-uagb-image--layout-overlay__inner.top-left,.wp-block-uagb-image--layout-overlay__inner.center-left,.wp-block-uagb-image--layout-overlay__inner.bottom-left{align-items:flex-start}.wp-block-uagb-image--layout-overlay__inner.top-right,.wp-block-uagb-image--layout-overlay__inner.center-right,.wp-block-uagb-image--layout-overlay__inner.bottom-right{align-items:flex-end}.wp-block-uagb-image--layout-overlay__inner .uagb-image-heading{color:#fff;transition:transform .35s,opacity .35s ease-in-out;transform:translate3d(0, 24px, 0);margin:0;line-height:1em}.wp-block-uagb-image--layout-overlay__inner .uagb-image-separator{width:30%;border-top-width:2px;border-top-color:#fff;border-top-style:solid;margin-bottom:10px;opacity:0;transition:transform .4s,opacity .4s ease-in-out;transform:translate3d(0, 30px, 0)}.wp-block-uagb-image--layout-overlay__inner .uagb-image-caption{opacity:0;overflow:visible;color:#fff;transition:transform .45s,opacity .45s ease-in-out;transform:translate3d(0, 35px, 0)}.wp-block-uagb-image--layout-overlay__inner:hover .uagb-image-heading,.wp-block-uagb-image--layout-overlay__inner:hover .uagb-image-separator,.wp-block-uagb-image--layout-overlay__inner:hover .uagb-image-caption{opacity:1;transform:translate3d(0, 0, 0)}.wp-block-uagb-image--effect-zoomin .wp-block-uagb-image__figure img,.wp-block-uagb-image--effect-zoomin .wp-block-uagb-image__figure .wp-block-uagb-image--layout-overlay__color-wrapper{transform:scale(1);transition:transform .35s ease-in-out}.wp-block-uagb-image--effect-zoomin .wp-block-uagb-image__figure:hover img,.wp-block-uagb-image--effect-zoomin .wp-block-uagb-image__figure:hover .wp-block-uagb-image--layout-overlay__color-wrapper{transform:scale(1.05)}.wp-block-uagb-image--effect-slide .wp-block-uagb-image__figure img,.wp-block-uagb-image--effect-slide .wp-block-uagb-image__figure .wp-block-uagb-image--layout-overlay__color-wrapper{width:calc(100% + 40px) !important;max-width:none !important;transform:translate3d(-40px, 0, 0);transition:transform .35s ease-in-out}.wp-block-uagb-image--effect-slide .wp-block-uagb-image__figure:hover img,.wp-block-uagb-image--effect-slide .wp-block-uagb-image__figure:hover .wp-block-uagb-image--layout-overlay__color-wrapper{transform:translate3d(0, 0, 0)}.wp-block-uagb-image--effect-grayscale img{filter:grayscale(0%);transition:.35s ease-in-out}.wp-block-uagb-image--effect-grayscale:hover img{filter:grayscale(100%)}.wp-block-uagb-image--effect-blur img{filter:blur(0);transition:.35s ease-in-out}.wp-block-uagb-image--effect-blur:hover img{filter:blur(3px)}.uagb-block-e6f939b3.wp-block-uagb-image--layout-default figure img{box-shadow: 0px 0px 0 #00000070;}.uagb-block-e6f939b3.wp-block-uagb-image .wp-block-uagb-image__figure figcaption{font-style: normal;align-self: center;}.uagb-block-e6f939b3.wp-block-uagb-image--layout-overlay figure img{box-shadow: 0px 0px 0 #00000070;}.uagb-block-e6f939b3.wp-block-uagb-image--layout-overlay .wp-block-uagb-image--layout-overlay__color-wrapper{opacity: 0.2;}.uagb-block-e6f939b3.wp-block-uagb-image--layout-overlay .wp-block-uagb-image--layout-overlay__inner{left: 15px;right: 15px;top: 15px;bottom: 15px;}.uagb-block-e6f939b3.wp-block-uagb-image--layout-overlay .wp-block-uagb-image--layout-overlay__inner .uagb-image-heading{font-style: normal;color: #fff;opacity: 1;}.uagb-block-e6f939b3.wp-block-uagb-image--layout-overlay .wp-block-uagb-image--layout-overlay__inner .uagb-image-heading a{color: #fff;}.uagb-block-e6f939b3.wp-block-uagb-image--layout-overlay .wp-block-uagb-image--layout-overlay__inner .uagb-image-caption{opacity: 0;}.uagb-block-e6f939b3.wp-block-uagb-image--layout-overlay .wp-block-uagb-image__figure:hover .wp-block-uagb-image--layout-overlay__color-wrapper{opacity: 1;}.uagb-block-e6f939b3.wp-block-uagb-image .wp-block-uagb-image--layout-overlay__inner .uagb-image-separator{width: 30%;border-top-width: 2px;border-top-color: #fff;opacity: 0;}.uagb-block-e6f939b3.wp-block-uagb-image .wp-block-uagb-image__figure img{width: px;height: auto;}.uagb-block-e6f939b3.wp-block-uagb-image .wp-block-uagb-image__figure:hover .wp-block-uagb-image--layout-overlay__inner .uagb-image-caption{opacity: 1;}.uagb-block-e6f939b3.wp-block-uagb-image .wp-block-uagb-image__figure:hover .wp-block-uagb-image--layout-overlay__inner .uagb-image-separator{opacity: 1;}.uagb-block-e6f939b3.wp-block-uagb-image--layout-default figure:hover img{box-shadow: 0px 0px 0 #00000070;}.uagb-block-e6f939b3.wp-block-uagb-image--layout-overlay figure:hover img{box-shadow: 0px 0px 0 #00000070;}@media only screen and (max-width: 976px) {.uagb-block-e6f939b3.wp-block-uagb-image .wp-block-uagb-image__figure img{width: px;height: auto;}}@media only screen and (max-width: 767px) {.uagb-block-e6f939b3.wp-block-uagb-image .wp-block-uagb-image__figure img{width: px;height: auto;}}\";s:2:\"js\";s:0:\"\";s:18:\"current_block_list\";a:13:{i:0;s:11:\"core\/search\";i:1;s:10:\"core\/group\";i:2;s:12:\"core\/heading\";i:3;s:17:\"core\/latest-posts\";i:4;s:20:\"core\/latest-comments\";i:5;s:13:\"core\/archives\";i:6;s:15:\"core\/categories\";i:7;s:14:\"core\/paragraph\";i:8;s:10:\"uagb\/image\";i:9;s:11:\"core\/spacer\";i:10;s:30:\"woocommerce\/product-categories\";i:11;s:10:\"core\/image\";i:12;s:14:\"core\/shortcode\";}s:8:\"uag_flag\";b:1;s:11:\"uag_version\";s:10:\"1777380507\";s:6:\"gfonts\";a:0:{}s:10:\"gfonts_url\";s:0:\"\";s:12:\"gfonts_files\";a:0:{}s:14:\"uag_faq_layout\";b:0;}"]},"uagb_featured_image_src":{"full":["https:\/\/www.ferberpainting.com\/wp-content\/uploads\/2025\/05\/RootandSeedlingFertilizer5L.png",2560,2560,false],"thumbnail":["https:\/\/www.ferberpainting.com\/wp-content\/uploads\/2025\/05\/RootandSeedlingFertilizer5L-150x150.png",150,150,true],"medium":["https:\/\/www.ferberpainting.com\/wp-content\/uploads\/2025\/05\/RootandSeedlingFertilizer5L-300x300.png",300,300,true],"medium_large":["https:\/\/www.ferberpainting.com\/wp-content\/uploads\/2025\/05\/RootandSeedlingFertilizer5L-768x768.png",768,768,true],"large":["https:\/\/www.ferberpainting.com\/wp-content\/uploads\/2025\/05\/RootandSeedlingFertilizer5L-1024x1024.png",1024,1024,true],"1536x1536":["https:\/\/www.ferberpainting.com\/wp-content\/uploads\/2025\/05\/RootandSeedlingFertilizer5L-1536x1536.png",1536,1536,true],"2048x2048":["https:\/\/www.ferberpainting.com\/wp-content\/uploads\/2025\/05\/RootandSeedlingFertilizer5L-2048x2048.png",2048,2048,true],"trp-custom-language-flag":["https:\/\/www.ferberpainting.com\/wp-content\/uploads\/2025\/05\/RootandSeedlingFertilizer5L-12x12.png",12,12,true],"woocommerce_thumbnail":["https:\/\/www.ferberpainting.com\/wp-content\/uploads\/2025\/05\/RootandSeedlingFertilizer5L-300x300.png",300,300,true],"woocommerce_single":["https:\/\/www.ferberpainting.com\/wp-content\/uploads\/2025\/05\/RootandSeedlingFertilizer5L-600x600.png",600,600,true],"woocommerce_gallery_thumbnail":["https:\/\/www.ferberpainting.com\/wp-content\/uploads\/2025\/05\/RootandSeedlingFertilizer5L-100x100.png",100,100,true]},"uagb_author_info":{"display_name":"admin","author_link":"https:\/\/www.ferberpainting.com\/dk\/author\/"},"uagb_comment_info":7,"uagb_excerpt":"An essential fertilizer for root development and seedling success.\u00a0This fertilizer is specifically formulated to promote the rooting of young plants and stimulate seed germination. With a perfect balance of nitrogen (N), phosphorus (P), and potassium (K) with an NPK of 15-15-15, it ensures rapid and robust root development, thus guaranteeing vigorous growth and better resistance&hellip;","_links":{"self":[{"href":"https:\/\/www.ferberpainting.com\/dk\/wp-json\/wp\/v2\/product\/25268","targetHints":{"allow":["GET"]}}],"collection":[{"href":"https:\/\/www.ferberpainting.com\/dk\/wp-json\/wp\/v2\/product"}],"about":[{"href":"https:\/\/www.ferberpainting.com\/dk\/wp-json\/wp\/v2\/types\/product"}],"replies":[{"embeddable":true,"href":"https:\/\/www.ferberpainting.com\/dk\/wp-json\/wp\/v2\/comments?post=25268"}],"version-history":[{"count":4,"href":"https:\/\/www.ferberpainting.com\/dk\/wp-json\/wp\/v2\/product\/25268\/revisions"}],"predecessor-version":[{"id":167148,"href":"https:\/\/www.ferberpainting.com\/dk\/wp-json\/wp\/v2\/product\/25268\/revisions\/167148"}],"wp:featuredmedia":[{"embeddable":true,"href":"https:\/\/www.ferberpainting.com\/dk\/wp-json\/wp\/v2\/media\/27153"}],"wp:attachment":[{"href":"https:\/\/www.ferberpainting.com\/dk\/wp-json\/wp\/v2\/media?parent=25268"}],"wp:term":[{"taxonomy":"product_brand","embeddable":true,"href":"https:\/\/www.ferberpainting.com\/dk\/wp-json\/wp\/v2\/product_brand?post=25268"},{"taxonomy":"product_cat","embeddable":true,"href":"https:\/\/www.ferberpainting.com\/dk\/wp-json\/wp\/v2\/product_cat?post=25268"},{"taxonomy":"product_tag","embeddable":true,"href":"https:\/\/www.ferberpainting.com\/dk\/wp-json\/wp\/v2\/product_tag?post=25268"}],"curies":[{"name":"wp","href":"https:\/\/api.w.org\/{rel}","templated":true}]}}