{"id":24796,"date":"2025-05-26T10:27:17","date_gmt":"2025-05-26T08:27:17","guid":{"rendered":"https:\/\/www.ferberpainting.com\/products\/potato-fertilizer\/"},"modified":"2026-02-16T07:33:17","modified_gmt":"2026-02-16T06:33:17","slug":"potato-fertilizer","status":"publish","type":"product","link":"https:\/\/www.ferberpainting.com\/dk\/products\/potato-fertilizer\/","title":{"rendered":"Kartoffelg\u00f8dning 25 kg"},"content":{"rendered":"<p><strong><img decoding=\"async\" style=\"margin-right: 12px;\" src=\"https:\/\/www.ferberpainting.com\/wp-content\/uploads\/2026\/02\/Check.svg\" alt=\"\" width=\"18\" height=\"15\" \/>En g\u00f8dning, der er designet til at optimere v\u00e6ksten og produktionen af kartofler.<\/strong>\u00a0Denne g\u00f8dning er specielt formuleret til at give kartoffelplanter de essentielle n\u00e6ringsstoffer til deres udvikling. Med en perfekt balance mellem kv\u00e6lstof (N), fosfor (P) og kalium (K), med et NPK-forhold p\u00e5 10-10-10, sikrer den kraftig bladv\u00e6kst, optimal rodf\u00e6stelse og rigelig produktion af velformede knolde. Takket v\u00e6re sin komplette virkning stimulerer det dannelsen af nye r\u00f8dder, styrker planternes modstandsdygtighed over for sygdomme og forbedrer st\u00f8rrelsen p\u00e5 de h\u00f8stede kartofler.<\/p>\n<p><strong><img decoding=\"async\" style=\"margin-right: 12px;\" src=\"https:\/\/www.ferberpainting.com\/wp-content\/uploads\/2026\/02\/Check.svg\" alt=\"\" width=\"18\" height=\"15\" \/>Penge-tilbage-garanti.<\/strong>\u00a0Vi har fuld tillid til effektiviteten af vores g\u00f8dning, og det er derfor, vi tilbyder en pengene-tilbage-garanti. Hvis du efter brug under optimale forhold ikke bem\u00e6rker nogen v\u00e6sentlig forbedring af dine kartoffelplanters v\u00e6kst og udbytte, refunderer vi dig uden diskussion.<\/p>\n<p><strong><img decoding=\"async\" style=\"margin-right: 12px;\" src=\"https:\/\/www.ferberpainting.com\/wp-content\/uploads\/2026\/02\/Check.svg\" alt=\"\" width=\"18\" height=\"15\" \/>En g\u00f8dning, der passer til alle jordtyper og kartoffelsorter.<\/strong>\u00a0Uanset om du dyrker kartofler p\u00e5 friland, i et bed i haven, i et drivhus eller ved dyrkning uden for jorden, tilpasser denne g\u00f8dning sig alle v\u00e6kstbetingelser. Den er effektiv p\u00e5 alle jordtyper, uanset om de er lerede, sandede, lerholdige eller kalkholdige. Desuden er den velegnet til alle kartoffelsorter, uanset om de er tidlige, til opbevaring eller til specifik kulinarisk brug (dampning, stegning, mosning).<\/p>\n<p><strong><img decoding=\"async\" style=\"margin-right: 12px;\" src=\"https:\/\/www.ferberpainting.com\/wp-content\/uploads\/2026\/02\/Check.svg\" alt=\"\" width=\"18\" height=\"15\" \/>En \u00f8konomisk og effektiv g\u00f8dning.<\/strong>\u00a0Denne g\u00f8dning giver et fremragende udbytte, da den langsomt frigives i jorden og dermed sikrer langvarig g\u00f8dskning uden behov for hyppig udbringning. Med en pose p\u00e5 25 kg kan du d\u00e6kke store landbrugs- eller haveomr\u00e5der. Den kr\u00e6ver ingen fortynding, hvilket sparer dig tid og vand, samtidig med at den sikrer en gradvis og kontinuerlig optagelse i planterne.<\/p>\n<p><strong><img decoding=\"async\" style=\"margin-right: 12px;\" src=\"https:\/\/www.ferberpainting.com\/wp-content\/uploads\/2026\/02\/Check.svg\" alt=\"\" width=\"18\" height=\"15\" \/>En milj\u00f8venlig og sikker g\u00f8dning til planter.<\/strong>\u00a0Denne g\u00f8dning er formuleret uden aggressive kemiske produkter og er risikofri for kartoffelplanternes r\u00f8dder. Den fremmer en sund, velafbalanceret jord og genopretter det mikrobielle liv, der er n\u00f8dvendigt for optimal frugtbarhed. Den forurener ikke grundvandet eller jorden, hvilket sikrer et ansvarligt og milj\u00f8venligt landbrug.<\/p>\n<p><strong><img decoding=\"async\" style=\"margin-right: 12px;\" src=\"https:\/\/www.ferberpainting.com\/wp-content\/uploads\/2026\/02\/Check.svg\" alt=\"\" width=\"18\" height=\"15\" \/>En enkel og hurtig anvendelse med garanterede resultater.<\/strong>\u00a0I mods\u00e6tning til flydende g\u00f8dning, der kr\u00e6ver pr\u00e6cise doseringer og vandblanding, p\u00e5f\u00f8res denne g\u00f8dning direkte p\u00e5 jorden. Der er ikke brug for noget s\u00e6rligt udstyr, bare drys g\u00f8dningen rundt om planterne, og indarbejd den let i jorden. Den kan bruges af alle, uanset om man er hobbygartner eller professionel.<\/p>\n<p><strong><img decoding=\"async\" style=\"margin-right: 12px;\" src=\"https:\/\/www.ferberpainting.com\/wp-content\/uploads\/2026\/02\/Check.svg\" alt=\"\" width=\"18\" height=\"15\" \/>En b\u00e6redygtig indsats for rigelig h\u00f8st og knolde af h\u00f8j kvalitet.<\/strong>\u00a0Takket v\u00e6re en langsom og homogen frigivelse sikrer denne g\u00f8dning en progressiv tilf\u00f8rsel af n\u00e6ringsstoffer, s\u00e5 kartoffelplanterne kan fodres gennem hele deres v\u00e6kstcyklus. Den fremmer dannelsen af velkalibrerede knolde, der er rige p\u00e5 stivelse og har fast k\u00f8d, hvilket forbedrer opbevaringen og smagskvaliteten af de h\u00f8stede kartofler.<\/p>\n<p><strong><img decoding=\"async\" style=\"margin-right: 12px;\" src=\"https:\/\/www.ferberpainting.com\/wp-content\/uploads\/2026\/02\/Check.svg\" alt=\"\" width=\"18\" height=\"15\" \/>Hurtige og effektive resultater, der er synlige inden for f\u00e5 uger.<\/strong>\u00a0Fra de f\u00f8rste uger efter udbringning vil du se kraftigere bladv\u00e6kst, velformede knolde og st\u00e6rke, robuste st\u00e6ngler. Knoldene vil vokse hurtigt og ensartet, hvilket resulterer i en betydelig udbyttestigning, produktion af h\u00f8jere kvalitet og st\u00f8rre h\u00f8sttilfredshed.<\/p>\n<h2><strong>Protokol for brug<\/strong><\/h2>\n<p><strong>Anbefalet dosering :<\/strong><\/p>\n<ul>\n<li><strong>F\u00f8r plantning <\/strong>: Spred 200 g g\u00f8dning pr. kvadratmeter, og indarbejd det i jorden med en rive eller klo.<\/li>\n<li><strong>P\u00e5 tidspunktet for strigling (efter planternes fremkomst) <\/strong>: Tils\u00e6t 100 g g\u00f8dning pr. kvadratmeter p\u00e5 overfladen, og vand let for at aktivere n\u00e6ringsoptagelsen.<\/li>\n<li><strong>Under afgr\u00f8dens v\u00e6kst (valgfrit, for bedre udbytte) <\/strong>: Gentag tilf\u00f8rslen efter planternes blomstring, og tils\u00e6t 100 g g\u00f8dning pr. kvadratmeter.<\/li>\n<\/ul>\n<p><strong>Anvendelsesfrekvens :<\/strong><\/p>\n<ul>\n<li>En udbringning under jordforberedelsen sikrer en god startn\u00e6ring.<\/li>\n<li>Et ekstra input under ridningen optimerer v\u00e6ksten og knolddannelsen.<\/li>\n<li>En sidste udbringning under afgr\u00f8dens v\u00e6kst hj\u00e6lper med at forbedre kartoflernes st\u00f8rrelse og udbytte.<\/li>\n<\/ul>\n<p><strong>Ans\u00f8gningsmetode :<\/strong><\/p>\n<ul>\n<li>Spred g\u00f8dningen direkte p\u00e5 jorden, omkring planterne eller i plantagens furer.<\/li>\n<li>Bland det let ned i jorden med en rive eller en klo for at fremme optagelsen.<\/li>\n<li>Vand efter udbringning, is\u00e6r hvis jorden er t\u00f8r, for at lette frigivelsen af n\u00e6ringsstoffer.<\/li>\n<\/ul>\n<p><strong>Forholdsregler ved brug :<\/strong><\/p>\n<ul>\n<li>Undg\u00e5 at overdosere for at undg\u00e5 overskydende kv\u00e6lstof, som ville f\u00f8re til et alt for frodigt l\u00f8v p\u00e5 bekostning af knoldene.<\/li>\n<li>Anvend ikke p\u00e5 frossen eller vandm\u00e6ttet jord, da dette vil reducere g\u00f8dningens effektivitet.<\/li>\n<li>Opbevar posen p\u00e5 et t\u00f8rt sted, v\u00e6k fra fugt, for at bevare dens fulde effektivitet.<\/li>\n<\/ul>\n<p>Med denne kartoffelg\u00f8dning sikrer du sund v\u00e6kst, rigelig h\u00f8st og knolde af h\u00f8j kvalitet. Takket v\u00e6re den gradvise frigivelse af n\u00e6ringsstoffer og den nemme anvendelse er det en ideel l\u00f8sning til at maksimere din produktion og samtidig bevare jordens naturlige frugtbarhed.<\/p>","protected":false},"excerpt":{"rendered":"<p>A fertilizer designed to optimize the growth and production of potatoes.\u00a0This fertilizer is specifically formulated to provide potato plants with the essential nutrients for their development. With a perfect balance of nitrogen (N), phosphorus (P), and potassium (K), with an NPK ratio of 10-10-10, it ensures vigorous leaf growth, optimal rooting, and abundant production of [&hellip;]<\/p>\n","protected":false},"featured_media":26641,"comment_status":"open","ping_status":"closed","template":"","meta":{"_uag_custom_page_level_css":"","site-sidebar-layout":"default","site-content-layout":"","ast-site-content-layout":"default","site-content-style":"default","site-sidebar-style":"default","ast-global-header-display":"","ast-banner-title-visibility":"","ast-main-header-display":"","ast-hfb-above-header-display":"","ast-hfb-below-header-display":"","ast-hfb-mobile-header-display":"","site-post-title":"","ast-breadcrumbs-content":"","ast-featured-img":"","footer-sml-layout":"","ast-disable-related-posts":"","theme-transparent-header-meta":"default","adv-header-id-meta":"","stick-header-meta":"","header-above-stick-meta":"","header-main-stick-meta":"","header-below-stick-meta":"","astra-migrate-meta-layouts":"set","ast-page-background-enabled":"default","ast-page-background-meta":{"desktop":{"background-color":"var(--ast-global-color-4)","background-image":"","background-repeat":"repeat","background-position":"center center","background-size":"auto","background-attachment":"scroll","background-type":"","background-media":"","overlay-type":"","overlay-color":"","overlay-opacity":"","overlay-gradient":""},"tablet":{"background-color":"","background-image":"","background-repeat":"repeat","background-position":"center center","background-size":"auto","background-attachment":"scroll","background-type":"","background-media":"","overlay-type":"","overlay-color":"","overlay-opacity":"","overlay-gradient":""},"mobile":{"background-color":"","background-image":"","background-repeat":"repeat","background-position":"center center","background-size":"auto","background-attachment":"scroll","background-type":"","background-media":"","overlay-type":"","overlay-color":"","overlay-opacity":"","overlay-gradient":""}},"ast-content-background-meta":{"desktop":{"background-color":"var(--ast-global-color-5)","background-image":"","background-repeat":"repeat","background-position":"center center","background-size":"auto","background-attachment":"scroll","background-type":"","background-media":"","overlay-type":"","overlay-color":"","overlay-opacity":"","overlay-gradient":""},"tablet":{"background-color":"var(--ast-global-color-5)","background-image":"","background-repeat":"repeat","background-position":"center center","background-size":"auto","background-attachment":"scroll","background-type":"","background-media":"","overlay-type":"","overlay-color":"","overlay-opacity":"","overlay-gradient":""},"mobile":{"background-color":"var(--ast-global-color-5)","background-image":"","background-repeat":"repeat","background-position":"center center","background-size":"auto","background-attachment":"scroll","background-type":"","background-media":"","overlay-type":"","overlay-color":"","overlay-opacity":"","overlay-gradient":""}}},"product_brand":[],"product_cat":[178],"product_tag":[],"class_list":{"0":"post-24796","1":"product","2":"type-product","3":"status-publish","4":"has-post-thumbnail","6":"product_cat-fertilizers","7":"desktop-align-left","8":"tablet-align-left","9":"mobile-align-left","11":"first","12":"instock","13":"taxable","14":"shipping-taxable","15":"purchasable","16":"product-type-simple"},"spectra_custom_meta":{"_visibility":["visible"],"_shopify_product_id":["9072137601269"],"_s2w_shopify_domain":["ferberpainting.myshopify.com"],"_shopify_variant_id":["46519520461045"],"_sku":["FPPOTATOFERTILIZER25"],"_regular_price":["39.00"],"_price":["39.00"],"_sale_price":[""],"_weight":["18.7"],"_thumbnail_id":["26641"],"_global_unique_id":["5056773817814"],"total_sales":["14"],"_tax_status":["taxable"],"_tax_class":[""],"_manage_stock":["no"],"_backorders":["no"],"_sold_individually":["no"],"_virtual":["no"],"_downloadable":["no"],"_download_limit":["-1"],"_download_expiry":["-1"],"_stock":[null],"_stock_status":["instock"],"_wc_average_rating":["5.00"],"_wc_review_count":["33"],"_product_version":["10.5.1"],"_wc_rating_count":["a:1:{i:5;i:33;}"],"_edit_lock":["1771223968:1"],"merchant-center-availability":["yes"],"merchant-center-category":["113"],"_edit_last":["1"],"_wp_page_template":["default"],"site-sidebar-layout":["default"],"ast-site-content-layout":["default"],"site-content-style":["default"],"site-sidebar-style":["default"],"theme-transparent-header-meta":["default"],"astra-migrate-meta-layouts":["set"],"_uag_css_file_name":["uag-css-24796.css"],"_elementor_page_assets":["a:0:{}"],"_uag_page_assets":["a:9:{s:3:\"css\";s:6873:\".wp-block-uagb-image{display:flex}.wp-block-uagb-image__figure{position:relative;display:flex;flex-direction:column;max-width:100%;height:auto;margin:0}.wp-block-uagb-image__figure img{height:auto;display:flex;max-width:100%;transition:box-shadow .2s ease}.wp-block-uagb-image__figure>a{display:inline-block}.wp-block-uagb-image__figure figcaption{text-align:center;margin-top:.5em;margin-bottom:1em}.wp-block-uagb-image .components-placeholder.block-editor-media-placeholder .components-placeholder__instructions{align-self:center}.wp-block-uagb-image--align-left{text-align:left}.wp-block-uagb-image--align-right{text-align:right}.wp-block-uagb-image--align-center{text-align:center}.wp-block-uagb-image--align-full .wp-block-uagb-image__figure{margin-left:calc(50% - 50vw);margin-right:calc(50% - 50vw);max-width:100vw;width:100vw;height:auto}.wp-block-uagb-image--align-full .wp-block-uagb-image__figure img{height:auto;width:100% !important}.wp-block-uagb-image--align-wide .wp-block-uagb-image__figure img{height:auto;width:100%}.wp-block-uagb-image--layout-overlay__color-wrapper{position:absolute;left:0;top:0;right:0;bottom:0;opacity:.2;background:rgba(0,0,0,.5);transition:opacity .35s ease-in-out}.wp-block-uagb-image--layout-overlay-link{position:absolute;left:0;right:0;bottom:0;top:0}.wp-block-uagb-image--layout-overlay .wp-block-uagb-image__figure:hover .wp-block-uagb-image--layout-overlay__color-wrapper{opacity:1}.wp-block-uagb-image--layout-overlay__inner{position:absolute;left:15px;right:15px;bottom:15px;top:15px;display:flex;align-items:center;justify-content:center;flex-direction:column;border-color:#fff;transition:.35s ease-in-out}.wp-block-uagb-image--layout-overlay__inner.top-left,.wp-block-uagb-image--layout-overlay__inner.top-center,.wp-block-uagb-image--layout-overlay__inner.top-right{justify-content:flex-start}.wp-block-uagb-image--layout-overlay__inner.bottom-left,.wp-block-uagb-image--layout-overlay__inner.bottom-center,.wp-block-uagb-image--layout-overlay__inner.bottom-right{justify-content:flex-end}.wp-block-uagb-image--layout-overlay__inner.top-left,.wp-block-uagb-image--layout-overlay__inner.center-left,.wp-block-uagb-image--layout-overlay__inner.bottom-left{align-items:flex-start}.wp-block-uagb-image--layout-overlay__inner.top-right,.wp-block-uagb-image--layout-overlay__inner.center-right,.wp-block-uagb-image--layout-overlay__inner.bottom-right{align-items:flex-end}.wp-block-uagb-image--layout-overlay__inner .uagb-image-heading{color:#fff;transition:transform .35s,opacity .35s ease-in-out;transform:translate3d(0, 24px, 0);margin:0;line-height:1em}.wp-block-uagb-image--layout-overlay__inner .uagb-image-separator{width:30%;border-top-width:2px;border-top-color:#fff;border-top-style:solid;margin-bottom:10px;opacity:0;transition:transform .4s,opacity .4s ease-in-out;transform:translate3d(0, 30px, 0)}.wp-block-uagb-image--layout-overlay__inner .uagb-image-caption{opacity:0;overflow:visible;color:#fff;transition:transform .45s,opacity .45s ease-in-out;transform:translate3d(0, 35px, 0)}.wp-block-uagb-image--layout-overlay__inner:hover .uagb-image-heading,.wp-block-uagb-image--layout-overlay__inner:hover .uagb-image-separator,.wp-block-uagb-image--layout-overlay__inner:hover .uagb-image-caption{opacity:1;transform:translate3d(0, 0, 0)}.wp-block-uagb-image--effect-zoomin .wp-block-uagb-image__figure img,.wp-block-uagb-image--effect-zoomin .wp-block-uagb-image__figure .wp-block-uagb-image--layout-overlay__color-wrapper{transform:scale(1);transition:transform .35s ease-in-out}.wp-block-uagb-image--effect-zoomin .wp-block-uagb-image__figure:hover img,.wp-block-uagb-image--effect-zoomin .wp-block-uagb-image__figure:hover .wp-block-uagb-image--layout-overlay__color-wrapper{transform:scale(1.05)}.wp-block-uagb-image--effect-slide .wp-block-uagb-image__figure img,.wp-block-uagb-image--effect-slide .wp-block-uagb-image__figure .wp-block-uagb-image--layout-overlay__color-wrapper{width:calc(100% + 40px) !important;max-width:none !important;transform:translate3d(-40px, 0, 0);transition:transform .35s ease-in-out}.wp-block-uagb-image--effect-slide .wp-block-uagb-image__figure:hover img,.wp-block-uagb-image--effect-slide .wp-block-uagb-image__figure:hover .wp-block-uagb-image--layout-overlay__color-wrapper{transform:translate3d(0, 0, 0)}.wp-block-uagb-image--effect-grayscale img{filter:grayscale(0%);transition:.35s ease-in-out}.wp-block-uagb-image--effect-grayscale:hover img{filter:grayscale(100%)}.wp-block-uagb-image--effect-blur img{filter:blur(0);transition:.35s ease-in-out}.wp-block-uagb-image--effect-blur:hover img{filter:blur(3px)}.uagb-block-e6f939b3.wp-block-uagb-image--layout-default figure img{box-shadow: 0px 0px 0 #00000070;}.uagb-block-e6f939b3.wp-block-uagb-image .wp-block-uagb-image__figure figcaption{font-style: normal;align-self: center;}.uagb-block-e6f939b3.wp-block-uagb-image--layout-overlay figure img{box-shadow: 0px 0px 0 #00000070;}.uagb-block-e6f939b3.wp-block-uagb-image--layout-overlay .wp-block-uagb-image--layout-overlay__color-wrapper{opacity: 0.2;}.uagb-block-e6f939b3.wp-block-uagb-image--layout-overlay .wp-block-uagb-image--layout-overlay__inner{left: 15px;right: 15px;top: 15px;bottom: 15px;}.uagb-block-e6f939b3.wp-block-uagb-image--layout-overlay .wp-block-uagb-image--layout-overlay__inner .uagb-image-heading{font-style: normal;color: #fff;opacity: 1;}.uagb-block-e6f939b3.wp-block-uagb-image--layout-overlay .wp-block-uagb-image--layout-overlay__inner .uagb-image-heading a{color: #fff;}.uagb-block-e6f939b3.wp-block-uagb-image--layout-overlay .wp-block-uagb-image--layout-overlay__inner .uagb-image-caption{opacity: 0;}.uagb-block-e6f939b3.wp-block-uagb-image--layout-overlay .wp-block-uagb-image__figure:hover .wp-block-uagb-image--layout-overlay__color-wrapper{opacity: 1;}.uagb-block-e6f939b3.wp-block-uagb-image .wp-block-uagb-image--layout-overlay__inner .uagb-image-separator{width: 30%;border-top-width: 2px;border-top-color: #fff;opacity: 0;}.uagb-block-e6f939b3.wp-block-uagb-image .wp-block-uagb-image__figure img{width: px;height: auto;}.uagb-block-e6f939b3.wp-block-uagb-image .wp-block-uagb-image__figure:hover .wp-block-uagb-image--layout-overlay__inner .uagb-image-caption{opacity: 1;}.uagb-block-e6f939b3.wp-block-uagb-image .wp-block-uagb-image__figure:hover .wp-block-uagb-image--layout-overlay__inner .uagb-image-separator{opacity: 1;}.uagb-block-e6f939b3.wp-block-uagb-image--layout-default figure:hover img{box-shadow: 0px 0px 0 #00000070;}.uagb-block-e6f939b3.wp-block-uagb-image--layout-overlay figure:hover img{box-shadow: 0px 0px 0 #00000070;}@media only screen and (max-width: 976px) {.uagb-block-e6f939b3.wp-block-uagb-image .wp-block-uagb-image__figure img{width: px;height: auto;}}@media only screen and (max-width: 767px) {.uagb-block-e6f939b3.wp-block-uagb-image .wp-block-uagb-image__figure img{width: px;height: auto;}}\";s:2:\"js\";s:0:\"\";s:18:\"current_block_list\";a:13:{i:0;s:11:\"core\/search\";i:1;s:10:\"core\/group\";i:2;s:12:\"core\/heading\";i:3;s:17:\"core\/latest-posts\";i:4;s:20:\"core\/latest-comments\";i:5;s:13:\"core\/archives\";i:6;s:15:\"core\/categories\";i:7;s:14:\"core\/paragraph\";i:8;s:10:\"uagb\/image\";i:9;s:11:\"core\/spacer\";i:10;s:30:\"woocommerce\/product-categories\";i:11;s:10:\"core\/image\";i:12;s:14:\"core\/shortcode\";}s:8:\"uag_flag\";b:1;s:11:\"uag_version\";s:10:\"1777349311\";s:6:\"gfonts\";a:0:{}s:10:\"gfonts_url\";s:0:\"\";s:12:\"gfonts_files\";a:0:{}s:14:\"uag_faq_layout\";b:0;}"]},"uagb_featured_image_src":{"full":["https:\/\/www.ferberpainting.com\/wp-content\/uploads\/2025\/05\/PotatoFertilizer.png",2560,2560,false],"thumbnail":["https:\/\/www.ferberpainting.com\/wp-content\/uploads\/2025\/05\/PotatoFertilizer-150x150.png",150,150,true],"medium":["https:\/\/www.ferberpainting.com\/wp-content\/uploads\/2025\/05\/PotatoFertilizer-300x300.png",300,300,true],"medium_large":["https:\/\/www.ferberpainting.com\/wp-content\/uploads\/2025\/05\/PotatoFertilizer-768x768.png",768,768,true],"large":["https:\/\/www.ferberpainting.com\/wp-content\/uploads\/2025\/05\/PotatoFertilizer-1024x1024.png",1024,1024,true],"1536x1536":["https:\/\/www.ferberpainting.com\/wp-content\/uploads\/2025\/05\/PotatoFertilizer-1536x1536.png",1536,1536,true],"2048x2048":["https:\/\/www.ferberpainting.com\/wp-content\/uploads\/2025\/05\/PotatoFertilizer-2048x2048.png",2048,2048,true],"trp-custom-language-flag":["https:\/\/www.ferberpainting.com\/wp-content\/uploads\/2025\/05\/PotatoFertilizer-12x12.png",12,12,true],"woocommerce_thumbnail":["https:\/\/www.ferberpainting.com\/wp-content\/uploads\/2025\/05\/PotatoFertilizer-300x300.png",300,300,true],"woocommerce_single":["https:\/\/www.ferberpainting.com\/wp-content\/uploads\/2025\/05\/PotatoFertilizer-600x600.png",600,600,true],"woocommerce_gallery_thumbnail":["https:\/\/www.ferberpainting.com\/wp-content\/uploads\/2025\/05\/PotatoFertilizer-100x100.png",100,100,true]},"uagb_author_info":{"display_name":"admin","author_link":"https:\/\/www.ferberpainting.com\/dk\/author\/"},"uagb_comment_info":33,"uagb_excerpt":"A fertilizer designed to optimize the growth and production of potatoes.\u00a0This fertilizer is specifically formulated to provide potato plants with the essential nutrients for their development. With a perfect balance of nitrogen (N), phosphorus (P), and potassium (K), with an NPK ratio of 10-10-10, it ensures vigorous leaf growth, optimal rooting, and abundant production of&hellip;","_links":{"self":[{"href":"https:\/\/www.ferberpainting.com\/dk\/wp-json\/wp\/v2\/product\/24796","targetHints":{"allow":["GET"]}}],"collection":[{"href":"https:\/\/www.ferberpainting.com\/dk\/wp-json\/wp\/v2\/product"}],"about":[{"href":"https:\/\/www.ferberpainting.com\/dk\/wp-json\/wp\/v2\/types\/product"}],"replies":[{"embeddable":true,"href":"https:\/\/www.ferberpainting.com\/dk\/wp-json\/wp\/v2\/comments?post=24796"}],"version-history":[{"count":4,"href":"https:\/\/www.ferberpainting.com\/dk\/wp-json\/wp\/v2\/product\/24796\/revisions"}],"predecessor-version":[{"id":166994,"href":"https:\/\/www.ferberpainting.com\/dk\/wp-json\/wp\/v2\/product\/24796\/revisions\/166994"}],"wp:featuredmedia":[{"embeddable":true,"href":"https:\/\/www.ferberpainting.com\/dk\/wp-json\/wp\/v2\/media\/26641"}],"wp:attachment":[{"href":"https:\/\/www.ferberpainting.com\/dk\/wp-json\/wp\/v2\/media?parent=24796"}],"wp:term":[{"taxonomy":"product_brand","embeddable":true,"href":"https:\/\/www.ferberpainting.com\/dk\/wp-json\/wp\/v2\/product_brand?post=24796"},{"taxonomy":"product_cat","embeddable":true,"href":"https:\/\/www.ferberpainting.com\/dk\/wp-json\/wp\/v2\/product_cat?post=24796"},{"taxonomy":"product_tag","embeddable":true,"href":"https:\/\/www.ferberpainting.com\/dk\/wp-json\/wp\/v2\/product_tag?post=24796"}],"curies":[{"name":"wp","href":"https:\/\/api.w.org\/{rel}","templated":true}]}}