{"id":24768,"date":"2025-05-26T10:27:03","date_gmt":"2025-05-26T08:27:03","guid":{"rendered":"https:\/\/www.ferberpainting.com\/products\/pepper-and-chili-fertilizer\/"},"modified":"2026-02-15T23:51:46","modified_gmt":"2026-02-15T22:51:46","slug":"pepper-and-chili-fertilizer","status":"publish","type":"product","link":"https:\/\/www.ferberpainting.com\/dk\/products\/pepper-and-chili-fertilizer\/","title":{"rendered":"G\u00f8dning til peber og chili"},"content":{"rendered":"<p><strong><img decoding=\"async\" style=\"margin-right: 12px;\" src=\"https:\/\/www.ferberpainting.com\/wp-content\/uploads\/2026\/02\/Check.svg\" alt=\"\" width=\"18\" height=\"15\" \/>En g\u00f8dning, der er specielt udviklet til sunde og smagfulde chilipeber.<\/strong>\u00a0Denne g\u00f8dning er formuleret til at opfylde peberplanters specifikke behov og fremmer kraftig v\u00e6kst, rigelig blomstring og produktion af krydrede og velsmagende frugter. Takket v\u00e6re den perfekte balance mellem kv\u00e6lstof (N), fosfor (P) og kalium (K) med en 15-15-15 NPK stimulerer den rodudvikling, blomstring og frugts\u00e6tning, hvilket sikrer en gener\u00f8s h\u00f8st af h\u00f8j kvalitet.<\/p>\n<p><strong><img decoding=\"async\" style=\"margin-right: 12px;\" src=\"https:\/\/www.ferberpainting.com\/wp-content\/uploads\/2026\/02\/Check.svg\" alt=\"\" width=\"18\" height=\"15\" \/>Penge-tilbage-garanti.<\/strong>\u00a0Vi er sikre p\u00e5 effektiviteten af vores chilipeberg\u00f8dning og tilbyder fuld refusion i tilf\u00e6lde af utilfredshed. Hvis du efter anvendelse i henhold til anbefalingerne ikke bem\u00e6rker en betydelig forbedring af din afgr\u00f8de, kan du anmode om refusion uden at skulle begrunde det.<\/p>\n<p><strong><img decoding=\"async\" style=\"margin-right: 12px;\" src=\"https:\/\/www.ferberpainting.com\/wp-content\/uploads\/2026\/02\/Check.svg\" alt=\"\" width=\"18\" height=\"15\" \/>Velegnet til alle peberfrugtsorter og dyrkningsmetoder.<\/strong>\u00a0Denne g\u00f8dning er tilpasset alle typer peberfrugter, hvad enten de er milde eller st\u00e6rke, f.eks. cayennepeber, jalape\u00f1o, habanero eller espelettepeber. Den er ideel til dyrkning p\u00e5 friland, i drivhus, i potter p\u00e5 en altan eller endda i hydroponik. Den afbalancerede formel g\u00f8r den til en alsidig g\u00f8dning, der ogs\u00e5 er velegnet til andre solanaceous afgr\u00f8der som tomater, auberginer og peberfrugter.<\/p>\n<p><strong><img decoding=\"async\" style=\"margin-right: 12px;\" src=\"https:\/\/www.ferberpainting.com\/wp-content\/uploads\/2026\/02\/Check.svg\" alt=\"\" width=\"18\" height=\"15\" \/>Fremragende \u00f8konomisk udbytte.<\/strong>\u00a0Takket v\u00e6re den optimale koncentration sikrer denne g\u00f8dning en lav dosering for en stor m\u00e6ngde g\u00f8dningsopl\u00f8sning. En fortynding p\u00e5 5 ml pr. liter vand giver dig mulighed for effektivt at g\u00f8de flere planter med kun en 5-liters flaske, hvilket optimerer omkostningerne ved g\u00f8dningen, mens du leverer maksimale resultater.<\/p>\n<p><strong><img decoding=\"async\" style=\"margin-right: 12px;\" src=\"https:\/\/www.ferberpainting.com\/wp-content\/uploads\/2026\/02\/Check.svg\" alt=\"\" width=\"18\" height=\"15\" \/>En sikker g\u00f8dning for afgr\u00f8der og milj\u00f8.<\/strong>\u00a0Denne g\u00f8dning er fremstillet uden skadelige stoffer for planter og jord og bevarer den biologiske balance i afgr\u00f8derne og forbedrer jordstrukturen p\u00e5 lang sigt. Den respekterer b\u00e5de milj\u00f8et og menneskers sundhed og sikrer en sikker og naturlig h\u00f8st uden risiko for toksicitet i forbindelse med indtagelse.<\/p>\n<p><strong><img decoding=\"async\" style=\"margin-right: 12px;\" src=\"https:\/\/www.ferberpainting.com\/wp-content\/uploads\/2026\/02\/Check.svg\" alt=\"\" width=\"18\" height=\"15\" \/>Enkel brug for alle gartnere.<\/strong>\u00a0Denne g\u00f8dning er designet til at v\u00e6re nem at bruge for b\u00e5de begyndere og professionelle, og den fortyndes direkte i vand og p\u00e5f\u00f8res ved vanding eller spr\u00f8jtning. Den kr\u00e6ver ingen kompleks forberedelse, hvilket sparer tid og forhindrer doseringsfejl.<\/p>\n<p><strong><img decoding=\"async\" style=\"margin-right: 12px;\" src=\"https:\/\/www.ferberpainting.com\/wp-content\/uploads\/2026\/02\/Check.svg\" alt=\"\" width=\"18\" height=\"15\" \/>Langvarig virkning for sunde chiliplanter.<\/strong>\u00a0Takket v\u00e6re den gradvise frigivelse af n\u00e6ringsstoffer sikrer denne g\u00f8dning afbalanceret n\u00e6ring i flere uger. Den fremmer st\u00e6rke rodsystemer, modstandsdygtighed over for sygdomme og kontinuerlig blomstring, hvilket sikrer rigelig og langvarig h\u00f8st gennem hele s\u00e6sonen.<\/p>\n<p><strong><img decoding=\"async\" style=\"margin-right: 12px;\" src=\"https:\/\/www.ferberpainting.com\/wp-content\/uploads\/2026\/02\/Check.svg\" alt=\"\" width=\"18\" height=\"15\" \/>Synlige resultater i l\u00f8bet af f\u00e5 uger.<\/strong>\u00a0Fra de f\u00f8rste uger med g\u00f8dning vil du se en hurtigere plantev\u00e6kst, et t\u00e6ttere og gr\u00f8nnere l\u00f8v samt en mere ensartet blomstring og frugts\u00e6tning. Denne g\u00f8dning stimulerer ogs\u00e5 dannelsen af mere k\u00f8dfulde, mere farverige og mere smagfulde frugter, hvilket f\u00f8rer til en rig h\u00f8st af h\u00f8j kvalitet.<\/p>\n<h2><strong>Brugsanvisning<\/strong><\/h2>\n<p><strong>Anbefalet dosering <\/strong>:<\/p>\n<ul>\n<li><strong>I \u00e5bent terr\u00e6n <\/strong>: Fortynd 5 ml g\u00f8dning pr. liter vand, og vand direkte ved planternes basis hver anden uge.<\/li>\n<li><strong>I potter <\/strong>: P\u00e5f\u00f8r 5 ml pr. liter vand, og vand hver anden uge, og pas p\u00e5 ikke at overm\u00e6tte underlaget.<\/li>\n<li><strong>I hydroponik <\/strong>: Tils\u00e6t 5 ml pr. liter vand til n\u00e6ringsopl\u00f8sningen, og forny den ugentligt.<\/li>\n<\/ul>\n<p><strong>Ans\u00f8gningsfrekvens <\/strong>:<\/p>\n<ul>\n<li><strong>V\u00e6kststadie <\/strong>: P\u00e5f\u00f8r hver anden uge for at fremme en kraftig udvikling af st\u00e6ngler og blade.<\/li>\n<li><strong>Blomstring og frugts\u00e6tning <\/strong>: Forts\u00e6t med at behandle hver anden uge og \u00f8g hyppigheden en smule, hvis det er n\u00f8dvendigt for at st\u00f8tte blomster- og frugtproduktionen.<\/li>\n<li><strong>H\u00f8stperiode <\/strong>: Reducer anvendelsen til en gang om m\u00e5neden for at bevare frugtkvaliteten uden overg\u00f8dskning.<\/li>\n<\/ul>\n<p><strong>Anvendelsesmetode <\/strong>:<\/p>\n<ul>\n<li><strong>Ved vanding af r\u00f8dder <\/strong>: Fortynd og p\u00e5f\u00f8r direkte p\u00e5 rodzonen for optimal optagelse.<\/li>\n<li><strong>Ved bladspr\u00f8jtning <\/strong>: Spr\u00f8jt en fortyndet opl\u00f8sning (5 ml\/l) p\u00e5 l\u00f8vet i v\u00e6kstfasen, og undg\u00e5 h\u00f8j varme eller direkte sollys under p\u00e5f\u00f8ringen.<\/li>\n<\/ul>\n<p><strong>Forholdsregler ved brug <\/strong>:<\/p>\n<ul>\n<li>Overdoser ikke, da overskydende kv\u00e6lstof kan fremme bladv\u00e6ksten p\u00e5 bekostning af frugtproduktionen.<\/li>\n<li>Undg\u00e5 at p\u00e5f\u00f8re under direkte sollys, p\u00e5f\u00f8r om morgenen eller aftenen.<\/li>\n<li>Opbevares p\u00e5 et k\u00f8ligt, t\u00f8rt sted, v\u00e6k fra direkte sollys.<\/li>\n<\/ul>\n<p>Med denne chilipeberg\u00f8dning sikrer du hurtig v\u00e6kst, rigelig blomstring og smagfulde frugter hele s\u00e6sonen. Den perfekte n\u00e6ringsstofbalance garanterer en rigelig h\u00f8st, uanset om den dyrkes p\u00e5 friland, i potter eller i drivhus.<\/p>","protected":false},"excerpt":{"rendered":"<p>A fertilizer specially designed for healthy and flavorful chili peppers.\u00a0This fertilizer is formulated to meet the specific needs of pepper plants, promoting vigorous growth, abundant flowering, and the production of spicy and tasty fruits. Thanks to its perfect balance of nitrogen (N), phosphorus (P), and potassium (K) with a 15-15-15 NPK, it stimulates root development, [&hellip;]<\/p>\n","protected":false},"featured_media":26624,"comment_status":"open","ping_status":"closed","template":"","meta":{"_uag_custom_page_level_css":"","site-sidebar-layout":"default","site-content-layout":"","ast-site-content-layout":"default","site-content-style":"default","site-sidebar-style":"default","ast-global-header-display":"","ast-banner-title-visibility":"","ast-main-header-display":"","ast-hfb-above-header-display":"","ast-hfb-below-header-display":"","ast-hfb-mobile-header-display":"","site-post-title":"","ast-breadcrumbs-content":"","ast-featured-img":"","footer-sml-layout":"","ast-disable-related-posts":"","theme-transparent-header-meta":"default","adv-header-id-meta":"","stick-header-meta":"","header-above-stick-meta":"","header-main-stick-meta":"","header-below-stick-meta":"","astra-migrate-meta-layouts":"set","ast-page-background-enabled":"default","ast-page-background-meta":{"desktop":{"background-color":"var(--ast-global-color-4)","background-image":"","background-repeat":"repeat","background-position":"center center","background-size":"auto","background-attachment":"scroll","background-type":"","background-media":"","overlay-type":"","overlay-color":"","overlay-opacity":"","overlay-gradient":""},"tablet":{"background-color":"","background-image":"","background-repeat":"repeat","background-position":"center center","background-size":"auto","background-attachment":"scroll","background-type":"","background-media":"","overlay-type":"","overlay-color":"","overlay-opacity":"","overlay-gradient":""},"mobile":{"background-color":"","background-image":"","background-repeat":"repeat","background-position":"center center","background-size":"auto","background-attachment":"scroll","background-type":"","background-media":"","overlay-type":"","overlay-color":"","overlay-opacity":"","overlay-gradient":""}},"ast-content-background-meta":{"desktop":{"background-color":"var(--ast-global-color-5)","background-image":"","background-repeat":"repeat","background-position":"center center","background-size":"auto","background-attachment":"scroll","background-type":"","background-media":"","overlay-type":"","overlay-color":"","overlay-opacity":"","overlay-gradient":""},"tablet":{"background-color":"var(--ast-global-color-5)","background-image":"","background-repeat":"repeat","background-position":"center center","background-size":"auto","background-attachment":"scroll","background-type":"","background-media":"","overlay-type":"","overlay-color":"","overlay-opacity":"","overlay-gradient":""},"mobile":{"background-color":"var(--ast-global-color-5)","background-image":"","background-repeat":"repeat","background-position":"center center","background-size":"auto","background-attachment":"scroll","background-type":"","background-media":"","overlay-type":"","overlay-color":"","overlay-opacity":"","overlay-gradient":""}}},"product_brand":[],"product_cat":[178],"product_tag":[],"class_list":{"0":"post-24768","1":"product","2":"type-product","3":"status-publish","4":"has-post-thumbnail","6":"product_cat-fertilizers","7":"desktop-align-left","8":"tablet-align-left","9":"mobile-align-left","11":"first","12":"instock","13":"sale","14":"taxable","15":"shipping-taxable","16":"purchasable","17":"product-type-variable","18":"has-default-attributes"},"spectra_custom_meta":{"_visibility":["visible"],"_shopify_product_id":["9097088991477"],"_s2w_shopify_domain":["ferberpainting.myshopify.com"],"_shopify_variant_id":["46597724733685"],"_sku":[""],"_manage_stock":["no"],"total_sales":["15"],"_tax_status":["taxable"],"_tax_class":[""],"_backorders":["no"],"_sold_individually":["no"],"_virtual":["no"],"_downloadable":["no"],"_download_limit":["-1"],"_download_expiry":["-1"],"_stock":[null],"_stock_status":["instock"],"_wc_average_rating":["4.75"],"_wc_review_count":["8"],"_product_attributes":["a:1:{s:6:\"volume\";a:6:{s:4:\"name\";s:6:\"Volume\";s:5:\"value\";s:20:\"5 liters | 25 liters\";s:8:\"position\";i:1;s:10:\"is_visible\";i:0;s:12:\"is_variation\";i:1;s:11:\"is_taxonomy\";i:0;}}"],"_product_version":["10.5.1"],"_thumbnail_id":["26624"],"_product_image_gallery":["26626"],"wpse_downloadable_file_names":[""],"wpse_downloadable_file_urls":[""],"_edit_last":["1"],"_default_attributes":["a:1:{s:6:\"volume\";s:8:\"5 liters\";}"],"_edit_lock":["1771221531:1"],"_price":["29.90","129.90"],"merchant-center-availability":["yes"],"merchant-center-category":["113"],"_wp_page_template":["default"],"site-sidebar-layout":["default"],"ast-site-content-layout":["default"],"site-content-style":["default"],"site-sidebar-style":["default"],"theme-transparent-header-meta":["default"],"_wc_rating_count":["a:2:{i:4;i:2;i:5;i:6;}"],"astra-migrate-meta-layouts":["set"],"_uag_css_file_name":["uag-css-24768.css"],"_elementor_page_assets":["a:0:{}"],"_uag_page_assets":["a:9:{s:3:\"css\";s:7133:\".uag-blocks-common-selector{z-index:var(--z-index-desktop) !important}@media(max-width: 976px){.uag-blocks-common-selector{z-index:var(--z-index-tablet) !important}}@media(max-width: 767px){.uag-blocks-common-selector{z-index:var(--z-index-mobile) !important}}.wp-block-uagb-image{display:flex}.wp-block-uagb-image__figure{position:relative;display:flex;flex-direction:column;max-width:100%;height:auto;margin:0}.wp-block-uagb-image__figure img{height:auto;display:flex;max-width:100%;transition:box-shadow .2s ease}.wp-block-uagb-image__figure>a{display:inline-block}.wp-block-uagb-image__figure figcaption{text-align:center;margin-top:.5em;margin-bottom:1em}.wp-block-uagb-image .components-placeholder.block-editor-media-placeholder .components-placeholder__instructions{align-self:center}.wp-block-uagb-image--align-left{text-align:left}.wp-block-uagb-image--align-right{text-align:right}.wp-block-uagb-image--align-center{text-align:center}.wp-block-uagb-image--align-full .wp-block-uagb-image__figure{margin-left:calc(50% - 50vw);margin-right:calc(50% - 50vw);max-width:100vw;width:100vw;height:auto}.wp-block-uagb-image--align-full .wp-block-uagb-image__figure img{height:auto;width:100% !important}.wp-block-uagb-image--align-wide .wp-block-uagb-image__figure img{height:auto;width:100%}.wp-block-uagb-image--layout-overlay__color-wrapper{position:absolute;left:0;top:0;right:0;bottom:0;opacity:.2;background:rgba(0,0,0,.5);transition:opacity .35s ease-in-out}.wp-block-uagb-image--layout-overlay-link{position:absolute;left:0;right:0;bottom:0;top:0}.wp-block-uagb-image--layout-overlay .wp-block-uagb-image__figure:hover .wp-block-uagb-image--layout-overlay__color-wrapper{opacity:1}.wp-block-uagb-image--layout-overlay__inner{position:absolute;left:15px;right:15px;bottom:15px;top:15px;display:flex;align-items:center;justify-content:center;flex-direction:column;border-color:#fff;transition:.35s ease-in-out}.wp-block-uagb-image--layout-overlay__inner.top-left,.wp-block-uagb-image--layout-overlay__inner.top-center,.wp-block-uagb-image--layout-overlay__inner.top-right{justify-content:flex-start}.wp-block-uagb-image--layout-overlay__inner.bottom-left,.wp-block-uagb-image--layout-overlay__inner.bottom-center,.wp-block-uagb-image--layout-overlay__inner.bottom-right{justify-content:flex-end}.wp-block-uagb-image--layout-overlay__inner.top-left,.wp-block-uagb-image--layout-overlay__inner.center-left,.wp-block-uagb-image--layout-overlay__inner.bottom-left{align-items:flex-start}.wp-block-uagb-image--layout-overlay__inner.top-right,.wp-block-uagb-image--layout-overlay__inner.center-right,.wp-block-uagb-image--layout-overlay__inner.bottom-right{align-items:flex-end}.wp-block-uagb-image--layout-overlay__inner .uagb-image-heading{color:#fff;transition:transform .35s,opacity .35s ease-in-out;transform:translate3d(0, 24px, 0);margin:0;line-height:1em}.wp-block-uagb-image--layout-overlay__inner .uagb-image-separator{width:30%;border-top-width:2px;border-top-color:#fff;border-top-style:solid;margin-bottom:10px;opacity:0;transition:transform .4s,opacity .4s ease-in-out;transform:translate3d(0, 30px, 0)}.wp-block-uagb-image--layout-overlay__inner .uagb-image-caption{opacity:0;overflow:visible;color:#fff;transition:transform .45s,opacity .45s ease-in-out;transform:translate3d(0, 35px, 0)}.wp-block-uagb-image--layout-overlay__inner:hover .uagb-image-heading,.wp-block-uagb-image--layout-overlay__inner:hover .uagb-image-separator,.wp-block-uagb-image--layout-overlay__inner:hover .uagb-image-caption{opacity:1;transform:translate3d(0, 0, 0)}.wp-block-uagb-image--effect-zoomin .wp-block-uagb-image__figure img,.wp-block-uagb-image--effect-zoomin .wp-block-uagb-image__figure .wp-block-uagb-image--layout-overlay__color-wrapper{transform:scale(1);transition:transform .35s ease-in-out}.wp-block-uagb-image--effect-zoomin .wp-block-uagb-image__figure:hover img,.wp-block-uagb-image--effect-zoomin .wp-block-uagb-image__figure:hover .wp-block-uagb-image--layout-overlay__color-wrapper{transform:scale(1.05)}.wp-block-uagb-image--effect-slide .wp-block-uagb-image__figure img,.wp-block-uagb-image--effect-slide .wp-block-uagb-image__figure .wp-block-uagb-image--layout-overlay__color-wrapper{width:calc(100% + 40px) !important;max-width:none !important;transform:translate3d(-40px, 0, 0);transition:transform .35s ease-in-out}.wp-block-uagb-image--effect-slide .wp-block-uagb-image__figure:hover img,.wp-block-uagb-image--effect-slide .wp-block-uagb-image__figure:hover .wp-block-uagb-image--layout-overlay__color-wrapper{transform:translate3d(0, 0, 0)}.wp-block-uagb-image--effect-grayscale img{filter:grayscale(0%);transition:.35s ease-in-out}.wp-block-uagb-image--effect-grayscale:hover img{filter:grayscale(100%)}.wp-block-uagb-image--effect-blur img{filter:blur(0);transition:.35s ease-in-out}.wp-block-uagb-image--effect-blur:hover img{filter:blur(3px)}.uagb-block-e6f939b3.wp-block-uagb-image--layout-default figure img{box-shadow: 0px 0px 0 #00000070;}.uagb-block-e6f939b3.wp-block-uagb-image .wp-block-uagb-image__figure figcaption{font-style: normal;align-self: center;}.uagb-block-e6f939b3.wp-block-uagb-image--layout-overlay figure img{box-shadow: 0px 0px 0 #00000070;}.uagb-block-e6f939b3.wp-block-uagb-image--layout-overlay .wp-block-uagb-image--layout-overlay__color-wrapper{opacity: 0.2;}.uagb-block-e6f939b3.wp-block-uagb-image--layout-overlay .wp-block-uagb-image--layout-overlay__inner{left: 15px;right: 15px;top: 15px;bottom: 15px;}.uagb-block-e6f939b3.wp-block-uagb-image--layout-overlay .wp-block-uagb-image--layout-overlay__inner .uagb-image-heading{font-style: normal;color: #fff;opacity: 1;}.uagb-block-e6f939b3.wp-block-uagb-image--layout-overlay .wp-block-uagb-image--layout-overlay__inner .uagb-image-heading a{color: #fff;}.uagb-block-e6f939b3.wp-block-uagb-image--layout-overlay .wp-block-uagb-image--layout-overlay__inner .uagb-image-caption{opacity: 0;}.uagb-block-e6f939b3.wp-block-uagb-image--layout-overlay .wp-block-uagb-image__figure:hover .wp-block-uagb-image--layout-overlay__color-wrapper{opacity: 1;}.uagb-block-e6f939b3.wp-block-uagb-image .wp-block-uagb-image--layout-overlay__inner .uagb-image-separator{width: 30%;border-top-width: 2px;border-top-color: #fff;opacity: 0;}.uagb-block-e6f939b3.wp-block-uagb-image .wp-block-uagb-image__figure img{width: px;height: auto;}.uagb-block-e6f939b3.wp-block-uagb-image .wp-block-uagb-image__figure:hover .wp-block-uagb-image--layout-overlay__inner .uagb-image-caption{opacity: 1;}.uagb-block-e6f939b3.wp-block-uagb-image .wp-block-uagb-image__figure:hover .wp-block-uagb-image--layout-overlay__inner .uagb-image-separator{opacity: 1;}.uagb-block-e6f939b3.wp-block-uagb-image--layout-default figure:hover img{box-shadow: 0px 0px 0 #00000070;}.uagb-block-e6f939b3.wp-block-uagb-image--layout-overlay figure:hover img{box-shadow: 0px 0px 0 #00000070;}@media only screen and (max-width: 976px) {.uagb-block-e6f939b3.wp-block-uagb-image .wp-block-uagb-image__figure img{width: px;height: auto;}}@media only screen and (max-width: 767px) {.uagb-block-e6f939b3.wp-block-uagb-image .wp-block-uagb-image__figure img{width: px;height: auto;}}\";s:2:\"js\";s:0:\"\";s:18:\"current_block_list\";a:13:{i:0;s:11:\"core\/search\";i:1;s:10:\"core\/group\";i:2;s:12:\"core\/heading\";i:3;s:17:\"core\/latest-posts\";i:4;s:20:\"core\/latest-comments\";i:5;s:13:\"core\/archives\";i:6;s:15:\"core\/categories\";i:7;s:14:\"core\/paragraph\";i:8;s:10:\"uagb\/image\";i:9;s:11:\"core\/spacer\";i:10;s:30:\"woocommerce\/product-categories\";i:11;s:10:\"core\/image\";i:12;s:14:\"core\/shortcode\";}s:8:\"uag_flag\";b:1;s:11:\"uag_version\";s:10:\"1777322919\";s:6:\"gfonts\";a:0:{}s:10:\"gfonts_url\";s:0:\"\";s:12:\"gfonts_files\";a:0:{}s:14:\"uag_faq_layout\";b:0;}"]},"uagb_featured_image_src":{"full":["https:\/\/www.ferberpainting.com\/wp-content\/uploads\/2025\/05\/PepperandChiliFertilizer5L.png",2560,2560,false],"thumbnail":["https:\/\/www.ferberpainting.com\/wp-content\/uploads\/2025\/05\/PepperandChiliFertilizer5L-150x150.png",150,150,true],"medium":["https:\/\/www.ferberpainting.com\/wp-content\/uploads\/2025\/05\/PepperandChiliFertilizer5L-300x300.png",300,300,true],"medium_large":["https:\/\/www.ferberpainting.com\/wp-content\/uploads\/2025\/05\/PepperandChiliFertilizer5L-768x768.png",768,768,true],"large":["https:\/\/www.ferberpainting.com\/wp-content\/uploads\/2025\/05\/PepperandChiliFertilizer5L-1024x1024.png",1024,1024,true],"1536x1536":["https:\/\/www.ferberpainting.com\/wp-content\/uploads\/2025\/05\/PepperandChiliFertilizer5L-1536x1536.png",1536,1536,true],"2048x2048":["https:\/\/www.ferberpainting.com\/wp-content\/uploads\/2025\/05\/PepperandChiliFertilizer5L-2048x2048.png",2048,2048,true],"trp-custom-language-flag":["https:\/\/www.ferberpainting.com\/wp-content\/uploads\/2025\/05\/PepperandChiliFertilizer5L-12x12.png",12,12,true],"woocommerce_thumbnail":["https:\/\/www.ferberpainting.com\/wp-content\/uploads\/2025\/05\/PepperandChiliFertilizer5L-300x300.png",300,300,true],"woocommerce_single":["https:\/\/www.ferberpainting.com\/wp-content\/uploads\/2025\/05\/PepperandChiliFertilizer5L-600x600.png",600,600,true],"woocommerce_gallery_thumbnail":["https:\/\/www.ferberpainting.com\/wp-content\/uploads\/2025\/05\/PepperandChiliFertilizer5L-100x100.png",100,100,true]},"uagb_author_info":{"display_name":"admin","author_link":"https:\/\/www.ferberpainting.com\/dk\/author\/"},"uagb_comment_info":8,"uagb_excerpt":"A fertilizer specially designed for healthy and flavorful chili peppers.\u00a0This fertilizer is formulated to meet the specific needs of pepper plants, promoting vigorous growth, abundant flowering, and the production of spicy and tasty fruits. Thanks to its perfect balance of nitrogen (N), phosphorus (P), and potassium (K) with a 15-15-15 NPK, it stimulates root development,&hellip;","_links":{"self":[{"href":"https:\/\/www.ferberpainting.com\/dk\/wp-json\/wp\/v2\/product\/24768","targetHints":{"allow":["GET"]}}],"collection":[{"href":"https:\/\/www.ferberpainting.com\/dk\/wp-json\/wp\/v2\/product"}],"about":[{"href":"https:\/\/www.ferberpainting.com\/dk\/wp-json\/wp\/v2\/types\/product"}],"replies":[{"embeddable":true,"href":"https:\/\/www.ferberpainting.com\/dk\/wp-json\/wp\/v2\/comments?post=24768"}],"version-history":[{"count":4,"href":"https:\/\/www.ferberpainting.com\/dk\/wp-json\/wp\/v2\/product\/24768\/revisions"}],"predecessor-version":[{"id":166712,"href":"https:\/\/www.ferberpainting.com\/dk\/wp-json\/wp\/v2\/product\/24768\/revisions\/166712"}],"wp:featuredmedia":[{"embeddable":true,"href":"https:\/\/www.ferberpainting.com\/dk\/wp-json\/wp\/v2\/media\/26624"}],"wp:attachment":[{"href":"https:\/\/www.ferberpainting.com\/dk\/wp-json\/wp\/v2\/media?parent=24768"}],"wp:term":[{"taxonomy":"product_brand","embeddable":true,"href":"https:\/\/www.ferberpainting.com\/dk\/wp-json\/wp\/v2\/product_brand?post=24768"},{"taxonomy":"product_cat","embeddable":true,"href":"https:\/\/www.ferberpainting.com\/dk\/wp-json\/wp\/v2\/product_cat?post=24768"},{"taxonomy":"product_tag","embeddable":true,"href":"https:\/\/www.ferberpainting.com\/dk\/wp-json\/wp\/v2\/product_tag?post=24768"}],"curies":[{"name":"wp","href":"https:\/\/api.w.org\/{rel}","templated":true}]}}