{"id":24756,"date":"2025-05-26T10:26:57","date_gmt":"2025-05-26T08:26:57","guid":{"rendered":"https:\/\/www.ferberpainting.com\/products\/palm-and-yucca-fertilizer\/"},"modified":"2026-02-15T23:28:15","modified_gmt":"2026-02-15T22:28:15","slug":"palm-and-yucca-fertilizer","status":"publish","type":"product","link":"https:\/\/www.ferberpainting.com\/dk\/products\/palm-and-yucca-fertilizer\/","title":{"rendered":"Palme- og yucca-g\u00f8dning 25 kg"},"content":{"rendered":"<p><strong><img decoding=\"async\" style=\"margin-right: 12px;\" src=\"https:\/\/www.ferberpainting.com\/wp-content\/uploads\/2026\/02\/Check.svg\" alt=\"\" width=\"18\" height=\"15\" \/>En komplet g\u00f8dning for optimal v\u00e6kst og frodigt l\u00f8v.<\/strong>\u00a0Palmer og yucca er majest\u00e6tiske planter, der giver et eksotisk pr\u00e6g til din have, terrasse eller indend\u00f8rs. For at sikre hurtig v\u00e6kst, et godt helbred og et levende l\u00f8v er det vigtigt at give dem tilstr\u00e6kkeligt med n\u00e6ringsstoffer. Denne NPK 10-10-10-g\u00f8dning giver en komplet og afbalanceret ern\u00e6ring med kv\u00e6lstof (N) til at stimulere udviklingen af blade og stamme, fosfor (P) til at fremme st\u00e6rk rodv\u00e6kst og kalium (K) til at styrke modstandsdygtigheden over for sygdomme, vandstress og varme. Takket v\u00e6re denne g\u00f8dning vil dine palmer og yuccaer f\u00e5 et frodigt og gr\u00f8nt l\u00f8v, bedre modstandsdygtighed over for milj\u00f8stress og kraftigere v\u00e6kst.<\/p>\n<p><strong><img decoding=\"async\" style=\"margin-right: 12px;\" src=\"https:\/\/www.ferberpainting.com\/wp-content\/uploads\/2026\/02\/Check.svg\" alt=\"\" width=\"18\" height=\"15\" \/>Penge-tilbage-garanti.<\/strong>\u00a0Vi har fuld tillid til kvaliteten og effektiviteten af vores g\u00f8dning til palmer og yuccaer, og derfor tilbyder vi en pengene-tilbage-garanti. Hvis du efter korrekt brug i henhold til vores anbefalinger ikke bem\u00e6rker en synlig forbedring af v\u00e6kst, l\u00f8v eller kraft, refunderer vi dig fuldt ud.<\/p>\n<p><strong><img decoding=\"async\" style=\"margin-right: 12px;\" src=\"https:\/\/www.ferberpainting.com\/wp-content\/uploads\/2026\/02\/Check.svg\" alt=\"\" width=\"18\" height=\"15\" \/>Velegnet til alle typer palmer og yuccaer, i potter eller p\u00e5 friland.<\/strong>\u00a0Denne g\u00f8dning er alsidig og tilpasset alle sorter af palmer (Washingtonia, Trachycarpus, Phoenix, Chamaerops, Butia osv.) og yuccaer (Yucca rostrata, Yucca elephantipes, Yucca filamentosa osv.). Det er ogs\u00e5 velegnet til planter, der dyrkes p\u00e5 friland i haven eller i potter p\u00e5 en terrasse, balkon eller indend\u00f8rs. Det er ogs\u00e5 kompatibelt med alle typer jord, uanset om den er sandet, leret eller kalkholdig, og det hj\u00e6lper med at forbedre jordstrukturen, s\u00e5 n\u00e6ringsstofferne bedre kan fastholdes.<\/p>\n<p><strong><img decoding=\"async\" style=\"margin-right: 12px;\" src=\"https:\/\/www.ferberpainting.com\/wp-content\/uploads\/2026\/02\/Check.svg\" alt=\"\" width=\"18\" height=\"15\" \/>Fremragende \u00f8konomisk udbytte og langvarig befrugtning.<\/strong>\u00a0Takket v\u00e6re sin formulering frigiver denne g\u00f8dning langsomt n\u00e6ringsstoffer, hvilket sikrer effektiv g\u00f8dning i flere uger. En pose p\u00e5 25 kg kan g\u00f8de et stort antal palmer og yuccaer og giver fremragende v\u00e6rdi for pengene. Med en optimal dosering p\u00e5 200 g pr. tr\u00e6 eller pr. kvadratmeter sikrer den en god tilf\u00f8rsel af n\u00e6ringsstoffer uden overskud eller spild.<\/p>\n<p><strong><img decoding=\"async\" style=\"margin-right: 12px;\" src=\"https:\/\/www.ferberpainting.com\/wp-content\/uploads\/2026\/02\/Check.svg\" alt=\"\" width=\"18\" height=\"15\" \/>En sikker og milj\u00f8venlig g\u00f8dning.<\/strong>\u00a0Denne g\u00f8dning indeholder ingen skadelige kemikalier og bevarer dermed jordens og biodiversitetens kvalitet. Den bidrager til at respektere den \u00f8kologiske balance i jorden og fremmer gavnlig mikroorganismeaktivitet, som er afg\u00f8rende for sunde r\u00f8dder. Derudover er den sikker for husdyr og det lokale dyreliv, hvilket sikrer sikker brug i haven eller p\u00e5 en altan.<\/p>\n<p><strong><img decoding=\"async\" style=\"margin-right: 12px;\" src=\"https:\/\/www.ferberpainting.com\/wp-content\/uploads\/2026\/02\/Check.svg\" alt=\"\" width=\"18\" height=\"15\" \/>Nem p\u00e5f\u00f8ring og ubesv\u00e6ret g\u00f8dskning.<\/strong>\u00a0I mods\u00e6tning til flydende g\u00f8dning, der kr\u00e6ver pr\u00e6cise doseringer og fortyndinger, p\u00e5f\u00f8res denne g\u00f8dning i fast form direkte ved planternes fod. Du skal blot sprede den omkring stammen og begrave den let i jorden, s\u00e5 den gradvist kan frigive sine n\u00e6ringsstoffer. Anvendelsen er enkel, hurtig og tilg\u00e6ngelig for alle, selv nybegyndere og professionelle anl\u00e6gsgartnere.<\/p>\n<p><strong><img decoding=\"async\" style=\"margin-right: 12px;\" src=\"https:\/\/www.ferberpainting.com\/wp-content\/uploads\/2026\/02\/Check.svg\" alt=\"\" width=\"18\" height=\"15\" \/>Forl\u00e6nget virkning for langvarig v\u00e6kst og levende blade.<\/strong>\u00a0Takket v\u00e6re den gradvise frigivelse giver denne g\u00f8dning n\u00e6ring til palmer og yuccaer over en lang periode, hvilket forhindrer mangler og sikrer kontinuerlig og stabil v\u00e6kst. Den styrker ogs\u00e5 plantens modstandsdygtighed over for sygdomme, skadedyr og ugunstige vejrforhold og sikrer levende blade hele \u00e5ret.<\/p>\n<p><strong><img decoding=\"async\" style=\"margin-right: 12px;\" src=\"https:\/\/www.ferberpainting.com\/wp-content\/uploads\/2026\/02\/Check.svg\" alt=\"\" width=\"18\" height=\"15\" \/>Synlige resultater i l\u00f8bet af f\u00e5 uger.<\/strong>\u00a0Fra den f\u00f8rste tilf\u00f8rsel af g\u00f8dningen vil du se hurtigere v\u00e6kst, tykkere blade og en mere intens farve. Planterne bliver kraftigere og mere modstandsdygtige og udfylder harmonisk pladsen med afbalanceret l\u00f8v og flere nye skud. G\u00f8dningen hj\u00e6lper med at forbedre palmernes og yuccaernes generelle udseende og g\u00f8r dem mere majest\u00e6tiske og spektakul\u00e6re, uanset om de er plantet i jorden eller i potter.<\/p>\n<h2><strong>Protokol for brug<\/strong><\/h2>\n<p><strong>Anbefalet dosering <\/strong>:<\/p>\n<ul>\n<li><strong>Palmer og yucca i \u00e5bent terr\u00e6n <\/strong>: Giv 200 g g\u00f8dning pr. tr\u00e6, afh\u00e6ngigt af dets st\u00f8rrelse og alder.<\/li>\n<li><strong>Palmer og yuccaer i potter <\/strong>: Fordel 100 g pr. stor potte og 50 g til sm\u00e5 potter.<\/li>\n<li><strong>Til masseplantninger <\/strong>: Brug 200 g pr. m\u00b2, og s\u00f8rg for at fordele g\u00f8dningen j\u00e6vnt.<\/li>\n<\/ul>\n<p><strong>Anvendelsesmetode :<\/strong><\/p>\n<ul>\n<li><strong>Ved direkte spredning <\/strong>: Fordel g\u00f8dningen j\u00e6vnt omkring planternes basis, og undg\u00e5 direkte kontakt med stammen.<\/li>\n<li><strong>Ved indarbejdning i jorden <\/strong>: Efter spredning skal du ridse jordoverfladen let for at hj\u00e6lpe granulatet med at tr\u00e6nge ind og optimere rodoptagelsen.<\/li>\n<li><strong>Vanding efter p\u00e5f\u00f8ring <\/strong>: Vand gener\u00f8st efter g\u00f8dskning for at aktivere frigivelse af n\u00e6ringsstoffer og fremskynde deres spredning i jorden.<\/li>\n<\/ul>\n<p><strong>Ans\u00f8gningsfrekvens <\/strong>:<\/p>\n<ul>\n<li><strong>I den aktive v\u00e6kstperiode (for\u00e5r-sommer) <\/strong>: P\u00e5f\u00f8r g\u00f8dningen hver 6. til 8. uge for at sikre en kontinuerlig tilf\u00f8rsel af vigtige n\u00e6ringsstoffer.<\/li>\n<li><strong>I hvileperioden (efter\u00e5r-vinter) <\/strong>: Reducer behandlingshyppigheden til en gang hver 3. m\u00e5ned for at opretholde plantesundheden uden at fremme overdreven v\u00e6kst.<\/li>\n<\/ul>\n<p><strong>Forholdsregler ved brug <\/strong>: Overdos\u00e9r ikke g\u00f8dningen for at undg\u00e5 overskydende kv\u00e6lstof, som kan f\u00f8re til overdreven bladv\u00e6kst p\u00e5 bekostning af r\u00f8dderne. Anvend kun p\u00e5 let fugtig jord for optimal optagelse af n\u00e6ringsstoffer.<\/p>\n<p><strong>Opbevaring og konservering <\/strong>: Opbevar g\u00f8dningen p\u00e5 et t\u00f8rt sted, v\u00e6k fra fugt og ekstreme temperaturer. Luk posen t\u00e6t efter hver brug for at bevare produktets effektivitet og undg\u00e5 tab af n\u00e6ringsstoffer.<\/p>\n<p>Med denne palme- og yucca-g\u00f8dning kan du give dine planter en komplet og skr\u00e6ddersyet n\u00e6ring til deres specifikke behov. Den sikrer kraftig v\u00e6kst, frodigt l\u00f8v og bedre modstandsdygtighed over for klimatiske forhold. Det er den ideelle l\u00f8sning til at forbedre din have, terrasse eller indend\u00f8rs rum med sunde palmer og yucca'er hele \u00e5ret rundt.<\/p>","protected":false},"excerpt":{"rendered":"<p>A complete fertilizer for optimal growth and lush foliage.\u00a0Palms and yuccas are majestic plants that add an exotic touch to your garden, terrace or indoors. To ensure rapid growth, good health and vibrant foliage, it is essential to provide them with adequate nutrients. This NPK 10-10-10 fertilizer offers a complete and balanced nutrition with nitrogen [&hellip;]<\/p>\n","protected":false},"featured_media":26614,"comment_status":"open","ping_status":"closed","template":"","meta":{"_uag_custom_page_level_css":"","site-sidebar-layout":"default","site-content-layout":"","ast-site-content-layout":"default","site-content-style":"default","site-sidebar-style":"default","ast-global-header-display":"","ast-banner-title-visibility":"","ast-main-header-display":"","ast-hfb-above-header-display":"","ast-hfb-below-header-display":"","ast-hfb-mobile-header-display":"","site-post-title":"","ast-breadcrumbs-content":"","ast-featured-img":"","footer-sml-layout":"","ast-disable-related-posts":"","theme-transparent-header-meta":"default","adv-header-id-meta":"","stick-header-meta":"","header-above-stick-meta":"","header-main-stick-meta":"","header-below-stick-meta":"","astra-migrate-meta-layouts":"set","ast-page-background-enabled":"default","ast-page-background-meta":{"desktop":{"background-color":"var(--ast-global-color-4)","background-image":"","background-repeat":"repeat","background-position":"center center","background-size":"auto","background-attachment":"scroll","background-type":"","background-media":"","overlay-type":"","overlay-color":"","overlay-opacity":"","overlay-gradient":""},"tablet":{"background-color":"","background-image":"","background-repeat":"repeat","background-position":"center center","background-size":"auto","background-attachment":"scroll","background-type":"","background-media":"","overlay-type":"","overlay-color":"","overlay-opacity":"","overlay-gradient":""},"mobile":{"background-color":"","background-image":"","background-repeat":"repeat","background-position":"center center","background-size":"auto","background-attachment":"scroll","background-type":"","background-media":"","overlay-type":"","overlay-color":"","overlay-opacity":"","overlay-gradient":""}},"ast-content-background-meta":{"desktop":{"background-color":"var(--ast-global-color-5)","background-image":"","background-repeat":"repeat","background-position":"center center","background-size":"auto","background-attachment":"scroll","background-type":"","background-media":"","overlay-type":"","overlay-color":"","overlay-opacity":"","overlay-gradient":""},"tablet":{"background-color":"var(--ast-global-color-5)","background-image":"","background-repeat":"repeat","background-position":"center center","background-size":"auto","background-attachment":"scroll","background-type":"","background-media":"","overlay-type":"","overlay-color":"","overlay-opacity":"","overlay-gradient":""},"mobile":{"background-color":"var(--ast-global-color-5)","background-image":"","background-repeat":"repeat","background-position":"center center","background-size":"auto","background-attachment":"scroll","background-type":"","background-media":"","overlay-type":"","overlay-color":"","overlay-opacity":"","overlay-gradient":""}}},"product_brand":[],"product_cat":[178],"product_tag":[],"class_list":{"0":"post-24756","1":"product","2":"type-product","3":"status-publish","4":"has-post-thumbnail","6":"product_cat-fertilizers","7":"desktop-align-left","8":"tablet-align-left","9":"mobile-align-left","11":"first","12":"instock","13":"taxable","14":"shipping-taxable","15":"purchasable","16":"product-type-simple"},"spectra_custom_meta":{"_visibility":["visible"],"_shopify_product_id":["9068011847925"],"_s2w_shopify_domain":["ferberpainting.myshopify.com"],"_shopify_variant_id":["46509802815733"],"_sku":["FPPALMANDYUCCAFERTILIZER25KG"],"_regular_price":["39.90"],"_price":["39.90"],"_sale_price":[""],"_weight":["18.5"],"_thumbnail_id":["26614"],"_global_unique_id":["5056773817579"],"total_sales":["54"],"_tax_status":["taxable"],"_tax_class":[""],"_manage_stock":["no"],"_backorders":["no"],"_sold_individually":["no"],"_virtual":["no"],"_downloadable":["no"],"_download_limit":["-1"],"_download_expiry":["-1"],"_stock":[null],"_stock_status":["instock"],"_wc_average_rating":["5.00"],"_wc_review_count":["31"],"_product_version":["10.5.1"],"_wc_rating_count":["a:1:{i:5;i:31;}"],"_edit_lock":["1774761996:3822"],"merchant-center-availability":["yes"],"merchant-center-category":["113"],"_edit_last":["1"],"_wp_page_template":["default"],"site-sidebar-layout":["default"],"ast-site-content-layout":["default"],"site-content-style":["default"],"site-sidebar-style":["default"],"theme-transparent-header-meta":["default"],"astra-migrate-meta-layouts":["set"],"_uag_css_file_name":["uag-css-24756.css"],"_elementor_page_assets":["a:0:{}"],"_uag_page_assets":["a:9:{s:3:\"css\";s:6873:\".wp-block-uagb-image{display:flex}.wp-block-uagb-image__figure{position:relative;display:flex;flex-direction:column;max-width:100%;height:auto;margin:0}.wp-block-uagb-image__figure img{height:auto;display:flex;max-width:100%;transition:box-shadow .2s ease}.wp-block-uagb-image__figure>a{display:inline-block}.wp-block-uagb-image__figure figcaption{text-align:center;margin-top:.5em;margin-bottom:1em}.wp-block-uagb-image .components-placeholder.block-editor-media-placeholder .components-placeholder__instructions{align-self:center}.wp-block-uagb-image--align-left{text-align:left}.wp-block-uagb-image--align-right{text-align:right}.wp-block-uagb-image--align-center{text-align:center}.wp-block-uagb-image--align-full .wp-block-uagb-image__figure{margin-left:calc(50% - 50vw);margin-right:calc(50% - 50vw);max-width:100vw;width:100vw;height:auto}.wp-block-uagb-image--align-full .wp-block-uagb-image__figure img{height:auto;width:100% !important}.wp-block-uagb-image--align-wide .wp-block-uagb-image__figure img{height:auto;width:100%}.wp-block-uagb-image--layout-overlay__color-wrapper{position:absolute;left:0;top:0;right:0;bottom:0;opacity:.2;background:rgba(0,0,0,.5);transition:opacity .35s ease-in-out}.wp-block-uagb-image--layout-overlay-link{position:absolute;left:0;right:0;bottom:0;top:0}.wp-block-uagb-image--layout-overlay .wp-block-uagb-image__figure:hover .wp-block-uagb-image--layout-overlay__color-wrapper{opacity:1}.wp-block-uagb-image--layout-overlay__inner{position:absolute;left:15px;right:15px;bottom:15px;top:15px;display:flex;align-items:center;justify-content:center;flex-direction:column;border-color:#fff;transition:.35s ease-in-out}.wp-block-uagb-image--layout-overlay__inner.top-left,.wp-block-uagb-image--layout-overlay__inner.top-center,.wp-block-uagb-image--layout-overlay__inner.top-right{justify-content:flex-start}.wp-block-uagb-image--layout-overlay__inner.bottom-left,.wp-block-uagb-image--layout-overlay__inner.bottom-center,.wp-block-uagb-image--layout-overlay__inner.bottom-right{justify-content:flex-end}.wp-block-uagb-image--layout-overlay__inner.top-left,.wp-block-uagb-image--layout-overlay__inner.center-left,.wp-block-uagb-image--layout-overlay__inner.bottom-left{align-items:flex-start}.wp-block-uagb-image--layout-overlay__inner.top-right,.wp-block-uagb-image--layout-overlay__inner.center-right,.wp-block-uagb-image--layout-overlay__inner.bottom-right{align-items:flex-end}.wp-block-uagb-image--layout-overlay__inner .uagb-image-heading{color:#fff;transition:transform .35s,opacity .35s ease-in-out;transform:translate3d(0, 24px, 0);margin:0;line-height:1em}.wp-block-uagb-image--layout-overlay__inner .uagb-image-separator{width:30%;border-top-width:2px;border-top-color:#fff;border-top-style:solid;margin-bottom:10px;opacity:0;transition:transform .4s,opacity .4s ease-in-out;transform:translate3d(0, 30px, 0)}.wp-block-uagb-image--layout-overlay__inner .uagb-image-caption{opacity:0;overflow:visible;color:#fff;transition:transform .45s,opacity .45s ease-in-out;transform:translate3d(0, 35px, 0)}.wp-block-uagb-image--layout-overlay__inner:hover .uagb-image-heading,.wp-block-uagb-image--layout-overlay__inner:hover .uagb-image-separator,.wp-block-uagb-image--layout-overlay__inner:hover .uagb-image-caption{opacity:1;transform:translate3d(0, 0, 0)}.wp-block-uagb-image--effect-zoomin .wp-block-uagb-image__figure img,.wp-block-uagb-image--effect-zoomin .wp-block-uagb-image__figure .wp-block-uagb-image--layout-overlay__color-wrapper{transform:scale(1);transition:transform .35s ease-in-out}.wp-block-uagb-image--effect-zoomin .wp-block-uagb-image__figure:hover img,.wp-block-uagb-image--effect-zoomin .wp-block-uagb-image__figure:hover .wp-block-uagb-image--layout-overlay__color-wrapper{transform:scale(1.05)}.wp-block-uagb-image--effect-slide .wp-block-uagb-image__figure img,.wp-block-uagb-image--effect-slide .wp-block-uagb-image__figure .wp-block-uagb-image--layout-overlay__color-wrapper{width:calc(100% + 40px) !important;max-width:none !important;transform:translate3d(-40px, 0, 0);transition:transform .35s ease-in-out}.wp-block-uagb-image--effect-slide .wp-block-uagb-image__figure:hover img,.wp-block-uagb-image--effect-slide .wp-block-uagb-image__figure:hover .wp-block-uagb-image--layout-overlay__color-wrapper{transform:translate3d(0, 0, 0)}.wp-block-uagb-image--effect-grayscale img{filter:grayscale(0%);transition:.35s ease-in-out}.wp-block-uagb-image--effect-grayscale:hover img{filter:grayscale(100%)}.wp-block-uagb-image--effect-blur img{filter:blur(0);transition:.35s ease-in-out}.wp-block-uagb-image--effect-blur:hover img{filter:blur(3px)}.uagb-block-e6f939b3.wp-block-uagb-image--layout-default figure img{box-shadow: 0px 0px 0 #00000070;}.uagb-block-e6f939b3.wp-block-uagb-image .wp-block-uagb-image__figure figcaption{font-style: normal;align-self: center;}.uagb-block-e6f939b3.wp-block-uagb-image--layout-overlay figure img{box-shadow: 0px 0px 0 #00000070;}.uagb-block-e6f939b3.wp-block-uagb-image--layout-overlay .wp-block-uagb-image--layout-overlay__color-wrapper{opacity: 0.2;}.uagb-block-e6f939b3.wp-block-uagb-image--layout-overlay .wp-block-uagb-image--layout-overlay__inner{left: 15px;right: 15px;top: 15px;bottom: 15px;}.uagb-block-e6f939b3.wp-block-uagb-image--layout-overlay .wp-block-uagb-image--layout-overlay__inner .uagb-image-heading{font-style: normal;color: #fff;opacity: 1;}.uagb-block-e6f939b3.wp-block-uagb-image--layout-overlay .wp-block-uagb-image--layout-overlay__inner .uagb-image-heading a{color: #fff;}.uagb-block-e6f939b3.wp-block-uagb-image--layout-overlay .wp-block-uagb-image--layout-overlay__inner .uagb-image-caption{opacity: 0;}.uagb-block-e6f939b3.wp-block-uagb-image--layout-overlay .wp-block-uagb-image__figure:hover .wp-block-uagb-image--layout-overlay__color-wrapper{opacity: 1;}.uagb-block-e6f939b3.wp-block-uagb-image .wp-block-uagb-image--layout-overlay__inner .uagb-image-separator{width: 30%;border-top-width: 2px;border-top-color: #fff;opacity: 0;}.uagb-block-e6f939b3.wp-block-uagb-image .wp-block-uagb-image__figure img{width: px;height: auto;}.uagb-block-e6f939b3.wp-block-uagb-image .wp-block-uagb-image__figure:hover .wp-block-uagb-image--layout-overlay__inner .uagb-image-caption{opacity: 1;}.uagb-block-e6f939b3.wp-block-uagb-image .wp-block-uagb-image__figure:hover .wp-block-uagb-image--layout-overlay__inner .uagb-image-separator{opacity: 1;}.uagb-block-e6f939b3.wp-block-uagb-image--layout-default figure:hover img{box-shadow: 0px 0px 0 #00000070;}.uagb-block-e6f939b3.wp-block-uagb-image--layout-overlay figure:hover img{box-shadow: 0px 0px 0 #00000070;}@media only screen and (max-width: 976px) {.uagb-block-e6f939b3.wp-block-uagb-image .wp-block-uagb-image__figure img{width: px;height: auto;}}@media only screen and (max-width: 767px) {.uagb-block-e6f939b3.wp-block-uagb-image .wp-block-uagb-image__figure img{width: px;height: auto;}}\";s:2:\"js\";s:0:\"\";s:18:\"current_block_list\";a:13:{i:0;s:11:\"core\/search\";i:1;s:10:\"core\/group\";i:2;s:12:\"core\/heading\";i:3;s:17:\"core\/latest-posts\";i:4;s:20:\"core\/latest-comments\";i:5;s:13:\"core\/archives\";i:6;s:15:\"core\/categories\";i:7;s:14:\"core\/paragraph\";i:8;s:10:\"uagb\/image\";i:9;s:11:\"core\/spacer\";i:10;s:30:\"woocommerce\/product-categories\";i:11;s:10:\"core\/image\";i:12;s:14:\"core\/shortcode\";}s:8:\"uag_flag\";b:1;s:11:\"uag_version\";s:10:\"1777315608\";s:6:\"gfonts\";a:0:{}s:10:\"gfonts_url\";s:0:\"\";s:12:\"gfonts_files\";a:0:{}s:14:\"uag_faq_layout\";b:0;}"]},"uagb_featured_image_src":{"full":["https:\/\/www.ferberpainting.com\/wp-content\/uploads\/2025\/05\/PalmandYuccaFertilizer.png",2560,2560,false],"thumbnail":["https:\/\/www.ferberpainting.com\/wp-content\/uploads\/2025\/05\/PalmandYuccaFertilizer-150x150.png",150,150,true],"medium":["https:\/\/www.ferberpainting.com\/wp-content\/uploads\/2025\/05\/PalmandYuccaFertilizer-300x300.png",300,300,true],"medium_large":["https:\/\/www.ferberpainting.com\/wp-content\/uploads\/2025\/05\/PalmandYuccaFertilizer-768x768.png",768,768,true],"large":["https:\/\/www.ferberpainting.com\/wp-content\/uploads\/2025\/05\/PalmandYuccaFertilizer-1024x1024.png",1024,1024,true],"1536x1536":["https:\/\/www.ferberpainting.com\/wp-content\/uploads\/2025\/05\/PalmandYuccaFertilizer-1536x1536.png",1536,1536,true],"2048x2048":["https:\/\/www.ferberpainting.com\/wp-content\/uploads\/2025\/05\/PalmandYuccaFertilizer-2048x2048.png",2048,2048,true],"trp-custom-language-flag":["https:\/\/www.ferberpainting.com\/wp-content\/uploads\/2025\/05\/PalmandYuccaFertilizer-12x12.png",12,12,true],"woocommerce_thumbnail":["https:\/\/www.ferberpainting.com\/wp-content\/uploads\/2025\/05\/PalmandYuccaFertilizer-300x300.png",300,300,true],"woocommerce_single":["https:\/\/www.ferberpainting.com\/wp-content\/uploads\/2025\/05\/PalmandYuccaFertilizer-600x600.png",600,600,true],"woocommerce_gallery_thumbnail":["https:\/\/www.ferberpainting.com\/wp-content\/uploads\/2025\/05\/PalmandYuccaFertilizer-100x100.png",100,100,true]},"uagb_author_info":{"display_name":"admin","author_link":"https:\/\/www.ferberpainting.com\/dk\/author\/"},"uagb_comment_info":31,"uagb_excerpt":"A complete fertilizer for optimal growth and lush foliage.\u00a0Palms and yuccas are majestic plants that add an exotic touch to your garden, terrace or indoors. To ensure rapid growth, good health and vibrant foliage, it is essential to provide them with adequate nutrients. This NPK 10-10-10 fertilizer offers a complete and balanced nutrition with nitrogen&hellip;","_links":{"self":[{"href":"https:\/\/www.ferberpainting.com\/dk\/wp-json\/wp\/v2\/product\/24756","targetHints":{"allow":["GET"]}}],"collection":[{"href":"https:\/\/www.ferberpainting.com\/dk\/wp-json\/wp\/v2\/product"}],"about":[{"href":"https:\/\/www.ferberpainting.com\/dk\/wp-json\/wp\/v2\/types\/product"}],"replies":[{"embeddable":true,"href":"https:\/\/www.ferberpainting.com\/dk\/wp-json\/wp\/v2\/comments?post=24756"}],"version-history":[{"count":5,"href":"https:\/\/www.ferberpainting.com\/dk\/wp-json\/wp\/v2\/product\/24756\/revisions"}],"predecessor-version":[{"id":166686,"href":"https:\/\/www.ferberpainting.com\/dk\/wp-json\/wp\/v2\/product\/24756\/revisions\/166686"}],"wp:featuredmedia":[{"embeddable":true,"href":"https:\/\/www.ferberpainting.com\/dk\/wp-json\/wp\/v2\/media\/26614"}],"wp:attachment":[{"href":"https:\/\/www.ferberpainting.com\/dk\/wp-json\/wp\/v2\/media?parent=24756"}],"wp:term":[{"taxonomy":"product_brand","embeddable":true,"href":"https:\/\/www.ferberpainting.com\/dk\/wp-json\/wp\/v2\/product_brand?post=24756"},{"taxonomy":"product_cat","embeddable":true,"href":"https:\/\/www.ferberpainting.com\/dk\/wp-json\/wp\/v2\/product_cat?post=24756"},{"taxonomy":"product_tag","embeddable":true,"href":"https:\/\/www.ferberpainting.com\/dk\/wp-json\/wp\/v2\/product_tag?post=24756"}],"curies":[{"name":"wp","href":"https:\/\/api.w.org\/{rel}","templated":true}]}}