{"id":24732,"date":"2025-05-26T10:26:50","date_gmt":"2025-05-26T08:26:50","guid":{"rendered":"https:\/\/www.ferberpainting.com\/products\/orchid-fertilizer\/"},"modified":"2026-02-15T22:45:15","modified_gmt":"2026-02-15T21:45:15","slug":"orchid-fertilizer","status":"publish","type":"product","link":"https:\/\/www.ferberpainting.com\/dk\/products\/orchid-fertilizer\/","title":{"rendered":"G\u00f8dning til orkideer"},"content":{"rendered":"<p><strong><img decoding=\"async\" style=\"margin-right: 12px;\" src=\"https:\/\/www.ferberpainting.com\/wp-content\/uploads\/2026\/02\/Check.svg\" alt=\"\" width=\"18\" height=\"15\" \/>En komplet g\u00f8dning til orkideer med perfekt helbred.<\/strong>\u00a0Denne orkideg\u00f8dning er specielt formuleret til at give alle de vigtige n\u00e6ringsstoffer til v\u00e6kst, blomstring og orkideernes vitalitet. Takket v\u00e6re den perfekte balance mellem kv\u00e6lstof (N), fosfor (P) og kalium (K) med NPK 15-15-15-formlen fremmer den udviklingen af r\u00f8dder, blade og blomster, hvilket sikrer en rigelig og langvarig blomstring.<\/p>\n<p><strong><img decoding=\"async\" style=\"margin-right: 12px;\" src=\"https:\/\/www.ferberpainting.com\/wp-content\/uploads\/2026\/02\/Check.svg\" alt=\"\" width=\"18\" height=\"15\" \/>Penge-tilbage-garanti.<\/strong>\u00a0Vi er overbeviste om, at vores orkideg\u00f8dning er effektiv. Derfor tilbyder vi en pengene-tilbage-garanti. Hvis du efter at have brugt den i henhold til anbefalingerne ikke er fuldt ud tilfreds med resultaterne, har du mulighed for at anmode om en tilbagebetaling uden betingelser, hvilket sikrer et sikkert og risikofrit k\u00f8b.<\/p>\n<p><strong><img decoding=\"async\" style=\"margin-right: 12px;\" src=\"https:\/\/www.ferberpainting.com\/wp-content\/uploads\/2026\/02\/Check.svg\" alt=\"\" width=\"18\" height=\"15\" \/>Velegnet til alle orkid\u00e9sorter.<\/strong>\u00a0Denne g\u00f8dning er velegnet til phalaenopsis, cattleya, dendrobium, vanda, oncidium og andre tropiske sorter. Den kan ogs\u00e5 bruges til orkideer indend\u00f8rs eller i et drivhus og sikrer optimal v\u00e6kst uanset dyrkningsmetoden.<\/p>\n<p><strong><img decoding=\"async\" style=\"margin-right: 12px;\" src=\"https:\/\/www.ferberpainting.com\/wp-content\/uploads\/2026\/02\/Check.svg\" alt=\"\" width=\"18\" height=\"15\" \/>Optimeret \u00f8konomisk udbytte takket v\u00e6re koncentrationen.<\/strong>\u00a0Den koncentrerede formel g\u00f8r det muligt at fremstille op til 1000 liter g\u00f8dningsopl\u00f8sning med en 5-liters beholder, hvilket sikrer langvarig og \u00f8konomisk brug. Hver p\u00e5f\u00f8ring kr\u00e6ver kun en lille m\u00e6ngde fortyndet g\u00f8dning, hvilket g\u00f8r det til en omkostningseffektiv l\u00f8sning for b\u00e5de hobbyfolk og orkid\u00e9samlere.<\/p>\n<p><strong><img decoding=\"async\" style=\"margin-right: 12px;\" src=\"https:\/\/www.ferberpainting.com\/wp-content\/uploads\/2026\/02\/Check.svg\" alt=\"\" width=\"18\" height=\"15\" \/>En sikker g\u00f8dning uden risiko for planter og milj\u00f8. <\/strong>Denne g\u00f8dning er formuleret uden aggressive kemiske produkter, hvilket sikrer en sk\u00e5nsom g\u00f8dning, der respekterer plantens naturlige balance. Den er uskadelig for orkid\u00e9er og br\u00e6nder ikke r\u00f8dderne, n\u00e5r den bruges i henhold til de anbefalede doser. Den kan bruges uden at bekymre sig om regelm\u00e6ssig g\u00f8dning, uden risiko for giftighed for hjemmemilj\u00f8et.<\/p>\n<p><strong><img decoding=\"async\" style=\"margin-right: 12px;\" src=\"https:\/\/www.ferberpainting.com\/wp-content\/uploads\/2026\/02\/Check.svg\" alt=\"\" width=\"18\" height=\"15\" \/>En enkel og hurtig p\u00e5f\u00f8ring giver synlige resultater.<\/strong>\u00a0Denne g\u00f8dning er nem at bruge og skal blot fortyndes i vand f\u00f8r p\u00e5f\u00f8ring, hvilket sikrer hurtig optagelse i r\u00f8dder og blade. Den er velegnet til g\u00f8dskning ved vanding eller bladspr\u00f8jtning, hvilket giver maksimal fleksibilitet til at tilpasse sig de specifikke behov hos hver orkid\u00e9sort.<\/p>\n<p><strong><img decoding=\"async\" style=\"margin-right: 12px;\" src=\"https:\/\/www.ferberpainting.com\/wp-content\/uploads\/2026\/02\/Check.svg\" alt=\"\" width=\"18\" height=\"15\" \/>\u00d8get holdbarhed og forl\u00e6nget blomstring.<\/strong>\u00a0Takket v\u00e6re de perfekt afbalancerede n\u00e6ringsstoffer fremmer denne g\u00f8dning ikke kun kraftig v\u00e6kst, men ogs\u00e5 langvarig og gentagen blomstring. Den styrker orkid\u00e9ernes modstandsdygtighed over for sygdomme og milj\u00f8stress og forl\u00e6nger dermed deres levetid og maksimerer deres blomstrende potentiale \u00e5r efter \u00e5r.<\/p>\n<p><strong><img decoding=\"async\" style=\"margin-right: 12px;\" src=\"https:\/\/www.ferberpainting.com\/wp-content\/uploads\/2026\/02\/Check.svg\" alt=\"\" width=\"18\" height=\"15\" \/>Hurtig effekt for mere str\u00e5lende orkideer.<\/strong>\u00a0Fra den allerf\u00f8rste anvendelse stimulerer denne g\u00f8dning rodv\u00e6ksten og forbedrer bladfarven, hvilket giver orkid\u00e9erne et sundere og mere livskraftigt udseende. Efter et par ugers regelm\u00e6ssig brug forst\u00e6rkes de f\u00f8rste blomster, og deres varighed forl\u00e6nges, s\u00e5 planterne bliver betagende smukke hele \u00e5ret.<\/p>\n<h2><strong>Protokol for brug<\/strong><\/h2>\n<ul>\n<li><strong>Fortynding af g\u00f8dning <\/strong>: Bland 5 ml g\u00f8dning pr. 1 liter vand. Denne g\u00f8dningsopl\u00f8sning skal homogeniseres godt f\u00f8r hver p\u00e5f\u00f8ring.<\/li>\n<li><strong>Anvendelsesmetode <\/strong>: Brug den fortyndede g\u00f8dning enten til direkte vanding ved bunden af orkideen eller til bladspr\u00f8jtning, og s\u00f8rg for at undg\u00e5 vandansamling i plantens centrum for at forhindre risiko for r\u00e5d.<\/li>\n<li><strong>Brugsfrekvens <\/strong>: P\u00e5f\u00f8r g\u00f8dningen en gang hver anden uge i den aktive v\u00e6kstperiode (for\u00e5r-sommer) og en gang om m\u00e5neden i hvileperioden (efter\u00e5r-vinter) for at opretholde en afbalanceret fodring.<\/li>\n<li><strong>Ekstra vanding <\/strong>: Efter p\u00e5f\u00f8ring af g\u00f8dning skal du vente mindst 24 timer, f\u00f8r du vander igen, s\u00e5 planten kan optage n\u00e6ringsstofferne ordentligt.<\/li>\n<li><strong>Forholdsregler ved brug <\/strong>: Overskrid ikke de anbefalede doser, da overg\u00f8dskning kan for\u00e5rsage en ophobning af mineralsalte i substratet, som kan skade rodsundheden.<\/li>\n<li><strong>Opbevaring og konservering <\/strong>: Opbevar g\u00f8dningen p\u00e5 et k\u00f8ligt, t\u00f8rt sted, v\u00e6k fra lys og uden for b\u00f8rns r\u00e6kkevidde. Luk altid flasken t\u00e6t efter brug for at forhindre fordampning og sikre produktets langsigtede effektivitet.<\/li>\n<\/ul>\n<p>Med denne orkideg\u00f8dning kan du give dine planter en komplet og afbalanceret ern\u00e6ring, der fremmer en spektakul\u00e6r blomstring og sund v\u00e6kst hele \u00e5ret rundt.<\/p>","protected":false},"excerpt":{"rendered":"<p>A complete fertilizer for orchids in perfect health.\u00a0This orchid fertilizer is specially formulated to provide all the essential nutrients for growth, flowering, and orchid vitality. Thanks to its perfect balance of nitrogen (N), phosphorus (P), and potassium (K) with the NPK 15-15-15 formula, it promotes the development of roots, leaves, and flowers, ensuring abundant and [&hellip;]<\/p>\n","protected":false},"featured_media":26604,"comment_status":"open","ping_status":"closed","template":"","meta":{"_uag_custom_page_level_css":"","site-sidebar-layout":"default","site-content-layout":"","ast-site-content-layout":"default","site-content-style":"default","site-sidebar-style":"default","ast-global-header-display":"","ast-banner-title-visibility":"","ast-main-header-display":"","ast-hfb-above-header-display":"","ast-hfb-below-header-display":"","ast-hfb-mobile-header-display":"","site-post-title":"","ast-breadcrumbs-content":"","ast-featured-img":"","footer-sml-layout":"","ast-disable-related-posts":"","theme-transparent-header-meta":"default","adv-header-id-meta":"","stick-header-meta":"","header-above-stick-meta":"","header-main-stick-meta":"","header-below-stick-meta":"","astra-migrate-meta-layouts":"set","ast-page-background-enabled":"default","ast-page-background-meta":{"desktop":{"background-color":"var(--ast-global-color-4)","background-image":"","background-repeat":"repeat","background-position":"center center","background-size":"auto","background-attachment":"scroll","background-type":"","background-media":"","overlay-type":"","overlay-color":"","overlay-opacity":"","overlay-gradient":""},"tablet":{"background-color":"","background-image":"","background-repeat":"repeat","background-position":"center center","background-size":"auto","background-attachment":"scroll","background-type":"","background-media":"","overlay-type":"","overlay-color":"","overlay-opacity":"","overlay-gradient":""},"mobile":{"background-color":"","background-image":"","background-repeat":"repeat","background-position":"center center","background-size":"auto","background-attachment":"scroll","background-type":"","background-media":"","overlay-type":"","overlay-color":"","overlay-opacity":"","overlay-gradient":""}},"ast-content-background-meta":{"desktop":{"background-color":"var(--ast-global-color-5)","background-image":"","background-repeat":"repeat","background-position":"center center","background-size":"auto","background-attachment":"scroll","background-type":"","background-media":"","overlay-type":"","overlay-color":"","overlay-opacity":"","overlay-gradient":""},"tablet":{"background-color":"var(--ast-global-color-5)","background-image":"","background-repeat":"repeat","background-position":"center center","background-size":"auto","background-attachment":"scroll","background-type":"","background-media":"","overlay-type":"","overlay-color":"","overlay-opacity":"","overlay-gradient":""},"mobile":{"background-color":"var(--ast-global-color-5)","background-image":"","background-repeat":"repeat","background-position":"center center","background-size":"auto","background-attachment":"scroll","background-type":"","background-media":"","overlay-type":"","overlay-color":"","overlay-opacity":"","overlay-gradient":""}}},"product_brand":[],"product_cat":[178],"product_tag":[],"class_list":{"0":"post-24732","1":"product","2":"type-product","3":"status-publish","4":"has-post-thumbnail","6":"product_cat-fertilizers","7":"desktop-align-left","8":"tablet-align-left","9":"mobile-align-left","11":"first","12":"instock","13":"sale","14":"taxable","15":"shipping-taxable","16":"purchasable","17":"product-type-variable","18":"has-default-attributes"},"spectra_custom_meta":{"_visibility":["visible"],"_shopify_product_id":["9062365069557"],"_s2w_shopify_domain":["ferberpainting.myshopify.com"],"_shopify_variant_id":["46488640422133"],"_sku":[""],"_manage_stock":["no"],"total_sales":["4"],"_tax_status":["taxable"],"_tax_class":[""],"_backorders":["no"],"_sold_individually":["no"],"_virtual":["no"],"_downloadable":["no"],"_download_limit":["-1"],"_download_expiry":["-1"],"_stock":[null],"_stock_status":["instock"],"_wc_average_rating":["4.69"],"_wc_review_count":["16"],"_product_attributes":["a:1:{s:6:\"volume\";a:6:{s:4:\"name\";s:6:\"Volume\";s:5:\"value\";s:20:\"5 liters | 25 liters\";s:8:\"position\";i:1;s:10:\"is_visible\";i:0;s:12:\"is_variation\";i:1;s:11:\"is_taxonomy\";i:0;}}"],"_product_version":["10.5.1"],"_thumbnail_id":["26604"],"_product_image_gallery":["26606"],"wpse_downloadable_file_names":[""],"wpse_downloadable_file_urls":[""],"_edit_last":["1"],"_default_attributes":["a:1:{s:6:\"volume\";s:8:\"5 liters\";}"],"_wc_rating_count":["a:2:{i:4;i:5;i:5;i:11;}"],"_edit_lock":["1771192010:1"],"_price":["29.90","129.90"],"merchant-center-availability":["yes"],"merchant-center-category":["113"],"_wp_page_template":["default"],"site-sidebar-layout":["default"],"ast-site-content-layout":["default"],"site-content-style":["default"],"site-sidebar-style":["default"],"theme-transparent-header-meta":["default"],"astra-migrate-meta-layouts":["set"],"_uag_css_file_name":["uag-css-24732.css"],"_elementor_page_assets":["a:0:{}"],"_uag_page_assets":["a:9:{s:3:\"css\";s:6873:\".wp-block-uagb-image{display:flex}.wp-block-uagb-image__figure{position:relative;display:flex;flex-direction:column;max-width:100%;height:auto;margin:0}.wp-block-uagb-image__figure img{height:auto;display:flex;max-width:100%;transition:box-shadow .2s ease}.wp-block-uagb-image__figure>a{display:inline-block}.wp-block-uagb-image__figure figcaption{text-align:center;margin-top:.5em;margin-bottom:1em}.wp-block-uagb-image .components-placeholder.block-editor-media-placeholder .components-placeholder__instructions{align-self:center}.wp-block-uagb-image--align-left{text-align:left}.wp-block-uagb-image--align-right{text-align:right}.wp-block-uagb-image--align-center{text-align:center}.wp-block-uagb-image--align-full .wp-block-uagb-image__figure{margin-left:calc(50% - 50vw);margin-right:calc(50% - 50vw);max-width:100vw;width:100vw;height:auto}.wp-block-uagb-image--align-full .wp-block-uagb-image__figure img{height:auto;width:100% !important}.wp-block-uagb-image--align-wide .wp-block-uagb-image__figure img{height:auto;width:100%}.wp-block-uagb-image--layout-overlay__color-wrapper{position:absolute;left:0;top:0;right:0;bottom:0;opacity:.2;background:rgba(0,0,0,.5);transition:opacity .35s ease-in-out}.wp-block-uagb-image--layout-overlay-link{position:absolute;left:0;right:0;bottom:0;top:0}.wp-block-uagb-image--layout-overlay .wp-block-uagb-image__figure:hover .wp-block-uagb-image--layout-overlay__color-wrapper{opacity:1}.wp-block-uagb-image--layout-overlay__inner{position:absolute;left:15px;right:15px;bottom:15px;top:15px;display:flex;align-items:center;justify-content:center;flex-direction:column;border-color:#fff;transition:.35s ease-in-out}.wp-block-uagb-image--layout-overlay__inner.top-left,.wp-block-uagb-image--layout-overlay__inner.top-center,.wp-block-uagb-image--layout-overlay__inner.top-right{justify-content:flex-start}.wp-block-uagb-image--layout-overlay__inner.bottom-left,.wp-block-uagb-image--layout-overlay__inner.bottom-center,.wp-block-uagb-image--layout-overlay__inner.bottom-right{justify-content:flex-end}.wp-block-uagb-image--layout-overlay__inner.top-left,.wp-block-uagb-image--layout-overlay__inner.center-left,.wp-block-uagb-image--layout-overlay__inner.bottom-left{align-items:flex-start}.wp-block-uagb-image--layout-overlay__inner.top-right,.wp-block-uagb-image--layout-overlay__inner.center-right,.wp-block-uagb-image--layout-overlay__inner.bottom-right{align-items:flex-end}.wp-block-uagb-image--layout-overlay__inner .uagb-image-heading{color:#fff;transition:transform .35s,opacity .35s ease-in-out;transform:translate3d(0, 24px, 0);margin:0;line-height:1em}.wp-block-uagb-image--layout-overlay__inner .uagb-image-separator{width:30%;border-top-width:2px;border-top-color:#fff;border-top-style:solid;margin-bottom:10px;opacity:0;transition:transform .4s,opacity .4s ease-in-out;transform:translate3d(0, 30px, 0)}.wp-block-uagb-image--layout-overlay__inner .uagb-image-caption{opacity:0;overflow:visible;color:#fff;transition:transform .45s,opacity .45s ease-in-out;transform:translate3d(0, 35px, 0)}.wp-block-uagb-image--layout-overlay__inner:hover .uagb-image-heading,.wp-block-uagb-image--layout-overlay__inner:hover .uagb-image-separator,.wp-block-uagb-image--layout-overlay__inner:hover .uagb-image-caption{opacity:1;transform:translate3d(0, 0, 0)}.wp-block-uagb-image--effect-zoomin .wp-block-uagb-image__figure img,.wp-block-uagb-image--effect-zoomin .wp-block-uagb-image__figure .wp-block-uagb-image--layout-overlay__color-wrapper{transform:scale(1);transition:transform .35s ease-in-out}.wp-block-uagb-image--effect-zoomin .wp-block-uagb-image__figure:hover img,.wp-block-uagb-image--effect-zoomin .wp-block-uagb-image__figure:hover .wp-block-uagb-image--layout-overlay__color-wrapper{transform:scale(1.05)}.wp-block-uagb-image--effect-slide .wp-block-uagb-image__figure img,.wp-block-uagb-image--effect-slide .wp-block-uagb-image__figure .wp-block-uagb-image--layout-overlay__color-wrapper{width:calc(100% + 40px) !important;max-width:none !important;transform:translate3d(-40px, 0, 0);transition:transform .35s ease-in-out}.wp-block-uagb-image--effect-slide .wp-block-uagb-image__figure:hover img,.wp-block-uagb-image--effect-slide .wp-block-uagb-image__figure:hover .wp-block-uagb-image--layout-overlay__color-wrapper{transform:translate3d(0, 0, 0)}.wp-block-uagb-image--effect-grayscale img{filter:grayscale(0%);transition:.35s ease-in-out}.wp-block-uagb-image--effect-grayscale:hover img{filter:grayscale(100%)}.wp-block-uagb-image--effect-blur img{filter:blur(0);transition:.35s ease-in-out}.wp-block-uagb-image--effect-blur:hover img{filter:blur(3px)}.uagb-block-e6f939b3.wp-block-uagb-image--layout-default figure img{box-shadow: 0px 0px 0 #00000070;}.uagb-block-e6f939b3.wp-block-uagb-image .wp-block-uagb-image__figure figcaption{font-style: normal;align-self: center;}.uagb-block-e6f939b3.wp-block-uagb-image--layout-overlay figure img{box-shadow: 0px 0px 0 #00000070;}.uagb-block-e6f939b3.wp-block-uagb-image--layout-overlay .wp-block-uagb-image--layout-overlay__color-wrapper{opacity: 0.2;}.uagb-block-e6f939b3.wp-block-uagb-image--layout-overlay .wp-block-uagb-image--layout-overlay__inner{left: 15px;right: 15px;top: 15px;bottom: 15px;}.uagb-block-e6f939b3.wp-block-uagb-image--layout-overlay .wp-block-uagb-image--layout-overlay__inner .uagb-image-heading{font-style: normal;color: #fff;opacity: 1;}.uagb-block-e6f939b3.wp-block-uagb-image--layout-overlay .wp-block-uagb-image--layout-overlay__inner .uagb-image-heading a{color: #fff;}.uagb-block-e6f939b3.wp-block-uagb-image--layout-overlay .wp-block-uagb-image--layout-overlay__inner .uagb-image-caption{opacity: 0;}.uagb-block-e6f939b3.wp-block-uagb-image--layout-overlay .wp-block-uagb-image__figure:hover .wp-block-uagb-image--layout-overlay__color-wrapper{opacity: 1;}.uagb-block-e6f939b3.wp-block-uagb-image .wp-block-uagb-image--layout-overlay__inner .uagb-image-separator{width: 30%;border-top-width: 2px;border-top-color: #fff;opacity: 0;}.uagb-block-e6f939b3.wp-block-uagb-image .wp-block-uagb-image__figure img{width: px;height: auto;}.uagb-block-e6f939b3.wp-block-uagb-image .wp-block-uagb-image__figure:hover .wp-block-uagb-image--layout-overlay__inner .uagb-image-caption{opacity: 1;}.uagb-block-e6f939b3.wp-block-uagb-image .wp-block-uagb-image__figure:hover .wp-block-uagb-image--layout-overlay__inner .uagb-image-separator{opacity: 1;}.uagb-block-e6f939b3.wp-block-uagb-image--layout-default figure:hover img{box-shadow: 0px 0px 0 #00000070;}.uagb-block-e6f939b3.wp-block-uagb-image--layout-overlay figure:hover img{box-shadow: 0px 0px 0 #00000070;}@media only screen and (max-width: 976px) {.uagb-block-e6f939b3.wp-block-uagb-image .wp-block-uagb-image__figure img{width: px;height: auto;}}@media only screen and (max-width: 767px) {.uagb-block-e6f939b3.wp-block-uagb-image .wp-block-uagb-image__figure img{width: px;height: auto;}}\";s:2:\"js\";s:0:\"\";s:18:\"current_block_list\";a:13:{i:0;s:11:\"core\/search\";i:1;s:10:\"core\/group\";i:2;s:12:\"core\/heading\";i:3;s:17:\"core\/latest-posts\";i:4;s:20:\"core\/latest-comments\";i:5;s:13:\"core\/archives\";i:6;s:15:\"core\/categories\";i:7;s:14:\"core\/paragraph\";i:8;s:10:\"uagb\/image\";i:9;s:11:\"core\/spacer\";i:10;s:30:\"woocommerce\/product-categories\";i:11;s:10:\"core\/image\";i:12;s:14:\"core\/shortcode\";}s:8:\"uag_flag\";b:1;s:11:\"uag_version\";s:10:\"1777210743\";s:6:\"gfonts\";a:0:{}s:10:\"gfonts_url\";s:0:\"\";s:12:\"gfonts_files\";a:0:{}s:14:\"uag_faq_layout\";b:0;}"]},"uagb_featured_image_src":{"full":["https:\/\/www.ferberpainting.com\/wp-content\/uploads\/2025\/05\/OrchidFertilizer5L.png",2560,2560,false],"thumbnail":["https:\/\/www.ferberpainting.com\/wp-content\/uploads\/2025\/05\/OrchidFertilizer5L-150x150.png",150,150,true],"medium":["https:\/\/www.ferberpainting.com\/wp-content\/uploads\/2025\/05\/OrchidFertilizer5L-300x300.png",300,300,true],"medium_large":["https:\/\/www.ferberpainting.com\/wp-content\/uploads\/2025\/05\/OrchidFertilizer5L-768x768.png",768,768,true],"large":["https:\/\/www.ferberpainting.com\/wp-content\/uploads\/2025\/05\/OrchidFertilizer5L-1024x1024.png",1024,1024,true],"1536x1536":["https:\/\/www.ferberpainting.com\/wp-content\/uploads\/2025\/05\/OrchidFertilizer5L-1536x1536.png",1536,1536,true],"2048x2048":["https:\/\/www.ferberpainting.com\/wp-content\/uploads\/2025\/05\/OrchidFertilizer5L-2048x2048.png",2048,2048,true],"trp-custom-language-flag":["https:\/\/www.ferberpainting.com\/wp-content\/uploads\/2025\/05\/OrchidFertilizer5L-12x12.png",12,12,true],"woocommerce_thumbnail":["https:\/\/www.ferberpainting.com\/wp-content\/uploads\/2025\/05\/OrchidFertilizer5L-300x300.png",300,300,true],"woocommerce_single":["https:\/\/www.ferberpainting.com\/wp-content\/uploads\/2025\/05\/OrchidFertilizer5L-600x600.png",600,600,true],"woocommerce_gallery_thumbnail":["https:\/\/www.ferberpainting.com\/wp-content\/uploads\/2025\/05\/OrchidFertilizer5L-100x100.png",100,100,true]},"uagb_author_info":{"display_name":"admin","author_link":"https:\/\/www.ferberpainting.com\/dk\/author\/"},"uagb_comment_info":16,"uagb_excerpt":"A complete fertilizer for orchids in perfect health.\u00a0This orchid fertilizer is specially formulated to provide all the essential nutrients for growth, flowering, and orchid vitality. Thanks to its perfect balance of nitrogen (N), phosphorus (P), and potassium (K) with the NPK 15-15-15 formula, it promotes the development of roots, leaves, and flowers, ensuring abundant and&hellip;","_links":{"self":[{"href":"https:\/\/www.ferberpainting.com\/dk\/wp-json\/wp\/v2\/product\/24732","targetHints":{"allow":["GET"]}}],"collection":[{"href":"https:\/\/www.ferberpainting.com\/dk\/wp-json\/wp\/v2\/product"}],"about":[{"href":"https:\/\/www.ferberpainting.com\/dk\/wp-json\/wp\/v2\/types\/product"}],"replies":[{"embeddable":true,"href":"https:\/\/www.ferberpainting.com\/dk\/wp-json\/wp\/v2\/comments?post=24732"}],"version-history":[{"count":4,"href":"https:\/\/www.ferberpainting.com\/dk\/wp-json\/wp\/v2\/product\/24732\/revisions"}],"predecessor-version":[{"id":166639,"href":"https:\/\/www.ferberpainting.com\/dk\/wp-json\/wp\/v2\/product\/24732\/revisions\/166639"}],"wp:featuredmedia":[{"embeddable":true,"href":"https:\/\/www.ferberpainting.com\/dk\/wp-json\/wp\/v2\/media\/26604"}],"wp:attachment":[{"href":"https:\/\/www.ferberpainting.com\/dk\/wp-json\/wp\/v2\/media?parent=24732"}],"wp:term":[{"taxonomy":"product_brand","embeddable":true,"href":"https:\/\/www.ferberpainting.com\/dk\/wp-json\/wp\/v2\/product_brand?post=24732"},{"taxonomy":"product_cat","embeddable":true,"href":"https:\/\/www.ferberpainting.com\/dk\/wp-json\/wp\/v2\/product_cat?post=24732"},{"taxonomy":"product_tag","embeddable":true,"href":"https:\/\/www.ferberpainting.com\/dk\/wp-json\/wp\/v2\/product_tag?post=24732"}],"curies":[{"name":"wp","href":"https:\/\/api.w.org\/{rel}","templated":true}]}}