{"id":24708,"date":"2025-05-26T10:26:43","date_gmt":"2025-05-26T08:26:43","guid":{"rendered":"https:\/\/www.ferberpainting.com\/products\/mimosa-fertilizer\/"},"modified":"2026-02-15T22:01:50","modified_gmt":"2026-02-15T21:01:50","slug":"mimosa-fertilizer","status":"publish","type":"product","link":"https:\/\/www.ferberpainting.com\/dk\/products\/mimosa-fertilizer\/","title":{"rendered":"Mimosa-g\u00f8dning"},"content":{"rendered":"<p><strong><img decoding=\"async\" style=\"margin-right: 12px;\" src=\"https:\/\/www.ferberpainting.com\/wp-content\/uploads\/2026\/02\/Check.svg\" alt=\"\" width=\"18\" height=\"15\" \/>En g\u00f8dning designet til bl\u00e6ndende blomstring og kraftig v\u00e6kst.<\/strong>\u00a0Mimosen er et prydtr\u00e6, der er v\u00e6rdsat for sine flotte klynger af duftende gule blomster og sit fine l\u00f8v. For at afsl\u00f8re sit fulde dekorative potentiale har det brug for en afbalanceret og rig n\u00e6ringstilf\u00f8rsel, der fremmer dets udvikling. Denne NPK 15-15-15 g\u00f8dning sikrer en komplet g\u00f8dning ved at tilf\u00f8re kv\u00e6lstof (N), som er n\u00f8dvendigt for en hurtig v\u00e6kst af l\u00f8vet, fosfor (P), som stimulerer en dyb og robust rodf\u00e6stelse, og kalium (K), som forbedrer modstandsdygtigheden over for sygdomme og ekstreme vejrforhold. Takket v\u00e6re denne g\u00f8dning vil din mimosa f\u00e5 en rigelig blomstring, et frodigt l\u00f8v og en bedre tilpasningsevne til t\u00f8rke- og frostperioder.<\/p>\n<p><strong><img decoding=\"async\" style=\"margin-right: 12px;\" src=\"https:\/\/www.ferberpainting.com\/wp-content\/uploads\/2026\/02\/Check.svg\" alt=\"\" width=\"18\" height=\"15\" \/>Penge-tilbage-garanti.<\/strong>\u00a0Vi har fuld tillid til effektiviteten af vores mimosag\u00f8dning, og det er derfor, vi tilbyder en pengene-tilbage-garanti. Hvis dit tr\u00e6 efter korrekt brug i henhold til vores anbefalinger ikke viser nogen m\u00e6rkbar forbedring med hensyn til v\u00e6kst, blomstring eller modstandsdygtighed over for ydre p\u00e5virkninger, forpligter vi os til at refundere dig fuldt ud. Du kan k\u00f8be med fuldst\u00e6ndig ro i sindet og tillid.<\/p>\n<p><strong><img decoding=\"async\" style=\"margin-right: 12px;\" src=\"https:\/\/www.ferberpainting.com\/wp-content\/uploads\/2026\/02\/Check.svg\" alt=\"\" width=\"18\" height=\"15\" \/>Velegnet til alle sorter og forskellige dyrkningsmetoder.<\/strong>\u00a0Denne g\u00f8dning er velegnet til alle typer mimosaer, uanset om det er vintermimosa (Acacia dealbata), fire\u00e5rsmimosa (Acacia retinodes) eller endda Mimosa pudica. Den er effektiv til tr\u00e6er, der dyrkes p\u00e5 friland, i krukker eller baljer, og garanterer optimal g\u00f8dning uanset dyrkningsmetode. Den er ogs\u00e5 velegnet til alle typer jord, uanset om den er leret, sandet eller lerholdig, forbedrer jordstrukturen og fremmer en bedre fastholdelse af n\u00e6ringsstoffer.<\/p>\n<p><strong><img decoding=\"async\" style=\"margin-right: 12px;\" src=\"https:\/\/www.ferberpainting.com\/wp-content\/uploads\/2026\/02\/Check.svg\" alt=\"\" width=\"18\" height=\"15\" \/>Omkostningseffektivt udbytte og langtidsholdbar g\u00f8dning.<\/strong>\u00a0Takket v\u00e6re den flydende koncentrerede formel forbereder en 5-liters d\u00e5se op til 1000 liter g\u00f8dningsopl\u00f8sning og tilbyder dermed langvarig og \u00f8konomisk g\u00f8dning. Med en anbefalet dosering p\u00e5 5 ml pr. liter vand garanterer den et konstant og homogent n\u00e6ringsindtag, s\u00e5 man undg\u00e5r mangler og optimerer mimosas v\u00e6kst og blomstring uden overskud eller spild.<\/p>\n<p><strong><img decoding=\"async\" style=\"margin-right: 12px;\" src=\"https:\/\/www.ferberpainting.com\/wp-content\/uploads\/2026\/02\/Check.svg\" alt=\"\" width=\"18\" height=\"15\" \/>En sikker og milj\u00f8venlig g\u00f8dning.<\/strong>\u00a0Denne g\u00f8dning er formuleret til at respektere jordbalancen og den omgivende biodiversitet og indeholder ingen skadelige kemiske produkter, der kan \u00e6ndre jordens mikroflora eller skade best\u00f8vende insekter som bier og sommerfugle. Den er sikker for k\u00e6ledyr og b\u00f8rn, s\u00e5 du kan g\u00f8de med fuldst\u00e6ndig ro i sindet i din have eller dit uderum.<\/p>\n<p><strong><img decoding=\"async\" style=\"margin-right: 12px;\" src=\"https:\/\/www.ferberpainting.com\/wp-content\/uploads\/2026\/02\/Check.svg\" alt=\"\" width=\"18\" height=\"15\" \/>Let at anvende og ubesv\u00e6ret g\u00f8dskning.<\/strong>\u00a0I mods\u00e6tning til faste g\u00f8dninger, der kr\u00e6ver omhyggelig spredning, fortyndes denne g\u00f8dning \u00f8jeblikkeligt i vand og p\u00e5f\u00f8res ved vanding eller bladspr\u00f8jtning, hvilket sikrer hurtig og effektiv optagelse af n\u00e6ringsstoffer. Den enkle og hurtige udbringning g\u00f8r den til en ideel l\u00f8sning for b\u00e5de amat\u00f8rgartnere og erfarne gartnere.<\/p>\n<p><strong><img decoding=\"async\" style=\"margin-right: 12px;\" src=\"https:\/\/www.ferberpainting.com\/wp-content\/uploads\/2026\/02\/Check.svg\" alt=\"\" width=\"18\" height=\"15\" \/>Langvarig virkning for kontinuerlig v\u00e6kst og varig blomstring.<\/strong>\u00a0Takket v\u00e6re den gradvise frigivelse af n\u00e6ringsstoffer giver denne g\u00f8dning n\u00e6ring til mimosaen i flere uger, hvilket sikrer forl\u00e6nget blomstring og vedvarende v\u00e6kst. Den styrker ogs\u00e5 plantens modstandsdygtighed over for skadedyr, svampesygdomme og milj\u00f8m\u00e6ssige belastninger som kulde eller sommert\u00f8rke.<\/p>\n<p><strong><img decoding=\"async\" style=\"margin-right: 12px;\" src=\"https:\/\/www.ferberpainting.com\/wp-content\/uploads\/2026\/02\/Check.svg\" alt=\"\" width=\"18\" height=\"15\" \/>Synlige resultater fra de f\u00f8rste uger.<\/strong>\u00a0Fra de f\u00f8rste anvendelser stimulerer denne g\u00f8dning fremkomsten af nye skud, \u00f8ger bladt\u00e6theden og intensiverer blomsterfarven og duften. I l\u00f8bet af f\u00e5 uger vil din mimose udvise kraftig v\u00e6kst, gener\u00f8s blomstring med lysere farver og udsende en dejlig duft, der tilf\u00f8jer et strejf af elegance til din have eller terrasse.<\/p>\n<h2><strong>Protokol for brug<\/strong><\/h2>\n<p><strong>Fortynding af g\u00f8dning <\/strong>: Bland 5 ml g\u00f8dning til 1 liter vand. Ryst opl\u00f8sningen godt f\u00f8r hver p\u00e5f\u00f8ring for at sikre en j\u00e6vn fordeling af n\u00e6ringsstofferne.<\/p>\n<p><strong>Anvendelsesmetode <\/strong>:<br \/>\n\u25e6 <strong>Ved at vande <\/strong>: H\u00e6ld den fortyndede opl\u00f8sning direkte p\u00e5 bunden af mimosaen, og s\u00f8rg for at fugte jorden godt uden overskud for at undg\u00e5 afstr\u00f8mning af n\u00e6ringsstoffer.<br \/>\n\u25e6 <strong>Ved bladspr\u00f8jtning (valgfrit) <\/strong>: Spr\u00f8jt opl\u00f8sningen let p\u00e5 bladene og de unge st\u00e6ngler tidligt om morgenen eller sent p\u00e5 dagen for at maksimere optagelsen uden risiko for overdreven fordampning.<\/p>\n<p><strong>Ans\u00f8gningsfrekvens <\/strong>:<br \/>\n\u25e6 <strong>I v\u00e6kst- og blomstringsperioden (for\u00e5r-sommer) <\/strong>: Anvend g\u00f8dningen hver anden uge for at stimulere hurtig v\u00e6kst og rigelig blomstring.<br \/>\n\u25e6 <strong>Under vegetativ hvile (efter\u00e5r-vinter) <\/strong>: Neds\u00e6t hyppigheden til en gang om m\u00e5neden for at bevare mimosas livskraft uden at opmuntre til overdreven v\u00e6kst.<\/p>\n<p><strong>Ekstra vanding <\/strong>: Efter p\u00e5f\u00f8ring af g\u00f8dning skal du vente 48 timer, f\u00f8r du vander igen, for at optimere r\u00f8ddernes optagelse af n\u00e6ringsstoffer.<\/p>\n<p><strong>Forholdsregler ved brug <\/strong>: Overskrid ikke de anbefalede doser for at undg\u00e5 for stor ophobning af mineralsalte i jorden, hvilket kan bremse mimosas v\u00e6kst. Anvend kun p\u00e5 let fugtig jord for at sikre optimal optagelse af n\u00e6ringsstoffer.<\/p>\n<p><strong>Opbevaring og konservering <\/strong>: Opbevar g\u00f8dningen p\u00e5 et t\u00f8rt, tempereret sted, v\u00e6k fra lys og fugt. Luk beholderen t\u00e6t efter hver brug for at bevare produktets effektivitet og undg\u00e5 fordampning.<\/p>\n<p>Med denne mimosag\u00f8dning kan du give dit tr\u00e6 en komplet ern\u00e6ring, der er perfekt skr\u00e6ddersyet til dets specifikke behov, hvilket sikrer kraftig v\u00e6kst, spektakul\u00e6r blomstring og bedre modstandsdygtighed over for udend\u00f8rs forhold. Det er den ideelle l\u00f8sning til at forbedre din have, terrasse eller altan med en frodig og sund mimose hele \u00e5ret rundt.<\/p>","protected":false},"excerpt":{"rendered":"<p>A fertilizer designed for dazzling flowering and vigorous growth.\u00a0The mimosa is an ornamental tree appreciated for its magnificent clusters of fragrant yellow flowers and its delicate foliage. To reveal its full decorative potential, it needs a balanced and rich nutrient supply that promotes its development. This NPK 15-15-15 fertilizer ensures complete fertilization by providing nitrogen [&hellip;]<\/p>\n","protected":false},"featured_media":26587,"comment_status":"open","ping_status":"closed","template":"","meta":{"_uag_custom_page_level_css":"","site-sidebar-layout":"default","site-content-layout":"","ast-site-content-layout":"default","site-content-style":"default","site-sidebar-style":"default","ast-global-header-display":"","ast-banner-title-visibility":"","ast-main-header-display":"","ast-hfb-above-header-display":"","ast-hfb-below-header-display":"","ast-hfb-mobile-header-display":"","site-post-title":"","ast-breadcrumbs-content":"","ast-featured-img":"","footer-sml-layout":"","ast-disable-related-posts":"","theme-transparent-header-meta":"default","adv-header-id-meta":"","stick-header-meta":"","header-above-stick-meta":"","header-main-stick-meta":"","header-below-stick-meta":"","astra-migrate-meta-layouts":"set","ast-page-background-enabled":"default","ast-page-background-meta":{"desktop":{"background-color":"var(--ast-global-color-4)","background-image":"","background-repeat":"repeat","background-position":"center center","background-size":"auto","background-attachment":"scroll","background-type":"","background-media":"","overlay-type":"","overlay-color":"","overlay-opacity":"","overlay-gradient":""},"tablet":{"background-color":"","background-image":"","background-repeat":"repeat","background-position":"center center","background-size":"auto","background-attachment":"scroll","background-type":"","background-media":"","overlay-type":"","overlay-color":"","overlay-opacity":"","overlay-gradient":""},"mobile":{"background-color":"","background-image":"","background-repeat":"repeat","background-position":"center center","background-size":"auto","background-attachment":"scroll","background-type":"","background-media":"","overlay-type":"","overlay-color":"","overlay-opacity":"","overlay-gradient":""}},"ast-content-background-meta":{"desktop":{"background-color":"var(--ast-global-color-5)","background-image":"","background-repeat":"repeat","background-position":"center center","background-size":"auto","background-attachment":"scroll","background-type":"","background-media":"","overlay-type":"","overlay-color":"","overlay-opacity":"","overlay-gradient":""},"tablet":{"background-color":"var(--ast-global-color-5)","background-image":"","background-repeat":"repeat","background-position":"center center","background-size":"auto","background-attachment":"scroll","background-type":"","background-media":"","overlay-type":"","overlay-color":"","overlay-opacity":"","overlay-gradient":""},"mobile":{"background-color":"var(--ast-global-color-5)","background-image":"","background-repeat":"repeat","background-position":"center center","background-size":"auto","background-attachment":"scroll","background-type":"","background-media":"","overlay-type":"","overlay-color":"","overlay-opacity":"","overlay-gradient":""}}},"product_brand":[],"product_cat":[178],"product_tag":[],"class_list":{"0":"post-24708","1":"product","2":"type-product","3":"status-publish","4":"has-post-thumbnail","6":"product_cat-fertilizers","7":"desktop-align-left","8":"tablet-align-left","9":"mobile-align-left","11":"first","12":"instock","13":"sale","14":"taxable","15":"shipping-taxable","16":"purchasable","17":"product-type-variable","18":"has-default-attributes"},"spectra_custom_meta":{"_visibility":["visible"],"_shopify_product_id":["9067654873333"],"_s2w_shopify_domain":["ferberpainting.myshopify.com"],"_shopify_variant_id":["46508217499893"],"_sku":[""],"_manage_stock":["no"],"total_sales":["12"],"_tax_status":["taxable"],"_tax_class":[""],"_backorders":["no"],"_sold_individually":["no"],"_virtual":["no"],"_downloadable":["no"],"_download_limit":["-1"],"_download_expiry":["-1"],"_stock":[null],"_stock_status":["instock"],"_wc_average_rating":["4.75"],"_wc_review_count":["8"],"_product_attributes":["a:1:{s:6:\"volume\";a:6:{s:4:\"name\";s:6:\"Volume\";s:5:\"value\";s:20:\"5 liters | 25 liters\";s:8:\"position\";i:1;s:10:\"is_visible\";i:0;s:12:\"is_variation\";i:1;s:11:\"is_taxonomy\";i:0;}}"],"_product_version":["10.5.1"],"_thumbnail_id":["26587"],"_product_image_gallery":["26588"],"wpse_downloadable_file_names":[""],"wpse_downloadable_file_urls":[""],"_edit_last":["1"],"_default_attributes":["a:1:{s:6:\"volume\";s:8:\"5 liters\";}"],"_edit_lock":["1771189169:1"],"_price":["29.90","129.90"],"merchant-center-availability":["yes"],"merchant-center-category":["113"],"_wp_page_template":["default"],"site-sidebar-layout":["default"],"ast-site-content-layout":["default"],"site-content-style":["default"],"site-sidebar-style":["default"],"theme-transparent-header-meta":["default"],"_wc_rating_count":["a:2:{i:4;i:2;i:5;i:6;}"],"astra-migrate-meta-layouts":["set"],"_uag_css_file_name":["uag-css-24708.css"],"_uag_page_assets":["a:9:{s:3:\"css\";s:7133:\".uag-blocks-common-selector{z-index:var(--z-index-desktop) !important}@media(max-width: 976px){.uag-blocks-common-selector{z-index:var(--z-index-tablet) !important}}@media(max-width: 767px){.uag-blocks-common-selector{z-index:var(--z-index-mobile) !important}}.wp-block-uagb-image{display:flex}.wp-block-uagb-image__figure{position:relative;display:flex;flex-direction:column;max-width:100%;height:auto;margin:0}.wp-block-uagb-image__figure img{height:auto;display:flex;max-width:100%;transition:box-shadow .2s ease}.wp-block-uagb-image__figure>a{display:inline-block}.wp-block-uagb-image__figure figcaption{text-align:center;margin-top:.5em;margin-bottom:1em}.wp-block-uagb-image .components-placeholder.block-editor-media-placeholder .components-placeholder__instructions{align-self:center}.wp-block-uagb-image--align-left{text-align:left}.wp-block-uagb-image--align-right{text-align:right}.wp-block-uagb-image--align-center{text-align:center}.wp-block-uagb-image--align-full .wp-block-uagb-image__figure{margin-left:calc(50% - 50vw);margin-right:calc(50% - 50vw);max-width:100vw;width:100vw;height:auto}.wp-block-uagb-image--align-full .wp-block-uagb-image__figure img{height:auto;width:100% !important}.wp-block-uagb-image--align-wide .wp-block-uagb-image__figure img{height:auto;width:100%}.wp-block-uagb-image--layout-overlay__color-wrapper{position:absolute;left:0;top:0;right:0;bottom:0;opacity:.2;background:rgba(0,0,0,.5);transition:opacity .35s ease-in-out}.wp-block-uagb-image--layout-overlay-link{position:absolute;left:0;right:0;bottom:0;top:0}.wp-block-uagb-image--layout-overlay .wp-block-uagb-image__figure:hover .wp-block-uagb-image--layout-overlay__color-wrapper{opacity:1}.wp-block-uagb-image--layout-overlay__inner{position:absolute;left:15px;right:15px;bottom:15px;top:15px;display:flex;align-items:center;justify-content:center;flex-direction:column;border-color:#fff;transition:.35s ease-in-out}.wp-block-uagb-image--layout-overlay__inner.top-left,.wp-block-uagb-image--layout-overlay__inner.top-center,.wp-block-uagb-image--layout-overlay__inner.top-right{justify-content:flex-start}.wp-block-uagb-image--layout-overlay__inner.bottom-left,.wp-block-uagb-image--layout-overlay__inner.bottom-center,.wp-block-uagb-image--layout-overlay__inner.bottom-right{justify-content:flex-end}.wp-block-uagb-image--layout-overlay__inner.top-left,.wp-block-uagb-image--layout-overlay__inner.center-left,.wp-block-uagb-image--layout-overlay__inner.bottom-left{align-items:flex-start}.wp-block-uagb-image--layout-overlay__inner.top-right,.wp-block-uagb-image--layout-overlay__inner.center-right,.wp-block-uagb-image--layout-overlay__inner.bottom-right{align-items:flex-end}.wp-block-uagb-image--layout-overlay__inner .uagb-image-heading{color:#fff;transition:transform .35s,opacity .35s ease-in-out;transform:translate3d(0, 24px, 0);margin:0;line-height:1em}.wp-block-uagb-image--layout-overlay__inner .uagb-image-separator{width:30%;border-top-width:2px;border-top-color:#fff;border-top-style:solid;margin-bottom:10px;opacity:0;transition:transform .4s,opacity .4s ease-in-out;transform:translate3d(0, 30px, 0)}.wp-block-uagb-image--layout-overlay__inner .uagb-image-caption{opacity:0;overflow:visible;color:#fff;transition:transform .45s,opacity .45s ease-in-out;transform:translate3d(0, 35px, 0)}.wp-block-uagb-image--layout-overlay__inner:hover .uagb-image-heading,.wp-block-uagb-image--layout-overlay__inner:hover .uagb-image-separator,.wp-block-uagb-image--layout-overlay__inner:hover .uagb-image-caption{opacity:1;transform:translate3d(0, 0, 0)}.wp-block-uagb-image--effect-zoomin .wp-block-uagb-image__figure img,.wp-block-uagb-image--effect-zoomin .wp-block-uagb-image__figure .wp-block-uagb-image--layout-overlay__color-wrapper{transform:scale(1);transition:transform .35s ease-in-out}.wp-block-uagb-image--effect-zoomin .wp-block-uagb-image__figure:hover img,.wp-block-uagb-image--effect-zoomin .wp-block-uagb-image__figure:hover .wp-block-uagb-image--layout-overlay__color-wrapper{transform:scale(1.05)}.wp-block-uagb-image--effect-slide .wp-block-uagb-image__figure img,.wp-block-uagb-image--effect-slide .wp-block-uagb-image__figure .wp-block-uagb-image--layout-overlay__color-wrapper{width:calc(100% + 40px) !important;max-width:none !important;transform:translate3d(-40px, 0, 0);transition:transform .35s ease-in-out}.wp-block-uagb-image--effect-slide .wp-block-uagb-image__figure:hover img,.wp-block-uagb-image--effect-slide .wp-block-uagb-image__figure:hover .wp-block-uagb-image--layout-overlay__color-wrapper{transform:translate3d(0, 0, 0)}.wp-block-uagb-image--effect-grayscale img{filter:grayscale(0%);transition:.35s ease-in-out}.wp-block-uagb-image--effect-grayscale:hover img{filter:grayscale(100%)}.wp-block-uagb-image--effect-blur img{filter:blur(0);transition:.35s ease-in-out}.wp-block-uagb-image--effect-blur:hover img{filter:blur(3px)}.uagb-block-e6f939b3.wp-block-uagb-image--layout-default figure img{box-shadow: 0px 0px 0 #00000070;}.uagb-block-e6f939b3.wp-block-uagb-image .wp-block-uagb-image__figure figcaption{font-style: normal;align-self: center;}.uagb-block-e6f939b3.wp-block-uagb-image--layout-overlay figure img{box-shadow: 0px 0px 0 #00000070;}.uagb-block-e6f939b3.wp-block-uagb-image--layout-overlay .wp-block-uagb-image--layout-overlay__color-wrapper{opacity: 0.2;}.uagb-block-e6f939b3.wp-block-uagb-image--layout-overlay .wp-block-uagb-image--layout-overlay__inner{left: 15px;right: 15px;top: 15px;bottom: 15px;}.uagb-block-e6f939b3.wp-block-uagb-image--layout-overlay .wp-block-uagb-image--layout-overlay__inner .uagb-image-heading{font-style: normal;color: #fff;opacity: 1;}.uagb-block-e6f939b3.wp-block-uagb-image--layout-overlay .wp-block-uagb-image--layout-overlay__inner .uagb-image-heading a{color: #fff;}.uagb-block-e6f939b3.wp-block-uagb-image--layout-overlay .wp-block-uagb-image--layout-overlay__inner .uagb-image-caption{opacity: 0;}.uagb-block-e6f939b3.wp-block-uagb-image--layout-overlay .wp-block-uagb-image__figure:hover .wp-block-uagb-image--layout-overlay__color-wrapper{opacity: 1;}.uagb-block-e6f939b3.wp-block-uagb-image .wp-block-uagb-image--layout-overlay__inner .uagb-image-separator{width: 30%;border-top-width: 2px;border-top-color: #fff;opacity: 0;}.uagb-block-e6f939b3.wp-block-uagb-image .wp-block-uagb-image__figure img{width: px;height: auto;}.uagb-block-e6f939b3.wp-block-uagb-image .wp-block-uagb-image__figure:hover .wp-block-uagb-image--layout-overlay__inner .uagb-image-caption{opacity: 1;}.uagb-block-e6f939b3.wp-block-uagb-image .wp-block-uagb-image__figure:hover .wp-block-uagb-image--layout-overlay__inner .uagb-image-separator{opacity: 1;}.uagb-block-e6f939b3.wp-block-uagb-image--layout-default figure:hover img{box-shadow: 0px 0px 0 #00000070;}.uagb-block-e6f939b3.wp-block-uagb-image--layout-overlay figure:hover img{box-shadow: 0px 0px 0 #00000070;}@media only screen and (max-width: 976px) {.uagb-block-e6f939b3.wp-block-uagb-image .wp-block-uagb-image__figure img{width: px;height: auto;}}@media only screen and (max-width: 767px) {.uagb-block-e6f939b3.wp-block-uagb-image .wp-block-uagb-image__figure img{width: px;height: auto;}}\";s:2:\"js\";s:0:\"\";s:18:\"current_block_list\";a:13:{i:0;s:11:\"core\/search\";i:1;s:10:\"core\/group\";i:2;s:12:\"core\/heading\";i:3;s:17:\"core\/latest-posts\";i:4;s:20:\"core\/latest-comments\";i:5;s:13:\"core\/archives\";i:6;s:15:\"core\/categories\";i:7;s:14:\"core\/paragraph\";i:8;s:10:\"uagb\/image\";i:9;s:11:\"core\/spacer\";i:10;s:30:\"woocommerce\/product-categories\";i:11;s:10:\"core\/image\";i:12;s:14:\"core\/shortcode\";}s:8:\"uag_flag\";b:1;s:11:\"uag_version\";s:10:\"1777238735\";s:6:\"gfonts\";a:0:{}s:10:\"gfonts_url\";s:0:\"\";s:12:\"gfonts_files\";a:0:{}s:14:\"uag_faq_layout\";b:0;}"]},"uagb_featured_image_src":{"full":["https:\/\/www.ferberpainting.com\/wp-content\/uploads\/2025\/05\/MimosaFertilizer5L.png",2560,2560,false],"thumbnail":["https:\/\/www.ferberpainting.com\/wp-content\/uploads\/2025\/05\/MimosaFertilizer5L-150x150.png",150,150,true],"medium":["https:\/\/www.ferberpainting.com\/wp-content\/uploads\/2025\/05\/MimosaFertilizer5L-300x300.png",300,300,true],"medium_large":["https:\/\/www.ferberpainting.com\/wp-content\/uploads\/2025\/05\/MimosaFertilizer5L-768x768.png",768,768,true],"large":["https:\/\/www.ferberpainting.com\/wp-content\/uploads\/2025\/05\/MimosaFertilizer5L-1024x1024.png",1024,1024,true],"1536x1536":["https:\/\/www.ferberpainting.com\/wp-content\/uploads\/2025\/05\/MimosaFertilizer5L-1536x1536.png",1536,1536,true],"2048x2048":["https:\/\/www.ferberpainting.com\/wp-content\/uploads\/2025\/05\/MimosaFertilizer5L-2048x2048.png",2048,2048,true],"trp-custom-language-flag":["https:\/\/www.ferberpainting.com\/wp-content\/uploads\/2025\/05\/MimosaFertilizer5L-12x12.png",12,12,true],"woocommerce_thumbnail":["https:\/\/www.ferberpainting.com\/wp-content\/uploads\/2025\/05\/MimosaFertilizer5L-300x300.png",300,300,true],"woocommerce_single":["https:\/\/www.ferberpainting.com\/wp-content\/uploads\/2025\/05\/MimosaFertilizer5L-600x600.png",600,600,true],"woocommerce_gallery_thumbnail":["https:\/\/www.ferberpainting.com\/wp-content\/uploads\/2025\/05\/MimosaFertilizer5L-100x100.png",100,100,true]},"uagb_author_info":{"display_name":"admin","author_link":"https:\/\/www.ferberpainting.com\/dk\/author\/"},"uagb_comment_info":8,"uagb_excerpt":"A fertilizer designed for dazzling flowering and vigorous growth.\u00a0The mimosa is an ornamental tree appreciated for its magnificent clusters of fragrant yellow flowers and its delicate foliage. To reveal its full decorative potential, it needs a balanced and rich nutrient supply that promotes its development. This NPK 15-15-15 fertilizer ensures complete fertilization by providing nitrogen&hellip;","_links":{"self":[{"href":"https:\/\/www.ferberpainting.com\/dk\/wp-json\/wp\/v2\/product\/24708","targetHints":{"allow":["GET"]}}],"collection":[{"href":"https:\/\/www.ferberpainting.com\/dk\/wp-json\/wp\/v2\/product"}],"about":[{"href":"https:\/\/www.ferberpainting.com\/dk\/wp-json\/wp\/v2\/types\/product"}],"replies":[{"embeddable":true,"href":"https:\/\/www.ferberpainting.com\/dk\/wp-json\/wp\/v2\/comments?post=24708"}],"version-history":[{"count":3,"href":"https:\/\/www.ferberpainting.com\/dk\/wp-json\/wp\/v2\/product\/24708\/revisions"}],"predecessor-version":[{"id":166598,"href":"https:\/\/www.ferberpainting.com\/dk\/wp-json\/wp\/v2\/product\/24708\/revisions\/166598"}],"wp:featuredmedia":[{"embeddable":true,"href":"https:\/\/www.ferberpainting.com\/dk\/wp-json\/wp\/v2\/media\/26587"}],"wp:attachment":[{"href":"https:\/\/www.ferberpainting.com\/dk\/wp-json\/wp\/v2\/media?parent=24708"}],"wp:term":[{"taxonomy":"product_brand","embeddable":true,"href":"https:\/\/www.ferberpainting.com\/dk\/wp-json\/wp\/v2\/product_brand?post=24708"},{"taxonomy":"product_cat","embeddable":true,"href":"https:\/\/www.ferberpainting.com\/dk\/wp-json\/wp\/v2\/product_cat?post=24708"},{"taxonomy":"product_tag","embeddable":true,"href":"https:\/\/www.ferberpainting.com\/dk\/wp-json\/wp\/v2\/product_tag?post=24708"}],"curies":[{"name":"wp","href":"https:\/\/api.w.org\/{rel}","templated":true}]}}