{"id":23778,"date":"2025-05-26T10:25:28","date_gmt":"2025-05-26T08:25:28","guid":{"rendered":"https:\/\/www.ferberpainting.com\/products\/lavender-and-rosemary-fertilizer\/"},"modified":"2026-02-15T20:23:15","modified_gmt":"2026-02-15T19:23:15","slug":"lavender-and-rosemary-fertilizer","status":"publish","type":"product","link":"https:\/\/www.ferberpainting.com\/dk\/products\/lavender-and-rosemary-fertilizer\/","title":{"rendered":"G\u00f8dning til lavendel og rosmarin"},"content":{"rendered":"<p><strong><img decoding=\"async\" style=\"margin-right: 12px;\" src=\"https:\/\/www.ferberpainting.com\/wp-content\/uploads\/2026\/02\/Check.svg\" alt=\"\" width=\"18\" height=\"15\" \/>En g\u00f8dning, der er designet til at fremme v\u00e6kst og blomstring af aromatiske planter.<\/strong>\u00a0Lavendel og rosmarin er middelhavsplanter, der er v\u00e6rdsat for deres duft, deres rigelige blomstring og deres vedvarende l\u00f8v. For at sikre optimal udvikling og intens produktion af \u00e6teriske olier har de brug for et afbalanceret n\u00e6ringsinput. Denne NPK 15-15-15 g\u00f8dning giver en komplet g\u00f8dning med kv\u00e6lstof (N), der er afg\u00f8rende for et t\u00e6t og modstandsdygtigt l\u00f8v, fosfor (P), der fremmer dyb rodf\u00e6stelse og blomsterdannelse, og kalium (K), der forbedrer sygdomsresistens og tolerance over for ekstreme t\u00f8rkeforhold. Takket v\u00e6re denne g\u00f8dning vil dine lavendel- og rosmarinplanter blive kraftigere, mere blomsterrige og mere velduftende.<\/p>\n<p><strong><img decoding=\"async\" style=\"margin-right: 12px;\" src=\"https:\/\/www.ferberpainting.com\/wp-content\/uploads\/2026\/02\/Check.svg\" alt=\"\" width=\"18\" height=\"15\" \/>Penge-tilbage-garanti.<\/strong>\u00a0Vi har fuld tillid til kvaliteten og effektiviteten af vores lavendel- og rosmarin-g\u00f8dning, og derfor tilbyder vi dig en pengene-tilbage-garanti. Hvis din plante efter korrekt brug som anbefalet ikke viser v\u00e6sentlige forbedringer i v\u00e6kst, blomstring eller sygdomsresistens, lover vi at refundere dig fuldt ud.<\/p>\n<p><strong><img decoding=\"async\" style=\"margin-right: 12px;\" src=\"https:\/\/www.ferberpainting.com\/wp-content\/uploads\/2026\/02\/Check.svg\" alt=\"\" width=\"18\" height=\"15\" \/>Velegnet til alle sorter og v\u00e6kstbetingelser.<\/strong>\u00a0Denne g\u00f8dning er velegnet til alle typer lavendel og rosmarin, uanset om de dyrkes p\u00e5 friland, i krukker eller i plantekasser, og sikrer dermed optimal g\u00f8dning i alle milj\u00f8er. Den virker p\u00e5 alle typer jord, uanset om den er sandet, kalkholdig, stenet eller let leret, ved at forbedre jordstrukturen og g\u00f8re det lettere for r\u00f8dderne at optage n\u00e6ringsstofferne. Uanset om du dyrker \u00e6gte lavendel, spydlavendel eller forskellige rosmarinsorter, sikrer denne g\u00f8dning robust v\u00e6kst og rigelig blomstring.<\/p>\n<p><strong><img decoding=\"async\" style=\"margin-right: 12px;\" src=\"https:\/\/www.ferberpainting.com\/wp-content\/uploads\/2026\/02\/Check.svg\" alt=\"\" width=\"18\" height=\"15\" \/>Omkostningseffektiv og langtidsholdbar g\u00f8dningseffektivitet.<\/strong>\u00a0Takket v\u00e6re den koncentrerede v\u00e6skeformel kan en 5-liters d\u00e5se forberede op til 1000 liter flydende g\u00f8dningsopl\u00f8sning, hvilket garanterer langvarig og \u00f8konomisk brug. Med en pr\u00e6cis dosering p\u00e5 5 ml pr. liter vand giver den et optimeret n\u00e6ringsstofinput, der hj\u00e6lper med at undg\u00e5 enhver mangel og samtidig reducerer udvaskningstab. Det h\u00f8je udbytte g\u00f8r den til en ideel l\u00f8sning til at g\u00f8de store omr\u00e5der uden at \u00f8ge omkostningerne.<\/p>\n<p><strong><img decoding=\"async\" style=\"margin-right: 12px;\" src=\"https:\/\/www.ferberpainting.com\/wp-content\/uploads\/2026\/02\/Check.svg\" alt=\"\" width=\"18\" height=\"15\" \/>En sikker g\u00f8dning og respekt for milj\u00f8et.<\/strong>\u00a0Denne g\u00f8dning er designet til at respektere den naturlige balance i jorden og det omgivende \u00f8kosystem og indeholder ingen skadelige kemiske produkter, der kan \u00e6ndre jordens biodiversitet eller skade best\u00f8vere som bier og sommerfugle. Den er ogs\u00e5 sikker for k\u00e6ledyr og b\u00f8rn, s\u00e5 du kan g\u00f8de i fuld sikkerhed i din have, p\u00e5 din terrasse eller i dit uderum.<\/p>\n<p><strong><img decoding=\"async\" style=\"margin-right: 12px;\" src=\"https:\/\/www.ferberpainting.com\/wp-content\/uploads\/2026\/02\/Check.svg\" alt=\"\" width=\"18\" height=\"15\" \/>Nem p\u00e5f\u00f8ring og ubesv\u00e6ret g\u00f8dskning.<\/strong>\u00a0I mods\u00e6tning til fast g\u00f8dning, der kr\u00e6ver omhyggelig og til tider uregelm\u00e6ssig spredning, fortyndes denne g\u00f8dning \u00f8jeblikkeligt i vand og p\u00e5f\u00f8res ved vanding eller spr\u00f8jtning, hvilket sikrer hurtig og effektiv optagelse af n\u00e6ringsstoffer. Den enkle og hurtige udbringning giver mulighed for optimal g\u00f8dskning uden anstrengelse og er velegnet til b\u00e5de amat\u00f8rgartnere og professionelle.<\/p>\n<p><strong><img decoding=\"async\" style=\"margin-right: 12px;\" src=\"https:\/\/www.ferberpainting.com\/wp-content\/uploads\/2026\/02\/Check.svg\" alt=\"\" width=\"18\" height=\"15\" \/>Forl\u00e6nget blomstring og bedre modstandsdygtighed over for klimastress.<\/strong>\u00a0Takket v\u00e6re den progressive frigivelse af n\u00e6ringsstoffer giver denne g\u00f8dning n\u00e6ring til lavendel og rosmarin i flere uger, hvilket sikrer kontinuerlig v\u00e6kst og langvarig blomstring. Den hj\u00e6lper ogs\u00e5 med at styrke planternes modstandsdygtighed over for sygdomme, skadedyr og vanskelige klimatiske forhold som t\u00f8rke og kulde.<\/p>\n<p><strong><img decoding=\"async\" style=\"margin-right: 12px;\" src=\"https:\/\/www.ferberpainting.com\/wp-content\/uploads\/2026\/02\/Check.svg\" alt=\"\" width=\"18\" height=\"15\" \/>Synlige resultater fra de f\u00f8rste anvendelser.<\/strong>\u00a0Fra den allerf\u00f8rste anvendelse stimulerer denne g\u00f8dning fremkomsten af nye skud, forbedrer skudt\u00e6theden og forst\u00e6rker blomsterfarven. I l\u00f8bet af f\u00e5 uger vil dine lavendel- og rosmarinplanter f\u00e5 et t\u00e6ttere l\u00f8v, en rigeligere blomstring og en mere intens duft, som vil forsk\u00f8nne din have, altan eller terrasse med langvarige blomsterdufte.<\/p>\n<h2>Instruktioner<\/h2>\n<p><strong>Fortynding af g\u00f8dning <\/strong>: Bland 5 ml g\u00f8dning pr. 1 liter vand. Ryst opl\u00f8sningen godt f\u00f8r hver udbringning for at sikre en j\u00e6vn fordeling af n\u00e6ringsstofferne.<\/p>\n<p><strong>Anvendelsesmetode <\/strong>:<\/p>\n<ul>\n<li><strong>Ved at vande <\/strong>: H\u00e6ld den fortyndede opl\u00f8sning direkte ved planternes basis, og s\u00f8rg for at fugte jorden uden overskud for at undg\u00e5 afstr\u00f8mning af n\u00e6ringsstoffer.<\/li>\n<li><strong>Ved bladspr\u00f8jtning (valgfrit) <\/strong>: Spr\u00f8jt opl\u00f8sningen let p\u00e5 bladene tidligt om morgenen eller sent p\u00e5 dagen for at maksimere absorptionen uden risiko for overdreven fordampning.<\/li>\n<\/ul>\n<p><strong>Ans\u00f8gningsfrekvens <\/strong>:<\/p>\n<ul>\n<li><strong>I v\u00e6kst- og blomstringsperioden (for\u00e5r-sommer) <\/strong>: P\u00e5f\u00f8r g\u00f8dning hver anden uge for at sikre kraftig v\u00e6kst og kontinuerlig blomstring.<\/li>\n<li><strong>I den hvilende periode (efter\u00e5r-vinter) <\/strong>: Reducer hyppigheden til en gang om m\u00e5neden for at bevare plantens livskraft uden at stimulere overdreven v\u00e6kst.<\/li>\n<\/ul>\n<p><strong>Ekstra vanding <\/strong>: Efter p\u00e5f\u00f8ring af g\u00f8dning skal du vente 48 timer, f\u00f8r du vander igen, for at optimere r\u00f8ddernes optagelse af n\u00e6ringsstoffer.<\/p>\n<p><strong>Forholdsregler ved brug <\/strong>: Overskrid ikke de anbefalede doser for at undg\u00e5 for stor ophobning af mineralsalte i jorden, hvilket kan bremse v\u00e6ksten af lavendel og rosmarin. Anvend kun p\u00e5 let fugtig jord for at sikre optimal optagelse af n\u00e6ringsstoffer.<\/p>\n<p><strong>Opbevaring og konservering <\/strong>: Opbevar g\u00f8dningen p\u00e5 et t\u00f8rt og tempereret sted, v\u00e6k fra lys og fugt. Forsegl beholderen efter hver brug for at bevare produktets effektivitet og undg\u00e5 fordampning.<\/p>\n<p>Med denne lavendel- og rosmarin-g\u00f8dning kan du give dine planter en komplet n\u00e6ring, der passer perfekt til deres specifikke behov, og som sikrer en kraftig v\u00e6kst, levende blomstring og en intens duft. Det er den ideelle l\u00f8sning til at forsk\u00f8nne din have, terrasse eller altan med sunde middelhavsplanter hele \u00e5ret rundt.<\/p>","protected":false},"excerpt":{"rendered":"<p>A fertilizer designed to promote the growth and flowering of aromatic plants.\u00a0Lavender and rosemary are Mediterranean plants appreciated for their fragrance, their abundant flowering, and their persistent foliage. To ensure optimal development and intense essential oil production, they need a balanced nutritional input. This NPK 15-15-15 fertilizer provides complete fertilization, supplying nitrogen (N) essential for [&hellip;]<\/p>\n","protected":false},"featured_media":26249,"comment_status":"open","ping_status":"closed","template":"","meta":{"_uag_custom_page_level_css":"","site-sidebar-layout":"default","site-content-layout":"","ast-site-content-layout":"default","site-content-style":"default","site-sidebar-style":"default","ast-global-header-display":"","ast-banner-title-visibility":"","ast-main-header-display":"","ast-hfb-above-header-display":"","ast-hfb-below-header-display":"","ast-hfb-mobile-header-display":"","site-post-title":"","ast-breadcrumbs-content":"","ast-featured-img":"","footer-sml-layout":"","ast-disable-related-posts":"","theme-transparent-header-meta":"default","adv-header-id-meta":"","stick-header-meta":"","header-above-stick-meta":"","header-main-stick-meta":"","header-below-stick-meta":"","astra-migrate-meta-layouts":"set","ast-page-background-enabled":"default","ast-page-background-meta":{"desktop":{"background-color":"var(--ast-global-color-4)","background-image":"","background-repeat":"repeat","background-position":"center center","background-size":"auto","background-attachment":"scroll","background-type":"","background-media":"","overlay-type":"","overlay-color":"","overlay-opacity":"","overlay-gradient":""},"tablet":{"background-color":"","background-image":"","background-repeat":"repeat","background-position":"center center","background-size":"auto","background-attachment":"scroll","background-type":"","background-media":"","overlay-type":"","overlay-color":"","overlay-opacity":"","overlay-gradient":""},"mobile":{"background-color":"","background-image":"","background-repeat":"repeat","background-position":"center center","background-size":"auto","background-attachment":"scroll","background-type":"","background-media":"","overlay-type":"","overlay-color":"","overlay-opacity":"","overlay-gradient":""}},"ast-content-background-meta":{"desktop":{"background-color":"var(--ast-global-color-5)","background-image":"","background-repeat":"repeat","background-position":"center center","background-size":"auto","background-attachment":"scroll","background-type":"","background-media":"","overlay-type":"","overlay-color":"","overlay-opacity":"","overlay-gradient":""},"tablet":{"background-color":"var(--ast-global-color-5)","background-image":"","background-repeat":"repeat","background-position":"center center","background-size":"auto","background-attachment":"scroll","background-type":"","background-media":"","overlay-type":"","overlay-color":"","overlay-opacity":"","overlay-gradient":""},"mobile":{"background-color":"var(--ast-global-color-5)","background-image":"","background-repeat":"repeat","background-position":"center center","background-size":"auto","background-attachment":"scroll","background-type":"","background-media":"","overlay-type":"","overlay-color":"","overlay-opacity":"","overlay-gradient":""}}},"product_brand":[],"product_cat":[178],"product_tag":[],"class_list":{"0":"post-23778","1":"product","2":"type-product","3":"status-publish","4":"has-post-thumbnail","6":"product_cat-fertilizers","7":"desktop-align-left","8":"tablet-align-left","9":"mobile-align-left","11":"first","12":"instock","13":"sale","14":"taxable","15":"shipping-taxable","16":"purchasable","17":"product-type-variable","18":"has-default-attributes"},"spectra_custom_meta":{"_visibility":["visible"],"_shopify_product_id":["9067646550261"],"_s2w_shopify_domain":["ferberpainting.myshopify.com"],"_shopify_variant_id":["46508182700277"],"_sku":[""],"_manage_stock":["no"],"total_sales":["18"],"_tax_status":["taxable"],"_tax_class":[""],"_backorders":["no"],"_sold_individually":["no"],"_virtual":["no"],"_downloadable":["no"],"_download_limit":["-1"],"_download_expiry":["-1"],"_stock":[null],"_stock_status":["instock"],"_wc_average_rating":["4.57"],"_wc_review_count":["7"],"_product_attributes":["a:1:{s:6:\"volume\";a:6:{s:4:\"name\";s:6:\"Volume\";s:5:\"value\";s:20:\"5 liters | 25 liters\";s:8:\"position\";i:1;s:10:\"is_visible\";i:0;s:12:\"is_variation\";i:1;s:11:\"is_taxonomy\";i:0;}}"],"_product_version":["10.5.1"],"_thumbnail_id":["26249"],"_product_image_gallery":["26250"],"wpse_downloadable_file_names":[""],"wpse_downloadable_file_urls":[""],"_edit_last":["1"],"_default_attributes":["a:1:{s:6:\"volume\";s:8:\"5 liters\";}"],"_edit_lock":["1771183261:1"],"_price":["29.90","129.90"],"merchant-center-availability":["yes"],"merchant-center-category":["113"],"_wp_page_template":["default"],"site-sidebar-layout":["default"],"ast-site-content-layout":["default"],"site-content-style":["default"],"site-sidebar-style":["default"],"theme-transparent-header-meta":["default"],"_wc_rating_count":["a:2:{i:4;i:3;i:5;i:4;}"],"astra-migrate-meta-layouts":["set"],"_uag_css_file_name":["uag-css-23778.css"],"_elementor_page_assets":["a:0:{}"],"_uag_page_assets":["a:9:{s:3:\"css\";s:7133:\".uag-blocks-common-selector{z-index:var(--z-index-desktop) !important}@media(max-width: 976px){.uag-blocks-common-selector{z-index:var(--z-index-tablet) !important}}@media(max-width: 767px){.uag-blocks-common-selector{z-index:var(--z-index-mobile) !important}}.wp-block-uagb-image{display:flex}.wp-block-uagb-image__figure{position:relative;display:flex;flex-direction:column;max-width:100%;height:auto;margin:0}.wp-block-uagb-image__figure img{height:auto;display:flex;max-width:100%;transition:box-shadow .2s ease}.wp-block-uagb-image__figure>a{display:inline-block}.wp-block-uagb-image__figure figcaption{text-align:center;margin-top:.5em;margin-bottom:1em}.wp-block-uagb-image .components-placeholder.block-editor-media-placeholder .components-placeholder__instructions{align-self:center}.wp-block-uagb-image--align-left{text-align:left}.wp-block-uagb-image--align-right{text-align:right}.wp-block-uagb-image--align-center{text-align:center}.wp-block-uagb-image--align-full .wp-block-uagb-image__figure{margin-left:calc(50% - 50vw);margin-right:calc(50% - 50vw);max-width:100vw;width:100vw;height:auto}.wp-block-uagb-image--align-full .wp-block-uagb-image__figure img{height:auto;width:100% !important}.wp-block-uagb-image--align-wide .wp-block-uagb-image__figure img{height:auto;width:100%}.wp-block-uagb-image--layout-overlay__color-wrapper{position:absolute;left:0;top:0;right:0;bottom:0;opacity:.2;background:rgba(0,0,0,.5);transition:opacity .35s ease-in-out}.wp-block-uagb-image--layout-overlay-link{position:absolute;left:0;right:0;bottom:0;top:0}.wp-block-uagb-image--layout-overlay .wp-block-uagb-image__figure:hover .wp-block-uagb-image--layout-overlay__color-wrapper{opacity:1}.wp-block-uagb-image--layout-overlay__inner{position:absolute;left:15px;right:15px;bottom:15px;top:15px;display:flex;align-items:center;justify-content:center;flex-direction:column;border-color:#fff;transition:.35s ease-in-out}.wp-block-uagb-image--layout-overlay__inner.top-left,.wp-block-uagb-image--layout-overlay__inner.top-center,.wp-block-uagb-image--layout-overlay__inner.top-right{justify-content:flex-start}.wp-block-uagb-image--layout-overlay__inner.bottom-left,.wp-block-uagb-image--layout-overlay__inner.bottom-center,.wp-block-uagb-image--layout-overlay__inner.bottom-right{justify-content:flex-end}.wp-block-uagb-image--layout-overlay__inner.top-left,.wp-block-uagb-image--layout-overlay__inner.center-left,.wp-block-uagb-image--layout-overlay__inner.bottom-left{align-items:flex-start}.wp-block-uagb-image--layout-overlay__inner.top-right,.wp-block-uagb-image--layout-overlay__inner.center-right,.wp-block-uagb-image--layout-overlay__inner.bottom-right{align-items:flex-end}.wp-block-uagb-image--layout-overlay__inner .uagb-image-heading{color:#fff;transition:transform .35s,opacity .35s ease-in-out;transform:translate3d(0, 24px, 0);margin:0;line-height:1em}.wp-block-uagb-image--layout-overlay__inner .uagb-image-separator{width:30%;border-top-width:2px;border-top-color:#fff;border-top-style:solid;margin-bottom:10px;opacity:0;transition:transform .4s,opacity .4s ease-in-out;transform:translate3d(0, 30px, 0)}.wp-block-uagb-image--layout-overlay__inner .uagb-image-caption{opacity:0;overflow:visible;color:#fff;transition:transform .45s,opacity .45s ease-in-out;transform:translate3d(0, 35px, 0)}.wp-block-uagb-image--layout-overlay__inner:hover .uagb-image-heading,.wp-block-uagb-image--layout-overlay__inner:hover .uagb-image-separator,.wp-block-uagb-image--layout-overlay__inner:hover .uagb-image-caption{opacity:1;transform:translate3d(0, 0, 0)}.wp-block-uagb-image--effect-zoomin .wp-block-uagb-image__figure img,.wp-block-uagb-image--effect-zoomin .wp-block-uagb-image__figure .wp-block-uagb-image--layout-overlay__color-wrapper{transform:scale(1);transition:transform .35s ease-in-out}.wp-block-uagb-image--effect-zoomin .wp-block-uagb-image__figure:hover img,.wp-block-uagb-image--effect-zoomin .wp-block-uagb-image__figure:hover .wp-block-uagb-image--layout-overlay__color-wrapper{transform:scale(1.05)}.wp-block-uagb-image--effect-slide .wp-block-uagb-image__figure img,.wp-block-uagb-image--effect-slide .wp-block-uagb-image__figure .wp-block-uagb-image--layout-overlay__color-wrapper{width:calc(100% + 40px) !important;max-width:none !important;transform:translate3d(-40px, 0, 0);transition:transform .35s ease-in-out}.wp-block-uagb-image--effect-slide .wp-block-uagb-image__figure:hover img,.wp-block-uagb-image--effect-slide .wp-block-uagb-image__figure:hover .wp-block-uagb-image--layout-overlay__color-wrapper{transform:translate3d(0, 0, 0)}.wp-block-uagb-image--effect-grayscale img{filter:grayscale(0%);transition:.35s ease-in-out}.wp-block-uagb-image--effect-grayscale:hover img{filter:grayscale(100%)}.wp-block-uagb-image--effect-blur img{filter:blur(0);transition:.35s ease-in-out}.wp-block-uagb-image--effect-blur:hover img{filter:blur(3px)}.uagb-block-e6f939b3.wp-block-uagb-image--layout-default figure img{box-shadow: 0px 0px 0 #00000070;}.uagb-block-e6f939b3.wp-block-uagb-image .wp-block-uagb-image__figure figcaption{font-style: normal;align-self: center;}.uagb-block-e6f939b3.wp-block-uagb-image--layout-overlay figure img{box-shadow: 0px 0px 0 #00000070;}.uagb-block-e6f939b3.wp-block-uagb-image--layout-overlay .wp-block-uagb-image--layout-overlay__color-wrapper{opacity: 0.2;}.uagb-block-e6f939b3.wp-block-uagb-image--layout-overlay .wp-block-uagb-image--layout-overlay__inner{left: 15px;right: 15px;top: 15px;bottom: 15px;}.uagb-block-e6f939b3.wp-block-uagb-image--layout-overlay .wp-block-uagb-image--layout-overlay__inner .uagb-image-heading{font-style: normal;color: #fff;opacity: 1;}.uagb-block-e6f939b3.wp-block-uagb-image--layout-overlay .wp-block-uagb-image--layout-overlay__inner .uagb-image-heading a{color: #fff;}.uagb-block-e6f939b3.wp-block-uagb-image--layout-overlay .wp-block-uagb-image--layout-overlay__inner .uagb-image-caption{opacity: 0;}.uagb-block-e6f939b3.wp-block-uagb-image--layout-overlay .wp-block-uagb-image__figure:hover .wp-block-uagb-image--layout-overlay__color-wrapper{opacity: 1;}.uagb-block-e6f939b3.wp-block-uagb-image .wp-block-uagb-image--layout-overlay__inner .uagb-image-separator{width: 30%;border-top-width: 2px;border-top-color: #fff;opacity: 0;}.uagb-block-e6f939b3.wp-block-uagb-image .wp-block-uagb-image__figure img{width: px;height: auto;}.uagb-block-e6f939b3.wp-block-uagb-image .wp-block-uagb-image__figure:hover .wp-block-uagb-image--layout-overlay__inner .uagb-image-caption{opacity: 1;}.uagb-block-e6f939b3.wp-block-uagb-image .wp-block-uagb-image__figure:hover .wp-block-uagb-image--layout-overlay__inner .uagb-image-separator{opacity: 1;}.uagb-block-e6f939b3.wp-block-uagb-image--layout-default figure:hover img{box-shadow: 0px 0px 0 #00000070;}.uagb-block-e6f939b3.wp-block-uagb-image--layout-overlay figure:hover img{box-shadow: 0px 0px 0 #00000070;}@media only screen and (max-width: 976px) {.uagb-block-e6f939b3.wp-block-uagb-image .wp-block-uagb-image__figure img{width: px;height: auto;}}@media only screen and (max-width: 767px) {.uagb-block-e6f939b3.wp-block-uagb-image .wp-block-uagb-image__figure img{width: px;height: auto;}}\";s:2:\"js\";s:0:\"\";s:18:\"current_block_list\";a:13:{i:0;s:11:\"core\/search\";i:1;s:10:\"core\/group\";i:2;s:12:\"core\/heading\";i:3;s:17:\"core\/latest-posts\";i:4;s:20:\"core\/latest-comments\";i:5;s:13:\"core\/archives\";i:6;s:15:\"core\/categories\";i:7;s:14:\"core\/paragraph\";i:8;s:10:\"uagb\/image\";i:9;s:11:\"core\/spacer\";i:10;s:30:\"woocommerce\/product-categories\";i:11;s:10:\"core\/image\";i:12;s:14:\"core\/shortcode\";}s:8:\"uag_flag\";b:1;s:11:\"uag_version\";s:10:\"1777313791\";s:6:\"gfonts\";a:0:{}s:10:\"gfonts_url\";s:0:\"\";s:12:\"gfonts_files\";a:0:{}s:14:\"uag_faq_layout\";b:0;}"]},"uagb_featured_image_src":{"full":["https:\/\/www.ferberpainting.com\/wp-content\/uploads\/2025\/05\/LavenderandRosemaryFertilizer5L.png",2560,2560,false],"thumbnail":["https:\/\/www.ferberpainting.com\/wp-content\/uploads\/2025\/05\/LavenderandRosemaryFertilizer5L-150x150.png",150,150,true],"medium":["https:\/\/www.ferberpainting.com\/wp-content\/uploads\/2025\/05\/LavenderandRosemaryFertilizer5L-300x300.png",300,300,true],"medium_large":["https:\/\/www.ferberpainting.com\/wp-content\/uploads\/2025\/05\/LavenderandRosemaryFertilizer5L-768x768.png",768,768,true],"large":["https:\/\/www.ferberpainting.com\/wp-content\/uploads\/2025\/05\/LavenderandRosemaryFertilizer5L-1024x1024.png",1024,1024,true],"1536x1536":["https:\/\/www.ferberpainting.com\/wp-content\/uploads\/2025\/05\/LavenderandRosemaryFertilizer5L-1536x1536.png",1536,1536,true],"2048x2048":["https:\/\/www.ferberpainting.com\/wp-content\/uploads\/2025\/05\/LavenderandRosemaryFertilizer5L-2048x2048.png",2048,2048,true],"trp-custom-language-flag":["https:\/\/www.ferberpainting.com\/wp-content\/uploads\/2025\/05\/LavenderandRosemaryFertilizer5L-12x12.png",12,12,true],"woocommerce_thumbnail":["https:\/\/www.ferberpainting.com\/wp-content\/uploads\/2025\/05\/LavenderandRosemaryFertilizer5L-300x300.png",300,300,true],"woocommerce_single":["https:\/\/www.ferberpainting.com\/wp-content\/uploads\/2025\/05\/LavenderandRosemaryFertilizer5L-600x600.png",600,600,true],"woocommerce_gallery_thumbnail":["https:\/\/www.ferberpainting.com\/wp-content\/uploads\/2025\/05\/LavenderandRosemaryFertilizer5L-100x100.png",100,100,true]},"uagb_author_info":{"display_name":"admin","author_link":"https:\/\/www.ferberpainting.com\/dk\/author\/"},"uagb_comment_info":7,"uagb_excerpt":"A fertilizer designed to promote the growth and flowering of aromatic plants.\u00a0Lavender and rosemary are Mediterranean plants appreciated for their fragrance, their abundant flowering, and their persistent foliage. To ensure optimal development and intense essential oil production, they need a balanced nutritional input. This NPK 15-15-15 fertilizer provides complete fertilization, supplying nitrogen (N) essential for&hellip;","_links":{"self":[{"href":"https:\/\/www.ferberpainting.com\/dk\/wp-json\/wp\/v2\/product\/23778","targetHints":{"allow":["GET"]}}],"collection":[{"href":"https:\/\/www.ferberpainting.com\/dk\/wp-json\/wp\/v2\/product"}],"about":[{"href":"https:\/\/www.ferberpainting.com\/dk\/wp-json\/wp\/v2\/types\/product"}],"replies":[{"embeddable":true,"href":"https:\/\/www.ferberpainting.com\/dk\/wp-json\/wp\/v2\/comments?post=23778"}],"version-history":[{"count":4,"href":"https:\/\/www.ferberpainting.com\/dk\/wp-json\/wp\/v2\/product\/23778\/revisions"}],"predecessor-version":[{"id":166455,"href":"https:\/\/www.ferberpainting.com\/dk\/wp-json\/wp\/v2\/product\/23778\/revisions\/166455"}],"wp:featuredmedia":[{"embeddable":true,"href":"https:\/\/www.ferberpainting.com\/dk\/wp-json\/wp\/v2\/media\/26249"}],"wp:attachment":[{"href":"https:\/\/www.ferberpainting.com\/dk\/wp-json\/wp\/v2\/media?parent=23778"}],"wp:term":[{"taxonomy":"product_brand","embeddable":true,"href":"https:\/\/www.ferberpainting.com\/dk\/wp-json\/wp\/v2\/product_brand?post=23778"},{"taxonomy":"product_cat","embeddable":true,"href":"https:\/\/www.ferberpainting.com\/dk\/wp-json\/wp\/v2\/product_cat?post=23778"},{"taxonomy":"product_tag","embeddable":true,"href":"https:\/\/www.ferberpainting.com\/dk\/wp-json\/wp\/v2\/product_tag?post=23778"}],"curies":[{"name":"wp","href":"https:\/\/api.w.org\/{rel}","templated":true}]}}