{"id":23762,"date":"2025-07-01T19:59:55","date_gmt":"2025-07-01T17:59:55","guid":{"rendered":"https:\/\/www.ferberpainting.com\/?post_type=product&#038;p=23762"},"modified":"2026-02-15T20:12:08","modified_gmt":"2026-02-15T19:12:08","slug":"jewelry-cleaner","status":"publish","type":"product","link":"https:\/\/www.ferberpainting.com\/dk\/products\/jewelry-cleaner\/","title":{"rendered":"Reng\u00f8ring af smykker"},"content":{"rendered":"<p><strong><img decoding=\"async\" style=\"margin-right: 12px;\" src=\"https:\/\/www.ferberpainting.com\/wp-content\/uploads\/2026\/02\/Check.svg\" alt=\"\" width=\"18\" height=\"15\" \/>Optimal effektivitet.<\/strong>\u00a0Denne smykkerens er specielt formuleret til effektivt at fjerne oxidationsm\u00e6rker, snavsrester, st\u00f8v, s\u00e6berester og andre urenheder, der sl\u00f8rer smykkernes glans. Den kraftfulde formel tr\u00e6nger dybt ind for at genskabe glansen i \u00e6delmetaller og \u00e6delsten uden at beskadige overfladen. Den bringer \u00f8jeblikkeligt dine smykkers oprindelige glans tilbage, s\u00e5 de kan skinne smukt igen med bare \u00e9n gangs brug.<\/p>\n<p><strong><img decoding=\"async\" style=\"margin-right: 12px;\" src=\"https:\/\/www.ferberpainting.com\/wp-content\/uploads\/2026\/02\/Check.svg\" alt=\"\" width=\"18\" height=\"15\" \/>Penge-tilbage-garanti.<\/strong>\u00a0Vi har fuld tillid til effektiviteten af vores reng\u00f8ringsmiddel. Hvis du ikke er helt tilfreds med resultatet, n\u00e5r du har brugt det, er du berettiget til fuld refusion. Pr\u00f8v vores produkt risikofrit, og giv dine smykker et nyt liv uden besv\u00e6r.<\/p>\n<p><strong><img decoding=\"async\" style=\"margin-right: 12px;\" src=\"https:\/\/www.ferberpainting.com\/wp-content\/uploads\/2026\/02\/Check.svg\" alt=\"\" width=\"18\" height=\"15\" \/>Enest\u00e5ende alsidighed.<\/strong>\u00a0Dette reng\u00f8ringsmiddel er ikke begr\u00e6nset til \u00e9n type smykker. Den er kompatibel med guld, s\u00f8lv, platin, palladium, rustfrit st\u00e5l og \u00e6delstene som diamant, safir, smaragd og rubin. Den er ogs\u00e5 perfekt til perlesmykker, modesmykker og smykker af halv\u00e6delsten som ametyst, topas og kvarts. Den sikrer optimal reng\u00f8ring af alle typer smykker, uanset om de er antikke eller moderne.<\/p>\n<p><strong><img decoding=\"async\" style=\"margin-right: 12px;\" src=\"https:\/\/www.ferberpainting.com\/wp-content\/uploads\/2026\/02\/Check.svg\" alt=\"\" width=\"18\" height=\"15\" \/>Omkostningseffektivt.<\/strong>\u00a0Takket v\u00e6re sin 5-liters beholder og koncentrerede formel giver dette reng\u00f8ringsmiddel fremragende v\u00e6rdi. En lille m\u00e6ngde er nok til at reng\u00f8re mange smykker uden spild. I gennemsnit kan en liter reng\u00f8re op til 500 smykker, hvilket g\u00f8r det til en omkostningseffektiv og effektiv l\u00f8sning til regelm\u00e6ssig pleje af dit dyrebare tilbeh\u00f8r.<\/p>\n<p><strong><img decoding=\"async\" style=\"margin-right: 12px;\" src=\"https:\/\/www.ferberpainting.com\/wp-content\/uploads\/2026\/02\/Check.svg\" alt=\"\" width=\"18\" height=\"15\" \/>Sikker at bruge.<\/strong>\u00a0I mods\u00e6tning til skrappe reng\u00f8ringsmidler, der indeholder opl\u00f8sningsmidler eller ammoniak, er dette produkt formuleret med ikke-giftige stoffer, der er sikre for f\u00f8lsomme materialer. Det for\u00e5rsager ikke anl\u00f8bning eller ridser og respekterer beskyttende bel\u00e6gninger p\u00e5 visse smykker. Det afgiver ingen ubehagelige lugte, er ikke irriterende og udg\u00f8r ingen risiko for huden - ideelt selv for f\u00f8lsomme brugere.<\/p>\n<p><strong><img decoding=\"async\" style=\"margin-right: 12px;\" src=\"https:\/\/www.ferberpainting.com\/wp-content\/uploads\/2026\/02\/Check.svg\" alt=\"\" width=\"18\" height=\"15\" \/>Brugervenlighed.<\/strong>\u00a0Dette produkt er klar til brug og kr\u00e6ver ingen fortynding eller kompliceret h\u00e5ndtering. Det kan p\u00e5f\u00f8res direkte p\u00e5 dine smykker med en bl\u00f8d klud, en bl\u00f8d b\u00f8rste eller bruges i bl\u00f8dg\u00f8ring. Den hurtigtvirkende og intuitive formel fjerner urenheder p\u00e5 f\u00e5 sekunder uden overdreven polering.<\/p>\n<p><strong><img decoding=\"async\" style=\"margin-right: 12px;\" src=\"https:\/\/www.ferberpainting.com\/wp-content\/uploads\/2026\/02\/Check.svg\" alt=\"\" width=\"18\" height=\"15\" \/>Langvarig glans.<\/strong>\u00a0Ved effektivt at fjerne rester og bevare smykkeoverflader hj\u00e6lper dette reng\u00f8ringsmiddel med at bevare deres glans og forl\u00e6nge deres levetid. Den forhindrer for tidlig oxidering af metaller og ophobning af snavs, der kan beskadige sten og indfatninger. Regelm\u00e6ssig brug sikrer, at dine smykker forbliver funklende og smukke i \u00e5revis.<\/p>\n<p><strong><img decoding=\"async\" style=\"margin-right: 12px;\" src=\"https:\/\/www.ferberpainting.com\/wp-content\/uploads\/2026\/02\/Check.svg\" alt=\"\" width=\"18\" height=\"15\" \/>Hurtig handling.<\/strong>\u00a0Takket v\u00e6re den meget aktive formel virker dette reng\u00f8ringsmiddel med det samme p\u00e5 snavs og kedelige omr\u00e5der. P\u00e5 f\u00e5 sekunder opl\u00f8ser den urenheder og g\u00f8r det nemt at fjerne dem, uden at man beh\u00f8ver at gnide kraftigt. Den \u00f8jeblikkelige effekt er ideel til hurtig og effektiv vedligeholdelse af smykker og hj\u00e6lper med at genskabe glansen p\u00e5 rekordtid.<\/p>\n<h2><strong>Brugsanvisning<\/strong><\/h2>\n<ul>\n<li><strong>Forberedelse <\/strong>: Tjek, at smykket ikke har aftagelige dele, og s\u00f8rg for, at det er kompatibelt med flydende reng\u00f8ring. Ved sarte smykker skal du altid teste p\u00e5 et lille omr\u00e5de f\u00f8rst.<\/li>\n<li><strong>Manuel reng\u00f8ring <\/strong>: P\u00e5f\u00f8r en lille m\u00e6ngde reng\u00f8ringsmiddel p\u00e5 en bl\u00f8d klud eller b\u00f8rste med bl\u00f8de b\u00f8rster, og gnid derefter forsigtigt smykkerne med cirkul\u00e6re bev\u00e6gelser for at fjerne urenheder.<\/li>\n<li><strong>Ibl\u00f8ds\u00e6tning <\/strong>: Hvis du vil have en dybere reng\u00f8ring, skal du dyppe smykkerne i en beholder med reng\u00f8ringsmiddel og lade dem sidde i 30 sekunder til 2 minutter, afh\u00e6ngigt af hvor snavsede de er.<\/li>\n<li><strong>Reng\u00f8ring af vanskelige omr\u00e5der <\/strong>: Brug en bl\u00f8d b\u00f8rste eller vatpind dyppet i produktet til indviklede smykker eller stenindfatninger for at n\u00e5 sv\u00e6rt tilg\u00e6ngelige omr\u00e5der.<\/li>\n<li><strong>Skylning <\/strong>: Efter p\u00e5f\u00f8ring eller ibl\u00f8ds\u00e6tning skylles grundigt med lunkent vand for at fjerne alle produktrester og forhindre ophobning.<\/li>\n<li><strong>T\u00f8rring og efterbehandling <\/strong>: T\u00f8r forsigtigt af med en ren, bl\u00f8d klud. For en ekstra polering kan du forsigtigt polere overfladen for at genskabe den fulde glans.<\/li>\n<li><strong>Brugsfrekvens <\/strong>: Reng\u00f8r smykkerne, s\u00e5 snart der opst\u00e5r oxidering eller mathed. Brug den forebyggende pleje en eller to gange om m\u00e5neden for at forhindre ophobning og bevare den naturlige glans.<\/li>\n<li><strong>Opbevaring <\/strong>: Opbevar beholderen t\u00e6t lukket efter brug p\u00e5 et k\u00f8ligt, t\u00f8rt sted, v\u00e6k fra lys og varme, for at bevare produktets fulde ydeevne over tid.<\/li>\n<\/ul>\n<p>Med vores smykkerens kan du nemt genskabe dine smykkers glans. En hurtig, effektiv og sikker l\u00f8sning til perfekt pleje af dine dyrebare skatte.<\/p>","protected":false},"excerpt":{"rendered":"<p>Optimal Effectiveness.\u00a0This jewelry cleaner is specially formulated to effectively eliminate oxidation marks, dirt residues, dust, soap scum, and other impurities that dull the shine of jewelry. Its powerful formula penetrates deep to restore the brilliance of precious metals and gemstones without damaging their surface. It instantly brings back the original luster of your jewelry, allowing [&hellip;]<\/p>\n","protected":false},"featured_media":36627,"comment_status":"open","ping_status":"closed","template":"","meta":{"_uag_custom_page_level_css":"","site-sidebar-layout":"default","site-content-layout":"","ast-site-content-layout":"default","site-content-style":"default","site-sidebar-style":"default","ast-global-header-display":"","ast-banner-title-visibility":"","ast-main-header-display":"","ast-hfb-above-header-display":"","ast-hfb-below-header-display":"","ast-hfb-mobile-header-display":"","site-post-title":"","ast-breadcrumbs-content":"","ast-featured-img":"","footer-sml-layout":"","ast-disable-related-posts":"","theme-transparent-header-meta":"default","adv-header-id-meta":"","stick-header-meta":"","header-above-stick-meta":"","header-main-stick-meta":"","header-below-stick-meta":"","astra-migrate-meta-layouts":"set","ast-page-background-enabled":"default","ast-page-background-meta":{"desktop":{"background-color":"var(--ast-global-color-4)","background-image":"","background-repeat":"repeat","background-position":"center center","background-size":"auto","background-attachment":"scroll","background-type":"","background-media":"","overlay-type":"","overlay-color":"","overlay-opacity":"","overlay-gradient":""},"tablet":{"background-color":"","background-image":"","background-repeat":"repeat","background-position":"center center","background-size":"auto","background-attachment":"scroll","background-type":"","background-media":"","overlay-type":"","overlay-color":"","overlay-opacity":"","overlay-gradient":""},"mobile":{"background-color":"","background-image":"","background-repeat":"repeat","background-position":"center center","background-size":"auto","background-attachment":"scroll","background-type":"","background-media":"","overlay-type":"","overlay-color":"","overlay-opacity":"","overlay-gradient":""}},"ast-content-background-meta":{"desktop":{"background-color":"var(--ast-global-color-5)","background-image":"","background-repeat":"repeat","background-position":"center center","background-size":"auto","background-attachment":"scroll","background-type":"","background-media":"","overlay-type":"","overlay-color":"","overlay-opacity":"","overlay-gradient":""},"tablet":{"background-color":"var(--ast-global-color-5)","background-image":"","background-repeat":"repeat","background-position":"center center","background-size":"auto","background-attachment":"scroll","background-type":"","background-media":"","overlay-type":"","overlay-color":"","overlay-opacity":"","overlay-gradient":""},"mobile":{"background-color":"var(--ast-global-color-5)","background-image":"","background-repeat":"repeat","background-position":"center center","background-size":"auto","background-attachment":"scroll","background-type":"","background-media":"","overlay-type":"","overlay-color":"","overlay-opacity":"","overlay-gradient":""}}},"product_brand":[],"product_cat":[175],"product_tag":[],"class_list":{"0":"post-23762","1":"product","2":"type-product","3":"status-publish","4":"has-post-thumbnail","6":"product_cat-cleaning-products","7":"desktop-align-left","8":"tablet-align-left","9":"mobile-align-left","11":"first","12":"instock","13":"sale","14":"shipping-taxable","15":"purchasable","16":"product-type-variable","17":"has-default-attributes"},"spectra_custom_meta":{"_visibility":["visible"],"_shopify_product_id":["9102502854901"],"_s2w_shopify_domain":["ferberpainting.myshopify.com"],"_shopify_variant_id":["46616421859573"],"_sku":["FPJEWELRYCLEANER"],"_weight":["1.3"],"_global_unique_id":[""],"total_sales":["25"],"_tax_status":["taxable"],"_tax_class":[""],"_manage_stock":["no"],"_backorders":["no"],"_sold_individually":["no"],"_virtual":["no"],"_downloadable":["no"],"_download_limit":["-1"],"_download_expiry":["-1"],"_stock":[null],"_stock_status":["instock"],"_wc_average_rating":["5.00"],"_wc_review_count":["36"],"_product_version":["10.5.1"],"_edit_lock":["1772030676:1"],"_product_attributes":["a:1:{s:6:\"volume\";a:6:{s:4:\"name\";s:6:\"Volume\";s:5:\"value\";s:20:\"5 liters | 25 liters\";s:8:\"position\";i:0;s:10:\"is_visible\";i:1;s:12:\"is_variation\";i:1;s:11:\"is_taxonomy\";i:0;}}"],"_edit_last":["1"],"_wp_page_template":["default"],"_wp_old_date":["2025-05-26"],"site-sidebar-layout":["default"],"ast-site-content-layout":["default"],"site-content-style":["default"],"site-sidebar-style":["default"],"theme-transparent-header-meta":["default"],"_default_attributes":["a:1:{s:6:\"volume\";s:8:\"5 liters\";}"],"_price":["29.90","129.90"],"merchant-center-availability":["yes"],"merchant-center-category":["499919"],"_thumbnail_id":["36627"],"_product_image_gallery":["36628"],"_wc_rating_count":["a:1:{i:5;i:36;}"],"astra-migrate-meta-layouts":["set"],"_uag_css_file_name":["uag-css-23762.css"],"_elementor_page_assets":["a:0:{}"],"_uag_page_assets":["a:9:{s:3:\"css\";s:7133:\".uag-blocks-common-selector{z-index:var(--z-index-desktop) !important}@media(max-width: 976px){.uag-blocks-common-selector{z-index:var(--z-index-tablet) !important}}@media(max-width: 767px){.uag-blocks-common-selector{z-index:var(--z-index-mobile) !important}}.wp-block-uagb-image{display:flex}.wp-block-uagb-image__figure{position:relative;display:flex;flex-direction:column;max-width:100%;height:auto;margin:0}.wp-block-uagb-image__figure img{height:auto;display:flex;max-width:100%;transition:box-shadow .2s ease}.wp-block-uagb-image__figure>a{display:inline-block}.wp-block-uagb-image__figure figcaption{text-align:center;margin-top:.5em;margin-bottom:1em}.wp-block-uagb-image .components-placeholder.block-editor-media-placeholder .components-placeholder__instructions{align-self:center}.wp-block-uagb-image--align-left{text-align:left}.wp-block-uagb-image--align-right{text-align:right}.wp-block-uagb-image--align-center{text-align:center}.wp-block-uagb-image--align-full .wp-block-uagb-image__figure{margin-left:calc(50% - 50vw);margin-right:calc(50% - 50vw);max-width:100vw;width:100vw;height:auto}.wp-block-uagb-image--align-full .wp-block-uagb-image__figure img{height:auto;width:100% !important}.wp-block-uagb-image--align-wide .wp-block-uagb-image__figure img{height:auto;width:100%}.wp-block-uagb-image--layout-overlay__color-wrapper{position:absolute;left:0;top:0;right:0;bottom:0;opacity:.2;background:rgba(0,0,0,.5);transition:opacity .35s ease-in-out}.wp-block-uagb-image--layout-overlay-link{position:absolute;left:0;right:0;bottom:0;top:0}.wp-block-uagb-image--layout-overlay .wp-block-uagb-image__figure:hover .wp-block-uagb-image--layout-overlay__color-wrapper{opacity:1}.wp-block-uagb-image--layout-overlay__inner{position:absolute;left:15px;right:15px;bottom:15px;top:15px;display:flex;align-items:center;justify-content:center;flex-direction:column;border-color:#fff;transition:.35s ease-in-out}.wp-block-uagb-image--layout-overlay__inner.top-left,.wp-block-uagb-image--layout-overlay__inner.top-center,.wp-block-uagb-image--layout-overlay__inner.top-right{justify-content:flex-start}.wp-block-uagb-image--layout-overlay__inner.bottom-left,.wp-block-uagb-image--layout-overlay__inner.bottom-center,.wp-block-uagb-image--layout-overlay__inner.bottom-right{justify-content:flex-end}.wp-block-uagb-image--layout-overlay__inner.top-left,.wp-block-uagb-image--layout-overlay__inner.center-left,.wp-block-uagb-image--layout-overlay__inner.bottom-left{align-items:flex-start}.wp-block-uagb-image--layout-overlay__inner.top-right,.wp-block-uagb-image--layout-overlay__inner.center-right,.wp-block-uagb-image--layout-overlay__inner.bottom-right{align-items:flex-end}.wp-block-uagb-image--layout-overlay__inner .uagb-image-heading{color:#fff;transition:transform .35s,opacity .35s ease-in-out;transform:translate3d(0, 24px, 0);margin:0;line-height:1em}.wp-block-uagb-image--layout-overlay__inner .uagb-image-separator{width:30%;border-top-width:2px;border-top-color:#fff;border-top-style:solid;margin-bottom:10px;opacity:0;transition:transform .4s,opacity .4s ease-in-out;transform:translate3d(0, 30px, 0)}.wp-block-uagb-image--layout-overlay__inner .uagb-image-caption{opacity:0;overflow:visible;color:#fff;transition:transform .45s,opacity .45s ease-in-out;transform:translate3d(0, 35px, 0)}.wp-block-uagb-image--layout-overlay__inner:hover .uagb-image-heading,.wp-block-uagb-image--layout-overlay__inner:hover .uagb-image-separator,.wp-block-uagb-image--layout-overlay__inner:hover .uagb-image-caption{opacity:1;transform:translate3d(0, 0, 0)}.wp-block-uagb-image--effect-zoomin .wp-block-uagb-image__figure img,.wp-block-uagb-image--effect-zoomin .wp-block-uagb-image__figure .wp-block-uagb-image--layout-overlay__color-wrapper{transform:scale(1);transition:transform .35s ease-in-out}.wp-block-uagb-image--effect-zoomin .wp-block-uagb-image__figure:hover img,.wp-block-uagb-image--effect-zoomin .wp-block-uagb-image__figure:hover .wp-block-uagb-image--layout-overlay__color-wrapper{transform:scale(1.05)}.wp-block-uagb-image--effect-slide .wp-block-uagb-image__figure img,.wp-block-uagb-image--effect-slide .wp-block-uagb-image__figure .wp-block-uagb-image--layout-overlay__color-wrapper{width:calc(100% + 40px) !important;max-width:none !important;transform:translate3d(-40px, 0, 0);transition:transform .35s ease-in-out}.wp-block-uagb-image--effect-slide .wp-block-uagb-image__figure:hover img,.wp-block-uagb-image--effect-slide .wp-block-uagb-image__figure:hover .wp-block-uagb-image--layout-overlay__color-wrapper{transform:translate3d(0, 0, 0)}.wp-block-uagb-image--effect-grayscale img{filter:grayscale(0%);transition:.35s ease-in-out}.wp-block-uagb-image--effect-grayscale:hover img{filter:grayscale(100%)}.wp-block-uagb-image--effect-blur img{filter:blur(0);transition:.35s ease-in-out}.wp-block-uagb-image--effect-blur:hover img{filter:blur(3px)}.uagb-block-e6f939b3.wp-block-uagb-image--layout-default figure img{box-shadow: 0px 0px 0 #00000070;}.uagb-block-e6f939b3.wp-block-uagb-image .wp-block-uagb-image__figure figcaption{font-style: normal;align-self: center;}.uagb-block-e6f939b3.wp-block-uagb-image--layout-overlay figure img{box-shadow: 0px 0px 0 #00000070;}.uagb-block-e6f939b3.wp-block-uagb-image--layout-overlay .wp-block-uagb-image--layout-overlay__color-wrapper{opacity: 0.2;}.uagb-block-e6f939b3.wp-block-uagb-image--layout-overlay .wp-block-uagb-image--layout-overlay__inner{left: 15px;right: 15px;top: 15px;bottom: 15px;}.uagb-block-e6f939b3.wp-block-uagb-image--layout-overlay .wp-block-uagb-image--layout-overlay__inner .uagb-image-heading{font-style: normal;color: #fff;opacity: 1;}.uagb-block-e6f939b3.wp-block-uagb-image--layout-overlay .wp-block-uagb-image--layout-overlay__inner .uagb-image-heading a{color: #fff;}.uagb-block-e6f939b3.wp-block-uagb-image--layout-overlay .wp-block-uagb-image--layout-overlay__inner .uagb-image-caption{opacity: 0;}.uagb-block-e6f939b3.wp-block-uagb-image--layout-overlay .wp-block-uagb-image__figure:hover .wp-block-uagb-image--layout-overlay__color-wrapper{opacity: 1;}.uagb-block-e6f939b3.wp-block-uagb-image .wp-block-uagb-image--layout-overlay__inner .uagb-image-separator{width: 30%;border-top-width: 2px;border-top-color: #fff;opacity: 0;}.uagb-block-e6f939b3.wp-block-uagb-image .wp-block-uagb-image__figure img{width: px;height: auto;}.uagb-block-e6f939b3.wp-block-uagb-image .wp-block-uagb-image__figure:hover .wp-block-uagb-image--layout-overlay__inner .uagb-image-caption{opacity: 1;}.uagb-block-e6f939b3.wp-block-uagb-image .wp-block-uagb-image__figure:hover .wp-block-uagb-image--layout-overlay__inner .uagb-image-separator{opacity: 1;}.uagb-block-e6f939b3.wp-block-uagb-image--layout-default figure:hover img{box-shadow: 0px 0px 0 #00000070;}.uagb-block-e6f939b3.wp-block-uagb-image--layout-overlay figure:hover img{box-shadow: 0px 0px 0 #00000070;}@media only screen and (max-width: 976px) {.uagb-block-e6f939b3.wp-block-uagb-image .wp-block-uagb-image__figure img{width: px;height: auto;}}@media only screen and (max-width: 767px) {.uagb-block-e6f939b3.wp-block-uagb-image .wp-block-uagb-image__figure img{width: px;height: auto;}}\";s:2:\"js\";s:0:\"\";s:18:\"current_block_list\";a:13:{i:0;s:11:\"core\/search\";i:1;s:10:\"core\/group\";i:2;s:12:\"core\/heading\";i:3;s:17:\"core\/latest-posts\";i:4;s:20:\"core\/latest-comments\";i:5;s:13:\"core\/archives\";i:6;s:15:\"core\/categories\";i:7;s:14:\"core\/paragraph\";i:8;s:10:\"uagb\/image\";i:9;s:11:\"core\/spacer\";i:10;s:30:\"woocommerce\/product-categories\";i:11;s:10:\"core\/image\";i:12;s:14:\"core\/shortcode\";}s:8:\"uag_flag\";b:1;s:11:\"uag_version\";s:10:\"1776774797\";s:6:\"gfonts\";a:0:{}s:10:\"gfonts_url\";s:0:\"\";s:12:\"gfonts_files\";a:0:{}s:14:\"uag_faq_layout\";b:0;}"]},"uagb_featured_image_src":{"full":["https:\/\/www.ferberpainting.com\/wp-content\/uploads\/2025\/07\/Jewelry-Cleaner-5L-.png",2560,2560,false],"thumbnail":["https:\/\/www.ferberpainting.com\/wp-content\/uploads\/2025\/07\/Jewelry-Cleaner-5L--150x150.png",150,150,true],"medium":["https:\/\/www.ferberpainting.com\/wp-content\/uploads\/2025\/07\/Jewelry-Cleaner-5L--300x300.png",300,300,true],"medium_large":["https:\/\/www.ferberpainting.com\/wp-content\/uploads\/2025\/07\/Jewelry-Cleaner-5L--768x768.png",768,768,true],"large":["https:\/\/www.ferberpainting.com\/wp-content\/uploads\/2025\/07\/Jewelry-Cleaner-5L--1024x1024.png",1024,1024,true],"1536x1536":["https:\/\/www.ferberpainting.com\/wp-content\/uploads\/2025\/07\/Jewelry-Cleaner-5L--1536x1536.png",1536,1536,true],"2048x2048":["https:\/\/www.ferberpainting.com\/wp-content\/uploads\/2025\/07\/Jewelry-Cleaner-5L--2048x2048.png",2048,2048,true],"trp-custom-language-flag":["https:\/\/www.ferberpainting.com\/wp-content\/uploads\/2025\/07\/Jewelry-Cleaner-5L--12x12.png",12,12,true],"woocommerce_thumbnail":["https:\/\/www.ferberpainting.com\/wp-content\/uploads\/2025\/07\/Jewelry-Cleaner-5L--300x300.png",300,300,true],"woocommerce_single":["https:\/\/www.ferberpainting.com\/wp-content\/uploads\/2025\/07\/Jewelry-Cleaner-5L--600x600.png",600,600,true],"woocommerce_gallery_thumbnail":["https:\/\/www.ferberpainting.com\/wp-content\/uploads\/2025\/07\/Jewelry-Cleaner-5L--100x100.png",100,100,true]},"uagb_author_info":{"display_name":"admin","author_link":"https:\/\/www.ferberpainting.com\/dk\/author\/"},"uagb_comment_info":36,"uagb_excerpt":"Optimal Effectiveness.\u00a0This jewelry cleaner is specially formulated to effectively eliminate oxidation marks, dirt residues, dust, soap scum, and other impurities that dull the shine of jewelry. Its powerful formula penetrates deep to restore the brilliance of precious metals and gemstones without damaging their surface. It instantly brings back the original luster of your jewelry, allowing&hellip;","_links":{"self":[{"href":"https:\/\/www.ferberpainting.com\/dk\/wp-json\/wp\/v2\/product\/23762","targetHints":{"allow":["GET"]}}],"collection":[{"href":"https:\/\/www.ferberpainting.com\/dk\/wp-json\/wp\/v2\/product"}],"about":[{"href":"https:\/\/www.ferberpainting.com\/dk\/wp-json\/wp\/v2\/types\/product"}],"replies":[{"embeddable":true,"href":"https:\/\/www.ferberpainting.com\/dk\/wp-json\/wp\/v2\/comments?post=23762"}],"version-history":[{"count":5,"href":"https:\/\/www.ferberpainting.com\/dk\/wp-json\/wp\/v2\/product\/23762\/revisions"}],"predecessor-version":[{"id":166445,"href":"https:\/\/www.ferberpainting.com\/dk\/wp-json\/wp\/v2\/product\/23762\/revisions\/166445"}],"wp:featuredmedia":[{"embeddable":true,"href":"https:\/\/www.ferberpainting.com\/dk\/wp-json\/wp\/v2\/media\/36627"}],"wp:attachment":[{"href":"https:\/\/www.ferberpainting.com\/dk\/wp-json\/wp\/v2\/media?parent=23762"}],"wp:term":[{"taxonomy":"product_brand","embeddable":true,"href":"https:\/\/www.ferberpainting.com\/dk\/wp-json\/wp\/v2\/product_brand?post=23762"},{"taxonomy":"product_cat","embeddable":true,"href":"https:\/\/www.ferberpainting.com\/dk\/wp-json\/wp\/v2\/product_cat?post=23762"},{"taxonomy":"product_tag","embeddable":true,"href":"https:\/\/www.ferberpainting.com\/dk\/wp-json\/wp\/v2\/product_tag?post=23762"}],"curies":[{"name":"wp","href":"https:\/\/api.w.org\/{rel}","templated":true}]}}