{"id":23523,"date":"2025-05-26T10:24:32","date_gmt":"2025-05-26T08:24:32","guid":{"rendered":"https:\/\/www.ferberpainting.com\/products\/guano-fertilizer\/"},"modified":"2026-02-15T19:15:07","modified_gmt":"2026-02-15T18:15:07","slug":"guano-fertilizer","status":"publish","type":"product","link":"https:\/\/www.ferberpainting.com\/dk\/products\/guano-fertilizer\/","title":{"rendered":"Guano-g\u00f8dning 25 kg"},"content":{"rendered":"<p><strong><img decoding=\"async\" style=\"margin-right: 12px;\" src=\"https:\/\/www.ferberpainting.com\/wp-content\/uploads\/2026\/02\/Check.svg\" alt=\"\" width=\"18\" height=\"15\" \/>En naturlig og kraftig g\u00f8dning til rig og afbalanceret g\u00f8dskning. <\/strong>Guanog\u00f8dning er en 100% naturlig g\u00f8dning fremstillet af havfuglelort, der i \u00e5rhundreder har v\u00e6ret anerkendt for sin rigdom p\u00e5 n\u00e6ringsstoffer og sin evne til at stimulere plantev\u00e6kst. Takket v\u00e6re NPK 14-8-2-sammens\u00e6tningen giver den et h\u00f8jt niveau af kv\u00e6lstof (N) for at fremme t\u00e6t og gr\u00f8nt l\u00f8v, fosfor (P) for dyb og solid rodudvikling og kalium (K) for at forbedre modstandsdygtigheden over for sygdomme og milj\u00f8stress. Denne g\u00f8dning anbefales is\u00e6r til at forbedre jordens frugtbarhed og opn\u00e5 sunde og produktive afgr\u00f8der.<\/p>\n<p><strong><img decoding=\"async\" style=\"margin-right: 12px;\" src=\"https:\/\/www.ferberpainting.com\/wp-content\/uploads\/2026\/02\/Check.svg\" alt=\"\" width=\"18\" height=\"15\" \/>Penge-tilbage-garanti.<\/strong>\u00a0Vi er overbeviste om effektiviteten af vores guanog\u00f8dning, og det er derfor, vi tilbyder en pengene-tilbage-garanti. Hvis dine planter efter korrekt brug som anbefalet ikke viser nogen forbedring i v\u00e6kst, blomstring eller frugts\u00e6tning, forpligter vi os fuldt ud til at refundere dig. Du kan bruge det uden risiko og med sikkerhed for at opn\u00e5 synlige resultater.<\/p>\n<p><strong><img decoding=\"async\" style=\"margin-right: 12px;\" src=\"https:\/\/www.ferberpainting.com\/wp-content\/uploads\/2026\/02\/Check.svg\" alt=\"\" width=\"18\" height=\"15\" \/>Velegnet til alle typer planter og afgr\u00f8der.<\/strong>\u00a0Denne g\u00f8dning er alsidig og velegnet til en lang r\u00e6kke planter, uanset om det er k\u00f8kkenhaver, frugttr\u00e6er, indend\u00f8rs planter, buske, stueplanter eller landbrugsafgr\u00f8der. Den er ogs\u00e5 velegnet til alle typer jord, herunder fattig, sandet, leret eller kalkholdig jord, og den passer perfekt ind i \u00f8kologisk landbrugspraksis. Uanset om du dyrker udend\u00f8rs, i drivhuse, i potter eller i haver, vil denne g\u00f8dning give dine planter alle de n\u00e6ringsstoffer, de har brug for til at udvikle sig.<\/p>\n<p><strong><img decoding=\"async\" style=\"margin-right: 12px;\" src=\"https:\/\/www.ferberpainting.com\/wp-content\/uploads\/2026\/02\/Check.svg\" alt=\"\" width=\"18\" height=\"15\" \/>Et \u00f8konomisk udbytte og langvarig befrugtning.<\/strong>\u00a0Takket v\u00e6re sin formulering frigiver denne g\u00f8dning gradvist sine n\u00e6ringsstoffer i jorden, hvilket sikrer b\u00e6redygtig g\u00f8dning og begr\u00e6nser udvaskning af mineraler. En pose p\u00e5 25 kg kan g\u00f8de et stort areal med en anbefalet udbringning p\u00e5 200 g pr. kvadratmeter pr. \u00e5r, hvilket sikrer fuldst\u00e6ndig og langvarig n\u00e6ring uden hyppige genudbringninger. Dette optimerede udbytte giver mulighed for effektiv g\u00f8dskning, samtidig med at omkostningerne og udbringningshyppigheden reduceres.<\/p>\n<p><strong><img decoding=\"async\" style=\"margin-right: 12px;\" src=\"https:\/\/www.ferberpainting.com\/wp-content\/uploads\/2026\/02\/Check.svg\" alt=\"\" width=\"18\" height=\"15\" \/>En sikker og milj\u00f8venlig g\u00f8dning.<\/strong>\u00a0Guanog\u00f8dning er fremstillet af 100% naturligt og biologisk nedbrydeligt produkt uden kemiske tils\u00e6tningsstoffer, hvilket sikrer respekt for jordens \u00f8kosystem og den omgivende biodiversitet. Det fremmer jordens mikrobielle aktivitet og beriger dens organiske materiale, hvilket forbedrer vandtilbageholdelsen og n\u00e6ringstilg\u00e6ngeligheden for planter. Det er sikkert for k\u00e6ledyr og b\u00f8rn og kan bruges i alle typer haver og k\u00f8kkenhaver.<\/p>\n<p><strong><img decoding=\"async\" style=\"margin-right: 12px;\" src=\"https:\/\/www.ferberpainting.com\/wp-content\/uploads\/2026\/02\/Check.svg\" alt=\"\" width=\"18\" height=\"15\" \/>Nem p\u00e5f\u00f8ring og ubesv\u00e6ret g\u00f8dskning.<\/strong>\u00a0I mods\u00e6tning til kemisk g\u00f8dning, der kr\u00e6ver pr\u00e6cis dosering og kompleks anvendelse, p\u00e5f\u00f8res guanog\u00f8dning direkte p\u00e5 jorden uden forudg\u00e5ende forberedelse. Man skal blot sprede den omkring planterne og indarbejde den let i jorden, s\u00e5 n\u00e6ringsstofferne gradvist frigives. Denne enkle p\u00e5f\u00f8ringsmetode g\u00f8r det muligt for alle, selv amat\u00f8rgartnere, at opn\u00e5 enest\u00e5ende resultater med en minimal indsats.<\/p>\n<p><strong><img decoding=\"async\" style=\"margin-right: 12px;\" src=\"https:\/\/www.ferberpainting.com\/wp-content\/uploads\/2026\/02\/Check.svg\" alt=\"\" width=\"18\" height=\"15\" \/>En varig effekt p\u00e5 plantev\u00e6kst og bedre sygdomsresistens.<\/strong>\u00a0Takket v\u00e6re den langvarige effekt giver denne g\u00f8dning n\u00e6ring til planterne i flere uger, stimulerer deres v\u00e6kst og styrker deres modstandsdygtighed over for sygdomme og skadedyr. Den forbedrer deres tolerance over for klimatiske belastninger som t\u00f8rke, frost og ekstrem varme, hvilket sikrer en harmonisk udvikling og rigelig blomstring.<\/p>\n<p><strong><img decoding=\"async\" style=\"margin-right: 12px;\" src=\"https:\/\/www.ferberpainting.com\/wp-content\/uploads\/2026\/02\/Check.svg\" alt=\"\" width=\"18\" height=\"15\" \/>Synlige resultater fra de f\u00f8rste uger.<\/strong>\u00a0Fra de f\u00f8rste anvendelser stimulerer denne g\u00f8dning fremkomsten af nye skud, forbedrer l\u00f8vets styrke og fremmer en mere rigelig blomstring. I l\u00f8bet af et par uger vil dine planter vise hurtigere og mere varig v\u00e6kst, \u00f8get produktivitet, mere smagfulde frugter, s\u00f8dere frugter og mere levende blomster.<\/p>\n<h2><strong>Protokol for brug<\/strong><\/h2>\n<ul>\n<li><strong>Ans\u00f8gningsperiode <\/strong>: Anvend i begyndelsen af for\u00e5ret (marts-april) for at fremme vegetationens genv\u00e6kst, om sommeren (juni-juli) for at fremme blomstring og frugts\u00e6tning og om efter\u00e5ret (september-oktober) for at berige jorden inden vinteren.<\/li>\n<li><strong>Anbefalet dosering <\/strong>: Fordel 200 g g\u00f8dning pr. kvadratmeter eller pr. plante, hvilket svarer til en godt fyldt h\u00e5ndfuld, og juster m\u00e6ngden ud fra hver afgr\u00f8des specifikke behov.<\/li>\n<li><strong>Anvendelsesmetode <\/strong>:\n<ul>\n<li><strong>Spredning p\u00e5 jorden <\/strong>: Fordel g\u00f8dningen rundt om planterne, ca. 15 til 30 cm fra bunden, for at undg\u00e5 direkte kontakt med st\u00e6ngler og r\u00f8dder.<\/li>\n<li><strong>Let inkorporering <\/strong>: Brug en rive eller klo til at blande g\u00f8dningen med jordens overfladelag (2 til 5 cm dybt) for at optimere n\u00e6ringsoptagelsen og forhindre erosion.<\/li>\n<\/ul>\n<\/li>\n<li><strong>Vanding efter p\u00e5f\u00f8ring <\/strong>: Vand grundigt efter spredning for at aktivere frigivelse af n\u00e6ringsstoffer og fremme deres optagelse af r\u00f8dderne.<\/li>\n<li><strong>Pleje og overv\u00e5gning <\/strong>: Hold \u00f8je med jordens fugtighed, og juster vandingen efter planternes behov. I varme perioder skal du s\u00f8rge for ikke at lade jorden t\u00f8rre helt ud for at optimere g\u00f8dningens effektivitet.<\/li>\n<li><strong>Forholdsregler ved brug <\/strong>: Overskrid ikke de anbefalede doser for at undg\u00e5 overg\u00f8dskning, som kan for\u00e5rsage overskydende kv\u00e6lstof, hvilket f\u00f8rer til overdreven bladv\u00e6kst p\u00e5 bekostning af blomstring og frugts\u00e6tning. M\u00e5 ikke anvendes p\u00e5 frossen eller t\u00f8r jord i perioder med intens t\u00f8rke uden yderligere vanding.<\/li>\n<li><strong>Opbevaring og konservering <\/strong>: Opbevar g\u00f8dningen p\u00e5 et t\u00f8rt sted v\u00e6k fra fugt og varme. Luk posen omhyggeligt igen efter hver brug for at forhindre produktforandringer og for at bevare den langsigtede effektivitet.<\/li>\n<\/ul>\n<p>Med denne guanog\u00f8dning kan du give dine afgr\u00f8der en komplet, naturlig og b\u00e6redygtig ern\u00e6ring, der sikrer kraftig v\u00e6kst, gener\u00f8s blomstring og enest\u00e5ende h\u00f8st. Uanset om du er hjemmegartner eller professionel, er denne g\u00f8dning den ideelle l\u00f8sning til sunde afgr\u00f8der og hurtige, synlige resultater.<\/p>","protected":false},"excerpt":{"rendered":"<p>A natural and powerful fertilizer for rich and balanced fertilization. Guano fertilizer is a 100% natural fertilizer made from seabird droppings, recognized for centuries for its richness in nutrients and its ability to stimulate plant growth. Thanks to its NPK 14-8-2 composition, it provides a high level of nitrogen (N) to promote dense and green [&hellip;]<\/p>\n","protected":false},"featured_media":26022,"comment_status":"open","ping_status":"closed","template":"","meta":{"_uag_custom_page_level_css":"","site-sidebar-layout":"default","site-content-layout":"","ast-site-content-layout":"default","site-content-style":"default","site-sidebar-style":"default","ast-global-header-display":"","ast-banner-title-visibility":"","ast-main-header-display":"","ast-hfb-above-header-display":"","ast-hfb-below-header-display":"","ast-hfb-mobile-header-display":"","site-post-title":"","ast-breadcrumbs-content":"","ast-featured-img":"","footer-sml-layout":"","ast-disable-related-posts":"","theme-transparent-header-meta":"default","adv-header-id-meta":"","stick-header-meta":"","header-above-stick-meta":"","header-main-stick-meta":"","header-below-stick-meta":"","astra-migrate-meta-layouts":"set","ast-page-background-enabled":"default","ast-page-background-meta":{"desktop":{"background-color":"var(--ast-global-color-4)","background-image":"","background-repeat":"repeat","background-position":"center center","background-size":"auto","background-attachment":"scroll","background-type":"","background-media":"","overlay-type":"","overlay-color":"","overlay-opacity":"","overlay-gradient":""},"tablet":{"background-color":"","background-image":"","background-repeat":"repeat","background-position":"center center","background-size":"auto","background-attachment":"scroll","background-type":"","background-media":"","overlay-type":"","overlay-color":"","overlay-opacity":"","overlay-gradient":""},"mobile":{"background-color":"","background-image":"","background-repeat":"repeat","background-position":"center center","background-size":"auto","background-attachment":"scroll","background-type":"","background-media":"","overlay-type":"","overlay-color":"","overlay-opacity":"","overlay-gradient":""}},"ast-content-background-meta":{"desktop":{"background-color":"var(--ast-global-color-5)","background-image":"","background-repeat":"repeat","background-position":"center center","background-size":"auto","background-attachment":"scroll","background-type":"","background-media":"","overlay-type":"","overlay-color":"","overlay-opacity":"","overlay-gradient":""},"tablet":{"background-color":"var(--ast-global-color-5)","background-image":"","background-repeat":"repeat","background-position":"center center","background-size":"auto","background-attachment":"scroll","background-type":"","background-media":"","overlay-type":"","overlay-color":"","overlay-opacity":"","overlay-gradient":""},"mobile":{"background-color":"var(--ast-global-color-5)","background-image":"","background-repeat":"repeat","background-position":"center center","background-size":"auto","background-attachment":"scroll","background-type":"","background-media":"","overlay-type":"","overlay-color":"","overlay-opacity":"","overlay-gradient":""}}},"product_brand":[],"product_cat":[178],"product_tag":[],"class_list":{"0":"post-23523","1":"product","2":"type-product","3":"status-publish","4":"has-post-thumbnail","6":"product_cat-fertilizers","7":"desktop-align-left","8":"tablet-align-left","9":"mobile-align-left","11":"first","12":"instock","13":"taxable","14":"shipping-taxable","15":"purchasable","16":"product-type-simple"},"spectra_custom_meta":{"_visibility":["visible"],"_shopify_product_id":["9066913202421"],"_s2w_shopify_domain":["ferberpainting.myshopify.com"],"_shopify_variant_id":["46505277227253"],"_sku":["FPGUANOFERTILIZER25KG"],"_regular_price":["39.90"],"_price":["39.90"],"_sale_price":[""],"_weight":["18.5"],"_thumbnail_id":["26022"],"_global_unique_id":["5056773817333"],"total_sales":["40"],"_tax_status":["taxable"],"_tax_class":[""],"_manage_stock":["no"],"_backorders":["no"],"_sold_individually":["no"],"_virtual":["no"],"_downloadable":["no"],"_download_limit":["-1"],"_download_expiry":["-1"],"_stock":[null],"_stock_status":["instock"],"_wc_average_rating":["5.00"],"_wc_review_count":["1"],"_product_version":["10.5.1"],"_wc_rating_count":["a:1:{i:5;i:1;}"],"_edit_lock":["1771179167:1"],"merchant-center-availability":["yes"],"merchant-center-category":["113"],"_edit_last":["1"],"_wp_page_template":["default"],"site-sidebar-layout":["default"],"ast-site-content-layout":["default"],"site-content-style":["default"],"site-sidebar-style":["default"],"theme-transparent-header-meta":["default"],"astra-migrate-meta-layouts":["set"],"_uag_css_file_name":["uag-css-23523.css"],"_elementor_page_assets":["a:0:{}"],"_uag_page_assets":["a:9:{s:3:\"css\";s:6873:\".wp-block-uagb-image{display:flex}.wp-block-uagb-image__figure{position:relative;display:flex;flex-direction:column;max-width:100%;height:auto;margin:0}.wp-block-uagb-image__figure img{height:auto;display:flex;max-width:100%;transition:box-shadow .2s ease}.wp-block-uagb-image__figure>a{display:inline-block}.wp-block-uagb-image__figure figcaption{text-align:center;margin-top:.5em;margin-bottom:1em}.wp-block-uagb-image .components-placeholder.block-editor-media-placeholder .components-placeholder__instructions{align-self:center}.wp-block-uagb-image--align-left{text-align:left}.wp-block-uagb-image--align-right{text-align:right}.wp-block-uagb-image--align-center{text-align:center}.wp-block-uagb-image--align-full .wp-block-uagb-image__figure{margin-left:calc(50% - 50vw);margin-right:calc(50% - 50vw);max-width:100vw;width:100vw;height:auto}.wp-block-uagb-image--align-full .wp-block-uagb-image__figure img{height:auto;width:100% !important}.wp-block-uagb-image--align-wide .wp-block-uagb-image__figure img{height:auto;width:100%}.wp-block-uagb-image--layout-overlay__color-wrapper{position:absolute;left:0;top:0;right:0;bottom:0;opacity:.2;background:rgba(0,0,0,.5);transition:opacity .35s ease-in-out}.wp-block-uagb-image--layout-overlay-link{position:absolute;left:0;right:0;bottom:0;top:0}.wp-block-uagb-image--layout-overlay .wp-block-uagb-image__figure:hover .wp-block-uagb-image--layout-overlay__color-wrapper{opacity:1}.wp-block-uagb-image--layout-overlay__inner{position:absolute;left:15px;right:15px;bottom:15px;top:15px;display:flex;align-items:center;justify-content:center;flex-direction:column;border-color:#fff;transition:.35s ease-in-out}.wp-block-uagb-image--layout-overlay__inner.top-left,.wp-block-uagb-image--layout-overlay__inner.top-center,.wp-block-uagb-image--layout-overlay__inner.top-right{justify-content:flex-start}.wp-block-uagb-image--layout-overlay__inner.bottom-left,.wp-block-uagb-image--layout-overlay__inner.bottom-center,.wp-block-uagb-image--layout-overlay__inner.bottom-right{justify-content:flex-end}.wp-block-uagb-image--layout-overlay__inner.top-left,.wp-block-uagb-image--layout-overlay__inner.center-left,.wp-block-uagb-image--layout-overlay__inner.bottom-left{align-items:flex-start}.wp-block-uagb-image--layout-overlay__inner.top-right,.wp-block-uagb-image--layout-overlay__inner.center-right,.wp-block-uagb-image--layout-overlay__inner.bottom-right{align-items:flex-end}.wp-block-uagb-image--layout-overlay__inner .uagb-image-heading{color:#fff;transition:transform .35s,opacity .35s ease-in-out;transform:translate3d(0, 24px, 0);margin:0;line-height:1em}.wp-block-uagb-image--layout-overlay__inner .uagb-image-separator{width:30%;border-top-width:2px;border-top-color:#fff;border-top-style:solid;margin-bottom:10px;opacity:0;transition:transform .4s,opacity .4s ease-in-out;transform:translate3d(0, 30px, 0)}.wp-block-uagb-image--layout-overlay__inner .uagb-image-caption{opacity:0;overflow:visible;color:#fff;transition:transform .45s,opacity .45s ease-in-out;transform:translate3d(0, 35px, 0)}.wp-block-uagb-image--layout-overlay__inner:hover .uagb-image-heading,.wp-block-uagb-image--layout-overlay__inner:hover .uagb-image-separator,.wp-block-uagb-image--layout-overlay__inner:hover .uagb-image-caption{opacity:1;transform:translate3d(0, 0, 0)}.wp-block-uagb-image--effect-zoomin .wp-block-uagb-image__figure img,.wp-block-uagb-image--effect-zoomin .wp-block-uagb-image__figure .wp-block-uagb-image--layout-overlay__color-wrapper{transform:scale(1);transition:transform .35s ease-in-out}.wp-block-uagb-image--effect-zoomin .wp-block-uagb-image__figure:hover img,.wp-block-uagb-image--effect-zoomin .wp-block-uagb-image__figure:hover .wp-block-uagb-image--layout-overlay__color-wrapper{transform:scale(1.05)}.wp-block-uagb-image--effect-slide .wp-block-uagb-image__figure img,.wp-block-uagb-image--effect-slide .wp-block-uagb-image__figure .wp-block-uagb-image--layout-overlay__color-wrapper{width:calc(100% + 40px) !important;max-width:none !important;transform:translate3d(-40px, 0, 0);transition:transform .35s ease-in-out}.wp-block-uagb-image--effect-slide .wp-block-uagb-image__figure:hover img,.wp-block-uagb-image--effect-slide .wp-block-uagb-image__figure:hover .wp-block-uagb-image--layout-overlay__color-wrapper{transform:translate3d(0, 0, 0)}.wp-block-uagb-image--effect-grayscale img{filter:grayscale(0%);transition:.35s ease-in-out}.wp-block-uagb-image--effect-grayscale:hover img{filter:grayscale(100%)}.wp-block-uagb-image--effect-blur img{filter:blur(0);transition:.35s ease-in-out}.wp-block-uagb-image--effect-blur:hover img{filter:blur(3px)}.uagb-block-e6f939b3.wp-block-uagb-image--layout-default figure img{box-shadow: 0px 0px 0 #00000070;}.uagb-block-e6f939b3.wp-block-uagb-image .wp-block-uagb-image__figure figcaption{font-style: normal;align-self: center;}.uagb-block-e6f939b3.wp-block-uagb-image--layout-overlay figure img{box-shadow: 0px 0px 0 #00000070;}.uagb-block-e6f939b3.wp-block-uagb-image--layout-overlay .wp-block-uagb-image--layout-overlay__color-wrapper{opacity: 0.2;}.uagb-block-e6f939b3.wp-block-uagb-image--layout-overlay .wp-block-uagb-image--layout-overlay__inner{left: 15px;right: 15px;top: 15px;bottom: 15px;}.uagb-block-e6f939b3.wp-block-uagb-image--layout-overlay .wp-block-uagb-image--layout-overlay__inner .uagb-image-heading{font-style: normal;color: #fff;opacity: 1;}.uagb-block-e6f939b3.wp-block-uagb-image--layout-overlay .wp-block-uagb-image--layout-overlay__inner .uagb-image-heading a{color: #fff;}.uagb-block-e6f939b3.wp-block-uagb-image--layout-overlay .wp-block-uagb-image--layout-overlay__inner .uagb-image-caption{opacity: 0;}.uagb-block-e6f939b3.wp-block-uagb-image--layout-overlay .wp-block-uagb-image__figure:hover .wp-block-uagb-image--layout-overlay__color-wrapper{opacity: 1;}.uagb-block-e6f939b3.wp-block-uagb-image .wp-block-uagb-image--layout-overlay__inner .uagb-image-separator{width: 30%;border-top-width: 2px;border-top-color: #fff;opacity: 0;}.uagb-block-e6f939b3.wp-block-uagb-image .wp-block-uagb-image__figure img{width: px;height: auto;}.uagb-block-e6f939b3.wp-block-uagb-image .wp-block-uagb-image__figure:hover .wp-block-uagb-image--layout-overlay__inner .uagb-image-caption{opacity: 1;}.uagb-block-e6f939b3.wp-block-uagb-image .wp-block-uagb-image__figure:hover .wp-block-uagb-image--layout-overlay__inner .uagb-image-separator{opacity: 1;}.uagb-block-e6f939b3.wp-block-uagb-image--layout-default figure:hover img{box-shadow: 0px 0px 0 #00000070;}.uagb-block-e6f939b3.wp-block-uagb-image--layout-overlay figure:hover img{box-shadow: 0px 0px 0 #00000070;}@media only screen and (max-width: 976px) {.uagb-block-e6f939b3.wp-block-uagb-image .wp-block-uagb-image__figure img{width: px;height: auto;}}@media only screen and (max-width: 767px) {.uagb-block-e6f939b3.wp-block-uagb-image .wp-block-uagb-image__figure img{width: px;height: auto;}}\";s:2:\"js\";s:0:\"\";s:18:\"current_block_list\";a:13:{i:0;s:11:\"core\/search\";i:1;s:10:\"core\/group\";i:2;s:12:\"core\/heading\";i:3;s:17:\"core\/latest-posts\";i:4;s:20:\"core\/latest-comments\";i:5;s:13:\"core\/archives\";i:6;s:15:\"core\/categories\";i:7;s:14:\"core\/paragraph\";i:8;s:10:\"uagb\/image\";i:9;s:11:\"core\/spacer\";i:10;s:30:\"woocommerce\/product-categories\";i:11;s:10:\"core\/image\";i:12;s:14:\"core\/shortcode\";}s:8:\"uag_flag\";b:1;s:11:\"uag_version\";s:10:\"1777307099\";s:6:\"gfonts\";a:0:{}s:10:\"gfonts_url\";s:0:\"\";s:12:\"gfonts_files\";a:0:{}s:14:\"uag_faq_layout\";b:0;}"]},"uagb_featured_image_src":{"full":["https:\/\/www.ferberpainting.com\/wp-content\/uploads\/2025\/05\/GuanoFertilizer.png",2560,2560,false],"thumbnail":["https:\/\/www.ferberpainting.com\/wp-content\/uploads\/2025\/05\/GuanoFertilizer-150x150.png",150,150,true],"medium":["https:\/\/www.ferberpainting.com\/wp-content\/uploads\/2025\/05\/GuanoFertilizer-300x300.png",300,300,true],"medium_large":["https:\/\/www.ferberpainting.com\/wp-content\/uploads\/2025\/05\/GuanoFertilizer-768x768.png",768,768,true],"large":["https:\/\/www.ferberpainting.com\/wp-content\/uploads\/2025\/05\/GuanoFertilizer-1024x1024.png",1024,1024,true],"1536x1536":["https:\/\/www.ferberpainting.com\/wp-content\/uploads\/2025\/05\/GuanoFertilizer-1536x1536.png",1536,1536,true],"2048x2048":["https:\/\/www.ferberpainting.com\/wp-content\/uploads\/2025\/05\/GuanoFertilizer-2048x2048.png",2048,2048,true],"trp-custom-language-flag":["https:\/\/www.ferberpainting.com\/wp-content\/uploads\/2025\/05\/GuanoFertilizer-12x12.png",12,12,true],"woocommerce_thumbnail":["https:\/\/www.ferberpainting.com\/wp-content\/uploads\/2025\/05\/GuanoFertilizer-300x300.png",300,300,true],"woocommerce_single":["https:\/\/www.ferberpainting.com\/wp-content\/uploads\/2025\/05\/GuanoFertilizer-600x600.png",600,600,true],"woocommerce_gallery_thumbnail":["https:\/\/www.ferberpainting.com\/wp-content\/uploads\/2025\/05\/GuanoFertilizer-100x100.png",100,100,true]},"uagb_author_info":{"display_name":"admin","author_link":"https:\/\/www.ferberpainting.com\/dk\/author\/"},"uagb_comment_info":1,"uagb_excerpt":"A natural and powerful fertilizer for rich and balanced fertilization. Guano fertilizer is a 100% natural fertilizer made from seabird droppings, recognized for centuries for its richness in nutrients and its ability to stimulate plant growth. Thanks to its NPK 14-8-2 composition, it provides a high level of nitrogen (N) to promote dense and green&hellip;","_links":{"self":[{"href":"https:\/\/www.ferberpainting.com\/dk\/wp-json\/wp\/v2\/product\/23523","targetHints":{"allow":["GET"]}}],"collection":[{"href":"https:\/\/www.ferberpainting.com\/dk\/wp-json\/wp\/v2\/product"}],"about":[{"href":"https:\/\/www.ferberpainting.com\/dk\/wp-json\/wp\/v2\/types\/product"}],"replies":[{"embeddable":true,"href":"https:\/\/www.ferberpainting.com\/dk\/wp-json\/wp\/v2\/comments?post=23523"}],"version-history":[{"count":6,"href":"https:\/\/www.ferberpainting.com\/dk\/wp-json\/wp\/v2\/product\/23523\/revisions"}],"predecessor-version":[{"id":166351,"href":"https:\/\/www.ferberpainting.com\/dk\/wp-json\/wp\/v2\/product\/23523\/revisions\/166351"}],"wp:featuredmedia":[{"embeddable":true,"href":"https:\/\/www.ferberpainting.com\/dk\/wp-json\/wp\/v2\/media\/26022"}],"wp:attachment":[{"href":"https:\/\/www.ferberpainting.com\/dk\/wp-json\/wp\/v2\/media?parent=23523"}],"wp:term":[{"taxonomy":"product_brand","embeddable":true,"href":"https:\/\/www.ferberpainting.com\/dk\/wp-json\/wp\/v2\/product_brand?post=23523"},{"taxonomy":"product_cat","embeddable":true,"href":"https:\/\/www.ferberpainting.com\/dk\/wp-json\/wp\/v2\/product_cat?post=23523"},{"taxonomy":"product_tag","embeddable":true,"href":"https:\/\/www.ferberpainting.com\/dk\/wp-json\/wp\/v2\/product_tag?post=23523"}],"curies":[{"name":"wp","href":"https:\/\/api.w.org\/{rel}","templated":true}]}}