{"id":23514,"date":"2025-07-01T12:21:32","date_gmt":"2025-07-01T10:21:32","guid":{"rendered":"https:\/\/www.ferberpainting.com\/?post_type=product&#038;p=23508"},"modified":"2026-02-15T19:10:22","modified_gmt":"2026-02-15T18:10:22","slug":"grout-cleaner","status":"publish","type":"product","link":"https:\/\/www.ferberpainting.com\/dk\/products\/grout-cleaner\/","title":{"rendered":"Fugerens"},"content":{"rendered":"<p><strong><img decoding=\"async\" style=\"margin-right: 12px;\" src=\"https:\/\/www.ferberpainting.com\/wp-content\/uploads\/2026\/02\/Check.svg\" alt=\"\" width=\"18\" height=\"15\" \/>Optimal effektivitet.<\/strong>\u00a0Denne fugerens er specielt formuleret til effektivt at fjerne indlejret snavs, skimmelpletter, kalk, s\u00e6berester og andet snavs, der sk\u00e6mmer fugernes udseende. Takket v\u00e6re den kraftfulde formel tr\u00e6nger den dybt ind for at opl\u00f8se urenheder og genskabe den oprindelige farve p\u00e5 fuger - uanset om de er hvide, gr\u00e5 eller farvede. Det genopliver det friske udseende af flisefuger p\u00e5 gulve eller v\u00e6gge og sikrer up\u00e5klagelig hygiejne og en fejlfri finish.<\/p>\n<p><strong><img decoding=\"async\" style=\"margin-right: 12px;\" src=\"https:\/\/www.ferberpainting.com\/wp-content\/uploads\/2026\/02\/Check.svg\" alt=\"\" width=\"18\" height=\"15\" \/>Penge-tilbage-garanti.<\/strong>\u00a0Vi har fuld tillid til effektiviteten af vores reng\u00f8ringsmiddel. Hvis du ikke er helt tilfreds efter brug, er du berettiget til fuld refusion. Pr\u00f8v vores produkt med tillid, og genskab glans og renhed i dine led uden risiko.<\/p>\n<p><strong><img decoding=\"async\" style=\"margin-right: 12px;\" src=\"https:\/\/www.ferberpainting.com\/wp-content\/uploads\/2026\/02\/Check.svg\" alt=\"\" width=\"18\" height=\"15\" \/>Enest\u00e5ende alsidighed.<\/strong>\u00a0Dette reng\u00f8ringsmiddel er ikke kun til flisefuger! Den er ogs\u00e5 ideel til silikonefuger, badev\u00e6relses- og k\u00f8kkenfuger og endda udend\u00f8rs fuger p\u00e5 terrasser og ved poolen. Den er velegnet til epoxyfuger, m\u00f8rtel eller cement og sikrer effektiv reng\u00f8ring p\u00e5 en lang r\u00e6kke overflader. Den fungerer lige godt p\u00e5 indend\u00f8rs og udend\u00f8rs fuger, der er udsat for elementerne, og giver holdbar renhed og beskyttelse.<\/p>\n<p><strong><img decoding=\"async\" style=\"margin-right: 12px;\" src=\"https:\/\/www.ferberpainting.com\/wp-content\/uploads\/2026\/02\/Check.svg\" alt=\"\" width=\"18\" height=\"15\" \/>Omkostningseffektivt.<\/strong>\u00a0Med sit 5-liters format og ultraeffektive formel giver dette reng\u00f8ringsmiddel fremragende v\u00e6rdi. En lille m\u00e6ngde er nok til at d\u00e6kke et stort omr\u00e5de uden spild. I gennemsnit behandler en liter op til 100 m\u00b2 fuger, hvilket g\u00f8r det til en \u00f8konomisk l\u00f8sning til b\u00e5de professionel og privat brug.<\/p>\n<p><strong><img decoding=\"async\" style=\"margin-right: 12px;\" src=\"https:\/\/www.ferberpainting.com\/wp-content\/uploads\/2026\/02\/Check.svg\" alt=\"\" width=\"18\" height=\"15\" \/>Sikker at bruge.<\/strong>\u00a0I mods\u00e6tning til saltsyrebaserede eller slibende reng\u00f8ringsmidler, der kan beskadige fuger og fliser, indeholder dette produkt ingen skrappe opl\u00f8sningsmidler eller giftige stoffer. Det afgiver ingen skadelige dampe, for\u00e5rsager ingen hudirritation og respekterer sarte materialer. Det er sikkert at bruge i opholdsrum, badev\u00e6relser og k\u00f8kkener og garanterer optimal hygiejne uden sundhedsrisici.<\/p>\n<p><strong><img decoding=\"async\" style=\"margin-right: 12px;\" src=\"https:\/\/www.ferberpainting.com\/wp-content\/uploads\/2026\/02\/Check.svg\" alt=\"\" width=\"18\" height=\"15\" \/>Brugervenlighed.<\/strong>\u00a0Dette produkt er klar til brug og kr\u00e6ver ingen fortynding eller kompliceret h\u00e5ndtering. P\u00e5f\u00f8res direkte p\u00e5 fuger med pensel, svamp eller spray. Den hurtige virkning og intuitive anvendelse g\u00f8r vedligeholdelse af fuger enklere og hurtigere end nogensinde.<\/p>\n<p><strong><img decoding=\"async\" style=\"margin-right: 12px;\" src=\"https:\/\/www.ferberpainting.com\/wp-content\/uploads\/2026\/02\/Check.svg\" alt=\"\" width=\"18\" height=\"15\" \/>Langvarig beskyttelse.<\/strong>\u00a0Ved at fjerne skimmel og kalkaflejringer forl\u00e6nger dette reng\u00f8ringsmiddel levetiden for dine fuger og bevarer deres forseglingsevne. Det forhindrer svampe- og bakteriev\u00e6kst, minimerer ophobning og holder fuger rene og st\u00e6rke. Regelm\u00e6ssig brug f\u00e5r fuger til at se ud som nye og forebygger for tidlig slitage.<\/p>\n<p><strong><img decoding=\"async\" style=\"margin-right: 12px;\" src=\"https:\/\/www.ferberpainting.com\/wp-content\/uploads\/2026\/02\/Check.svg\" alt=\"\" width=\"18\" height=\"15\" \/>Hurtig handling.<\/strong>\u00a0Takket v\u00e6re den meget reaktive formel virker dette reng\u00f8ringsmiddel straks p\u00e5 pletter og indgroet snavs. P\u00e5 f\u00e5 minutter opl\u00f8ser den rester og hj\u00e6lper med at fjerne dem uden kraftig skrubning. Den er perfekt til hurtig og effektiv vedligeholdelse af fuger p\u00e5 badev\u00e6relset, gulvet eller terrassen.<\/p>\n<h2><strong>Protokol for brug<\/strong><\/h2>\n<ul>\n<li><strong>Forberedelse <\/strong>: S\u00f8rg for, at overfladen er t\u00f8r eller let fugtig, f\u00f8r du p\u00e5f\u00f8rer produktet. St\u00f8v omr\u00e5det af for at optimere reng\u00f8ringen.<\/li>\n<li><strong>Manuel anvendelse <\/strong>: H\u00e6ld en lille m\u00e6ngde reng\u00f8ringsmiddel p\u00e5 en bl\u00f8d b\u00f8rste eller svamp, og p\u00e5f\u00f8r det direkte p\u00e5 fugen, skrub i cirkul\u00e6re bev\u00e6gelser for at m\u00e6tte omr\u00e5det helt.<\/li>\n<li><strong>Anvendelse p\u00e5 store overflader <\/strong>: Brug en sprayflaske til brede fugeomr\u00e5der for at fordele reng\u00f8ringsmidlet j\u00e6vnt. Lad det sidde et par minutter, f\u00f8r du skrubber med en b\u00f8rste.<\/li>\n<li><strong>Kraftig reng\u00f8ring af fuger <\/strong>: Ved genstridige pletter skal du lade produktet sidde p\u00e5 fugerne i 5 til 10 minutter, f\u00f8r du skrubber med en tandb\u00f8rste eller en specialb\u00f8rste til fuger.<\/li>\n<li><strong>Skylning <\/strong>: Skyl grundigt med rent vand med en svamp eller fugtig klud for at fjerne eventuelle produktrester og opn\u00e5 en fejlfri finish.<\/li>\n<li><strong>T\u00f8rring og efterbehandling <\/strong>: Lad overfladen luftt\u00f8rre eller t\u00f8r den af med en ren, t\u00f8r mikrofiberklud for at afsl\u00f8re fugernes naturlige farve og glans.<\/li>\n<li><strong>Brugsfrekvens <\/strong>: P\u00e5f\u00f8r en gang om m\u00e5neden for regelm\u00e6ssig vedligeholdelse eller s\u00e5 snart der opst\u00e5r snavs eller pletter for at forhindre ophobning. For fugtige omr\u00e5der som brusere eller k\u00f8kkener anbefales reng\u00f8ring hver anden uge.<\/li>\n<li><strong>Opbevaring <\/strong>: Luk beholderen t\u00e6t efter hver brug. Opbevares p\u00e5 et k\u00f8ligt, t\u00f8rt sted v\u00e6k fra lys og ekstreme temperaturer for at bevare produktets effektivitet p\u00e5 lang sigt.<\/li>\n<\/ul>\n<p>Med vores fugerens kan du give dine overflader nyt liv ved at fjerne snavs og skimmel hurtigt og effektivt. En kraftfuld, sikker og enkel l\u00f8sning til pletfri fuger uden besv\u00e6r.<\/p>","protected":false},"excerpt":{"rendered":"<p>Optimal Efficiency.\u00a0This grout cleaner is specially formulated to effectively remove embedded dirt, mold stains, limescale, soap residue, and other grime that tarnishes the appearance of joints. Thanks to its powerful formula, it penetrates deep to dissolve impurities and restore the original color of grout\u2014whether white, grey, or colored. It revives the fresh look of tiled [&hellip;]<\/p>\n","protected":false},"featured_media":36317,"comment_status":"open","ping_status":"closed","template":"","meta":{"_uag_custom_page_level_css":"","site-sidebar-layout":"default","site-content-layout":"","ast-site-content-layout":"default","site-content-style":"default","site-sidebar-style":"default","ast-global-header-display":"","ast-banner-title-visibility":"","ast-main-header-display":"","ast-hfb-above-header-display":"","ast-hfb-below-header-display":"","ast-hfb-mobile-header-display":"","site-post-title":"","ast-breadcrumbs-content":"","ast-featured-img":"","footer-sml-layout":"","ast-disable-related-posts":"","theme-transparent-header-meta":"default","adv-header-id-meta":"","stick-header-meta":"","header-above-stick-meta":"","header-main-stick-meta":"","header-below-stick-meta":"","astra-migrate-meta-layouts":"set","ast-page-background-enabled":"default","ast-page-background-meta":{"desktop":{"background-color":"var(--ast-global-color-4)","background-image":"","background-repeat":"repeat","background-position":"center center","background-size":"auto","background-attachment":"scroll","background-type":"","background-media":"","overlay-type":"","overlay-color":"","overlay-opacity":"","overlay-gradient":""},"tablet":{"background-color":"","background-image":"","background-repeat":"repeat","background-position":"center center","background-size":"auto","background-attachment":"scroll","background-type":"","background-media":"","overlay-type":"","overlay-color":"","overlay-opacity":"","overlay-gradient":""},"mobile":{"background-color":"","background-image":"","background-repeat":"repeat","background-position":"center center","background-size":"auto","background-attachment":"scroll","background-type":"","background-media":"","overlay-type":"","overlay-color":"","overlay-opacity":"","overlay-gradient":""}},"ast-content-background-meta":{"desktop":{"background-color":"var(--ast-global-color-5)","background-image":"","background-repeat":"repeat","background-position":"center center","background-size":"auto","background-attachment":"scroll","background-type":"","background-media":"","overlay-type":"","overlay-color":"","overlay-opacity":"","overlay-gradient":""},"tablet":{"background-color":"var(--ast-global-color-5)","background-image":"","background-repeat":"repeat","background-position":"center center","background-size":"auto","background-attachment":"scroll","background-type":"","background-media":"","overlay-type":"","overlay-color":"","overlay-opacity":"","overlay-gradient":""},"mobile":{"background-color":"var(--ast-global-color-5)","background-image":"","background-repeat":"repeat","background-position":"center center","background-size":"auto","background-attachment":"scroll","background-type":"","background-media":"","overlay-type":"","overlay-color":"","overlay-opacity":"","overlay-gradient":""}}},"product_brand":[],"product_cat":[175],"product_tag":[],"class_list":{"0":"post-23514","1":"product","2":"type-product","3":"status-publish","4":"has-post-thumbnail","6":"product_cat-cleaning-products","7":"desktop-align-left","8":"tablet-align-left","9":"mobile-align-left","11":"first","12":"instock","13":"sale","14":"taxable","15":"shipping-taxable","16":"purchasable","17":"product-type-variable","18":"has-default-attributes"},"spectra_custom_meta":{"_visibility":["visible"],"_shopify_product_id":["9102686191861"],"_s2w_shopify_domain":["ferberpainting.myshopify.com"],"_shopify_variant_id":["46616746655989"],"_sku":[""],"_manage_stock":["no"],"total_sales":["31"],"_tax_status":["taxable"],"_tax_class":[""],"_backorders":["no"],"_sold_individually":["no"],"_virtual":["no"],"_downloadable":["no"],"_download_limit":["-1"],"_download_expiry":["-1"],"_stock":[null],"_stock_status":["instock"],"_wc_average_rating":["5.00"],"_wc_review_count":["11"],"_product_attributes":["a:1:{s:6:\"volume\";a:6:{s:4:\"name\";s:6:\"Volume\";s:5:\"value\";s:20:\"5 liters | 25 liters\";s:8:\"position\";i:1;s:10:\"is_visible\";i:0;s:12:\"is_variation\";i:1;s:11:\"is_taxonomy\";i:0;}}"],"_product_version":["10.5.1"],"wpse_downloadable_file_names":[""],"wpse_downloadable_file_urls":[""],"_edit_last":["1"],"_default_attributes":["a:1:{s:6:\"volume\";s:8:\"5 liters\";}"],"_edit_lock":["1771178952:1"],"_price":["29.90","129.90"],"merchant-center-availability":["yes"],"merchant-center-category":["7504"],"_thumbnail_id":["36317"],"_wp_page_template":["default"],"_wp_old_date":["2025-05-26"],"_product_image_gallery":["36318"],"site-sidebar-layout":["default"],"ast-site-content-layout":["default"],"site-content-style":["default"],"site-sidebar-style":["default"],"theme-transparent-header-meta":["default"],"_wc_rating_count":["a:1:{i:5;i:11;}"],"astra-migrate-meta-layouts":["set"],"_uag_css_file_name":["uag-css-23514.css"],"_elementor_page_assets":["a:0:{}"],"_uag_page_assets":["a:9:{s:3:\"css\";s:6873:\".wp-block-uagb-image{display:flex}.wp-block-uagb-image__figure{position:relative;display:flex;flex-direction:column;max-width:100%;height:auto;margin:0}.wp-block-uagb-image__figure img{height:auto;display:flex;max-width:100%;transition:box-shadow .2s ease}.wp-block-uagb-image__figure>a{display:inline-block}.wp-block-uagb-image__figure figcaption{text-align:center;margin-top:.5em;margin-bottom:1em}.wp-block-uagb-image .components-placeholder.block-editor-media-placeholder .components-placeholder__instructions{align-self:center}.wp-block-uagb-image--align-left{text-align:left}.wp-block-uagb-image--align-right{text-align:right}.wp-block-uagb-image--align-center{text-align:center}.wp-block-uagb-image--align-full .wp-block-uagb-image__figure{margin-left:calc(50% - 50vw);margin-right:calc(50% - 50vw);max-width:100vw;width:100vw;height:auto}.wp-block-uagb-image--align-full .wp-block-uagb-image__figure img{height:auto;width:100% !important}.wp-block-uagb-image--align-wide .wp-block-uagb-image__figure img{height:auto;width:100%}.wp-block-uagb-image--layout-overlay__color-wrapper{position:absolute;left:0;top:0;right:0;bottom:0;opacity:.2;background:rgba(0,0,0,.5);transition:opacity .35s ease-in-out}.wp-block-uagb-image--layout-overlay-link{position:absolute;left:0;right:0;bottom:0;top:0}.wp-block-uagb-image--layout-overlay .wp-block-uagb-image__figure:hover .wp-block-uagb-image--layout-overlay__color-wrapper{opacity:1}.wp-block-uagb-image--layout-overlay__inner{position:absolute;left:15px;right:15px;bottom:15px;top:15px;display:flex;align-items:center;justify-content:center;flex-direction:column;border-color:#fff;transition:.35s ease-in-out}.wp-block-uagb-image--layout-overlay__inner.top-left,.wp-block-uagb-image--layout-overlay__inner.top-center,.wp-block-uagb-image--layout-overlay__inner.top-right{justify-content:flex-start}.wp-block-uagb-image--layout-overlay__inner.bottom-left,.wp-block-uagb-image--layout-overlay__inner.bottom-center,.wp-block-uagb-image--layout-overlay__inner.bottom-right{justify-content:flex-end}.wp-block-uagb-image--layout-overlay__inner.top-left,.wp-block-uagb-image--layout-overlay__inner.center-left,.wp-block-uagb-image--layout-overlay__inner.bottom-left{align-items:flex-start}.wp-block-uagb-image--layout-overlay__inner.top-right,.wp-block-uagb-image--layout-overlay__inner.center-right,.wp-block-uagb-image--layout-overlay__inner.bottom-right{align-items:flex-end}.wp-block-uagb-image--layout-overlay__inner .uagb-image-heading{color:#fff;transition:transform .35s,opacity .35s ease-in-out;transform:translate3d(0, 24px, 0);margin:0;line-height:1em}.wp-block-uagb-image--layout-overlay__inner .uagb-image-separator{width:30%;border-top-width:2px;border-top-color:#fff;border-top-style:solid;margin-bottom:10px;opacity:0;transition:transform .4s,opacity .4s ease-in-out;transform:translate3d(0, 30px, 0)}.wp-block-uagb-image--layout-overlay__inner .uagb-image-caption{opacity:0;overflow:visible;color:#fff;transition:transform .45s,opacity .45s ease-in-out;transform:translate3d(0, 35px, 0)}.wp-block-uagb-image--layout-overlay__inner:hover .uagb-image-heading,.wp-block-uagb-image--layout-overlay__inner:hover .uagb-image-separator,.wp-block-uagb-image--layout-overlay__inner:hover .uagb-image-caption{opacity:1;transform:translate3d(0, 0, 0)}.wp-block-uagb-image--effect-zoomin .wp-block-uagb-image__figure img,.wp-block-uagb-image--effect-zoomin .wp-block-uagb-image__figure .wp-block-uagb-image--layout-overlay__color-wrapper{transform:scale(1);transition:transform .35s ease-in-out}.wp-block-uagb-image--effect-zoomin .wp-block-uagb-image__figure:hover img,.wp-block-uagb-image--effect-zoomin .wp-block-uagb-image__figure:hover .wp-block-uagb-image--layout-overlay__color-wrapper{transform:scale(1.05)}.wp-block-uagb-image--effect-slide .wp-block-uagb-image__figure img,.wp-block-uagb-image--effect-slide .wp-block-uagb-image__figure .wp-block-uagb-image--layout-overlay__color-wrapper{width:calc(100% + 40px) !important;max-width:none !important;transform:translate3d(-40px, 0, 0);transition:transform .35s ease-in-out}.wp-block-uagb-image--effect-slide .wp-block-uagb-image__figure:hover img,.wp-block-uagb-image--effect-slide .wp-block-uagb-image__figure:hover .wp-block-uagb-image--layout-overlay__color-wrapper{transform:translate3d(0, 0, 0)}.wp-block-uagb-image--effect-grayscale img{filter:grayscale(0%);transition:.35s ease-in-out}.wp-block-uagb-image--effect-grayscale:hover img{filter:grayscale(100%)}.wp-block-uagb-image--effect-blur img{filter:blur(0);transition:.35s ease-in-out}.wp-block-uagb-image--effect-blur:hover img{filter:blur(3px)}.uagb-block-e6f939b3.wp-block-uagb-image--layout-default figure img{box-shadow: 0px 0px 0 #00000070;}.uagb-block-e6f939b3.wp-block-uagb-image .wp-block-uagb-image__figure figcaption{font-style: normal;align-self: center;}.uagb-block-e6f939b3.wp-block-uagb-image--layout-overlay figure img{box-shadow: 0px 0px 0 #00000070;}.uagb-block-e6f939b3.wp-block-uagb-image--layout-overlay .wp-block-uagb-image--layout-overlay__color-wrapper{opacity: 0.2;}.uagb-block-e6f939b3.wp-block-uagb-image--layout-overlay .wp-block-uagb-image--layout-overlay__inner{left: 15px;right: 15px;top: 15px;bottom: 15px;}.uagb-block-e6f939b3.wp-block-uagb-image--layout-overlay .wp-block-uagb-image--layout-overlay__inner .uagb-image-heading{font-style: normal;color: #fff;opacity: 1;}.uagb-block-e6f939b3.wp-block-uagb-image--layout-overlay .wp-block-uagb-image--layout-overlay__inner .uagb-image-heading a{color: #fff;}.uagb-block-e6f939b3.wp-block-uagb-image--layout-overlay .wp-block-uagb-image--layout-overlay__inner .uagb-image-caption{opacity: 0;}.uagb-block-e6f939b3.wp-block-uagb-image--layout-overlay .wp-block-uagb-image__figure:hover .wp-block-uagb-image--layout-overlay__color-wrapper{opacity: 1;}.uagb-block-e6f939b3.wp-block-uagb-image .wp-block-uagb-image--layout-overlay__inner .uagb-image-separator{width: 30%;border-top-width: 2px;border-top-color: #fff;opacity: 0;}.uagb-block-e6f939b3.wp-block-uagb-image .wp-block-uagb-image__figure img{width: px;height: auto;}.uagb-block-e6f939b3.wp-block-uagb-image .wp-block-uagb-image__figure:hover .wp-block-uagb-image--layout-overlay__inner .uagb-image-caption{opacity: 1;}.uagb-block-e6f939b3.wp-block-uagb-image .wp-block-uagb-image__figure:hover .wp-block-uagb-image--layout-overlay__inner .uagb-image-separator{opacity: 1;}.uagb-block-e6f939b3.wp-block-uagb-image--layout-default figure:hover img{box-shadow: 0px 0px 0 #00000070;}.uagb-block-e6f939b3.wp-block-uagb-image--layout-overlay figure:hover img{box-shadow: 0px 0px 0 #00000070;}@media only screen and (max-width: 976px) {.uagb-block-e6f939b3.wp-block-uagb-image .wp-block-uagb-image__figure img{width: px;height: auto;}}@media only screen and (max-width: 767px) {.uagb-block-e6f939b3.wp-block-uagb-image .wp-block-uagb-image__figure img{width: px;height: auto;}}\";s:2:\"js\";s:0:\"\";s:18:\"current_block_list\";a:13:{i:0;s:11:\"core\/search\";i:1;s:10:\"core\/group\";i:2;s:12:\"core\/heading\";i:3;s:17:\"core\/latest-posts\";i:4;s:20:\"core\/latest-comments\";i:5;s:13:\"core\/archives\";i:6;s:15:\"core\/categories\";i:7;s:14:\"core\/paragraph\";i:8;s:10:\"uagb\/image\";i:9;s:11:\"core\/spacer\";i:10;s:30:\"woocommerce\/product-categories\";i:11;s:10:\"core\/image\";i:12;s:14:\"core\/shortcode\";}s:8:\"uag_flag\";b:1;s:11:\"uag_version\";s:10:\"1777219775\";s:6:\"gfonts\";a:0:{}s:10:\"gfonts_url\";s:0:\"\";s:12:\"gfonts_files\";a:0:{}s:14:\"uag_faq_layout\";b:0;}"]},"uagb_featured_image_src":{"full":["https:\/\/www.ferberpainting.com\/wp-content\/uploads\/2025\/05\/Grout-Cleaner-5L-.png",2560,2560,false],"thumbnail":["https:\/\/www.ferberpainting.com\/wp-content\/uploads\/2025\/05\/Grout-Cleaner-5L--150x150.png",150,150,true],"medium":["https:\/\/www.ferberpainting.com\/wp-content\/uploads\/2025\/05\/Grout-Cleaner-5L--300x300.png",300,300,true],"medium_large":["https:\/\/www.ferberpainting.com\/wp-content\/uploads\/2025\/05\/Grout-Cleaner-5L--768x768.png",768,768,true],"large":["https:\/\/www.ferberpainting.com\/wp-content\/uploads\/2025\/05\/Grout-Cleaner-5L--1024x1024.png",1024,1024,true],"1536x1536":["https:\/\/www.ferberpainting.com\/wp-content\/uploads\/2025\/05\/Grout-Cleaner-5L--1536x1536.png",1536,1536,true],"2048x2048":["https:\/\/www.ferberpainting.com\/wp-content\/uploads\/2025\/05\/Grout-Cleaner-5L--2048x2048.png",2048,2048,true],"trp-custom-language-flag":["https:\/\/www.ferberpainting.com\/wp-content\/uploads\/2025\/05\/Grout-Cleaner-5L--12x12.png",12,12,true],"woocommerce_thumbnail":["https:\/\/www.ferberpainting.com\/wp-content\/uploads\/2025\/05\/Grout-Cleaner-5L--300x300.png",300,300,true],"woocommerce_single":["https:\/\/www.ferberpainting.com\/wp-content\/uploads\/2025\/05\/Grout-Cleaner-5L--600x600.png",600,600,true],"woocommerce_gallery_thumbnail":["https:\/\/www.ferberpainting.com\/wp-content\/uploads\/2025\/05\/Grout-Cleaner-5L--100x100.png",100,100,true]},"uagb_author_info":{"display_name":"admin","author_link":"https:\/\/www.ferberpainting.com\/dk\/author\/"},"uagb_comment_info":11,"uagb_excerpt":"Optimal Efficiency.\u00a0This grout cleaner is specially formulated to effectively remove embedded dirt, mold stains, limescale, soap residue, and other grime that tarnishes the appearance of joints. Thanks to its powerful formula, it penetrates deep to dissolve impurities and restore the original color of grout\u2014whether white, grey, or colored. It revives the fresh look of tiled&hellip;","_links":{"self":[{"href":"https:\/\/www.ferberpainting.com\/dk\/wp-json\/wp\/v2\/product\/23514","targetHints":{"allow":["GET"]}}],"collection":[{"href":"https:\/\/www.ferberpainting.com\/dk\/wp-json\/wp\/v2\/product"}],"about":[{"href":"https:\/\/www.ferberpainting.com\/dk\/wp-json\/wp\/v2\/types\/product"}],"replies":[{"embeddable":true,"href":"https:\/\/www.ferberpainting.com\/dk\/wp-json\/wp\/v2\/comments?post=23514"}],"version-history":[{"count":4,"href":"https:\/\/www.ferberpainting.com\/dk\/wp-json\/wp\/v2\/product\/23514\/revisions"}],"predecessor-version":[{"id":166345,"href":"https:\/\/www.ferberpainting.com\/dk\/wp-json\/wp\/v2\/product\/23514\/revisions\/166345"}],"wp:featuredmedia":[{"embeddable":true,"href":"https:\/\/www.ferberpainting.com\/dk\/wp-json\/wp\/v2\/media\/36317"}],"wp:attachment":[{"href":"https:\/\/www.ferberpainting.com\/dk\/wp-json\/wp\/v2\/media?parent=23514"}],"wp:term":[{"taxonomy":"product_brand","embeddable":true,"href":"https:\/\/www.ferberpainting.com\/dk\/wp-json\/wp\/v2\/product_brand?post=23514"},{"taxonomy":"product_cat","embeddable":true,"href":"https:\/\/www.ferberpainting.com\/dk\/wp-json\/wp\/v2\/product_cat?post=23514"},{"taxonomy":"product_tag","embeddable":true,"href":"https:\/\/www.ferberpainting.com\/dk\/wp-json\/wp\/v2\/product_tag?post=23514"}],"curies":[{"name":"wp","href":"https:\/\/api.w.org\/{rel}","templated":true}]}}